{"id":247,"date":"2017-10-05T14:49:06","date_gmt":"2017-10-05T11:49:06","guid":{"rendered":"https:\/\/nordlinepaadid.ee\/?page_id=247"},"modified":"2023-01-03T14:37:35","modified_gmt":"2023-01-03T12:37:35","slug":"klaasfiiber","status":"publish","type":"page","link":"https:\/\/nordlinepaadid.ee\/et\/klaasfiiber\/","title":{"rendered":"Teenused"},"content":{"rendered":"<h1>Paatide remont, parandamine ja restaureerimine<\/h1>\n<p>Kuna oleme klaasfiibriga t\u00f6\u00f6tanud \u00fcle 20 aasta, siis oleme v\u00e4ga p\u00e4devad erinevate parandust\u00f6\u00f6dega. Tunneme h\u00e4sti reinevaid materjale ja teame, mida kuna ja kus kasutada. Meie parandatud paadid kestavad veel pikalt, on tugevad ja vastupidavad.<\/p>\n<p>Oleme parandanud hulgaliselt paate, teinud tugevdust\u00f6id ja ehitanud \u00fcmber. Lisaks paatide tootmisele on meil ka \u00f5igus l\u00e4bi viia katsetusi<\/p>\n<p>Tihti tuleb parandada mitte ainult paate, vaid erinevaid klaasfiiber detaile. Lisaks klaasfiibrile on v\u00f5imalik parandada mitmeid plastikdetaile. Selleks, et saada t\u00e4psemat hinda, palume v\u00f5tta meiega \u00fchendust. Hind kujuneb plastiku kulust ja kulunud t\u00f6\u00f6ajast.\u00a0Lisaks plastikt\u00f6\u00f6dele teeme viimistlust\u00f6id ja v\u00e4rvimist.<\/p>\n<p><em><img loading=\"lazy\" decoding=\"async\" class=\"size-medium wp-image-2017\" src=\"https:\/\/nordlinepaadid.ee\/wp-content\/uploads\/2017\/10\/klaasplast-t\u00f6\u00f6d-300x225-300x225.jpg\" alt=\"klaasplast t\u00f6\u00f6d\" width=\"300\" height=\"225\" \/><\/em><\/p>\n<h1>Klaasplast t\u00f6\u00f6d<\/h1>\n<p>Klaasplast (klaasfiiber) on v\u00e4ga tugev ja ilmastikukindel materjal. S\u00f5ltuvalt paksusest v\u00f5ib sellega saavutada \u00e4\u00e4rmiselt suure vastupidavuse ja pika kasutusaja. Detaile saab valmistada v\u00e4ga erinevate kujudega ja disainiga. Klaasplasti v\u00e4rvivalikus on k\u00f5ik <a href=\"http:\/\/www.ralcolor.com\/\" target=\"_blank\" rel=\"noopener noreferrer\">RAL<\/a> v\u00e4rvitoonid.<\/p>\n<p>Klaasplastik t\u00f6\u00f6d on meie igap\u00e4evane tegevus. Oleme p\u00e4devad tegema mistahes t\u00f6id ja uuendusi. Meie juurest saab kogu teenuse. Valmistame v\u00e4ga erinevaid tooteid autodele, ehitustele, reklaamifirmadele ning oleme abiks olnud erivaldkonna toodete parandamisel.<\/p>\n<p>Meie k\u00f5ige suurem projekt on olnud <a href=\"http:\/\/www.shee.eu\/news\" target=\"_blank\" rel=\"noopener noreferrer\">MARSIMAJA<\/a> ehitus, kus olime kaasatud klaasplastt\u00f6\u00f6de tegemisel.<\/p>\n<h1><img loading=\"lazy\" decoding=\"async\" class=\"alignnone wp-image-1830\" src=\"https:\/\/nordlinepaadid.ee\/wp-content\/uploads\/2017\/10\/marsimaja-300x300.jpg\" alt=\"\" width=\"167\" height=\"167\" srcset=\"https:\/\/nordlinepaadid.ee\/wp-content\/uploads\/2017\/10\/marsimaja-300x300.jpg 300w, https:\/\/nordlinepaadid.ee\/wp-content\/uploads\/2017\/10\/marsimaja-100x100.jpg 100w, https:\/\/nordlinepaadid.ee\/wp-content\/uploads\/2017\/10\/marsimaja-150x150.jpg 150w, https:\/\/nordlinepaadid.ee\/wp-content\/uploads\/2017\/10\/marsimaja.jpg 405w\" sizes=\"auto, (max-width: 167px) 100vw, 167px\" \/><\/h1>\n<h1>Detailide ja vormide valmistamine<\/h1>\n<p>Klaasfiibrist on v\u00f5imalik valmistada v\u00e4ga erinevaid tooteid. Materjal ise on v\u00e4ga tugev, kerge ja ilmastikukindel. V\u00f5imalik on detaile klaasfiibriga katta v\u00f5i teha juba spetsiaalsed vormid, millega toodete valmistamine hiljem on tunduvalt lihtsam ja odavam. Vormide hinnad kujunevad alati l\u00e4bir\u00e4\u00e4kimiste k\u00e4igus.<\/p>\n<p><iframe loading=\"lazy\" src=\"https:\/\/www.youtube.com\/embed\/pJN-VRU9_4g\" width=\"460\" height=\"215\" frameborder=\"0\" allowfullscreen=\"allowfullscreen\"><\/iframe><\/p>\n<h1><\/h1>\n<p><strong>Tasuta konsultatsiooniks ja hinnapakkumiseks helista meile\u00a0+372 5055152<\/strong><br \/>\n<strong> v\u00f5i kirjuta\u00a0info(\u00e4t)nordlinepaadid.ee<\/strong><br \/>\n\n<div class=\"wpcf7 no-js\" id=\"wpcf7-f3217-o1\" lang=\"et\" dir=\"ltr\" data-wpcf7-id=\"3217\">\n<div class=\"screen-reader-response\"><p role=\"status\" aria-live=\"polite\" aria-atomic=\"true\"><\/p> <ul><\/ul><\/div>\n<form action=\"\/et\/wp-json\/wp\/v2\/pages\/247#wpcf7-f3217-o1\" method=\"post\" class=\"wpcf7-form init\" aria-label=\"Contact form\" novalidate=\"novalidate\" data-status=\"init\">\n<fieldset class=\"hidden-fields-container\"><input type=\"hidden\" name=\"_wpcf7\" value=\"3217\" \/><input type=\"hidden\" name=\"_wpcf7_version\" value=\"6.1.5\" \/><input type=\"hidden\" name=\"_wpcf7_locale\" value=\"et\" \/><input type=\"hidden\" name=\"_wpcf7_unit_tag\" value=\"wpcf7-f3217-o1\" \/><input type=\"hidden\" name=\"_wpcf7_container_post\" value=\"0\" \/><input type=\"hidden\" name=\"_wpcf7_posted_data_hash\" value=\"\" \/>\n<\/fieldset>\n<p><label> Nimi (n\u00f5utav)<br \/>\n<span class=\"wpcf7-form-control-wrap\" data-name=\"your-name\"><input size=\"40\" maxlength=\"400\" class=\"wpcf7-form-control wpcf7-text wpcf7-validates-as-required\" aria-required=\"true\" aria-invalid=\"false\" value=\"\" type=\"text\" name=\"your-name\" \/><\/span> <\/label><br \/>\n<label> Email (n\u00f5utav)<br \/>\n<span class=\"wpcf7-form-control-wrap\" data-name=\"your-email\"><input size=\"40\" maxlength=\"400\" class=\"wpcf7-form-control wpcf7-email wpcf7-validates-as-required wpcf7-text wpcf7-validates-as-email\" aria-required=\"true\" aria-invalid=\"false\" value=\"\" type=\"email\" name=\"your-email\" \/><\/span> <\/label><br \/>\n<label> Telefon<br \/>\n<span class=\"wpcf7-form-control-wrap\" data-name=\"Telefon\"><input size=\"40\" maxlength=\"400\" class=\"wpcf7-form-control wpcf7-tel wpcf7-text wpcf7-validates-as-tel\" aria-invalid=\"false\" value=\"\" type=\"tel\" name=\"Telefon\" \/><\/span><\/label><br \/>\n<label> Teade<br \/>\n<span class=\"wpcf7-form-control-wrap\" data-name=\"your-message\"><textarea cols=\"40\" rows=\"10\" maxlength=\"2000\" class=\"wpcf7-form-control wpcf7-textarea\" aria-invalid=\"false\" name=\"your-message\"><\/textarea><\/span> <\/label>\n<\/p>\n<p><input class=\"wpcf7-form-control wpcf7-submit has-spinner\" type=\"submit\" value=\"Saada\" \/>\n<\/p><div class=\"wpcf7-response-output\" aria-hidden=\"true\"><\/div>\n<\/form>\n<\/div>\n<\/p>\n","protected":false},"excerpt":{"rendered":"<p>Paatide remont, parandamine ja restaureerimine Kuna oleme klaasfiibriga t\u00f6\u00f6tanud \u00fcle 20 aasta, siis oleme v\u00e4ga p\u00e4devad erinevate parandust\u00f6\u00f6dega. Tunneme h\u00e4sti reinevaid materjale ja teame, mida kuna ja kus kasutada. Meie parandatud paadid kestavad veel pikalt, on tugevad ja vastupidavad. Oleme parandanud hulgaliselt paate, teinud tugevdust\u00f6id ja ehitanud \u00fcmber. Lisaks paatide tootmisele on meil ka \u00f5igus&#8230;<\/p>\n","protected":false},"author":2,"featured_media":0,"parent":0,"menu_order":0,"comment_status":"closed","ping_status":"closed","template":"","meta":{"_kad_blocks_custom_css":"","_kad_blocks_head_custom_js":"","_kad_blocks_body_custom_js":"","_kad_blocks_footer_custom_js":"","_kad_post_transparent":"","_kad_post_title":"","_kad_post_layout":"default","_kad_post_sidebar_id":"sidebar-secondary","_kad_post_content_style":"","_kad_post_vertical_padding":"","_kad_post_feature":"","_kad_post_feature_position":"","_kad_post_header":false,"_kad_post_footer":false,"_kad_post_classname":"","footnotes":""},"class_list":["post-247","page","type-page","status-publish","hentry"],"yoast_head":"<!-- This site is optimized with the Yoast SEO plugin v27.3 - https:\/\/yoast.com\/product\/yoast-seo-wordpress\/ -->\n<title>NORDLINEBOATS - klaasfiiber detailide valmistamine<\/title>\n<meta name=\"description\" content=\"Klaasfiibrist detailide, mudelite ja vormide valmistamine. Projekteerimine ja CNC freesimine. Konsultatsioon tootearenduse faasis.\" \/>\n<meta name=\"robots\" content=\"index, follow, max-snippet:-1, max-image-preview:large, max-video-preview:-1\" \/>\n<link rel=\"canonical\" href=\"https:\/\/nordlinepaadid.ee\/et\/klaasfiiber\/\" \/>\n<meta property=\"og:locale\" content=\"et_EE\" \/>\n<meta property=\"og:type\" content=\"article\" \/>\n<meta property=\"og:title\" content=\"NORDLINEBOATS - klaasfiiber detailide valmistamine\" \/>\n<meta property=\"og:description\" content=\"Klaasfiibrist detailide, mudelite ja vormide valmistamine. Projekteerimine ja CNC freesimine. Konsultatsioon tootearenduse faasis.\" \/>\n<meta property=\"og:url\" content=\"https:\/\/nordlinepaadid.ee\/et\/klaasfiiber\/\" \/>\n<meta property=\"og:site_name\" content=\"NORDLINE s\u00f5udepaadid ja mootorpaadid. Klaasfiiber materjalist.\" \/>\n<meta property=\"article:publisher\" content=\"https:\/\/www.facebook.com\/nordlineboats\" \/>\n<meta property=\"article:modified_time\" content=\"2023-01-03T12:37:35+00:00\" \/>\n<meta property=\"og:image\" content=\"https:\/\/nordlinepaadid.ee\/wp-content\/uploads\/2017\/10\/marsimaja-300x300.jpg\" \/>\n<meta name=\"twitter:card\" content=\"summary_large_image\" \/>\n<meta name=\"twitter:label1\" content=\"Est. reading time\" \/>\n\t<meta name=\"twitter:data1\" content=\"2 minutit\" \/>\n<script type=\"application\/ld+json\" class=\"yoast-schema-graph\">{\"@context\":\"https:\\\/\\\/schema.org\",\"@graph\":[{\"@type\":\"WebPage\",\"@id\":\"https:\\\/\\\/nordlinepaadid.ee\\\/et\\\/klaasfiiber\\\/\",\"url\":\"https:\\\/\\\/nordlinepaadid.ee\\\/et\\\/klaasfiiber\\\/\",\"name\":\"NORDLINEBOATS - klaasfiiber detailide valmistamine\",\"isPartOf\":{\"@id\":\"https:\\\/\\\/nordlinepaadid.ee\\\/et\\\/#website\"},\"primaryImageOfPage\":{\"@id\":\"https:\\\/\\\/nordlinepaadid.ee\\\/et\\\/klaasfiiber\\\/#primaryimage\"},\"image\":{\"@id\":\"https:\\\/\\\/nordlinepaadid.ee\\\/et\\\/klaasfiiber\\\/#primaryimage\"},\"thumbnailUrl\":\"https:\\\/\\\/nordlinepaadid.ee\\\/wp-content\\\/uploads\\\/2017\\\/10\\\/marsimaja-300x300.jpg\",\"datePublished\":\"2017-10-05T11:49:06+00:00\",\"dateModified\":\"2023-01-03T12:37:35+00:00\",\"description\":\"Klaasfiibrist detailide, mudelite ja vormide valmistamine. Projekteerimine ja CNC freesimine. Konsultatsioon tootearenduse faasis.\",\"breadcrumb\":{\"@id\":\"https:\\\/\\\/nordlinepaadid.ee\\\/et\\\/klaasfiiber\\\/#breadcrumb\"},\"inLanguage\":\"et\",\"potentialAction\":[{\"@type\":\"ReadAction\",\"target\":[\"https:\\\/\\\/nordlinepaadid.ee\\\/et\\\/klaasfiiber\\\/\"]}]},{\"@type\":\"ImageObject\",\"inLanguage\":\"et\",\"@id\":\"https:\\\/\\\/nordlinepaadid.ee\\\/et\\\/klaasfiiber\\\/#primaryimage\",\"url\":\"https:\\\/\\\/nordlinepaadid.ee\\\/wp-content\\\/uploads\\\/2017\\\/10\\\/marsimaja-300x300.jpg\",\"contentUrl\":\"https:\\\/\\\/nordlinepaadid.ee\\\/wp-content\\\/uploads\\\/2017\\\/10\\\/marsimaja-300x300.jpg\"},{\"@type\":\"BreadcrumbList\",\"@id\":\"https:\\\/\\\/nordlinepaadid.ee\\\/et\\\/klaasfiiber\\\/#breadcrumb\",\"itemListElement\":[{\"@type\":\"ListItem\",\"position\":1,\"name\":\"Home\",\"item\":\"https:\\\/\\\/nordlinepaadid.ee\\\/et\\\/\"},{\"@type\":\"ListItem\",\"position\":2,\"name\":\"Teenused\"}]},{\"@type\":\"WebSite\",\"@id\":\"https:\\\/\\\/nordlinepaadid.ee\\\/et\\\/#website\",\"url\":\"https:\\\/\\\/nordlinepaadid.ee\\\/et\\\/\",\"name\":\"NORDLINE s\u00f5udepaadid ja mootorpaadid. Klaasfiiber materjalist.\",\"description\":\"\",\"publisher\":{\"@id\":\"https:\\\/\\\/nordlinepaadid.ee\\\/et\\\/#organization\"},\"potentialAction\":[{\"@type\":\"SearchAction\",\"target\":{\"@type\":\"EntryPoint\",\"urlTemplate\":\"https:\\\/\\\/nordlinepaadid.ee\\\/et\\\/?s={search_term_string}\"},\"query-input\":{\"@type\":\"PropertyValueSpecification\",\"valueRequired\":true,\"valueName\":\"search_term_string\"}}],\"inLanguage\":\"et\"},{\"@type\":\"Organization\",\"@id\":\"https:\\\/\\\/nordlinepaadid.ee\\\/et\\\/#organization\",\"name\":\"Nordlineboats\",\"url\":\"https:\\\/\\\/nordlinepaadid.ee\\\/et\\\/\",\"logo\":{\"@type\":\"ImageObject\",\"inLanguage\":\"et\",\"@id\":\"https:\\\/\\\/nordlinepaadid.ee\\\/et\\\/#\\\/schema\\\/logo\\\/image\\\/\",\"url\":\"https:\\\/\\\/nordlinepaadid.ee\\\/wp-content\\\/uploads\\\/2023\\\/01\\\/fulllogo_transparent_nobuffer-e1672750475494.png\",\"contentUrl\":\"https:\\\/\\\/nordlinepaadid.ee\\\/wp-content\\\/uploads\\\/2023\\\/01\\\/fulllogo_transparent_nobuffer-e1672750475494.png\",\"width\":150,\"height\":119,\"caption\":\"Nordlineboats\"},\"image\":{\"@id\":\"https:\\\/\\\/nordlinepaadid.ee\\\/et\\\/#\\\/schema\\\/logo\\\/image\\\/\"},\"sameAs\":[\"https:\\\/\\\/www.facebook.com\\\/nordlineboats\",\"https:\\\/\\\/www.youtube.com\\\/channel\\\/UCbgF0fy02y3QkFnujaLTaCA\"]}]}<\/script>\n<!-- \/ Yoast SEO plugin. -->","yoast_head_json":{"title":"NORDLINEBOATS - klaasfiiber detailide valmistamine","description":"Klaasfiibrist detailide, mudelite ja vormide valmistamine. Projekteerimine ja CNC freesimine. Konsultatsioon tootearenduse faasis.","robots":{"index":"index","follow":"follow","max-snippet":"max-snippet:-1","max-image-preview":"max-image-preview:large","max-video-preview":"max-video-preview:-1"},"canonical":"https:\/\/nordlinepaadid.ee\/et\/klaasfiiber\/","og_locale":"et_EE","og_type":"article","og_title":"NORDLINEBOATS - klaasfiiber detailide valmistamine","og_description":"Klaasfiibrist detailide, mudelite ja vormide valmistamine. Projekteerimine ja CNC freesimine. Konsultatsioon tootearenduse faasis.","og_url":"https:\/\/nordlinepaadid.ee\/et\/klaasfiiber\/","og_site_name":"NORDLINE s\u00f5udepaadid ja mootorpaadid. Klaasfiiber materjalist.","article_publisher":"https:\/\/www.facebook.com\/nordlineboats","article_modified_time":"2023-01-03T12:37:35+00:00","og_image":[{"url":"https:\/\/nordlinepaadid.ee\/wp-content\/uploads\/2017\/10\/marsimaja-300x300.jpg","type":"","width":"","height":""}],"twitter_card":"summary_large_image","twitter_misc":{"Est. reading time":"2 minutit"},"schema":{"@context":"https:\/\/schema.org","@graph":[{"@type":"WebPage","@id":"https:\/\/nordlinepaadid.ee\/et\/klaasfiiber\/","url":"https:\/\/nordlinepaadid.ee\/et\/klaasfiiber\/","name":"NORDLINEBOATS - klaasfiiber detailide valmistamine","isPartOf":{"@id":"https:\/\/nordlinepaadid.ee\/et\/#website"},"primaryImageOfPage":{"@id":"https:\/\/nordlinepaadid.ee\/et\/klaasfiiber\/#primaryimage"},"image":{"@id":"https:\/\/nordlinepaadid.ee\/et\/klaasfiiber\/#primaryimage"},"thumbnailUrl":"https:\/\/nordlinepaadid.ee\/wp-content\/uploads\/2017\/10\/marsimaja-300x300.jpg","datePublished":"2017-10-05T11:49:06+00:00","dateModified":"2023-01-03T12:37:35+00:00","description":"Klaasfiibrist detailide, mudelite ja vormide valmistamine. Projekteerimine ja CNC freesimine. Konsultatsioon tootearenduse faasis.","breadcrumb":{"@id":"https:\/\/nordlinepaadid.ee\/et\/klaasfiiber\/#breadcrumb"},"inLanguage":"et","potentialAction":[{"@type":"ReadAction","target":["https:\/\/nordlinepaadid.ee\/et\/klaasfiiber\/"]}]},{"@type":"ImageObject","inLanguage":"et","@id":"https:\/\/nordlinepaadid.ee\/et\/klaasfiiber\/#primaryimage","url":"https:\/\/nordlinepaadid.ee\/wp-content\/uploads\/2017\/10\/marsimaja-300x300.jpg","contentUrl":"https:\/\/nordlinepaadid.ee\/wp-content\/uploads\/2017\/10\/marsimaja-300x300.jpg"},{"@type":"BreadcrumbList","@id":"https:\/\/nordlinepaadid.ee\/et\/klaasfiiber\/#breadcrumb","itemListElement":[{"@type":"ListItem","position":1,"name":"Home","item":"https:\/\/nordlinepaadid.ee\/et\/"},{"@type":"ListItem","position":2,"name":"Teenused"}]},{"@type":"WebSite","@id":"https:\/\/nordlinepaadid.ee\/et\/#website","url":"https:\/\/nordlinepaadid.ee\/et\/","name":"NORDLINE s\u00f5udepaadid ja mootorpaadid. Klaasfiiber materjalist.","description":"","publisher":{"@id":"https:\/\/nordlinepaadid.ee\/et\/#organization"},"potentialAction":[{"@type":"SearchAction","target":{"@type":"EntryPoint","urlTemplate":"https:\/\/nordlinepaadid.ee\/et\/?s={search_term_string}"},"query-input":{"@type":"PropertyValueSpecification","valueRequired":true,"valueName":"search_term_string"}}],"inLanguage":"et"},{"@type":"Organization","@id":"https:\/\/nordlinepaadid.ee\/et\/#organization","name":"Nordlineboats","url":"https:\/\/nordlinepaadid.ee\/et\/","logo":{"@type":"ImageObject","inLanguage":"et","@id":"https:\/\/nordlinepaadid.ee\/et\/#\/schema\/logo\/image\/","url":"https:\/\/nordlinepaadid.ee\/wp-content\/uploads\/2023\/01\/fulllogo_transparent_nobuffer-e1672750475494.png","contentUrl":"https:\/\/nordlinepaadid.ee\/wp-content\/uploads\/2023\/01\/fulllogo_transparent_nobuffer-e1672750475494.png","width":150,"height":119,"caption":"Nordlineboats"},"image":{"@id":"https:\/\/nordlinepaadid.ee\/et\/#\/schema\/logo\/image\/"},"sameAs":["https:\/\/www.facebook.com\/nordlineboats","https:\/\/www.youtube.com\/channel\/UCbgF0fy02y3QkFnujaLTaCA"]}]}},"taxonomy_info":[],"featured_image_src_large":false,"author_info":{"display_name":"Hannes K\u00e4rsna","author_link":"https:\/\/nordlinepaadid.ee\/et\/author\/hannes\/"},"comment_info":"","_links":{"self":[{"href":"https:\/\/nordlinepaadid.ee\/et\/wp-json\/wp\/v2\/pages\/247","targetHints":{"allow":["GET"]}}],"collection":[{"href":"https:\/\/nordlinepaadid.ee\/et\/wp-json\/wp\/v2\/pages"}],"about":[{"href":"https:\/\/nordlinepaadid.ee\/et\/wp-json\/wp\/v2\/types\/page"}],"author":[{"embeddable":true,"href":"https:\/\/nordlinepaadid.ee\/et\/wp-json\/wp\/v2\/users\/2"}],"replies":[{"embeddable":true,"href":"https:\/\/nordlinepaadid.ee\/et\/wp-json\/wp\/v2\/comments?post=247"}],"version-history":[{"count":0,"href":"https:\/\/nordlinepaadid.ee\/et\/wp-json\/wp\/v2\/pages\/247\/revisions"}],"wp:attachment":[{"href":"https:\/\/nordlinepaadid.ee\/et\/wp-json\/wp\/v2\/media?parent=247"}],"curies":[{"name":"wp","href":"https:\/\/api.w.org\/{rel}","templated":true}]}}