{"id":268,"date":"2017-10-05T14:56:10","date_gmt":"2017-10-05T11:56:10","guid":{"rendered":"https:\/\/nordlinepaadid.ee\/?page_id=268"},"modified":"2021-02-12T09:53:51","modified_gmt":"2021-02-12T07:53:51","slug":"firmast","status":"publish","type":"page","link":"https:\/\/nordlinepaadid.ee\/et\/firmast\/","title":{"rendered":"Firmast"},"content":{"rendered":"<h1>Firmast<\/h1>\n<p>Paadipood O\u00dc\u00a0on arvestatava paadivalikuga ettev\u00f5te, mis on loodud aastal 2006, kuid kompetentsi klaasfiibriga omame juba aastast 2000. Meie valikusse kuuluvad v\u00e4ga erinevaks otstarbeks m\u00f5eldud s\u00f5ude- ja mootorpaadid. Meie\u00a0mudelid on v\u00e4lja t\u00f6\u00f6tatud ja testitud pika aja jooksul ning\u00a0omadustelt kindlasti \u00fched parimatest p\u00f5hjamaade paatidest.<\/p>\n<h2>Ettev\u00f5te on sertifitseeritud paatide valmistaja ja katsetaja.<\/h2>\n<p>K\u00f5ik meie tooted on <strong><a href=\"http:\/\/europa.eu\/youreurope\/business\/product\/ce-mark\/index_et.htm\" target=\"_blank\" rel=\"noopener noreferrer\">CE sertifitseritud<\/a><\/strong>. Enamus\u00a0protsesse toimub <a href=\"http:\/\/www.evs.ee\/\" target=\"_blank\" rel=\"noopener noreferrer\">ISO standardite<\/a> j\u00e4rgi. Kaubam\u00e4rk NordLine on Paadipood O\u00dc-le kuuluv ning k\u00f5ik paadid toodetakse just selle kaubam\u00e4rgi all.<br \/>\nMeie peamine tugevus\u00a0on paatide ja muude <strong>klaasfiiber<\/strong> toodete valmistamine. Oleme koost\u00f6\u00f6d teinud paljude firmadega erinevate toodete valmistamisel ja vormide v\u00e4ljat\u00f6\u00f6tamisel. Seega oleme avatud mistahes koost\u00f6\u00f6ks erinevates valdkondades. Meie\u00a0partnerid aitavad meil tooteid turustada Skandinaavias, Euroopas ja mujal v\u00e4ljaspool Eestit. Kontrollitud kvaliteet\u00a0on \u00fcks meie t\u00e4htsamaid v\u00e4\u00e4rtusi. Kasutame vaid v\u00e4ga kvaliteetseid ja l\u00e4biproovitud materjale, et tagada v\u00f5imalikult tugev,\u00a0kestev\u00a0ja turvaline toode. K\u00f5ik lisaseadmed ja komponendid on tarnitud suurtelt ja tuntud tootjatelt.<\/p>\n<p>Soovime Teile m\u00f5nusat aega vetel, \u00f5nnestunud kalap\u00fc\u00fcki ja puhkust!<\/p>\n<p>Lugupidamisega<\/p>\n<p>Hannes K\u00e4rsna<br \/>\nPaadipood O\u00dc juhataja<\/p>\n<figure id=\"attachment_2314\" aria-describedby=\"caption-attachment-2314\" style=\"width: 300px\" class=\"wp-caption alignnone\"><img loading=\"lazy\" decoding=\"async\" class=\"wp-image-2314 size-medium\" src=\"https:\/\/nordlinepaadid.ee\/wp-content\/uploads\/2018\/02\/Paadipood-O\u00dc-300x118.jpg\" alt=\"Paadipood O\u00dc Nordline paadid\" width=\"300\" height=\"118\" srcset=\"https:\/\/nordlinepaadid.ee\/wp-content\/uploads\/2018\/02\/Paadipood-O\u00dc-300x118.jpg 300w, https:\/\/nordlinepaadid.ee\/wp-content\/uploads\/2018\/02\/Paadipood-O\u00dc-768x302.jpg 768w, https:\/\/nordlinepaadid.ee\/wp-content\/uploads\/2018\/02\/Paadipood-O\u00dc-555x218.jpg 555w, https:\/\/nordlinepaadid.ee\/wp-content\/uploads\/2018\/02\/Paadipood-O\u00dc.jpg 920w\" sizes=\"auto, (max-width: 300px) 100vw, 300px\" \/><figcaption id=\"caption-attachment-2314\" class=\"wp-caption-text\">Paadipood O\u00dc Nordline paadid<\/figcaption><\/figure>\n","protected":false},"excerpt":{"rendered":"<p>Firmast Paadipood O\u00dc\u00a0on arvestatava paadivalikuga ettev\u00f5te, mis on loodud aastal 2006, kuid kompetentsi klaasfiibriga omame juba aastast 2000. Meie valikusse kuuluvad v\u00e4ga erinevaks otstarbeks m\u00f5eldud s\u00f5ude- ja mootorpaadid. Meie\u00a0mudelid on v\u00e4lja t\u00f6\u00f6tatud ja testitud pika aja jooksul ning\u00a0omadustelt kindlasti \u00fched parimatest p\u00f5hjamaade paatidest. Ettev\u00f5te on sertifitseeritud paatide valmistaja ja katsetaja. K\u00f5ik meie tooted on CE&#8230;<\/p>\n","protected":false},"author":2,"featured_media":0,"parent":0,"menu_order":0,"comment_status":"closed","ping_status":"closed","template":"","meta":{"_kad_blocks_custom_css":"","_kad_blocks_head_custom_js":"","_kad_blocks_body_custom_js":"","_kad_blocks_footer_custom_js":"","_kad_post_transparent":"","_kad_post_title":"","_kad_post_layout":"","_kad_post_sidebar_id":"","_kad_post_content_style":"","_kad_post_vertical_padding":"","_kad_post_feature":"","_kad_post_feature_position":"","_kad_post_header":false,"_kad_post_footer":false,"_kad_post_classname":"","footnotes":""},"class_list":["post-268","page","type-page","status-publish","hentry"],"yoast_head":"<!-- This site is optimized with the Yoast SEO plugin v27.4 - https:\/\/yoast.com\/product\/yoast-seo-wordpress\/ -->\n<title>Paadipood O\u00dc on Nordline paatide tootja ja turustaja. Tegutseme alates 2004 aastast.<\/title>\n<meta name=\"description\" content=\"Paadipood O\u00dc tegeleb klaasfiiber materjalidest toodete valmistamisega. Peamisteks artikliteks on paadid ja k\u00fcmblust\u00fcnnid. Valmistame veel vorme ja mudeleid.\" \/>\n<meta name=\"robots\" content=\"index, follow, max-snippet:-1, max-image-preview:large, max-video-preview:-1\" \/>\n<link rel=\"canonical\" href=\"https:\/\/nordlinepaadid.ee\/et\/firmast\/\" \/>\n<meta property=\"og:locale\" content=\"et_EE\" \/>\n<meta property=\"og:type\" content=\"article\" \/>\n<meta property=\"og:title\" content=\"Paadipood O\u00dc on Nordline paatide tootja ja turustaja. Tegutseme alates 2004 aastast.\" \/>\n<meta property=\"og:description\" content=\"Paadipood O\u00dc tegeleb klaasfiiber materjalidest toodete valmistamisega. Peamisteks artikliteks on paadid ja k\u00fcmblust\u00fcnnid. Valmistame veel vorme ja mudeleid.\" \/>\n<meta property=\"og:url\" content=\"https:\/\/nordlinepaadid.ee\/et\/firmast\/\" \/>\n<meta property=\"og:site_name\" content=\"NORDLINE s\u00f5udepaadid ja mootorpaadid. Klaasfiiber materjalist.\" \/>\n<meta property=\"article:publisher\" content=\"https:\/\/www.facebook.com\/nordlineboats\" \/>\n<meta property=\"article:modified_time\" content=\"2021-02-12T07:53:51+00:00\" \/>\n<meta property=\"og:image\" content=\"https:\/\/nordlinepaadid.ee\/wp-content\/uploads\/2018\/02\/Paadipood-O\u00dc-300x118.jpg\" \/>\n<meta name=\"twitter:card\" content=\"summary_large_image\" \/>\n<meta name=\"twitter:label1\" content=\"Est. reading time\" \/>\n\t<meta name=\"twitter:data1\" content=\"1 minut\" \/>\n<script type=\"application\/ld+json\" class=\"yoast-schema-graph\">{\"@context\":\"https:\\\/\\\/schema.org\",\"@graph\":[{\"@type\":\"WebPage\",\"@id\":\"https:\\\/\\\/nordlinepaadid.ee\\\/et\\\/firmast\\\/\",\"url\":\"https:\\\/\\\/nordlinepaadid.ee\\\/et\\\/firmast\\\/\",\"name\":\"Paadipood O\u00dc on Nordline paatide tootja ja turustaja. Tegutseme alates 2004 aastast.\",\"isPartOf\":{\"@id\":\"https:\\\/\\\/nordlinepaadid.ee\\\/et\\\/#website\"},\"datePublished\":\"2017-10-05T11:56:10+00:00\",\"dateModified\":\"2021-02-12T07:53:51+00:00\",\"description\":\"Paadipood O\u00dc tegeleb klaasfiiber materjalidest toodete valmistamisega. Peamisteks artikliteks on paadid ja k\u00fcmblust\u00fcnnid. Valmistame veel vorme ja mudeleid.\",\"breadcrumb\":{\"@id\":\"https:\\\/\\\/nordlinepaadid.ee\\\/et\\\/firmast\\\/#breadcrumb\"},\"inLanguage\":\"et\",\"potentialAction\":[{\"@type\":\"ReadAction\",\"target\":[\"https:\\\/\\\/nordlinepaadid.ee\\\/et\\\/firmast\\\/\"]}]},{\"@type\":\"BreadcrumbList\",\"@id\":\"https:\\\/\\\/nordlinepaadid.ee\\\/et\\\/firmast\\\/#breadcrumb\",\"itemListElement\":[{\"@type\":\"ListItem\",\"position\":1,\"name\":\"Home\",\"item\":\"https:\\\/\\\/nordlinepaadid.ee\\\/et\\\/\"},{\"@type\":\"ListItem\",\"position\":2,\"name\":\"Firmast\"}]},{\"@type\":\"WebSite\",\"@id\":\"https:\\\/\\\/nordlinepaadid.ee\\\/et\\\/#website\",\"url\":\"https:\\\/\\\/nordlinepaadid.ee\\\/et\\\/\",\"name\":\"NORDLINE s\u00f5udepaadid ja mootorpaadid. Klaasfiiber materjalist.\",\"description\":\"\",\"publisher\":{\"@id\":\"https:\\\/\\\/nordlinepaadid.ee\\\/et\\\/#organization\"},\"potentialAction\":[{\"@type\":\"SearchAction\",\"target\":{\"@type\":\"EntryPoint\",\"urlTemplate\":\"https:\\\/\\\/nordlinepaadid.ee\\\/et\\\/?s={search_term_string}\"},\"query-input\":{\"@type\":\"PropertyValueSpecification\",\"valueRequired\":true,\"valueName\":\"search_term_string\"}}],\"inLanguage\":\"et\"},{\"@type\":\"Organization\",\"@id\":\"https:\\\/\\\/nordlinepaadid.ee\\\/et\\\/#organization\",\"name\":\"Nordlineboats\",\"url\":\"https:\\\/\\\/nordlinepaadid.ee\\\/et\\\/\",\"logo\":{\"@type\":\"ImageObject\",\"inLanguage\":\"et\",\"@id\":\"https:\\\/\\\/nordlinepaadid.ee\\\/et\\\/#\\\/schema\\\/logo\\\/image\\\/\",\"url\":\"https:\\\/\\\/nordlinepaadid.ee\\\/wp-content\\\/uploads\\\/2023\\\/01\\\/fulllogo_transparent_nobuffer-e1672750475494.png\",\"contentUrl\":\"https:\\\/\\\/nordlinepaadid.ee\\\/wp-content\\\/uploads\\\/2023\\\/01\\\/fulllogo_transparent_nobuffer-e1672750475494.png\",\"width\":150,\"height\":119,\"caption\":\"Nordlineboats\"},\"image\":{\"@id\":\"https:\\\/\\\/nordlinepaadid.ee\\\/et\\\/#\\\/schema\\\/logo\\\/image\\\/\"},\"sameAs\":[\"https:\\\/\\\/www.facebook.com\\\/nordlineboats\",\"https:\\\/\\\/www.youtube.com\\\/channel\\\/UCbgF0fy02y3QkFnujaLTaCA\"]}]}<\/script>\n<!-- \/ Yoast SEO plugin. -->","yoast_head_json":{"title":"Paadipood O\u00dc on Nordline paatide tootja ja turustaja. Tegutseme alates 2004 aastast.","description":"Paadipood O\u00dc tegeleb klaasfiiber materjalidest toodete valmistamisega. Peamisteks artikliteks on paadid ja k\u00fcmblust\u00fcnnid. Valmistame veel vorme ja mudeleid.","robots":{"index":"index","follow":"follow","max-snippet":"max-snippet:-1","max-image-preview":"max-image-preview:large","max-video-preview":"max-video-preview:-1"},"canonical":"https:\/\/nordlinepaadid.ee\/et\/firmast\/","og_locale":"et_EE","og_type":"article","og_title":"Paadipood O\u00dc on Nordline paatide tootja ja turustaja. Tegutseme alates 2004 aastast.","og_description":"Paadipood O\u00dc tegeleb klaasfiiber materjalidest toodete valmistamisega. Peamisteks artikliteks on paadid ja k\u00fcmblust\u00fcnnid. Valmistame veel vorme ja mudeleid.","og_url":"https:\/\/nordlinepaadid.ee\/et\/firmast\/","og_site_name":"NORDLINE s\u00f5udepaadid ja mootorpaadid. Klaasfiiber materjalist.","article_publisher":"https:\/\/www.facebook.com\/nordlineboats","article_modified_time":"2021-02-12T07:53:51+00:00","og_image":[{"url":"https:\/\/nordlinepaadid.ee\/wp-content\/uploads\/2018\/02\/Paadipood-O\u00dc-300x118.jpg","type":"","width":"","height":""}],"twitter_card":"summary_large_image","twitter_misc":{"Est. reading time":"1 minut"},"schema":{"@context":"https:\/\/schema.org","@graph":[{"@type":"WebPage","@id":"https:\/\/nordlinepaadid.ee\/et\/firmast\/","url":"https:\/\/nordlinepaadid.ee\/et\/firmast\/","name":"Paadipood O\u00dc on Nordline paatide tootja ja turustaja. Tegutseme alates 2004 aastast.","isPartOf":{"@id":"https:\/\/nordlinepaadid.ee\/et\/#website"},"datePublished":"2017-10-05T11:56:10+00:00","dateModified":"2021-02-12T07:53:51+00:00","description":"Paadipood O\u00dc tegeleb klaasfiiber materjalidest toodete valmistamisega. Peamisteks artikliteks on paadid ja k\u00fcmblust\u00fcnnid. Valmistame veel vorme ja mudeleid.","breadcrumb":{"@id":"https:\/\/nordlinepaadid.ee\/et\/firmast\/#breadcrumb"},"inLanguage":"et","potentialAction":[{"@type":"ReadAction","target":["https:\/\/nordlinepaadid.ee\/et\/firmast\/"]}]},{"@type":"BreadcrumbList","@id":"https:\/\/nordlinepaadid.ee\/et\/firmast\/#breadcrumb","itemListElement":[{"@type":"ListItem","position":1,"name":"Home","item":"https:\/\/nordlinepaadid.ee\/et\/"},{"@type":"ListItem","position":2,"name":"Firmast"}]},{"@type":"WebSite","@id":"https:\/\/nordlinepaadid.ee\/et\/#website","url":"https:\/\/nordlinepaadid.ee\/et\/","name":"NORDLINE s\u00f5udepaadid ja mootorpaadid. Klaasfiiber materjalist.","description":"","publisher":{"@id":"https:\/\/nordlinepaadid.ee\/et\/#organization"},"potentialAction":[{"@type":"SearchAction","target":{"@type":"EntryPoint","urlTemplate":"https:\/\/nordlinepaadid.ee\/et\/?s={search_term_string}"},"query-input":{"@type":"PropertyValueSpecification","valueRequired":true,"valueName":"search_term_string"}}],"inLanguage":"et"},{"@type":"Organization","@id":"https:\/\/nordlinepaadid.ee\/et\/#organization","name":"Nordlineboats","url":"https:\/\/nordlinepaadid.ee\/et\/","logo":{"@type":"ImageObject","inLanguage":"et","@id":"https:\/\/nordlinepaadid.ee\/et\/#\/schema\/logo\/image\/","url":"https:\/\/nordlinepaadid.ee\/wp-content\/uploads\/2023\/01\/fulllogo_transparent_nobuffer-e1672750475494.png","contentUrl":"https:\/\/nordlinepaadid.ee\/wp-content\/uploads\/2023\/01\/fulllogo_transparent_nobuffer-e1672750475494.png","width":150,"height":119,"caption":"Nordlineboats"},"image":{"@id":"https:\/\/nordlinepaadid.ee\/et\/#\/schema\/logo\/image\/"},"sameAs":["https:\/\/www.facebook.com\/nordlineboats","https:\/\/www.youtube.com\/channel\/UCbgF0fy02y3QkFnujaLTaCA"]}]}},"taxonomy_info":[],"featured_image_src_large":false,"author_info":{"display_name":"Hannes K\u00e4rsna","author_link":"https:\/\/nordlinepaadid.ee\/et\/author\/hannes\/"},"comment_info":"","_links":{"self":[{"href":"https:\/\/nordlinepaadid.ee\/et\/wp-json\/wp\/v2\/pages\/268","targetHints":{"allow":["GET"]}}],"collection":[{"href":"https:\/\/nordlinepaadid.ee\/et\/wp-json\/wp\/v2\/pages"}],"about":[{"href":"https:\/\/nordlinepaadid.ee\/et\/wp-json\/wp\/v2\/types\/page"}],"author":[{"embeddable":true,"href":"https:\/\/nordlinepaadid.ee\/et\/wp-json\/wp\/v2\/users\/2"}],"replies":[{"embeddable":true,"href":"https:\/\/nordlinepaadid.ee\/et\/wp-json\/wp\/v2\/comments?post=268"}],"version-history":[{"count":0,"href":"https:\/\/nordlinepaadid.ee\/et\/wp-json\/wp\/v2\/pages\/268\/revisions"}],"wp:attachment":[{"href":"https:\/\/nordlinepaadid.ee\/et\/wp-json\/wp\/v2\/media?parent=268"}],"curies":[{"name":"wp","href":"https:\/\/api.w.org\/{rel}","templated":true}]}}