{"id":3503,"date":"2020-03-19T13:36:29","date_gmt":"2020-03-19T11:36:29","guid":{"rendered":"https:\/\/nordlinepaadid.ee\/?page_id=3503"},"modified":"2021-01-14T10:24:59","modified_gmt":"2021-01-14T08:24:59","slug":"paatide-rendikohad","status":"publish","type":"page","link":"https:\/\/nordlinepaadid.ee\/et\/paatide-rendikohad\/","title":{"rendered":"Paatide rendikohad"},"content":{"rendered":"\r\n\r\n\r\n<h1>Paatide rendikohad<\/h1>\r\n<p>Allj\u00e4rgnevatest kohtadest saate rentida meie paate proovis\u00f5iduks. Meie soovitus on enne ostu ise teha \u00fcks tests\u00f5it, et veenduda paadi sobilikkuses just Teile.\u00a0<\/p>\r\n<h2>Nordline 29<\/h2>\r\n<p>UueParu O\u00dc<br \/>Tel: +372\u00a05511004<br \/><a href=\"https:\/\/uueparu.ee\" target=\"_blank\" rel=\"noopener noreferrer\">https:\/\/uueparu.ee<\/a><\/p>\r\n<p>Kaiu puhkebaas<\/p>\r\n<p>56643520<\/p>\r\n<p>Ilbu jahi- ja puhkemaja<\/p>\r\n<p>Tarvo, 5142686<\/p>\r\n<h2>Nordline 38<\/h2>\r\n<p>Tiku puhkemajad<\/p>\r\n<p><a href=\"https:\/\/www.tikutalu.ee\/kontakt\/\" target=\"_blank\" rel=\"noopener noreferrer\">https:\/\/www.tikutalu.ee\/kontakt\/<\/a><\/p>\r\n<p>Vapram\u00e4e forell<\/p>\r\n<p><a href=\"https:\/\/www.vapramae.ee\/kontakt\" target=\"_blank\" rel=\"noopener noreferrer\">https:\/\/www.vapramae.ee\/kontakt<\/a><\/p>\r\n<p>Nordline 41M<\/p>\r\n<p>Pikassilla kant, J\u00f5geveste, V\u00e4ike-Emaj\u00f5gi<\/p>\r\n<p>Ergo Viks 53405495<\/p>\r\n<h2>Nordline 42<\/h2>\r\n<p><strong>Fishing Village\u00a0<br \/><\/strong><a href=\"http:\/\/www.fishingvillage.ee\" target=\"_blank\" rel=\"noopener noreferrer\">http:\/\/www.fishingvillage.ee<\/a><\/p>\r\n<p>Majutus Peipsi \u00e4\u00e4res, Kallaste kant<\/p>\r\n<p>Hillar 53307245<\/p>\r\n<h2>Nordline 51<\/h2>\r\n<p><strong>Fishing Village\u00a0<br \/><\/strong><a href=\"http:\/\/www.fishingvillage.ee\" target=\"_blank\" rel=\"noopener noreferrer\">http:\/\/www.fishingvillage.ee<\/a><\/p>\r\n<p>&nbsp;<\/p>\r\n<h2>\u00a0<\/h2>\r\n<p>&nbsp;<\/p>\r\n<p><\/p>","protected":false},"excerpt":{"rendered":"<p>Paatide rendikohad Allj\u00e4rgnevatest kohtadest saate rentida meie paate proovis\u00f5iduks. Meie soovitus on enne ostu ise teha \u00fcks tests\u00f5it, et veenduda paadi sobilikkuses just Teile.\u00a0 Nordline 29 UueParu O\u00dcTel: +372\u00a05511004https:\/\/uueparu.ee Kaiu puhkebaas 56643520 Ilbu jahi- ja puhkemaja Tarvo, 5142686 Nordline 38 Tiku puhkemajad https:\/\/www.tikutalu.ee\/kontakt\/ Vapram\u00e4e forell https:\/\/www.vapramae.ee\/kontakt Nordline 41M Pikassilla kant, J\u00f5geveste, V\u00e4ike-Emaj\u00f5gi Ergo Viks 53405495&#8230;<\/p>\n","protected":false},"author":2,"featured_media":0,"parent":0,"menu_order":0,"comment_status":"closed","ping_status":"closed","template":"","meta":{"_kad_blocks_custom_css":"","_kad_blocks_head_custom_js":"","_kad_blocks_body_custom_js":"","_kad_blocks_footer_custom_js":"","_kad_post_transparent":"","_kad_post_title":"","_kad_post_layout":"","_kad_post_sidebar_id":"","_kad_post_content_style":"","_kad_post_vertical_padding":"","_kad_post_feature":"","_kad_post_feature_position":"","_kad_post_header":false,"_kad_post_footer":false,"_kad_post_classname":"","footnotes":""},"class_list":["post-3503","page","type-page","status-publish","hentry"],"yoast_head":"<!-- This site is optimized with the Yoast SEO plugin v27.3 - https:\/\/yoast.com\/product\/yoast-seo-wordpress\/ -->\n<title>Paatide rendikohad - NORDLINE s\u00f5udepaadid ja mootorpaadid. Klaasfiiber materjalist.<\/title>\n<meta name=\"robots\" content=\"index, follow, max-snippet:-1, max-image-preview:large, max-video-preview:-1\" \/>\n<link rel=\"canonical\" href=\"https:\/\/nordlinepaadid.ee\/et\/paatide-rendikohad\/\" \/>\n<meta property=\"og:locale\" content=\"et_EE\" \/>\n<meta property=\"og:type\" content=\"article\" \/>\n<meta property=\"og:title\" content=\"Paatide rendikohad - NORDLINE s\u00f5udepaadid ja mootorpaadid. Klaasfiiber materjalist.\" \/>\n<meta property=\"og:description\" content=\"Paatide rendikohad Allj\u00e4rgnevatest kohtadest saate rentida meie paate proovis\u00f5iduks. Meie soovitus on enne ostu ise teha \u00fcks tests\u00f5it, et veenduda paadi sobilikkuses just Teile.\u00a0 Nordline 29 UueParu O\u00dcTel: +372\u00a05511004https:\/\/uueparu.ee Kaiu puhkebaas 56643520 Ilbu jahi- ja puhkemaja Tarvo, 5142686 Nordline 38 Tiku puhkemajad https:\/\/www.tikutalu.ee\/kontakt\/ Vapram\u00e4e forell https:\/\/www.vapramae.ee\/kontakt Nordline 41M Pikassilla kant, J\u00f5geveste, V\u00e4ike-Emaj\u00f5gi Ergo Viks 53405495...\" \/>\n<meta property=\"og:url\" content=\"https:\/\/nordlinepaadid.ee\/et\/paatide-rendikohad\/\" \/>\n<meta property=\"og:site_name\" content=\"NORDLINE s\u00f5udepaadid ja mootorpaadid. Klaasfiiber materjalist.\" \/>\n<meta property=\"article:publisher\" content=\"https:\/\/www.facebook.com\/nordlineboats\" \/>\n<meta property=\"article:modified_time\" content=\"2021-01-14T08:24:59+00:00\" \/>\n<meta name=\"twitter:card\" content=\"summary_large_image\" \/>\n<meta name=\"twitter:label1\" content=\"Est. reading time\" \/>\n\t<meta name=\"twitter:data1\" content=\"1 minut\" \/>\n<script type=\"application\/ld+json\" class=\"yoast-schema-graph\">{\"@context\":\"https:\\\/\\\/schema.org\",\"@graph\":[{\"@type\":\"WebPage\",\"@id\":\"https:\\\/\\\/nordlinepaadid.ee\\\/et\\\/paatide-rendikohad\\\/\",\"url\":\"https:\\\/\\\/nordlinepaadid.ee\\\/et\\\/paatide-rendikohad\\\/\",\"name\":\"Paatide rendikohad - NORDLINE s\u00f5udepaadid ja mootorpaadid. Klaasfiiber materjalist.\",\"isPartOf\":{\"@id\":\"https:\\\/\\\/nordlinepaadid.ee\\\/et\\\/#website\"},\"datePublished\":\"2020-03-19T11:36:29+00:00\",\"dateModified\":\"2021-01-14T08:24:59+00:00\",\"breadcrumb\":{\"@id\":\"https:\\\/\\\/nordlinepaadid.ee\\\/et\\\/paatide-rendikohad\\\/#breadcrumb\"},\"inLanguage\":\"et\",\"potentialAction\":[{\"@type\":\"ReadAction\",\"target\":[\"https:\\\/\\\/nordlinepaadid.ee\\\/et\\\/paatide-rendikohad\\\/\"]}]},{\"@type\":\"BreadcrumbList\",\"@id\":\"https:\\\/\\\/nordlinepaadid.ee\\\/et\\\/paatide-rendikohad\\\/#breadcrumb\",\"itemListElement\":[{\"@type\":\"ListItem\",\"position\":1,\"name\":\"Home\",\"item\":\"https:\\\/\\\/nordlinepaadid.ee\\\/et\\\/\"},{\"@type\":\"ListItem\",\"position\":2,\"name\":\"Paatide rendikohad\"}]},{\"@type\":\"WebSite\",\"@id\":\"https:\\\/\\\/nordlinepaadid.ee\\\/et\\\/#website\",\"url\":\"https:\\\/\\\/nordlinepaadid.ee\\\/et\\\/\",\"name\":\"NORDLINE s\u00f5udepaadid ja mootorpaadid. Klaasfiiber materjalist.\",\"description\":\"\",\"publisher\":{\"@id\":\"https:\\\/\\\/nordlinepaadid.ee\\\/et\\\/#organization\"},\"potentialAction\":[{\"@type\":\"SearchAction\",\"target\":{\"@type\":\"EntryPoint\",\"urlTemplate\":\"https:\\\/\\\/nordlinepaadid.ee\\\/et\\\/?s={search_term_string}\"},\"query-input\":{\"@type\":\"PropertyValueSpecification\",\"valueRequired\":true,\"valueName\":\"search_term_string\"}}],\"inLanguage\":\"et\"},{\"@type\":\"Organization\",\"@id\":\"https:\\\/\\\/nordlinepaadid.ee\\\/et\\\/#organization\",\"name\":\"Nordlineboats\",\"url\":\"https:\\\/\\\/nordlinepaadid.ee\\\/et\\\/\",\"logo\":{\"@type\":\"ImageObject\",\"inLanguage\":\"et\",\"@id\":\"https:\\\/\\\/nordlinepaadid.ee\\\/et\\\/#\\\/schema\\\/logo\\\/image\\\/\",\"url\":\"https:\\\/\\\/nordlinepaadid.ee\\\/wp-content\\\/uploads\\\/2023\\\/01\\\/fulllogo_transparent_nobuffer-e1672750475494.png\",\"contentUrl\":\"https:\\\/\\\/nordlinepaadid.ee\\\/wp-content\\\/uploads\\\/2023\\\/01\\\/fulllogo_transparent_nobuffer-e1672750475494.png\",\"width\":150,\"height\":119,\"caption\":\"Nordlineboats\"},\"image\":{\"@id\":\"https:\\\/\\\/nordlinepaadid.ee\\\/et\\\/#\\\/schema\\\/logo\\\/image\\\/\"},\"sameAs\":[\"https:\\\/\\\/www.facebook.com\\\/nordlineboats\",\"https:\\\/\\\/www.youtube.com\\\/channel\\\/UCbgF0fy02y3QkFnujaLTaCA\"]}]}<\/script>\n<!-- \/ Yoast SEO plugin. -->","yoast_head_json":{"title":"Paatide rendikohad - NORDLINE s\u00f5udepaadid ja mootorpaadid. Klaasfiiber materjalist.","robots":{"index":"index","follow":"follow","max-snippet":"max-snippet:-1","max-image-preview":"max-image-preview:large","max-video-preview":"max-video-preview:-1"},"canonical":"https:\/\/nordlinepaadid.ee\/et\/paatide-rendikohad\/","og_locale":"et_EE","og_type":"article","og_title":"Paatide rendikohad - NORDLINE s\u00f5udepaadid ja mootorpaadid. Klaasfiiber materjalist.","og_description":"Paatide rendikohad Allj\u00e4rgnevatest kohtadest saate rentida meie paate proovis\u00f5iduks. Meie soovitus on enne ostu ise teha \u00fcks tests\u00f5it, et veenduda paadi sobilikkuses just Teile.\u00a0 Nordline 29 UueParu O\u00dcTel: +372\u00a05511004https:\/\/uueparu.ee Kaiu puhkebaas 56643520 Ilbu jahi- ja puhkemaja Tarvo, 5142686 Nordline 38 Tiku puhkemajad https:\/\/www.tikutalu.ee\/kontakt\/ Vapram\u00e4e forell https:\/\/www.vapramae.ee\/kontakt Nordline 41M Pikassilla kant, J\u00f5geveste, V\u00e4ike-Emaj\u00f5gi Ergo Viks 53405495...","og_url":"https:\/\/nordlinepaadid.ee\/et\/paatide-rendikohad\/","og_site_name":"NORDLINE s\u00f5udepaadid ja mootorpaadid. Klaasfiiber materjalist.","article_publisher":"https:\/\/www.facebook.com\/nordlineboats","article_modified_time":"2021-01-14T08:24:59+00:00","twitter_card":"summary_large_image","twitter_misc":{"Est. reading time":"1 minut"},"schema":{"@context":"https:\/\/schema.org","@graph":[{"@type":"WebPage","@id":"https:\/\/nordlinepaadid.ee\/et\/paatide-rendikohad\/","url":"https:\/\/nordlinepaadid.ee\/et\/paatide-rendikohad\/","name":"Paatide rendikohad - NORDLINE s\u00f5udepaadid ja mootorpaadid. Klaasfiiber materjalist.","isPartOf":{"@id":"https:\/\/nordlinepaadid.ee\/et\/#website"},"datePublished":"2020-03-19T11:36:29+00:00","dateModified":"2021-01-14T08:24:59+00:00","breadcrumb":{"@id":"https:\/\/nordlinepaadid.ee\/et\/paatide-rendikohad\/#breadcrumb"},"inLanguage":"et","potentialAction":[{"@type":"ReadAction","target":["https:\/\/nordlinepaadid.ee\/et\/paatide-rendikohad\/"]}]},{"@type":"BreadcrumbList","@id":"https:\/\/nordlinepaadid.ee\/et\/paatide-rendikohad\/#breadcrumb","itemListElement":[{"@type":"ListItem","position":1,"name":"Home","item":"https:\/\/nordlinepaadid.ee\/et\/"},{"@type":"ListItem","position":2,"name":"Paatide rendikohad"}]},{"@type":"WebSite","@id":"https:\/\/nordlinepaadid.ee\/et\/#website","url":"https:\/\/nordlinepaadid.ee\/et\/","name":"NORDLINE s\u00f5udepaadid ja mootorpaadid. Klaasfiiber materjalist.","description":"","publisher":{"@id":"https:\/\/nordlinepaadid.ee\/et\/#organization"},"potentialAction":[{"@type":"SearchAction","target":{"@type":"EntryPoint","urlTemplate":"https:\/\/nordlinepaadid.ee\/et\/?s={search_term_string}"},"query-input":{"@type":"PropertyValueSpecification","valueRequired":true,"valueName":"search_term_string"}}],"inLanguage":"et"},{"@type":"Organization","@id":"https:\/\/nordlinepaadid.ee\/et\/#organization","name":"Nordlineboats","url":"https:\/\/nordlinepaadid.ee\/et\/","logo":{"@type":"ImageObject","inLanguage":"et","@id":"https:\/\/nordlinepaadid.ee\/et\/#\/schema\/logo\/image\/","url":"https:\/\/nordlinepaadid.ee\/wp-content\/uploads\/2023\/01\/fulllogo_transparent_nobuffer-e1672750475494.png","contentUrl":"https:\/\/nordlinepaadid.ee\/wp-content\/uploads\/2023\/01\/fulllogo_transparent_nobuffer-e1672750475494.png","width":150,"height":119,"caption":"Nordlineboats"},"image":{"@id":"https:\/\/nordlinepaadid.ee\/et\/#\/schema\/logo\/image\/"},"sameAs":["https:\/\/www.facebook.com\/nordlineboats","https:\/\/www.youtube.com\/channel\/UCbgF0fy02y3QkFnujaLTaCA"]}]}},"taxonomy_info":[],"featured_image_src_large":false,"author_info":{"display_name":"Hannes K\u00e4rsna","author_link":"https:\/\/nordlinepaadid.ee\/et\/author\/hannes\/"},"comment_info":"","_links":{"self":[{"href":"https:\/\/nordlinepaadid.ee\/et\/wp-json\/wp\/v2\/pages\/3503","targetHints":{"allow":["GET"]}}],"collection":[{"href":"https:\/\/nordlinepaadid.ee\/et\/wp-json\/wp\/v2\/pages"}],"about":[{"href":"https:\/\/nordlinepaadid.ee\/et\/wp-json\/wp\/v2\/types\/page"}],"author":[{"embeddable":true,"href":"https:\/\/nordlinepaadid.ee\/et\/wp-json\/wp\/v2\/users\/2"}],"replies":[{"embeddable":true,"href":"https:\/\/nordlinepaadid.ee\/et\/wp-json\/wp\/v2\/comments?post=3503"}],"version-history":[{"count":0,"href":"https:\/\/nordlinepaadid.ee\/et\/wp-json\/wp\/v2\/pages\/3503\/revisions"}],"wp:attachment":[{"href":"https:\/\/nordlinepaadid.ee\/et\/wp-json\/wp\/v2\/media?parent=3503"}],"curies":[{"name":"wp","href":"https:\/\/api.w.org\/{rel}","templated":true}]}}