{"id":3975,"date":"2021-01-01T16:40:31","date_gmt":"2021-01-01T14:40:31","guid":{"rendered":"https:\/\/nordlinepaadid.ee\/?page_id=3975"},"modified":"2021-01-01T16:42:30","modified_gmt":"2021-01-01T14:42:30","slug":"mootori-paigaldus","status":"publish","type":"page","link":"https:\/\/nordlinepaadid.ee\/et\/mootori-paigaldus\/","title":{"rendered":"Mootori paigaldus"},"content":{"rendered":"<p>Mootori valikul tuleb arvastada, et see sobiks just Teie paadiga. K\u00f5ige parem on, kui helistate meile ja r\u00e4\u00e4gime selle teema l\u00e4bi. T\u00e4helepanu tasub p\u00f6\u00f6rata kas Teil on paigalduseks olemas:<\/p>\n<ul>\n<li>k\u00fctusepaak<\/li>\n<li>gaasi- ja k\u00e4igutrossid<\/li>\n<li>piisava pikkusega akujuhtmed<\/li>\n<li>massil\u00fcliti<\/li>\n<li>vajadusel n\u00e4idiku paigalduse koht<\/li>\n<li>mootori paigaldus poldid, tugevdatud<\/li>\n<li>roolis\u00fcsteemiga \u00fchendamise tarvikud. Alates 50HJ soovitatult \u00f5lirool<\/li>\n<li>kas mootori jala pikkus on \u00f5ieti valitud<\/li>\n<li>kas on t\u00e4idetud k\u00f5ik vajalikud garantiidokumendid ja tagatud hoolduspartner<\/li>\n<\/ul>\n<p>Mootori paigalduse <strong>standardne hind on 250EUR<\/strong>. Suurematel vastavalt mootorile.<\/p>\n<p>Eriti t\u00e4helepanelik tuleb olla <strong>v\u00f6\u00f6rimootorite paigaldusel<\/strong>. Siin tuleks enne soetamist \u00fcle vaadata, kas paadi konstruktsioon v\u00f5imaldab paigaldamist v\u00f5i tuleb see ringi teha.<\/p>\n","protected":false},"excerpt":{"rendered":"<p>Mootori valikul tuleb arvastada, et see sobiks just Teie paadiga. K\u00f5ige parem on, kui helistate meile ja r\u00e4\u00e4gime selle teema l\u00e4bi. T\u00e4helepanu tasub p\u00f6\u00f6rata kas Teil on paigalduseks olemas: k\u00fctusepaak gaasi- ja k\u00e4igutrossid piisava pikkusega akujuhtmed massil\u00fcliti vajadusel n\u00e4idiku paigalduse koht mootori paigaldus poldid, tugevdatud roolis\u00fcsteemiga \u00fchendamise tarvikud. Alates 50HJ soovitatult \u00f5lirool kas mootori jala&#8230;<\/p>\n","protected":false},"author":2,"featured_media":0,"parent":0,"menu_order":0,"comment_status":"closed","ping_status":"closed","template":"","meta":{"_kad_blocks_custom_css":"","_kad_blocks_head_custom_js":"","_kad_blocks_body_custom_js":"","_kad_blocks_footer_custom_js":"","_kad_post_transparent":"","_kad_post_title":"","_kad_post_layout":"","_kad_post_sidebar_id":"","_kad_post_content_style":"","_kad_post_vertical_padding":"","_kad_post_feature":"","_kad_post_feature_position":"","_kad_post_header":false,"_kad_post_footer":false,"_kad_post_classname":"","footnotes":""},"class_list":["post-3975","page","type-page","status-publish","hentry"],"yoast_head":"<!-- This site is optimized with the Yoast SEO plugin v27.3 - https:\/\/yoast.com\/product\/yoast-seo-wordpress\/ -->\n<title>Paadimootorite paigaldus ja tarvikud - NORDLINEBOATS<\/title>\n<meta name=\"description\" content=\"Tee paadimootori ostul \u00f5ige valik ja konsulteeri enne meiega, kas Sinu valitud mootor on soovitud paadile sobilik.\" \/>\n<meta name=\"robots\" content=\"index, follow, max-snippet:-1, max-image-preview:large, max-video-preview:-1\" \/>\n<link rel=\"canonical\" href=\"https:\/\/nordlinepaadid.ee\/et\/mootori-paigaldus\/\" \/>\n<meta property=\"og:locale\" content=\"et_EE\" \/>\n<meta property=\"og:type\" content=\"article\" \/>\n<meta property=\"og:title\" content=\"Paadimootorite paigaldus ja tarvikud - NORDLINEBOATS\" \/>\n<meta property=\"og:description\" content=\"Tee paadimootori ostul \u00f5ige valik ja konsulteeri enne meiega, kas Sinu valitud mootor on soovitud paadile sobilik.\" \/>\n<meta property=\"og:url\" content=\"https:\/\/nordlinepaadid.ee\/et\/mootori-paigaldus\/\" \/>\n<meta property=\"og:site_name\" content=\"NORDLINE s\u00f5udepaadid ja mootorpaadid. Klaasfiiber materjalist.\" \/>\n<meta property=\"article:publisher\" content=\"https:\/\/www.facebook.com\/nordlineboats\" \/>\n<meta property=\"article:modified_time\" content=\"2021-01-01T14:42:30+00:00\" \/>\n<meta name=\"twitter:card\" content=\"summary_large_image\" \/>\n<meta name=\"twitter:label1\" content=\"Est. reading time\" \/>\n\t<meta name=\"twitter:data1\" content=\"1 minut\" \/>\n<script type=\"application\/ld+json\" class=\"yoast-schema-graph\">{\"@context\":\"https:\\\/\\\/schema.org\",\"@graph\":[{\"@type\":\"WebPage\",\"@id\":\"https:\\\/\\\/nordlinepaadid.ee\\\/et\\\/mootori-paigaldus\\\/\",\"url\":\"https:\\\/\\\/nordlinepaadid.ee\\\/et\\\/mootori-paigaldus\\\/\",\"name\":\"Paadimootorite paigaldus ja tarvikud - NORDLINEBOATS\",\"isPartOf\":{\"@id\":\"https:\\\/\\\/nordlinepaadid.ee\\\/et\\\/#website\"},\"datePublished\":\"2021-01-01T14:40:31+00:00\",\"dateModified\":\"2021-01-01T14:42:30+00:00\",\"description\":\"Tee paadimootori ostul \u00f5ige valik ja konsulteeri enne meiega, kas Sinu valitud mootor on soovitud paadile sobilik.\",\"breadcrumb\":{\"@id\":\"https:\\\/\\\/nordlinepaadid.ee\\\/et\\\/mootori-paigaldus\\\/#breadcrumb\"},\"inLanguage\":\"et\",\"potentialAction\":[{\"@type\":\"ReadAction\",\"target\":[\"https:\\\/\\\/nordlinepaadid.ee\\\/et\\\/mootori-paigaldus\\\/\"]}]},{\"@type\":\"BreadcrumbList\",\"@id\":\"https:\\\/\\\/nordlinepaadid.ee\\\/et\\\/mootori-paigaldus\\\/#breadcrumb\",\"itemListElement\":[{\"@type\":\"ListItem\",\"position\":1,\"name\":\"Home\",\"item\":\"https:\\\/\\\/nordlinepaadid.ee\\\/et\\\/\"},{\"@type\":\"ListItem\",\"position\":2,\"name\":\"Mootori paigaldus\"}]},{\"@type\":\"WebSite\",\"@id\":\"https:\\\/\\\/nordlinepaadid.ee\\\/et\\\/#website\",\"url\":\"https:\\\/\\\/nordlinepaadid.ee\\\/et\\\/\",\"name\":\"NORDLINE s\u00f5udepaadid ja mootorpaadid. Klaasfiiber materjalist.\",\"description\":\"\",\"publisher\":{\"@id\":\"https:\\\/\\\/nordlinepaadid.ee\\\/et\\\/#organization\"},\"potentialAction\":[{\"@type\":\"SearchAction\",\"target\":{\"@type\":\"EntryPoint\",\"urlTemplate\":\"https:\\\/\\\/nordlinepaadid.ee\\\/et\\\/?s={search_term_string}\"},\"query-input\":{\"@type\":\"PropertyValueSpecification\",\"valueRequired\":true,\"valueName\":\"search_term_string\"}}],\"inLanguage\":\"et\"},{\"@type\":\"Organization\",\"@id\":\"https:\\\/\\\/nordlinepaadid.ee\\\/et\\\/#organization\",\"name\":\"Nordlineboats\",\"url\":\"https:\\\/\\\/nordlinepaadid.ee\\\/et\\\/\",\"logo\":{\"@type\":\"ImageObject\",\"inLanguage\":\"et\",\"@id\":\"https:\\\/\\\/nordlinepaadid.ee\\\/et\\\/#\\\/schema\\\/logo\\\/image\\\/\",\"url\":\"https:\\\/\\\/nordlinepaadid.ee\\\/wp-content\\\/uploads\\\/2023\\\/01\\\/fulllogo_transparent_nobuffer-e1672750475494.png\",\"contentUrl\":\"https:\\\/\\\/nordlinepaadid.ee\\\/wp-content\\\/uploads\\\/2023\\\/01\\\/fulllogo_transparent_nobuffer-e1672750475494.png\",\"width\":150,\"height\":119,\"caption\":\"Nordlineboats\"},\"image\":{\"@id\":\"https:\\\/\\\/nordlinepaadid.ee\\\/et\\\/#\\\/schema\\\/logo\\\/image\\\/\"},\"sameAs\":[\"https:\\\/\\\/www.facebook.com\\\/nordlineboats\",\"https:\\\/\\\/www.youtube.com\\\/channel\\\/UCbgF0fy02y3QkFnujaLTaCA\"]}]}<\/script>\n<!-- \/ Yoast SEO plugin. -->","yoast_head_json":{"title":"Paadimootorite paigaldus ja tarvikud - NORDLINEBOATS","description":"Tee paadimootori ostul \u00f5ige valik ja konsulteeri enne meiega, kas Sinu valitud mootor on soovitud paadile sobilik.","robots":{"index":"index","follow":"follow","max-snippet":"max-snippet:-1","max-image-preview":"max-image-preview:large","max-video-preview":"max-video-preview:-1"},"canonical":"https:\/\/nordlinepaadid.ee\/et\/mootori-paigaldus\/","og_locale":"et_EE","og_type":"article","og_title":"Paadimootorite paigaldus ja tarvikud - NORDLINEBOATS","og_description":"Tee paadimootori ostul \u00f5ige valik ja konsulteeri enne meiega, kas Sinu valitud mootor on soovitud paadile sobilik.","og_url":"https:\/\/nordlinepaadid.ee\/et\/mootori-paigaldus\/","og_site_name":"NORDLINE s\u00f5udepaadid ja mootorpaadid. Klaasfiiber materjalist.","article_publisher":"https:\/\/www.facebook.com\/nordlineboats","article_modified_time":"2021-01-01T14:42:30+00:00","twitter_card":"summary_large_image","twitter_misc":{"Est. reading time":"1 minut"},"schema":{"@context":"https:\/\/schema.org","@graph":[{"@type":"WebPage","@id":"https:\/\/nordlinepaadid.ee\/et\/mootori-paigaldus\/","url":"https:\/\/nordlinepaadid.ee\/et\/mootori-paigaldus\/","name":"Paadimootorite paigaldus ja tarvikud - NORDLINEBOATS","isPartOf":{"@id":"https:\/\/nordlinepaadid.ee\/et\/#website"},"datePublished":"2021-01-01T14:40:31+00:00","dateModified":"2021-01-01T14:42:30+00:00","description":"Tee paadimootori ostul \u00f5ige valik ja konsulteeri enne meiega, kas Sinu valitud mootor on soovitud paadile sobilik.","breadcrumb":{"@id":"https:\/\/nordlinepaadid.ee\/et\/mootori-paigaldus\/#breadcrumb"},"inLanguage":"et","potentialAction":[{"@type":"ReadAction","target":["https:\/\/nordlinepaadid.ee\/et\/mootori-paigaldus\/"]}]},{"@type":"BreadcrumbList","@id":"https:\/\/nordlinepaadid.ee\/et\/mootori-paigaldus\/#breadcrumb","itemListElement":[{"@type":"ListItem","position":1,"name":"Home","item":"https:\/\/nordlinepaadid.ee\/et\/"},{"@type":"ListItem","position":2,"name":"Mootori paigaldus"}]},{"@type":"WebSite","@id":"https:\/\/nordlinepaadid.ee\/et\/#website","url":"https:\/\/nordlinepaadid.ee\/et\/","name":"NORDLINE s\u00f5udepaadid ja mootorpaadid. Klaasfiiber materjalist.","description":"","publisher":{"@id":"https:\/\/nordlinepaadid.ee\/et\/#organization"},"potentialAction":[{"@type":"SearchAction","target":{"@type":"EntryPoint","urlTemplate":"https:\/\/nordlinepaadid.ee\/et\/?s={search_term_string}"},"query-input":{"@type":"PropertyValueSpecification","valueRequired":true,"valueName":"search_term_string"}}],"inLanguage":"et"},{"@type":"Organization","@id":"https:\/\/nordlinepaadid.ee\/et\/#organization","name":"Nordlineboats","url":"https:\/\/nordlinepaadid.ee\/et\/","logo":{"@type":"ImageObject","inLanguage":"et","@id":"https:\/\/nordlinepaadid.ee\/et\/#\/schema\/logo\/image\/","url":"https:\/\/nordlinepaadid.ee\/wp-content\/uploads\/2023\/01\/fulllogo_transparent_nobuffer-e1672750475494.png","contentUrl":"https:\/\/nordlinepaadid.ee\/wp-content\/uploads\/2023\/01\/fulllogo_transparent_nobuffer-e1672750475494.png","width":150,"height":119,"caption":"Nordlineboats"},"image":{"@id":"https:\/\/nordlinepaadid.ee\/et\/#\/schema\/logo\/image\/"},"sameAs":["https:\/\/www.facebook.com\/nordlineboats","https:\/\/www.youtube.com\/channel\/UCbgF0fy02y3QkFnujaLTaCA"]}]}},"taxonomy_info":[],"featured_image_src_large":false,"author_info":{"display_name":"Hannes K\u00e4rsna","author_link":"https:\/\/nordlinepaadid.ee\/et\/author\/hannes\/"},"comment_info":"","_links":{"self":[{"href":"https:\/\/nordlinepaadid.ee\/et\/wp-json\/wp\/v2\/pages\/3975","targetHints":{"allow":["GET"]}}],"collection":[{"href":"https:\/\/nordlinepaadid.ee\/et\/wp-json\/wp\/v2\/pages"}],"about":[{"href":"https:\/\/nordlinepaadid.ee\/et\/wp-json\/wp\/v2\/types\/page"}],"author":[{"embeddable":true,"href":"https:\/\/nordlinepaadid.ee\/et\/wp-json\/wp\/v2\/users\/2"}],"replies":[{"embeddable":true,"href":"https:\/\/nordlinepaadid.ee\/et\/wp-json\/wp\/v2\/comments?post=3975"}],"version-history":[{"count":0,"href":"https:\/\/nordlinepaadid.ee\/et\/wp-json\/wp\/v2\/pages\/3975\/revisions"}],"wp:attachment":[{"href":"https:\/\/nordlinepaadid.ee\/et\/wp-json\/wp\/v2\/media?parent=3975"}],"curies":[{"name":"wp","href":"https:\/\/api.w.org\/{rel}","templated":true}]}}