{"id":4215,"date":"2021-01-19T10:57:54","date_gmt":"2021-01-19T08:57:54","guid":{"rendered":"https:\/\/nordlinepaadid.ee\/?page_id=4215"},"modified":"2021-01-19T10:57:55","modified_gmt":"2021-01-19T08:57:55","slug":"paadi-registreerimine-arvele-votmine","status":"publish","type":"page","link":"https:\/\/nordlinepaadid.ee\/et\/paadi-registreerimine-arvele-votmine\/","title":{"rendered":"Paadi registreerimine"},"content":{"rendered":"\n<p>Paadid mis s\u00f5idavad laevatatavatel veekogusel, tuleb <a href=\"https:\/\/www.mnt.ee\/et\" target=\"_blank\" rel=\"noreferrer noopener\">Maanteeametis<\/a> registreerida. Laevatatavad veekogud on kindlasti meri, piiriveekogud, V\u00f5rtsj\u00e4rv ja Suur-Emaj\u00f5gi. Selle loetelu m\u00e4\u00e4rab <a href=\"http:\/\/Projekteeritav hoone peavad j\u00e4rgima piirkonna hoonestuslaadi ja planeerimisp\u00f5him\u00f5tteid ning moodustama harmoonilise ansambli naabruses paiknevate ehitistega. Hoonetel tuleb eelistada naturaalseid materjale (puit, kivi, betoon, metall, katusekivi). V\u00e4lisviimistluses ei ole lubatud looduslikke materjale imiteerivate kunstmaterjalide (n\u00e4iteks: plastik v\u00e4lisvoodrilaud) jmt kasutamine. Esitada hoonete v\u00e4rvilahendused. N\u00e4idata hoonestuse kaugus krundi piiridest.\" target=\"_blank\" rel=\"noreferrer noopener\">Veeteede Amet<\/a>. <\/p>\n\n\n\n<p>Meie paatide registreerimiseks ei ole tarvis paati Maanteeametis ette n\u00e4idata. Vastava akti saate koos paadiga kaasa.<\/p>\n\n\n\n<p>Registreerimiseks peab kaasas olema:<\/p>\n\n\n\n<ul class=\"wp-block-list\"><li>isikutunnistus<\/li><li>paadi ostu-m\u00fc\u00fcki t\u00f5endav dokument &#8211; ostu-m\u00fc\u00fcgi leping<\/li><li>paadi deklaratsioon<\/li><\/ul>\n\n\n\n<p>Maanteeametist saadud registreerimisnumber tuleb paigaldada paadile v\u00f6\u00f6ri, esimesele kolmandikule, n\u00e4htavale kohale. T\u00e4he v\u00e4rvus must v\u00f5i valge ja k\u00f5rgus v\u00e4hemalt 10cm. K\u00f5ige m\u00f5istlikum on tellida vastavad kleebised reklaamib\u00fcroost. V\u00f5ib ka ise numbri peale v\u00e4rvida. <\/p>\n","protected":false},"excerpt":{"rendered":"<p>Paadid mis s\u00f5idavad laevatatavatel veekogusel, tuleb Maanteeametis registreerida. Laevatatavad veekogud on kindlasti meri, piiriveekogud, V\u00f5rtsj\u00e4rv ja Suur-Emaj\u00f5gi. Selle loetelu m\u00e4\u00e4rab Veeteede Amet. Meie paatide registreerimiseks ei ole tarvis paati Maanteeametis ette n\u00e4idata. Vastava akti saate koos paadiga kaasa. Registreerimiseks peab kaasas olema: isikutunnistus paadi ostu-m\u00fc\u00fcki t\u00f5endav dokument &#8211; ostu-m\u00fc\u00fcgi leping paadi deklaratsioon Maanteeametist saadud registreerimisnumber&#8230;<\/p>\n","protected":false},"author":2,"featured_media":0,"parent":0,"menu_order":0,"comment_status":"closed","ping_status":"closed","template":"","meta":{"_kad_blocks_custom_css":"","_kad_blocks_head_custom_js":"","_kad_blocks_body_custom_js":"","_kad_blocks_footer_custom_js":"","_kad_post_transparent":"","_kad_post_title":"","_kad_post_layout":"","_kad_post_sidebar_id":"","_kad_post_content_style":"","_kad_post_vertical_padding":"","_kad_post_feature":"","_kad_post_feature_position":"","_kad_post_header":false,"_kad_post_footer":false,"_kad_post_classname":"","footnotes":""},"class_list":["post-4215","page","type-page","status-publish","hentry"],"yoast_head":"<!-- This site is optimized with the Yoast SEO plugin v27.3 - https:\/\/yoast.com\/product\/yoast-seo-wordpress\/ -->\n<title>PAADI REGISTREERIMINE, ARVELE V\u00d5TMINE<\/title>\n<meta name=\"description\" content=\"Vees\u00f5idukid, mis liiguvad laevatatavatel veekogudel, peavad olema arvele v\u00f5etud Maanteeametis. Paadid peavad omama reg. numbrit.\" \/>\n<meta name=\"robots\" content=\"index, follow, max-snippet:-1, max-image-preview:large, max-video-preview:-1\" \/>\n<link rel=\"canonical\" href=\"https:\/\/nordlinepaadid.ee\/et\/paadi-registreerimine-arvele-votmine\/\" \/>\n<meta property=\"og:locale\" content=\"et_EE\" \/>\n<meta property=\"og:type\" content=\"article\" \/>\n<meta property=\"og:title\" content=\"PAADI REGISTREERIMINE, ARVELE V\u00d5TMINE\" \/>\n<meta property=\"og:description\" content=\"Vees\u00f5idukid, mis liiguvad laevatatavatel veekogudel, peavad olema arvele v\u00f5etud Maanteeametis. Paadid peavad omama reg. numbrit.\" \/>\n<meta property=\"og:url\" content=\"https:\/\/nordlinepaadid.ee\/et\/paadi-registreerimine-arvele-votmine\/\" \/>\n<meta property=\"og:site_name\" content=\"NORDLINE s\u00f5udepaadid ja mootorpaadid. Klaasfiiber materjalist.\" \/>\n<meta property=\"article:publisher\" content=\"https:\/\/www.facebook.com\/nordlineboats\" \/>\n<meta property=\"article:modified_time\" content=\"2021-01-19T08:57:55+00:00\" \/>\n<meta name=\"twitter:card\" content=\"summary_large_image\" \/>\n<meta name=\"twitter:label1\" content=\"Est. reading time\" \/>\n\t<meta name=\"twitter:data1\" content=\"1 minut\" \/>\n<script type=\"application\/ld+json\" class=\"yoast-schema-graph\">{\"@context\":\"https:\\\/\\\/schema.org\",\"@graph\":[{\"@type\":\"WebPage\",\"@id\":\"https:\\\/\\\/nordlinepaadid.ee\\\/et\\\/paadi-registreerimine-arvele-votmine\\\/\",\"url\":\"https:\\\/\\\/nordlinepaadid.ee\\\/et\\\/paadi-registreerimine-arvele-votmine\\\/\",\"name\":\"PAADI REGISTREERIMINE, ARVELE V\u00d5TMINE\",\"isPartOf\":{\"@id\":\"https:\\\/\\\/nordlinepaadid.ee\\\/et\\\/#website\"},\"datePublished\":\"2021-01-19T08:57:54+00:00\",\"dateModified\":\"2021-01-19T08:57:55+00:00\",\"description\":\"Vees\u00f5idukid, mis liiguvad laevatatavatel veekogudel, peavad olema arvele v\u00f5etud Maanteeametis. Paadid peavad omama reg. numbrit.\",\"breadcrumb\":{\"@id\":\"https:\\\/\\\/nordlinepaadid.ee\\\/et\\\/paadi-registreerimine-arvele-votmine\\\/#breadcrumb\"},\"inLanguage\":\"et\",\"potentialAction\":[{\"@type\":\"ReadAction\",\"target\":[\"https:\\\/\\\/nordlinepaadid.ee\\\/et\\\/paadi-registreerimine-arvele-votmine\\\/\"]}]},{\"@type\":\"BreadcrumbList\",\"@id\":\"https:\\\/\\\/nordlinepaadid.ee\\\/et\\\/paadi-registreerimine-arvele-votmine\\\/#breadcrumb\",\"itemListElement\":[{\"@type\":\"ListItem\",\"position\":1,\"name\":\"Home\",\"item\":\"https:\\\/\\\/nordlinepaadid.ee\\\/et\\\/\"},{\"@type\":\"ListItem\",\"position\":2,\"name\":\"Paadi registreerimine\"}]},{\"@type\":\"WebSite\",\"@id\":\"https:\\\/\\\/nordlinepaadid.ee\\\/et\\\/#website\",\"url\":\"https:\\\/\\\/nordlinepaadid.ee\\\/et\\\/\",\"name\":\"NORDLINE s\u00f5udepaadid ja mootorpaadid. Klaasfiiber materjalist.\",\"description\":\"\",\"publisher\":{\"@id\":\"https:\\\/\\\/nordlinepaadid.ee\\\/et\\\/#organization\"},\"potentialAction\":[{\"@type\":\"SearchAction\",\"target\":{\"@type\":\"EntryPoint\",\"urlTemplate\":\"https:\\\/\\\/nordlinepaadid.ee\\\/et\\\/?s={search_term_string}\"},\"query-input\":{\"@type\":\"PropertyValueSpecification\",\"valueRequired\":true,\"valueName\":\"search_term_string\"}}],\"inLanguage\":\"et\"},{\"@type\":\"Organization\",\"@id\":\"https:\\\/\\\/nordlinepaadid.ee\\\/et\\\/#organization\",\"name\":\"Nordlineboats\",\"url\":\"https:\\\/\\\/nordlinepaadid.ee\\\/et\\\/\",\"logo\":{\"@type\":\"ImageObject\",\"inLanguage\":\"et\",\"@id\":\"https:\\\/\\\/nordlinepaadid.ee\\\/et\\\/#\\\/schema\\\/logo\\\/image\\\/\",\"url\":\"https:\\\/\\\/nordlinepaadid.ee\\\/wp-content\\\/uploads\\\/2023\\\/01\\\/fulllogo_transparent_nobuffer-e1672750475494.png\",\"contentUrl\":\"https:\\\/\\\/nordlinepaadid.ee\\\/wp-content\\\/uploads\\\/2023\\\/01\\\/fulllogo_transparent_nobuffer-e1672750475494.png\",\"width\":150,\"height\":119,\"caption\":\"Nordlineboats\"},\"image\":{\"@id\":\"https:\\\/\\\/nordlinepaadid.ee\\\/et\\\/#\\\/schema\\\/logo\\\/image\\\/\"},\"sameAs\":[\"https:\\\/\\\/www.facebook.com\\\/nordlineboats\",\"https:\\\/\\\/www.youtube.com\\\/channel\\\/UCbgF0fy02y3QkFnujaLTaCA\"]}]}<\/script>\n<!-- \/ Yoast SEO plugin. -->","yoast_head_json":{"title":"PAADI REGISTREERIMINE, ARVELE V\u00d5TMINE","description":"Vees\u00f5idukid, mis liiguvad laevatatavatel veekogudel, peavad olema arvele v\u00f5etud Maanteeametis. Paadid peavad omama reg. numbrit.","robots":{"index":"index","follow":"follow","max-snippet":"max-snippet:-1","max-image-preview":"max-image-preview:large","max-video-preview":"max-video-preview:-1"},"canonical":"https:\/\/nordlinepaadid.ee\/et\/paadi-registreerimine-arvele-votmine\/","og_locale":"et_EE","og_type":"article","og_title":"PAADI REGISTREERIMINE, ARVELE V\u00d5TMINE","og_description":"Vees\u00f5idukid, mis liiguvad laevatatavatel veekogudel, peavad olema arvele v\u00f5etud Maanteeametis. Paadid peavad omama reg. numbrit.","og_url":"https:\/\/nordlinepaadid.ee\/et\/paadi-registreerimine-arvele-votmine\/","og_site_name":"NORDLINE s\u00f5udepaadid ja mootorpaadid. Klaasfiiber materjalist.","article_publisher":"https:\/\/www.facebook.com\/nordlineboats","article_modified_time":"2021-01-19T08:57:55+00:00","twitter_card":"summary_large_image","twitter_misc":{"Est. reading time":"1 minut"},"schema":{"@context":"https:\/\/schema.org","@graph":[{"@type":"WebPage","@id":"https:\/\/nordlinepaadid.ee\/et\/paadi-registreerimine-arvele-votmine\/","url":"https:\/\/nordlinepaadid.ee\/et\/paadi-registreerimine-arvele-votmine\/","name":"PAADI REGISTREERIMINE, ARVELE V\u00d5TMINE","isPartOf":{"@id":"https:\/\/nordlinepaadid.ee\/et\/#website"},"datePublished":"2021-01-19T08:57:54+00:00","dateModified":"2021-01-19T08:57:55+00:00","description":"Vees\u00f5idukid, mis liiguvad laevatatavatel veekogudel, peavad olema arvele v\u00f5etud Maanteeametis. Paadid peavad omama reg. numbrit.","breadcrumb":{"@id":"https:\/\/nordlinepaadid.ee\/et\/paadi-registreerimine-arvele-votmine\/#breadcrumb"},"inLanguage":"et","potentialAction":[{"@type":"ReadAction","target":["https:\/\/nordlinepaadid.ee\/et\/paadi-registreerimine-arvele-votmine\/"]}]},{"@type":"BreadcrumbList","@id":"https:\/\/nordlinepaadid.ee\/et\/paadi-registreerimine-arvele-votmine\/#breadcrumb","itemListElement":[{"@type":"ListItem","position":1,"name":"Home","item":"https:\/\/nordlinepaadid.ee\/et\/"},{"@type":"ListItem","position":2,"name":"Paadi registreerimine"}]},{"@type":"WebSite","@id":"https:\/\/nordlinepaadid.ee\/et\/#website","url":"https:\/\/nordlinepaadid.ee\/et\/","name":"NORDLINE s\u00f5udepaadid ja mootorpaadid. Klaasfiiber materjalist.","description":"","publisher":{"@id":"https:\/\/nordlinepaadid.ee\/et\/#organization"},"potentialAction":[{"@type":"SearchAction","target":{"@type":"EntryPoint","urlTemplate":"https:\/\/nordlinepaadid.ee\/et\/?s={search_term_string}"},"query-input":{"@type":"PropertyValueSpecification","valueRequired":true,"valueName":"search_term_string"}}],"inLanguage":"et"},{"@type":"Organization","@id":"https:\/\/nordlinepaadid.ee\/et\/#organization","name":"Nordlineboats","url":"https:\/\/nordlinepaadid.ee\/et\/","logo":{"@type":"ImageObject","inLanguage":"et","@id":"https:\/\/nordlinepaadid.ee\/et\/#\/schema\/logo\/image\/","url":"https:\/\/nordlinepaadid.ee\/wp-content\/uploads\/2023\/01\/fulllogo_transparent_nobuffer-e1672750475494.png","contentUrl":"https:\/\/nordlinepaadid.ee\/wp-content\/uploads\/2023\/01\/fulllogo_transparent_nobuffer-e1672750475494.png","width":150,"height":119,"caption":"Nordlineboats"},"image":{"@id":"https:\/\/nordlinepaadid.ee\/et\/#\/schema\/logo\/image\/"},"sameAs":["https:\/\/www.facebook.com\/nordlineboats","https:\/\/www.youtube.com\/channel\/UCbgF0fy02y3QkFnujaLTaCA"]}]}},"taxonomy_info":[],"featured_image_src_large":false,"author_info":{"display_name":"Hannes K\u00e4rsna","author_link":"https:\/\/nordlinepaadid.ee\/et\/author\/hannes\/"},"comment_info":"","_links":{"self":[{"href":"https:\/\/nordlinepaadid.ee\/et\/wp-json\/wp\/v2\/pages\/4215","targetHints":{"allow":["GET"]}}],"collection":[{"href":"https:\/\/nordlinepaadid.ee\/et\/wp-json\/wp\/v2\/pages"}],"about":[{"href":"https:\/\/nordlinepaadid.ee\/et\/wp-json\/wp\/v2\/types\/page"}],"author":[{"embeddable":true,"href":"https:\/\/nordlinepaadid.ee\/et\/wp-json\/wp\/v2\/users\/2"}],"replies":[{"embeddable":true,"href":"https:\/\/nordlinepaadid.ee\/et\/wp-json\/wp\/v2\/comments?post=4215"}],"version-history":[{"count":0,"href":"https:\/\/nordlinepaadid.ee\/et\/wp-json\/wp\/v2\/pages\/4215\/revisions"}],"wp:attachment":[{"href":"https:\/\/nordlinepaadid.ee\/et\/wp-json\/wp\/v2\/media?parent=4215"}],"curies":[{"name":"wp","href":"https:\/\/api.w.org\/{rel}","templated":true}]}}