{"id":56848,"date":"2026-03-03T11:55:09","date_gmt":"2026-03-03T09:55:09","guid":{"rendered":"https:\/\/nordlinepaadid.ee\/?page_id=56848"},"modified":"2026-03-04T08:45:17","modified_gmt":"2026-03-04T06:45:17","slug":"minn-kota-elektriliste-paadimootorite-vordlustabel","status":"publish","type":"page","link":"https:\/\/nordlinepaadid.ee\/et\/minn-kota-elektriliste-paadimootorite-vordlustabel\/","title":{"rendered":"Minn Kota elektriliste paadimootorite v\u00f5rdlustabel"},"content":{"rendered":"\n<figure class=\"wp-block-table\"><table class=\"has-fixed-layout\"><thead><tr><th>Seeria<\/th><th>Keskkond<\/th><th>Paigaldus<\/th><th>Juhtimine \/ roolimine<\/th><th>Mootoritehnoloogia<\/th><th>Pinge (t\u00fc\u00fcpiline)<\/th><th>Kiirused<\/th><th>Digital Maximizer<\/th><th>GPS \/ Spot-Lock<\/th><th>Auto Stow\/Deploy<\/th><th>Power Trim<\/th><th>Sonar valikud<\/th><th><\/th><\/tr><\/thead><tbody><tr><td><strong>Endura<\/strong><\/td><td>Magevesi<\/td><td>Ahter (transom)<\/td><td>K\u00e4sijuhtimine (tiller)<\/td><td>Harjadega<\/td><td>12V<\/td><td><strong>5 edasi \/ 3 tagasi<\/strong><\/td><td>Ei<\/td><td>Ei<\/td><td>Ei<\/td><td>Ei<\/td><td>Puudub<\/td><td><\/td><\/tr><tr><td><strong>Endura C2<\/strong><\/td><td>Magevesi<\/td><td>Ahter<\/td><td>K\u00e4sijuhtimine (tiller)<\/td><td>Harjadega<\/td><td>12V<\/td><td>5\/3 (t\u00fc\u00fcpiline)<\/td><td>Ei (t\u00fc\u00fcpiline)<\/td><td>Ei<\/td><td>Ei<\/td><td>Ei<\/td><td>Puudub<\/td><td><\/td><\/tr><tr><td><strong>Endura Max<\/strong><\/td><td>Magevesi<\/td><td>Ahter<\/td><td>K\u00e4sijuhtimine (tiller)<\/td><td>Harjadega<\/td><td>12V<\/td><td><strong>Muutuv kiirus<\/strong><\/td><td>Jah<\/td><td>Ei<\/td><td>Ei<\/td><td>Ei<\/td><td>Puudub<\/td><td><\/td><\/tr><tr><td><strong>Traxxis<\/strong><\/td><td>Magevesi<\/td><td>Ahter<\/td><td>Teleskoop + kallutatav k\u00e4epide<\/td><td>Harjadega<\/td><td>12V \/ 24V (mudelist)<\/td><td><strong>Muutuv kiirus<\/strong><\/td><td>Jah<\/td><td>Ei<\/td><td>Ei<\/td><td><strong>One-Hand Stow<\/strong>\u00a0\u2013 saab \u00fche k\u00e4ega veest v\u00e4lja t\u00f5sta<\/td><td>Puudub<\/td><td><\/td><\/tr><tr><td><strong>Edge<\/strong><\/td><td>Magevesi<\/td><td>V\u00f6\u00f6r (bow-mount)<\/td><td>Jalgpult (foot pedal) \/ s\u00f5ltub mudelist<\/td><td>Harjadega<\/td><td>12V \/ 24V (mudelist)<\/td><td>(tavaliselt muutuv)<\/td><td>(tavaliselt jah)<\/td><td>Ei<\/td><td>Ei<\/td><td>Ei<\/td><td>Puudub<\/td><td><\/td><\/tr><tr><td><strong>Maxxum<\/strong><\/td><td>Magevesi<\/td><td>V\u00f6\u00f6r<\/td><td>Kaabel-jalgpult (heel\/toe)<\/td><td>Harjadega<\/td><td>24V (t\u00fc\u00fcpiline)<\/td><td>Muutuv<\/td><td>Jah<\/td><td>Ei<\/td><td>Ei<\/td><td>Ei<\/td><td>Puudub<\/td><td><\/td><\/tr><tr><td><strong>Fortrex<\/strong><\/td><td>Magevesi<\/td><td>V\u00f6\u00f6r<\/td><td>Kaabel-jalgpult (heel\/toe)<\/td><td>Harjadega<\/td><td>36V (t\u00fc\u00fcpiline)<\/td><td>Muutuv<\/td><td>Jah<\/td><td>Ei<\/td><td>Ei<\/td><td>Ei<\/td><td>Dual Spectrum CHIRP (mudelist)<\/td><td><\/td><\/tr><tr><td><strong>PowerDrive<\/strong><\/td><td>Magevesi<\/td><td>V\u00f6\u00f6r<\/td><td>Elektriline roolimine + pult\/jalgpult (mudelist)<\/td><td>Harjadega<\/td><td>12V \/ 24V (mudelist)<\/td><td>Muutuv<\/td><td>Jah<\/td><td><strong>Saadaval (Advanced GPS \/ Spot-Lock mudelitel)<\/strong><\/td><td>Ei<\/td><td>Ei<\/td><td>(mudelist)<\/td><td><\/td><\/tr><tr><td><strong>Terrova<\/strong><\/td><td>Magevesi<\/td><td>V\u00f6\u00f6r<\/td><td>Elektriline roolimine + pult\/jalgpult (mudelist)<\/td><td>Harjadega v\u00f5i&nbsp;<strong>QUEST (brushless) valik<\/strong><\/td><td>12\/24\/36V (mudelist)<\/td><td>Muutuv<\/td><td>Jah<\/td><td>Jah<\/td><td>Ei<\/td><td>Ei<\/td><td>(mudelist)<\/td><td><\/td><\/tr><tr><td><strong>Ulterra<\/strong><\/td><td>Magevesi<\/td><td>V\u00f6\u00f6r<\/td><td>Elektriline roolimine + pult\/jalgpult<\/td><td>Harjadega v\u00f5i&nbsp;<strong>QUEST (brushless) valik<\/strong><\/td><td>24\/36V (mudelist)<\/td><td>Muutuv<\/td><td>Jah<\/td><td>Jah<\/td><td><strong>Jah<\/strong><\/td><td><strong>Jah<\/strong><\/td><td>(mudelist)<\/td><td><\/td><\/tr><tr><td><strong>Ultrex<\/strong><\/td><td>Magevesi<\/td><td>V\u00f6\u00f6r<\/td><td><strong>H\u00fcbriid: kaabel-tunne + elektriline roolimine<\/strong><\/td><td>Harjadega v\u00f5i&nbsp;<strong>QUEST (brushless) valik<\/strong><\/td><td>24\/36V (mudelist)<\/td><td>Muutuv<\/td><td>Jah<\/td><td>Jah (mudelist)<\/td><td>Ei<\/td><td>Ei<\/td><td>(mudelist)<\/td><td><\/td><\/tr><tr><td><strong>Kayak Terrova<\/strong><\/td><td>Magevesi<\/td><td>Kajakile<\/td><td>Pult (micro remote)<\/td><td>(seeria p\u00f5hine)<\/td><td>12V (t\u00fc\u00fcpiline)<\/td><td>Muutuv<\/td><td>(t\u00fc\u00fcpiline jah)<\/td><td>(mudelist)<\/td><td>Ei<\/td><td>Ei<\/td><td>Puudub<\/td><td><\/td><\/tr><tr><td><strong>Riptide Transom<\/strong><\/td><td>Soolane vesi<\/td><td>Ahter<\/td><td>K\u00e4sijuhtimine (tiller)<\/td><td>Harjadega<\/td><td>12\/24\/36V (mudelist)<\/td><td>(mudelist)<\/td><td>Jah (t\u00fc\u00fcpiline)<\/td><td>Ei<\/td><td>Ei<\/td><td>Ei<\/td><td>Puudub<\/td><td><\/td><\/tr><tr><td><strong>Riptide Maxxum<\/strong><\/td><td>Soolane vesi<\/td><td>V\u00f6\u00f6r<\/td><td>(mudelist: k\u00e4sijuht \/ jalgpult s\u00f5ltuvalt variandist)<\/td><td>Harjadega<\/td><td>12\/24V (mudelist)<\/td><td>Muutuv \/ 5-kiirus (mudelist)<\/td><td>(mudelist)<\/td><td>Ei<\/td><td>Ei<\/td><td>Ei<\/td><td>Puudub<\/td><td><\/td><\/tr><tr><td><strong>Riptide Fortrex<\/strong><\/td><td>Soolane vesi<\/td><td>V\u00f6\u00f6r<\/td><td>K\u00e4sijuhtimine (tiller) (t\u00fc\u00fcpiline)<\/td><td>Harjadega<\/td><td>24V (t\u00fc\u00fcpiline)<\/td><td>Muutuv<\/td><td>Jah<\/td><td>Ei<\/td><td>Ei<\/td><td>Ei<\/td><td>Puudub<\/td><td><\/td><\/tr><tr><td><strong>Riptide PowerDrive<\/strong><\/td><td>Soolane vesi<\/td><td>V\u00f6\u00f6r<\/td><td>Elektriline roolimine + pult<\/td><td>Harjadega<\/td><td>12\/24V (mudelist)<\/td><td>Muutuv<\/td><td>(t\u00fc\u00fcpiline jah)<\/td><td><strong>Jah (Advanced GPS \/ Spot-Lock)<\/strong><\/td><td>Ei<\/td><td>Ei<\/td><td>Puudub<\/td><td><\/td><\/tr><tr><td><strong>Riptide Terrova<\/strong><\/td><td>Soolane vesi<\/td><td>V\u00f6\u00f6r<\/td><td>Elektriline roolimine + pult\/jalgpult (mudelist)<\/td><td>Harjadega v\u00f5i&nbsp;<strong>QUEST valik<\/strong><\/td><td>24\/36V (mudelist)<\/td><td>Muutuv<\/td><td>Jah<\/td><td>Jah<\/td><td>Ei<\/td><td>Ei<\/td><td>(mudelist)<\/td><td><\/td><\/tr><tr><td><strong>Riptide Instinct QUEST<\/strong><\/td><td>Soolane vesi<\/td><td>V\u00f6\u00f6r<\/td><td>Elektriline roolimine + pult, One-Boat Network<\/td><td><strong>QUEST (brushless)<\/strong><\/td><td>24\/36V<\/td><td>Muutuv<\/td><td>Jah<\/td><td>Jah<\/td><td><strong>Jah<\/strong><\/td><td><strong>Jah<\/strong><\/td><td>(mudelist)<\/td><td><\/td><\/tr><tr><td><strong>Riptide Kayak Terrova<\/strong><\/td><td>Soolane vesi<\/td><td>Kajakile<\/td><td>Pult (kajaki-spetsiifiline)<\/td><td>(seeria p\u00f5hine)<\/td><td>(t\u00fc\u00fcpiline 12V)<\/td><td>Muutuv<\/td><td>(t\u00fc\u00fcpiline)<\/td><td>(mudelist)<\/td><td>Ei<\/td><td>Ei<\/td><td>Puudub<\/td><td><\/td><\/tr><\/tbody><\/table><\/figure>\n","protected":false},"excerpt":{"rendered":"<p>Seeria Keskkond Paigaldus Juhtimine \/ roolimine Mootoritehnoloogia Pinge (t\u00fc\u00fcpiline) Kiirused Digital Maximizer GPS \/ Spot-Lock Auto Stow\/Deploy Power Trim Sonar valikud Endura Magevesi Ahter (transom) K\u00e4sijuhtimine (tiller) Harjadega 12V 5 edasi \/ 3 tagasi Ei Ei Ei Ei Puudub Endura C2 Magevesi Ahter K\u00e4sijuhtimine (tiller) Harjadega 12V 5\/3 (t\u00fc\u00fcpiline) Ei (t\u00fc\u00fcpiline) Ei Ei Ei Puudub&#8230;<\/p>\n","protected":false},"author":2,"featured_media":0,"parent":0,"menu_order":0,"comment_status":"closed","ping_status":"closed","template":"","meta":{"_kad_blocks_custom_css":"","_kad_blocks_head_custom_js":"","_kad_blocks_body_custom_js":"","_kad_blocks_footer_custom_js":"","_kad_post_transparent":"","_kad_post_title":"","_kad_post_layout":"","_kad_post_sidebar_id":"","_kad_post_content_style":"","_kad_post_vertical_padding":"","_kad_post_feature":"","_kad_post_feature_position":"","_kad_post_header":false,"_kad_post_footer":false,"_kad_post_classname":"","footnotes":""},"class_list":["post-56848","page","type-page","status-publish","hentry"],"yoast_head":"<!-- This site is optimized with the Yoast SEO plugin v27.3 - https:\/\/yoast.com\/product\/yoast-seo-wordpress\/ -->\n<title>Minn Kota elektriliste paadimootorite omadused<\/title>\n<meta name=\"description\" content=\"Vaata siin millised on Minn Kota mootorite erinevate seeriate erinevused. Mille poolest \u00fcks seeria erineb teisest.\" \/>\n<meta name=\"robots\" content=\"index, follow, max-snippet:-1, max-image-preview:large, max-video-preview:-1\" \/>\n<link rel=\"canonical\" href=\"https:\/\/nordlinepaadid.ee\/et\/minn-kota-elektriliste-paadimootorite-vordlustabel\/\" \/>\n<meta property=\"og:locale\" content=\"et_EE\" \/>\n<meta property=\"og:type\" content=\"article\" \/>\n<meta property=\"og:title\" content=\"Minn Kota elektriliste paadimootorite omadused\" \/>\n<meta property=\"og:description\" content=\"Vaata siin millised on Minn Kota mootorite erinevate seeriate erinevused. Mille poolest \u00fcks seeria erineb teisest.\" \/>\n<meta property=\"og:url\" content=\"https:\/\/nordlinepaadid.ee\/et\/minn-kota-elektriliste-paadimootorite-vordlustabel\/\" \/>\n<meta property=\"og:site_name\" content=\"NORDLINE s\u00f5udepaadid ja mootorpaadid. Klaasfiiber materjalist.\" \/>\n<meta property=\"article:publisher\" content=\"https:\/\/www.facebook.com\/nordlineboats\" \/>\n<meta property=\"article:modified_time\" content=\"2026-03-04T06:45:17+00:00\" \/>\n<meta name=\"twitter:card\" content=\"summary_large_image\" \/>\n<meta name=\"twitter:label1\" content=\"Est. reading time\" \/>\n\t<meta name=\"twitter:data1\" content=\"3 minutit\" \/>\n<script type=\"application\/ld+json\" class=\"yoast-schema-graph\">{\"@context\":\"https:\\\/\\\/schema.org\",\"@graph\":[{\"@type\":\"WebPage\",\"@id\":\"https:\\\/\\\/nordlinepaadid.ee\\\/et\\\/minn-kota-elektriliste-paadimootorite-vordlustabel\\\/\",\"url\":\"https:\\\/\\\/nordlinepaadid.ee\\\/et\\\/minn-kota-elektriliste-paadimootorite-vordlustabel\\\/\",\"name\":\"Minn Kota elektriliste paadimootorite omadused\",\"isPartOf\":{\"@id\":\"https:\\\/\\\/nordlinepaadid.ee\\\/et\\\/#website\"},\"datePublished\":\"2026-03-03T09:55:09+00:00\",\"dateModified\":\"2026-03-04T06:45:17+00:00\",\"description\":\"Vaata siin millised on Minn Kota mootorite erinevate seeriate erinevused. Mille poolest \u00fcks seeria erineb teisest.\",\"breadcrumb\":{\"@id\":\"https:\\\/\\\/nordlinepaadid.ee\\\/et\\\/minn-kota-elektriliste-paadimootorite-vordlustabel\\\/#breadcrumb\"},\"inLanguage\":\"et\",\"potentialAction\":[{\"@type\":\"ReadAction\",\"target\":[\"https:\\\/\\\/nordlinepaadid.ee\\\/et\\\/minn-kota-elektriliste-paadimootorite-vordlustabel\\\/\"]}]},{\"@type\":\"BreadcrumbList\",\"@id\":\"https:\\\/\\\/nordlinepaadid.ee\\\/et\\\/minn-kota-elektriliste-paadimootorite-vordlustabel\\\/#breadcrumb\",\"itemListElement\":[{\"@type\":\"ListItem\",\"position\":1,\"name\":\"Home\",\"item\":\"https:\\\/\\\/nordlinepaadid.ee\\\/et\\\/\"},{\"@type\":\"ListItem\",\"position\":2,\"name\":\"Minn Kota elektriliste paadimootorite v\u00f5rdlustabel\"}]},{\"@type\":\"WebSite\",\"@id\":\"https:\\\/\\\/nordlinepaadid.ee\\\/et\\\/#website\",\"url\":\"https:\\\/\\\/nordlinepaadid.ee\\\/et\\\/\",\"name\":\"NORDLINE s\u00f5udepaadid ja mootorpaadid. Klaasfiiber materjalist.\",\"description\":\"\",\"publisher\":{\"@id\":\"https:\\\/\\\/nordlinepaadid.ee\\\/et\\\/#organization\"},\"potentialAction\":[{\"@type\":\"SearchAction\",\"target\":{\"@type\":\"EntryPoint\",\"urlTemplate\":\"https:\\\/\\\/nordlinepaadid.ee\\\/et\\\/?s={search_term_string}\"},\"query-input\":{\"@type\":\"PropertyValueSpecification\",\"valueRequired\":true,\"valueName\":\"search_term_string\"}}],\"inLanguage\":\"et\"},{\"@type\":\"Organization\",\"@id\":\"https:\\\/\\\/nordlinepaadid.ee\\\/et\\\/#organization\",\"name\":\"Nordlineboats\",\"url\":\"https:\\\/\\\/nordlinepaadid.ee\\\/et\\\/\",\"logo\":{\"@type\":\"ImageObject\",\"inLanguage\":\"et\",\"@id\":\"https:\\\/\\\/nordlinepaadid.ee\\\/et\\\/#\\\/schema\\\/logo\\\/image\\\/\",\"url\":\"https:\\\/\\\/nordlinepaadid.ee\\\/wp-content\\\/uploads\\\/2023\\\/01\\\/fulllogo_transparent_nobuffer-e1672750475494.png\",\"contentUrl\":\"https:\\\/\\\/nordlinepaadid.ee\\\/wp-content\\\/uploads\\\/2023\\\/01\\\/fulllogo_transparent_nobuffer-e1672750475494.png\",\"width\":150,\"height\":119,\"caption\":\"Nordlineboats\"},\"image\":{\"@id\":\"https:\\\/\\\/nordlinepaadid.ee\\\/et\\\/#\\\/schema\\\/logo\\\/image\\\/\"},\"sameAs\":[\"https:\\\/\\\/www.facebook.com\\\/nordlineboats\",\"https:\\\/\\\/www.youtube.com\\\/channel\\\/UCbgF0fy02y3QkFnujaLTaCA\"]}]}<\/script>\n<!-- \/ Yoast SEO plugin. -->","yoast_head_json":{"title":"Minn Kota elektriliste paadimootorite omadused","description":"Vaata siin millised on Minn Kota mootorite erinevate seeriate erinevused. Mille poolest \u00fcks seeria erineb teisest.","robots":{"index":"index","follow":"follow","max-snippet":"max-snippet:-1","max-image-preview":"max-image-preview:large","max-video-preview":"max-video-preview:-1"},"canonical":"https:\/\/nordlinepaadid.ee\/et\/minn-kota-elektriliste-paadimootorite-vordlustabel\/","og_locale":"et_EE","og_type":"article","og_title":"Minn Kota elektriliste paadimootorite omadused","og_description":"Vaata siin millised on Minn Kota mootorite erinevate seeriate erinevused. Mille poolest \u00fcks seeria erineb teisest.","og_url":"https:\/\/nordlinepaadid.ee\/et\/minn-kota-elektriliste-paadimootorite-vordlustabel\/","og_site_name":"NORDLINE s\u00f5udepaadid ja mootorpaadid. Klaasfiiber materjalist.","article_publisher":"https:\/\/www.facebook.com\/nordlineboats","article_modified_time":"2026-03-04T06:45:17+00:00","twitter_card":"summary_large_image","twitter_misc":{"Est. reading time":"3 minutit"},"schema":{"@context":"https:\/\/schema.org","@graph":[{"@type":"WebPage","@id":"https:\/\/nordlinepaadid.ee\/et\/minn-kota-elektriliste-paadimootorite-vordlustabel\/","url":"https:\/\/nordlinepaadid.ee\/et\/minn-kota-elektriliste-paadimootorite-vordlustabel\/","name":"Minn Kota elektriliste paadimootorite omadused","isPartOf":{"@id":"https:\/\/nordlinepaadid.ee\/et\/#website"},"datePublished":"2026-03-03T09:55:09+00:00","dateModified":"2026-03-04T06:45:17+00:00","description":"Vaata siin millised on Minn Kota mootorite erinevate seeriate erinevused. Mille poolest \u00fcks seeria erineb teisest.","breadcrumb":{"@id":"https:\/\/nordlinepaadid.ee\/et\/minn-kota-elektriliste-paadimootorite-vordlustabel\/#breadcrumb"},"inLanguage":"et","potentialAction":[{"@type":"ReadAction","target":["https:\/\/nordlinepaadid.ee\/et\/minn-kota-elektriliste-paadimootorite-vordlustabel\/"]}]},{"@type":"BreadcrumbList","@id":"https:\/\/nordlinepaadid.ee\/et\/minn-kota-elektriliste-paadimootorite-vordlustabel\/#breadcrumb","itemListElement":[{"@type":"ListItem","position":1,"name":"Home","item":"https:\/\/nordlinepaadid.ee\/et\/"},{"@type":"ListItem","position":2,"name":"Minn Kota elektriliste paadimootorite v\u00f5rdlustabel"}]},{"@type":"WebSite","@id":"https:\/\/nordlinepaadid.ee\/et\/#website","url":"https:\/\/nordlinepaadid.ee\/et\/","name":"NORDLINE s\u00f5udepaadid ja mootorpaadid. Klaasfiiber materjalist.","description":"","publisher":{"@id":"https:\/\/nordlinepaadid.ee\/et\/#organization"},"potentialAction":[{"@type":"SearchAction","target":{"@type":"EntryPoint","urlTemplate":"https:\/\/nordlinepaadid.ee\/et\/?s={search_term_string}"},"query-input":{"@type":"PropertyValueSpecification","valueRequired":true,"valueName":"search_term_string"}}],"inLanguage":"et"},{"@type":"Organization","@id":"https:\/\/nordlinepaadid.ee\/et\/#organization","name":"Nordlineboats","url":"https:\/\/nordlinepaadid.ee\/et\/","logo":{"@type":"ImageObject","inLanguage":"et","@id":"https:\/\/nordlinepaadid.ee\/et\/#\/schema\/logo\/image\/","url":"https:\/\/nordlinepaadid.ee\/wp-content\/uploads\/2023\/01\/fulllogo_transparent_nobuffer-e1672750475494.png","contentUrl":"https:\/\/nordlinepaadid.ee\/wp-content\/uploads\/2023\/01\/fulllogo_transparent_nobuffer-e1672750475494.png","width":150,"height":119,"caption":"Nordlineboats"},"image":{"@id":"https:\/\/nordlinepaadid.ee\/et\/#\/schema\/logo\/image\/"},"sameAs":["https:\/\/www.facebook.com\/nordlineboats","https:\/\/www.youtube.com\/channel\/UCbgF0fy02y3QkFnujaLTaCA"]}]}},"taxonomy_info":[],"featured_image_src_large":false,"author_info":{"display_name":"Hannes K\u00e4rsna","author_link":"https:\/\/nordlinepaadid.ee\/et\/author\/hannes\/"},"comment_info":"","_links":{"self":[{"href":"https:\/\/nordlinepaadid.ee\/et\/wp-json\/wp\/v2\/pages\/56848","targetHints":{"allow":["GET"]}}],"collection":[{"href":"https:\/\/nordlinepaadid.ee\/et\/wp-json\/wp\/v2\/pages"}],"about":[{"href":"https:\/\/nordlinepaadid.ee\/et\/wp-json\/wp\/v2\/types\/page"}],"author":[{"embeddable":true,"href":"https:\/\/nordlinepaadid.ee\/et\/wp-json\/wp\/v2\/users\/2"}],"replies":[{"embeddable":true,"href":"https:\/\/nordlinepaadid.ee\/et\/wp-json\/wp\/v2\/comments?post=56848"}],"version-history":[{"count":3,"href":"https:\/\/nordlinepaadid.ee\/et\/wp-json\/wp\/v2\/pages\/56848\/revisions"}],"predecessor-version":[{"id":56888,"href":"https:\/\/nordlinepaadid.ee\/et\/wp-json\/wp\/v2\/pages\/56848\/revisions\/56888"}],"wp:attachment":[{"href":"https:\/\/nordlinepaadid.ee\/et\/wp-json\/wp\/v2\/media?parent=56848"}],"curies":[{"name":"wp","href":"https:\/\/api.w.org\/{rel}","templated":true}]}}