{"id":57018,"date":"2026-03-10T13:44:12","date_gmt":"2026-03-10T11:44:12","guid":{"rendered":"https:\/\/nordlinepaadid.ee\/?page_id=57018"},"modified":"2026-03-10T13:44:14","modified_gmt":"2026-03-10T11:44:14","slug":"lowrance-kajaloodide-vordlus","status":"publish","type":"page","link":"https:\/\/nordlinepaadid.ee\/et\/lowrance-kajaloodide-vordlus\/","title":{"rendered":"Lowrance kajaloodide v\u00f5rdlus"},"content":{"rendered":"\n<h1 class=\"wp-block-heading\">Lowrance kajaloodide v\u00f5rdlus<\/h1>\n\n\n\n<h2 class=\"wp-block-heading\">Hook Reveal vs Elite FS vs HDS PRO<\/h2>\n\n\n\n<figure class=\"wp-block-table\"><table class=\"has-fixed-layout\"><thead><tr><th>Omadus<\/th><th><strong>Lowrance Hook Reveal<\/strong><\/th><th><strong>Lowrance Elite FS<\/strong><\/th><th><strong>Lowrance HDS PRO<\/strong><\/th><\/tr><\/thead><tbody><tr><td>Tooteklass<\/td><td>soodsam algtaseme kajalood<\/td><td>keskmine klass<\/td><td>professionaalne tippmudel<\/td><\/tr><tr><td>Ekraani suurused<\/td><td>5\u2033, 7\u2033, 9\u2033<\/td><td>7\u2033, 9\u2033, 10\u2033, 12\u2033<\/td><td>9\u2033, 10\u2033, 12\u2033, 16\u2033<\/td><\/tr><tr><td>Ekraan<\/td><td>SolarMAX<\/td><td>SolarMAX HD puutetundlik<\/td><td>SolarMAX HD k\u00f5rge resolutsioon<\/td><\/tr><tr><td>Puuteekraan<\/td><td>ei<\/td><td>jah<\/td><td>jah<\/td><\/tr><tr><td>CHIRP sonar<\/td><td>jah<\/td><td>jah<\/td><td>jah<\/td><\/tr><tr><td>DownScan Imaging<\/td><td>jah<\/td><td>jah<\/td><td>jah<\/td><\/tr><tr><td>SideScan<\/td><td>ainult m\u00f5nes mudelis<\/td><td>jah<\/td><td>jah<\/td><\/tr><tr><td>Active Imaging sonar<\/td><td>ei<\/td><td>jah<\/td><td>jah<\/td><\/tr><tr><td>Active Imaging HD<\/td><td>ei<\/td><td>lisamooduliga<\/td><td>jah<\/td><\/tr><tr><td>FishReveal<\/td><td>jah<\/td><td>jah<\/td><td>jah<\/td><\/tr><tr><td>ActiveTarget Live Sonari tugi<\/td><td>ei<\/td><td>jah<\/td><td>jah<\/td><\/tr><tr><td>Ethernet v\u00f5rgu tugi<\/td><td>ei<\/td><td>jah<\/td><td>jah<\/td><\/tr><tr><td>NMEA 2000<\/td><td>ei<\/td><td>jah<\/td><td>jah<\/td><\/tr><tr><td>Genesis Live kaardistamine<\/td><td>jah<\/td><td>jah<\/td><td>jah<\/td><\/tr><tr><td>Kaardid<\/td><td>C-MAP \/ Navionics<\/td><td>C-MAP \/ Navionics<\/td><td>C-MAP \/ Navionics<\/td><\/tr><tr><td>M\u00f5eldud kasutajale<\/td><td>harrastuskalastaja<\/td><td>t\u00f5sine kalastaja<\/td><td>professionaalne kalastaja<\/td><\/tr><\/tbody><\/table><\/figure>\n","protected":false},"excerpt":{"rendered":"<p>Lowrance kajaloodide v\u00f5rdlus Hook Reveal vs Elite FS vs HDS PRO Omadus Lowrance Hook Reveal Lowrance Elite FS Lowrance HDS PRO Tooteklass soodsam algtaseme kajalood keskmine klass professionaalne tippmudel Ekraani suurused 5\u2033, 7\u2033, 9\u2033 7\u2033, 9\u2033, 10\u2033, 12\u2033 9\u2033, 10\u2033, 12\u2033, 16\u2033 Ekraan SolarMAX SolarMAX HD puutetundlik SolarMAX HD k\u00f5rge resolutsioon Puuteekraan ei jah jah&#8230;<\/p>\n","protected":false},"author":2,"featured_media":0,"parent":0,"menu_order":0,"comment_status":"closed","ping_status":"closed","template":"","meta":{"_kad_blocks_custom_css":"","_kad_blocks_head_custom_js":"","_kad_blocks_body_custom_js":"","_kad_blocks_footer_custom_js":"","_kad_post_transparent":"","_kad_post_title":"","_kad_post_layout":"","_kad_post_sidebar_id":"","_kad_post_content_style":"","_kad_post_vertical_padding":"","_kad_post_feature":"","_kad_post_feature_position":"","_kad_post_header":false,"_kad_post_footer":false,"_kad_post_classname":"","footnotes":""},"class_list":["post-57018","page","type-page","status-publish","hentry"],"yoast_head":"<!-- This site is optimized with the Yoast SEO plugin v27.3 - https:\/\/yoast.com\/product\/yoast-seo-wordpress\/ -->\n<title>Lowrance kajaloodide v\u00f5rdlus - NORDLINE s\u00f5udepaadid ja mootorpaadid. Klaasfiiber materjalist.<\/title>\n<meta name=\"robots\" content=\"index, follow, max-snippet:-1, max-image-preview:large, max-video-preview:-1\" \/>\n<link rel=\"canonical\" href=\"https:\/\/nordlinepaadid.ee\/et\/lowrance-kajaloodide-vordlus\/\" \/>\n<meta property=\"og:locale\" content=\"et_EE\" \/>\n<meta property=\"og:type\" content=\"article\" \/>\n<meta property=\"og:title\" content=\"Lowrance kajaloodide v\u00f5rdlus - NORDLINE s\u00f5udepaadid ja mootorpaadid. Klaasfiiber materjalist.\" \/>\n<meta property=\"og:description\" content=\"Lowrance kajaloodide v\u00f5rdlus Hook Reveal vs Elite FS vs HDS PRO Omadus Lowrance Hook Reveal Lowrance Elite FS Lowrance HDS PRO Tooteklass soodsam algtaseme kajalood keskmine klass professionaalne tippmudel Ekraani suurused 5\u2033, 7\u2033, 9\u2033 7\u2033, 9\u2033, 10\u2033, 12\u2033 9\u2033, 10\u2033, 12\u2033, 16\u2033 Ekraan SolarMAX SolarMAX HD puutetundlik SolarMAX HD k\u00f5rge resolutsioon Puuteekraan ei jah jah...\" \/>\n<meta property=\"og:url\" content=\"https:\/\/nordlinepaadid.ee\/et\/lowrance-kajaloodide-vordlus\/\" \/>\n<meta property=\"og:site_name\" content=\"NORDLINE s\u00f5udepaadid ja mootorpaadid. Klaasfiiber materjalist.\" \/>\n<meta property=\"article:publisher\" content=\"https:\/\/www.facebook.com\/nordlineboats\" \/>\n<meta property=\"article:modified_time\" content=\"2026-03-10T11:44:14+00:00\" \/>\n<meta name=\"twitter:card\" content=\"summary_large_image\" \/>\n<meta name=\"twitter:label1\" content=\"Est. reading time\" \/>\n\t<meta name=\"twitter:data1\" content=\"1 minut\" \/>\n<script type=\"application\/ld+json\" class=\"yoast-schema-graph\">{\"@context\":\"https:\\\/\\\/schema.org\",\"@graph\":[{\"@type\":\"WebPage\",\"@id\":\"https:\\\/\\\/nordlinepaadid.ee\\\/et\\\/lowrance-kajaloodide-vordlus\\\/\",\"url\":\"https:\\\/\\\/nordlinepaadid.ee\\\/et\\\/lowrance-kajaloodide-vordlus\\\/\",\"name\":\"Lowrance kajaloodide v\u00f5rdlus - NORDLINE s\u00f5udepaadid ja mootorpaadid. Klaasfiiber materjalist.\",\"isPartOf\":{\"@id\":\"https:\\\/\\\/nordlinepaadid.ee\\\/et\\\/#website\"},\"datePublished\":\"2026-03-10T11:44:12+00:00\",\"dateModified\":\"2026-03-10T11:44:14+00:00\",\"breadcrumb\":{\"@id\":\"https:\\\/\\\/nordlinepaadid.ee\\\/et\\\/lowrance-kajaloodide-vordlus\\\/#breadcrumb\"},\"inLanguage\":\"et\",\"potentialAction\":[{\"@type\":\"ReadAction\",\"target\":[\"https:\\\/\\\/nordlinepaadid.ee\\\/et\\\/lowrance-kajaloodide-vordlus\\\/\"]}]},{\"@type\":\"BreadcrumbList\",\"@id\":\"https:\\\/\\\/nordlinepaadid.ee\\\/et\\\/lowrance-kajaloodide-vordlus\\\/#breadcrumb\",\"itemListElement\":[{\"@type\":\"ListItem\",\"position\":1,\"name\":\"Home\",\"item\":\"https:\\\/\\\/nordlinepaadid.ee\\\/et\\\/\"},{\"@type\":\"ListItem\",\"position\":2,\"name\":\"Lowrance kajaloodide v\u00f5rdlus\"}]},{\"@type\":\"WebSite\",\"@id\":\"https:\\\/\\\/nordlinepaadid.ee\\\/et\\\/#website\",\"url\":\"https:\\\/\\\/nordlinepaadid.ee\\\/et\\\/\",\"name\":\"NORDLINE s\u00f5udepaadid ja mootorpaadid. Klaasfiiber materjalist.\",\"description\":\"\",\"publisher\":{\"@id\":\"https:\\\/\\\/nordlinepaadid.ee\\\/et\\\/#organization\"},\"potentialAction\":[{\"@type\":\"SearchAction\",\"target\":{\"@type\":\"EntryPoint\",\"urlTemplate\":\"https:\\\/\\\/nordlinepaadid.ee\\\/et\\\/?s={search_term_string}\"},\"query-input\":{\"@type\":\"PropertyValueSpecification\",\"valueRequired\":true,\"valueName\":\"search_term_string\"}}],\"inLanguage\":\"et\"},{\"@type\":\"Organization\",\"@id\":\"https:\\\/\\\/nordlinepaadid.ee\\\/et\\\/#organization\",\"name\":\"Nordlineboats\",\"url\":\"https:\\\/\\\/nordlinepaadid.ee\\\/et\\\/\",\"logo\":{\"@type\":\"ImageObject\",\"inLanguage\":\"et\",\"@id\":\"https:\\\/\\\/nordlinepaadid.ee\\\/et\\\/#\\\/schema\\\/logo\\\/image\\\/\",\"url\":\"https:\\\/\\\/nordlinepaadid.ee\\\/wp-content\\\/uploads\\\/2023\\\/01\\\/fulllogo_transparent_nobuffer-e1672750475494.png\",\"contentUrl\":\"https:\\\/\\\/nordlinepaadid.ee\\\/wp-content\\\/uploads\\\/2023\\\/01\\\/fulllogo_transparent_nobuffer-e1672750475494.png\",\"width\":150,\"height\":119,\"caption\":\"Nordlineboats\"},\"image\":{\"@id\":\"https:\\\/\\\/nordlinepaadid.ee\\\/et\\\/#\\\/schema\\\/logo\\\/image\\\/\"},\"sameAs\":[\"https:\\\/\\\/www.facebook.com\\\/nordlineboats\",\"https:\\\/\\\/www.youtube.com\\\/channel\\\/UCbgF0fy02y3QkFnujaLTaCA\"]}]}<\/script>\n<!-- \/ Yoast SEO plugin. -->","yoast_head_json":{"title":"Lowrance kajaloodide v\u00f5rdlus - NORDLINE s\u00f5udepaadid ja mootorpaadid. Klaasfiiber materjalist.","robots":{"index":"index","follow":"follow","max-snippet":"max-snippet:-1","max-image-preview":"max-image-preview:large","max-video-preview":"max-video-preview:-1"},"canonical":"https:\/\/nordlinepaadid.ee\/et\/lowrance-kajaloodide-vordlus\/","og_locale":"et_EE","og_type":"article","og_title":"Lowrance kajaloodide v\u00f5rdlus - NORDLINE s\u00f5udepaadid ja mootorpaadid. Klaasfiiber materjalist.","og_description":"Lowrance kajaloodide v\u00f5rdlus Hook Reveal vs Elite FS vs HDS PRO Omadus Lowrance Hook Reveal Lowrance Elite FS Lowrance HDS PRO Tooteklass soodsam algtaseme kajalood keskmine klass professionaalne tippmudel Ekraani suurused 5\u2033, 7\u2033, 9\u2033 7\u2033, 9\u2033, 10\u2033, 12\u2033 9\u2033, 10\u2033, 12\u2033, 16\u2033 Ekraan SolarMAX SolarMAX HD puutetundlik SolarMAX HD k\u00f5rge resolutsioon Puuteekraan ei jah jah...","og_url":"https:\/\/nordlinepaadid.ee\/et\/lowrance-kajaloodide-vordlus\/","og_site_name":"NORDLINE s\u00f5udepaadid ja mootorpaadid. Klaasfiiber materjalist.","article_publisher":"https:\/\/www.facebook.com\/nordlineboats","article_modified_time":"2026-03-10T11:44:14+00:00","twitter_card":"summary_large_image","twitter_misc":{"Est. reading time":"1 minut"},"schema":{"@context":"https:\/\/schema.org","@graph":[{"@type":"WebPage","@id":"https:\/\/nordlinepaadid.ee\/et\/lowrance-kajaloodide-vordlus\/","url":"https:\/\/nordlinepaadid.ee\/et\/lowrance-kajaloodide-vordlus\/","name":"Lowrance kajaloodide v\u00f5rdlus - NORDLINE s\u00f5udepaadid ja mootorpaadid. Klaasfiiber materjalist.","isPartOf":{"@id":"https:\/\/nordlinepaadid.ee\/et\/#website"},"datePublished":"2026-03-10T11:44:12+00:00","dateModified":"2026-03-10T11:44:14+00:00","breadcrumb":{"@id":"https:\/\/nordlinepaadid.ee\/et\/lowrance-kajaloodide-vordlus\/#breadcrumb"},"inLanguage":"et","potentialAction":[{"@type":"ReadAction","target":["https:\/\/nordlinepaadid.ee\/et\/lowrance-kajaloodide-vordlus\/"]}]},{"@type":"BreadcrumbList","@id":"https:\/\/nordlinepaadid.ee\/et\/lowrance-kajaloodide-vordlus\/#breadcrumb","itemListElement":[{"@type":"ListItem","position":1,"name":"Home","item":"https:\/\/nordlinepaadid.ee\/et\/"},{"@type":"ListItem","position":2,"name":"Lowrance kajaloodide v\u00f5rdlus"}]},{"@type":"WebSite","@id":"https:\/\/nordlinepaadid.ee\/et\/#website","url":"https:\/\/nordlinepaadid.ee\/et\/","name":"NORDLINE s\u00f5udepaadid ja mootorpaadid. Klaasfiiber materjalist.","description":"","publisher":{"@id":"https:\/\/nordlinepaadid.ee\/et\/#organization"},"potentialAction":[{"@type":"SearchAction","target":{"@type":"EntryPoint","urlTemplate":"https:\/\/nordlinepaadid.ee\/et\/?s={search_term_string}"},"query-input":{"@type":"PropertyValueSpecification","valueRequired":true,"valueName":"search_term_string"}}],"inLanguage":"et"},{"@type":"Organization","@id":"https:\/\/nordlinepaadid.ee\/et\/#organization","name":"Nordlineboats","url":"https:\/\/nordlinepaadid.ee\/et\/","logo":{"@type":"ImageObject","inLanguage":"et","@id":"https:\/\/nordlinepaadid.ee\/et\/#\/schema\/logo\/image\/","url":"https:\/\/nordlinepaadid.ee\/wp-content\/uploads\/2023\/01\/fulllogo_transparent_nobuffer-e1672750475494.png","contentUrl":"https:\/\/nordlinepaadid.ee\/wp-content\/uploads\/2023\/01\/fulllogo_transparent_nobuffer-e1672750475494.png","width":150,"height":119,"caption":"Nordlineboats"},"image":{"@id":"https:\/\/nordlinepaadid.ee\/et\/#\/schema\/logo\/image\/"},"sameAs":["https:\/\/www.facebook.com\/nordlineboats","https:\/\/www.youtube.com\/channel\/UCbgF0fy02y3QkFnujaLTaCA"]}]}},"taxonomy_info":[],"featured_image_src_large":false,"author_info":{"display_name":"Hannes K\u00e4rsna","author_link":"https:\/\/nordlinepaadid.ee\/et\/author\/hannes\/"},"comment_info":"","_links":{"self":[{"href":"https:\/\/nordlinepaadid.ee\/et\/wp-json\/wp\/v2\/pages\/57018","targetHints":{"allow":["GET"]}}],"collection":[{"href":"https:\/\/nordlinepaadid.ee\/et\/wp-json\/wp\/v2\/pages"}],"about":[{"href":"https:\/\/nordlinepaadid.ee\/et\/wp-json\/wp\/v2\/types\/page"}],"author":[{"embeddable":true,"href":"https:\/\/nordlinepaadid.ee\/et\/wp-json\/wp\/v2\/users\/2"}],"replies":[{"embeddable":true,"href":"https:\/\/nordlinepaadid.ee\/et\/wp-json\/wp\/v2\/comments?post=57018"}],"version-history":[{"count":1,"href":"https:\/\/nordlinepaadid.ee\/et\/wp-json\/wp\/v2\/pages\/57018\/revisions"}],"predecessor-version":[{"id":57019,"href":"https:\/\/nordlinepaadid.ee\/et\/wp-json\/wp\/v2\/pages\/57018\/revisions\/57019"}],"wp:attachment":[{"href":"https:\/\/nordlinepaadid.ee\/et\/wp-json\/wp\/v2\/media?parent=57018"}],"curies":[{"name":"wp","href":"https:\/\/api.w.org\/{rel}","templated":true}]}}