{"id":689,"date":"2017-10-05T23:31:54","date_gmt":"2017-10-05T20:31:54","guid":{"rendered":"https:\/\/nordlinepaadid.ee\/?page_id=689"},"modified":"2026-02-18T11:07:28","modified_gmt":"2026-02-18T09:07:28","slug":"kontakt","status":"publish","type":"page","link":"https:\/\/nordlinepaadid.ee\/et\/kontakt\/","title":{"rendered":"Kontakt"},"content":{"rendered":"<style>.kb-row-layout-id689_bc3dd9-5d > .kt-row-column-wrap{align-content:start;}:where(.kb-row-layout-id689_bc3dd9-5d > .kt-row-column-wrap) > .wp-block-kadence-column{justify-content:start;}.kb-row-layout-id689_bc3dd9-5d > .kt-row-column-wrap{column-gap:var(--global-kb-gap-md, 2rem);row-gap:var(--global-kb-gap-md, 2rem);padding-top:var(--global-kb-spacing-sm, 1.5rem);padding-bottom:var(--global-kb-spacing-sm, 1.5rem);grid-template-columns:minmax(0, calc(15% - ((var(--global-kb-gap-md, 2rem) * 2 )\/3)))minmax(0, calc(35% - ((var(--global-kb-gap-md, 2rem) * 2 )\/3)))minmax(0, calc(50% - ((var(--global-kb-gap-md, 2rem) * 2 )\/3)));}.kb-row-layout-id689_bc3dd9-5d > .kt-row-layout-overlay{opacity:0.30;}@media all and (max-width: 1024px){.kb-row-layout-id689_bc3dd9-5d > .kt-row-column-wrap > div:not(.added-for-specificity){grid-column:initial;}}@media all and (max-width: 1024px){.kb-row-layout-id689_bc3dd9-5d > .kt-row-column-wrap{grid-template-columns:minmax(0, 1fr) minmax(0, 1fr) minmax(0, 2fr);}}@media all and (max-width: 767px){.kb-row-layout-id689_bc3dd9-5d > .kt-row-column-wrap > div:not(.added-for-specificity){grid-column:initial;}.kb-row-layout-id689_bc3dd9-5d > .kt-row-column-wrap{grid-template-columns:minmax(0, 1fr);}}<\/style><div class=\"kb-row-layout-wrap kb-row-layout-id689_bc3dd9-5d alignnone wp-block-kadence-rowlayout\"><div class=\"kt-row-column-wrap kt-has-3-columns kt-row-layout-right-half kt-tab-layout-inherit kt-mobile-layout-row kt-row-valign-top\">\n<style>.kadence-column689_961308-2e > .kt-inside-inner-col,.kadence-column689_961308-2e > .kt-inside-inner-col:before{border-top-left-radius:0px;border-top-right-radius:0px;border-bottom-right-radius:0px;border-bottom-left-radius:0px;}.kadence-column689_961308-2e > .kt-inside-inner-col{column-gap:var(--global-kb-gap-sm, 1rem);}.kadence-column689_961308-2e > .kt-inside-inner-col{flex-direction:column;}.kadence-column689_961308-2e > .kt-inside-inner-col > .aligncenter{width:100%;}.kadence-column689_961308-2e > .kt-inside-inner-col:before{opacity:0.3;}.kadence-column689_961308-2e{position:relative;}@media all and (max-width: 1024px){.kadence-column689_961308-2e > .kt-inside-inner-col{flex-direction:column;justify-content:center;}}@media all and (max-width: 767px){.kadence-column689_961308-2e > .kt-inside-inner-col{flex-direction:column;justify-content:center;}}<\/style>\n<div class=\"wp-block-kadence-column kadence-column689_961308-2e inner-column-1\"><div class=\"kt-inside-inner-col\">\n<figure class=\"wp-block-image size-large is-resized is-style-default\"><img loading=\"lazy\" decoding=\"async\" width=\"781\" height=\"1024\" src=\"https:\/\/nordlinepaadid.ee\/wp-content\/uploads\/2017\/10\/EBHS1182-781x1024.jpg\" alt=\"Hannes K\u00e4rsna\" class=\"wp-image-1872\" style=\"width:195px;height:256px\" srcset=\"https:\/\/nordlinepaadid.ee\/wp-content\/uploads\/2017\/10\/EBHS1182-781x1024.jpg 781w, https:\/\/nordlinepaadid.ee\/wp-content\/uploads\/2017\/10\/EBHS1182-229x300.jpg 229w, https:\/\/nordlinepaadid.ee\/wp-content\/uploads\/2017\/10\/EBHS1182-768x1007.jpg 768w, https:\/\/nordlinepaadid.ee\/wp-content\/uploads\/2017\/10\/EBHS1182-555x728.jpg 555w, https:\/\/nordlinepaadid.ee\/wp-content\/uploads\/2017\/10\/EBHS1182.jpg 1104w\" sizes=\"auto, (max-width: 781px) 100vw, 781px\" \/><figcaption class=\"wp-element-caption\">Hannes K\u00e4rsna<\/figcaption><\/figure>\n<\/div><\/div>\n\n\n<style>.kadence-column689_b40f15-12 > .kt-inside-inner-col,.kadence-column689_b40f15-12 > .kt-inside-inner-col:before{border-top-left-radius:0px;border-top-right-radius:0px;border-bottom-right-radius:0px;border-bottom-left-radius:0px;}.kadence-column689_b40f15-12 > .kt-inside-inner-col{column-gap:var(--global-kb-gap-sm, 1rem);}.kadence-column689_b40f15-12 > .kt-inside-inner-col{flex-direction:column;}.kadence-column689_b40f15-12 > .kt-inside-inner-col > .aligncenter{width:100%;}.kadence-column689_b40f15-12 > .kt-inside-inner-col:before{opacity:0.3;}.kadence-column689_b40f15-12{position:relative;}@media all and (max-width: 1024px){.kadence-column689_b40f15-12 > .kt-inside-inner-col{flex-direction:column;justify-content:center;}}@media all and (max-width: 767px){.kadence-column689_b40f15-12 > .kt-inside-inner-col{flex-direction:column;justify-content:center;}}<\/style>\n<div class=\"wp-block-kadence-column kadence-column689_b40f15-12 inner-column-2\"><div class=\"kt-inside-inner-col\">\n<p><strong>NordlineBoats | Tegevjuht<\/strong><br>Oled oodatud meie toodetega tutvuma. V\u00f5ta meiega \u00fchendust ja leiame koos parima lahenduse.<\/p>\n\n\n\n<p>Avatud E-R 10.00 &#8211; 17.00<br>Ajad v\u00f5ivad muutuda! Kontrolli aegu googlest. <\/p>\n\n\n\n<p><\/p>\n\n\n\n<p><mark style=\"background-color:rgba(0, 0, 0, 0)\" class=\"has-inline-color has-theme-palette-1-color\"><strong><a href=\"tel: +372 50 55 152\">+372 50 55 152&nbsp;<\/a><br><a href=\"mailto: info@nordlineboats.com\">info(at)nordline<\/a>paadid.ee<\/strong><\/mark><br><br><br><strong>Vanapapli tee 2, Lemmatsi, Kambja vald, Tartumaa<\/strong><br><br><\/p>\n<\/div><\/div>\n\n\n<style>.kadence-column689_d2789f-da > .kt-inside-inner-col,.kadence-column689_d2789f-da > .kt-inside-inner-col:before{border-top-left-radius:0px;border-top-right-radius:0px;border-bottom-right-radius:0px;border-bottom-left-radius:0px;}.kadence-column689_d2789f-da > .kt-inside-inner-col{column-gap:var(--global-kb-gap-sm, 1rem);}.kadence-column689_d2789f-da > .kt-inside-inner-col{flex-direction:column;}.kadence-column689_d2789f-da > .kt-inside-inner-col > .aligncenter{width:100%;}.kadence-column689_d2789f-da > .kt-inside-inner-col:before{opacity:0.3;}.kadence-column689_d2789f-da{position:relative;}@media all and (max-width: 1024px){.kadence-column689_d2789f-da > .kt-inside-inner-col{flex-direction:column;justify-content:center;}}@media all and (max-width: 767px){.kadence-column689_d2789f-da > .kt-inside-inner-col{flex-direction:column;justify-content:center;}}<\/style>\n<div class=\"wp-block-kadence-column kadence-column689_d2789f-da inner-column-3\"><div class=\"kt-inside-inner-col\">\n<iframe loading=\"lazy\" src=\"https:\/\/www.google.com\/maps\/embed?pb=!1m18!1m12!1m3!1d66983.31935454637!2d26.632869166916613!3d58.35581239584742!2m3!1f0!2f0!3f0!3m2!1i1024!2i768!4f13.1!3m3!1m2!1s0x46eb39d630c25085%3A0x4a5c985aca52f9d0!2sPaadipood+O%C3%9C%2C+Nordline+paadid!5e0!3m2!1set!2see!4v1507532862430\" width=\"600\" height=\"450\" frameborder=\"0\" style=\"border:0\" allowfullscreen=\"\"><\/iframe>\n<\/div><\/div>\n\n<\/div><\/div>\n\n\n<p><\/p>\n","protected":false},"excerpt":{"rendered":"<p>NordlineBoats | TegevjuhtOled oodatud meie toodetega tutvuma. V\u00f5ta meiega \u00fchendust ja leiame koos parima lahenduse. Avatud E-R 10.00 &#8211; 17.00Ajad v\u00f5ivad muutuda! Kontrolli aegu googlest. +372 50 55 152&nbsp;info(at)nordlinepaadid.ee Vanapapli tee 2, Lemmatsi, Kambja vald, Tartumaa<\/p>\n","protected":false},"author":2,"featured_media":0,"parent":0,"menu_order":0,"comment_status":"closed","ping_status":"closed","template":"","meta":{"_kad_blocks_custom_css":"","_kad_blocks_head_custom_js":"","_kad_blocks_body_custom_js":"","_kad_blocks_footer_custom_js":"","_kad_post_transparent":"","_kad_post_title":"","_kad_post_layout":"","_kad_post_sidebar_id":"","_kad_post_content_style":"","_kad_post_vertical_padding":"","_kad_post_feature":"","_kad_post_feature_position":"","_kad_post_header":false,"_kad_post_footer":false,"_kad_post_classname":"","footnotes":""},"class_list":["post-689","page","type-page","status-publish","hentry"],"yoast_head":"<!-- This site is optimized with the Yoast SEO plugin v27.3 - https:\/\/yoast.com\/product\/yoast-seo-wordpress\/ -->\n<title>Paadid, mootorid, haagised, tarvikud.<\/title>\n<meta name=\"description\" content=\"Life By You O\u00dc on sertifitseeritud paatide valmistaja ja katsetaja. Meie peamine tugevus on paatide ja klaasfiiber toodete valmistamine.\" \/>\n<meta name=\"robots\" content=\"index, follow, max-snippet:-1, max-image-preview:large, max-video-preview:-1\" \/>\n<link rel=\"canonical\" href=\"https:\/\/nordlinepaadid.ee\/et\/kontakt\/\" \/>\n<meta property=\"og:locale\" content=\"et_EE\" \/>\n<meta property=\"og:type\" content=\"article\" \/>\n<meta property=\"og:title\" content=\"Paadid, mootorid, haagised, tarvikud.\" \/>\n<meta property=\"og:description\" content=\"Life By You O\u00dc on sertifitseeritud paatide valmistaja ja katsetaja. Meie peamine tugevus on paatide ja klaasfiiber toodete valmistamine.\" \/>\n<meta property=\"og:url\" content=\"https:\/\/nordlinepaadid.ee\/et\/kontakt\/\" \/>\n<meta property=\"og:site_name\" content=\"NORDLINE s\u00f5udepaadid ja mootorpaadid. Klaasfiiber materjalist.\" \/>\n<meta property=\"article:publisher\" content=\"https:\/\/www.facebook.com\/nordlineboats\" \/>\n<meta property=\"article:modified_time\" content=\"2026-02-18T09:07:28+00:00\" \/>\n<meta property=\"og:image\" content=\"https:\/\/nordlinepaadid.ee\/wp-content\/uploads\/2017\/10\/EBHS1182.jpg\" \/>\n\t<meta property=\"og:image:width\" content=\"1104\" \/>\n\t<meta property=\"og:image:height\" content=\"1448\" \/>\n\t<meta property=\"og:image:type\" content=\"image\/jpeg\" \/>\n<meta name=\"twitter:card\" content=\"summary_large_image\" \/>\n<meta name=\"twitter:label1\" content=\"Est. reading time\" \/>\n\t<meta name=\"twitter:data1\" content=\"1 minut\" \/>\n<script type=\"application\/ld+json\" class=\"yoast-schema-graph\">{\"@context\":\"https:\\\/\\\/schema.org\",\"@graph\":[{\"@type\":\"WebPage\",\"@id\":\"https:\\\/\\\/nordlinepaadid.ee\\\/et\\\/kontakt\\\/\",\"url\":\"https:\\\/\\\/nordlinepaadid.ee\\\/et\\\/kontakt\\\/\",\"name\":\"Paadid, mootorid, haagised, tarvikud.\",\"isPartOf\":{\"@id\":\"https:\\\/\\\/nordlinepaadid.ee\\\/et\\\/#website\"},\"primaryImageOfPage\":{\"@id\":\"https:\\\/\\\/nordlinepaadid.ee\\\/et\\\/kontakt\\\/#primaryimage\"},\"image\":{\"@id\":\"https:\\\/\\\/nordlinepaadid.ee\\\/et\\\/kontakt\\\/#primaryimage\"},\"thumbnailUrl\":\"https:\\\/\\\/nordlinepaadid.ee\\\/wp-content\\\/uploads\\\/2017\\\/10\\\/EBHS1182-781x1024.jpg\",\"datePublished\":\"2017-10-05T20:31:54+00:00\",\"dateModified\":\"2026-02-18T09:07:28+00:00\",\"description\":\"Life By You O\u00dc on sertifitseeritud paatide valmistaja ja katsetaja. Meie peamine tugevus on paatide ja klaasfiiber toodete valmistamine.\",\"breadcrumb\":{\"@id\":\"https:\\\/\\\/nordlinepaadid.ee\\\/et\\\/kontakt\\\/#breadcrumb\"},\"inLanguage\":\"et\",\"potentialAction\":[{\"@type\":\"ReadAction\",\"target\":[\"https:\\\/\\\/nordlinepaadid.ee\\\/et\\\/kontakt\\\/\"]}]},{\"@type\":\"ImageObject\",\"inLanguage\":\"et\",\"@id\":\"https:\\\/\\\/nordlinepaadid.ee\\\/et\\\/kontakt\\\/#primaryimage\",\"url\":\"https:\\\/\\\/nordlinepaadid.ee\\\/wp-content\\\/uploads\\\/2017\\\/10\\\/EBHS1182-781x1024.jpg\",\"contentUrl\":\"https:\\\/\\\/nordlinepaadid.ee\\\/wp-content\\\/uploads\\\/2017\\\/10\\\/EBHS1182-781x1024.jpg\"},{\"@type\":\"BreadcrumbList\",\"@id\":\"https:\\\/\\\/nordlinepaadid.ee\\\/et\\\/kontakt\\\/#breadcrumb\",\"itemListElement\":[{\"@type\":\"ListItem\",\"position\":1,\"name\":\"Home\",\"item\":\"https:\\\/\\\/nordlinepaadid.ee\\\/et\\\/\"},{\"@type\":\"ListItem\",\"position\":2,\"name\":\"Kontakt\"}]},{\"@type\":\"WebSite\",\"@id\":\"https:\\\/\\\/nordlinepaadid.ee\\\/et\\\/#website\",\"url\":\"https:\\\/\\\/nordlinepaadid.ee\\\/et\\\/\",\"name\":\"NORDLINE s\u00f5udepaadid ja mootorpaadid. Klaasfiiber materjalist.\",\"description\":\"\",\"publisher\":{\"@id\":\"https:\\\/\\\/nordlinepaadid.ee\\\/et\\\/#organization\"},\"potentialAction\":[{\"@type\":\"SearchAction\",\"target\":{\"@type\":\"EntryPoint\",\"urlTemplate\":\"https:\\\/\\\/nordlinepaadid.ee\\\/et\\\/?s={search_term_string}\"},\"query-input\":{\"@type\":\"PropertyValueSpecification\",\"valueRequired\":true,\"valueName\":\"search_term_string\"}}],\"inLanguage\":\"et\"},{\"@type\":\"Organization\",\"@id\":\"https:\\\/\\\/nordlinepaadid.ee\\\/et\\\/#organization\",\"name\":\"Nordlineboats\",\"url\":\"https:\\\/\\\/nordlinepaadid.ee\\\/et\\\/\",\"logo\":{\"@type\":\"ImageObject\",\"inLanguage\":\"et\",\"@id\":\"https:\\\/\\\/nordlinepaadid.ee\\\/et\\\/#\\\/schema\\\/logo\\\/image\\\/\",\"url\":\"https:\\\/\\\/nordlinepaadid.ee\\\/wp-content\\\/uploads\\\/2023\\\/01\\\/fulllogo_transparent_nobuffer-e1672750475494.png\",\"contentUrl\":\"https:\\\/\\\/nordlinepaadid.ee\\\/wp-content\\\/uploads\\\/2023\\\/01\\\/fulllogo_transparent_nobuffer-e1672750475494.png\",\"width\":150,\"height\":119,\"caption\":\"Nordlineboats\"},\"image\":{\"@id\":\"https:\\\/\\\/nordlinepaadid.ee\\\/et\\\/#\\\/schema\\\/logo\\\/image\\\/\"},\"sameAs\":[\"https:\\\/\\\/www.facebook.com\\\/nordlineboats\",\"https:\\\/\\\/www.youtube.com\\\/channel\\\/UCbgF0fy02y3QkFnujaLTaCA\"]}]}<\/script>\n<!-- \/ Yoast SEO plugin. -->","yoast_head_json":{"title":"Paadid, mootorid, haagised, tarvikud.","description":"Life By You O\u00dc on sertifitseeritud paatide valmistaja ja katsetaja. Meie peamine tugevus on paatide ja klaasfiiber toodete valmistamine.","robots":{"index":"index","follow":"follow","max-snippet":"max-snippet:-1","max-image-preview":"max-image-preview:large","max-video-preview":"max-video-preview:-1"},"canonical":"https:\/\/nordlinepaadid.ee\/et\/kontakt\/","og_locale":"et_EE","og_type":"article","og_title":"Paadid, mootorid, haagised, tarvikud.","og_description":"Life By You O\u00dc on sertifitseeritud paatide valmistaja ja katsetaja. Meie peamine tugevus on paatide ja klaasfiiber toodete valmistamine.","og_url":"https:\/\/nordlinepaadid.ee\/et\/kontakt\/","og_site_name":"NORDLINE s\u00f5udepaadid ja mootorpaadid. Klaasfiiber materjalist.","article_publisher":"https:\/\/www.facebook.com\/nordlineboats","article_modified_time":"2026-02-18T09:07:28+00:00","og_image":[{"width":1104,"height":1448,"url":"https:\/\/nordlinepaadid.ee\/wp-content\/uploads\/2017\/10\/EBHS1182.jpg","type":"image\/jpeg"}],"twitter_card":"summary_large_image","twitter_misc":{"Est. reading time":"1 minut"},"schema":{"@context":"https:\/\/schema.org","@graph":[{"@type":"WebPage","@id":"https:\/\/nordlinepaadid.ee\/et\/kontakt\/","url":"https:\/\/nordlinepaadid.ee\/et\/kontakt\/","name":"Paadid, mootorid, haagised, tarvikud.","isPartOf":{"@id":"https:\/\/nordlinepaadid.ee\/et\/#website"},"primaryImageOfPage":{"@id":"https:\/\/nordlinepaadid.ee\/et\/kontakt\/#primaryimage"},"image":{"@id":"https:\/\/nordlinepaadid.ee\/et\/kontakt\/#primaryimage"},"thumbnailUrl":"https:\/\/nordlinepaadid.ee\/wp-content\/uploads\/2017\/10\/EBHS1182-781x1024.jpg","datePublished":"2017-10-05T20:31:54+00:00","dateModified":"2026-02-18T09:07:28+00:00","description":"Life By You O\u00dc on sertifitseeritud paatide valmistaja ja katsetaja. Meie peamine tugevus on paatide ja klaasfiiber toodete valmistamine.","breadcrumb":{"@id":"https:\/\/nordlinepaadid.ee\/et\/kontakt\/#breadcrumb"},"inLanguage":"et","potentialAction":[{"@type":"ReadAction","target":["https:\/\/nordlinepaadid.ee\/et\/kontakt\/"]}]},{"@type":"ImageObject","inLanguage":"et","@id":"https:\/\/nordlinepaadid.ee\/et\/kontakt\/#primaryimage","url":"https:\/\/nordlinepaadid.ee\/wp-content\/uploads\/2017\/10\/EBHS1182-781x1024.jpg","contentUrl":"https:\/\/nordlinepaadid.ee\/wp-content\/uploads\/2017\/10\/EBHS1182-781x1024.jpg"},{"@type":"BreadcrumbList","@id":"https:\/\/nordlinepaadid.ee\/et\/kontakt\/#breadcrumb","itemListElement":[{"@type":"ListItem","position":1,"name":"Home","item":"https:\/\/nordlinepaadid.ee\/et\/"},{"@type":"ListItem","position":2,"name":"Kontakt"}]},{"@type":"WebSite","@id":"https:\/\/nordlinepaadid.ee\/et\/#website","url":"https:\/\/nordlinepaadid.ee\/et\/","name":"NORDLINE s\u00f5udepaadid ja mootorpaadid. Klaasfiiber materjalist.","description":"","publisher":{"@id":"https:\/\/nordlinepaadid.ee\/et\/#organization"},"potentialAction":[{"@type":"SearchAction","target":{"@type":"EntryPoint","urlTemplate":"https:\/\/nordlinepaadid.ee\/et\/?s={search_term_string}"},"query-input":{"@type":"PropertyValueSpecification","valueRequired":true,"valueName":"search_term_string"}}],"inLanguage":"et"},{"@type":"Organization","@id":"https:\/\/nordlinepaadid.ee\/et\/#organization","name":"Nordlineboats","url":"https:\/\/nordlinepaadid.ee\/et\/","logo":{"@type":"ImageObject","inLanguage":"et","@id":"https:\/\/nordlinepaadid.ee\/et\/#\/schema\/logo\/image\/","url":"https:\/\/nordlinepaadid.ee\/wp-content\/uploads\/2023\/01\/fulllogo_transparent_nobuffer-e1672750475494.png","contentUrl":"https:\/\/nordlinepaadid.ee\/wp-content\/uploads\/2023\/01\/fulllogo_transparent_nobuffer-e1672750475494.png","width":150,"height":119,"caption":"Nordlineboats"},"image":{"@id":"https:\/\/nordlinepaadid.ee\/et\/#\/schema\/logo\/image\/"},"sameAs":["https:\/\/www.facebook.com\/nordlineboats","https:\/\/www.youtube.com\/channel\/UCbgF0fy02y3QkFnujaLTaCA"]}]}},"taxonomy_info":[],"featured_image_src_large":false,"author_info":{"display_name":"Hannes K\u00e4rsna","author_link":"https:\/\/nordlinepaadid.ee\/et\/author\/hannes\/"},"comment_info":"","_links":{"self":[{"href":"https:\/\/nordlinepaadid.ee\/et\/wp-json\/wp\/v2\/pages\/689","targetHints":{"allow":["GET"]}}],"collection":[{"href":"https:\/\/nordlinepaadid.ee\/et\/wp-json\/wp\/v2\/pages"}],"about":[{"href":"https:\/\/nordlinepaadid.ee\/et\/wp-json\/wp\/v2\/types\/page"}],"author":[{"embeddable":true,"href":"https:\/\/nordlinepaadid.ee\/et\/wp-json\/wp\/v2\/users\/2"}],"replies":[{"embeddable":true,"href":"https:\/\/nordlinepaadid.ee\/et\/wp-json\/wp\/v2\/comments?post=689"}],"version-history":[{"count":3,"href":"https:\/\/nordlinepaadid.ee\/et\/wp-json\/wp\/v2\/pages\/689\/revisions"}],"predecessor-version":[{"id":56618,"href":"https:\/\/nordlinepaadid.ee\/et\/wp-json\/wp\/v2\/pages\/689\/revisions\/56618"}],"wp:attachment":[{"href":"https:\/\/nordlinepaadid.ee\/et\/wp-json\/wp\/v2\/media?parent=689"}],"curies":[{"name":"wp","href":"https:\/\/api.w.org\/{rel}","templated":true}]}}