{"id":1162,"date":"2017-10-06T10:04:30","date_gmt":"2017-10-06T07:04:30","guid":{"rendered":"https:\/\/nordlinepaadid.ee\/?post_type=product&#038;p=1162"},"modified":"2026-04-09T04:06:58","modified_gmt":"2026-04-09T01:06:58","slug":"paadimootor-mercury-f6-mh","status":"publish","type":"product","link":"https:\/\/nordlinepaadid.ee\/et\/pood\/mercury-paadimootorid\/paadimootor-mercury-f6-mh\/","title":{"rendered":"Paadimootor Mercury F6 MH"},"content":{"rendered":"<h1>Paadimootor F6 MH<\/h1>\n<p>Paadimootor Mercury 6HJ\u00a0sisaldab sisseehitatud k\u00fctusepaaki koos v\u00e4lise k\u00fctusepaagi v\u00f5imalusega. Mootoril on suurep\u00e4rasest alumiiniumist korpus. Mootor sobib h\u00e4sti t\u00e4ispuhutavatele, plastikpaatidele, alumiiniumpaatidele kui mistahes vees\u00f5idukitele.<\/p>\n<table id=\"motors\">\n<tbody>\n<tr>\n<th>Mudel<\/th>\n<th>Mootorijala pikkus<\/th>\n<th>Silindreid<\/th>\n<th>Elektriline start<\/th>\n<th>K\u00e4si- juhtimine<\/th>\n<th>distants- juhtimine<\/th>\n<th>12V laadimine<\/th>\n<th>El. trimm<\/th>\n<th>K\u00fctusepaak<\/th>\n<th>S\u00f5ukruvi<\/th>\n<\/tr>\n<tr>\n<td>\n<div class=\"page\" title=\"Page 1\">\n<div class=\"layoutArea\">\n<div class=\"column\">\n<p><strong><a href=\"\/et?p=1162\">Mercury F6 MH<\/a><\/strong><\/p>\n<\/div>\n<\/div>\n<\/div>\n<\/td>\n<td>15&#8243;<\/td>\n<td><\/td>\n<td><\/td>\n<td><\/td>\n<td><\/td>\n<td><\/td>\n<td><\/td>\n<td>S<\/td>\n<td>S<\/td>\n<\/tr>\n<tr>\n<td>\n<div class=\"page\" title=\"Page 1\">\n<div class=\"layoutArea\">\n<div class=\"column\">\n<div class=\"column\"><a href=\"\/et?p=6922\">Mercury F6 MLH<\/a><\/div>\n<\/div>\n<\/div>\n<\/div>\n<\/td>\n<td>20&#8243;<\/td>\n<td><\/td>\n<td><\/td>\n<td><\/td>\n<td><\/td>\n<td><\/td>\n<td><\/td>\n<td>S<\/td>\n<td>S<\/td>\n<\/tr>\n<\/tbody>\n<\/table>\n<p>S &#8211; standardvarustuses<\/p>\n<h2>Paadimootor Mercury F6 MH tehnilised andmed<\/h2>\n<table id=\"motors\">\n<tbody>\n<tr>\n<td>Tooteinfo:<\/td>\n<td>Mercury F6 MH<\/td>\n<\/tr>\n<tr>\n<td>V\u014dimsus:<\/td>\n<td>6 HJ \/ 4,4 kW<\/td>\n<\/tr>\n<tr>\n<td>Kubatuur:<\/td>\n<td>123 cm3<\/td>\n<\/tr>\n<tr>\n<td>P\u00f6\u00f6rete vahemik<\/td>\n<td>5000-6000<\/td>\n<\/tr>\n<tr>\n<td>K\u00fctuses\u00fcsteem<\/td>\n<td>Karburaator<\/td>\n<\/tr>\n<tr>\n<td>K\u00fctus<\/td>\n<td>Minimaalselt 95, soovituslik 98<\/td>\n<\/tr>\n<tr>\n<td>Soovituslik \u00f5li<\/td>\n<td>Mercury 4-taktiline \u00f5li 10W-30<\/td>\n<\/tr>\n<tr>\n<td>Kaal<\/td>\n<td>25kg<\/td>\n<\/tr>\n<tr>\n<td>Jahutus<\/td>\n<td>Vesijahutus, termostaaadiga<\/td>\n<\/tr>\n<tr>\n<td>Trimmis\u00fcsteem<\/td>\n<td>6 asendiline k\u00e4sitsi<\/td>\n<\/tr>\n<tr>\n<td>Madala vee trimm<\/td>\n<td>Olemas<\/td>\n<\/tr>\n<tr>\n<td>K\u00fctusepaak<\/td>\n<td>1,1L sisemine, lisak\u00fctusepaagi v\u00f5imalusega<\/td>\n<\/tr>\n<tr>\n<td>Garantii<\/td>\n<td>2+3 aastat<\/td>\n<\/tr>\n<\/tbody>\n<\/table>\n<p>Tutvu Mercury <a href=\"\/et?p=6887\" target=\"_blank\" rel=\"noopener\">garantiitingimustega<\/a>.<\/p>\n<p>Loe Mercury paadimootorite kohta t\u00e4psemalt <a href=\"http:\/\/www.mercurymarine.com\" target=\"_blank\" rel=\"noopener\">www.mercurymarine.com<\/a><\/p>\n<h2>Transport<\/h2>\n<p>Toimetame mootori sulle sobival ajal sinu soovitud kohta. Transpordi saate valida, kui vormistate ostu ostukorvis.<\/p>\n<h3>Paigaldus<\/h3>\n<p>V\u00e4iksemad mootorid ei vaja paigalduseks eraldi spetsialisti. Kaugjuhtimisega mootorite puhul oleme valmis paigaldama mootori Teie paadile. Vaata selle teenuse kohta t\u00e4psemalt <a href=\"\/et?page_id=3975\" target=\"_blank\" rel=\"noopener\">&#8220;mootori paigaldus&#8221;<\/a>.<\/p>\n<p><strong>Helista 50 55 152 v\u00f5i kirjuta meile. Pakume sulle parimaid mootoreid, parimate hindadega.<\/strong><\/p>\n<div class=\"pooleks\">\n<h3>V\u00f5ta \u00fchendust<\/h3>\n\n<div class=\"wpcf7 no-js\" id=\"wpcf7-f3217-o1\" lang=\"et\" dir=\"ltr\" data-wpcf7-id=\"3217\">\n<div class=\"screen-reader-response\"><p role=\"status\" aria-live=\"polite\" aria-atomic=\"true\"><\/p> <ul><\/ul><\/div>\n<form action=\"\/et\/wp-json\/wp\/v2\/product\/1162#wpcf7-f3217-o1\" method=\"post\" class=\"wpcf7-form init\" aria-label=\"Contact form\" novalidate=\"novalidate\" data-status=\"init\">\n<fieldset class=\"hidden-fields-container\"><input type=\"hidden\" name=\"_wpcf7\" value=\"3217\" \/><input type=\"hidden\" name=\"_wpcf7_version\" value=\"6.1.5\" \/><input type=\"hidden\" name=\"_wpcf7_locale\" value=\"et\" \/><input type=\"hidden\" name=\"_wpcf7_unit_tag\" value=\"wpcf7-f3217-o1\" \/><input type=\"hidden\" name=\"_wpcf7_container_post\" value=\"0\" \/><input type=\"hidden\" name=\"_wpcf7_posted_data_hash\" value=\"\" \/>\n<\/fieldset>\n<p><label> Nimi (n\u00f5utav)<br \/>\n<span class=\"wpcf7-form-control-wrap\" data-name=\"your-name\"><input size=\"40\" maxlength=\"400\" class=\"wpcf7-form-control wpcf7-text wpcf7-validates-as-required\" aria-required=\"true\" aria-invalid=\"false\" value=\"\" type=\"text\" name=\"your-name\" \/><\/span> <\/label><br \/>\n<label> Email (n\u00f5utav)<br \/>\n<span class=\"wpcf7-form-control-wrap\" data-name=\"your-email\"><input size=\"40\" maxlength=\"400\" class=\"wpcf7-form-control wpcf7-email wpcf7-validates-as-required wpcf7-text wpcf7-validates-as-email\" aria-required=\"true\" aria-invalid=\"false\" value=\"\" type=\"email\" name=\"your-email\" \/><\/span> <\/label><br \/>\n<label> Telefon<br \/>\n<span class=\"wpcf7-form-control-wrap\" data-name=\"Telefon\"><input size=\"40\" maxlength=\"400\" class=\"wpcf7-form-control wpcf7-tel wpcf7-text wpcf7-validates-as-tel\" aria-invalid=\"false\" value=\"\" type=\"tel\" name=\"Telefon\" \/><\/span><\/label><br \/>\n<label> Teade<br \/>\n<span class=\"wpcf7-form-control-wrap\" data-name=\"your-message\"><textarea cols=\"40\" rows=\"10\" maxlength=\"2000\" class=\"wpcf7-form-control wpcf7-textarea\" aria-invalid=\"false\" name=\"your-message\"><\/textarea><\/span> <\/label>\n<\/p>\n<p><input class=\"wpcf7-form-control wpcf7-submit has-spinner\" type=\"submit\" value=\"Saada\" \/>\n<\/p><div class=\"wpcf7-response-output\" aria-hidden=\"true\"><\/div>\n<\/form>\n<\/div>\n\n<\/div>\n<div class=\"pooleks\">\n<p>&nbsp;<\/p>\n<\/div>\n","protected":false},"excerpt":{"rendered":"<p>Paadimootor F6 MH Paadimootor Mercury 6HJ\u00a0sisaldab sisseehitatud k\u00fctusepaaki koos v\u00e4lise k\u00fctusepaagi v\u00f5imalusega. Mootoril on suurep\u00e4rasest alumiiniumist korpus. Mootor sobib h\u00e4sti t\u00e4ispuhutavatele, plastikpaatidele, alumiiniumpaatidele kui mistahes vees\u00f5idukitele. Mudel Mootorijala pikkus Silindreid Elektriline start K\u00e4si- juhtimine distants- juhtimine 12V laadimine El. trimm K\u00fctusepaak S\u00f5ukruvi Mercury F6 MH 15&#8243; S S Mercury F6 MLH 20&#8243; S S S&#8230;<\/p>\n","protected":false},"featured_media":1164,"template":"","meta":{"_kad_blocks_custom_css":"","_kad_blocks_head_custom_js":"","_kad_blocks_body_custom_js":"","_kad_blocks_footer_custom_js":"","_kad_post_transparent":"default","_kad_post_title":"","_kad_post_layout":"default","_kad_post_sidebar_id":"","_kad_post_content_style":"default","_kad_post_vertical_padding":"default","_kad_post_feature":"","_kad_post_feature_position":"","_kad_post_header":false,"_kad_post_footer":false,"_kad_post_classname":""},"product_brand":[],"product_cat":[25],"product_tag":[],"class_list":{"0":"post-1162","1":"product","2":"type-product","3":"status-publish","4":"has-post-thumbnail","6":"product_cat-mercury-paadimootorid","7":"product_shipping_class-euroalusele-mahtuv-kaup","8":"tm-no-options","10":"first","11":"onbackorder","12":"taxable","13":"shipping-taxable","14":"purchasable","15":"product-type-simple","16":"entry","17":"content-bg","18":"loop-entry"},"yoast_head":"<!-- This site is optimized with the Yoast SEO plugin v27.3 - https:\/\/yoast.com\/product\/yoast-seo-wordpress\/ -->\n<title>PAADIMOOTOR MERCURY 6HJ - Kerge \u00fchesilindriline mootor<\/title>\n<meta name=\"description\" content=\"Paadimootor Mercury 6hj. Edasi - tagasi k\u00e4igud. Mitu trimmi positsiooni jala asendi reguleerimiseks. Sisseehitatud k\u00fctusepaagiga, lisapaagi v\u00f5imalus.\" \/>\n<meta name=\"robots\" content=\"index, follow, max-snippet:-1, max-image-preview:large, max-video-preview:-1\" \/>\n<link rel=\"canonical\" href=\"https:\/\/nordlinepaadid.ee\/et\/pood\/mercury-paadimootorid\/paadimootor-mercury-f6-mh\/\" \/>\n<meta property=\"og:locale\" content=\"et_EE\" \/>\n<meta property=\"og:type\" content=\"article\" \/>\n<meta property=\"og:title\" content=\"PAADIMOOTOR MERCURY 6HJ - Kerge \u00fchesilindriline mootor\" \/>\n<meta property=\"og:description\" content=\"Paadimootor Mercury 6hj. Edasi - tagasi k\u00e4igud. Mitu trimmi positsiooni jala asendi reguleerimiseks. Sisseehitatud k\u00fctusepaagiga, lisapaagi v\u00f5imalus.\" \/>\n<meta property=\"og:url\" content=\"https:\/\/nordlinepaadid.ee\/et\/pood\/mercury-paadimootorid\/paadimootor-mercury-f6-mh\/\" \/>\n<meta property=\"og:site_name\" content=\"NORDLINE s\u00f5udepaadid ja mootorpaadid. Klaasfiiber materjalist.\" \/>\n<meta property=\"article:publisher\" content=\"https:\/\/www.facebook.com\/nordlineboats\" \/>\n<meta property=\"article:modified_time\" content=\"2026-04-09T01:06:58+00:00\" \/>\n<meta property=\"og:image\" content=\"https:\/\/nordlinepaadid.ee\/wp-content\/uploads\/2017\/10\/Paadimootor-Mercury-6hj.jpg\" \/>\n\t<meta property=\"og:image:width\" content=\"1280\" \/>\n\t<meta property=\"og:image:height\" content=\"960\" \/>\n\t<meta property=\"og:image:type\" content=\"image\/jpeg\" \/>\n<meta name=\"twitter:card\" content=\"summary_large_image\" \/>\n<meta name=\"twitter:label1\" content=\"Est. reading time\" \/>\n\t<meta name=\"twitter:data1\" content=\"1 minut\" \/>\n<script type=\"application\/ld+json\" class=\"yoast-schema-graph\">{\"@context\":\"https:\\\/\\\/schema.org\",\"@graph\":[{\"@type\":\"WebPage\",\"@id\":\"https:\\\/\\\/nordlinepaadid.ee\\\/et\\\/pood\\\/mercury-paadimootorid\\\/paadimootor-mercury-f6-mh\\\/\",\"url\":\"https:\\\/\\\/nordlinepaadid.ee\\\/et\\\/pood\\\/mercury-paadimootorid\\\/paadimootor-mercury-f6-mh\\\/\",\"name\":\"PAADIMOOTOR MERCURY 6HJ - Kerge \u00fchesilindriline mootor\",\"isPartOf\":{\"@id\":\"https:\\\/\\\/nordlinepaadid.ee\\\/et\\\/#website\"},\"primaryImageOfPage\":{\"@id\":\"https:\\\/\\\/nordlinepaadid.ee\\\/et\\\/pood\\\/mercury-paadimootorid\\\/paadimootor-mercury-f6-mh\\\/#primaryimage\"},\"image\":{\"@id\":\"https:\\\/\\\/nordlinepaadid.ee\\\/et\\\/pood\\\/mercury-paadimootorid\\\/paadimootor-mercury-f6-mh\\\/#primaryimage\"},\"thumbnailUrl\":\"https:\\\/\\\/nordlinepaadid.ee\\\/wp-content\\\/uploads\\\/2017\\\/10\\\/Paadimootor-Mercury-6hj.jpg\",\"datePublished\":\"2017-10-06T07:04:30+00:00\",\"dateModified\":\"2026-04-09T01:06:58+00:00\",\"description\":\"Paadimootor Mercury 6hj. Edasi - tagasi k\u00e4igud. Mitu trimmi positsiooni jala asendi reguleerimiseks. Sisseehitatud k\u00fctusepaagiga, lisapaagi v\u00f5imalus.\",\"breadcrumb\":{\"@id\":\"https:\\\/\\\/nordlinepaadid.ee\\\/et\\\/pood\\\/mercury-paadimootorid\\\/paadimootor-mercury-f6-mh\\\/#breadcrumb\"},\"inLanguage\":\"et\",\"potentialAction\":[{\"@type\":\"ReadAction\",\"target\":[\"https:\\\/\\\/nordlinepaadid.ee\\\/et\\\/pood\\\/mercury-paadimootorid\\\/paadimootor-mercury-f6-mh\\\/\"]}]},{\"@type\":\"ImageObject\",\"inLanguage\":\"et\",\"@id\":\"https:\\\/\\\/nordlinepaadid.ee\\\/et\\\/pood\\\/mercury-paadimootorid\\\/paadimootor-mercury-f6-mh\\\/#primaryimage\",\"url\":\"https:\\\/\\\/nordlinepaadid.ee\\\/wp-content\\\/uploads\\\/2017\\\/10\\\/Paadimootor-Mercury-6hj.jpg\",\"contentUrl\":\"https:\\\/\\\/nordlinepaadid.ee\\\/wp-content\\\/uploads\\\/2017\\\/10\\\/Paadimootor-Mercury-6hj.jpg\",\"width\":1280,\"height\":960,\"caption\":\"Paadimootor Mercury 6hj\"},{\"@type\":\"BreadcrumbList\",\"@id\":\"https:\\\/\\\/nordlinepaadid.ee\\\/et\\\/pood\\\/mercury-paadimootorid\\\/paadimootor-mercury-f6-mh\\\/#breadcrumb\",\"itemListElement\":[{\"@type\":\"ListItem\",\"position\":1,\"name\":\"Home\",\"item\":\"https:\\\/\\\/nordlinepaadid.ee\\\/et\\\/\"},{\"@type\":\"ListItem\",\"position\":2,\"name\":\"Pood\",\"item\":\"https:\\\/\\\/nordlinepaadid.ee\\\/et\\\/pood\\\/\"},{\"@type\":\"ListItem\",\"position\":3,\"name\":\"Paadimootor Mercury F6 MH\"}]},{\"@type\":\"WebSite\",\"@id\":\"https:\\\/\\\/nordlinepaadid.ee\\\/et\\\/#website\",\"url\":\"https:\\\/\\\/nordlinepaadid.ee\\\/et\\\/\",\"name\":\"NORDLINE s\u00f5udepaadid ja mootorpaadid. Klaasfiiber materjalist.\",\"description\":\"\",\"publisher\":{\"@id\":\"https:\\\/\\\/nordlinepaadid.ee\\\/et\\\/#organization\"},\"potentialAction\":[{\"@type\":\"SearchAction\",\"target\":{\"@type\":\"EntryPoint\",\"urlTemplate\":\"https:\\\/\\\/nordlinepaadid.ee\\\/et\\\/?s={search_term_string}\"},\"query-input\":{\"@type\":\"PropertyValueSpecification\",\"valueRequired\":true,\"valueName\":\"search_term_string\"}}],\"inLanguage\":\"et\"},{\"@type\":\"Organization\",\"@id\":\"https:\\\/\\\/nordlinepaadid.ee\\\/et\\\/#organization\",\"name\":\"Nordlineboats\",\"url\":\"https:\\\/\\\/nordlinepaadid.ee\\\/et\\\/\",\"logo\":{\"@type\":\"ImageObject\",\"inLanguage\":\"et\",\"@id\":\"https:\\\/\\\/nordlinepaadid.ee\\\/et\\\/#\\\/schema\\\/logo\\\/image\\\/\",\"url\":\"https:\\\/\\\/nordlinepaadid.ee\\\/wp-content\\\/uploads\\\/2023\\\/01\\\/fulllogo_transparent_nobuffer-e1672750475494.png\",\"contentUrl\":\"https:\\\/\\\/nordlinepaadid.ee\\\/wp-content\\\/uploads\\\/2023\\\/01\\\/fulllogo_transparent_nobuffer-e1672750475494.png\",\"width\":150,\"height\":119,\"caption\":\"Nordlineboats\"},\"image\":{\"@id\":\"https:\\\/\\\/nordlinepaadid.ee\\\/et\\\/#\\\/schema\\\/logo\\\/image\\\/\"},\"sameAs\":[\"https:\\\/\\\/www.facebook.com\\\/nordlineboats\",\"https:\\\/\\\/www.youtube.com\\\/channel\\\/UCbgF0fy02y3QkFnujaLTaCA\"]}]}<\/script>\n<!-- \/ Yoast SEO plugin. -->","yoast_head_json":{"title":"PAADIMOOTOR MERCURY 6HJ - Kerge \u00fchesilindriline mootor","description":"Paadimootor Mercury 6hj. Edasi - tagasi k\u00e4igud. Mitu trimmi positsiooni jala asendi reguleerimiseks. Sisseehitatud k\u00fctusepaagiga, lisapaagi v\u00f5imalus.","robots":{"index":"index","follow":"follow","max-snippet":"max-snippet:-1","max-image-preview":"max-image-preview:large","max-video-preview":"max-video-preview:-1"},"canonical":"https:\/\/nordlinepaadid.ee\/et\/pood\/mercury-paadimootorid\/paadimootor-mercury-f6-mh\/","og_locale":"et_EE","og_type":"article","og_title":"PAADIMOOTOR MERCURY 6HJ - Kerge \u00fchesilindriline mootor","og_description":"Paadimootor Mercury 6hj. Edasi - tagasi k\u00e4igud. Mitu trimmi positsiooni jala asendi reguleerimiseks. Sisseehitatud k\u00fctusepaagiga, lisapaagi v\u00f5imalus.","og_url":"https:\/\/nordlinepaadid.ee\/et\/pood\/mercury-paadimootorid\/paadimootor-mercury-f6-mh\/","og_site_name":"NORDLINE s\u00f5udepaadid ja mootorpaadid. Klaasfiiber materjalist.","article_publisher":"https:\/\/www.facebook.com\/nordlineboats","article_modified_time":"2026-04-09T01:06:58+00:00","og_image":[{"width":1280,"height":960,"url":"https:\/\/nordlinepaadid.ee\/wp-content\/uploads\/2017\/10\/Paadimootor-Mercury-6hj.jpg","type":"image\/jpeg"}],"twitter_card":"summary_large_image","twitter_misc":{"Est. reading time":"1 minut"},"schema":{"@context":"https:\/\/schema.org","@graph":[{"@type":"WebPage","@id":"https:\/\/nordlinepaadid.ee\/et\/pood\/mercury-paadimootorid\/paadimootor-mercury-f6-mh\/","url":"https:\/\/nordlinepaadid.ee\/et\/pood\/mercury-paadimootorid\/paadimootor-mercury-f6-mh\/","name":"PAADIMOOTOR MERCURY 6HJ - Kerge \u00fchesilindriline mootor","isPartOf":{"@id":"https:\/\/nordlinepaadid.ee\/et\/#website"},"primaryImageOfPage":{"@id":"https:\/\/nordlinepaadid.ee\/et\/pood\/mercury-paadimootorid\/paadimootor-mercury-f6-mh\/#primaryimage"},"image":{"@id":"https:\/\/nordlinepaadid.ee\/et\/pood\/mercury-paadimootorid\/paadimootor-mercury-f6-mh\/#primaryimage"},"thumbnailUrl":"https:\/\/nordlinepaadid.ee\/wp-content\/uploads\/2017\/10\/Paadimootor-Mercury-6hj.jpg","datePublished":"2017-10-06T07:04:30+00:00","dateModified":"2026-04-09T01:06:58+00:00","description":"Paadimootor Mercury 6hj. Edasi - tagasi k\u00e4igud. Mitu trimmi positsiooni jala asendi reguleerimiseks. Sisseehitatud k\u00fctusepaagiga, lisapaagi v\u00f5imalus.","breadcrumb":{"@id":"https:\/\/nordlinepaadid.ee\/et\/pood\/mercury-paadimootorid\/paadimootor-mercury-f6-mh\/#breadcrumb"},"inLanguage":"et","potentialAction":[{"@type":"ReadAction","target":["https:\/\/nordlinepaadid.ee\/et\/pood\/mercury-paadimootorid\/paadimootor-mercury-f6-mh\/"]}]},{"@type":"ImageObject","inLanguage":"et","@id":"https:\/\/nordlinepaadid.ee\/et\/pood\/mercury-paadimootorid\/paadimootor-mercury-f6-mh\/#primaryimage","url":"https:\/\/nordlinepaadid.ee\/wp-content\/uploads\/2017\/10\/Paadimootor-Mercury-6hj.jpg","contentUrl":"https:\/\/nordlinepaadid.ee\/wp-content\/uploads\/2017\/10\/Paadimootor-Mercury-6hj.jpg","width":1280,"height":960,"caption":"Paadimootor Mercury 6hj"},{"@type":"BreadcrumbList","@id":"https:\/\/nordlinepaadid.ee\/et\/pood\/mercury-paadimootorid\/paadimootor-mercury-f6-mh\/#breadcrumb","itemListElement":[{"@type":"ListItem","position":1,"name":"Home","item":"https:\/\/nordlinepaadid.ee\/et\/"},{"@type":"ListItem","position":2,"name":"Pood","item":"https:\/\/nordlinepaadid.ee\/et\/pood\/"},{"@type":"ListItem","position":3,"name":"Paadimootor Mercury F6 MH"}]},{"@type":"WebSite","@id":"https:\/\/nordlinepaadid.ee\/et\/#website","url":"https:\/\/nordlinepaadid.ee\/et\/","name":"NORDLINE s\u00f5udepaadid ja mootorpaadid. Klaasfiiber materjalist.","description":"","publisher":{"@id":"https:\/\/nordlinepaadid.ee\/et\/#organization"},"potentialAction":[{"@type":"SearchAction","target":{"@type":"EntryPoint","urlTemplate":"https:\/\/nordlinepaadid.ee\/et\/?s={search_term_string}"},"query-input":{"@type":"PropertyValueSpecification","valueRequired":true,"valueName":"search_term_string"}}],"inLanguage":"et"},{"@type":"Organization","@id":"https:\/\/nordlinepaadid.ee\/et\/#organization","name":"Nordlineboats","url":"https:\/\/nordlinepaadid.ee\/et\/","logo":{"@type":"ImageObject","inLanguage":"et","@id":"https:\/\/nordlinepaadid.ee\/et\/#\/schema\/logo\/image\/","url":"https:\/\/nordlinepaadid.ee\/wp-content\/uploads\/2023\/01\/fulllogo_transparent_nobuffer-e1672750475494.png","contentUrl":"https:\/\/nordlinepaadid.ee\/wp-content\/uploads\/2023\/01\/fulllogo_transparent_nobuffer-e1672750475494.png","width":150,"height":119,"caption":"Nordlineboats"},"image":{"@id":"https:\/\/nordlinepaadid.ee\/et\/#\/schema\/logo\/image\/"},"sameAs":["https:\/\/www.facebook.com\/nordlineboats","https:\/\/www.youtube.com\/channel\/UCbgF0fy02y3QkFnujaLTaCA"]}]}},"taxonomy_info":{"product_cat":[{"value":25,"label":"MERCURY PAADIMOOTORID"}]},"featured_image_src_large":["https:\/\/nordlinepaadid.ee\/wp-content\/uploads\/2017\/10\/Paadimootor-Mercury-6hj-1024x768.jpg",1024,768,true],"author_info":[],"comment_info":"","_links":{"self":[{"href":"https:\/\/nordlinepaadid.ee\/et\/wp-json\/wp\/v2\/product\/1162","targetHints":{"allow":["GET"]}}],"collection":[{"href":"https:\/\/nordlinepaadid.ee\/et\/wp-json\/wp\/v2\/product"}],"about":[{"href":"https:\/\/nordlinepaadid.ee\/et\/wp-json\/wp\/v2\/types\/product"}],"wp:featuredmedia":[{"embeddable":true,"href":"https:\/\/nordlinepaadid.ee\/et\/wp-json\/wp\/v2\/media\/1164"}],"wp:attachment":[{"href":"https:\/\/nordlinepaadid.ee\/et\/wp-json\/wp\/v2\/media?parent=1162"}],"wp:term":[{"taxonomy":"product_brand","embeddable":true,"href":"https:\/\/nordlinepaadid.ee\/et\/wp-json\/wp\/v2\/product_brand?post=1162"},{"taxonomy":"product_cat","embeddable":true,"href":"https:\/\/nordlinepaadid.ee\/et\/wp-json\/wp\/v2\/product_cat?post=1162"},{"taxonomy":"product_tag","embeddable":true,"href":"https:\/\/nordlinepaadid.ee\/et\/wp-json\/wp\/v2\/product_tag?post=1162"}],"curies":[{"name":"wp","href":"https:\/\/api.w.org\/{rel}","templated":true}]}}