{"id":16205,"date":"2026-04-07T03:05:41","date_gmt":"2026-04-07T00:05:41","guid":{"rendered":"https:\/\/nordlinepaadid.ee\/pood\/folding-grapnel-anchor-2-5-kg\/"},"modified":"2026-04-08T02:05:29","modified_gmt":"2026-04-07T23:05:29","slug":"kokkukaiv-paadiankur-2-5-kg","status":"publish","type":"product","link":"https:\/\/nordlinepaadid.ee\/et\/pood\/ankrud-ketid-trossid\/ankrud\/kokkukaiv-paadiankur-2-5-kg\/","title":{"rendered":"KOKKUK\u00c4IV PAADIANKUR, 2.5 kg"},"content":{"rendered":"<p>Kokkuk\u00e4iv Grapnel paadiankur, valmistatud galvaniseeritud terasest. Kaal: 2,5 kg.<\/p>\n<table border=\"1\" cellpadding=\"0\" cellspacing=\"0\" style=\"width:320px\">&#13;<\/p>\n<tbody>&#13;<\/p>\n<tr>&#13;<\/p>\n<td style=\"text-align: center;\"><span style=\"font-size:10px\"><strong>ANKRU KAAL<\/strong><\/span><\/td>\n<p>&#13;<\/p>\n<td style=\"text-align: center;\"><span style=\"font-size:10px\"><strong>A mm<\/strong><\/span><\/td>\n<p>&#13;<\/p>\n<td style=\"text-align: center;\"><span style=\"font-size:10px\"><strong>B mm<\/strong><\/span><\/td>\n<p>&#13;<\/p>\n<td style=\"text-align: center;\"><span style=\"font-size:10px\"><strong>C mm<\/strong><\/span><\/td>\n<p>&#13;<br \/>\n\t\t<\/tr>\n<p>&#13;<\/p>\n<tr>&#13;<\/p>\n<td style=\"text-align: center;\"><span style=\"font-size:10px\">0,7 kg<\/span><\/td>\n<p>&#13;<\/p>\n<td style=\"text-align: center;\"><span style=\"font-size:10px\">175<\/span><\/td>\n<p>&#13;<\/p>\n<td style=\"text-align: center;\"><span style=\"font-size:10px\">165<\/span><\/td>\n<p>&#13;<\/p>\n<td style=\"text-align: center;\"><span style=\"font-size:10px\">48<\/span><\/td>\n<p>&#13;<br \/>\n\t\t<\/tr>\n<p>&#13;<\/p>\n<tr>&#13;<\/p>\n<td style=\"text-align: center;\"><span style=\"font-size:10px\">1,5 kg<\/span><\/td>\n<p>&#13;<\/p>\n<td style=\"text-align: center;\"><span style=\"font-size:10px\">310<\/span><\/td>\n<p>&#13;<\/p>\n<td style=\"text-align: center;\"><span style=\"font-size:10px\">265<\/span><\/td>\n<p>&#13;<\/p>\n<td style=\"text-align: center;\"><span style=\"font-size:10px\">75<\/span><\/td>\n<p>&#13;<br \/>\n\t\t<\/tr>\n<p>&#13;<\/p>\n<tr>&#13;<\/p>\n<td style=\"text-align: center;\"><span style=\"font-size:10px\"><span style=\"color:#FF0000\"><strong>2,5 kg<\/strong><\/span><\/span><\/td>\n<p>&#13;<\/p>\n<td style=\"text-align: center;\"><span style=\"font-size:10px\">360<\/span><\/td>\n<p>&#13;<\/p>\n<td style=\"text-align: center;\"><span style=\"font-size:10px\">315<\/span><\/td>\n<p>&#13;<\/p>\n<td style=\"text-align: center;\"><span style=\"font-size:10px\">85<\/span><\/td>\n<p>&#13;<br \/>\n\t\t<\/tr>\n<p>&#13;<\/p>\n<tr>&#13;<\/p>\n<td style=\"text-align: center;\"><span style=\"font-size:10px\">3,2 kg<\/span><\/td>\n<p>&#13;<\/p>\n<td style=\"text-align: center;\"><span style=\"font-size:10px\">420<\/span><\/td>\n<p>&#13;<\/p>\n<td style=\"text-align: center;\"><span style=\"font-size:10px\">365<\/span><\/td>\n<p>&#13;<\/p>\n<td style=\"text-align: center;\"><span style=\"font-size:10px\">100<\/span><\/td>\n<p>&#13;<br \/>\n\t\t<\/tr>\n<p>&#13;<\/p>\n<tr>&#13;<\/p>\n<td style=\"text-align: center;\"><span style=\"font-size:10px\">4,0 kg<\/span><\/td>\n<p>&#13;<\/p>\n<td style=\"text-align: center;\"><span style=\"font-size:10px\">470<\/span><\/td>\n<p>&#13;<\/p>\n<td style=\"text-align: center;\"><span style=\"font-size:10px\">380<\/span><\/td>\n<p>&#13;<\/p>\n<td style=\"text-align: center;\"><span style=\"font-size:10px\">110<\/span><\/td>\n<p>&#13;<br \/>\n\t\t<\/tr>\n<p>&#13;<\/p>\n<tr>&#13;<\/p>\n<td style=\"text-align: center;\"><span style=\"font-size:10px\">6,0 kg<\/span><\/td>\n<p>&#13;<\/p>\n<td style=\"text-align: center;\"><span style=\"font-size:10px\">565<\/span><\/td>\n<p>&#13;<\/p>\n<td style=\"text-align: center;\"><span style=\"font-size:10px\">440<\/span><\/td>\n<p>&#13;<\/p>\n<td style=\"text-align: center;\"><span style=\"font-size:10px\">130<\/span><\/td>\n<p>&#13;<br \/>\n\t\t<\/tr>\n<p>&#13;<\/p>\n<tr>&#13;<\/p>\n<td style=\"text-align: center;\"><span style=\"font-size:10px\">8,0 kg<\/span><\/td>\n<p>&#13;<\/p>\n<td style=\"text-align: center;\"><span style=\"font-size:10px\">575<\/span><\/td>\n<p>&#13;<\/p>\n<td style=\"text-align: center;\"><span style=\"font-size:10px\">490<\/span><\/td>\n<p>&#13;<\/p>\n<td style=\"text-align: center;\"><span style=\"font-size:10px\">140<\/span><\/td>\n<p>&#13;<br \/>\n\t\t<\/tr>\n<p>&#13;<\/p>\n<tr>&#13;<\/p>\n<td style=\"text-align: center;\"><span style=\"font-size:10px\">10,0 kg<\/span><\/td>\n<p>&#13;<\/p>\n<td style=\"text-align: center;\"><span style=\"font-size:10px\">610<\/span><\/td>\n<p>&#13;<\/p>\n<td style=\"text-align: center;\"><span style=\"font-size:10px\">595<\/span><\/td>\n<p>&#13;<\/p>\n<td style=\"text-align: center;\"><span style=\"font-size:10px\">130<\/span><\/td>\n<p>&#13;<br \/>\n\t\t<\/tr>\n<p>&#13;<\/p>\n<tr>&#13;<\/p>\n<td style=\"text-align: center;\"><span style=\"font-size:10px\">12,0 kg<\/span><\/td>\n<p>&#13;<\/p>\n<td style=\"text-align: center;\"><span style=\"font-size:10px\">650<\/span><\/td>\n<p>&#13;<\/p>\n<td style=\"text-align: center;\"><span style=\"font-size:10px\">640<\/span><\/td>\n<p>&#13;<\/p>\n<td style=\"text-align: center;\"><span style=\"font-size:10px\">130<\/span><\/td>\n<p>&#13;<br \/>\n\t\t<\/tr>\n<p>&#13;<br \/>\n\t<\/tbody>\n<p>&#13;<br \/>\n<\/table>\n<p>&#13;<br \/>\n&#13;<\/p>\n<p>&nbsp;<\/p>\n<p>&#13;<\/p>\n","protected":false},"excerpt":{"rendered":"<p>Kokkuk\u00e4iv Grapnel paadiankur, valmistatud galvaniseeritud terasest. Kaal: 2,5 kg. &#13; &#13; &#13; ANKRU KAAL &#13; A mm &#13; B mm &#13; C mm &#13; &#13; &#13; 0,7 kg &#13; 175 &#13; 165 &#13; 48 &#13; &#13; &#13; 1,5 kg &#13; 310 &#13; 265 &#13; 75 &#13; &#13; &#13; 2,5 kg &#13; 360 &#13; 315 &#13;&#8230;<\/p>\n","protected":false},"featured_media":15802,"template":"","meta":{"_kad_blocks_custom_css":"","_kad_blocks_head_custom_js":"","_kad_blocks_body_custom_js":"","_kad_blocks_footer_custom_js":"","_kad_post_transparent":"","_kad_post_title":"","_kad_post_layout":"","_kad_post_sidebar_id":"","_kad_post_content_style":"","_kad_post_vertical_padding":"","_kad_post_feature":"","_kad_post_feature_position":"","_kad_post_header":false,"_kad_post_footer":false,"_kad_post_classname":""},"product_brand":[],"product_cat":[327,246],"product_tag":[],"class_list":{"0":"post-16205","1":"product","2":"type-product","3":"status-publish","4":"has-post-thumbnail","6":"product_cat-ankrud","7":"product_cat-ankrud-ketid-trossid","8":"product_shipping_class-pakiautomaati-mahtuv-kaup","9":"pa_producer-osculati","10":"pa_unit-pcs","11":"tm-no-options","13":"first","14":"instock","15":"taxable","16":"shipping-taxable","17":"purchasable","18":"product-type-simple","19":"entry","20":"content-bg","21":"loop-entry"},"yoast_head":"<!-- This site is optimized with the Yoast SEO plugin v27.3 - https:\/\/yoast.com\/product\/yoast-seo-wordpress\/ -->\n<title>KOKKUK\u00c4IV PAADIANKUR, 2.5 kg - NORDLINE s\u00f5udepaadid ja mootorpaadid. Klaasfiiber materjalist.<\/title>\n<meta name=\"robots\" content=\"index, follow, max-snippet:-1, max-image-preview:large, max-video-preview:-1\" \/>\n<link rel=\"canonical\" href=\"https:\/\/nordlinepaadid.ee\/et\/pood\/ankrud-ketid-trossid\/ankrud\/kokkukaiv-paadiankur-2-5-kg\/\" \/>\n<meta property=\"og:locale\" content=\"et_EE\" \/>\n<meta property=\"og:type\" content=\"article\" \/>\n<meta property=\"og:title\" content=\"KOKKUK\u00c4IV PAADIANKUR, 2.5 kg - NORDLINE s\u00f5udepaadid ja mootorpaadid. Klaasfiiber materjalist.\" \/>\n<meta property=\"og:description\" content=\"Kokkuk\u00e4iv Grapnel paadiankur, valmistatud galvaniseeritud terasest. Kaal: 2,5 kg. &#013; &#013; &#013; ANKRU KAAL &#013; A mm &#013; B mm &#013; C mm &#013; &#013; &#013; 0,7 kg &#013; 175 &#013; 165 &#013; 48 &#013; &#013; &#013; 1,5 kg &#013; 310 &#013; 265 &#013; 75 &#013; &#013; &#013; 2,5 kg &#013; 360 &#013; 315 &#013;...\" \/>\n<meta property=\"og:url\" content=\"https:\/\/nordlinepaadid.ee\/et\/pood\/ankrud-ketid-trossid\/ankrud\/kokkukaiv-paadiankur-2-5-kg\/\" \/>\n<meta property=\"og:site_name\" content=\"NORDLINE s\u00f5udepaadid ja mootorpaadid. Klaasfiiber materjalist.\" \/>\n<meta property=\"article:publisher\" content=\"https:\/\/www.facebook.com\/nordlineboats\" \/>\n<meta property=\"article:modified_time\" content=\"2026-04-07T23:05:29+00:00\" \/>\n<meta property=\"og:image\" content=\"https:\/\/nordlinepaadid.ee\/wp-content\/uploads\/2023\/03\/590_01.139.jpg\" \/>\n\t<meta property=\"og:image:width\" content=\"584\" \/>\n\t<meta property=\"og:image:height\" content=\"476\" \/>\n\t<meta property=\"og:image:type\" content=\"image\/jpeg\" \/>\n<meta name=\"twitter:card\" content=\"summary_large_image\" \/>\n<script type=\"application\/ld+json\" class=\"yoast-schema-graph\">{\"@context\":\"https:\\\/\\\/schema.org\",\"@graph\":[{\"@type\":\"WebPage\",\"@id\":\"https:\\\/\\\/nordlinepaadid.ee\\\/et\\\/pood\\\/ankrud-ketid-trossid\\\/ankrud\\\/kokkukaiv-paadiankur-2-5-kg\\\/\",\"url\":\"https:\\\/\\\/nordlinepaadid.ee\\\/et\\\/pood\\\/ankrud-ketid-trossid\\\/ankrud\\\/kokkukaiv-paadiankur-2-5-kg\\\/\",\"name\":\"KOKKUK\u00c4IV PAADIANKUR, 2.5 kg - NORDLINE s\u00f5udepaadid ja mootorpaadid. Klaasfiiber materjalist.\",\"isPartOf\":{\"@id\":\"https:\\\/\\\/nordlinepaadid.ee\\\/et\\\/#website\"},\"primaryImageOfPage\":{\"@id\":\"https:\\\/\\\/nordlinepaadid.ee\\\/et\\\/pood\\\/ankrud-ketid-trossid\\\/ankrud\\\/kokkukaiv-paadiankur-2-5-kg\\\/#primaryimage\"},\"image\":{\"@id\":\"https:\\\/\\\/nordlinepaadid.ee\\\/et\\\/pood\\\/ankrud-ketid-trossid\\\/ankrud\\\/kokkukaiv-paadiankur-2-5-kg\\\/#primaryimage\"},\"thumbnailUrl\":\"https:\\\/\\\/nordlinepaadid.ee\\\/wp-content\\\/uploads\\\/2023\\\/03\\\/590_01.139.jpg\",\"datePublished\":\"2026-04-07T00:05:41+00:00\",\"dateModified\":\"2026-04-07T23:05:29+00:00\",\"breadcrumb\":{\"@id\":\"https:\\\/\\\/nordlinepaadid.ee\\\/et\\\/pood\\\/ankrud-ketid-trossid\\\/ankrud\\\/kokkukaiv-paadiankur-2-5-kg\\\/#breadcrumb\"},\"inLanguage\":\"et\",\"potentialAction\":[{\"@type\":\"ReadAction\",\"target\":[\"https:\\\/\\\/nordlinepaadid.ee\\\/et\\\/pood\\\/ankrud-ketid-trossid\\\/ankrud\\\/kokkukaiv-paadiankur-2-5-kg\\\/\"]}]},{\"@type\":\"ImageObject\",\"inLanguage\":\"et\",\"@id\":\"https:\\\/\\\/nordlinepaadid.ee\\\/et\\\/pood\\\/ankrud-ketid-trossid\\\/ankrud\\\/kokkukaiv-paadiankur-2-5-kg\\\/#primaryimage\",\"url\":\"https:\\\/\\\/nordlinepaadid.ee\\\/wp-content\\\/uploads\\\/2023\\\/03\\\/590_01.139.jpg\",\"contentUrl\":\"https:\\\/\\\/nordlinepaadid.ee\\\/wp-content\\\/uploads\\\/2023\\\/03\\\/590_01.139.jpg\",\"width\":584,\"height\":476},{\"@type\":\"BreadcrumbList\",\"@id\":\"https:\\\/\\\/nordlinepaadid.ee\\\/et\\\/pood\\\/ankrud-ketid-trossid\\\/ankrud\\\/kokkukaiv-paadiankur-2-5-kg\\\/#breadcrumb\",\"itemListElement\":[{\"@type\":\"ListItem\",\"position\":1,\"name\":\"Home\",\"item\":\"https:\\\/\\\/nordlinepaadid.ee\\\/et\\\/\"},{\"@type\":\"ListItem\",\"position\":2,\"name\":\"Pood\",\"item\":\"https:\\\/\\\/nordlinepaadid.ee\\\/et\\\/pood\\\/\"},{\"@type\":\"ListItem\",\"position\":3,\"name\":\"KOKKUK\u00c4IV PAADIANKUR, 2.5 kg\"}]},{\"@type\":\"WebSite\",\"@id\":\"https:\\\/\\\/nordlinepaadid.ee\\\/et\\\/#website\",\"url\":\"https:\\\/\\\/nordlinepaadid.ee\\\/et\\\/\",\"name\":\"NORDLINE s\u00f5udepaadid ja mootorpaadid. Klaasfiiber materjalist.\",\"description\":\"\",\"publisher\":{\"@id\":\"https:\\\/\\\/nordlinepaadid.ee\\\/et\\\/#organization\"},\"potentialAction\":[{\"@type\":\"SearchAction\",\"target\":{\"@type\":\"EntryPoint\",\"urlTemplate\":\"https:\\\/\\\/nordlinepaadid.ee\\\/et\\\/?s={search_term_string}\"},\"query-input\":{\"@type\":\"PropertyValueSpecification\",\"valueRequired\":true,\"valueName\":\"search_term_string\"}}],\"inLanguage\":\"et\"},{\"@type\":\"Organization\",\"@id\":\"https:\\\/\\\/nordlinepaadid.ee\\\/et\\\/#organization\",\"name\":\"Nordlineboats\",\"url\":\"https:\\\/\\\/nordlinepaadid.ee\\\/et\\\/\",\"logo\":{\"@type\":\"ImageObject\",\"inLanguage\":\"et\",\"@id\":\"https:\\\/\\\/nordlinepaadid.ee\\\/et\\\/#\\\/schema\\\/logo\\\/image\\\/\",\"url\":\"https:\\\/\\\/nordlinepaadid.ee\\\/wp-content\\\/uploads\\\/2023\\\/01\\\/fulllogo_transparent_nobuffer-e1672750475494.png\",\"contentUrl\":\"https:\\\/\\\/nordlinepaadid.ee\\\/wp-content\\\/uploads\\\/2023\\\/01\\\/fulllogo_transparent_nobuffer-e1672750475494.png\",\"width\":150,\"height\":119,\"caption\":\"Nordlineboats\"},\"image\":{\"@id\":\"https:\\\/\\\/nordlinepaadid.ee\\\/et\\\/#\\\/schema\\\/logo\\\/image\\\/\"},\"sameAs\":[\"https:\\\/\\\/www.facebook.com\\\/nordlineboats\",\"https:\\\/\\\/www.youtube.com\\\/channel\\\/UCbgF0fy02y3QkFnujaLTaCA\"]}]}<\/script>\n<!-- \/ Yoast SEO plugin. -->","yoast_head_json":{"title":"KOKKUK\u00c4IV PAADIANKUR, 2.5 kg - NORDLINE s\u00f5udepaadid ja mootorpaadid. Klaasfiiber materjalist.","robots":{"index":"index","follow":"follow","max-snippet":"max-snippet:-1","max-image-preview":"max-image-preview:large","max-video-preview":"max-video-preview:-1"},"canonical":"https:\/\/nordlinepaadid.ee\/et\/pood\/ankrud-ketid-trossid\/ankrud\/kokkukaiv-paadiankur-2-5-kg\/","og_locale":"et_EE","og_type":"article","og_title":"KOKKUK\u00c4IV PAADIANKUR, 2.5 kg - NORDLINE s\u00f5udepaadid ja mootorpaadid. Klaasfiiber materjalist.","og_description":"Kokkuk\u00e4iv Grapnel paadiankur, valmistatud galvaniseeritud terasest. Kaal: 2,5 kg. &#13; &#13; &#13; ANKRU KAAL &#13; A mm &#13; B mm &#13; C mm &#13; &#13; &#13; 0,7 kg &#13; 175 &#13; 165 &#13; 48 &#13; &#13; &#13; 1,5 kg &#13; 310 &#13; 265 &#13; 75 &#13; &#13; &#13; 2,5 kg &#13; 360 &#13; 315 &#13;...","og_url":"https:\/\/nordlinepaadid.ee\/et\/pood\/ankrud-ketid-trossid\/ankrud\/kokkukaiv-paadiankur-2-5-kg\/","og_site_name":"NORDLINE s\u00f5udepaadid ja mootorpaadid. Klaasfiiber materjalist.","article_publisher":"https:\/\/www.facebook.com\/nordlineboats","article_modified_time":"2026-04-07T23:05:29+00:00","og_image":[{"width":584,"height":476,"url":"https:\/\/nordlinepaadid.ee\/wp-content\/uploads\/2023\/03\/590_01.139.jpg","type":"image\/jpeg"}],"twitter_card":"summary_large_image","schema":{"@context":"https:\/\/schema.org","@graph":[{"@type":"WebPage","@id":"https:\/\/nordlinepaadid.ee\/et\/pood\/ankrud-ketid-trossid\/ankrud\/kokkukaiv-paadiankur-2-5-kg\/","url":"https:\/\/nordlinepaadid.ee\/et\/pood\/ankrud-ketid-trossid\/ankrud\/kokkukaiv-paadiankur-2-5-kg\/","name":"KOKKUK\u00c4IV PAADIANKUR, 2.5 kg - NORDLINE s\u00f5udepaadid ja mootorpaadid. Klaasfiiber materjalist.","isPartOf":{"@id":"https:\/\/nordlinepaadid.ee\/et\/#website"},"primaryImageOfPage":{"@id":"https:\/\/nordlinepaadid.ee\/et\/pood\/ankrud-ketid-trossid\/ankrud\/kokkukaiv-paadiankur-2-5-kg\/#primaryimage"},"image":{"@id":"https:\/\/nordlinepaadid.ee\/et\/pood\/ankrud-ketid-trossid\/ankrud\/kokkukaiv-paadiankur-2-5-kg\/#primaryimage"},"thumbnailUrl":"https:\/\/nordlinepaadid.ee\/wp-content\/uploads\/2023\/03\/590_01.139.jpg","datePublished":"2026-04-07T00:05:41+00:00","dateModified":"2026-04-07T23:05:29+00:00","breadcrumb":{"@id":"https:\/\/nordlinepaadid.ee\/et\/pood\/ankrud-ketid-trossid\/ankrud\/kokkukaiv-paadiankur-2-5-kg\/#breadcrumb"},"inLanguage":"et","potentialAction":[{"@type":"ReadAction","target":["https:\/\/nordlinepaadid.ee\/et\/pood\/ankrud-ketid-trossid\/ankrud\/kokkukaiv-paadiankur-2-5-kg\/"]}]},{"@type":"ImageObject","inLanguage":"et","@id":"https:\/\/nordlinepaadid.ee\/et\/pood\/ankrud-ketid-trossid\/ankrud\/kokkukaiv-paadiankur-2-5-kg\/#primaryimage","url":"https:\/\/nordlinepaadid.ee\/wp-content\/uploads\/2023\/03\/590_01.139.jpg","contentUrl":"https:\/\/nordlinepaadid.ee\/wp-content\/uploads\/2023\/03\/590_01.139.jpg","width":584,"height":476},{"@type":"BreadcrumbList","@id":"https:\/\/nordlinepaadid.ee\/et\/pood\/ankrud-ketid-trossid\/ankrud\/kokkukaiv-paadiankur-2-5-kg\/#breadcrumb","itemListElement":[{"@type":"ListItem","position":1,"name":"Home","item":"https:\/\/nordlinepaadid.ee\/et\/"},{"@type":"ListItem","position":2,"name":"Pood","item":"https:\/\/nordlinepaadid.ee\/et\/pood\/"},{"@type":"ListItem","position":3,"name":"KOKKUK\u00c4IV PAADIANKUR, 2.5 kg"}]},{"@type":"WebSite","@id":"https:\/\/nordlinepaadid.ee\/et\/#website","url":"https:\/\/nordlinepaadid.ee\/et\/","name":"NORDLINE s\u00f5udepaadid ja mootorpaadid. Klaasfiiber materjalist.","description":"","publisher":{"@id":"https:\/\/nordlinepaadid.ee\/et\/#organization"},"potentialAction":[{"@type":"SearchAction","target":{"@type":"EntryPoint","urlTemplate":"https:\/\/nordlinepaadid.ee\/et\/?s={search_term_string}"},"query-input":{"@type":"PropertyValueSpecification","valueRequired":true,"valueName":"search_term_string"}}],"inLanguage":"et"},{"@type":"Organization","@id":"https:\/\/nordlinepaadid.ee\/et\/#organization","name":"Nordlineboats","url":"https:\/\/nordlinepaadid.ee\/et\/","logo":{"@type":"ImageObject","inLanguage":"et","@id":"https:\/\/nordlinepaadid.ee\/et\/#\/schema\/logo\/image\/","url":"https:\/\/nordlinepaadid.ee\/wp-content\/uploads\/2023\/01\/fulllogo_transparent_nobuffer-e1672750475494.png","contentUrl":"https:\/\/nordlinepaadid.ee\/wp-content\/uploads\/2023\/01\/fulllogo_transparent_nobuffer-e1672750475494.png","width":150,"height":119,"caption":"Nordlineboats"},"image":{"@id":"https:\/\/nordlinepaadid.ee\/et\/#\/schema\/logo\/image\/"},"sameAs":["https:\/\/www.facebook.com\/nordlineboats","https:\/\/www.youtube.com\/channel\/UCbgF0fy02y3QkFnujaLTaCA"]}]}},"taxonomy_info":{"product_cat":[{"value":327,"label":"Ankrud"},{"value":246,"label":"ANKRUD, KETID, TROSSID"}],"pa_producer":[{"value":417,"label":"Osculati"}],"pa_unit":[{"value":416,"label":"pcs"}]},"featured_image_src_large":["https:\/\/nordlinepaadid.ee\/wp-content\/uploads\/2023\/03\/590_01.139.jpg",584,476,false],"author_info":[],"comment_info":"","_links":{"self":[{"href":"https:\/\/nordlinepaadid.ee\/et\/wp-json\/wp\/v2\/product\/16205","targetHints":{"allow":["GET"]}}],"collection":[{"href":"https:\/\/nordlinepaadid.ee\/et\/wp-json\/wp\/v2\/product"}],"about":[{"href":"https:\/\/nordlinepaadid.ee\/et\/wp-json\/wp\/v2\/types\/product"}],"wp:featuredmedia":[{"embeddable":true,"href":"https:\/\/nordlinepaadid.ee\/et\/wp-json\/wp\/v2\/media\/15802"}],"wp:attachment":[{"href":"https:\/\/nordlinepaadid.ee\/et\/wp-json\/wp\/v2\/media?parent=16205"}],"wp:term":[{"taxonomy":"product_brand","embeddable":true,"href":"https:\/\/nordlinepaadid.ee\/et\/wp-json\/wp\/v2\/product_brand?post=16205"},{"taxonomy":"product_cat","embeddable":true,"href":"https:\/\/nordlinepaadid.ee\/et\/wp-json\/wp\/v2\/product_cat?post=16205"},{"taxonomy":"product_tag","embeddable":true,"href":"https:\/\/nordlinepaadid.ee\/et\/wp-json\/wp\/v2\/product_tag?post=16205"}],"curies":[{"name":"wp","href":"https:\/\/api.w.org\/{rel}","templated":true}]}}