{"id":16976,"date":"2026-04-07T03:06:49","date_gmt":"2026-04-07T00:06:49","guid":{"rendered":"https:\/\/nordlinepaadid.ee\/pood\/first-aid-kit-for-small-boats-s\/"},"modified":"2026-04-08T08:05:12","modified_gmt":"2026-04-08T05:05:12","slug":"esmaabi-komplekt-vaikelaevadele-s","status":"publish","type":"product","link":"https:\/\/nordlinepaadid.ee\/et\/pood\/paastevahendid\/tulekustutusvahendid-esmaabivahendid\/esmaabi-komplekt-vaikelaevadele-s\/","title":{"rendered":"ESMAABI KOMPLEKT V\u00c4IKELAEVADELE, S"},"content":{"rendered":"<p>Esmaabikomplekt Paadid ja v\u00e4ikelaevad Mini on m\u00f5eldud paatidele, jahtidele, kaatritele ja teistele v\u00e4ikelaevadele, kus on enamasti kuni 2 inimest. Esmaabikomplekt on pakendatud minigrip kotti, mis omakorda on pakitud vutlarisse. Minigrip kott tagab toodete parema niiskustaluvuse ning vettekukkudes j\u00e4\u00e4b komplekt veepeale. K\u00f5iki reisijaid tuleks informeerida esmaabivahendite asukohast ning soovitame k\u00f5igil t\u00f6\u00f6tajatel l\u00e4bida esmaabikoolitus iga 2 aasta tagant ja uuendada esmaabivahendeid v\u00e4hemalt iga 3 aasta tagant v\u00f5i vastavalt vajadusele. Esmaabikomplektis on esmaabi andmise juhend, mis aitab vajadusel esmaabiv\u00f5tteid meelde tuletada.<\/p>\n<p><strong>Komplekt sisaldab:<\/strong><\/p>\n<p>&#13;<br \/>\n&#13;<\/p>\n<p>&nbsp;<\/p>\n<p>&#13;<br \/>\n&#13;<\/p>\n<p>Steriilne esmaabisidemepakend haavatampooniga &#8211; 2 tk<br \/>&#13;<br \/>\nSteriilne haavatampoon 5 x 5 cm &#8211; 1 tk<br \/>&#13;<br \/>\nSteriilne haavatampoon 10 x 10 cm &#8211; 1 tk<br \/>&#13;<br \/>\nSteriilne haavatampoon 30 x 60 cm &#8211; 1 tk<br \/>&#13;<br \/>\nSteriilne haavatampoon 7,5 x 7,5 cm &#8211; 1 tk<br \/>&#13;<br \/>\nPoolelastne rullside (laius 6 cm) &#8211; 1 tk<br \/>&#13;<br \/>\nPoolelastne rullside (laius 10 cm) &#8211; 1 tk<br \/>&#13;<br \/>\nPoolelastne rullside (laius &nbsp;15 cm)- &nbsp;1 tk<br \/>&#13;<br \/>\nElastne side (r\u00f5hkside) 10 cm x 4 m &#8211; 1 tk<br \/>&#13;<br \/>\nPlaastrid (plastikplaastrid 12 tk, \u00fcks suurus) &#8211; 1 kmpl<br \/>&#13;<br \/>\nRullplaaster\/Kinnitusteip &nbsp;&#8211; 1 tk<br \/>&#13;<br \/>\nHaavapuhastussalvett &#8211; 6 tk<br \/>&#13;<br \/>\nKaitsekindad (vin\u00fc\u00fcl) &#8211; 2 paari<br \/>&#13;<br \/>\nKolmnurkr\u00e4tik &#8211; 1 tk<br \/>&#13;<br \/>\nK\u00e4\u00e4rid\/turval\u00f5ikur &#8211; 1 tk<br \/>&#13;<br \/>\nTermotekk &#8211; 1 tk<br \/>&#13;<br \/>\n\u00dchekordne k\u00fclmakompress&nbsp; &#8211; 1 tk<br \/>&#13;<br \/>\nEsmaabi andmise juhend &#8211; 1 tk<br \/>&#13;<br \/>\nEsmaabivahendite kasutusjuhend &#8211; 1 tk<\/p>\n<p>&#13;<\/p>\n","protected":false},"excerpt":{"rendered":"<p>Esmaabikomplekt Paadid ja v\u00e4ikelaevad Mini on m\u00f5eldud paatidele, jahtidele, kaatritele ja teistele v\u00e4ikelaevadele, kus on enamasti kuni 2 inimest. Esmaabikomplekt on pakendatud minigrip kotti, mis omakorda on pakitud vutlarisse. Minigrip kott tagab toodete parema niiskustaluvuse ning vettekukkudes j\u00e4\u00e4b komplekt veepeale. K\u00f5iki reisijaid tuleks informeerida esmaabivahendite asukohast ning soovitame k\u00f5igil t\u00f6\u00f6tajatel l\u00e4bida esmaabikoolitus iga 2 aasta&#8230;<\/p>\n","protected":false},"featured_media":16977,"template":"","meta":{"_kad_blocks_custom_css":"","_kad_blocks_head_custom_js":"","_kad_blocks_body_custom_js":"","_kad_blocks_footer_custom_js":"","_kad_post_transparent":"","_kad_post_title":"","_kad_post_layout":"","_kad_post_sidebar_id":"","_kad_post_content_style":"","_kad_post_vertical_padding":"","_kad_post_feature":"","_kad_post_feature_position":"","_kad_post_header":false,"_kad_post_footer":false,"_kad_post_classname":""},"product_brand":[],"product_cat":[230,237],"product_tag":[],"class_list":{"0":"post-16976","1":"product","2":"type-product","3":"status-publish","4":"has-post-thumbnail","6":"product_cat-paastevahendid","7":"product_cat-tulekustutusvahendid-esmaabivahendid","8":"product_shipping_class-pakiautomaati-mahtuv-kaup","9":"pa_color-sinine","10":"pa_unit-pcs","11":"tm-no-options","13":"first","14":"instock","15":"taxable","16":"shipping-taxable","17":"purchasable","18":"product-type-simple","19":"entry","20":"content-bg","21":"loop-entry"},"yoast_head":"<!-- This site is optimized with the Yoast SEO plugin v27.3 - https:\/\/yoast.com\/product\/yoast-seo-wordpress\/ -->\n<title>ESMAABI KOMPLEKT V\u00c4IKELAEVADELE, S - NORDLINE s\u00f5udepaadid ja mootorpaadid. Klaasfiiber materjalist.<\/title>\n<meta name=\"robots\" content=\"index, follow, max-snippet:-1, max-image-preview:large, max-video-preview:-1\" \/>\n<link rel=\"canonical\" href=\"https:\/\/nordlinepaadid.ee\/et\/pood\/paastevahendid\/tulekustutusvahendid-esmaabivahendid\/esmaabi-komplekt-vaikelaevadele-s\/\" \/>\n<meta property=\"og:locale\" content=\"et_EE\" \/>\n<meta property=\"og:type\" content=\"article\" \/>\n<meta property=\"og:title\" content=\"ESMAABI KOMPLEKT V\u00c4IKELAEVADELE, S - NORDLINE s\u00f5udepaadid ja mootorpaadid. Klaasfiiber materjalist.\" \/>\n<meta property=\"og:description\" content=\"Esmaabikomplekt Paadid ja v\u00e4ikelaevad Mini on m\u00f5eldud paatidele, jahtidele, kaatritele ja teistele v\u00e4ikelaevadele, kus on enamasti kuni 2 inimest. Esmaabikomplekt on pakendatud minigrip kotti, mis omakorda on pakitud vutlarisse. Minigrip kott tagab toodete parema niiskustaluvuse ning vettekukkudes j\u00e4\u00e4b komplekt veepeale. K\u00f5iki reisijaid tuleks informeerida esmaabivahendite asukohast ning soovitame k\u00f5igil t\u00f6\u00f6tajatel l\u00e4bida esmaabikoolitus iga 2 aasta...\" \/>\n<meta property=\"og:url\" content=\"https:\/\/nordlinepaadid.ee\/et\/pood\/paastevahendid\/tulekustutusvahendid-esmaabivahendid\/esmaabi-komplekt-vaikelaevadele-s\/\" \/>\n<meta property=\"og:site_name\" content=\"NORDLINE s\u00f5udepaadid ja mootorpaadid. Klaasfiiber materjalist.\" \/>\n<meta property=\"article:publisher\" content=\"https:\/\/www.facebook.com\/nordlineboats\" \/>\n<meta property=\"article:modified_time\" content=\"2026-04-08T05:05:12+00:00\" \/>\n<meta property=\"og:image\" content=\"https:\/\/nordlinepaadid.ee\/wp-content\/uploads\/2023\/03\/1040_6026S-1200x1200_SS.jpg\" \/>\n\t<meta property=\"og:image:width\" content=\"1200\" \/>\n\t<meta property=\"og:image:height\" content=\"1200\" \/>\n\t<meta property=\"og:image:type\" content=\"image\/jpeg\" \/>\n<meta name=\"twitter:card\" content=\"summary_large_image\" \/>\n<meta name=\"twitter:label1\" content=\"Est. reading time\" \/>\n\t<meta name=\"twitter:data1\" content=\"1 minut\" \/>\n<script type=\"application\/ld+json\" class=\"yoast-schema-graph\">{\"@context\":\"https:\\\/\\\/schema.org\",\"@graph\":[{\"@type\":\"WebPage\",\"@id\":\"https:\\\/\\\/nordlinepaadid.ee\\\/et\\\/pood\\\/paastevahendid\\\/tulekustutusvahendid-esmaabivahendid\\\/esmaabi-komplekt-vaikelaevadele-s\\\/\",\"url\":\"https:\\\/\\\/nordlinepaadid.ee\\\/et\\\/pood\\\/paastevahendid\\\/tulekustutusvahendid-esmaabivahendid\\\/esmaabi-komplekt-vaikelaevadele-s\\\/\",\"name\":\"ESMAABI KOMPLEKT V\u00c4IKELAEVADELE, S - NORDLINE s\u00f5udepaadid ja mootorpaadid. Klaasfiiber materjalist.\",\"isPartOf\":{\"@id\":\"https:\\\/\\\/nordlinepaadid.ee\\\/et\\\/#website\"},\"primaryImageOfPage\":{\"@id\":\"https:\\\/\\\/nordlinepaadid.ee\\\/et\\\/pood\\\/paastevahendid\\\/tulekustutusvahendid-esmaabivahendid\\\/esmaabi-komplekt-vaikelaevadele-s\\\/#primaryimage\"},\"image\":{\"@id\":\"https:\\\/\\\/nordlinepaadid.ee\\\/et\\\/pood\\\/paastevahendid\\\/tulekustutusvahendid-esmaabivahendid\\\/esmaabi-komplekt-vaikelaevadele-s\\\/#primaryimage\"},\"thumbnailUrl\":\"https:\\\/\\\/nordlinepaadid.ee\\\/wp-content\\\/uploads\\\/2023\\\/03\\\/1040_6026S-1200x1200_SS.jpg\",\"datePublished\":\"2026-04-07T00:06:49+00:00\",\"dateModified\":\"2026-04-08T05:05:12+00:00\",\"breadcrumb\":{\"@id\":\"https:\\\/\\\/nordlinepaadid.ee\\\/et\\\/pood\\\/paastevahendid\\\/tulekustutusvahendid-esmaabivahendid\\\/esmaabi-komplekt-vaikelaevadele-s\\\/#breadcrumb\"},\"inLanguage\":\"et\",\"potentialAction\":[{\"@type\":\"ReadAction\",\"target\":[\"https:\\\/\\\/nordlinepaadid.ee\\\/et\\\/pood\\\/paastevahendid\\\/tulekustutusvahendid-esmaabivahendid\\\/esmaabi-komplekt-vaikelaevadele-s\\\/\"]}]},{\"@type\":\"ImageObject\",\"inLanguage\":\"et\",\"@id\":\"https:\\\/\\\/nordlinepaadid.ee\\\/et\\\/pood\\\/paastevahendid\\\/tulekustutusvahendid-esmaabivahendid\\\/esmaabi-komplekt-vaikelaevadele-s\\\/#primaryimage\",\"url\":\"https:\\\/\\\/nordlinepaadid.ee\\\/wp-content\\\/uploads\\\/2023\\\/03\\\/1040_6026S-1200x1200_SS.jpg\",\"contentUrl\":\"https:\\\/\\\/nordlinepaadid.ee\\\/wp-content\\\/uploads\\\/2023\\\/03\\\/1040_6026S-1200x1200_SS.jpg\",\"width\":1200,\"height\":1200},{\"@type\":\"BreadcrumbList\",\"@id\":\"https:\\\/\\\/nordlinepaadid.ee\\\/et\\\/pood\\\/paastevahendid\\\/tulekustutusvahendid-esmaabivahendid\\\/esmaabi-komplekt-vaikelaevadele-s\\\/#breadcrumb\",\"itemListElement\":[{\"@type\":\"ListItem\",\"position\":1,\"name\":\"Home\",\"item\":\"https:\\\/\\\/nordlinepaadid.ee\\\/et\\\/\"},{\"@type\":\"ListItem\",\"position\":2,\"name\":\"Pood\",\"item\":\"https:\\\/\\\/nordlinepaadid.ee\\\/et\\\/pood\\\/\"},{\"@type\":\"ListItem\",\"position\":3,\"name\":\"ESMAABI KOMPLEKT V\u00c4IKELAEVADELE, S\"}]},{\"@type\":\"WebSite\",\"@id\":\"https:\\\/\\\/nordlinepaadid.ee\\\/et\\\/#website\",\"url\":\"https:\\\/\\\/nordlinepaadid.ee\\\/et\\\/\",\"name\":\"NORDLINE s\u00f5udepaadid ja mootorpaadid. Klaasfiiber materjalist.\",\"description\":\"\",\"publisher\":{\"@id\":\"https:\\\/\\\/nordlinepaadid.ee\\\/et\\\/#organization\"},\"potentialAction\":[{\"@type\":\"SearchAction\",\"target\":{\"@type\":\"EntryPoint\",\"urlTemplate\":\"https:\\\/\\\/nordlinepaadid.ee\\\/et\\\/?s={search_term_string}\"},\"query-input\":{\"@type\":\"PropertyValueSpecification\",\"valueRequired\":true,\"valueName\":\"search_term_string\"}}],\"inLanguage\":\"et\"},{\"@type\":\"Organization\",\"@id\":\"https:\\\/\\\/nordlinepaadid.ee\\\/et\\\/#organization\",\"name\":\"Nordlineboats\",\"url\":\"https:\\\/\\\/nordlinepaadid.ee\\\/et\\\/\",\"logo\":{\"@type\":\"ImageObject\",\"inLanguage\":\"et\",\"@id\":\"https:\\\/\\\/nordlinepaadid.ee\\\/et\\\/#\\\/schema\\\/logo\\\/image\\\/\",\"url\":\"https:\\\/\\\/nordlinepaadid.ee\\\/wp-content\\\/uploads\\\/2023\\\/01\\\/fulllogo_transparent_nobuffer-e1672750475494.png\",\"contentUrl\":\"https:\\\/\\\/nordlinepaadid.ee\\\/wp-content\\\/uploads\\\/2023\\\/01\\\/fulllogo_transparent_nobuffer-e1672750475494.png\",\"width\":150,\"height\":119,\"caption\":\"Nordlineboats\"},\"image\":{\"@id\":\"https:\\\/\\\/nordlinepaadid.ee\\\/et\\\/#\\\/schema\\\/logo\\\/image\\\/\"},\"sameAs\":[\"https:\\\/\\\/www.facebook.com\\\/nordlineboats\",\"https:\\\/\\\/www.youtube.com\\\/channel\\\/UCbgF0fy02y3QkFnujaLTaCA\"]}]}<\/script>\n<!-- \/ Yoast SEO plugin. -->","yoast_head_json":{"title":"ESMAABI KOMPLEKT V\u00c4IKELAEVADELE, S - NORDLINE s\u00f5udepaadid ja mootorpaadid. Klaasfiiber materjalist.","robots":{"index":"index","follow":"follow","max-snippet":"max-snippet:-1","max-image-preview":"max-image-preview:large","max-video-preview":"max-video-preview:-1"},"canonical":"https:\/\/nordlinepaadid.ee\/et\/pood\/paastevahendid\/tulekustutusvahendid-esmaabivahendid\/esmaabi-komplekt-vaikelaevadele-s\/","og_locale":"et_EE","og_type":"article","og_title":"ESMAABI KOMPLEKT V\u00c4IKELAEVADELE, S - NORDLINE s\u00f5udepaadid ja mootorpaadid. Klaasfiiber materjalist.","og_description":"Esmaabikomplekt Paadid ja v\u00e4ikelaevad Mini on m\u00f5eldud paatidele, jahtidele, kaatritele ja teistele v\u00e4ikelaevadele, kus on enamasti kuni 2 inimest. Esmaabikomplekt on pakendatud minigrip kotti, mis omakorda on pakitud vutlarisse. Minigrip kott tagab toodete parema niiskustaluvuse ning vettekukkudes j\u00e4\u00e4b komplekt veepeale. K\u00f5iki reisijaid tuleks informeerida esmaabivahendite asukohast ning soovitame k\u00f5igil t\u00f6\u00f6tajatel l\u00e4bida esmaabikoolitus iga 2 aasta...","og_url":"https:\/\/nordlinepaadid.ee\/et\/pood\/paastevahendid\/tulekustutusvahendid-esmaabivahendid\/esmaabi-komplekt-vaikelaevadele-s\/","og_site_name":"NORDLINE s\u00f5udepaadid ja mootorpaadid. Klaasfiiber materjalist.","article_publisher":"https:\/\/www.facebook.com\/nordlineboats","article_modified_time":"2026-04-08T05:05:12+00:00","og_image":[{"width":1200,"height":1200,"url":"https:\/\/nordlinepaadid.ee\/wp-content\/uploads\/2023\/03\/1040_6026S-1200x1200_SS.jpg","type":"image\/jpeg"}],"twitter_card":"summary_large_image","twitter_misc":{"Est. reading time":"1 minut"},"schema":{"@context":"https:\/\/schema.org","@graph":[{"@type":"WebPage","@id":"https:\/\/nordlinepaadid.ee\/et\/pood\/paastevahendid\/tulekustutusvahendid-esmaabivahendid\/esmaabi-komplekt-vaikelaevadele-s\/","url":"https:\/\/nordlinepaadid.ee\/et\/pood\/paastevahendid\/tulekustutusvahendid-esmaabivahendid\/esmaabi-komplekt-vaikelaevadele-s\/","name":"ESMAABI KOMPLEKT V\u00c4IKELAEVADELE, S - NORDLINE s\u00f5udepaadid ja mootorpaadid. Klaasfiiber materjalist.","isPartOf":{"@id":"https:\/\/nordlinepaadid.ee\/et\/#website"},"primaryImageOfPage":{"@id":"https:\/\/nordlinepaadid.ee\/et\/pood\/paastevahendid\/tulekustutusvahendid-esmaabivahendid\/esmaabi-komplekt-vaikelaevadele-s\/#primaryimage"},"image":{"@id":"https:\/\/nordlinepaadid.ee\/et\/pood\/paastevahendid\/tulekustutusvahendid-esmaabivahendid\/esmaabi-komplekt-vaikelaevadele-s\/#primaryimage"},"thumbnailUrl":"https:\/\/nordlinepaadid.ee\/wp-content\/uploads\/2023\/03\/1040_6026S-1200x1200_SS.jpg","datePublished":"2026-04-07T00:06:49+00:00","dateModified":"2026-04-08T05:05:12+00:00","breadcrumb":{"@id":"https:\/\/nordlinepaadid.ee\/et\/pood\/paastevahendid\/tulekustutusvahendid-esmaabivahendid\/esmaabi-komplekt-vaikelaevadele-s\/#breadcrumb"},"inLanguage":"et","potentialAction":[{"@type":"ReadAction","target":["https:\/\/nordlinepaadid.ee\/et\/pood\/paastevahendid\/tulekustutusvahendid-esmaabivahendid\/esmaabi-komplekt-vaikelaevadele-s\/"]}]},{"@type":"ImageObject","inLanguage":"et","@id":"https:\/\/nordlinepaadid.ee\/et\/pood\/paastevahendid\/tulekustutusvahendid-esmaabivahendid\/esmaabi-komplekt-vaikelaevadele-s\/#primaryimage","url":"https:\/\/nordlinepaadid.ee\/wp-content\/uploads\/2023\/03\/1040_6026S-1200x1200_SS.jpg","contentUrl":"https:\/\/nordlinepaadid.ee\/wp-content\/uploads\/2023\/03\/1040_6026S-1200x1200_SS.jpg","width":1200,"height":1200},{"@type":"BreadcrumbList","@id":"https:\/\/nordlinepaadid.ee\/et\/pood\/paastevahendid\/tulekustutusvahendid-esmaabivahendid\/esmaabi-komplekt-vaikelaevadele-s\/#breadcrumb","itemListElement":[{"@type":"ListItem","position":1,"name":"Home","item":"https:\/\/nordlinepaadid.ee\/et\/"},{"@type":"ListItem","position":2,"name":"Pood","item":"https:\/\/nordlinepaadid.ee\/et\/pood\/"},{"@type":"ListItem","position":3,"name":"ESMAABI KOMPLEKT V\u00c4IKELAEVADELE, S"}]},{"@type":"WebSite","@id":"https:\/\/nordlinepaadid.ee\/et\/#website","url":"https:\/\/nordlinepaadid.ee\/et\/","name":"NORDLINE s\u00f5udepaadid ja mootorpaadid. Klaasfiiber materjalist.","description":"","publisher":{"@id":"https:\/\/nordlinepaadid.ee\/et\/#organization"},"potentialAction":[{"@type":"SearchAction","target":{"@type":"EntryPoint","urlTemplate":"https:\/\/nordlinepaadid.ee\/et\/?s={search_term_string}"},"query-input":{"@type":"PropertyValueSpecification","valueRequired":true,"valueName":"search_term_string"}}],"inLanguage":"et"},{"@type":"Organization","@id":"https:\/\/nordlinepaadid.ee\/et\/#organization","name":"Nordlineboats","url":"https:\/\/nordlinepaadid.ee\/et\/","logo":{"@type":"ImageObject","inLanguage":"et","@id":"https:\/\/nordlinepaadid.ee\/et\/#\/schema\/logo\/image\/","url":"https:\/\/nordlinepaadid.ee\/wp-content\/uploads\/2023\/01\/fulllogo_transparent_nobuffer-e1672750475494.png","contentUrl":"https:\/\/nordlinepaadid.ee\/wp-content\/uploads\/2023\/01\/fulllogo_transparent_nobuffer-e1672750475494.png","width":150,"height":119,"caption":"Nordlineboats"},"image":{"@id":"https:\/\/nordlinepaadid.ee\/et\/#\/schema\/logo\/image\/"},"sameAs":["https:\/\/www.facebook.com\/nordlineboats","https:\/\/www.youtube.com\/channel\/UCbgF0fy02y3QkFnujaLTaCA"]}]}},"taxonomy_info":{"product_cat":[{"value":230,"label":"P\u00c4\u00c4STEVAHENDID"},{"value":237,"label":"Tulekustutusvahendid, Esmaabivahendid"}],"pa_color":[{"value":683,"label":"Sinine"}],"pa_unit":[{"value":416,"label":"pcs"}]},"featured_image_src_large":["https:\/\/nordlinepaadid.ee\/wp-content\/uploads\/2023\/03\/1040_6026S-1200x1200_SS-1024x1024.jpg",1024,1024,true],"author_info":[],"comment_info":"","_links":{"self":[{"href":"https:\/\/nordlinepaadid.ee\/et\/wp-json\/wp\/v2\/product\/16976","targetHints":{"allow":["GET"]}}],"collection":[{"href":"https:\/\/nordlinepaadid.ee\/et\/wp-json\/wp\/v2\/product"}],"about":[{"href":"https:\/\/nordlinepaadid.ee\/et\/wp-json\/wp\/v2\/types\/product"}],"wp:featuredmedia":[{"embeddable":true,"href":"https:\/\/nordlinepaadid.ee\/et\/wp-json\/wp\/v2\/media\/16977"}],"wp:attachment":[{"href":"https:\/\/nordlinepaadid.ee\/et\/wp-json\/wp\/v2\/media?parent=16976"}],"wp:term":[{"taxonomy":"product_brand","embeddable":true,"href":"https:\/\/nordlinepaadid.ee\/et\/wp-json\/wp\/v2\/product_brand?post=16976"},{"taxonomy":"product_cat","embeddable":true,"href":"https:\/\/nordlinepaadid.ee\/et\/wp-json\/wp\/v2\/product_cat?post=16976"},{"taxonomy":"product_tag","embeddable":true,"href":"https:\/\/nordlinepaadid.ee\/et\/wp-json\/wp\/v2\/product_tag?post=16976"}],"curies":[{"name":"wp","href":"https:\/\/api.w.org\/{rel}","templated":true}]}}