{"id":17299,"date":"2026-04-07T03:07:10","date_gmt":"2026-04-07T00:07:10","guid":{"rendered":"https:\/\/nordlinepaadid.ee\/pood\/flagstaff-with-holder-s-s-60-cm-20-mm\/"},"modified":"2026-04-08T04:00:42","modified_gmt":"2026-04-08T01:00:42","slug":"lipuvarras-koos-hoidikuga-r-v-60-cm-20-mm","status":"publish","type":"product","link":"https:\/\/nordlinepaadid.ee\/et\/pood\/tekivarustus-ja-abivahendid\/flags-flagstaffs\/lipuvarras-koos-hoidikuga-r-v-60-cm-20-mm\/","title":{"rendered":"LIPUVARRAS KOOS HOIDIKUGA, R\/V, 60 cm, 20 mm"},"content":{"rendered":"<p>Vastupidav, roostevabast ja happekindlast AISI 316 terasest valmistatud ja poleeritud lipumast. Sobib: 40 x 60 cm suurustele lippudele. Kaasas lipuvarda alus ja kinnituskruvi. Varustatud reguleeritavate lipupaigaldamise r\u00f5ngastega. Lipuvarda pikkus: 60 cm ja lipuvarda l\u00e4bim\u00f5\u00f5t: 20 mm.<\/p>\n","protected":false},"excerpt":{"rendered":"<p>Vastupidav, roostevabast ja happekindlast AISI 316 terasest valmistatud ja poleeritud lipumast. Sobib: 40 x 60 cm suurustele lippudele. Kaasas lipuvarda alus ja kinnituskruvi. Varustatud reguleeritavate lipupaigaldamise r\u00f5ngastega. Lipuvarda pikkus: 60 cm ja lipuvarda l\u00e4bim\u00f5\u00f5t: 20 mm.<\/p>\n","protected":false},"featured_media":17300,"template":"","meta":{"_kad_blocks_custom_css":"","_kad_blocks_head_custom_js":"","_kad_blocks_body_custom_js":"","_kad_blocks_footer_custom_js":"","_kad_post_transparent":"","_kad_post_title":"","_kad_post_layout":"","_kad_post_sidebar_id":"","_kad_post_content_style":"","_kad_post_vertical_padding":"","_kad_post_feature":"","_kad_post_feature_position":"","_kad_post_header":false,"_kad_post_footer":false,"_kad_post_classname":""},"product_brand":[],"product_cat":[317,303],"product_tag":[],"class_list":{"0":"post-17299","1":"product","2":"type-product","3":"status-publish","4":"has-post-thumbnail","6":"product_cat-flags-flagstaffs","7":"product_cat-tekivarustus-ja-abivahendid","8":"product_shipping_class-pakiautomaati-mahtuv-kaup","9":"pa_producer-osculati","10":"pa_unit-pcs","11":"tm-no-options","13":"first","14":"onbackorder","15":"taxable","16":"shipping-taxable","17":"purchasable","18":"product-type-simple","19":"entry","20":"content-bg","21":"loop-entry"},"yoast_head":"<!-- This site is optimized with the Yoast SEO plugin v27.3 - https:\/\/yoast.com\/product\/yoast-seo-wordpress\/ -->\n<title>LIPUVARRAS KOOS HOIDIKUGA, R\/V, 60 cm, 20 mm - NORDLINE s\u00f5udepaadid ja mootorpaadid. Klaasfiiber materjalist.<\/title>\n<meta name=\"robots\" content=\"index, follow, max-snippet:-1, max-image-preview:large, max-video-preview:-1\" \/>\n<link rel=\"canonical\" href=\"https:\/\/nordlinepaadid.ee\/et\/pood\/tekivarustus-ja-abivahendid\/flags-flagstaffs\/lipuvarras-koos-hoidikuga-r-v-60-cm-20-mm\/\" \/>\n<meta property=\"og:locale\" content=\"et_EE\" \/>\n<meta property=\"og:type\" content=\"article\" \/>\n<meta property=\"og:title\" content=\"LIPUVARRAS KOOS HOIDIKUGA, R\/V, 60 cm, 20 mm - NORDLINE s\u00f5udepaadid ja mootorpaadid. Klaasfiiber materjalist.\" \/>\n<meta property=\"og:description\" content=\"Vastupidav, roostevabast ja happekindlast AISI 316 terasest valmistatud ja poleeritud lipumast. Sobib: 40 x 60 cm suurustele lippudele. Kaasas lipuvarda alus ja kinnituskruvi. Varustatud reguleeritavate lipupaigaldamise r\u00f5ngastega. Lipuvarda pikkus: 60 cm ja lipuvarda l\u00e4bim\u00f5\u00f5t: 20 mm.\" \/>\n<meta property=\"og:url\" content=\"https:\/\/nordlinepaadid.ee\/et\/pood\/tekivarustus-ja-abivahendid\/flags-flagstaffs\/lipuvarras-koos-hoidikuga-r-v-60-cm-20-mm\/\" \/>\n<meta property=\"og:site_name\" content=\"NORDLINE s\u00f5udepaadid ja mootorpaadid. Klaasfiiber materjalist.\" \/>\n<meta property=\"article:publisher\" content=\"https:\/\/www.facebook.com\/nordlineboats\" \/>\n<meta property=\"article:modified_time\" content=\"2026-04-08T01:00:42+00:00\" \/>\n<meta property=\"og:image\" content=\"https:\/\/nordlinepaadid.ee\/wp-content\/uploads\/2023\/03\/1243_35.390.01_New_09.jpg\" \/>\n\t<meta property=\"og:image:width\" content=\"1700\" \/>\n\t<meta property=\"og:image:height\" content=\"2411\" \/>\n\t<meta property=\"og:image:type\" content=\"image\/jpeg\" \/>\n<meta name=\"twitter:card\" content=\"summary_large_image\" \/>\n<script type=\"application\/ld+json\" class=\"yoast-schema-graph\">{\"@context\":\"https:\\\/\\\/schema.org\",\"@graph\":[{\"@type\":\"WebPage\",\"@id\":\"https:\\\/\\\/nordlinepaadid.ee\\\/et\\\/pood\\\/tekivarustus-ja-abivahendid\\\/flags-flagstaffs\\\/lipuvarras-koos-hoidikuga-r-v-60-cm-20-mm\\\/\",\"url\":\"https:\\\/\\\/nordlinepaadid.ee\\\/et\\\/pood\\\/tekivarustus-ja-abivahendid\\\/flags-flagstaffs\\\/lipuvarras-koos-hoidikuga-r-v-60-cm-20-mm\\\/\",\"name\":\"LIPUVARRAS KOOS HOIDIKUGA, R\\\/V, 60 cm, 20 mm - NORDLINE s\u00f5udepaadid ja mootorpaadid. Klaasfiiber materjalist.\",\"isPartOf\":{\"@id\":\"https:\\\/\\\/nordlinepaadid.ee\\\/et\\\/#website\"},\"primaryImageOfPage\":{\"@id\":\"https:\\\/\\\/nordlinepaadid.ee\\\/et\\\/pood\\\/tekivarustus-ja-abivahendid\\\/flags-flagstaffs\\\/lipuvarras-koos-hoidikuga-r-v-60-cm-20-mm\\\/#primaryimage\"},\"image\":{\"@id\":\"https:\\\/\\\/nordlinepaadid.ee\\\/et\\\/pood\\\/tekivarustus-ja-abivahendid\\\/flags-flagstaffs\\\/lipuvarras-koos-hoidikuga-r-v-60-cm-20-mm\\\/#primaryimage\"},\"thumbnailUrl\":\"https:\\\/\\\/nordlinepaadid.ee\\\/wp-content\\\/uploads\\\/2023\\\/03\\\/1243_35.390.01_New_09.jpg\",\"datePublished\":\"2026-04-07T00:07:10+00:00\",\"dateModified\":\"2026-04-08T01:00:42+00:00\",\"breadcrumb\":{\"@id\":\"https:\\\/\\\/nordlinepaadid.ee\\\/et\\\/pood\\\/tekivarustus-ja-abivahendid\\\/flags-flagstaffs\\\/lipuvarras-koos-hoidikuga-r-v-60-cm-20-mm\\\/#breadcrumb\"},\"inLanguage\":\"et\",\"potentialAction\":[{\"@type\":\"ReadAction\",\"target\":[\"https:\\\/\\\/nordlinepaadid.ee\\\/et\\\/pood\\\/tekivarustus-ja-abivahendid\\\/flags-flagstaffs\\\/lipuvarras-koos-hoidikuga-r-v-60-cm-20-mm\\\/\"]}]},{\"@type\":\"ImageObject\",\"inLanguage\":\"et\",\"@id\":\"https:\\\/\\\/nordlinepaadid.ee\\\/et\\\/pood\\\/tekivarustus-ja-abivahendid\\\/flags-flagstaffs\\\/lipuvarras-koos-hoidikuga-r-v-60-cm-20-mm\\\/#primaryimage\",\"url\":\"https:\\\/\\\/nordlinepaadid.ee\\\/wp-content\\\/uploads\\\/2023\\\/03\\\/1243_35.390.01_New_09.jpg\",\"contentUrl\":\"https:\\\/\\\/nordlinepaadid.ee\\\/wp-content\\\/uploads\\\/2023\\\/03\\\/1243_35.390.01_New_09.jpg\",\"width\":1700,\"height\":2411},{\"@type\":\"BreadcrumbList\",\"@id\":\"https:\\\/\\\/nordlinepaadid.ee\\\/et\\\/pood\\\/tekivarustus-ja-abivahendid\\\/flags-flagstaffs\\\/lipuvarras-koos-hoidikuga-r-v-60-cm-20-mm\\\/#breadcrumb\",\"itemListElement\":[{\"@type\":\"ListItem\",\"position\":1,\"name\":\"Home\",\"item\":\"https:\\\/\\\/nordlinepaadid.ee\\\/et\\\/\"},{\"@type\":\"ListItem\",\"position\":2,\"name\":\"Pood\",\"item\":\"https:\\\/\\\/nordlinepaadid.ee\\\/et\\\/pood\\\/\"},{\"@type\":\"ListItem\",\"position\":3,\"name\":\"LIPUVARRAS KOOS HOIDIKUGA, R\\\/V, 60 cm, 20 mm\"}]},{\"@type\":\"WebSite\",\"@id\":\"https:\\\/\\\/nordlinepaadid.ee\\\/et\\\/#website\",\"url\":\"https:\\\/\\\/nordlinepaadid.ee\\\/et\\\/\",\"name\":\"NORDLINE s\u00f5udepaadid ja mootorpaadid. Klaasfiiber materjalist.\",\"description\":\"\",\"publisher\":{\"@id\":\"https:\\\/\\\/nordlinepaadid.ee\\\/et\\\/#organization\"},\"potentialAction\":[{\"@type\":\"SearchAction\",\"target\":{\"@type\":\"EntryPoint\",\"urlTemplate\":\"https:\\\/\\\/nordlinepaadid.ee\\\/et\\\/?s={search_term_string}\"},\"query-input\":{\"@type\":\"PropertyValueSpecification\",\"valueRequired\":true,\"valueName\":\"search_term_string\"}}],\"inLanguage\":\"et\"},{\"@type\":\"Organization\",\"@id\":\"https:\\\/\\\/nordlinepaadid.ee\\\/et\\\/#organization\",\"name\":\"Nordlineboats\",\"url\":\"https:\\\/\\\/nordlinepaadid.ee\\\/et\\\/\",\"logo\":{\"@type\":\"ImageObject\",\"inLanguage\":\"et\",\"@id\":\"https:\\\/\\\/nordlinepaadid.ee\\\/et\\\/#\\\/schema\\\/logo\\\/image\\\/\",\"url\":\"https:\\\/\\\/nordlinepaadid.ee\\\/wp-content\\\/uploads\\\/2023\\\/01\\\/fulllogo_transparent_nobuffer-e1672750475494.png\",\"contentUrl\":\"https:\\\/\\\/nordlinepaadid.ee\\\/wp-content\\\/uploads\\\/2023\\\/01\\\/fulllogo_transparent_nobuffer-e1672750475494.png\",\"width\":150,\"height\":119,\"caption\":\"Nordlineboats\"},\"image\":{\"@id\":\"https:\\\/\\\/nordlinepaadid.ee\\\/et\\\/#\\\/schema\\\/logo\\\/image\\\/\"},\"sameAs\":[\"https:\\\/\\\/www.facebook.com\\\/nordlineboats\",\"https:\\\/\\\/www.youtube.com\\\/channel\\\/UCbgF0fy02y3QkFnujaLTaCA\"]}]}<\/script>\n<!-- \/ Yoast SEO plugin. -->","yoast_head_json":{"title":"LIPUVARRAS KOOS HOIDIKUGA, R\/V, 60 cm, 20 mm - NORDLINE s\u00f5udepaadid ja mootorpaadid. Klaasfiiber materjalist.","robots":{"index":"index","follow":"follow","max-snippet":"max-snippet:-1","max-image-preview":"max-image-preview:large","max-video-preview":"max-video-preview:-1"},"canonical":"https:\/\/nordlinepaadid.ee\/et\/pood\/tekivarustus-ja-abivahendid\/flags-flagstaffs\/lipuvarras-koos-hoidikuga-r-v-60-cm-20-mm\/","og_locale":"et_EE","og_type":"article","og_title":"LIPUVARRAS KOOS HOIDIKUGA, R\/V, 60 cm, 20 mm - NORDLINE s\u00f5udepaadid ja mootorpaadid. Klaasfiiber materjalist.","og_description":"Vastupidav, roostevabast ja happekindlast AISI 316 terasest valmistatud ja poleeritud lipumast. Sobib: 40 x 60 cm suurustele lippudele. Kaasas lipuvarda alus ja kinnituskruvi. Varustatud reguleeritavate lipupaigaldamise r\u00f5ngastega. Lipuvarda pikkus: 60 cm ja lipuvarda l\u00e4bim\u00f5\u00f5t: 20 mm.","og_url":"https:\/\/nordlinepaadid.ee\/et\/pood\/tekivarustus-ja-abivahendid\/flags-flagstaffs\/lipuvarras-koos-hoidikuga-r-v-60-cm-20-mm\/","og_site_name":"NORDLINE s\u00f5udepaadid ja mootorpaadid. Klaasfiiber materjalist.","article_publisher":"https:\/\/www.facebook.com\/nordlineboats","article_modified_time":"2026-04-08T01:00:42+00:00","og_image":[{"width":1700,"height":2411,"url":"https:\/\/nordlinepaadid.ee\/wp-content\/uploads\/2023\/03\/1243_35.390.01_New_09.jpg","type":"image\/jpeg"}],"twitter_card":"summary_large_image","schema":{"@context":"https:\/\/schema.org","@graph":[{"@type":"WebPage","@id":"https:\/\/nordlinepaadid.ee\/et\/pood\/tekivarustus-ja-abivahendid\/flags-flagstaffs\/lipuvarras-koos-hoidikuga-r-v-60-cm-20-mm\/","url":"https:\/\/nordlinepaadid.ee\/et\/pood\/tekivarustus-ja-abivahendid\/flags-flagstaffs\/lipuvarras-koos-hoidikuga-r-v-60-cm-20-mm\/","name":"LIPUVARRAS KOOS HOIDIKUGA, R\/V, 60 cm, 20 mm - NORDLINE s\u00f5udepaadid ja mootorpaadid. Klaasfiiber materjalist.","isPartOf":{"@id":"https:\/\/nordlinepaadid.ee\/et\/#website"},"primaryImageOfPage":{"@id":"https:\/\/nordlinepaadid.ee\/et\/pood\/tekivarustus-ja-abivahendid\/flags-flagstaffs\/lipuvarras-koos-hoidikuga-r-v-60-cm-20-mm\/#primaryimage"},"image":{"@id":"https:\/\/nordlinepaadid.ee\/et\/pood\/tekivarustus-ja-abivahendid\/flags-flagstaffs\/lipuvarras-koos-hoidikuga-r-v-60-cm-20-mm\/#primaryimage"},"thumbnailUrl":"https:\/\/nordlinepaadid.ee\/wp-content\/uploads\/2023\/03\/1243_35.390.01_New_09.jpg","datePublished":"2026-04-07T00:07:10+00:00","dateModified":"2026-04-08T01:00:42+00:00","breadcrumb":{"@id":"https:\/\/nordlinepaadid.ee\/et\/pood\/tekivarustus-ja-abivahendid\/flags-flagstaffs\/lipuvarras-koos-hoidikuga-r-v-60-cm-20-mm\/#breadcrumb"},"inLanguage":"et","potentialAction":[{"@type":"ReadAction","target":["https:\/\/nordlinepaadid.ee\/et\/pood\/tekivarustus-ja-abivahendid\/flags-flagstaffs\/lipuvarras-koos-hoidikuga-r-v-60-cm-20-mm\/"]}]},{"@type":"ImageObject","inLanguage":"et","@id":"https:\/\/nordlinepaadid.ee\/et\/pood\/tekivarustus-ja-abivahendid\/flags-flagstaffs\/lipuvarras-koos-hoidikuga-r-v-60-cm-20-mm\/#primaryimage","url":"https:\/\/nordlinepaadid.ee\/wp-content\/uploads\/2023\/03\/1243_35.390.01_New_09.jpg","contentUrl":"https:\/\/nordlinepaadid.ee\/wp-content\/uploads\/2023\/03\/1243_35.390.01_New_09.jpg","width":1700,"height":2411},{"@type":"BreadcrumbList","@id":"https:\/\/nordlinepaadid.ee\/et\/pood\/tekivarustus-ja-abivahendid\/flags-flagstaffs\/lipuvarras-koos-hoidikuga-r-v-60-cm-20-mm\/#breadcrumb","itemListElement":[{"@type":"ListItem","position":1,"name":"Home","item":"https:\/\/nordlinepaadid.ee\/et\/"},{"@type":"ListItem","position":2,"name":"Pood","item":"https:\/\/nordlinepaadid.ee\/et\/pood\/"},{"@type":"ListItem","position":3,"name":"LIPUVARRAS KOOS HOIDIKUGA, R\/V, 60 cm, 20 mm"}]},{"@type":"WebSite","@id":"https:\/\/nordlinepaadid.ee\/et\/#website","url":"https:\/\/nordlinepaadid.ee\/et\/","name":"NORDLINE s\u00f5udepaadid ja mootorpaadid. Klaasfiiber materjalist.","description":"","publisher":{"@id":"https:\/\/nordlinepaadid.ee\/et\/#organization"},"potentialAction":[{"@type":"SearchAction","target":{"@type":"EntryPoint","urlTemplate":"https:\/\/nordlinepaadid.ee\/et\/?s={search_term_string}"},"query-input":{"@type":"PropertyValueSpecification","valueRequired":true,"valueName":"search_term_string"}}],"inLanguage":"et"},{"@type":"Organization","@id":"https:\/\/nordlinepaadid.ee\/et\/#organization","name":"Nordlineboats","url":"https:\/\/nordlinepaadid.ee\/et\/","logo":{"@type":"ImageObject","inLanguage":"et","@id":"https:\/\/nordlinepaadid.ee\/et\/#\/schema\/logo\/image\/","url":"https:\/\/nordlinepaadid.ee\/wp-content\/uploads\/2023\/01\/fulllogo_transparent_nobuffer-e1672750475494.png","contentUrl":"https:\/\/nordlinepaadid.ee\/wp-content\/uploads\/2023\/01\/fulllogo_transparent_nobuffer-e1672750475494.png","width":150,"height":119,"caption":"Nordlineboats"},"image":{"@id":"https:\/\/nordlinepaadid.ee\/et\/#\/schema\/logo\/image\/"},"sameAs":["https:\/\/www.facebook.com\/nordlineboats","https:\/\/www.youtube.com\/channel\/UCbgF0fy02y3QkFnujaLTaCA"]}]}},"taxonomy_info":{"product_cat":[{"value":317,"label":"Lipud, Lipuvardad"},{"value":303,"label":"TEKIVARUSTUS JA ABIVAHENDID"}],"pa_producer":[{"value":417,"label":"Osculati"}],"pa_unit":[{"value":416,"label":"pcs"}]},"featured_image_src_large":["https:\/\/nordlinepaadid.ee\/wp-content\/uploads\/2023\/03\/1243_35.390.01_New_09-722x1024.jpg",722,1024,true],"author_info":[],"comment_info":"","_links":{"self":[{"href":"https:\/\/nordlinepaadid.ee\/et\/wp-json\/wp\/v2\/product\/17299","targetHints":{"allow":["GET"]}}],"collection":[{"href":"https:\/\/nordlinepaadid.ee\/et\/wp-json\/wp\/v2\/product"}],"about":[{"href":"https:\/\/nordlinepaadid.ee\/et\/wp-json\/wp\/v2\/types\/product"}],"wp:featuredmedia":[{"embeddable":true,"href":"https:\/\/nordlinepaadid.ee\/et\/wp-json\/wp\/v2\/media\/17300"}],"wp:attachment":[{"href":"https:\/\/nordlinepaadid.ee\/et\/wp-json\/wp\/v2\/media?parent=17299"}],"wp:term":[{"taxonomy":"product_brand","embeddable":true,"href":"https:\/\/nordlinepaadid.ee\/et\/wp-json\/wp\/v2\/product_brand?post=17299"},{"taxonomy":"product_cat","embeddable":true,"href":"https:\/\/nordlinepaadid.ee\/et\/wp-json\/wp\/v2\/product_cat?post=17299"},{"taxonomy":"product_tag","embeddable":true,"href":"https:\/\/nordlinepaadid.ee\/et\/wp-json\/wp\/v2\/product_tag?post=17299"}],"curies":[{"name":"wp","href":"https:\/\/api.w.org\/{rel}","templated":true}]}}