{"id":1800,"date":"2017-10-08T21:41:44","date_gmt":"2017-10-08T18:41:44","guid":{"rendered":"https:\/\/nordlinepaadid.ee\/?post_type=product&#038;p=1800"},"modified":"2025-05-27T16:18:54","modified_gmt":"2025-05-27T13:18:54","slug":"nordline-rib-550","status":"publish","type":"product","link":"https:\/\/nordlinepaadid.ee\/et\/pood\/maaratlemata\/nordline-rib-550\/","title":{"rendered":"Nordline RIB 550"},"content":{"rendered":"<h1><strong>Nordline RIB 550<\/strong><\/h1>\n<p>Nordline RIB 550 on sobilik t\u00f6\u00f6paadiks nagu n\u00e4iteks h\u00e4daabiteenuste ja reisijate vedamiseks. Samuti \u00a0kalastamiseks ja puhkuseks. Suured balloonid v\u00f5imaldavad paati kasutada suurtes lainetes v\u00f5imsa mootoriga. Suurep\u00e4rase merekindlusega ja kandev\u00f5imega kiire paat. Tugev klaasfiibrist korpus ja mitmesektsioonilised balloonid tagavad paadi hea turvalisuse. \u00d6konoomseks s\u00f5iduks on v\u00f5imalik kasutada v\u00e4iksemat mootorit.<\/p>\n<h2>Nordline RIB 550 tehnilised andmed:<\/h2>\n<div class=\"pooleks\">\n<table>\n<tbody>\n<tr>\n<td>Pikkus<\/td>\n<td>5,5 m<\/td>\n<\/tr>\n<tr>\n<td>Laius<\/td>\n<td>2,4 m<\/td>\n<\/tr>\n<tr>\n<td>Kaal<\/td>\n<td>290 kg<\/td>\n<\/tr>\n<tr>\n<td>Ballooni l\u00e4bim\u00f5\u00f5t<\/td>\n<td>550 mm<\/td>\n<\/tr>\n<tr>\n<td>Sektsioonide arv<\/td>\n<td>6<\/td>\n<\/tr>\n<tr>\n<td>Materjali tihedus<\/td>\n<td>1100g\/m2<\/td>\n<\/tr>\n<tr>\n<td>Lubatud inimeste arv pardal<\/td>\n<td>Kuni 7 *<\/td>\n<\/tr>\n<tr>\n<td>Lubatud mootori v\u00f5imsus<\/td>\n<td>90 HJ<\/td>\n<\/tr>\n<tr>\n<td>Kategooria<\/td>\n<td>C<\/td>\n<\/tr>\n<tr>\n<td>V\u00e4rvus<\/td>\n<td>Vastavalt soovile<\/td>\n<\/tr>\n<tr>\n<td>Ahtripeegli k\u00f5rgus<\/td>\n<td>508<\/td>\n<\/tr>\n<tr>\n<td>Garantii<\/td>\n<td>2 a<\/td>\n<\/tr>\n<tr>\n<td>CE Sertifikaat<\/td>\n<td>Olemas<\/td>\n<\/tr>\n<\/tbody>\n<\/table>\n<p>* 2 last = 1 t\u00e4iskasvanu. 7 istmekoha tarvis on vajalik lisa istmerida.<\/p>\n<\/div>\n<div class=\"pooleks\">\n<h3>Paadi parimad omadused<\/h3>\n<table>\n<tbody>\n<tr>\n<td>Suurep\u00e4rane merekindlus<\/td>\n<td><\/td>\n<\/tr>\n<tr>\n<td>Suured balloonid<\/td>\n<td><\/td>\n<\/tr>\n<tr>\n<td>Suur mahutavus<\/td>\n<td><\/td>\n<\/tr>\n<tr>\n<td><\/td>\n<td><\/td>\n<\/tr>\n<\/tbody>\n<\/table>\n<\/div>\n<div style=\"display: inline-block;\">\n<div style=\"display: inline-block;\">\n<p>K\u00fcsi lisainfot ja saadavust <a href=\"tel:+3725055152\">+372 50 55 152<\/a> v\u00f5i <a href=\"mailto:info@nordlineboats.com\">info@nordlineboats.com<\/a><\/p>\n<h2>Mootorpaat Nordline RIB 550 komplekti kuulub:<\/h2>\n<ul>\n<li>juhtimiskonsool<\/li>\n<li>plastist kagakaar<\/li>\n<li>v\u00f6\u00f6riiste panipaigaga<\/li>\n<li>k\u00fctuses\u00fcsteem 60-liitrise paagiga<\/li>\n<li>navigatsioonituled<\/li>\n<li>plastikust vooriaste koos ankurrulliga<\/li>\n<li>remondikomplekt<\/li>\n<li>jalapump<\/li>\n<li>paadi deklaratsioon ja kasutusjuhend<\/li>\n<li>Maanteeameti kontrollakt<\/li>\n<\/ul>\n<\/div>\n<h3>Transport<\/h3>\n<p>Paati v\u00f5ite transportida kastihaagisega v\u00f5i paadihaagisega.<br \/>\nSoovi korral saate haagise laenutada ka meie k\u00e4est. <a href=\"\/et?product_cat=paadilaenutus\" target=\"_blank\" rel=\"noopener\">Loe t\u00e4psemalt siin<\/a>. Kui soovite transporti meilt, saate selle valiku teha ostukorvis ostu vormistades. Tasu arvutatakse vastavalt Teie asukohale.<\/p>\n<p>Olenevalt sellest, kas tahate paati hoida t\u00e4ispuhutuna v\u00f5i mitte, saate valida transpordivahendi. T\u00e4ispuhutud paadi transpordiks on m\u00f5tet soetada kas <a href=\"\/et?product_cat=haagised\" target=\"_blank\" rel=\"noopener\">paadihaagis.<\/a><\/p>\n<h3>Kuidas paati valida<\/h3>\n<p>Selleks, et teha \u00f5ige otsus on kaks p\u00f5hilist v\u00f5imalust. Esiteks viige ennast kurssi, mis on t\u00e4htis paadi valiku juures. Seda saate teha klikates <a href=\"\/et?page_id=3946\" target=\"_blank\" rel=\"noopener\">&#8220;kuidas valida paati&#8221;<\/a>. Teine on see, et usaldate ennast, mitte m\u00fc\u00fcgimehi ja proovite paati ise. Kui see on piisavalt stabiilne ja mugav Teile, siis olete teinud \u00f5ige otsuse. Selleks v\u00f5ite valida paadi meie <a href=\"\/et?product_cat=paadilaenutus\" target=\"_blank\" rel=\"noopener\">paadilaenutusest<\/a> ja seda katsetada. Samuti v\u00f5ite valida <a href=\"\/et?page_id=3503\" target=\"_blank\" rel=\"noopener\">rendikohtadest<\/a> \u00fcle Eesti, kus kasutatakse meie paate. Sobiliku mootori valikuks soovitame meile helistada ja konsulteerida spetsialistidega. Pakume enamuste tootjate mootoreid. Leiad need <a href=\"\/et?product_cat=paadimootorid\" target=\"_blank\" rel=\"noopener\">mootorite<\/a> alamjaotuse alt.<\/p>\n<h3>Kuidas tasuda paadi eest<\/h3>\n<p>V\u00f5imaus on tasuda \u00fclekandega, kaardimaksena, sularahas v\u00f5i j\u00e4relmaksuna. J\u00e4relmaksu taotluse saate t\u00e4ita sellel lehel, valides <a href=\"https:\/\/www.holmbank.ee\/et\/eraklient\/jarelmaks\/liisi-jarelmaks\" target=\"_blank\" rel=\"noopener\">&#8220;t\u00e4ida taotlus&#8221;<\/a>. Kui soovite paate soetada EU toetuste raames, siis v\u00f5ite konsulteerida <a href=\"\/et?page_id=262\" target=\"_blank\" rel=\"noopener\">taotluste koostajaga<\/a>.<\/p>\n<h3>Paadi registreerimine<\/h3>\n<p>Selleks, kas paati on tarvis registreerida, loe t\u00e4psemalt <a href=\"\/et?page_id=4215\" target=\"_blank\" rel=\"noopener\">juhendist<\/a>.<\/p>\n<div style=\"display: inline-block;\">\n<p><strong>Helista <a href=\"tel:+3725055152\">+372 50 55 152<\/a> v\u00f5i kirjuta meile <a href=\"mailto:info@nordlineboats.com\">info@nordlineboats.com<\/a>. Pakume sulle tugevaid ja stabiilseid paate m\u00f5istlike hindadega .<\/strong><\/p>\n<\/div>\n<\/div>\n<div class=\"pooleks\">\n<h3>V\u00f5ta \u00fchendust<\/h3>\n\n<div class=\"wpcf7 no-js\" id=\"wpcf7-f3217-o1\" lang=\"et\" dir=\"ltr\" data-wpcf7-id=\"3217\">\n<div class=\"screen-reader-response\"><p role=\"status\" aria-live=\"polite\" aria-atomic=\"true\"><\/p> <ul><\/ul><\/div>\n<form action=\"\/et\/wp-json\/wp\/v2\/product\/1800#wpcf7-f3217-o1\" method=\"post\" class=\"wpcf7-form init\" aria-label=\"Contact form\" novalidate=\"novalidate\" data-status=\"init\">\n<fieldset class=\"hidden-fields-container\"><input type=\"hidden\" name=\"_wpcf7\" value=\"3217\" \/><input type=\"hidden\" name=\"_wpcf7_version\" value=\"6.1.5\" \/><input type=\"hidden\" name=\"_wpcf7_locale\" value=\"et\" \/><input type=\"hidden\" name=\"_wpcf7_unit_tag\" value=\"wpcf7-f3217-o1\" \/><input type=\"hidden\" name=\"_wpcf7_container_post\" value=\"0\" \/><input type=\"hidden\" name=\"_wpcf7_posted_data_hash\" value=\"\" \/>\n<\/fieldset>\n<p><label> Nimi (n\u00f5utav)<br \/>\n<span class=\"wpcf7-form-control-wrap\" data-name=\"your-name\"><input size=\"40\" maxlength=\"400\" class=\"wpcf7-form-control wpcf7-text wpcf7-validates-as-required\" aria-required=\"true\" aria-invalid=\"false\" value=\"\" type=\"text\" name=\"your-name\" \/><\/span> <\/label><br \/>\n<label> Email (n\u00f5utav)<br \/>\n<span class=\"wpcf7-form-control-wrap\" data-name=\"your-email\"><input size=\"40\" maxlength=\"400\" class=\"wpcf7-form-control wpcf7-email wpcf7-validates-as-required wpcf7-text wpcf7-validates-as-email\" aria-required=\"true\" aria-invalid=\"false\" value=\"\" type=\"email\" name=\"your-email\" \/><\/span> <\/label><br \/>\n<label> Telefon<br \/>\n<span class=\"wpcf7-form-control-wrap\" data-name=\"Telefon\"><input size=\"40\" maxlength=\"400\" class=\"wpcf7-form-control wpcf7-tel wpcf7-text wpcf7-validates-as-tel\" aria-invalid=\"false\" value=\"\" type=\"tel\" name=\"Telefon\" \/><\/span><\/label><br \/>\n<label> Teade<br \/>\n<span class=\"wpcf7-form-control-wrap\" data-name=\"your-message\"><textarea cols=\"40\" rows=\"10\" maxlength=\"2000\" class=\"wpcf7-form-control wpcf7-textarea\" aria-invalid=\"false\" name=\"your-message\"><\/textarea><\/span> <\/label>\n<\/p>\n<p><input class=\"wpcf7-form-control wpcf7-submit has-spinner\" type=\"submit\" value=\"Saada\" \/>\n<\/p><div class=\"wpcf7-response-output\" aria-hidden=\"true\"><\/div>\n<\/form>\n<\/div>\n\n<\/div>\n<div class=\"pooleks\">\n<h3>J\u00e4relmaks<\/h3>\n<p><iframe loading=\"lazy\" src=\"https:\/\/www.liisi.ee\/iframe-kalkulaator-partnerile\/\" width=\"100%\" height=\"520px\" frameborder=\"no\" scrolling=\"no\" align=\"center\"><span data-mce-type=\"bookmark\" style=\"display: inline-block; width: 0px; overflow: hidden; line-height: 0;\" class=\"mce_SELRES_start\">\ufeff<\/span><\/iframe><\/p>\n<\/div>\n","protected":false},"excerpt":{"rendered":"<p>Nordline RIB 550 Nordline RIB 550 on sobilik t\u00f6\u00f6paadiks nagu n\u00e4iteks h\u00e4daabiteenuste ja reisijate vedamiseks. Samuti \u00a0kalastamiseks ja puhkuseks. Suured balloonid v\u00f5imaldavad paati kasutada suurtes lainetes v\u00f5imsa mootoriga. Suurep\u00e4rase merekindlusega ja kandev\u00f5imega kiire paat. Tugev klaasfiibrist korpus ja mitmesektsioonilised balloonid tagavad paadi hea turvalisuse. \u00d6konoomseks s\u00f5iduks on v\u00f5imalik kasutada v\u00e4iksemat mootorit. Nordline RIB 550 tehnilised&#8230;<\/p>\n","protected":false},"featured_media":5984,"template":"","meta":{"_kad_blocks_custom_css":"","_kad_blocks_head_custom_js":"","_kad_blocks_body_custom_js":"","_kad_blocks_footer_custom_js":"","_kad_post_transparent":"default","_kad_post_title":"","_kad_post_layout":"default","_kad_post_sidebar_id":"","_kad_post_content_style":"default","_kad_post_vertical_padding":"default","_kad_post_feature":"","_kad_post_feature_position":"","_kad_post_header":false,"_kad_post_footer":false,"_kad_post_classname":""},"product_brand":[],"product_cat":[],"product_tag":[],"class_list":{"0":"post-1800","1":"product","2":"type-product","3":"status-publish","4":"has-post-thumbnail","6":"product_shipping_class-kaup-mis-ei-mahu-euroalusele","7":"tm-has-options","9":"first","10":"outofstock","11":"taxable","12":"shipping-taxable","13":"purchasable","14":"product-type-simple","15":"entry","16":"content-bg","17":"loop-entry"},"yoast_head":"<!-- This site is optimized with the Yoast SEO plugin v27.3 - https:\/\/yoast.com\/product\/yoast-seo-wordpress\/ -->\n<title>MOOTORPAAT NORDLINE RIB 530 - Tugev ja kiire t\u00f6\u00f6paat.<\/title>\n<meta name=\"description\" content=\"Mootorpaat Nordline RIB 530. Pikkus 5,3m, laius 1,98m, kandev\u00f5ime 1100kg, mootor kuni 90hj, 8 kohta paadis. Saadaval palju lisaseadmeid.\" \/>\n<meta name=\"robots\" content=\"index, follow, max-snippet:-1, max-image-preview:large, max-video-preview:-1\" \/>\n<link rel=\"canonical\" href=\"https:\/\/nordlinepaadid.ee\/et\/pood\/maaratlemata\/nordline-rib-550\/\" \/>\n<meta property=\"og:locale\" content=\"et_EE\" \/>\n<meta property=\"og:type\" content=\"article\" \/>\n<meta property=\"og:title\" content=\"MOOTORPAAT NORDLINE RIB 530 - Tugev ja kiire t\u00f6\u00f6paat.\" \/>\n<meta property=\"og:description\" content=\"Mootorpaat Nordline RIB 530. Pikkus 5,3m, laius 1,98m, kandev\u00f5ime 1100kg, mootor kuni 90hj, 8 kohta paadis. Saadaval palju lisaseadmeid.\" \/>\n<meta property=\"og:url\" content=\"https:\/\/nordlinepaadid.ee\/et\/pood\/maaratlemata\/nordline-rib-550\/\" \/>\n<meta property=\"og:site_name\" content=\"NORDLINE s\u00f5udepaadid ja mootorpaadid. Klaasfiiber materjalist.\" \/>\n<meta property=\"article:publisher\" content=\"https:\/\/www.facebook.com\/nordlineboats\" \/>\n<meta property=\"article:modified_time\" content=\"2025-05-27T13:18:54+00:00\" \/>\n<meta property=\"og:image\" content=\"https:\/\/nordlinepaadid.ee\/wp-content\/uploads\/2017\/10\/Mootorpaat-Nordline-RIB-550-merepaat-scaled.jpg\" \/>\n\t<meta property=\"og:image:width\" content=\"2560\" \/>\n\t<meta property=\"og:image:height\" content=\"1213\" \/>\n\t<meta property=\"og:image:type\" content=\"image\/jpeg\" \/>\n<meta name=\"twitter:card\" content=\"summary_large_image\" \/>\n<meta name=\"twitter:label1\" content=\"Est. reading time\" \/>\n\t<meta name=\"twitter:data1\" content=\"2 minutit\" \/>\n<script type=\"application\/ld+json\" class=\"yoast-schema-graph\">{\"@context\":\"https:\\\/\\\/schema.org\",\"@graph\":[{\"@type\":\"WebPage\",\"@id\":\"https:\\\/\\\/nordlinepaadid.ee\\\/et\\\/pood\\\/maaratlemata\\\/nordline-rib-550\\\/\",\"url\":\"https:\\\/\\\/nordlinepaadid.ee\\\/et\\\/pood\\\/maaratlemata\\\/nordline-rib-550\\\/\",\"name\":\"MOOTORPAAT NORDLINE RIB 530 - Tugev ja kiire t\u00f6\u00f6paat.\",\"isPartOf\":{\"@id\":\"https:\\\/\\\/nordlinepaadid.ee\\\/et\\\/#website\"},\"primaryImageOfPage\":{\"@id\":\"https:\\\/\\\/nordlinepaadid.ee\\\/et\\\/pood\\\/maaratlemata\\\/nordline-rib-550\\\/#primaryimage\"},\"image\":{\"@id\":\"https:\\\/\\\/nordlinepaadid.ee\\\/et\\\/pood\\\/maaratlemata\\\/nordline-rib-550\\\/#primaryimage\"},\"thumbnailUrl\":\"https:\\\/\\\/nordlinepaadid.ee\\\/wp-content\\\/uploads\\\/2017\\\/10\\\/Mootorpaat-Nordline-RIB-550-merepaat-scaled.jpg\",\"datePublished\":\"2017-10-08T18:41:44+00:00\",\"dateModified\":\"2025-05-27T13:18:54+00:00\",\"description\":\"Mootorpaat Nordline RIB 530. Pikkus 5,3m, laius 1,98m, kandev\u00f5ime 1100kg, mootor kuni 90hj, 8 kohta paadis. Saadaval palju lisaseadmeid.\",\"breadcrumb\":{\"@id\":\"https:\\\/\\\/nordlinepaadid.ee\\\/et\\\/pood\\\/maaratlemata\\\/nordline-rib-550\\\/#breadcrumb\"},\"inLanguage\":\"et\",\"potentialAction\":[{\"@type\":\"ReadAction\",\"target\":[\"https:\\\/\\\/nordlinepaadid.ee\\\/et\\\/pood\\\/maaratlemata\\\/nordline-rib-550\\\/\"]}]},{\"@type\":\"ImageObject\",\"inLanguage\":\"et\",\"@id\":\"https:\\\/\\\/nordlinepaadid.ee\\\/et\\\/pood\\\/maaratlemata\\\/nordline-rib-550\\\/#primaryimage\",\"url\":\"https:\\\/\\\/nordlinepaadid.ee\\\/wp-content\\\/uploads\\\/2017\\\/10\\\/Mootorpaat-Nordline-RIB-550-merepaat-scaled.jpg\",\"contentUrl\":\"https:\\\/\\\/nordlinepaadid.ee\\\/wp-content\\\/uploads\\\/2017\\\/10\\\/Mootorpaat-Nordline-RIB-550-merepaat-scaled.jpg\",\"width\":2560,\"height\":1213,\"caption\":\"Mootorpaat Nordline RIB 550 merepaat\"},{\"@type\":\"BreadcrumbList\",\"@id\":\"https:\\\/\\\/nordlinepaadid.ee\\\/et\\\/pood\\\/maaratlemata\\\/nordline-rib-550\\\/#breadcrumb\",\"itemListElement\":[{\"@type\":\"ListItem\",\"position\":1,\"name\":\"Home\",\"item\":\"https:\\\/\\\/nordlinepaadid.ee\\\/et\\\/\"},{\"@type\":\"ListItem\",\"position\":2,\"name\":\"Pood\",\"item\":\"https:\\\/\\\/nordlinepaadid.ee\\\/et\\\/pood\\\/\"},{\"@type\":\"ListItem\",\"position\":3,\"name\":\"Nordline RIB 550\"}]},{\"@type\":\"WebSite\",\"@id\":\"https:\\\/\\\/nordlinepaadid.ee\\\/et\\\/#website\",\"url\":\"https:\\\/\\\/nordlinepaadid.ee\\\/et\\\/\",\"name\":\"NORDLINE s\u00f5udepaadid ja mootorpaadid. Klaasfiiber materjalist.\",\"description\":\"\",\"publisher\":{\"@id\":\"https:\\\/\\\/nordlinepaadid.ee\\\/et\\\/#organization\"},\"potentialAction\":[{\"@type\":\"SearchAction\",\"target\":{\"@type\":\"EntryPoint\",\"urlTemplate\":\"https:\\\/\\\/nordlinepaadid.ee\\\/et\\\/?s={search_term_string}\"},\"query-input\":{\"@type\":\"PropertyValueSpecification\",\"valueRequired\":true,\"valueName\":\"search_term_string\"}}],\"inLanguage\":\"et\"},{\"@type\":\"Organization\",\"@id\":\"https:\\\/\\\/nordlinepaadid.ee\\\/et\\\/#organization\",\"name\":\"Nordlineboats\",\"url\":\"https:\\\/\\\/nordlinepaadid.ee\\\/et\\\/\",\"logo\":{\"@type\":\"ImageObject\",\"inLanguage\":\"et\",\"@id\":\"https:\\\/\\\/nordlinepaadid.ee\\\/et\\\/#\\\/schema\\\/logo\\\/image\\\/\",\"url\":\"https:\\\/\\\/nordlinepaadid.ee\\\/wp-content\\\/uploads\\\/2023\\\/01\\\/fulllogo_transparent_nobuffer-e1672750475494.png\",\"contentUrl\":\"https:\\\/\\\/nordlinepaadid.ee\\\/wp-content\\\/uploads\\\/2023\\\/01\\\/fulllogo_transparent_nobuffer-e1672750475494.png\",\"width\":150,\"height\":119,\"caption\":\"Nordlineboats\"},\"image\":{\"@id\":\"https:\\\/\\\/nordlinepaadid.ee\\\/et\\\/#\\\/schema\\\/logo\\\/image\\\/\"},\"sameAs\":[\"https:\\\/\\\/www.facebook.com\\\/nordlineboats\",\"https:\\\/\\\/www.youtube.com\\\/channel\\\/UCbgF0fy02y3QkFnujaLTaCA\"]}]}<\/script>\n<!-- \/ Yoast SEO plugin. -->","yoast_head_json":{"title":"MOOTORPAAT NORDLINE RIB 530 - Tugev ja kiire t\u00f6\u00f6paat.","description":"Mootorpaat Nordline RIB 530. Pikkus 5,3m, laius 1,98m, kandev\u00f5ime 1100kg, mootor kuni 90hj, 8 kohta paadis. Saadaval palju lisaseadmeid.","robots":{"index":"index","follow":"follow","max-snippet":"max-snippet:-1","max-image-preview":"max-image-preview:large","max-video-preview":"max-video-preview:-1"},"canonical":"https:\/\/nordlinepaadid.ee\/et\/pood\/maaratlemata\/nordline-rib-550\/","og_locale":"et_EE","og_type":"article","og_title":"MOOTORPAAT NORDLINE RIB 530 - Tugev ja kiire t\u00f6\u00f6paat.","og_description":"Mootorpaat Nordline RIB 530. Pikkus 5,3m, laius 1,98m, kandev\u00f5ime 1100kg, mootor kuni 90hj, 8 kohta paadis. Saadaval palju lisaseadmeid.","og_url":"https:\/\/nordlinepaadid.ee\/et\/pood\/maaratlemata\/nordline-rib-550\/","og_site_name":"NORDLINE s\u00f5udepaadid ja mootorpaadid. Klaasfiiber materjalist.","article_publisher":"https:\/\/www.facebook.com\/nordlineboats","article_modified_time":"2025-05-27T13:18:54+00:00","og_image":[{"width":2560,"height":1213,"url":"https:\/\/nordlinepaadid.ee\/wp-content\/uploads\/2017\/10\/Mootorpaat-Nordline-RIB-550-merepaat-scaled.jpg","type":"image\/jpeg"}],"twitter_card":"summary_large_image","twitter_misc":{"Est. reading time":"2 minutit"},"schema":{"@context":"https:\/\/schema.org","@graph":[{"@type":"WebPage","@id":"https:\/\/nordlinepaadid.ee\/et\/pood\/maaratlemata\/nordline-rib-550\/","url":"https:\/\/nordlinepaadid.ee\/et\/pood\/maaratlemata\/nordline-rib-550\/","name":"MOOTORPAAT NORDLINE RIB 530 - Tugev ja kiire t\u00f6\u00f6paat.","isPartOf":{"@id":"https:\/\/nordlinepaadid.ee\/et\/#website"},"primaryImageOfPage":{"@id":"https:\/\/nordlinepaadid.ee\/et\/pood\/maaratlemata\/nordline-rib-550\/#primaryimage"},"image":{"@id":"https:\/\/nordlinepaadid.ee\/et\/pood\/maaratlemata\/nordline-rib-550\/#primaryimage"},"thumbnailUrl":"https:\/\/nordlinepaadid.ee\/wp-content\/uploads\/2017\/10\/Mootorpaat-Nordline-RIB-550-merepaat-scaled.jpg","datePublished":"2017-10-08T18:41:44+00:00","dateModified":"2025-05-27T13:18:54+00:00","description":"Mootorpaat Nordline RIB 530. Pikkus 5,3m, laius 1,98m, kandev\u00f5ime 1100kg, mootor kuni 90hj, 8 kohta paadis. Saadaval palju lisaseadmeid.","breadcrumb":{"@id":"https:\/\/nordlinepaadid.ee\/et\/pood\/maaratlemata\/nordline-rib-550\/#breadcrumb"},"inLanguage":"et","potentialAction":[{"@type":"ReadAction","target":["https:\/\/nordlinepaadid.ee\/et\/pood\/maaratlemata\/nordline-rib-550\/"]}]},{"@type":"ImageObject","inLanguage":"et","@id":"https:\/\/nordlinepaadid.ee\/et\/pood\/maaratlemata\/nordline-rib-550\/#primaryimage","url":"https:\/\/nordlinepaadid.ee\/wp-content\/uploads\/2017\/10\/Mootorpaat-Nordline-RIB-550-merepaat-scaled.jpg","contentUrl":"https:\/\/nordlinepaadid.ee\/wp-content\/uploads\/2017\/10\/Mootorpaat-Nordline-RIB-550-merepaat-scaled.jpg","width":2560,"height":1213,"caption":"Mootorpaat Nordline RIB 550 merepaat"},{"@type":"BreadcrumbList","@id":"https:\/\/nordlinepaadid.ee\/et\/pood\/maaratlemata\/nordline-rib-550\/#breadcrumb","itemListElement":[{"@type":"ListItem","position":1,"name":"Home","item":"https:\/\/nordlinepaadid.ee\/et\/"},{"@type":"ListItem","position":2,"name":"Pood","item":"https:\/\/nordlinepaadid.ee\/et\/pood\/"},{"@type":"ListItem","position":3,"name":"Nordline RIB 550"}]},{"@type":"WebSite","@id":"https:\/\/nordlinepaadid.ee\/et\/#website","url":"https:\/\/nordlinepaadid.ee\/et\/","name":"NORDLINE s\u00f5udepaadid ja mootorpaadid. Klaasfiiber materjalist.","description":"","publisher":{"@id":"https:\/\/nordlinepaadid.ee\/et\/#organization"},"potentialAction":[{"@type":"SearchAction","target":{"@type":"EntryPoint","urlTemplate":"https:\/\/nordlinepaadid.ee\/et\/?s={search_term_string}"},"query-input":{"@type":"PropertyValueSpecification","valueRequired":true,"valueName":"search_term_string"}}],"inLanguage":"et"},{"@type":"Organization","@id":"https:\/\/nordlinepaadid.ee\/et\/#organization","name":"Nordlineboats","url":"https:\/\/nordlinepaadid.ee\/et\/","logo":{"@type":"ImageObject","inLanguage":"et","@id":"https:\/\/nordlinepaadid.ee\/et\/#\/schema\/logo\/image\/","url":"https:\/\/nordlinepaadid.ee\/wp-content\/uploads\/2023\/01\/fulllogo_transparent_nobuffer-e1672750475494.png","contentUrl":"https:\/\/nordlinepaadid.ee\/wp-content\/uploads\/2023\/01\/fulllogo_transparent_nobuffer-e1672750475494.png","width":150,"height":119,"caption":"Nordlineboats"},"image":{"@id":"https:\/\/nordlinepaadid.ee\/et\/#\/schema\/logo\/image\/"},"sameAs":["https:\/\/www.facebook.com\/nordlineboats","https:\/\/www.youtube.com\/channel\/UCbgF0fy02y3QkFnujaLTaCA"]}]}},"taxonomy_info":[],"featured_image_src_large":["https:\/\/nordlinepaadid.ee\/wp-content\/uploads\/2017\/10\/Mootorpaat-Nordline-RIB-550-merepaat-1024x485.jpg",1024,485,true],"author_info":[],"comment_info":"","_links":{"self":[{"href":"https:\/\/nordlinepaadid.ee\/et\/wp-json\/wp\/v2\/product\/1800","targetHints":{"allow":["GET"]}}],"collection":[{"href":"https:\/\/nordlinepaadid.ee\/et\/wp-json\/wp\/v2\/product"}],"about":[{"href":"https:\/\/nordlinepaadid.ee\/et\/wp-json\/wp\/v2\/types\/product"}],"wp:featuredmedia":[{"embeddable":true,"href":"https:\/\/nordlinepaadid.ee\/et\/wp-json\/wp\/v2\/media\/5984"}],"wp:attachment":[{"href":"https:\/\/nordlinepaadid.ee\/et\/wp-json\/wp\/v2\/media?parent=1800"}],"wp:term":[{"taxonomy":"product_brand","embeddable":true,"href":"https:\/\/nordlinepaadid.ee\/et\/wp-json\/wp\/v2\/product_brand?post=1800"},{"taxonomy":"product_cat","embeddable":true,"href":"https:\/\/nordlinepaadid.ee\/et\/wp-json\/wp\/v2\/product_cat?post=1800"},{"taxonomy":"product_tag","embeddable":true,"href":"https:\/\/nordlinepaadid.ee\/et\/wp-json\/wp\/v2\/product_tag?post=1800"}],"curies":[{"name":"wp","href":"https:\/\/api.w.org\/{rel}","templated":true}]}}