{"id":18282,"date":"2026-04-07T03:08:33","date_gmt":"2026-04-07T00:08:33","guid":{"rendered":"https:\/\/nordlinepaadid.ee\/pood\/self-inflatable-lifejacket-viking-150-n-uml\/"},"modified":"2026-04-08T20:00:48","modified_gmt":"2026-04-08T17:00:48","slug":"isetaituv-paastevest-viking-150-n-automaatne-uml","status":"publish","type":"product","link":"https:\/\/nordlinepaadid.ee\/et\/pood\/paastevahendid\/paastevestid-ohutusvestid\/isetaituv-paastevest-viking-150-n-automaatne-uml\/","title":{"rendered":"ISET\u00c4ITUV P\u00c4\u00c4STEVEST- VIKING 150 N, AUTOMAATNE, UML"},"content":{"rendered":"<p>Viking p\u00e4\u00e4stevest, mudel Conquest Harness. Kompaktne ja gaasiga iset\u00e4ituv p\u00e4\u00e4stevest, 150 N, tablett- t\u00e4ites\u00fcsteem, automaatselt ja k\u00e4sitsi avanev, roostevabast metallist kinnituspandlad. Sobilik kasutamiseks k\u00f5ikide kategooria vees\u00f5idukites. CE.<\/p>\n<p>&nbsp;<\/p>\n<p>&#13;<br \/>\n&#13;<\/p>\n<p><img decoding=\"async\" alt=\"\" src=\"\/bw_client_files\/promarine\/public\/img\/Image\/Symbols-Tips-icon.png\" style=\"height:30px; width:30px\" \/>&nbsp;<strong>VIKING P\u00c4\u00c4STEVESTIDELE KEHTIB <span style=\"color:#FF0000\">2-AASTANE<\/span> HOOLDUS<\/strong><strong>&nbsp;INTERVALL. <\/strong><\/p>\n<p>&#13;<br \/>\n&#13;<\/p>\n<p><strong>&nbsp; &nbsp; &nbsp; &nbsp; &nbsp; Tutvu tingimustega l\u00e4hemalt <a href=\"http:\/\/www.promarinetrade.com\/isetaituvate-paastevestide-kontroll-ja-taatlemine\">SIIT<\/a><\/strong><\/p>\n<p>&#13;<br \/>\n&#13;<\/p>\n<p>&nbsp;<\/p>\n<p>&#13;<br \/>\n&#13;<\/p>\n<p>&nbsp;<\/p>\n<p>&#13;<br \/>\n&#13;<\/p>\n<p>&nbsp;<\/p>\n<p>&#13;<br \/>\n&#13;<\/p>\n<p><iframe loading=\"lazy\" allowfullscreen=\"\" frameborder=\"0\" height=\"360\" src=\"\/\/www.youtube.com\/embed\/5m7VZEnjgCk\" width=\"640\"><\/iframe><\/p>\n<p>&#13;<br \/>\n&#13;<\/p>\n<p>&nbsp;<\/p>\n<p>&#13;<br \/>\n&#13;<\/p>\n<p>&nbsp;<\/p>\n<p>&#13;<\/p>\n","protected":false},"excerpt":{"rendered":"<p>Viking p\u00e4\u00e4stevest, mudel Conquest Harness. Kompaktne ja gaasiga iset\u00e4ituv p\u00e4\u00e4stevest, 150 N, tablett- t\u00e4ites\u00fcsteem, automaatselt ja k\u00e4sitsi avanev, roostevabast metallist kinnituspandlad. Sobilik kasutamiseks k\u00f5ikide kategooria vees\u00f5idukites. CE. &nbsp; &#13; &#13; &nbsp;VIKING P\u00c4\u00c4STEVESTIDELE KEHTIB 2-AASTANE HOOLDUS&nbsp;INTERVALL. &#13; &#13; &nbsp; &nbsp; &nbsp; &nbsp; &nbsp; Tutvu tingimustega l\u00e4hemalt SIIT &#13; &#13; &nbsp; &#13; &#13; &nbsp; &#13; &#13; &nbsp;&#8230;<\/p>\n","protected":false},"featured_media":18283,"template":"","meta":{"_kad_blocks_custom_css":"","_kad_blocks_head_custom_js":"","_kad_blocks_body_custom_js":"","_kad_blocks_footer_custom_js":"","_kad_post_transparent":"","_kad_post_title":"","_kad_post_layout":"","_kad_post_sidebar_id":"","_kad_post_content_style":"","_kad_post_vertical_padding":"","_kad_post_feature":"","_kad_post_feature_position":"","_kad_post_header":false,"_kad_post_footer":false,"_kad_post_classname":""},"product_brand":[],"product_cat":[230,236],"product_tag":[],"class_list":{"0":"post-18282","1":"product","2":"type-product","3":"status-publish","4":"has-post-thumbnail","6":"product_cat-paastevahendid","7":"product_cat-paastevestid-ohutusvestid","8":"product_shipping_class-pakiautomaati-mahtuv-kaup","9":"pa_color-must","10":"pa_producer-viking","11":"pa_unit-pcs","12":"tm-no-options","14":"first","15":"onbackorder","16":"taxable","17":"shipping-taxable","18":"purchasable","19":"product-type-simple","20":"entry","21":"content-bg","22":"loop-entry"},"yoast_head":"<!-- This site is optimized with the Yoast SEO plugin v27.3 - https:\/\/yoast.com\/product\/yoast-seo-wordpress\/ -->\n<title>ISET\u00c4ITUV P\u00c4\u00c4STEVEST- VIKING 150 N, AUTOMAATNE, UML - NORDLINE s\u00f5udepaadid ja mootorpaadid. Klaasfiiber materjalist.<\/title>\n<meta name=\"robots\" content=\"index, follow, max-snippet:-1, max-image-preview:large, max-video-preview:-1\" \/>\n<link rel=\"canonical\" href=\"https:\/\/nordlinepaadid.ee\/et\/pood\/paastevahendid\/paastevestid-ohutusvestid\/isetaituv-paastevest-viking-150-n-automaatne-uml\/\" \/>\n<meta property=\"og:locale\" content=\"et_EE\" \/>\n<meta property=\"og:type\" content=\"article\" \/>\n<meta property=\"og:title\" content=\"ISET\u00c4ITUV P\u00c4\u00c4STEVEST- VIKING 150 N, AUTOMAATNE, UML - NORDLINE s\u00f5udepaadid ja mootorpaadid. Klaasfiiber materjalist.\" \/>\n<meta property=\"og:description\" content=\"Viking p\u00e4\u00e4stevest, mudel Conquest Harness. Kompaktne ja gaasiga iset\u00e4ituv p\u00e4\u00e4stevest, 150 N, tablett- t\u00e4ites\u00fcsteem, automaatselt ja k\u00e4sitsi avanev, roostevabast metallist kinnituspandlad. Sobilik kasutamiseks k\u00f5ikide kategooria vees\u00f5idukites. CE. &nbsp; &#013; &#013; &nbsp;VIKING P\u00c4\u00c4STEVESTIDELE KEHTIB 2-AASTANE HOOLDUS&nbsp;INTERVALL. &#013; &#013; &nbsp; &nbsp; &nbsp; &nbsp; &nbsp; Tutvu tingimustega l\u00e4hemalt SIIT &#013; &#013; &nbsp; &#013; &#013; &nbsp; &#013; &#013; &nbsp;...\" \/>\n<meta property=\"og:url\" content=\"https:\/\/nordlinepaadid.ee\/et\/pood\/paastevahendid\/paastevestid-ohutusvestid\/isetaituv-paastevest-viking-150-n-automaatne-uml\/\" \/>\n<meta property=\"og:site_name\" content=\"NORDLINE s\u00f5udepaadid ja mootorpaadid. Klaasfiiber materjalist.\" \/>\n<meta property=\"article:publisher\" content=\"https:\/\/www.facebook.com\/nordlineboats\" \/>\n<meta property=\"article:modified_time\" content=\"2026-04-08T17:00:48+00:00\" \/>\n<meta property=\"og:image\" content=\"https:\/\/nordlinepaadid.ee\/wp-content\/uploads\/2023\/03\/1726_paukvest.jpg\" \/>\n\t<meta property=\"og:image:width\" content=\"902\" \/>\n\t<meta property=\"og:image:height\" content=\"970\" \/>\n\t<meta property=\"og:image:type\" content=\"image\/jpeg\" \/>\n<meta name=\"twitter:card\" content=\"summary_large_image\" \/>\n<script type=\"application\/ld+json\" class=\"yoast-schema-graph\">{\"@context\":\"https:\\\/\\\/schema.org\",\"@graph\":[{\"@type\":\"WebPage\",\"@id\":\"https:\\\/\\\/nordlinepaadid.ee\\\/et\\\/pood\\\/paastevahendid\\\/paastevestid-ohutusvestid\\\/isetaituv-paastevest-viking-150-n-automaatne-uml\\\/\",\"url\":\"https:\\\/\\\/nordlinepaadid.ee\\\/et\\\/pood\\\/paastevahendid\\\/paastevestid-ohutusvestid\\\/isetaituv-paastevest-viking-150-n-automaatne-uml\\\/\",\"name\":\"ISET\u00c4ITUV P\u00c4\u00c4STEVEST- VIKING 150 N, AUTOMAATNE, UML - NORDLINE s\u00f5udepaadid ja mootorpaadid. Klaasfiiber materjalist.\",\"isPartOf\":{\"@id\":\"https:\\\/\\\/nordlinepaadid.ee\\\/et\\\/#website\"},\"primaryImageOfPage\":{\"@id\":\"https:\\\/\\\/nordlinepaadid.ee\\\/et\\\/pood\\\/paastevahendid\\\/paastevestid-ohutusvestid\\\/isetaituv-paastevest-viking-150-n-automaatne-uml\\\/#primaryimage\"},\"image\":{\"@id\":\"https:\\\/\\\/nordlinepaadid.ee\\\/et\\\/pood\\\/paastevahendid\\\/paastevestid-ohutusvestid\\\/isetaituv-paastevest-viking-150-n-automaatne-uml\\\/#primaryimage\"},\"thumbnailUrl\":\"https:\\\/\\\/nordlinepaadid.ee\\\/wp-content\\\/uploads\\\/2023\\\/03\\\/1726_paukvest.jpg\",\"datePublished\":\"2026-04-07T00:08:33+00:00\",\"dateModified\":\"2026-04-08T17:00:48+00:00\",\"breadcrumb\":{\"@id\":\"https:\\\/\\\/nordlinepaadid.ee\\\/et\\\/pood\\\/paastevahendid\\\/paastevestid-ohutusvestid\\\/isetaituv-paastevest-viking-150-n-automaatne-uml\\\/#breadcrumb\"},\"inLanguage\":\"et\",\"potentialAction\":[{\"@type\":\"ReadAction\",\"target\":[\"https:\\\/\\\/nordlinepaadid.ee\\\/et\\\/pood\\\/paastevahendid\\\/paastevestid-ohutusvestid\\\/isetaituv-paastevest-viking-150-n-automaatne-uml\\\/\"]}]},{\"@type\":\"ImageObject\",\"inLanguage\":\"et\",\"@id\":\"https:\\\/\\\/nordlinepaadid.ee\\\/et\\\/pood\\\/paastevahendid\\\/paastevestid-ohutusvestid\\\/isetaituv-paastevest-viking-150-n-automaatne-uml\\\/#primaryimage\",\"url\":\"https:\\\/\\\/nordlinepaadid.ee\\\/wp-content\\\/uploads\\\/2023\\\/03\\\/1726_paukvest.jpg\",\"contentUrl\":\"https:\\\/\\\/nordlinepaadid.ee\\\/wp-content\\\/uploads\\\/2023\\\/03\\\/1726_paukvest.jpg\",\"width\":902,\"height\":970},{\"@type\":\"BreadcrumbList\",\"@id\":\"https:\\\/\\\/nordlinepaadid.ee\\\/et\\\/pood\\\/paastevahendid\\\/paastevestid-ohutusvestid\\\/isetaituv-paastevest-viking-150-n-automaatne-uml\\\/#breadcrumb\",\"itemListElement\":[{\"@type\":\"ListItem\",\"position\":1,\"name\":\"Home\",\"item\":\"https:\\\/\\\/nordlinepaadid.ee\\\/et\\\/\"},{\"@type\":\"ListItem\",\"position\":2,\"name\":\"Pood\",\"item\":\"https:\\\/\\\/nordlinepaadid.ee\\\/et\\\/pood\\\/\"},{\"@type\":\"ListItem\",\"position\":3,\"name\":\"ISET\u00c4ITUV P\u00c4\u00c4STEVEST- VIKING 150 N, AUTOMAATNE, UML\"}]},{\"@type\":\"WebSite\",\"@id\":\"https:\\\/\\\/nordlinepaadid.ee\\\/et\\\/#website\",\"url\":\"https:\\\/\\\/nordlinepaadid.ee\\\/et\\\/\",\"name\":\"NORDLINE s\u00f5udepaadid ja mootorpaadid. Klaasfiiber materjalist.\",\"description\":\"\",\"publisher\":{\"@id\":\"https:\\\/\\\/nordlinepaadid.ee\\\/et\\\/#organization\"},\"potentialAction\":[{\"@type\":\"SearchAction\",\"target\":{\"@type\":\"EntryPoint\",\"urlTemplate\":\"https:\\\/\\\/nordlinepaadid.ee\\\/et\\\/?s={search_term_string}\"},\"query-input\":{\"@type\":\"PropertyValueSpecification\",\"valueRequired\":true,\"valueName\":\"search_term_string\"}}],\"inLanguage\":\"et\"},{\"@type\":\"Organization\",\"@id\":\"https:\\\/\\\/nordlinepaadid.ee\\\/et\\\/#organization\",\"name\":\"Nordlineboats\",\"url\":\"https:\\\/\\\/nordlinepaadid.ee\\\/et\\\/\",\"logo\":{\"@type\":\"ImageObject\",\"inLanguage\":\"et\",\"@id\":\"https:\\\/\\\/nordlinepaadid.ee\\\/et\\\/#\\\/schema\\\/logo\\\/image\\\/\",\"url\":\"https:\\\/\\\/nordlinepaadid.ee\\\/wp-content\\\/uploads\\\/2023\\\/01\\\/fulllogo_transparent_nobuffer-e1672750475494.png\",\"contentUrl\":\"https:\\\/\\\/nordlinepaadid.ee\\\/wp-content\\\/uploads\\\/2023\\\/01\\\/fulllogo_transparent_nobuffer-e1672750475494.png\",\"width\":150,\"height\":119,\"caption\":\"Nordlineboats\"},\"image\":{\"@id\":\"https:\\\/\\\/nordlinepaadid.ee\\\/et\\\/#\\\/schema\\\/logo\\\/image\\\/\"},\"sameAs\":[\"https:\\\/\\\/www.facebook.com\\\/nordlineboats\",\"https:\\\/\\\/www.youtube.com\\\/channel\\\/UCbgF0fy02y3QkFnujaLTaCA\"]}]}<\/script>\n<!-- \/ Yoast SEO plugin. -->","yoast_head_json":{"title":"ISET\u00c4ITUV P\u00c4\u00c4STEVEST- VIKING 150 N, AUTOMAATNE, UML - NORDLINE s\u00f5udepaadid ja mootorpaadid. Klaasfiiber materjalist.","robots":{"index":"index","follow":"follow","max-snippet":"max-snippet:-1","max-image-preview":"max-image-preview:large","max-video-preview":"max-video-preview:-1"},"canonical":"https:\/\/nordlinepaadid.ee\/et\/pood\/paastevahendid\/paastevestid-ohutusvestid\/isetaituv-paastevest-viking-150-n-automaatne-uml\/","og_locale":"et_EE","og_type":"article","og_title":"ISET\u00c4ITUV P\u00c4\u00c4STEVEST- VIKING 150 N, AUTOMAATNE, UML - NORDLINE s\u00f5udepaadid ja mootorpaadid. Klaasfiiber materjalist.","og_description":"Viking p\u00e4\u00e4stevest, mudel Conquest Harness. Kompaktne ja gaasiga iset\u00e4ituv p\u00e4\u00e4stevest, 150 N, tablett- t\u00e4ites\u00fcsteem, automaatselt ja k\u00e4sitsi avanev, roostevabast metallist kinnituspandlad. Sobilik kasutamiseks k\u00f5ikide kategooria vees\u00f5idukites. CE. &nbsp; &#13; &#13; &nbsp;VIKING P\u00c4\u00c4STEVESTIDELE KEHTIB 2-AASTANE HOOLDUS&nbsp;INTERVALL. &#13; &#13; &nbsp; &nbsp; &nbsp; &nbsp; &nbsp; Tutvu tingimustega l\u00e4hemalt SIIT &#13; &#13; &nbsp; &#13; &#13; &nbsp; &#13; &#13; &nbsp;...","og_url":"https:\/\/nordlinepaadid.ee\/et\/pood\/paastevahendid\/paastevestid-ohutusvestid\/isetaituv-paastevest-viking-150-n-automaatne-uml\/","og_site_name":"NORDLINE s\u00f5udepaadid ja mootorpaadid. Klaasfiiber materjalist.","article_publisher":"https:\/\/www.facebook.com\/nordlineboats","article_modified_time":"2026-04-08T17:00:48+00:00","og_image":[{"width":902,"height":970,"url":"https:\/\/nordlinepaadid.ee\/wp-content\/uploads\/2023\/03\/1726_paukvest.jpg","type":"image\/jpeg"}],"twitter_card":"summary_large_image","schema":{"@context":"https:\/\/schema.org","@graph":[{"@type":"WebPage","@id":"https:\/\/nordlinepaadid.ee\/et\/pood\/paastevahendid\/paastevestid-ohutusvestid\/isetaituv-paastevest-viking-150-n-automaatne-uml\/","url":"https:\/\/nordlinepaadid.ee\/et\/pood\/paastevahendid\/paastevestid-ohutusvestid\/isetaituv-paastevest-viking-150-n-automaatne-uml\/","name":"ISET\u00c4ITUV P\u00c4\u00c4STEVEST- VIKING 150 N, AUTOMAATNE, UML - NORDLINE s\u00f5udepaadid ja mootorpaadid. Klaasfiiber materjalist.","isPartOf":{"@id":"https:\/\/nordlinepaadid.ee\/et\/#website"},"primaryImageOfPage":{"@id":"https:\/\/nordlinepaadid.ee\/et\/pood\/paastevahendid\/paastevestid-ohutusvestid\/isetaituv-paastevest-viking-150-n-automaatne-uml\/#primaryimage"},"image":{"@id":"https:\/\/nordlinepaadid.ee\/et\/pood\/paastevahendid\/paastevestid-ohutusvestid\/isetaituv-paastevest-viking-150-n-automaatne-uml\/#primaryimage"},"thumbnailUrl":"https:\/\/nordlinepaadid.ee\/wp-content\/uploads\/2023\/03\/1726_paukvest.jpg","datePublished":"2026-04-07T00:08:33+00:00","dateModified":"2026-04-08T17:00:48+00:00","breadcrumb":{"@id":"https:\/\/nordlinepaadid.ee\/et\/pood\/paastevahendid\/paastevestid-ohutusvestid\/isetaituv-paastevest-viking-150-n-automaatne-uml\/#breadcrumb"},"inLanguage":"et","potentialAction":[{"@type":"ReadAction","target":["https:\/\/nordlinepaadid.ee\/et\/pood\/paastevahendid\/paastevestid-ohutusvestid\/isetaituv-paastevest-viking-150-n-automaatne-uml\/"]}]},{"@type":"ImageObject","inLanguage":"et","@id":"https:\/\/nordlinepaadid.ee\/et\/pood\/paastevahendid\/paastevestid-ohutusvestid\/isetaituv-paastevest-viking-150-n-automaatne-uml\/#primaryimage","url":"https:\/\/nordlinepaadid.ee\/wp-content\/uploads\/2023\/03\/1726_paukvest.jpg","contentUrl":"https:\/\/nordlinepaadid.ee\/wp-content\/uploads\/2023\/03\/1726_paukvest.jpg","width":902,"height":970},{"@type":"BreadcrumbList","@id":"https:\/\/nordlinepaadid.ee\/et\/pood\/paastevahendid\/paastevestid-ohutusvestid\/isetaituv-paastevest-viking-150-n-automaatne-uml\/#breadcrumb","itemListElement":[{"@type":"ListItem","position":1,"name":"Home","item":"https:\/\/nordlinepaadid.ee\/et\/"},{"@type":"ListItem","position":2,"name":"Pood","item":"https:\/\/nordlinepaadid.ee\/et\/pood\/"},{"@type":"ListItem","position":3,"name":"ISET\u00c4ITUV P\u00c4\u00c4STEVEST- VIKING 150 N, AUTOMAATNE, UML"}]},{"@type":"WebSite","@id":"https:\/\/nordlinepaadid.ee\/et\/#website","url":"https:\/\/nordlinepaadid.ee\/et\/","name":"NORDLINE s\u00f5udepaadid ja mootorpaadid. Klaasfiiber materjalist.","description":"","publisher":{"@id":"https:\/\/nordlinepaadid.ee\/et\/#organization"},"potentialAction":[{"@type":"SearchAction","target":{"@type":"EntryPoint","urlTemplate":"https:\/\/nordlinepaadid.ee\/et\/?s={search_term_string}"},"query-input":{"@type":"PropertyValueSpecification","valueRequired":true,"valueName":"search_term_string"}}],"inLanguage":"et"},{"@type":"Organization","@id":"https:\/\/nordlinepaadid.ee\/et\/#organization","name":"Nordlineboats","url":"https:\/\/nordlinepaadid.ee\/et\/","logo":{"@type":"ImageObject","inLanguage":"et","@id":"https:\/\/nordlinepaadid.ee\/et\/#\/schema\/logo\/image\/","url":"https:\/\/nordlinepaadid.ee\/wp-content\/uploads\/2023\/01\/fulllogo_transparent_nobuffer-e1672750475494.png","contentUrl":"https:\/\/nordlinepaadid.ee\/wp-content\/uploads\/2023\/01\/fulllogo_transparent_nobuffer-e1672750475494.png","width":150,"height":119,"caption":"Nordlineboats"},"image":{"@id":"https:\/\/nordlinepaadid.ee\/et\/#\/schema\/logo\/image\/"},"sameAs":["https:\/\/www.facebook.com\/nordlineboats","https:\/\/www.youtube.com\/channel\/UCbgF0fy02y3QkFnujaLTaCA"]}]}},"taxonomy_info":{"product_cat":[{"value":230,"label":"P\u00c4\u00c4STEVAHENDID"},{"value":236,"label":"P\u00e4\u00e4stevestid, Ohutusvestid"}],"pa_color":[{"value":684,"label":"Must"}],"pa_producer":[{"value":454,"label":"Viking"}],"pa_unit":[{"value":416,"label":"pcs"}]},"featured_image_src_large":["https:\/\/nordlinepaadid.ee\/wp-content\/uploads\/2023\/03\/1726_paukvest.jpg",902,970,false],"author_info":[],"comment_info":"","_links":{"self":[{"href":"https:\/\/nordlinepaadid.ee\/et\/wp-json\/wp\/v2\/product\/18282","targetHints":{"allow":["GET"]}}],"collection":[{"href":"https:\/\/nordlinepaadid.ee\/et\/wp-json\/wp\/v2\/product"}],"about":[{"href":"https:\/\/nordlinepaadid.ee\/et\/wp-json\/wp\/v2\/types\/product"}],"wp:featuredmedia":[{"embeddable":true,"href":"https:\/\/nordlinepaadid.ee\/et\/wp-json\/wp\/v2\/media\/18283"}],"wp:attachment":[{"href":"https:\/\/nordlinepaadid.ee\/et\/wp-json\/wp\/v2\/media?parent=18282"}],"wp:term":[{"taxonomy":"product_brand","embeddable":true,"href":"https:\/\/nordlinepaadid.ee\/et\/wp-json\/wp\/v2\/product_brand?post=18282"},{"taxonomy":"product_cat","embeddable":true,"href":"https:\/\/nordlinepaadid.ee\/et\/wp-json\/wp\/v2\/product_cat?post=18282"},{"taxonomy":"product_tag","embeddable":true,"href":"https:\/\/nordlinepaadid.ee\/et\/wp-json\/wp\/v2\/product_tag?post=18282"}],"curies":[{"name":"wp","href":"https:\/\/api.w.org\/{rel}","templated":true}]}}