{"id":18438,"date":"2026-04-07T03:08:45","date_gmt":"2026-04-07T00:08:45","guid":{"rendered":"https:\/\/nordlinepaadid.ee\/pood\/extension-handle-60-100-cm\/"},"modified":"2026-04-08T00:04:57","modified_gmt":"2026-04-07T21:04:57","slug":"paramootori-kaepideme-pikendus-60-100-cm","status":"publish","type":"product","link":"https:\/\/nordlinepaadid.ee\/et\/pood\/ru-motorboating-and-motor-accessories\/ru-outboard-brackets-and-accessories\/paramootori-kaepideme-pikendus-60-100-cm\/","title":{"rendered":"P\u00c4RAMOOTORI K\u00c4EPIDEME PIKENDUS, 60-100 cm"},"content":{"rendered":"<p>P\u00e4ramootori k\u00e4epideme teleskoop-pikendus. Valmistatud kergmetallist ja k\u00e4epide on kummeeritud. Sobib k\u00f5ikidele p\u00e4ramootoritele. Pikkus: 60-100 cm.<\/p>\n<p>&#13;<\/p>\n","protected":false},"excerpt":{"rendered":"<p>P\u00e4ramootori k\u00e4epideme teleskoop-pikendus. Valmistatud kergmetallist ja k\u00e4epide on kummeeritud. Sobib k\u00f5ikidele p\u00e4ramootoritele. Pikkus: 60-100 cm. &#13;<\/p>\n","protected":false},"featured_media":18439,"template":"","meta":{"_kad_blocks_custom_css":"","_kad_blocks_head_custom_js":"","_kad_blocks_body_custom_js":"","_kad_blocks_footer_custom_js":"","_kad_post_transparent":"","_kad_post_title":"","_kad_post_layout":"","_kad_post_sidebar_id":"","_kad_post_content_style":"","_kad_post_vertical_padding":"","_kad_post_feature":"","_kad_post_feature_position":"","_kad_post_header":false,"_kad_post_footer":false,"_kad_post_classname":""},"product_brand":[],"product_cat":[288,277,249,837,826],"product_tag":[],"class_list":{"0":"post-18438","1":"product","2":"type-product","3":"status-publish","4":"has-post-thumbnail","6":"product_cat-mootoritarvikud-ja-kinnitused","7":"product_cat-roolisusteemid-roolid","8":"product_cat-varuosad-mootorpaatidele","9":"product_cat-ru-outboard-brackets-and-accessories","10":"product_cat-ru-steering-systems-steering-cables-wheels","11":"product_shipping_class-euroalusele-mahtuv-kaup","12":"pa_producer-osculati","13":"pa_unit-pcs","14":"tm-no-options","16":"first","17":"onbackorder","18":"taxable","19":"shipping-taxable","20":"purchasable","21":"product-type-simple","22":"entry","23":"content-bg","24":"loop-entry"},"yoast_head":"<!-- This site is optimized with the Yoast SEO plugin v27.3 - https:\/\/yoast.com\/product\/yoast-seo-wordpress\/ -->\n<title>P\u00c4RAMOOTORI K\u00c4EPIDEME PIKENDUS, 60-100 cm - NORDLINE s\u00f5udepaadid ja mootorpaadid. Klaasfiiber materjalist.<\/title>\n<meta name=\"robots\" content=\"index, follow, max-snippet:-1, max-image-preview:large, max-video-preview:-1\" \/>\n<link rel=\"canonical\" href=\"https:\/\/nordlinepaadid.ee\/et\/pood\/ru-motorboating-and-motor-accessories\/ru-outboard-brackets-and-accessories\/paramootori-kaepideme-pikendus-60-100-cm\/\" \/>\n<meta property=\"og:locale\" content=\"et_EE\" \/>\n<meta property=\"og:type\" content=\"article\" \/>\n<meta property=\"og:title\" content=\"P\u00c4RAMOOTORI K\u00c4EPIDEME PIKENDUS, 60-100 cm - NORDLINE s\u00f5udepaadid ja mootorpaadid. Klaasfiiber materjalist.\" \/>\n<meta property=\"og:description\" content=\"P\u00e4ramootori k\u00e4epideme teleskoop-pikendus. Valmistatud kergmetallist ja k\u00e4epide on kummeeritud. Sobib k\u00f5ikidele p\u00e4ramootoritele. Pikkus: 60-100 cm. &#013;\" \/>\n<meta property=\"og:url\" content=\"https:\/\/nordlinepaadid.ee\/et\/pood\/ru-motorboating-and-motor-accessories\/ru-outboard-brackets-and-accessories\/paramootori-kaepideme-pikendus-60-100-cm\/\" \/>\n<meta property=\"og:site_name\" content=\"NORDLINE s\u00f5udepaadid ja mootorpaadid. Klaasfiiber materjalist.\" \/>\n<meta property=\"article:publisher\" content=\"https:\/\/www.facebook.com\/nordlineboats\" \/>\n<meta property=\"article:modified_time\" content=\"2026-04-07T21:04:57+00:00\" \/>\n<meta property=\"og:image\" content=\"https:\/\/nordlinepaadid.ee\/wp-content\/uploads\/2023\/03\/2270_G260855.jpg\" \/>\n\t<meta property=\"og:image:width\" content=\"550\" \/>\n\t<meta property=\"og:image:height\" content=\"102\" \/>\n\t<meta property=\"og:image:type\" content=\"image\/jpeg\" \/>\n<meta name=\"twitter:card\" content=\"summary_large_image\" \/>\n<script type=\"application\/ld+json\" class=\"yoast-schema-graph\">{\"@context\":\"https:\\\/\\\/schema.org\",\"@graph\":[{\"@type\":\"WebPage\",\"@id\":\"https:\\\/\\\/nordlinepaadid.ee\\\/et\\\/pood\\\/ru-motorboating-and-motor-accessories\\\/ru-outboard-brackets-and-accessories\\\/paramootori-kaepideme-pikendus-60-100-cm\\\/\",\"url\":\"https:\\\/\\\/nordlinepaadid.ee\\\/et\\\/pood\\\/ru-motorboating-and-motor-accessories\\\/ru-outboard-brackets-and-accessories\\\/paramootori-kaepideme-pikendus-60-100-cm\\\/\",\"name\":\"P\u00c4RAMOOTORI K\u00c4EPIDEME PIKENDUS, 60-100 cm - NORDLINE s\u00f5udepaadid ja mootorpaadid. Klaasfiiber materjalist.\",\"isPartOf\":{\"@id\":\"https:\\\/\\\/nordlinepaadid.ee\\\/et\\\/#website\"},\"primaryImageOfPage\":{\"@id\":\"https:\\\/\\\/nordlinepaadid.ee\\\/et\\\/pood\\\/ru-motorboating-and-motor-accessories\\\/ru-outboard-brackets-and-accessories\\\/paramootori-kaepideme-pikendus-60-100-cm\\\/#primaryimage\"},\"image\":{\"@id\":\"https:\\\/\\\/nordlinepaadid.ee\\\/et\\\/pood\\\/ru-motorboating-and-motor-accessories\\\/ru-outboard-brackets-and-accessories\\\/paramootori-kaepideme-pikendus-60-100-cm\\\/#primaryimage\"},\"thumbnailUrl\":\"https:\\\/\\\/nordlinepaadid.ee\\\/wp-content\\\/uploads\\\/2023\\\/03\\\/2270_G260855.jpg\",\"datePublished\":\"2026-04-07T00:08:45+00:00\",\"dateModified\":\"2026-04-07T21:04:57+00:00\",\"breadcrumb\":{\"@id\":\"https:\\\/\\\/nordlinepaadid.ee\\\/et\\\/pood\\\/ru-motorboating-and-motor-accessories\\\/ru-outboard-brackets-and-accessories\\\/paramootori-kaepideme-pikendus-60-100-cm\\\/#breadcrumb\"},\"inLanguage\":\"et\",\"potentialAction\":[{\"@type\":\"ReadAction\",\"target\":[\"https:\\\/\\\/nordlinepaadid.ee\\\/et\\\/pood\\\/ru-motorboating-and-motor-accessories\\\/ru-outboard-brackets-and-accessories\\\/paramootori-kaepideme-pikendus-60-100-cm\\\/\"]}]},{\"@type\":\"ImageObject\",\"inLanguage\":\"et\",\"@id\":\"https:\\\/\\\/nordlinepaadid.ee\\\/et\\\/pood\\\/ru-motorboating-and-motor-accessories\\\/ru-outboard-brackets-and-accessories\\\/paramootori-kaepideme-pikendus-60-100-cm\\\/#primaryimage\",\"url\":\"https:\\\/\\\/nordlinepaadid.ee\\\/wp-content\\\/uploads\\\/2023\\\/03\\\/2270_G260855.jpg\",\"contentUrl\":\"https:\\\/\\\/nordlinepaadid.ee\\\/wp-content\\\/uploads\\\/2023\\\/03\\\/2270_G260855.jpg\",\"width\":550,\"height\":102},{\"@type\":\"BreadcrumbList\",\"@id\":\"https:\\\/\\\/nordlinepaadid.ee\\\/et\\\/pood\\\/ru-motorboating-and-motor-accessories\\\/ru-outboard-brackets-and-accessories\\\/paramootori-kaepideme-pikendus-60-100-cm\\\/#breadcrumb\",\"itemListElement\":[{\"@type\":\"ListItem\",\"position\":1,\"name\":\"Home\",\"item\":\"https:\\\/\\\/nordlinepaadid.ee\\\/et\\\/\"},{\"@type\":\"ListItem\",\"position\":2,\"name\":\"Pood\",\"item\":\"https:\\\/\\\/nordlinepaadid.ee\\\/et\\\/pood\\\/\"},{\"@type\":\"ListItem\",\"position\":3,\"name\":\"P\u00c4RAMOOTORI K\u00c4EPIDEME PIKENDUS, 60-100 cm\"}]},{\"@type\":\"WebSite\",\"@id\":\"https:\\\/\\\/nordlinepaadid.ee\\\/et\\\/#website\",\"url\":\"https:\\\/\\\/nordlinepaadid.ee\\\/et\\\/\",\"name\":\"NORDLINE s\u00f5udepaadid ja mootorpaadid. Klaasfiiber materjalist.\",\"description\":\"\",\"publisher\":{\"@id\":\"https:\\\/\\\/nordlinepaadid.ee\\\/et\\\/#organization\"},\"potentialAction\":[{\"@type\":\"SearchAction\",\"target\":{\"@type\":\"EntryPoint\",\"urlTemplate\":\"https:\\\/\\\/nordlinepaadid.ee\\\/et\\\/?s={search_term_string}\"},\"query-input\":{\"@type\":\"PropertyValueSpecification\",\"valueRequired\":true,\"valueName\":\"search_term_string\"}}],\"inLanguage\":\"et\"},{\"@type\":\"Organization\",\"@id\":\"https:\\\/\\\/nordlinepaadid.ee\\\/et\\\/#organization\",\"name\":\"Nordlineboats\",\"url\":\"https:\\\/\\\/nordlinepaadid.ee\\\/et\\\/\",\"logo\":{\"@type\":\"ImageObject\",\"inLanguage\":\"et\",\"@id\":\"https:\\\/\\\/nordlinepaadid.ee\\\/et\\\/#\\\/schema\\\/logo\\\/image\\\/\",\"url\":\"https:\\\/\\\/nordlinepaadid.ee\\\/wp-content\\\/uploads\\\/2023\\\/01\\\/fulllogo_transparent_nobuffer-e1672750475494.png\",\"contentUrl\":\"https:\\\/\\\/nordlinepaadid.ee\\\/wp-content\\\/uploads\\\/2023\\\/01\\\/fulllogo_transparent_nobuffer-e1672750475494.png\",\"width\":150,\"height\":119,\"caption\":\"Nordlineboats\"},\"image\":{\"@id\":\"https:\\\/\\\/nordlinepaadid.ee\\\/et\\\/#\\\/schema\\\/logo\\\/image\\\/\"},\"sameAs\":[\"https:\\\/\\\/www.facebook.com\\\/nordlineboats\",\"https:\\\/\\\/www.youtube.com\\\/channel\\\/UCbgF0fy02y3QkFnujaLTaCA\"]}]}<\/script>\n<!-- \/ Yoast SEO plugin. -->","yoast_head_json":{"title":"P\u00c4RAMOOTORI K\u00c4EPIDEME PIKENDUS, 60-100 cm - NORDLINE s\u00f5udepaadid ja mootorpaadid. Klaasfiiber materjalist.","robots":{"index":"index","follow":"follow","max-snippet":"max-snippet:-1","max-image-preview":"max-image-preview:large","max-video-preview":"max-video-preview:-1"},"canonical":"https:\/\/nordlinepaadid.ee\/et\/pood\/ru-motorboating-and-motor-accessories\/ru-outboard-brackets-and-accessories\/paramootori-kaepideme-pikendus-60-100-cm\/","og_locale":"et_EE","og_type":"article","og_title":"P\u00c4RAMOOTORI K\u00c4EPIDEME PIKENDUS, 60-100 cm - NORDLINE s\u00f5udepaadid ja mootorpaadid. Klaasfiiber materjalist.","og_description":"P\u00e4ramootori k\u00e4epideme teleskoop-pikendus. Valmistatud kergmetallist ja k\u00e4epide on kummeeritud. Sobib k\u00f5ikidele p\u00e4ramootoritele. Pikkus: 60-100 cm. &#13;","og_url":"https:\/\/nordlinepaadid.ee\/et\/pood\/ru-motorboating-and-motor-accessories\/ru-outboard-brackets-and-accessories\/paramootori-kaepideme-pikendus-60-100-cm\/","og_site_name":"NORDLINE s\u00f5udepaadid ja mootorpaadid. Klaasfiiber materjalist.","article_publisher":"https:\/\/www.facebook.com\/nordlineboats","article_modified_time":"2026-04-07T21:04:57+00:00","og_image":[{"width":550,"height":102,"url":"https:\/\/nordlinepaadid.ee\/wp-content\/uploads\/2023\/03\/2270_G260855.jpg","type":"image\/jpeg"}],"twitter_card":"summary_large_image","schema":{"@context":"https:\/\/schema.org","@graph":[{"@type":"WebPage","@id":"https:\/\/nordlinepaadid.ee\/et\/pood\/ru-motorboating-and-motor-accessories\/ru-outboard-brackets-and-accessories\/paramootori-kaepideme-pikendus-60-100-cm\/","url":"https:\/\/nordlinepaadid.ee\/et\/pood\/ru-motorboating-and-motor-accessories\/ru-outboard-brackets-and-accessories\/paramootori-kaepideme-pikendus-60-100-cm\/","name":"P\u00c4RAMOOTORI K\u00c4EPIDEME PIKENDUS, 60-100 cm - NORDLINE s\u00f5udepaadid ja mootorpaadid. Klaasfiiber materjalist.","isPartOf":{"@id":"https:\/\/nordlinepaadid.ee\/et\/#website"},"primaryImageOfPage":{"@id":"https:\/\/nordlinepaadid.ee\/et\/pood\/ru-motorboating-and-motor-accessories\/ru-outboard-brackets-and-accessories\/paramootori-kaepideme-pikendus-60-100-cm\/#primaryimage"},"image":{"@id":"https:\/\/nordlinepaadid.ee\/et\/pood\/ru-motorboating-and-motor-accessories\/ru-outboard-brackets-and-accessories\/paramootori-kaepideme-pikendus-60-100-cm\/#primaryimage"},"thumbnailUrl":"https:\/\/nordlinepaadid.ee\/wp-content\/uploads\/2023\/03\/2270_G260855.jpg","datePublished":"2026-04-07T00:08:45+00:00","dateModified":"2026-04-07T21:04:57+00:00","breadcrumb":{"@id":"https:\/\/nordlinepaadid.ee\/et\/pood\/ru-motorboating-and-motor-accessories\/ru-outboard-brackets-and-accessories\/paramootori-kaepideme-pikendus-60-100-cm\/#breadcrumb"},"inLanguage":"et","potentialAction":[{"@type":"ReadAction","target":["https:\/\/nordlinepaadid.ee\/et\/pood\/ru-motorboating-and-motor-accessories\/ru-outboard-brackets-and-accessories\/paramootori-kaepideme-pikendus-60-100-cm\/"]}]},{"@type":"ImageObject","inLanguage":"et","@id":"https:\/\/nordlinepaadid.ee\/et\/pood\/ru-motorboating-and-motor-accessories\/ru-outboard-brackets-and-accessories\/paramootori-kaepideme-pikendus-60-100-cm\/#primaryimage","url":"https:\/\/nordlinepaadid.ee\/wp-content\/uploads\/2023\/03\/2270_G260855.jpg","contentUrl":"https:\/\/nordlinepaadid.ee\/wp-content\/uploads\/2023\/03\/2270_G260855.jpg","width":550,"height":102},{"@type":"BreadcrumbList","@id":"https:\/\/nordlinepaadid.ee\/et\/pood\/ru-motorboating-and-motor-accessories\/ru-outboard-brackets-and-accessories\/paramootori-kaepideme-pikendus-60-100-cm\/#breadcrumb","itemListElement":[{"@type":"ListItem","position":1,"name":"Home","item":"https:\/\/nordlinepaadid.ee\/et\/"},{"@type":"ListItem","position":2,"name":"Pood","item":"https:\/\/nordlinepaadid.ee\/et\/pood\/"},{"@type":"ListItem","position":3,"name":"P\u00c4RAMOOTORI K\u00c4EPIDEME PIKENDUS, 60-100 cm"}]},{"@type":"WebSite","@id":"https:\/\/nordlinepaadid.ee\/et\/#website","url":"https:\/\/nordlinepaadid.ee\/et\/","name":"NORDLINE s\u00f5udepaadid ja mootorpaadid. Klaasfiiber materjalist.","description":"","publisher":{"@id":"https:\/\/nordlinepaadid.ee\/et\/#organization"},"potentialAction":[{"@type":"SearchAction","target":{"@type":"EntryPoint","urlTemplate":"https:\/\/nordlinepaadid.ee\/et\/?s={search_term_string}"},"query-input":{"@type":"PropertyValueSpecification","valueRequired":true,"valueName":"search_term_string"}}],"inLanguage":"et"},{"@type":"Organization","@id":"https:\/\/nordlinepaadid.ee\/et\/#organization","name":"Nordlineboats","url":"https:\/\/nordlinepaadid.ee\/et\/","logo":{"@type":"ImageObject","inLanguage":"et","@id":"https:\/\/nordlinepaadid.ee\/et\/#\/schema\/logo\/image\/","url":"https:\/\/nordlinepaadid.ee\/wp-content\/uploads\/2023\/01\/fulllogo_transparent_nobuffer-e1672750475494.png","contentUrl":"https:\/\/nordlinepaadid.ee\/wp-content\/uploads\/2023\/01\/fulllogo_transparent_nobuffer-e1672750475494.png","width":150,"height":119,"caption":"Nordlineboats"},"image":{"@id":"https:\/\/nordlinepaadid.ee\/et\/#\/schema\/logo\/image\/"},"sameAs":["https:\/\/www.facebook.com\/nordlineboats","https:\/\/www.youtube.com\/channel\/UCbgF0fy02y3QkFnujaLTaCA"]}]}},"taxonomy_info":{"product_cat":[{"value":288,"label":"Mootoritarvikud- ja kinnitused"},{"value":277,"label":"Roolis\u00fcsteemid, Roolid"},{"value":249,"label":"VARUOSAD MOOTORPAATIDELE"},{"value":837,"label":"\u041a\u0440\u0435\u043f\u043b\u0435\u043d\u0438\u044f \u043c\u043e\u0442\u043e\u0440\u0430"},{"value":826,"label":"\u0421\u0438\u0441\u0442\u0435\u043c\u044b \u0440\u0443\u043b\u0435\u0432\u043e\u0433\u043e \u0443\u043f\u0440\u0430\u0432\u043b\u0435\u043d\u0438\u044f, \u0420\u0443\u043b\u0438"}],"pa_producer":[{"value":417,"label":"Osculati"}],"pa_unit":[{"value":416,"label":"pcs"}]},"featured_image_src_large":["https:\/\/nordlinepaadid.ee\/wp-content\/uploads\/2023\/03\/2270_G260855.jpg",550,102,false],"author_info":[],"comment_info":"","_links":{"self":[{"href":"https:\/\/nordlinepaadid.ee\/et\/wp-json\/wp\/v2\/product\/18438","targetHints":{"allow":["GET"]}}],"collection":[{"href":"https:\/\/nordlinepaadid.ee\/et\/wp-json\/wp\/v2\/product"}],"about":[{"href":"https:\/\/nordlinepaadid.ee\/et\/wp-json\/wp\/v2\/types\/product"}],"wp:featuredmedia":[{"embeddable":true,"href":"https:\/\/nordlinepaadid.ee\/et\/wp-json\/wp\/v2\/media\/18439"}],"wp:attachment":[{"href":"https:\/\/nordlinepaadid.ee\/et\/wp-json\/wp\/v2\/media?parent=18438"}],"wp:term":[{"taxonomy":"product_brand","embeddable":true,"href":"https:\/\/nordlinepaadid.ee\/et\/wp-json\/wp\/v2\/product_brand?post=18438"},{"taxonomy":"product_cat","embeddable":true,"href":"https:\/\/nordlinepaadid.ee\/et\/wp-json\/wp\/v2\/product_cat?post=18438"},{"taxonomy":"product_tag","embeddable":true,"href":"https:\/\/nordlinepaadid.ee\/et\/wp-json\/wp\/v2\/product_tag?post=18438"}],"curies":[{"name":"wp","href":"https:\/\/api.w.org\/{rel}","templated":true}]}}