{"id":19077,"date":"2026-04-14T03:06:07","date_gmt":"2026-04-14T00:06:07","guid":{"rendered":"https:\/\/nordlinepaadid.ee\/pood\/waterproof-torch-sub-extreme-led-250-lm\/"},"modified":"2026-04-14T22:04:39","modified_gmt":"2026-04-14T19:04:39","slug":"veekindel-taskulamp-sub-extreme-led-250-lm","status":"publish","type":"product","link":"https:\/\/nordlinepaadid.ee\/et\/pood\/navigation-lights-lanterns\/spotlights-torches\/veekindel-taskulamp-sub-extreme-led-250-lm\/","title":{"rendered":"VEEKINDEL TASKULAMP- SUB-EXTREME LED, 250 lm"},"content":{"rendered":"<p>Sub Extreme taskulamp on varustatud suure j\u00f5udlusega Cree LED pirnidega. Veekindlus kuni 30 m. Valgusj\u00f5ud: 250 luumenit, valgusulatus: 165 m. M\u00f5\u00f5tmed: 182 x 89 mm. Toiteallikas: 2 x C-t\u00fc\u00fcpi patareid (ei kuulu komplekti). H\u00e4stin\u00e4htav neoonkollane korpus.<\/p>\n","protected":false},"excerpt":{"rendered":"<p>Sub Extreme taskulamp on varustatud suure j\u00f5udlusega Cree LED pirnidega. Veekindlus kuni 30 m. Valgusj\u00f5ud: 250 luumenit, valgusulatus: 165 m. M\u00f5\u00f5tmed: 182 x 89 mm. Toiteallikas: 2 x C-t\u00fc\u00fcpi patareid (ei kuulu komplekti). H\u00e4stin\u00e4htav neoonkollane korpus.<\/p>\n","protected":false},"featured_media":19078,"template":"","meta":{"_kad_blocks_custom_css":"","_kad_blocks_head_custom_js":"","_kad_blocks_body_custom_js":"","_kad_blocks_footer_custom_js":"","_kad_post_transparent":"","_kad_post_title":"","_kad_post_layout":"","_kad_post_sidebar_id":"","_kad_post_content_style":"","_kad_post_vertical_padding":"","_kad_post_feature":"","_kad_post_feature_position":"","_kad_post_header":false,"_kad_post_footer":false,"_kad_post_classname":""},"product_brand":[],"product_cat":[238,253],"product_tag":[],"class_list":{"0":"post-19077","1":"product","2":"type-product","3":"status-publish","4":"has-post-thumbnail","6":"product_cat-navigation-lights-lanterns","7":"product_cat-spotlights-torches","8":"product_shipping_class-pakiautomaati-mahtuv-kaup","9":"pa_producer-osculati","10":"pa_unit-pcs","11":"tm-no-options","13":"first","14":"onbackorder","15":"sale","16":"taxable","17":"shipping-taxable","18":"purchasable","19":"product-type-simple","20":"entry","21":"content-bg","22":"loop-entry"},"yoast_head":"<!-- This site is optimized with the Yoast SEO plugin v27.3 - https:\/\/yoast.com\/product\/yoast-seo-wordpress\/ -->\n<title>VEEKINDEL TASKULAMP- SUB-EXTREME LED, 250 lm - NORDLINE s\u00f5udepaadid ja mootorpaadid. Klaasfiiber materjalist.<\/title>\n<meta name=\"robots\" content=\"index, follow, max-snippet:-1, max-image-preview:large, max-video-preview:-1\" \/>\n<link rel=\"canonical\" href=\"https:\/\/nordlinepaadid.ee\/et\/pood\/navigation-lights-lanterns\/spotlights-torches\/veekindel-taskulamp-sub-extreme-led-250-lm\/\" \/>\n<meta property=\"og:locale\" content=\"et_EE\" \/>\n<meta property=\"og:type\" content=\"article\" \/>\n<meta property=\"og:title\" content=\"VEEKINDEL TASKULAMP- SUB-EXTREME LED, 250 lm - NORDLINE s\u00f5udepaadid ja mootorpaadid. Klaasfiiber materjalist.\" \/>\n<meta property=\"og:description\" content=\"Sub Extreme taskulamp on varustatud suure j\u00f5udlusega Cree LED pirnidega. Veekindlus kuni 30 m. Valgusj\u00f5ud: 250 luumenit, valgusulatus: 165 m. M\u00f5\u00f5tmed: 182 x 89 mm. Toiteallikas: 2 x C-t\u00fc\u00fcpi patareid (ei kuulu komplekti). H\u00e4stin\u00e4htav neoonkollane korpus.\" \/>\n<meta property=\"og:url\" content=\"https:\/\/nordlinepaadid.ee\/et\/pood\/navigation-lights-lanterns\/spotlights-torches\/veekindel-taskulamp-sub-extreme-led-250-lm\/\" \/>\n<meta property=\"og:site_name\" content=\"NORDLINE s\u00f5udepaadid ja mootorpaadid. Klaasfiiber materjalist.\" \/>\n<meta property=\"article:publisher\" content=\"https:\/\/www.facebook.com\/nordlineboats\" \/>\n<meta property=\"article:modified_time\" content=\"2026-04-14T19:04:39+00:00\" \/>\n<meta property=\"og:image\" content=\"https:\/\/nordlinepaadid.ee\/wp-content\/uploads\/2023\/03\/2700_EN_12.170.02A.jpg\" \/>\n\t<meta property=\"og:image:width\" content=\"800\" \/>\n\t<meta property=\"og:image:height\" content=\"364\" \/>\n\t<meta property=\"og:image:type\" content=\"image\/jpeg\" \/>\n<meta name=\"twitter:card\" content=\"summary_large_image\" \/>\n<script type=\"application\/ld+json\" class=\"yoast-schema-graph\">{\"@context\":\"https:\\\/\\\/schema.org\",\"@graph\":[{\"@type\":\"WebPage\",\"@id\":\"https:\\\/\\\/nordlinepaadid.ee\\\/et\\\/pood\\\/navigation-lights-lanterns\\\/spotlights-torches\\\/veekindel-taskulamp-sub-extreme-led-250-lm\\\/\",\"url\":\"https:\\\/\\\/nordlinepaadid.ee\\\/et\\\/pood\\\/navigation-lights-lanterns\\\/spotlights-torches\\\/veekindel-taskulamp-sub-extreme-led-250-lm\\\/\",\"name\":\"VEEKINDEL TASKULAMP- SUB-EXTREME LED, 250 lm - NORDLINE s\u00f5udepaadid ja mootorpaadid. Klaasfiiber materjalist.\",\"isPartOf\":{\"@id\":\"https:\\\/\\\/nordlinepaadid.ee\\\/et\\\/#website\"},\"primaryImageOfPage\":{\"@id\":\"https:\\\/\\\/nordlinepaadid.ee\\\/et\\\/pood\\\/navigation-lights-lanterns\\\/spotlights-torches\\\/veekindel-taskulamp-sub-extreme-led-250-lm\\\/#primaryimage\"},\"image\":{\"@id\":\"https:\\\/\\\/nordlinepaadid.ee\\\/et\\\/pood\\\/navigation-lights-lanterns\\\/spotlights-torches\\\/veekindel-taskulamp-sub-extreme-led-250-lm\\\/#primaryimage\"},\"thumbnailUrl\":\"https:\\\/\\\/nordlinepaadid.ee\\\/wp-content\\\/uploads\\\/2023\\\/03\\\/2700_EN_12.170.02A.jpg\",\"datePublished\":\"2026-04-14T00:06:07+00:00\",\"dateModified\":\"2026-04-14T19:04:39+00:00\",\"breadcrumb\":{\"@id\":\"https:\\\/\\\/nordlinepaadid.ee\\\/et\\\/pood\\\/navigation-lights-lanterns\\\/spotlights-torches\\\/veekindel-taskulamp-sub-extreme-led-250-lm\\\/#breadcrumb\"},\"inLanguage\":\"et\",\"potentialAction\":[{\"@type\":\"ReadAction\",\"target\":[\"https:\\\/\\\/nordlinepaadid.ee\\\/et\\\/pood\\\/navigation-lights-lanterns\\\/spotlights-torches\\\/veekindel-taskulamp-sub-extreme-led-250-lm\\\/\"]}]},{\"@type\":\"ImageObject\",\"inLanguage\":\"et\",\"@id\":\"https:\\\/\\\/nordlinepaadid.ee\\\/et\\\/pood\\\/navigation-lights-lanterns\\\/spotlights-torches\\\/veekindel-taskulamp-sub-extreme-led-250-lm\\\/#primaryimage\",\"url\":\"https:\\\/\\\/nordlinepaadid.ee\\\/wp-content\\\/uploads\\\/2023\\\/03\\\/2700_EN_12.170.02A.jpg\",\"contentUrl\":\"https:\\\/\\\/nordlinepaadid.ee\\\/wp-content\\\/uploads\\\/2023\\\/03\\\/2700_EN_12.170.02A.jpg\",\"width\":800,\"height\":364},{\"@type\":\"BreadcrumbList\",\"@id\":\"https:\\\/\\\/nordlinepaadid.ee\\\/et\\\/pood\\\/navigation-lights-lanterns\\\/spotlights-torches\\\/veekindel-taskulamp-sub-extreme-led-250-lm\\\/#breadcrumb\",\"itemListElement\":[{\"@type\":\"ListItem\",\"position\":1,\"name\":\"Home\",\"item\":\"https:\\\/\\\/nordlinepaadid.ee\\\/et\\\/\"},{\"@type\":\"ListItem\",\"position\":2,\"name\":\"Pood\",\"item\":\"https:\\\/\\\/nordlinepaadid.ee\\\/et\\\/pood\\\/\"},{\"@type\":\"ListItem\",\"position\":3,\"name\":\"VEEKINDEL TASKULAMP- SUB-EXTREME LED, 250 lm\"}]},{\"@type\":\"WebSite\",\"@id\":\"https:\\\/\\\/nordlinepaadid.ee\\\/et\\\/#website\",\"url\":\"https:\\\/\\\/nordlinepaadid.ee\\\/et\\\/\",\"name\":\"NORDLINE s\u00f5udepaadid ja mootorpaadid. Klaasfiiber materjalist.\",\"description\":\"\",\"publisher\":{\"@id\":\"https:\\\/\\\/nordlinepaadid.ee\\\/et\\\/#organization\"},\"potentialAction\":[{\"@type\":\"SearchAction\",\"target\":{\"@type\":\"EntryPoint\",\"urlTemplate\":\"https:\\\/\\\/nordlinepaadid.ee\\\/et\\\/?s={search_term_string}\"},\"query-input\":{\"@type\":\"PropertyValueSpecification\",\"valueRequired\":true,\"valueName\":\"search_term_string\"}}],\"inLanguage\":\"et\"},{\"@type\":\"Organization\",\"@id\":\"https:\\\/\\\/nordlinepaadid.ee\\\/et\\\/#organization\",\"name\":\"Nordlineboats\",\"url\":\"https:\\\/\\\/nordlinepaadid.ee\\\/et\\\/\",\"logo\":{\"@type\":\"ImageObject\",\"inLanguage\":\"et\",\"@id\":\"https:\\\/\\\/nordlinepaadid.ee\\\/et\\\/#\\\/schema\\\/logo\\\/image\\\/\",\"url\":\"https:\\\/\\\/nordlinepaadid.ee\\\/wp-content\\\/uploads\\\/2023\\\/01\\\/fulllogo_transparent_nobuffer-e1672750475494.png\",\"contentUrl\":\"https:\\\/\\\/nordlinepaadid.ee\\\/wp-content\\\/uploads\\\/2023\\\/01\\\/fulllogo_transparent_nobuffer-e1672750475494.png\",\"width\":150,\"height\":119,\"caption\":\"Nordlineboats\"},\"image\":{\"@id\":\"https:\\\/\\\/nordlinepaadid.ee\\\/et\\\/#\\\/schema\\\/logo\\\/image\\\/\"},\"sameAs\":[\"https:\\\/\\\/www.facebook.com\\\/nordlineboats\",\"https:\\\/\\\/www.youtube.com\\\/channel\\\/UCbgF0fy02y3QkFnujaLTaCA\"]}]}<\/script>\n<!-- \/ Yoast SEO plugin. -->","yoast_head_json":{"title":"VEEKINDEL TASKULAMP- SUB-EXTREME LED, 250 lm - NORDLINE s\u00f5udepaadid ja mootorpaadid. Klaasfiiber materjalist.","robots":{"index":"index","follow":"follow","max-snippet":"max-snippet:-1","max-image-preview":"max-image-preview:large","max-video-preview":"max-video-preview:-1"},"canonical":"https:\/\/nordlinepaadid.ee\/et\/pood\/navigation-lights-lanterns\/spotlights-torches\/veekindel-taskulamp-sub-extreme-led-250-lm\/","og_locale":"et_EE","og_type":"article","og_title":"VEEKINDEL TASKULAMP- SUB-EXTREME LED, 250 lm - NORDLINE s\u00f5udepaadid ja mootorpaadid. Klaasfiiber materjalist.","og_description":"Sub Extreme taskulamp on varustatud suure j\u00f5udlusega Cree LED pirnidega. Veekindlus kuni 30 m. Valgusj\u00f5ud: 250 luumenit, valgusulatus: 165 m. M\u00f5\u00f5tmed: 182 x 89 mm. Toiteallikas: 2 x C-t\u00fc\u00fcpi patareid (ei kuulu komplekti). H\u00e4stin\u00e4htav neoonkollane korpus.","og_url":"https:\/\/nordlinepaadid.ee\/et\/pood\/navigation-lights-lanterns\/spotlights-torches\/veekindel-taskulamp-sub-extreme-led-250-lm\/","og_site_name":"NORDLINE s\u00f5udepaadid ja mootorpaadid. Klaasfiiber materjalist.","article_publisher":"https:\/\/www.facebook.com\/nordlineboats","article_modified_time":"2026-04-14T19:04:39+00:00","og_image":[{"width":800,"height":364,"url":"https:\/\/nordlinepaadid.ee\/wp-content\/uploads\/2023\/03\/2700_EN_12.170.02A.jpg","type":"image\/jpeg"}],"twitter_card":"summary_large_image","schema":{"@context":"https:\/\/schema.org","@graph":[{"@type":"WebPage","@id":"https:\/\/nordlinepaadid.ee\/et\/pood\/navigation-lights-lanterns\/spotlights-torches\/veekindel-taskulamp-sub-extreme-led-250-lm\/","url":"https:\/\/nordlinepaadid.ee\/et\/pood\/navigation-lights-lanterns\/spotlights-torches\/veekindel-taskulamp-sub-extreme-led-250-lm\/","name":"VEEKINDEL TASKULAMP- SUB-EXTREME LED, 250 lm - NORDLINE s\u00f5udepaadid ja mootorpaadid. Klaasfiiber materjalist.","isPartOf":{"@id":"https:\/\/nordlinepaadid.ee\/et\/#website"},"primaryImageOfPage":{"@id":"https:\/\/nordlinepaadid.ee\/et\/pood\/navigation-lights-lanterns\/spotlights-torches\/veekindel-taskulamp-sub-extreme-led-250-lm\/#primaryimage"},"image":{"@id":"https:\/\/nordlinepaadid.ee\/et\/pood\/navigation-lights-lanterns\/spotlights-torches\/veekindel-taskulamp-sub-extreme-led-250-lm\/#primaryimage"},"thumbnailUrl":"https:\/\/nordlinepaadid.ee\/wp-content\/uploads\/2023\/03\/2700_EN_12.170.02A.jpg","datePublished":"2026-04-14T00:06:07+00:00","dateModified":"2026-04-14T19:04:39+00:00","breadcrumb":{"@id":"https:\/\/nordlinepaadid.ee\/et\/pood\/navigation-lights-lanterns\/spotlights-torches\/veekindel-taskulamp-sub-extreme-led-250-lm\/#breadcrumb"},"inLanguage":"et","potentialAction":[{"@type":"ReadAction","target":["https:\/\/nordlinepaadid.ee\/et\/pood\/navigation-lights-lanterns\/spotlights-torches\/veekindel-taskulamp-sub-extreme-led-250-lm\/"]}]},{"@type":"ImageObject","inLanguage":"et","@id":"https:\/\/nordlinepaadid.ee\/et\/pood\/navigation-lights-lanterns\/spotlights-torches\/veekindel-taskulamp-sub-extreme-led-250-lm\/#primaryimage","url":"https:\/\/nordlinepaadid.ee\/wp-content\/uploads\/2023\/03\/2700_EN_12.170.02A.jpg","contentUrl":"https:\/\/nordlinepaadid.ee\/wp-content\/uploads\/2023\/03\/2700_EN_12.170.02A.jpg","width":800,"height":364},{"@type":"BreadcrumbList","@id":"https:\/\/nordlinepaadid.ee\/et\/pood\/navigation-lights-lanterns\/spotlights-torches\/veekindel-taskulamp-sub-extreme-led-250-lm\/#breadcrumb","itemListElement":[{"@type":"ListItem","position":1,"name":"Home","item":"https:\/\/nordlinepaadid.ee\/et\/"},{"@type":"ListItem","position":2,"name":"Pood","item":"https:\/\/nordlinepaadid.ee\/et\/pood\/"},{"@type":"ListItem","position":3,"name":"VEEKINDEL TASKULAMP- SUB-EXTREME LED, 250 lm"}]},{"@type":"WebSite","@id":"https:\/\/nordlinepaadid.ee\/et\/#website","url":"https:\/\/nordlinepaadid.ee\/et\/","name":"NORDLINE s\u00f5udepaadid ja mootorpaadid. Klaasfiiber materjalist.","description":"","publisher":{"@id":"https:\/\/nordlinepaadid.ee\/et\/#organization"},"potentialAction":[{"@type":"SearchAction","target":{"@type":"EntryPoint","urlTemplate":"https:\/\/nordlinepaadid.ee\/et\/?s={search_term_string}"},"query-input":{"@type":"PropertyValueSpecification","valueRequired":true,"valueName":"search_term_string"}}],"inLanguage":"et"},{"@type":"Organization","@id":"https:\/\/nordlinepaadid.ee\/et\/#organization","name":"Nordlineboats","url":"https:\/\/nordlinepaadid.ee\/et\/","logo":{"@type":"ImageObject","inLanguage":"et","@id":"https:\/\/nordlinepaadid.ee\/et\/#\/schema\/logo\/image\/","url":"https:\/\/nordlinepaadid.ee\/wp-content\/uploads\/2023\/01\/fulllogo_transparent_nobuffer-e1672750475494.png","contentUrl":"https:\/\/nordlinepaadid.ee\/wp-content\/uploads\/2023\/01\/fulllogo_transparent_nobuffer-e1672750475494.png","width":150,"height":119,"caption":"Nordlineboats"},"image":{"@id":"https:\/\/nordlinepaadid.ee\/et\/#\/schema\/logo\/image\/"},"sameAs":["https:\/\/www.facebook.com\/nordlineboats","https:\/\/www.youtube.com\/channel\/UCbgF0fy02y3QkFnujaLTaCA"]}]}},"taxonomy_info":{"product_cat":[{"value":238,"label":"NAVIGATSIOONITULED, LAMBID"},{"value":253,"label":"Prozhektorid, Taskulambid"}],"pa_producer":[{"value":417,"label":"Osculati"}],"pa_unit":[{"value":416,"label":"pcs"}]},"featured_image_src_large":["https:\/\/nordlinepaadid.ee\/wp-content\/uploads\/2023\/03\/2700_EN_12.170.02A.jpg",800,364,false],"author_info":[],"comment_info":"","_links":{"self":[{"href":"https:\/\/nordlinepaadid.ee\/et\/wp-json\/wp\/v2\/product\/19077","targetHints":{"allow":["GET"]}}],"collection":[{"href":"https:\/\/nordlinepaadid.ee\/et\/wp-json\/wp\/v2\/product"}],"about":[{"href":"https:\/\/nordlinepaadid.ee\/et\/wp-json\/wp\/v2\/types\/product"}],"wp:featuredmedia":[{"embeddable":true,"href":"https:\/\/nordlinepaadid.ee\/et\/wp-json\/wp\/v2\/media\/19078"}],"wp:attachment":[{"href":"https:\/\/nordlinepaadid.ee\/et\/wp-json\/wp\/v2\/media?parent=19077"}],"wp:term":[{"taxonomy":"product_brand","embeddable":true,"href":"https:\/\/nordlinepaadid.ee\/et\/wp-json\/wp\/v2\/product_brand?post=19077"},{"taxonomy":"product_cat","embeddable":true,"href":"https:\/\/nordlinepaadid.ee\/et\/wp-json\/wp\/v2\/product_cat?post=19077"},{"taxonomy":"product_tag","embeddable":true,"href":"https:\/\/nordlinepaadid.ee\/et\/wp-json\/wp\/v2\/product_tag?post=19077"}],"curies":[{"name":"wp","href":"https:\/\/api.w.org\/{rel}","templated":true}]}}