{"id":19205,"date":"2026-04-07T03:10:25","date_gmt":"2026-04-07T00:10:25","guid":{"rendered":"https:\/\/nordlinepaadid.ee\/pood\/canoeing-vest-baltic-dinghy-pro-50-n-90-kg\/"},"modified":"2026-04-08T12:04:47","modified_gmt":"2026-04-08T09:04:47","slug":"kanuu-vest-baltic-dinghy-pro-50-n-90-kg","status":"publish","type":"product","link":"https:\/\/nordlinepaadid.ee\/et\/pood\/paastevahendid\/paastevestid-ohutusvestid\/kanuu-vest-baltic-dinghy-pro-50-n-90-kg\/","title":{"rendered":"KANUU VEST- BALTIC DINGHY PRO 50 N, 90+ kg"},"content":{"rendered":"<p>Professionaalne vest kanuusportlastele. Baltic Dinghy Pro vesti kasutavad Rootsi ol\u00fcmpiakoondislased ja paljud teised maailma selle ala tipptegijad. Selle \u00fclimugava vesti valmistamiseks on kasutatud Airex pressitud vahtu, mis omakorda on seotud ja kaetud lamineeritud pol\u00fcester vahuga. Vesti ees on Mylar materjalist tasku ja vest on avatav tugeva ja vastupidava Delrin t\u00f5mblukuga. Vesti allservas Velcro kiirkinnitused.<\/p>\n<p><iframe loading=\"lazy\" allowfullscreen=\"\" frameborder=\"0\" height=\"360\" src=\"\/\/www.youtube.com\/embed\/zn-_vKEyBdI\" width=\"640\"><\/iframe><\/p>\n<p>&#13;<\/p>\n","protected":false},"excerpt":{"rendered":"<p>Professionaalne vest kanuusportlastele. Baltic Dinghy Pro vesti kasutavad Rootsi ol\u00fcmpiakoondislased ja paljud teised maailma selle ala tipptegijad. Selle \u00fclimugava vesti valmistamiseks on kasutatud Airex pressitud vahtu, mis omakorda on seotud ja kaetud lamineeritud pol\u00fcester vahuga. Vesti ees on Mylar materjalist tasku ja vest on avatav tugeva ja vastupidava Delrin t\u00f5mblukuga. Vesti allservas Velcro kiirkinnitused. &#13;<\/p>\n","protected":false},"featured_media":19197,"template":"","meta":{"_kad_blocks_custom_css":"","_kad_blocks_head_custom_js":"","_kad_blocks_body_custom_js":"","_kad_blocks_footer_custom_js":"","_kad_post_transparent":"","_kad_post_title":"","_kad_post_layout":"","_kad_post_sidebar_id":"","_kad_post_content_style":"","_kad_post_vertical_padding":"","_kad_post_feature":"","_kad_post_feature_position":"","_kad_post_header":false,"_kad_post_footer":false,"_kad_post_classname":""},"product_brand":[],"product_cat":[230,236],"product_tag":[],"class_list":{"0":"post-19205","1":"product","2":"type-product","3":"status-publish","4":"has-post-thumbnail","6":"product_cat-paastevahendid","7":"product_cat-paastevestid-ohutusvestid","8":"product_shipping_class-pakiautomaati-mahtuv-kaup","9":"pa_color-must","10":"pa_producer-baltic","11":"pa_unit-pcs","12":"tm-no-options","14":"first","15":"onbackorder","16":"taxable","17":"shipping-taxable","18":"purchasable","19":"product-type-simple","20":"entry","21":"content-bg","22":"loop-entry"},"yoast_head":"<!-- This site is optimized with the Yoast SEO plugin v27.3 - https:\/\/yoast.com\/product\/yoast-seo-wordpress\/ -->\n<title>KANUU VEST- BALTIC DINGHY PRO 50 N, 90+ kg - NORDLINE s\u00f5udepaadid ja mootorpaadid. Klaasfiiber materjalist.<\/title>\n<meta name=\"robots\" content=\"index, follow, max-snippet:-1, max-image-preview:large, max-video-preview:-1\" \/>\n<link rel=\"canonical\" href=\"https:\/\/nordlinepaadid.ee\/et\/pood\/paastevahendid\/paastevestid-ohutusvestid\/kanuu-vest-baltic-dinghy-pro-50-n-90-kg\/\" \/>\n<meta property=\"og:locale\" content=\"et_EE\" \/>\n<meta property=\"og:type\" content=\"article\" \/>\n<meta property=\"og:title\" content=\"KANUU VEST- BALTIC DINGHY PRO 50 N, 90+ kg - NORDLINE s\u00f5udepaadid ja mootorpaadid. Klaasfiiber materjalist.\" \/>\n<meta property=\"og:description\" content=\"Professionaalne vest kanuusportlastele. Baltic Dinghy Pro vesti kasutavad Rootsi ol\u00fcmpiakoondislased ja paljud teised maailma selle ala tipptegijad. Selle \u00fclimugava vesti valmistamiseks on kasutatud Airex pressitud vahtu, mis omakorda on seotud ja kaetud lamineeritud pol\u00fcester vahuga. Vesti ees on Mylar materjalist tasku ja vest on avatav tugeva ja vastupidava Delrin t\u00f5mblukuga. Vesti allservas Velcro kiirkinnitused. &#013;\" \/>\n<meta property=\"og:url\" content=\"https:\/\/nordlinepaadid.ee\/et\/pood\/paastevahendid\/paastevestid-ohutusvestid\/kanuu-vest-baltic-dinghy-pro-50-n-90-kg\/\" \/>\n<meta property=\"og:site_name\" content=\"NORDLINE s\u00f5udepaadid ja mootorpaadid. Klaasfiiber materjalist.\" \/>\n<meta property=\"article:publisher\" content=\"https:\/\/www.facebook.com\/nordlineboats\" \/>\n<meta property=\"article:modified_time\" content=\"2026-04-08T09:04:47+00:00\" \/>\n<meta property=\"og:image\" content=\"https:\/\/nordlinepaadid.ee\/wp-content\/uploads\/2023\/03\/2156_baltic_dinghy_pro_50-70_kg_svartgra-22343872-frntl.jpg\" \/>\n\t<meta property=\"og:image:width\" content=\"500\" \/>\n\t<meta property=\"og:image:height\" content=\"500\" \/>\n\t<meta property=\"og:image:type\" content=\"image\/jpeg\" \/>\n<meta name=\"twitter:card\" content=\"summary_large_image\" \/>\n<script type=\"application\/ld+json\" class=\"yoast-schema-graph\">{\"@context\":\"https:\\\/\\\/schema.org\",\"@graph\":[{\"@type\":\"WebPage\",\"@id\":\"https:\\\/\\\/nordlinepaadid.ee\\\/et\\\/pood\\\/paastevahendid\\\/paastevestid-ohutusvestid\\\/kanuu-vest-baltic-dinghy-pro-50-n-90-kg\\\/\",\"url\":\"https:\\\/\\\/nordlinepaadid.ee\\\/et\\\/pood\\\/paastevahendid\\\/paastevestid-ohutusvestid\\\/kanuu-vest-baltic-dinghy-pro-50-n-90-kg\\\/\",\"name\":\"KANUU VEST- BALTIC DINGHY PRO 50 N, 90+ kg - NORDLINE s\u00f5udepaadid ja mootorpaadid. Klaasfiiber materjalist.\",\"isPartOf\":{\"@id\":\"https:\\\/\\\/nordlinepaadid.ee\\\/et\\\/#website\"},\"primaryImageOfPage\":{\"@id\":\"https:\\\/\\\/nordlinepaadid.ee\\\/et\\\/pood\\\/paastevahendid\\\/paastevestid-ohutusvestid\\\/kanuu-vest-baltic-dinghy-pro-50-n-90-kg\\\/#primaryimage\"},\"image\":{\"@id\":\"https:\\\/\\\/nordlinepaadid.ee\\\/et\\\/pood\\\/paastevahendid\\\/paastevestid-ohutusvestid\\\/kanuu-vest-baltic-dinghy-pro-50-n-90-kg\\\/#primaryimage\"},\"thumbnailUrl\":\"https:\\\/\\\/nordlinepaadid.ee\\\/wp-content\\\/uploads\\\/2023\\\/03\\\/2156_baltic_dinghy_pro_50-70_kg_svartgra-22343872-frntl.jpg\",\"datePublished\":\"2026-04-07T00:10:25+00:00\",\"dateModified\":\"2026-04-08T09:04:47+00:00\",\"breadcrumb\":{\"@id\":\"https:\\\/\\\/nordlinepaadid.ee\\\/et\\\/pood\\\/paastevahendid\\\/paastevestid-ohutusvestid\\\/kanuu-vest-baltic-dinghy-pro-50-n-90-kg\\\/#breadcrumb\"},\"inLanguage\":\"et\",\"potentialAction\":[{\"@type\":\"ReadAction\",\"target\":[\"https:\\\/\\\/nordlinepaadid.ee\\\/et\\\/pood\\\/paastevahendid\\\/paastevestid-ohutusvestid\\\/kanuu-vest-baltic-dinghy-pro-50-n-90-kg\\\/\"]}]},{\"@type\":\"ImageObject\",\"inLanguage\":\"et\",\"@id\":\"https:\\\/\\\/nordlinepaadid.ee\\\/et\\\/pood\\\/paastevahendid\\\/paastevestid-ohutusvestid\\\/kanuu-vest-baltic-dinghy-pro-50-n-90-kg\\\/#primaryimage\",\"url\":\"https:\\\/\\\/nordlinepaadid.ee\\\/wp-content\\\/uploads\\\/2023\\\/03\\\/2156_baltic_dinghy_pro_50-70_kg_svartgra-22343872-frntl.jpg\",\"contentUrl\":\"https:\\\/\\\/nordlinepaadid.ee\\\/wp-content\\\/uploads\\\/2023\\\/03\\\/2156_baltic_dinghy_pro_50-70_kg_svartgra-22343872-frntl.jpg\",\"width\":500,\"height\":500},{\"@type\":\"BreadcrumbList\",\"@id\":\"https:\\\/\\\/nordlinepaadid.ee\\\/et\\\/pood\\\/paastevahendid\\\/paastevestid-ohutusvestid\\\/kanuu-vest-baltic-dinghy-pro-50-n-90-kg\\\/#breadcrumb\",\"itemListElement\":[{\"@type\":\"ListItem\",\"position\":1,\"name\":\"Home\",\"item\":\"https:\\\/\\\/nordlinepaadid.ee\\\/et\\\/\"},{\"@type\":\"ListItem\",\"position\":2,\"name\":\"Pood\",\"item\":\"https:\\\/\\\/nordlinepaadid.ee\\\/et\\\/pood\\\/\"},{\"@type\":\"ListItem\",\"position\":3,\"name\":\"KANUU VEST- BALTIC DINGHY PRO 50 N, 90+ kg\"}]},{\"@type\":\"WebSite\",\"@id\":\"https:\\\/\\\/nordlinepaadid.ee\\\/et\\\/#website\",\"url\":\"https:\\\/\\\/nordlinepaadid.ee\\\/et\\\/\",\"name\":\"NORDLINE s\u00f5udepaadid ja mootorpaadid. Klaasfiiber materjalist.\",\"description\":\"\",\"publisher\":{\"@id\":\"https:\\\/\\\/nordlinepaadid.ee\\\/et\\\/#organization\"},\"potentialAction\":[{\"@type\":\"SearchAction\",\"target\":{\"@type\":\"EntryPoint\",\"urlTemplate\":\"https:\\\/\\\/nordlinepaadid.ee\\\/et\\\/?s={search_term_string}\"},\"query-input\":{\"@type\":\"PropertyValueSpecification\",\"valueRequired\":true,\"valueName\":\"search_term_string\"}}],\"inLanguage\":\"et\"},{\"@type\":\"Organization\",\"@id\":\"https:\\\/\\\/nordlinepaadid.ee\\\/et\\\/#organization\",\"name\":\"Nordlineboats\",\"url\":\"https:\\\/\\\/nordlinepaadid.ee\\\/et\\\/\",\"logo\":{\"@type\":\"ImageObject\",\"inLanguage\":\"et\",\"@id\":\"https:\\\/\\\/nordlinepaadid.ee\\\/et\\\/#\\\/schema\\\/logo\\\/image\\\/\",\"url\":\"https:\\\/\\\/nordlinepaadid.ee\\\/wp-content\\\/uploads\\\/2023\\\/01\\\/fulllogo_transparent_nobuffer-e1672750475494.png\",\"contentUrl\":\"https:\\\/\\\/nordlinepaadid.ee\\\/wp-content\\\/uploads\\\/2023\\\/01\\\/fulllogo_transparent_nobuffer-e1672750475494.png\",\"width\":150,\"height\":119,\"caption\":\"Nordlineboats\"},\"image\":{\"@id\":\"https:\\\/\\\/nordlinepaadid.ee\\\/et\\\/#\\\/schema\\\/logo\\\/image\\\/\"},\"sameAs\":[\"https:\\\/\\\/www.facebook.com\\\/nordlineboats\",\"https:\\\/\\\/www.youtube.com\\\/channel\\\/UCbgF0fy02y3QkFnujaLTaCA\"]}]}<\/script>\n<!-- \/ Yoast SEO plugin. -->","yoast_head_json":{"title":"KANUU VEST- BALTIC DINGHY PRO 50 N, 90+ kg - NORDLINE s\u00f5udepaadid ja mootorpaadid. Klaasfiiber materjalist.","robots":{"index":"index","follow":"follow","max-snippet":"max-snippet:-1","max-image-preview":"max-image-preview:large","max-video-preview":"max-video-preview:-1"},"canonical":"https:\/\/nordlinepaadid.ee\/et\/pood\/paastevahendid\/paastevestid-ohutusvestid\/kanuu-vest-baltic-dinghy-pro-50-n-90-kg\/","og_locale":"et_EE","og_type":"article","og_title":"KANUU VEST- BALTIC DINGHY PRO 50 N, 90+ kg - NORDLINE s\u00f5udepaadid ja mootorpaadid. Klaasfiiber materjalist.","og_description":"Professionaalne vest kanuusportlastele. Baltic Dinghy Pro vesti kasutavad Rootsi ol\u00fcmpiakoondislased ja paljud teised maailma selle ala tipptegijad. Selle \u00fclimugava vesti valmistamiseks on kasutatud Airex pressitud vahtu, mis omakorda on seotud ja kaetud lamineeritud pol\u00fcester vahuga. Vesti ees on Mylar materjalist tasku ja vest on avatav tugeva ja vastupidava Delrin t\u00f5mblukuga. Vesti allservas Velcro kiirkinnitused. &#13;","og_url":"https:\/\/nordlinepaadid.ee\/et\/pood\/paastevahendid\/paastevestid-ohutusvestid\/kanuu-vest-baltic-dinghy-pro-50-n-90-kg\/","og_site_name":"NORDLINE s\u00f5udepaadid ja mootorpaadid. Klaasfiiber materjalist.","article_publisher":"https:\/\/www.facebook.com\/nordlineboats","article_modified_time":"2026-04-08T09:04:47+00:00","og_image":[{"width":500,"height":500,"url":"https:\/\/nordlinepaadid.ee\/wp-content\/uploads\/2023\/03\/2156_baltic_dinghy_pro_50-70_kg_svartgra-22343872-frntl.jpg","type":"image\/jpeg"}],"twitter_card":"summary_large_image","schema":{"@context":"https:\/\/schema.org","@graph":[{"@type":"WebPage","@id":"https:\/\/nordlinepaadid.ee\/et\/pood\/paastevahendid\/paastevestid-ohutusvestid\/kanuu-vest-baltic-dinghy-pro-50-n-90-kg\/","url":"https:\/\/nordlinepaadid.ee\/et\/pood\/paastevahendid\/paastevestid-ohutusvestid\/kanuu-vest-baltic-dinghy-pro-50-n-90-kg\/","name":"KANUU VEST- BALTIC DINGHY PRO 50 N, 90+ kg - NORDLINE s\u00f5udepaadid ja mootorpaadid. Klaasfiiber materjalist.","isPartOf":{"@id":"https:\/\/nordlinepaadid.ee\/et\/#website"},"primaryImageOfPage":{"@id":"https:\/\/nordlinepaadid.ee\/et\/pood\/paastevahendid\/paastevestid-ohutusvestid\/kanuu-vest-baltic-dinghy-pro-50-n-90-kg\/#primaryimage"},"image":{"@id":"https:\/\/nordlinepaadid.ee\/et\/pood\/paastevahendid\/paastevestid-ohutusvestid\/kanuu-vest-baltic-dinghy-pro-50-n-90-kg\/#primaryimage"},"thumbnailUrl":"https:\/\/nordlinepaadid.ee\/wp-content\/uploads\/2023\/03\/2156_baltic_dinghy_pro_50-70_kg_svartgra-22343872-frntl.jpg","datePublished":"2026-04-07T00:10:25+00:00","dateModified":"2026-04-08T09:04:47+00:00","breadcrumb":{"@id":"https:\/\/nordlinepaadid.ee\/et\/pood\/paastevahendid\/paastevestid-ohutusvestid\/kanuu-vest-baltic-dinghy-pro-50-n-90-kg\/#breadcrumb"},"inLanguage":"et","potentialAction":[{"@type":"ReadAction","target":["https:\/\/nordlinepaadid.ee\/et\/pood\/paastevahendid\/paastevestid-ohutusvestid\/kanuu-vest-baltic-dinghy-pro-50-n-90-kg\/"]}]},{"@type":"ImageObject","inLanguage":"et","@id":"https:\/\/nordlinepaadid.ee\/et\/pood\/paastevahendid\/paastevestid-ohutusvestid\/kanuu-vest-baltic-dinghy-pro-50-n-90-kg\/#primaryimage","url":"https:\/\/nordlinepaadid.ee\/wp-content\/uploads\/2023\/03\/2156_baltic_dinghy_pro_50-70_kg_svartgra-22343872-frntl.jpg","contentUrl":"https:\/\/nordlinepaadid.ee\/wp-content\/uploads\/2023\/03\/2156_baltic_dinghy_pro_50-70_kg_svartgra-22343872-frntl.jpg","width":500,"height":500},{"@type":"BreadcrumbList","@id":"https:\/\/nordlinepaadid.ee\/et\/pood\/paastevahendid\/paastevestid-ohutusvestid\/kanuu-vest-baltic-dinghy-pro-50-n-90-kg\/#breadcrumb","itemListElement":[{"@type":"ListItem","position":1,"name":"Home","item":"https:\/\/nordlinepaadid.ee\/et\/"},{"@type":"ListItem","position":2,"name":"Pood","item":"https:\/\/nordlinepaadid.ee\/et\/pood\/"},{"@type":"ListItem","position":3,"name":"KANUU VEST- BALTIC DINGHY PRO 50 N, 90+ kg"}]},{"@type":"WebSite","@id":"https:\/\/nordlinepaadid.ee\/et\/#website","url":"https:\/\/nordlinepaadid.ee\/et\/","name":"NORDLINE s\u00f5udepaadid ja mootorpaadid. Klaasfiiber materjalist.","description":"","publisher":{"@id":"https:\/\/nordlinepaadid.ee\/et\/#organization"},"potentialAction":[{"@type":"SearchAction","target":{"@type":"EntryPoint","urlTemplate":"https:\/\/nordlinepaadid.ee\/et\/?s={search_term_string}"},"query-input":{"@type":"PropertyValueSpecification","valueRequired":true,"valueName":"search_term_string"}}],"inLanguage":"et"},{"@type":"Organization","@id":"https:\/\/nordlinepaadid.ee\/et\/#organization","name":"Nordlineboats","url":"https:\/\/nordlinepaadid.ee\/et\/","logo":{"@type":"ImageObject","inLanguage":"et","@id":"https:\/\/nordlinepaadid.ee\/et\/#\/schema\/logo\/image\/","url":"https:\/\/nordlinepaadid.ee\/wp-content\/uploads\/2023\/01\/fulllogo_transparent_nobuffer-e1672750475494.png","contentUrl":"https:\/\/nordlinepaadid.ee\/wp-content\/uploads\/2023\/01\/fulllogo_transparent_nobuffer-e1672750475494.png","width":150,"height":119,"caption":"Nordlineboats"},"image":{"@id":"https:\/\/nordlinepaadid.ee\/et\/#\/schema\/logo\/image\/"},"sameAs":["https:\/\/www.facebook.com\/nordlineboats","https:\/\/www.youtube.com\/channel\/UCbgF0fy02y3QkFnujaLTaCA"]}]}},"taxonomy_info":{"product_cat":[{"value":230,"label":"P\u00c4\u00c4STEVAHENDID"},{"value":236,"label":"P\u00e4\u00e4stevestid, Ohutusvestid"}],"pa_color":[{"value":684,"label":"Must"}],"pa_producer":[{"value":508,"label":"Baltic"}],"pa_unit":[{"value":416,"label":"pcs"}]},"featured_image_src_large":["https:\/\/nordlinepaadid.ee\/wp-content\/uploads\/2023\/03\/2156_baltic_dinghy_pro_50-70_kg_svartgra-22343872-frntl.jpg",500,500,false],"author_info":[],"comment_info":"","_links":{"self":[{"href":"https:\/\/nordlinepaadid.ee\/et\/wp-json\/wp\/v2\/product\/19205","targetHints":{"allow":["GET"]}}],"collection":[{"href":"https:\/\/nordlinepaadid.ee\/et\/wp-json\/wp\/v2\/product"}],"about":[{"href":"https:\/\/nordlinepaadid.ee\/et\/wp-json\/wp\/v2\/types\/product"}],"wp:featuredmedia":[{"embeddable":true,"href":"https:\/\/nordlinepaadid.ee\/et\/wp-json\/wp\/v2\/media\/19197"}],"wp:attachment":[{"href":"https:\/\/nordlinepaadid.ee\/et\/wp-json\/wp\/v2\/media?parent=19205"}],"wp:term":[{"taxonomy":"product_brand","embeddable":true,"href":"https:\/\/nordlinepaadid.ee\/et\/wp-json\/wp\/v2\/product_brand?post=19205"},{"taxonomy":"product_cat","embeddable":true,"href":"https:\/\/nordlinepaadid.ee\/et\/wp-json\/wp\/v2\/product_cat?post=19205"},{"taxonomy":"product_tag","embeddable":true,"href":"https:\/\/nordlinepaadid.ee\/et\/wp-json\/wp\/v2\/product_tag?post=19205"}],"curies":[{"name":"wp","href":"https:\/\/api.w.org\/{rel}","templated":true}]}}