{"id":19381,"date":"2026-04-07T03:10:34","date_gmt":"2026-04-07T00:10:34","guid":{"rendered":"https:\/\/nordlinepaadid.ee\/pood\/electrical-motor-minn-kota-endura-max-45-12-v\/"},"modified":"2026-04-08T06:04:03","modified_gmt":"2026-04-08T03:04:03","slug":"elektrimootor-minn-kota-endura-max-45-12-v","status":"publish","type":"product","link":"https:\/\/nordlinepaadid.ee\/et\/pood\/paadimootorid\/elektrimootor-minn-kota-endura-max-45-12-v\/","title":{"rendered":"ELEKTRIMOOTOR- MINN KOTA ENDURA MAX 45, 12 V"},"content":{"rendered":"<p>Trolling-mootor Minn Kota Endura Max 45 (20 kg t\u00f5ukej\u00f5uga) lubab uue Digital Maximizer tehnoloogia abil s\u00f5ita \u00fche laadimiskorraga kuni 5 korda kauem. Max 45 mudel on m\u00f5eldud paatidele kuni 18 jalga. 12 voldi s\u00fcsteemil t\u00f6\u00f6taval mootoril on mahtuvuse n\u00e4itur, t\u00e4pne kiirusekontroll, vaikne ja \u00fclekuumenemist v\u00e4ltiv mehhanism, intelligentne vint, k\u00e4ep\u00e4rane mootorikinnitus, 15 cm v\u00f5rra pikenev rumpel ja pea purunematu  91,5 cm pikk jalg. Mootorile kehtib 2 aastane garantii.<\/p>\n<ul>&#13;<\/p>\n<li>Digital Maximizer\u2122 annab t\u00e4pselt niipalju j\u00f5udu kui on k\u00e4igu jaoks vaja. Kuni 5 korda veepeal kauem&nbsp;\u00fche laadimiskorraga<\/li>\n<p>&#13;<\/p>\n<li>Jahutatud ja vaikne mootori sisemus. Suur m\u00e4his ja voolumuundur hajutavad kuumust, s\u00e4\u00e4stes nii akut ja tagades pikema mootori kestvuse<\/li>\n<p>&#13;<\/p>\n<li>Unikaalne laagrite s\u00fcsteem v\u00e4hendab h\u00f5\u00f5rdumist, v\u00e4hendades nii veelgi m\u00fcrataset<\/li>\n<p>&#13;<\/p>\n<li>T\u00e4pselt reguleeritav kiirusekontroll<\/li>\n<p>&#13;<\/p>\n<li>Ergonoomiline, 15 cm tavalisest pikem teleskooprupmel<\/li>\n<p>&#13;<\/p>\n<li>Weedless Wedge\u2122 Roland Martini disainitud vint, mis l\u00fckkab l\u00e4bi vetikate ja mererohu akut asjatult kulutamata<\/li>\n<p>&#13;<\/p>\n<li>V\u00e4ga tugev, hooldusvaba jalg<\/li>\n<p>&#13;<\/p>\n<li>10-valitava positsiooniga mootorikinnitus, kronstein ja kiiresti avatav lukustusmehhanism<\/li>\n<p>&#13;<\/p>\n<li>2 aastane garantii<\/li>\n<p>&#13;\n<\/ul>\n<p>&#13;<\/p>\n","protected":false},"excerpt":{"rendered":"<p>Trolling-mootor Minn Kota Endura Max 45 (20 kg t\u00f5ukej\u00f5uga) lubab uue Digital Maximizer tehnoloogia abil s\u00f5ita \u00fche laadimiskorraga kuni 5 korda kauem. Max 45 mudel on m\u00f5eldud paatidele kuni 18 jalga. 12 voldi s\u00fcsteemil t\u00f6\u00f6taval mootoril on mahtuvuse n\u00e4itur, t\u00e4pne kiirusekontroll, vaikne ja \u00fclekuumenemist v\u00e4ltiv mehhanism, intelligentne vint, k\u00e4ep\u00e4rane mootorikinnitus, 15 cm v\u00f5rra pikenev rumpel&#8230;<\/p>\n","protected":false},"featured_media":19367,"template":"","meta":{"_kad_blocks_custom_css":"","_kad_blocks_head_custom_js":"","_kad_blocks_body_custom_js":"","_kad_blocks_footer_custom_js":"","_kad_post_transparent":"","_kad_post_title":"","_kad_post_layout":"","_kad_post_sidebar_id":"","_kad_post_content_style":"","_kad_post_vertical_padding":"","_kad_post_feature":"","_kad_post_feature_position":"","_kad_post_header":false,"_kad_post_footer":false,"_kad_post_classname":""},"product_brand":[],"product_cat":[343,342],"product_tag":[],"class_list":{"0":"post-19381","1":"product","2":"type-product","3":"status-publish","4":"has-post-thumbnail","6":"product_cat-elektrilised-paadimootorid","7":"product_cat-paadimootorid","8":"product_shipping_class-euroalusele-mahtuv-kaup","9":"pa_producer-minn-kota","10":"pa_unit-pcs","11":"tm-no-options","13":"first","14":"instock","15":"taxable","16":"shipping-taxable","17":"purchasable","18":"product-type-simple","19":"entry","20":"content-bg","21":"loop-entry"},"yoast_head":"<!-- This site is optimized with the Yoast SEO plugin v27.3 - https:\/\/yoast.com\/product\/yoast-seo-wordpress\/ -->\n<title>ELEKTRIMOOTOR- MINN KOTA ENDURA MAX 45, 12 V - NORDLINE s\u00f5udepaadid ja mootorpaadid. Klaasfiiber materjalist.<\/title>\n<meta name=\"robots\" content=\"index, follow, max-snippet:-1, max-image-preview:large, max-video-preview:-1\" \/>\n<link rel=\"canonical\" href=\"https:\/\/nordlinepaadid.ee\/et\/pood\/paadimootorid\/elektrimootor-minn-kota-endura-max-45-12-v\/\" \/>\n<meta property=\"og:locale\" content=\"et_EE\" \/>\n<meta property=\"og:type\" content=\"article\" \/>\n<meta property=\"og:title\" content=\"ELEKTRIMOOTOR- MINN KOTA ENDURA MAX 45, 12 V - NORDLINE s\u00f5udepaadid ja mootorpaadid. Klaasfiiber materjalist.\" \/>\n<meta property=\"og:description\" content=\"Trolling-mootor Minn Kota Endura Max 45 (20 kg t\u00f5ukej\u00f5uga) lubab uue Digital Maximizer tehnoloogia abil s\u00f5ita \u00fche laadimiskorraga kuni 5 korda kauem. Max 45 mudel on m\u00f5eldud paatidele kuni 18 jalga. 12 voldi s\u00fcsteemil t\u00f6\u00f6taval mootoril on mahtuvuse n\u00e4itur, t\u00e4pne kiirusekontroll, vaikne ja \u00fclekuumenemist v\u00e4ltiv mehhanism, intelligentne vint, k\u00e4ep\u00e4rane mootorikinnitus, 15 cm v\u00f5rra pikenev rumpel...\" \/>\n<meta property=\"og:url\" content=\"https:\/\/nordlinepaadid.ee\/et\/pood\/paadimootorid\/elektrimootor-minn-kota-endura-max-45-12-v\/\" \/>\n<meta property=\"og:site_name\" content=\"NORDLINE s\u00f5udepaadid ja mootorpaadid. Klaasfiiber materjalist.\" \/>\n<meta property=\"article:publisher\" content=\"https:\/\/www.facebook.com\/nordlineboats\" \/>\n<meta property=\"article:modified_time\" content=\"2026-04-08T03:04:03+00:00\" \/>\n<meta property=\"og:image\" content=\"https:\/\/nordlinepaadid.ee\/wp-content\/uploads\/2023\/03\/2981_1.jpg\" \/>\n\t<meta property=\"og:image:width\" content=\"500\" \/>\n\t<meta property=\"og:image:height\" content=\"500\" \/>\n\t<meta property=\"og:image:type\" content=\"image\/jpeg\" \/>\n<meta name=\"twitter:card\" content=\"summary_large_image\" \/>\n<meta name=\"twitter:label1\" content=\"Est. reading time\" \/>\n\t<meta name=\"twitter:data1\" content=\"1 minut\" \/>\n<script type=\"application\/ld+json\" class=\"yoast-schema-graph\">{\"@context\":\"https:\\\/\\\/schema.org\",\"@graph\":[{\"@type\":\"WebPage\",\"@id\":\"https:\\\/\\\/nordlinepaadid.ee\\\/et\\\/pood\\\/paadimootorid\\\/elektrimootor-minn-kota-endura-max-45-12-v\\\/\",\"url\":\"https:\\\/\\\/nordlinepaadid.ee\\\/et\\\/pood\\\/paadimootorid\\\/elektrimootor-minn-kota-endura-max-45-12-v\\\/\",\"name\":\"ELEKTRIMOOTOR- MINN KOTA ENDURA MAX 45, 12 V - NORDLINE s\u00f5udepaadid ja mootorpaadid. Klaasfiiber materjalist.\",\"isPartOf\":{\"@id\":\"https:\\\/\\\/nordlinepaadid.ee\\\/et\\\/#website\"},\"primaryImageOfPage\":{\"@id\":\"https:\\\/\\\/nordlinepaadid.ee\\\/et\\\/pood\\\/paadimootorid\\\/elektrimootor-minn-kota-endura-max-45-12-v\\\/#primaryimage\"},\"image\":{\"@id\":\"https:\\\/\\\/nordlinepaadid.ee\\\/et\\\/pood\\\/paadimootorid\\\/elektrimootor-minn-kota-endura-max-45-12-v\\\/#primaryimage\"},\"thumbnailUrl\":\"https:\\\/\\\/nordlinepaadid.ee\\\/wp-content\\\/uploads\\\/2023\\\/03\\\/2981_1.jpg\",\"datePublished\":\"2026-04-07T00:10:34+00:00\",\"dateModified\":\"2026-04-08T03:04:03+00:00\",\"breadcrumb\":{\"@id\":\"https:\\\/\\\/nordlinepaadid.ee\\\/et\\\/pood\\\/paadimootorid\\\/elektrimootor-minn-kota-endura-max-45-12-v\\\/#breadcrumb\"},\"inLanguage\":\"et\",\"potentialAction\":[{\"@type\":\"ReadAction\",\"target\":[\"https:\\\/\\\/nordlinepaadid.ee\\\/et\\\/pood\\\/paadimootorid\\\/elektrimootor-minn-kota-endura-max-45-12-v\\\/\"]}]},{\"@type\":\"ImageObject\",\"inLanguage\":\"et\",\"@id\":\"https:\\\/\\\/nordlinepaadid.ee\\\/et\\\/pood\\\/paadimootorid\\\/elektrimootor-minn-kota-endura-max-45-12-v\\\/#primaryimage\",\"url\":\"https:\\\/\\\/nordlinepaadid.ee\\\/wp-content\\\/uploads\\\/2023\\\/03\\\/2981_1.jpg\",\"contentUrl\":\"https:\\\/\\\/nordlinepaadid.ee\\\/wp-content\\\/uploads\\\/2023\\\/03\\\/2981_1.jpg\",\"width\":500,\"height\":500},{\"@type\":\"BreadcrumbList\",\"@id\":\"https:\\\/\\\/nordlinepaadid.ee\\\/et\\\/pood\\\/paadimootorid\\\/elektrimootor-minn-kota-endura-max-45-12-v\\\/#breadcrumb\",\"itemListElement\":[{\"@type\":\"ListItem\",\"position\":1,\"name\":\"Home\",\"item\":\"https:\\\/\\\/nordlinepaadid.ee\\\/et\\\/\"},{\"@type\":\"ListItem\",\"position\":2,\"name\":\"Pood\",\"item\":\"https:\\\/\\\/nordlinepaadid.ee\\\/et\\\/pood\\\/\"},{\"@type\":\"ListItem\",\"position\":3,\"name\":\"ELEKTRIMOOTOR- MINN KOTA ENDURA MAX 45, 12 V\"}]},{\"@type\":\"WebSite\",\"@id\":\"https:\\\/\\\/nordlinepaadid.ee\\\/et\\\/#website\",\"url\":\"https:\\\/\\\/nordlinepaadid.ee\\\/et\\\/\",\"name\":\"NORDLINE s\u00f5udepaadid ja mootorpaadid. Klaasfiiber materjalist.\",\"description\":\"\",\"publisher\":{\"@id\":\"https:\\\/\\\/nordlinepaadid.ee\\\/et\\\/#organization\"},\"potentialAction\":[{\"@type\":\"SearchAction\",\"target\":{\"@type\":\"EntryPoint\",\"urlTemplate\":\"https:\\\/\\\/nordlinepaadid.ee\\\/et\\\/?s={search_term_string}\"},\"query-input\":{\"@type\":\"PropertyValueSpecification\",\"valueRequired\":true,\"valueName\":\"search_term_string\"}}],\"inLanguage\":\"et\"},{\"@type\":\"Organization\",\"@id\":\"https:\\\/\\\/nordlinepaadid.ee\\\/et\\\/#organization\",\"name\":\"Nordlineboats\",\"url\":\"https:\\\/\\\/nordlinepaadid.ee\\\/et\\\/\",\"logo\":{\"@type\":\"ImageObject\",\"inLanguage\":\"et\",\"@id\":\"https:\\\/\\\/nordlinepaadid.ee\\\/et\\\/#\\\/schema\\\/logo\\\/image\\\/\",\"url\":\"https:\\\/\\\/nordlinepaadid.ee\\\/wp-content\\\/uploads\\\/2023\\\/01\\\/fulllogo_transparent_nobuffer-e1672750475494.png\",\"contentUrl\":\"https:\\\/\\\/nordlinepaadid.ee\\\/wp-content\\\/uploads\\\/2023\\\/01\\\/fulllogo_transparent_nobuffer-e1672750475494.png\",\"width\":150,\"height\":119,\"caption\":\"Nordlineboats\"},\"image\":{\"@id\":\"https:\\\/\\\/nordlinepaadid.ee\\\/et\\\/#\\\/schema\\\/logo\\\/image\\\/\"},\"sameAs\":[\"https:\\\/\\\/www.facebook.com\\\/nordlineboats\",\"https:\\\/\\\/www.youtube.com\\\/channel\\\/UCbgF0fy02y3QkFnujaLTaCA\"]}]}<\/script>\n<!-- \/ Yoast SEO plugin. -->","yoast_head_json":{"title":"ELEKTRIMOOTOR- MINN KOTA ENDURA MAX 45, 12 V - NORDLINE s\u00f5udepaadid ja mootorpaadid. Klaasfiiber materjalist.","robots":{"index":"index","follow":"follow","max-snippet":"max-snippet:-1","max-image-preview":"max-image-preview:large","max-video-preview":"max-video-preview:-1"},"canonical":"https:\/\/nordlinepaadid.ee\/et\/pood\/paadimootorid\/elektrimootor-minn-kota-endura-max-45-12-v\/","og_locale":"et_EE","og_type":"article","og_title":"ELEKTRIMOOTOR- MINN KOTA ENDURA MAX 45, 12 V - NORDLINE s\u00f5udepaadid ja mootorpaadid. Klaasfiiber materjalist.","og_description":"Trolling-mootor Minn Kota Endura Max 45 (20 kg t\u00f5ukej\u00f5uga) lubab uue Digital Maximizer tehnoloogia abil s\u00f5ita \u00fche laadimiskorraga kuni 5 korda kauem. Max 45 mudel on m\u00f5eldud paatidele kuni 18 jalga. 12 voldi s\u00fcsteemil t\u00f6\u00f6taval mootoril on mahtuvuse n\u00e4itur, t\u00e4pne kiirusekontroll, vaikne ja \u00fclekuumenemist v\u00e4ltiv mehhanism, intelligentne vint, k\u00e4ep\u00e4rane mootorikinnitus, 15 cm v\u00f5rra pikenev rumpel...","og_url":"https:\/\/nordlinepaadid.ee\/et\/pood\/paadimootorid\/elektrimootor-minn-kota-endura-max-45-12-v\/","og_site_name":"NORDLINE s\u00f5udepaadid ja mootorpaadid. Klaasfiiber materjalist.","article_publisher":"https:\/\/www.facebook.com\/nordlineboats","article_modified_time":"2026-04-08T03:04:03+00:00","og_image":[{"width":500,"height":500,"url":"https:\/\/nordlinepaadid.ee\/wp-content\/uploads\/2023\/03\/2981_1.jpg","type":"image\/jpeg"}],"twitter_card":"summary_large_image","twitter_misc":{"Est. reading time":"1 minut"},"schema":{"@context":"https:\/\/schema.org","@graph":[{"@type":"WebPage","@id":"https:\/\/nordlinepaadid.ee\/et\/pood\/paadimootorid\/elektrimootor-minn-kota-endura-max-45-12-v\/","url":"https:\/\/nordlinepaadid.ee\/et\/pood\/paadimootorid\/elektrimootor-minn-kota-endura-max-45-12-v\/","name":"ELEKTRIMOOTOR- MINN KOTA ENDURA MAX 45, 12 V - NORDLINE s\u00f5udepaadid ja mootorpaadid. Klaasfiiber materjalist.","isPartOf":{"@id":"https:\/\/nordlinepaadid.ee\/et\/#website"},"primaryImageOfPage":{"@id":"https:\/\/nordlinepaadid.ee\/et\/pood\/paadimootorid\/elektrimootor-minn-kota-endura-max-45-12-v\/#primaryimage"},"image":{"@id":"https:\/\/nordlinepaadid.ee\/et\/pood\/paadimootorid\/elektrimootor-minn-kota-endura-max-45-12-v\/#primaryimage"},"thumbnailUrl":"https:\/\/nordlinepaadid.ee\/wp-content\/uploads\/2023\/03\/2981_1.jpg","datePublished":"2026-04-07T00:10:34+00:00","dateModified":"2026-04-08T03:04:03+00:00","breadcrumb":{"@id":"https:\/\/nordlinepaadid.ee\/et\/pood\/paadimootorid\/elektrimootor-minn-kota-endura-max-45-12-v\/#breadcrumb"},"inLanguage":"et","potentialAction":[{"@type":"ReadAction","target":["https:\/\/nordlinepaadid.ee\/et\/pood\/paadimootorid\/elektrimootor-minn-kota-endura-max-45-12-v\/"]}]},{"@type":"ImageObject","inLanguage":"et","@id":"https:\/\/nordlinepaadid.ee\/et\/pood\/paadimootorid\/elektrimootor-minn-kota-endura-max-45-12-v\/#primaryimage","url":"https:\/\/nordlinepaadid.ee\/wp-content\/uploads\/2023\/03\/2981_1.jpg","contentUrl":"https:\/\/nordlinepaadid.ee\/wp-content\/uploads\/2023\/03\/2981_1.jpg","width":500,"height":500},{"@type":"BreadcrumbList","@id":"https:\/\/nordlinepaadid.ee\/et\/pood\/paadimootorid\/elektrimootor-minn-kota-endura-max-45-12-v\/#breadcrumb","itemListElement":[{"@type":"ListItem","position":1,"name":"Home","item":"https:\/\/nordlinepaadid.ee\/et\/"},{"@type":"ListItem","position":2,"name":"Pood","item":"https:\/\/nordlinepaadid.ee\/et\/pood\/"},{"@type":"ListItem","position":3,"name":"ELEKTRIMOOTOR- MINN KOTA ENDURA MAX 45, 12 V"}]},{"@type":"WebSite","@id":"https:\/\/nordlinepaadid.ee\/et\/#website","url":"https:\/\/nordlinepaadid.ee\/et\/","name":"NORDLINE s\u00f5udepaadid ja mootorpaadid. Klaasfiiber materjalist.","description":"","publisher":{"@id":"https:\/\/nordlinepaadid.ee\/et\/#organization"},"potentialAction":[{"@type":"SearchAction","target":{"@type":"EntryPoint","urlTemplate":"https:\/\/nordlinepaadid.ee\/et\/?s={search_term_string}"},"query-input":{"@type":"PropertyValueSpecification","valueRequired":true,"valueName":"search_term_string"}}],"inLanguage":"et"},{"@type":"Organization","@id":"https:\/\/nordlinepaadid.ee\/et\/#organization","name":"Nordlineboats","url":"https:\/\/nordlinepaadid.ee\/et\/","logo":{"@type":"ImageObject","inLanguage":"et","@id":"https:\/\/nordlinepaadid.ee\/et\/#\/schema\/logo\/image\/","url":"https:\/\/nordlinepaadid.ee\/wp-content\/uploads\/2023\/01\/fulllogo_transparent_nobuffer-e1672750475494.png","contentUrl":"https:\/\/nordlinepaadid.ee\/wp-content\/uploads\/2023\/01\/fulllogo_transparent_nobuffer-e1672750475494.png","width":150,"height":119,"caption":"Nordlineboats"},"image":{"@id":"https:\/\/nordlinepaadid.ee\/et\/#\/schema\/logo\/image\/"},"sameAs":["https:\/\/www.facebook.com\/nordlineboats","https:\/\/www.youtube.com\/channel\/UCbgF0fy02y3QkFnujaLTaCA"]}]}},"taxonomy_info":{"product_cat":[{"value":343,"label":"ELEKTRILISED PAADIMOOTORID"},{"value":342,"label":"PAADIMOOTORID"}],"pa_producer":[{"value":502,"label":"Minn Kota"}],"pa_unit":[{"value":416,"label":"pcs"}]},"featured_image_src_large":["https:\/\/nordlinepaadid.ee\/wp-content\/uploads\/2023\/03\/2981_1.jpg",500,500,false],"author_info":[],"comment_info":"","_links":{"self":[{"href":"https:\/\/nordlinepaadid.ee\/et\/wp-json\/wp\/v2\/product\/19381","targetHints":{"allow":["GET"]}}],"collection":[{"href":"https:\/\/nordlinepaadid.ee\/et\/wp-json\/wp\/v2\/product"}],"about":[{"href":"https:\/\/nordlinepaadid.ee\/et\/wp-json\/wp\/v2\/types\/product"}],"wp:featuredmedia":[{"embeddable":true,"href":"https:\/\/nordlinepaadid.ee\/et\/wp-json\/wp\/v2\/media\/19367"}],"wp:attachment":[{"href":"https:\/\/nordlinepaadid.ee\/et\/wp-json\/wp\/v2\/media?parent=19381"}],"wp:term":[{"taxonomy":"product_brand","embeddable":true,"href":"https:\/\/nordlinepaadid.ee\/et\/wp-json\/wp\/v2\/product_brand?post=19381"},{"taxonomy":"product_cat","embeddable":true,"href":"https:\/\/nordlinepaadid.ee\/et\/wp-json\/wp\/v2\/product_cat?post=19381"},{"taxonomy":"product_tag","embeddable":true,"href":"https:\/\/nordlinepaadid.ee\/et\/wp-json\/wp\/v2\/product_tag?post=19381"}],"curies":[{"name":"wp","href":"https:\/\/api.w.org\/{rel}","templated":true}]}}