{"id":19453,"date":"2026-04-07T03:10:36","date_gmt":"2026-04-07T00:10:36","guid":{"rendered":"https:\/\/nordlinepaadid.ee\/pood\/engine-cover-2-5-hp\/"},"modified":"2026-04-08T00:04:31","modified_gmt":"2026-04-07T21:04:31","slug":"mootorikate-2-5-hp","status":"publish","type":"product","link":"https:\/\/nordlinepaadid.ee\/et\/pood\/ru-boat-care-and-maintenance\/ru-boat-covers-tents-tarpaulins\/mootorikate-2-5-hp\/","title":{"rendered":"MOOTORIKATE, 2-5 HP"},"content":{"rendered":"<p>SeaCover kate mootori \u00fclemise osa jaoks. Kaitseb h\u00e4sti vee, p\u00e4ikese ja tolmu vastu. Valmistatud vastupidavast 0.15 mm pol\u00fcester 420D materjalist. Sobilike enamike p\u00e4ramootorite jaoks. \u00c4\u00e4rtest elastse n\u00f6\u00f6riga kinnit\u00f5mmatav, seitsme eri m\u00f5\u00f5duga. Leidmaks k\u00f5ige sobivamat katet, kontrollige m\u00f5\u00f5te allolevas tabelis.<\/p>\n<p>&#13;<\/p>\n<table border=\"1\" cellpadding=\"1\" cellspacing=\"1\" style=\"width:400px\">&#13;<\/p>\n<caption>&#13;<\/p>\n<p style=\"text-align:left\"><strong>Mootori \u00fclaosa katete m\u00f5\u00f5dud<\/strong><\/p>\n<p>&#13;<br \/>\n\t<\/caption>\n<p>&#13;<\/p>\n<tbody>&#13;<\/p>\n<tr>&#13;<\/p>\n<td style=\"background-color:rgb(14, 119, 199)\"><strong><span style=\"color:#FFFFFF\">Tootekood<\/span><\/strong><\/td>\n<p>&#13;<\/p>\n<td style=\"background-color:rgb(14, 119, 199)\"><strong><span style=\"color:#FFFFFF\">L57269<\/span><\/strong><\/td>\n<p>&#13;<\/p>\n<td style=\"background-color:rgb(14, 119, 199)\"><strong><span style=\"color:#FFFFFF\">L57270<\/span><\/strong><\/td>\n<p>&#13;<\/p>\n<td style=\"background-color:rgb(14, 119, 199)\"><strong><span style=\"color:#FFFFFF\">L57271<\/span><\/strong><\/td>\n<p>&#13;<\/p>\n<td style=\"background-color:rgb(14, 119, 199)\"><strong><span style=\"color:#FFFFFF\">L57272<\/span><\/strong><\/td>\n<p>&#13;<\/p>\n<td style=\"background-color:rgb(14, 119, 199)\"><strong><span style=\"color:#FFFFFF\">L57273<\/span><\/strong><\/td>\n<p>&#13;<\/p>\n<td style=\"background-color:rgb(14, 119, 199)\"><strong><span style=\"color:#FFFFFF\">L57274<\/span><\/strong><\/td>\n<p>&#13;<br \/>\n\t\t<\/tr>\n<p>&#13;<\/p>\n<tr>&#13;<\/p>\n<td>Hj (ligikaudu)<\/td>\n<p>&#13;<\/p>\n<td>2-5<\/td>\n<p>&#13;<\/p>\n<td>2-15<\/td>\n<p>&#13;<\/p>\n<td>10-45<\/td>\n<p>&#13;<\/p>\n<td>30-90<\/td>\n<p>&#13;<\/p>\n<td>70-150<\/td>\n<p>&#13;<\/p>\n<td>115-225<\/td>\n<p>&#13;<br \/>\n\t\t<\/tr>\n<p>&#13;<\/p>\n<tr>&#13;<\/p>\n<td>A (cm)<\/td>\n<p>&#13;<\/p>\n<td>40<\/td>\n<p>&#13;<\/p>\n<td>48<\/td>\n<p>&#13;<\/p>\n<td>55<\/td>\n<p>&#13;<\/p>\n<td>63<\/td>\n<p>&#13;<\/p>\n<td>73<\/td>\n<p>&#13;<\/p>\n<td>75<\/td>\n<p>&#13;<br \/>\n\t\t<\/tr>\n<p>&#13;<\/p>\n<tr>&#13;<\/p>\n<td>B (cm)<\/td>\n<p>&#13;<\/p>\n<td>25<\/td>\n<p>&#13;<\/p>\n<td>27<\/td>\n<p>&#13;<\/p>\n<td>33<\/td>\n<p>&#13;<\/p>\n<td>35<\/td>\n<p>&#13;<\/p>\n<td>40<\/td>\n<p>&#13;<\/p>\n<td>45<\/td>\n<p>&#13;<br \/>\n\t\t<\/tr>\n<p>&#13;<\/p>\n<tr>&#13;<\/p>\n<td>C (cm)<\/td>\n<p>&#13;<\/p>\n<td>32<\/td>\n<p>&#13;<\/p>\n<td>35<\/td>\n<p>&#13;<\/p>\n<td>45<\/td>\n<p>&#13;<\/p>\n<td>50<\/td>\n<p>&#13;<\/p>\n<td>65<\/td>\n<p>&#13;<\/p>\n<td>75<\/td>\n<p>&#13;<br \/>\n\t\t<\/tr>\n<p>&#13;<br \/>\n\t<\/tbody>\n<p>&#13;<br \/>\n<\/table>\n<p>&#13;<br \/>\n&#13;<\/p>\n<p>&nbsp;<\/p>\n<p>&#13;<\/p>\n","protected":false},"excerpt":{"rendered":"<p>SeaCover kate mootori \u00fclemise osa jaoks. Kaitseb h\u00e4sti vee, p\u00e4ikese ja tolmu vastu. Valmistatud vastupidavast 0.15 mm pol\u00fcester 420D materjalist. Sobilike enamike p\u00e4ramootorite jaoks. \u00c4\u00e4rtest elastse n\u00f6\u00f6riga kinnit\u00f5mmatav, seitsme eri m\u00f5\u00f5duga. Leidmaks k\u00f5ige sobivamat katet, kontrollige m\u00f5\u00f5te allolevas tabelis. &#13; &#13; &#13; Mootori \u00fclaosa katete m\u00f5\u00f5dud &#13; &#13; &#13; &#13; Tootekood &#13; L57269 &#13; L57270&#8230;<\/p>\n","protected":false},"featured_media":19454,"template":"","meta":{"_kad_blocks_custom_css":"","_kad_blocks_head_custom_js":"","_kad_blocks_body_custom_js":"","_kad_blocks_footer_custom_js":"","_kad_post_transparent":"","_kad_post_title":"","_kad_post_layout":"","_kad_post_sidebar_id":"","_kad_post_content_style":"","_kad_post_vertical_padding":"","_kad_post_feature":"","_kad_post_feature_position":"","_kad_post_header":false,"_kad_post_footer":false,"_kad_post_classname":""},"product_brand":[],"product_cat":[284,292,841],"product_tag":[],"class_list":{"0":"post-19453","1":"product","2":"type-product","3":"status-publish","4":"has-post-thumbnail","6":"product_cat-paadihooldusvahendid","7":"product_cat-paadikatted-tendid-matid","8":"product_cat-ru-boat-covers-tents-tarpaulins","9":"product_shipping_class-pakiautomaati-mahtuv-kaup","10":"pa_color-hobedane","11":"pa_producer-lalizas","12":"pa_unit-pcs","13":"tm-no-options","15":"first","16":"onbackorder","17":"taxable","18":"shipping-taxable","19":"purchasable","20":"product-type-simple","21":"entry","22":"content-bg","23":"loop-entry"},"yoast_head":"<!-- This site is optimized with the Yoast SEO plugin v27.3 - https:\/\/yoast.com\/product\/yoast-seo-wordpress\/ -->\n<title>MOOTORIKATE, 2-5 HP - NORDLINE s\u00f5udepaadid ja mootorpaadid. Klaasfiiber materjalist.<\/title>\n<meta name=\"robots\" content=\"index, follow, max-snippet:-1, max-image-preview:large, max-video-preview:-1\" \/>\n<link rel=\"canonical\" href=\"https:\/\/nordlinepaadid.ee\/et\/pood\/ru-boat-care-and-maintenance\/ru-boat-covers-tents-tarpaulins\/mootorikate-2-5-hp\/\" \/>\n<meta property=\"og:locale\" content=\"et_EE\" \/>\n<meta property=\"og:type\" content=\"article\" \/>\n<meta property=\"og:title\" content=\"MOOTORIKATE, 2-5 HP - NORDLINE s\u00f5udepaadid ja mootorpaadid. Klaasfiiber materjalist.\" \/>\n<meta property=\"og:description\" content=\"SeaCover kate mootori \u00fclemise osa jaoks. Kaitseb h\u00e4sti vee, p\u00e4ikese ja tolmu vastu. Valmistatud vastupidavast 0.15 mm pol\u00fcester 420D materjalist. Sobilike enamike p\u00e4ramootorite jaoks. \u00c4\u00e4rtest elastse n\u00f6\u00f6riga kinnit\u00f5mmatav, seitsme eri m\u00f5\u00f5duga. Leidmaks k\u00f5ige sobivamat katet, kontrollige m\u00f5\u00f5te allolevas tabelis. &#013; &#013; &#013; Mootori \u00fclaosa katete m\u00f5\u00f5dud &#013; &#013; &#013; &#013; Tootekood &#013; L57269 &#013; L57270...\" \/>\n<meta property=\"og:url\" content=\"https:\/\/nordlinepaadid.ee\/et\/pood\/ru-boat-care-and-maintenance\/ru-boat-covers-tents-tarpaulins\/mootorikate-2-5-hp\/\" \/>\n<meta property=\"og:site_name\" content=\"NORDLINE s\u00f5udepaadid ja mootorpaadid. Klaasfiiber materjalist.\" \/>\n<meta property=\"article:publisher\" content=\"https:\/\/www.facebook.com\/nordlineboats\" \/>\n<meta property=\"article:modified_time\" content=\"2026-04-07T21:04:31+00:00\" \/>\n<meta property=\"og:image\" content=\"https:\/\/nordlinepaadid.ee\/wp-content\/uploads\/2023\/03\/3040_2024778_l.jpg\" \/>\n\t<meta property=\"og:image:width\" content=\"359\" \/>\n\t<meta property=\"og:image:height\" content=\"600\" \/>\n\t<meta property=\"og:image:type\" content=\"image\/jpeg\" \/>\n<meta name=\"twitter:card\" content=\"summary_large_image\" \/>\n<script type=\"application\/ld+json\" class=\"yoast-schema-graph\">{\"@context\":\"https:\\\/\\\/schema.org\",\"@graph\":[{\"@type\":\"WebPage\",\"@id\":\"https:\\\/\\\/nordlinepaadid.ee\\\/et\\\/pood\\\/ru-boat-care-and-maintenance\\\/ru-boat-covers-tents-tarpaulins\\\/mootorikate-2-5-hp\\\/\",\"url\":\"https:\\\/\\\/nordlinepaadid.ee\\\/et\\\/pood\\\/ru-boat-care-and-maintenance\\\/ru-boat-covers-tents-tarpaulins\\\/mootorikate-2-5-hp\\\/\",\"name\":\"MOOTORIKATE, 2-5 HP - NORDLINE s\u00f5udepaadid ja mootorpaadid. Klaasfiiber materjalist.\",\"isPartOf\":{\"@id\":\"https:\\\/\\\/nordlinepaadid.ee\\\/et\\\/#website\"},\"primaryImageOfPage\":{\"@id\":\"https:\\\/\\\/nordlinepaadid.ee\\\/et\\\/pood\\\/ru-boat-care-and-maintenance\\\/ru-boat-covers-tents-tarpaulins\\\/mootorikate-2-5-hp\\\/#primaryimage\"},\"image\":{\"@id\":\"https:\\\/\\\/nordlinepaadid.ee\\\/et\\\/pood\\\/ru-boat-care-and-maintenance\\\/ru-boat-covers-tents-tarpaulins\\\/mootorikate-2-5-hp\\\/#primaryimage\"},\"thumbnailUrl\":\"https:\\\/\\\/nordlinepaadid.ee\\\/wp-content\\\/uploads\\\/2023\\\/03\\\/3040_2024778_l.jpg\",\"datePublished\":\"2026-04-07T00:10:36+00:00\",\"dateModified\":\"2026-04-07T21:04:31+00:00\",\"breadcrumb\":{\"@id\":\"https:\\\/\\\/nordlinepaadid.ee\\\/et\\\/pood\\\/ru-boat-care-and-maintenance\\\/ru-boat-covers-tents-tarpaulins\\\/mootorikate-2-5-hp\\\/#breadcrumb\"},\"inLanguage\":\"et\",\"potentialAction\":[{\"@type\":\"ReadAction\",\"target\":[\"https:\\\/\\\/nordlinepaadid.ee\\\/et\\\/pood\\\/ru-boat-care-and-maintenance\\\/ru-boat-covers-tents-tarpaulins\\\/mootorikate-2-5-hp\\\/\"]}]},{\"@type\":\"ImageObject\",\"inLanguage\":\"et\",\"@id\":\"https:\\\/\\\/nordlinepaadid.ee\\\/et\\\/pood\\\/ru-boat-care-and-maintenance\\\/ru-boat-covers-tents-tarpaulins\\\/mootorikate-2-5-hp\\\/#primaryimage\",\"url\":\"https:\\\/\\\/nordlinepaadid.ee\\\/wp-content\\\/uploads\\\/2023\\\/03\\\/3040_2024778_l.jpg\",\"contentUrl\":\"https:\\\/\\\/nordlinepaadid.ee\\\/wp-content\\\/uploads\\\/2023\\\/03\\\/3040_2024778_l.jpg\",\"width\":359,\"height\":600},{\"@type\":\"BreadcrumbList\",\"@id\":\"https:\\\/\\\/nordlinepaadid.ee\\\/et\\\/pood\\\/ru-boat-care-and-maintenance\\\/ru-boat-covers-tents-tarpaulins\\\/mootorikate-2-5-hp\\\/#breadcrumb\",\"itemListElement\":[{\"@type\":\"ListItem\",\"position\":1,\"name\":\"Home\",\"item\":\"https:\\\/\\\/nordlinepaadid.ee\\\/et\\\/\"},{\"@type\":\"ListItem\",\"position\":2,\"name\":\"Pood\",\"item\":\"https:\\\/\\\/nordlinepaadid.ee\\\/et\\\/pood\\\/\"},{\"@type\":\"ListItem\",\"position\":3,\"name\":\"MOOTORIKATE, 2-5 HP\"}]},{\"@type\":\"WebSite\",\"@id\":\"https:\\\/\\\/nordlinepaadid.ee\\\/et\\\/#website\",\"url\":\"https:\\\/\\\/nordlinepaadid.ee\\\/et\\\/\",\"name\":\"NORDLINE s\u00f5udepaadid ja mootorpaadid. Klaasfiiber materjalist.\",\"description\":\"\",\"publisher\":{\"@id\":\"https:\\\/\\\/nordlinepaadid.ee\\\/et\\\/#organization\"},\"potentialAction\":[{\"@type\":\"SearchAction\",\"target\":{\"@type\":\"EntryPoint\",\"urlTemplate\":\"https:\\\/\\\/nordlinepaadid.ee\\\/et\\\/?s={search_term_string}\"},\"query-input\":{\"@type\":\"PropertyValueSpecification\",\"valueRequired\":true,\"valueName\":\"search_term_string\"}}],\"inLanguage\":\"et\"},{\"@type\":\"Organization\",\"@id\":\"https:\\\/\\\/nordlinepaadid.ee\\\/et\\\/#organization\",\"name\":\"Nordlineboats\",\"url\":\"https:\\\/\\\/nordlinepaadid.ee\\\/et\\\/\",\"logo\":{\"@type\":\"ImageObject\",\"inLanguage\":\"et\",\"@id\":\"https:\\\/\\\/nordlinepaadid.ee\\\/et\\\/#\\\/schema\\\/logo\\\/image\\\/\",\"url\":\"https:\\\/\\\/nordlinepaadid.ee\\\/wp-content\\\/uploads\\\/2023\\\/01\\\/fulllogo_transparent_nobuffer-e1672750475494.png\",\"contentUrl\":\"https:\\\/\\\/nordlinepaadid.ee\\\/wp-content\\\/uploads\\\/2023\\\/01\\\/fulllogo_transparent_nobuffer-e1672750475494.png\",\"width\":150,\"height\":119,\"caption\":\"Nordlineboats\"},\"image\":{\"@id\":\"https:\\\/\\\/nordlinepaadid.ee\\\/et\\\/#\\\/schema\\\/logo\\\/image\\\/\"},\"sameAs\":[\"https:\\\/\\\/www.facebook.com\\\/nordlineboats\",\"https:\\\/\\\/www.youtube.com\\\/channel\\\/UCbgF0fy02y3QkFnujaLTaCA\"]}]}<\/script>\n<!-- \/ Yoast SEO plugin. -->","yoast_head_json":{"title":"MOOTORIKATE, 2-5 HP - NORDLINE s\u00f5udepaadid ja mootorpaadid. Klaasfiiber materjalist.","robots":{"index":"index","follow":"follow","max-snippet":"max-snippet:-1","max-image-preview":"max-image-preview:large","max-video-preview":"max-video-preview:-1"},"canonical":"https:\/\/nordlinepaadid.ee\/et\/pood\/ru-boat-care-and-maintenance\/ru-boat-covers-tents-tarpaulins\/mootorikate-2-5-hp\/","og_locale":"et_EE","og_type":"article","og_title":"MOOTORIKATE, 2-5 HP - NORDLINE s\u00f5udepaadid ja mootorpaadid. Klaasfiiber materjalist.","og_description":"SeaCover kate mootori \u00fclemise osa jaoks. Kaitseb h\u00e4sti vee, p\u00e4ikese ja tolmu vastu. Valmistatud vastupidavast 0.15 mm pol\u00fcester 420D materjalist. Sobilike enamike p\u00e4ramootorite jaoks. \u00c4\u00e4rtest elastse n\u00f6\u00f6riga kinnit\u00f5mmatav, seitsme eri m\u00f5\u00f5duga. Leidmaks k\u00f5ige sobivamat katet, kontrollige m\u00f5\u00f5te allolevas tabelis. &#13; &#13; &#13; Mootori \u00fclaosa katete m\u00f5\u00f5dud &#13; &#13; &#13; &#13; Tootekood &#13; L57269 &#13; L57270...","og_url":"https:\/\/nordlinepaadid.ee\/et\/pood\/ru-boat-care-and-maintenance\/ru-boat-covers-tents-tarpaulins\/mootorikate-2-5-hp\/","og_site_name":"NORDLINE s\u00f5udepaadid ja mootorpaadid. Klaasfiiber materjalist.","article_publisher":"https:\/\/www.facebook.com\/nordlineboats","article_modified_time":"2026-04-07T21:04:31+00:00","og_image":[{"width":359,"height":600,"url":"https:\/\/nordlinepaadid.ee\/wp-content\/uploads\/2023\/03\/3040_2024778_l.jpg","type":"image\/jpeg"}],"twitter_card":"summary_large_image","schema":{"@context":"https:\/\/schema.org","@graph":[{"@type":"WebPage","@id":"https:\/\/nordlinepaadid.ee\/et\/pood\/ru-boat-care-and-maintenance\/ru-boat-covers-tents-tarpaulins\/mootorikate-2-5-hp\/","url":"https:\/\/nordlinepaadid.ee\/et\/pood\/ru-boat-care-and-maintenance\/ru-boat-covers-tents-tarpaulins\/mootorikate-2-5-hp\/","name":"MOOTORIKATE, 2-5 HP - NORDLINE s\u00f5udepaadid ja mootorpaadid. Klaasfiiber materjalist.","isPartOf":{"@id":"https:\/\/nordlinepaadid.ee\/et\/#website"},"primaryImageOfPage":{"@id":"https:\/\/nordlinepaadid.ee\/et\/pood\/ru-boat-care-and-maintenance\/ru-boat-covers-tents-tarpaulins\/mootorikate-2-5-hp\/#primaryimage"},"image":{"@id":"https:\/\/nordlinepaadid.ee\/et\/pood\/ru-boat-care-and-maintenance\/ru-boat-covers-tents-tarpaulins\/mootorikate-2-5-hp\/#primaryimage"},"thumbnailUrl":"https:\/\/nordlinepaadid.ee\/wp-content\/uploads\/2023\/03\/3040_2024778_l.jpg","datePublished":"2026-04-07T00:10:36+00:00","dateModified":"2026-04-07T21:04:31+00:00","breadcrumb":{"@id":"https:\/\/nordlinepaadid.ee\/et\/pood\/ru-boat-care-and-maintenance\/ru-boat-covers-tents-tarpaulins\/mootorikate-2-5-hp\/#breadcrumb"},"inLanguage":"et","potentialAction":[{"@type":"ReadAction","target":["https:\/\/nordlinepaadid.ee\/et\/pood\/ru-boat-care-and-maintenance\/ru-boat-covers-tents-tarpaulins\/mootorikate-2-5-hp\/"]}]},{"@type":"ImageObject","inLanguage":"et","@id":"https:\/\/nordlinepaadid.ee\/et\/pood\/ru-boat-care-and-maintenance\/ru-boat-covers-tents-tarpaulins\/mootorikate-2-5-hp\/#primaryimage","url":"https:\/\/nordlinepaadid.ee\/wp-content\/uploads\/2023\/03\/3040_2024778_l.jpg","contentUrl":"https:\/\/nordlinepaadid.ee\/wp-content\/uploads\/2023\/03\/3040_2024778_l.jpg","width":359,"height":600},{"@type":"BreadcrumbList","@id":"https:\/\/nordlinepaadid.ee\/et\/pood\/ru-boat-care-and-maintenance\/ru-boat-covers-tents-tarpaulins\/mootorikate-2-5-hp\/#breadcrumb","itemListElement":[{"@type":"ListItem","position":1,"name":"Home","item":"https:\/\/nordlinepaadid.ee\/et\/"},{"@type":"ListItem","position":2,"name":"Pood","item":"https:\/\/nordlinepaadid.ee\/et\/pood\/"},{"@type":"ListItem","position":3,"name":"MOOTORIKATE, 2-5 HP"}]},{"@type":"WebSite","@id":"https:\/\/nordlinepaadid.ee\/et\/#website","url":"https:\/\/nordlinepaadid.ee\/et\/","name":"NORDLINE s\u00f5udepaadid ja mootorpaadid. Klaasfiiber materjalist.","description":"","publisher":{"@id":"https:\/\/nordlinepaadid.ee\/et\/#organization"},"potentialAction":[{"@type":"SearchAction","target":{"@type":"EntryPoint","urlTemplate":"https:\/\/nordlinepaadid.ee\/et\/?s={search_term_string}"},"query-input":{"@type":"PropertyValueSpecification","valueRequired":true,"valueName":"search_term_string"}}],"inLanguage":"et"},{"@type":"Organization","@id":"https:\/\/nordlinepaadid.ee\/et\/#organization","name":"Nordlineboats","url":"https:\/\/nordlinepaadid.ee\/et\/","logo":{"@type":"ImageObject","inLanguage":"et","@id":"https:\/\/nordlinepaadid.ee\/et\/#\/schema\/logo\/image\/","url":"https:\/\/nordlinepaadid.ee\/wp-content\/uploads\/2023\/01\/fulllogo_transparent_nobuffer-e1672750475494.png","contentUrl":"https:\/\/nordlinepaadid.ee\/wp-content\/uploads\/2023\/01\/fulllogo_transparent_nobuffer-e1672750475494.png","width":150,"height":119,"caption":"Nordlineboats"},"image":{"@id":"https:\/\/nordlinepaadid.ee\/et\/#\/schema\/logo\/image\/"},"sameAs":["https:\/\/www.facebook.com\/nordlineboats","https:\/\/www.youtube.com\/channel\/UCbgF0fy02y3QkFnujaLTaCA"]}]}},"taxonomy_info":{"product_cat":[{"value":284,"label":"PAADIHOOLDUSVAHENDID"},{"value":292,"label":"Paadikatted, Tendid, Matid"},{"value":841,"label":"\u0422\u0435\u043d\u0442\u044b, \u041d\u0430\u0432\u0435\u0441\u044b, \u0411\u0440\u0435\u0437\u0435\u043d\u0442\u044b \u0434\u043b\u044f \u043b\u043e\u0434\u043e\u043a"}],"pa_color":[{"value":703,"label":"H\u00f5bedane"}],"pa_producer":[{"value":444,"label":"Lalizas"}],"pa_unit":[{"value":416,"label":"pcs"}]},"featured_image_src_large":["https:\/\/nordlinepaadid.ee\/wp-content\/uploads\/2023\/03\/3040_2024778_l.jpg",359,600,false],"author_info":[],"comment_info":"","_links":{"self":[{"href":"https:\/\/nordlinepaadid.ee\/et\/wp-json\/wp\/v2\/product\/19453","targetHints":{"allow":["GET"]}}],"collection":[{"href":"https:\/\/nordlinepaadid.ee\/et\/wp-json\/wp\/v2\/product"}],"about":[{"href":"https:\/\/nordlinepaadid.ee\/et\/wp-json\/wp\/v2\/types\/product"}],"wp:featuredmedia":[{"embeddable":true,"href":"https:\/\/nordlinepaadid.ee\/et\/wp-json\/wp\/v2\/media\/19454"}],"wp:attachment":[{"href":"https:\/\/nordlinepaadid.ee\/et\/wp-json\/wp\/v2\/media?parent=19453"}],"wp:term":[{"taxonomy":"product_brand","embeddable":true,"href":"https:\/\/nordlinepaadid.ee\/et\/wp-json\/wp\/v2\/product_brand?post=19453"},{"taxonomy":"product_cat","embeddable":true,"href":"https:\/\/nordlinepaadid.ee\/et\/wp-json\/wp\/v2\/product_cat?post=19453"},{"taxonomy":"product_tag","embeddable":true,"href":"https:\/\/nordlinepaadid.ee\/et\/wp-json\/wp\/v2\/product_tag?post=19453"}],"curies":[{"name":"wp","href":"https:\/\/api.w.org\/{rel}","templated":true}]}}