{"id":19470,"date":"2026-04-07T03:10:39","date_gmt":"2026-04-07T00:10:39","guid":{"rendered":"https:\/\/nordlinepaadid.ee\/pood\/console-cover-140-x-100-x-90-cm\/"},"modified":"2026-04-08T14:04:05","modified_gmt":"2026-04-08T11:04:05","slug":"konsoolikate-140-x-100-x-90-cm","status":"publish","type":"product","link":"https:\/\/nordlinepaadid.ee\/et\/pood\/ru-boat-care-and-maintenance\/ru-boat-covers-tents-tarpaulins\/konsoolikate-140-x-100-x-90-cm\/","title":{"rendered":"KONSOOLIKATE, 140 x 100 x 90 cm"},"content":{"rendered":"<p>Vastupidavast 0,15 mm pol\u00fcestrist valmistatud, topelt\u00f5mbluste ja elastse n\u00f6\u00f6riga kate tagab paadi konsooli kaitse ilmastiku eest.<\/p>\n<p>&#13;<\/p>\n<table border=\"1\" cellpadding=\"1\" cellspacing=\"1\" style=\"font-size:11.8181819915771px; width:400px\">&#13;<\/p>\n<caption>&#13;<\/p>\n<p style=\"text-align:left\"><strong>Konsoolikatete m\u00f5\u00f5dud<\/strong><\/p>\n<p>&#13;<br \/>\n\t<\/caption>\n<p>&#13;<\/p>\n<tbody>&#13;<\/p>\n<tr>&#13;<\/p>\n<td rowspan=\"2\" style=\"background-color:rgb(14, 119, 199); text-align:center\"><span style=\"color:rgb(255, 255, 255)\"><strong>Tootekood<\/strong><\/span><\/td>\n<p>&#13;<\/p>\n<td rowspan=\"2\" style=\"background-color:rgb(14, 119, 199); text-align:center\"><span style=\"color:rgb(255, 255, 255)\"><strong>Suurus<\/strong><\/span><\/td>\n<p>&#13;<\/p>\n<td colspan=\"6\" style=\"background-color:rgb(14, 119, 199); text-align:center\"><span style=\"color:rgb(255, 255, 255)\"><strong>M\u00f5\u00f5dud (cm)<\/strong><\/span><\/td>\n<p>&#13;<br \/>\n\t\t<\/tr>\n<p>&#13;<\/p>\n<tr>&#13;<\/p>\n<td style=\"background-color:rgb(14, 119, 199); text-align:center\"><span style=\"color:rgb(255, 255, 255)\"><strong>K\u00f5rgus 1<\/strong><\/span><\/td>\n<p>&#13;<\/p>\n<td style=\"background-color:rgb(14, 119, 199); text-align:center\"><span style=\"color:rgb(255, 255, 255)\"><strong>K\u00f5rgus 2<\/strong><\/span><\/td>\n<p>&#13;<\/p>\n<td style=\"background-color:rgb(14, 119, 199); text-align:center\"><span style=\"color:rgb(255, 255, 255)\"><strong>S\u00fcgavus<\/strong><\/span><\/td>\n<p>&#13;<\/p>\n<td style=\"background-color:rgb(14, 119, 199); text-align:center\"><span style=\"color:rgb(255, 255, 255)\"><strong>Laius<\/strong><\/span><\/td>\n<p>&#13;<br \/>\n\t\t<\/tr>\n<p>&#13;<\/p>\n<tr>&#13;<\/p>\n<td style=\"text-align:center\">L57355<\/td>\n<p>&#13;<\/p>\n<td style=\"text-align:center\">1<\/td>\n<p>&#13;<\/p>\n<td style=\"text-align:center\">115<\/td>\n<p>&#13;<\/p>\n<td style=\"text-align:center\">90<\/td>\n<p>&#13;<\/p>\n<td style=\"text-align:center\">45<\/td>\n<p>&#13;<\/p>\n<td style=\"text-align:center\">55<\/td>\n<p>&#13;<br \/>\n\t\t<\/tr>\n<p>&#13;<\/p>\n<tr>&#13;<\/p>\n<td style=\"text-align:center\">L57356<\/td>\n<p>&#13;<\/p>\n<td style=\"text-align:center\">2<\/td>\n<p>&#13;<\/p>\n<td style=\"text-align:center\">90<\/td>\n<p>&#13;<\/p>\n<td style=\"text-align:center\">65<\/td>\n<p>&#13;<\/p>\n<td style=\"text-align:center\">75<\/td>\n<p>&#13;<\/p>\n<td style=\"text-align:center\">85<\/td>\n<p>&#13;<br \/>\n\t\t<\/tr>\n<p>&#13;<\/p>\n<tr>&#13;<\/p>\n<td style=\"text-align:center\">L57357<\/td>\n<p>&#13;<\/p>\n<td style=\"text-align:center\">3<\/td>\n<p>&#13;<\/p>\n<td style=\"text-align:center\">120<\/td>\n<p>&#13;<\/p>\n<td style=\"text-align:center\">105<\/td>\n<p>&#13;<\/p>\n<td style=\"text-align:center\">75<\/td>\n<p>&#13;<\/p>\n<td style=\"text-align:center\">65<\/td>\n<p>&#13;<br \/>\n\t\t<\/tr>\n<p>&#13;<\/p>\n<tr>&#13;<\/p>\n<td style=\"text-align:center\">L57358<\/td>\n<p>&#13;<\/p>\n<td style=\"text-align:center\">4<\/td>\n<p>&#13;<\/p>\n<td style=\"text-align:center\">140<\/td>\n<p>&#13;<\/p>\n<td style=\"text-align:center\">100<\/td>\n<p>&#13;<\/p>\n<td style=\"text-align:center\">90<\/td>\n<p>&#13;<\/p>\n<td style=\"text-align:center\">70<\/td>\n<p>&#13;<br \/>\n\t\t<\/tr>\n<p>&#13;<br \/>\n\t<\/tbody>\n<p>&#13;<br \/>\n<\/table>\n<p>&#13;<\/p>\n","protected":false},"excerpt":{"rendered":"<p>Vastupidavast 0,15 mm pol\u00fcestrist valmistatud, topelt\u00f5mbluste ja elastse n\u00f6\u00f6riga kate tagab paadi konsooli kaitse ilmastiku eest. &#13; &#13; &#13; Konsoolikatete m\u00f5\u00f5dud &#13; &#13; &#13; &#13; Tootekood &#13; Suurus &#13; M\u00f5\u00f5dud (cm) &#13; &#13; &#13; K\u00f5rgus 1 &#13; K\u00f5rgus 2 &#13; S\u00fcgavus &#13; Laius &#13; &#13; &#13; L57355 &#13; 1 &#13; 115 &#13; 90 &#13; 45&#8230;<\/p>\n","protected":false},"featured_media":19464,"template":"","meta":{"_kad_blocks_custom_css":"","_kad_blocks_head_custom_js":"","_kad_blocks_body_custom_js":"","_kad_blocks_footer_custom_js":"","_kad_post_transparent":"","_kad_post_title":"","_kad_post_layout":"","_kad_post_sidebar_id":"","_kad_post_content_style":"","_kad_post_vertical_padding":"","_kad_post_feature":"","_kad_post_feature_position":"","_kad_post_header":false,"_kad_post_footer":false,"_kad_post_classname":""},"product_brand":[],"product_cat":[284,292,841],"product_tag":[],"class_list":{"0":"post-19470","1":"product","2":"type-product","3":"status-publish","4":"has-post-thumbnail","6":"product_cat-paadihooldusvahendid","7":"product_cat-paadikatted-tendid-matid","8":"product_cat-ru-boat-covers-tents-tarpaulins","9":"product_shipping_class-pakiautomaati-mahtuv-kaup","10":"pa_color-hobedane","11":"pa_producer-lalizas","12":"pa_unit-pcs","13":"tm-no-options","15":"first","16":"onbackorder","17":"taxable","18":"shipping-taxable","19":"purchasable","20":"product-type-simple","21":"entry","22":"content-bg","23":"loop-entry"},"yoast_head":"<!-- This site is optimized with the Yoast SEO plugin v27.3 - https:\/\/yoast.com\/product\/yoast-seo-wordpress\/ -->\n<title>KONSOOLIKATE, 140 x 100 x 90 cm - NORDLINE s\u00f5udepaadid ja mootorpaadid. Klaasfiiber materjalist.<\/title>\n<meta name=\"robots\" content=\"index, follow, max-snippet:-1, max-image-preview:large, max-video-preview:-1\" \/>\n<link rel=\"canonical\" href=\"https:\/\/nordlinepaadid.ee\/et\/pood\/ru-boat-care-and-maintenance\/ru-boat-covers-tents-tarpaulins\/konsoolikate-140-x-100-x-90-cm\/\" \/>\n<meta property=\"og:locale\" content=\"et_EE\" \/>\n<meta property=\"og:type\" content=\"article\" \/>\n<meta property=\"og:title\" content=\"KONSOOLIKATE, 140 x 100 x 90 cm - NORDLINE s\u00f5udepaadid ja mootorpaadid. Klaasfiiber materjalist.\" \/>\n<meta property=\"og:description\" content=\"Vastupidavast 0,15 mm pol\u00fcestrist valmistatud, topelt\u00f5mbluste ja elastse n\u00f6\u00f6riga kate tagab paadi konsooli kaitse ilmastiku eest. &#013; &#013; &#013; Konsoolikatete m\u00f5\u00f5dud &#013; &#013; &#013; &#013; Tootekood &#013; Suurus &#013; M\u00f5\u00f5dud (cm) &#013; &#013; &#013; K\u00f5rgus 1 &#013; K\u00f5rgus 2 &#013; S\u00fcgavus &#013; Laius &#013; &#013; &#013; L57355 &#013; 1 &#013; 115 &#013; 90 &#013; 45...\" \/>\n<meta property=\"og:url\" content=\"https:\/\/nordlinepaadid.ee\/et\/pood\/ru-boat-care-and-maintenance\/ru-boat-covers-tents-tarpaulins\/konsoolikate-140-x-100-x-90-cm\/\" \/>\n<meta property=\"og:site_name\" content=\"NORDLINE s\u00f5udepaadid ja mootorpaadid. Klaasfiiber materjalist.\" \/>\n<meta property=\"article:publisher\" content=\"https:\/\/www.facebook.com\/nordlineboats\" \/>\n<meta property=\"article:modified_time\" content=\"2026-04-08T11:04:05+00:00\" \/>\n<meta property=\"og:image\" content=\"https:\/\/nordlinepaadid.ee\/wp-content\/uploads\/2023\/03\/3042_image.jpg\" \/>\n\t<meta property=\"og:image:width\" content=\"228\" \/>\n\t<meta property=\"og:image:height\" content=\"240\" \/>\n\t<meta property=\"og:image:type\" content=\"image\/jpeg\" \/>\n<meta name=\"twitter:card\" content=\"summary_large_image\" \/>\n<script type=\"application\/ld+json\" class=\"yoast-schema-graph\">{\"@context\":\"https:\\\/\\\/schema.org\",\"@graph\":[{\"@type\":\"WebPage\",\"@id\":\"https:\\\/\\\/nordlinepaadid.ee\\\/et\\\/pood\\\/ru-boat-care-and-maintenance\\\/ru-boat-covers-tents-tarpaulins\\\/konsoolikate-140-x-100-x-90-cm\\\/\",\"url\":\"https:\\\/\\\/nordlinepaadid.ee\\\/et\\\/pood\\\/ru-boat-care-and-maintenance\\\/ru-boat-covers-tents-tarpaulins\\\/konsoolikate-140-x-100-x-90-cm\\\/\",\"name\":\"KONSOOLIKATE, 140 x 100 x 90 cm - NORDLINE s\u00f5udepaadid ja mootorpaadid. Klaasfiiber materjalist.\",\"isPartOf\":{\"@id\":\"https:\\\/\\\/nordlinepaadid.ee\\\/et\\\/#website\"},\"primaryImageOfPage\":{\"@id\":\"https:\\\/\\\/nordlinepaadid.ee\\\/et\\\/pood\\\/ru-boat-care-and-maintenance\\\/ru-boat-covers-tents-tarpaulins\\\/konsoolikate-140-x-100-x-90-cm\\\/#primaryimage\"},\"image\":{\"@id\":\"https:\\\/\\\/nordlinepaadid.ee\\\/et\\\/pood\\\/ru-boat-care-and-maintenance\\\/ru-boat-covers-tents-tarpaulins\\\/konsoolikate-140-x-100-x-90-cm\\\/#primaryimage\"},\"thumbnailUrl\":\"https:\\\/\\\/nordlinepaadid.ee\\\/wp-content\\\/uploads\\\/2023\\\/03\\\/3042_image.jpg\",\"datePublished\":\"2026-04-07T00:10:39+00:00\",\"dateModified\":\"2026-04-08T11:04:05+00:00\",\"breadcrumb\":{\"@id\":\"https:\\\/\\\/nordlinepaadid.ee\\\/et\\\/pood\\\/ru-boat-care-and-maintenance\\\/ru-boat-covers-tents-tarpaulins\\\/konsoolikate-140-x-100-x-90-cm\\\/#breadcrumb\"},\"inLanguage\":\"et\",\"potentialAction\":[{\"@type\":\"ReadAction\",\"target\":[\"https:\\\/\\\/nordlinepaadid.ee\\\/et\\\/pood\\\/ru-boat-care-and-maintenance\\\/ru-boat-covers-tents-tarpaulins\\\/konsoolikate-140-x-100-x-90-cm\\\/\"]}]},{\"@type\":\"ImageObject\",\"inLanguage\":\"et\",\"@id\":\"https:\\\/\\\/nordlinepaadid.ee\\\/et\\\/pood\\\/ru-boat-care-and-maintenance\\\/ru-boat-covers-tents-tarpaulins\\\/konsoolikate-140-x-100-x-90-cm\\\/#primaryimage\",\"url\":\"https:\\\/\\\/nordlinepaadid.ee\\\/wp-content\\\/uploads\\\/2023\\\/03\\\/3042_image.jpg\",\"contentUrl\":\"https:\\\/\\\/nordlinepaadid.ee\\\/wp-content\\\/uploads\\\/2023\\\/03\\\/3042_image.jpg\",\"width\":228,\"height\":240},{\"@type\":\"BreadcrumbList\",\"@id\":\"https:\\\/\\\/nordlinepaadid.ee\\\/et\\\/pood\\\/ru-boat-care-and-maintenance\\\/ru-boat-covers-tents-tarpaulins\\\/konsoolikate-140-x-100-x-90-cm\\\/#breadcrumb\",\"itemListElement\":[{\"@type\":\"ListItem\",\"position\":1,\"name\":\"Home\",\"item\":\"https:\\\/\\\/nordlinepaadid.ee\\\/et\\\/\"},{\"@type\":\"ListItem\",\"position\":2,\"name\":\"Pood\",\"item\":\"https:\\\/\\\/nordlinepaadid.ee\\\/et\\\/pood\\\/\"},{\"@type\":\"ListItem\",\"position\":3,\"name\":\"KONSOOLIKATE, 140 x 100 x 90 cm\"}]},{\"@type\":\"WebSite\",\"@id\":\"https:\\\/\\\/nordlinepaadid.ee\\\/et\\\/#website\",\"url\":\"https:\\\/\\\/nordlinepaadid.ee\\\/et\\\/\",\"name\":\"NORDLINE s\u00f5udepaadid ja mootorpaadid. Klaasfiiber materjalist.\",\"description\":\"\",\"publisher\":{\"@id\":\"https:\\\/\\\/nordlinepaadid.ee\\\/et\\\/#organization\"},\"potentialAction\":[{\"@type\":\"SearchAction\",\"target\":{\"@type\":\"EntryPoint\",\"urlTemplate\":\"https:\\\/\\\/nordlinepaadid.ee\\\/et\\\/?s={search_term_string}\"},\"query-input\":{\"@type\":\"PropertyValueSpecification\",\"valueRequired\":true,\"valueName\":\"search_term_string\"}}],\"inLanguage\":\"et\"},{\"@type\":\"Organization\",\"@id\":\"https:\\\/\\\/nordlinepaadid.ee\\\/et\\\/#organization\",\"name\":\"Nordlineboats\",\"url\":\"https:\\\/\\\/nordlinepaadid.ee\\\/et\\\/\",\"logo\":{\"@type\":\"ImageObject\",\"inLanguage\":\"et\",\"@id\":\"https:\\\/\\\/nordlinepaadid.ee\\\/et\\\/#\\\/schema\\\/logo\\\/image\\\/\",\"url\":\"https:\\\/\\\/nordlinepaadid.ee\\\/wp-content\\\/uploads\\\/2023\\\/01\\\/fulllogo_transparent_nobuffer-e1672750475494.png\",\"contentUrl\":\"https:\\\/\\\/nordlinepaadid.ee\\\/wp-content\\\/uploads\\\/2023\\\/01\\\/fulllogo_transparent_nobuffer-e1672750475494.png\",\"width\":150,\"height\":119,\"caption\":\"Nordlineboats\"},\"image\":{\"@id\":\"https:\\\/\\\/nordlinepaadid.ee\\\/et\\\/#\\\/schema\\\/logo\\\/image\\\/\"},\"sameAs\":[\"https:\\\/\\\/www.facebook.com\\\/nordlineboats\",\"https:\\\/\\\/www.youtube.com\\\/channel\\\/UCbgF0fy02y3QkFnujaLTaCA\"]}]}<\/script>\n<!-- \/ Yoast SEO plugin. -->","yoast_head_json":{"title":"KONSOOLIKATE, 140 x 100 x 90 cm - NORDLINE s\u00f5udepaadid ja mootorpaadid. Klaasfiiber materjalist.","robots":{"index":"index","follow":"follow","max-snippet":"max-snippet:-1","max-image-preview":"max-image-preview:large","max-video-preview":"max-video-preview:-1"},"canonical":"https:\/\/nordlinepaadid.ee\/et\/pood\/ru-boat-care-and-maintenance\/ru-boat-covers-tents-tarpaulins\/konsoolikate-140-x-100-x-90-cm\/","og_locale":"et_EE","og_type":"article","og_title":"KONSOOLIKATE, 140 x 100 x 90 cm - NORDLINE s\u00f5udepaadid ja mootorpaadid. Klaasfiiber materjalist.","og_description":"Vastupidavast 0,15 mm pol\u00fcestrist valmistatud, topelt\u00f5mbluste ja elastse n\u00f6\u00f6riga kate tagab paadi konsooli kaitse ilmastiku eest. &#13; &#13; &#13; Konsoolikatete m\u00f5\u00f5dud &#13; &#13; &#13; &#13; Tootekood &#13; Suurus &#13; M\u00f5\u00f5dud (cm) &#13; &#13; &#13; K\u00f5rgus 1 &#13; K\u00f5rgus 2 &#13; S\u00fcgavus &#13; Laius &#13; &#13; &#13; L57355 &#13; 1 &#13; 115 &#13; 90 &#13; 45...","og_url":"https:\/\/nordlinepaadid.ee\/et\/pood\/ru-boat-care-and-maintenance\/ru-boat-covers-tents-tarpaulins\/konsoolikate-140-x-100-x-90-cm\/","og_site_name":"NORDLINE s\u00f5udepaadid ja mootorpaadid. Klaasfiiber materjalist.","article_publisher":"https:\/\/www.facebook.com\/nordlineboats","article_modified_time":"2026-04-08T11:04:05+00:00","og_image":[{"width":228,"height":240,"url":"https:\/\/nordlinepaadid.ee\/wp-content\/uploads\/2023\/03\/3042_image.jpg","type":"image\/jpeg"}],"twitter_card":"summary_large_image","schema":{"@context":"https:\/\/schema.org","@graph":[{"@type":"WebPage","@id":"https:\/\/nordlinepaadid.ee\/et\/pood\/ru-boat-care-and-maintenance\/ru-boat-covers-tents-tarpaulins\/konsoolikate-140-x-100-x-90-cm\/","url":"https:\/\/nordlinepaadid.ee\/et\/pood\/ru-boat-care-and-maintenance\/ru-boat-covers-tents-tarpaulins\/konsoolikate-140-x-100-x-90-cm\/","name":"KONSOOLIKATE, 140 x 100 x 90 cm - NORDLINE s\u00f5udepaadid ja mootorpaadid. Klaasfiiber materjalist.","isPartOf":{"@id":"https:\/\/nordlinepaadid.ee\/et\/#website"},"primaryImageOfPage":{"@id":"https:\/\/nordlinepaadid.ee\/et\/pood\/ru-boat-care-and-maintenance\/ru-boat-covers-tents-tarpaulins\/konsoolikate-140-x-100-x-90-cm\/#primaryimage"},"image":{"@id":"https:\/\/nordlinepaadid.ee\/et\/pood\/ru-boat-care-and-maintenance\/ru-boat-covers-tents-tarpaulins\/konsoolikate-140-x-100-x-90-cm\/#primaryimage"},"thumbnailUrl":"https:\/\/nordlinepaadid.ee\/wp-content\/uploads\/2023\/03\/3042_image.jpg","datePublished":"2026-04-07T00:10:39+00:00","dateModified":"2026-04-08T11:04:05+00:00","breadcrumb":{"@id":"https:\/\/nordlinepaadid.ee\/et\/pood\/ru-boat-care-and-maintenance\/ru-boat-covers-tents-tarpaulins\/konsoolikate-140-x-100-x-90-cm\/#breadcrumb"},"inLanguage":"et","potentialAction":[{"@type":"ReadAction","target":["https:\/\/nordlinepaadid.ee\/et\/pood\/ru-boat-care-and-maintenance\/ru-boat-covers-tents-tarpaulins\/konsoolikate-140-x-100-x-90-cm\/"]}]},{"@type":"ImageObject","inLanguage":"et","@id":"https:\/\/nordlinepaadid.ee\/et\/pood\/ru-boat-care-and-maintenance\/ru-boat-covers-tents-tarpaulins\/konsoolikate-140-x-100-x-90-cm\/#primaryimage","url":"https:\/\/nordlinepaadid.ee\/wp-content\/uploads\/2023\/03\/3042_image.jpg","contentUrl":"https:\/\/nordlinepaadid.ee\/wp-content\/uploads\/2023\/03\/3042_image.jpg","width":228,"height":240},{"@type":"BreadcrumbList","@id":"https:\/\/nordlinepaadid.ee\/et\/pood\/ru-boat-care-and-maintenance\/ru-boat-covers-tents-tarpaulins\/konsoolikate-140-x-100-x-90-cm\/#breadcrumb","itemListElement":[{"@type":"ListItem","position":1,"name":"Home","item":"https:\/\/nordlinepaadid.ee\/et\/"},{"@type":"ListItem","position":2,"name":"Pood","item":"https:\/\/nordlinepaadid.ee\/et\/pood\/"},{"@type":"ListItem","position":3,"name":"KONSOOLIKATE, 140 x 100 x 90 cm"}]},{"@type":"WebSite","@id":"https:\/\/nordlinepaadid.ee\/et\/#website","url":"https:\/\/nordlinepaadid.ee\/et\/","name":"NORDLINE s\u00f5udepaadid ja mootorpaadid. Klaasfiiber materjalist.","description":"","publisher":{"@id":"https:\/\/nordlinepaadid.ee\/et\/#organization"},"potentialAction":[{"@type":"SearchAction","target":{"@type":"EntryPoint","urlTemplate":"https:\/\/nordlinepaadid.ee\/et\/?s={search_term_string}"},"query-input":{"@type":"PropertyValueSpecification","valueRequired":true,"valueName":"search_term_string"}}],"inLanguage":"et"},{"@type":"Organization","@id":"https:\/\/nordlinepaadid.ee\/et\/#organization","name":"Nordlineboats","url":"https:\/\/nordlinepaadid.ee\/et\/","logo":{"@type":"ImageObject","inLanguage":"et","@id":"https:\/\/nordlinepaadid.ee\/et\/#\/schema\/logo\/image\/","url":"https:\/\/nordlinepaadid.ee\/wp-content\/uploads\/2023\/01\/fulllogo_transparent_nobuffer-e1672750475494.png","contentUrl":"https:\/\/nordlinepaadid.ee\/wp-content\/uploads\/2023\/01\/fulllogo_transparent_nobuffer-e1672750475494.png","width":150,"height":119,"caption":"Nordlineboats"},"image":{"@id":"https:\/\/nordlinepaadid.ee\/et\/#\/schema\/logo\/image\/"},"sameAs":["https:\/\/www.facebook.com\/nordlineboats","https:\/\/www.youtube.com\/channel\/UCbgF0fy02y3QkFnujaLTaCA"]}]}},"taxonomy_info":{"product_cat":[{"value":284,"label":"PAADIHOOLDUSVAHENDID"},{"value":292,"label":"Paadikatted, Tendid, Matid"},{"value":841,"label":"\u0422\u0435\u043d\u0442\u044b, \u041d\u0430\u0432\u0435\u0441\u044b, \u0411\u0440\u0435\u0437\u0435\u043d\u0442\u044b \u0434\u043b\u044f \u043b\u043e\u0434\u043e\u043a"}],"pa_color":[{"value":703,"label":"H\u00f5bedane"}],"pa_producer":[{"value":444,"label":"Lalizas"}],"pa_unit":[{"value":416,"label":"pcs"}]},"featured_image_src_large":["https:\/\/nordlinepaadid.ee\/wp-content\/uploads\/2023\/03\/3042_image.jpg",228,240,false],"author_info":[],"comment_info":"","_links":{"self":[{"href":"https:\/\/nordlinepaadid.ee\/et\/wp-json\/wp\/v2\/product\/19470","targetHints":{"allow":["GET"]}}],"collection":[{"href":"https:\/\/nordlinepaadid.ee\/et\/wp-json\/wp\/v2\/product"}],"about":[{"href":"https:\/\/nordlinepaadid.ee\/et\/wp-json\/wp\/v2\/types\/product"}],"wp:featuredmedia":[{"embeddable":true,"href":"https:\/\/nordlinepaadid.ee\/et\/wp-json\/wp\/v2\/media\/19464"}],"wp:attachment":[{"href":"https:\/\/nordlinepaadid.ee\/et\/wp-json\/wp\/v2\/media?parent=19470"}],"wp:term":[{"taxonomy":"product_brand","embeddable":true,"href":"https:\/\/nordlinepaadid.ee\/et\/wp-json\/wp\/v2\/product_brand?post=19470"},{"taxonomy":"product_cat","embeddable":true,"href":"https:\/\/nordlinepaadid.ee\/et\/wp-json\/wp\/v2\/product_cat?post=19470"},{"taxonomy":"product_tag","embeddable":true,"href":"https:\/\/nordlinepaadid.ee\/et\/wp-json\/wp\/v2\/product_tag?post=19470"}],"curies":[{"name":"wp","href":"https:\/\/api.w.org\/{rel}","templated":true}]}}