{"id":20031,"date":"2026-04-07T03:11:17","date_gmt":"2026-04-07T00:11:17","guid":{"rendered":"https:\/\/nordlinepaadid.ee\/pood\/sailing-watch-optimum-sailing-os319-jumbo\/"},"modified":"2026-04-08T16:05:17","modified_gmt":"2026-04-08T13:05:17","slug":"purjetamiskell-optimum-sailing-os319-jumbo","status":"publish","type":"product","link":"https:\/\/nordlinepaadid.ee\/et\/pood\/navigatsiooni-vahendid\/watches-sport-watches\/purjetamiskell-optimum-sailing-os319-jumbo\/","title":{"rendered":"PURJETAMISKELL- OPTIMUM SAILING, OS319 JUMBO"},"content":{"rendered":"<p>Stardikell purjetajatele ja surfaritele. Nende \u201csuur kollane\u201d Jumbo on tunnustatud leidnud purjetajate poolt \u00fcle terve maailma. N\u00fc\u00fcd on see kell saadaval ka roosana. Omadused: Suur 65 mm l\u00e4bim\u00f5\u00f5duga ABS korpus; 38 x 20 mm tabloo; Suured 16 mm numbrid; Muudetav vaatenurk; Poomile-mastile kinnitamise v\u00f5imalus; Veekindlus 5 ATM; L\u00f6\u00f6gikindel konstruktsioon; Kellaaja n\u00e4it 12 h v\u00f5i 24 h re\u017eiimis; Kalender; \u00c4ratus. Spetsiaalsed purjetamise funktsioonid: \u00dcles-alla loenduv taimer; 5,4,1,0 ISAF vastav stardiprotseduur koos audio alarmiga; 5 min, 3 min ja mitmekordne 1 minuti taimer; Stardi hilisem s\u00fcnkroniseerimise v\u00f5imaluse juhul kui stardisignaali ei m\u00e4rgatud; Taustvalgustus.<\/p>\n","protected":false},"excerpt":{"rendered":"<p>Stardikell purjetajatele ja surfaritele. Nende \u201csuur kollane\u201d Jumbo on tunnustatud leidnud purjetajate poolt \u00fcle terve maailma. N\u00fc\u00fcd on see kell saadaval ka roosana. Omadused: Suur 65 mm l\u00e4bim\u00f5\u00f5duga ABS korpus; 38 x 20 mm tabloo; Suured 16 mm numbrid; Muudetav vaatenurk; Poomile-mastile kinnitamise v\u00f5imalus; Veekindlus 5 ATM; L\u00f6\u00f6gikindel konstruktsioon; Kellaaja n\u00e4it 12 h v\u00f5i 24&#8230;<\/p>\n","protected":false},"featured_media":20032,"template":"","meta":{"_kad_blocks_custom_css":"","_kad_blocks_head_custom_js":"","_kad_blocks_body_custom_js":"","_kad_blocks_footer_custom_js":"","_kad_post_transparent":"","_kad_post_title":"","_kad_post_layout":"","_kad_post_sidebar_id":"","_kad_post_content_style":"","_kad_post_vertical_padding":"","_kad_post_feature":"","_kad_post_feature_position":"","_kad_post_header":false,"_kad_post_footer":false,"_kad_post_classname":""},"product_brand":[],"product_cat":[344,247],"product_tag":[],"class_list":{"0":"post-20031","1":"product","2":"type-product","3":"status-publish","4":"has-post-thumbnail","6":"product_cat-watches-sport-watches","7":"product_cat-navigatsiooni-vahendid","8":"product_shipping_class-pakiautomaati-mahtuv-kaup","9":"pa_color-roosa","10":"pa_producer-optimum-time","11":"pa_unit-pcs","12":"tm-no-options","14":"first","15":"onbackorder","16":"taxable","17":"shipping-taxable","18":"purchasable","19":"product-type-simple","20":"entry","21":"content-bg","22":"loop-entry"},"yoast_head":"<!-- This site is optimized with the Yoast SEO plugin v27.3 - https:\/\/yoast.com\/product\/yoast-seo-wordpress\/ -->\n<title>PURJETAMISKELL- OPTIMUM SAILING, OS319 JUMBO - NORDLINE s\u00f5udepaadid ja mootorpaadid. Klaasfiiber materjalist.<\/title>\n<meta name=\"robots\" content=\"index, follow, max-snippet:-1, max-image-preview:large, max-video-preview:-1\" \/>\n<link rel=\"canonical\" href=\"https:\/\/nordlinepaadid.ee\/et\/pood\/navigatsiooni-vahendid\/watches-sport-watches\/purjetamiskell-optimum-sailing-os319-jumbo\/\" \/>\n<meta property=\"og:locale\" content=\"et_EE\" \/>\n<meta property=\"og:type\" content=\"article\" \/>\n<meta property=\"og:title\" content=\"PURJETAMISKELL- OPTIMUM SAILING, OS319 JUMBO - NORDLINE s\u00f5udepaadid ja mootorpaadid. Klaasfiiber materjalist.\" \/>\n<meta property=\"og:description\" content=\"Stardikell purjetajatele ja surfaritele. Nende \u201csuur kollane\u201d Jumbo on tunnustatud leidnud purjetajate poolt \u00fcle terve maailma. N\u00fc\u00fcd on see kell saadaval ka roosana. Omadused: Suur 65 mm l\u00e4bim\u00f5\u00f5duga ABS korpus; 38 x 20 mm tabloo; Suured 16 mm numbrid; Muudetav vaatenurk; Poomile-mastile kinnitamise v\u00f5imalus; Veekindlus 5 ATM; L\u00f6\u00f6gikindel konstruktsioon; Kellaaja n\u00e4it 12 h v\u00f5i 24...\" \/>\n<meta property=\"og:url\" content=\"https:\/\/nordlinepaadid.ee\/et\/pood\/navigatsiooni-vahendid\/watches-sport-watches\/purjetamiskell-optimum-sailing-os319-jumbo\/\" \/>\n<meta property=\"og:site_name\" content=\"NORDLINE s\u00f5udepaadid ja mootorpaadid. Klaasfiiber materjalist.\" \/>\n<meta property=\"article:publisher\" content=\"https:\/\/www.facebook.com\/nordlineboats\" \/>\n<meta property=\"article:modified_time\" content=\"2026-04-08T13:05:17+00:00\" \/>\n<meta property=\"og:image\" content=\"https:\/\/nordlinepaadid.ee\/wp-content\/uploads\/2023\/03\/3462_OS319_-_1.jpg\" \/>\n\t<meta property=\"og:image:width\" content=\"649\" \/>\n\t<meta property=\"og:image:height\" content=\"750\" \/>\n\t<meta property=\"og:image:type\" content=\"image\/jpeg\" \/>\n<meta name=\"twitter:card\" content=\"summary_large_image\" \/>\n<script type=\"application\/ld+json\" class=\"yoast-schema-graph\">{\"@context\":\"https:\\\/\\\/schema.org\",\"@graph\":[{\"@type\":\"WebPage\",\"@id\":\"https:\\\/\\\/nordlinepaadid.ee\\\/et\\\/pood\\\/navigatsiooni-vahendid\\\/watches-sport-watches\\\/purjetamiskell-optimum-sailing-os319-jumbo\\\/\",\"url\":\"https:\\\/\\\/nordlinepaadid.ee\\\/et\\\/pood\\\/navigatsiooni-vahendid\\\/watches-sport-watches\\\/purjetamiskell-optimum-sailing-os319-jumbo\\\/\",\"name\":\"PURJETAMISKELL- OPTIMUM SAILING, OS319 JUMBO - NORDLINE s\u00f5udepaadid ja mootorpaadid. Klaasfiiber materjalist.\",\"isPartOf\":{\"@id\":\"https:\\\/\\\/nordlinepaadid.ee\\\/et\\\/#website\"},\"primaryImageOfPage\":{\"@id\":\"https:\\\/\\\/nordlinepaadid.ee\\\/et\\\/pood\\\/navigatsiooni-vahendid\\\/watches-sport-watches\\\/purjetamiskell-optimum-sailing-os319-jumbo\\\/#primaryimage\"},\"image\":{\"@id\":\"https:\\\/\\\/nordlinepaadid.ee\\\/et\\\/pood\\\/navigatsiooni-vahendid\\\/watches-sport-watches\\\/purjetamiskell-optimum-sailing-os319-jumbo\\\/#primaryimage\"},\"thumbnailUrl\":\"https:\\\/\\\/nordlinepaadid.ee\\\/wp-content\\\/uploads\\\/2023\\\/03\\\/3462_OS319_-_1.jpg\",\"datePublished\":\"2026-04-07T00:11:17+00:00\",\"dateModified\":\"2026-04-08T13:05:17+00:00\",\"breadcrumb\":{\"@id\":\"https:\\\/\\\/nordlinepaadid.ee\\\/et\\\/pood\\\/navigatsiooni-vahendid\\\/watches-sport-watches\\\/purjetamiskell-optimum-sailing-os319-jumbo\\\/#breadcrumb\"},\"inLanguage\":\"et\",\"potentialAction\":[{\"@type\":\"ReadAction\",\"target\":[\"https:\\\/\\\/nordlinepaadid.ee\\\/et\\\/pood\\\/navigatsiooni-vahendid\\\/watches-sport-watches\\\/purjetamiskell-optimum-sailing-os319-jumbo\\\/\"]}]},{\"@type\":\"ImageObject\",\"inLanguage\":\"et\",\"@id\":\"https:\\\/\\\/nordlinepaadid.ee\\\/et\\\/pood\\\/navigatsiooni-vahendid\\\/watches-sport-watches\\\/purjetamiskell-optimum-sailing-os319-jumbo\\\/#primaryimage\",\"url\":\"https:\\\/\\\/nordlinepaadid.ee\\\/wp-content\\\/uploads\\\/2023\\\/03\\\/3462_OS319_-_1.jpg\",\"contentUrl\":\"https:\\\/\\\/nordlinepaadid.ee\\\/wp-content\\\/uploads\\\/2023\\\/03\\\/3462_OS319_-_1.jpg\",\"width\":649,\"height\":750},{\"@type\":\"BreadcrumbList\",\"@id\":\"https:\\\/\\\/nordlinepaadid.ee\\\/et\\\/pood\\\/navigatsiooni-vahendid\\\/watches-sport-watches\\\/purjetamiskell-optimum-sailing-os319-jumbo\\\/#breadcrumb\",\"itemListElement\":[{\"@type\":\"ListItem\",\"position\":1,\"name\":\"Home\",\"item\":\"https:\\\/\\\/nordlinepaadid.ee\\\/et\\\/\"},{\"@type\":\"ListItem\",\"position\":2,\"name\":\"Pood\",\"item\":\"https:\\\/\\\/nordlinepaadid.ee\\\/et\\\/pood\\\/\"},{\"@type\":\"ListItem\",\"position\":3,\"name\":\"PURJETAMISKELL- OPTIMUM SAILING, OS319 JUMBO\"}]},{\"@type\":\"WebSite\",\"@id\":\"https:\\\/\\\/nordlinepaadid.ee\\\/et\\\/#website\",\"url\":\"https:\\\/\\\/nordlinepaadid.ee\\\/et\\\/\",\"name\":\"NORDLINE s\u00f5udepaadid ja mootorpaadid. Klaasfiiber materjalist.\",\"description\":\"\",\"publisher\":{\"@id\":\"https:\\\/\\\/nordlinepaadid.ee\\\/et\\\/#organization\"},\"potentialAction\":[{\"@type\":\"SearchAction\",\"target\":{\"@type\":\"EntryPoint\",\"urlTemplate\":\"https:\\\/\\\/nordlinepaadid.ee\\\/et\\\/?s={search_term_string}\"},\"query-input\":{\"@type\":\"PropertyValueSpecification\",\"valueRequired\":true,\"valueName\":\"search_term_string\"}}],\"inLanguage\":\"et\"},{\"@type\":\"Organization\",\"@id\":\"https:\\\/\\\/nordlinepaadid.ee\\\/et\\\/#organization\",\"name\":\"Nordlineboats\",\"url\":\"https:\\\/\\\/nordlinepaadid.ee\\\/et\\\/\",\"logo\":{\"@type\":\"ImageObject\",\"inLanguage\":\"et\",\"@id\":\"https:\\\/\\\/nordlinepaadid.ee\\\/et\\\/#\\\/schema\\\/logo\\\/image\\\/\",\"url\":\"https:\\\/\\\/nordlinepaadid.ee\\\/wp-content\\\/uploads\\\/2023\\\/01\\\/fulllogo_transparent_nobuffer-e1672750475494.png\",\"contentUrl\":\"https:\\\/\\\/nordlinepaadid.ee\\\/wp-content\\\/uploads\\\/2023\\\/01\\\/fulllogo_transparent_nobuffer-e1672750475494.png\",\"width\":150,\"height\":119,\"caption\":\"Nordlineboats\"},\"image\":{\"@id\":\"https:\\\/\\\/nordlinepaadid.ee\\\/et\\\/#\\\/schema\\\/logo\\\/image\\\/\"},\"sameAs\":[\"https:\\\/\\\/www.facebook.com\\\/nordlineboats\",\"https:\\\/\\\/www.youtube.com\\\/channel\\\/UCbgF0fy02y3QkFnujaLTaCA\"]}]}<\/script>\n<!-- \/ Yoast SEO plugin. -->","yoast_head_json":{"title":"PURJETAMISKELL- OPTIMUM SAILING, OS319 JUMBO - NORDLINE s\u00f5udepaadid ja mootorpaadid. Klaasfiiber materjalist.","robots":{"index":"index","follow":"follow","max-snippet":"max-snippet:-1","max-image-preview":"max-image-preview:large","max-video-preview":"max-video-preview:-1"},"canonical":"https:\/\/nordlinepaadid.ee\/et\/pood\/navigatsiooni-vahendid\/watches-sport-watches\/purjetamiskell-optimum-sailing-os319-jumbo\/","og_locale":"et_EE","og_type":"article","og_title":"PURJETAMISKELL- OPTIMUM SAILING, OS319 JUMBO - NORDLINE s\u00f5udepaadid ja mootorpaadid. Klaasfiiber materjalist.","og_description":"Stardikell purjetajatele ja surfaritele. Nende \u201csuur kollane\u201d Jumbo on tunnustatud leidnud purjetajate poolt \u00fcle terve maailma. N\u00fc\u00fcd on see kell saadaval ka roosana. Omadused: Suur 65 mm l\u00e4bim\u00f5\u00f5duga ABS korpus; 38 x 20 mm tabloo; Suured 16 mm numbrid; Muudetav vaatenurk; Poomile-mastile kinnitamise v\u00f5imalus; Veekindlus 5 ATM; L\u00f6\u00f6gikindel konstruktsioon; Kellaaja n\u00e4it 12 h v\u00f5i 24...","og_url":"https:\/\/nordlinepaadid.ee\/et\/pood\/navigatsiooni-vahendid\/watches-sport-watches\/purjetamiskell-optimum-sailing-os319-jumbo\/","og_site_name":"NORDLINE s\u00f5udepaadid ja mootorpaadid. Klaasfiiber materjalist.","article_publisher":"https:\/\/www.facebook.com\/nordlineboats","article_modified_time":"2026-04-08T13:05:17+00:00","og_image":[{"width":649,"height":750,"url":"https:\/\/nordlinepaadid.ee\/wp-content\/uploads\/2023\/03\/3462_OS319_-_1.jpg","type":"image\/jpeg"}],"twitter_card":"summary_large_image","schema":{"@context":"https:\/\/schema.org","@graph":[{"@type":"WebPage","@id":"https:\/\/nordlinepaadid.ee\/et\/pood\/navigatsiooni-vahendid\/watches-sport-watches\/purjetamiskell-optimum-sailing-os319-jumbo\/","url":"https:\/\/nordlinepaadid.ee\/et\/pood\/navigatsiooni-vahendid\/watches-sport-watches\/purjetamiskell-optimum-sailing-os319-jumbo\/","name":"PURJETAMISKELL- OPTIMUM SAILING, OS319 JUMBO - NORDLINE s\u00f5udepaadid ja mootorpaadid. Klaasfiiber materjalist.","isPartOf":{"@id":"https:\/\/nordlinepaadid.ee\/et\/#website"},"primaryImageOfPage":{"@id":"https:\/\/nordlinepaadid.ee\/et\/pood\/navigatsiooni-vahendid\/watches-sport-watches\/purjetamiskell-optimum-sailing-os319-jumbo\/#primaryimage"},"image":{"@id":"https:\/\/nordlinepaadid.ee\/et\/pood\/navigatsiooni-vahendid\/watches-sport-watches\/purjetamiskell-optimum-sailing-os319-jumbo\/#primaryimage"},"thumbnailUrl":"https:\/\/nordlinepaadid.ee\/wp-content\/uploads\/2023\/03\/3462_OS319_-_1.jpg","datePublished":"2026-04-07T00:11:17+00:00","dateModified":"2026-04-08T13:05:17+00:00","breadcrumb":{"@id":"https:\/\/nordlinepaadid.ee\/et\/pood\/navigatsiooni-vahendid\/watches-sport-watches\/purjetamiskell-optimum-sailing-os319-jumbo\/#breadcrumb"},"inLanguage":"et","potentialAction":[{"@type":"ReadAction","target":["https:\/\/nordlinepaadid.ee\/et\/pood\/navigatsiooni-vahendid\/watches-sport-watches\/purjetamiskell-optimum-sailing-os319-jumbo\/"]}]},{"@type":"ImageObject","inLanguage":"et","@id":"https:\/\/nordlinepaadid.ee\/et\/pood\/navigatsiooni-vahendid\/watches-sport-watches\/purjetamiskell-optimum-sailing-os319-jumbo\/#primaryimage","url":"https:\/\/nordlinepaadid.ee\/wp-content\/uploads\/2023\/03\/3462_OS319_-_1.jpg","contentUrl":"https:\/\/nordlinepaadid.ee\/wp-content\/uploads\/2023\/03\/3462_OS319_-_1.jpg","width":649,"height":750},{"@type":"BreadcrumbList","@id":"https:\/\/nordlinepaadid.ee\/et\/pood\/navigatsiooni-vahendid\/watches-sport-watches\/purjetamiskell-optimum-sailing-os319-jumbo\/#breadcrumb","itemListElement":[{"@type":"ListItem","position":1,"name":"Home","item":"https:\/\/nordlinepaadid.ee\/et\/"},{"@type":"ListItem","position":2,"name":"Pood","item":"https:\/\/nordlinepaadid.ee\/et\/pood\/"},{"@type":"ListItem","position":3,"name":"PURJETAMISKELL- OPTIMUM SAILING, OS319 JUMBO"}]},{"@type":"WebSite","@id":"https:\/\/nordlinepaadid.ee\/et\/#website","url":"https:\/\/nordlinepaadid.ee\/et\/","name":"NORDLINE s\u00f5udepaadid ja mootorpaadid. Klaasfiiber materjalist.","description":"","publisher":{"@id":"https:\/\/nordlinepaadid.ee\/et\/#organization"},"potentialAction":[{"@type":"SearchAction","target":{"@type":"EntryPoint","urlTemplate":"https:\/\/nordlinepaadid.ee\/et\/?s={search_term_string}"},"query-input":{"@type":"PropertyValueSpecification","valueRequired":true,"valueName":"search_term_string"}}],"inLanguage":"et"},{"@type":"Organization","@id":"https:\/\/nordlinepaadid.ee\/et\/#organization","name":"Nordlineboats","url":"https:\/\/nordlinepaadid.ee\/et\/","logo":{"@type":"ImageObject","inLanguage":"et","@id":"https:\/\/nordlinepaadid.ee\/et\/#\/schema\/logo\/image\/","url":"https:\/\/nordlinepaadid.ee\/wp-content\/uploads\/2023\/01\/fulllogo_transparent_nobuffer-e1672750475494.png","contentUrl":"https:\/\/nordlinepaadid.ee\/wp-content\/uploads\/2023\/01\/fulllogo_transparent_nobuffer-e1672750475494.png","width":150,"height":119,"caption":"Nordlineboats"},"image":{"@id":"https:\/\/nordlinepaadid.ee\/et\/#\/schema\/logo\/image\/"},"sameAs":["https:\/\/www.facebook.com\/nordlineboats","https:\/\/www.youtube.com\/channel\/UCbgF0fy02y3QkFnujaLTaCA"]}]}},"taxonomy_info":{"product_cat":[{"value":344,"label":"K\u00e4ekellad, Sportkellad, Purjetamiskellad"},{"value":247,"label":"NAVIGATSIOONIVAHENDID"}],"pa_color":[{"value":718,"label":"Roosa"}],"pa_producer":[{"value":492,"label":"Optimum Time"}],"pa_unit":[{"value":416,"label":"pcs"}]},"featured_image_src_large":["https:\/\/nordlinepaadid.ee\/wp-content\/uploads\/2023\/03\/3462_OS319_-_1.jpg",649,750,false],"author_info":[],"comment_info":"","_links":{"self":[{"href":"https:\/\/nordlinepaadid.ee\/et\/wp-json\/wp\/v2\/product\/20031","targetHints":{"allow":["GET"]}}],"collection":[{"href":"https:\/\/nordlinepaadid.ee\/et\/wp-json\/wp\/v2\/product"}],"about":[{"href":"https:\/\/nordlinepaadid.ee\/et\/wp-json\/wp\/v2\/types\/product"}],"wp:featuredmedia":[{"embeddable":true,"href":"https:\/\/nordlinepaadid.ee\/et\/wp-json\/wp\/v2\/media\/20032"}],"wp:attachment":[{"href":"https:\/\/nordlinepaadid.ee\/et\/wp-json\/wp\/v2\/media?parent=20031"}],"wp:term":[{"taxonomy":"product_brand","embeddable":true,"href":"https:\/\/nordlinepaadid.ee\/et\/wp-json\/wp\/v2\/product_brand?post=20031"},{"taxonomy":"product_cat","embeddable":true,"href":"https:\/\/nordlinepaadid.ee\/et\/wp-json\/wp\/v2\/product_cat?post=20031"},{"taxonomy":"product_tag","embeddable":true,"href":"https:\/\/nordlinepaadid.ee\/et\/wp-json\/wp\/v2\/product_tag?post=20031"}],"curies":[{"name":"wp","href":"https:\/\/api.w.org\/{rel}","templated":true}]}}