{"id":2009,"date":"2017-10-17T15:56:01","date_gmt":"2017-10-17T12:56:01","guid":{"rendered":"https:\/\/nordlinepaadid.ee\/?post_type=product&#038;p=2009"},"modified":"2025-05-27T16:18:54","modified_gmt":"2025-05-27T13:18:54","slug":"klaasfiiber-ujuvpontoonid-12-meetrit-2","status":"publish","type":"product","link":"https:\/\/nordlinepaadid.ee\/et\/pood\/pontoonid\/klaasfiiber-ujuvpontoonid-12-meetrit-2\/","title":{"rendered":"Klaasfiiber ujuvpontoonid 12 meetrit"},"content":{"rendered":"<h1>Klaasfiiber ujuvpontoonid 12 meetri<\/h1>\n<p>Valmistatud klaasfiibrist. Sisaldab 3 vaheseina uppumatuse tagamiseks. Konstrueeritud arvesse v\u00f5ttes paatide s\u00f5iduomadusi, et tagada v\u00f5imalikult hea liikumine. Pontoone v\u00f5ib kasutada \u00fcksteise j\u00e4rel v\u00f5i paralleelselt kombineerituna, vastavalt sellele kui suurt kandv\u00f5imet on tarvis.<\/p>\n<p>Pikkus 12 meetrit<\/p>\n<p>Laius 1 meeter<\/p>\n<p>K\u00f5rgus 0,7 meetrit<\/p>\n\n<div class=\"wpcf7 no-js\" id=\"wpcf7-f1976-o1\" lang=\"en-US\" dir=\"ltr\" data-wpcf7-id=\"1976\">\n<div class=\"screen-reader-response\"><p role=\"status\" aria-live=\"polite\" aria-atomic=\"true\"><\/p> <ul><\/ul><\/div>\n<form action=\"\/et\/wp-json\/wp\/v2\/product\/2009#wpcf7-f1976-o1\" method=\"post\" class=\"wpcf7-form init\" aria-label=\"Contact form\" novalidate=\"novalidate\" data-status=\"init\">\n<fieldset class=\"hidden-fields-container\"><input type=\"hidden\" name=\"_wpcf7\" value=\"1976\" \/><input type=\"hidden\" name=\"_wpcf7_version\" value=\"6.1.5\" \/><input type=\"hidden\" name=\"_wpcf7_locale\" value=\"en_US\" \/><input type=\"hidden\" name=\"_wpcf7_unit_tag\" value=\"wpcf7-f1976-o1\" \/><input type=\"hidden\" name=\"_wpcf7_container_post\" value=\"0\" \/><input type=\"hidden\" name=\"_wpcf7_posted_data_hash\" value=\"\" \/>\n<\/fieldset>\n<p><span class=\"wpcf7-form-control-wrap\" data-name=\"your-email\"><input size=\"40\" maxlength=\"400\" class=\"wpcf7-form-control wpcf7-email wpcf7-validates-as-required wpcf7-text wpcf7-validates-as-email\" aria-required=\"true\" aria-invalid=\"false\" placeholder=\"Teie Email\" value=\"\" type=\"email\" name=\"your-email\" \/><\/span>\n<\/p>\n<p><span class=\"wpcf7-form-control-wrap\" data-name=\"your-message\"><textarea cols=\"40\" rows=\"10\" maxlength=\"2000\" class=\"wpcf7-form-control wpcf7-textarea\" aria-invalid=\"false\" placeholder=\"Saada oma k\u00fcsimus ja vastame Teile esimesel v\u00f5imalusel\" name=\"your-message\"><\/textarea><\/span>\n<\/p>\n<p>[recaptcha size:compact]\n<\/p>\n<p><span id=\"wpcf7-69d60fe8f103e-wrapper\" class=\"wpcf7-form-control-wrap tre-wrap\" style=\"display:none !important; visibility:hidden !important;\"><label for=\"wpcf7-69d60fe8f103e-field\" class=\"hp-message\">Please leave this field empty.<\/label><input id=\"wpcf7-69d60fe8f103e-field\"  class=\"wpcf7-form-control wpcf7-text\" type=\"text\" name=\"tre\" value=\"\" size=\"40\" tabindex=\"-1\" autocomplete=\"new-password\" \/><\/span>\n<\/p>\n<p><input class=\"wpcf7-form-control wpcf7-submit has-spinner\" type=\"submit\" value=\"Saada\" \/>\n<\/p><div class=\"wpcf7-response-output\" aria-hidden=\"true\"><\/div>\n<\/form>\n<\/div>\n\n","protected":false},"excerpt":{"rendered":"<p>Klaasfiiber ujuvpontoonid 12 meetri Valmistatud klaasfiibrist. Sisaldab 3 vaheseina uppumatuse tagamiseks. Konstrueeritud arvesse v\u00f5ttes paatide s\u00f5iduomadusi, et tagada v\u00f5imalikult hea liikumine. Pontoone v\u00f5ib kasutada \u00fcksteise j\u00e4rel v\u00f5i paralleelselt kombineerituna, vastavalt sellele kui suurt kandv\u00f5imet on tarvis. Pikkus 12 meetrit Laius 1 meeter K\u00f5rgus 0,7 meetrit<\/p>\n","protected":false},"featured_media":2010,"template":"","meta":{"_kad_blocks_custom_css":"","_kad_blocks_head_custom_js":"","_kad_blocks_body_custom_js":"","_kad_blocks_footer_custom_js":"","_kad_post_transparent":"","_kad_post_title":"","_kad_post_layout":"","_kad_post_sidebar_id":"","_kad_post_content_style":"","_kad_post_vertical_padding":"","_kad_post_feature":"","_kad_post_feature_position":"","_kad_post_header":false,"_kad_post_footer":false,"_kad_post_classname":""},"product_brand":[],"product_cat":[27],"product_tag":[],"class_list":{"0":"post-2009","1":"product","2":"type-product","3":"status-publish","4":"has-post-thumbnail","6":"product_cat-pontoonid","7":"product_shipping_class-kaup-mis-ei-mahu-euroalusele","8":"tm-no-options","10":"first","11":"onbackorder","12":"sale","13":"taxable","14":"shipping-taxable","15":"purchasable","16":"product-type-simple","17":"entry","18":"content-bg","19":"loop-entry"},"yoast_head":"<!-- This site is optimized with the Yoast SEO plugin v27.3 - https:\/\/yoast.com\/product\/yoast-seo-wordpress\/ -->\n<title>Klaasfiiber ujuvpontoonid 12 meetrit - NORDLINE s\u00f5udepaadid ja mootorpaadid. Klaasfiiber materjalist.<\/title>\n<meta name=\"robots\" content=\"index, follow, max-snippet:-1, max-image-preview:large, max-video-preview:-1\" \/>\n<link rel=\"canonical\" href=\"https:\/\/nordlinepaadid.ee\/et\/pood\/pontoonid\/klaasfiiber-ujuvpontoonid-12-meetrit-2\/\" \/>\n<meta property=\"og:locale\" content=\"et_EE\" \/>\n<meta property=\"og:type\" content=\"article\" \/>\n<meta property=\"og:title\" content=\"Klaasfiiber ujuvpontoonid 12 meetrit - NORDLINE s\u00f5udepaadid ja mootorpaadid. Klaasfiiber materjalist.\" \/>\n<meta property=\"og:description\" content=\"Klaasfiiber ujuvpontoonid 12 meetri Valmistatud klaasfiibrist. Sisaldab 3 vaheseina uppumatuse tagamiseks. Konstrueeritud arvesse v\u00f5ttes paatide s\u00f5iduomadusi, et tagada v\u00f5imalikult hea liikumine. Pontoone v\u00f5ib kasutada \u00fcksteise j\u00e4rel v\u00f5i paralleelselt kombineerituna, vastavalt sellele kui suurt kandv\u00f5imet on tarvis. Pikkus 12 meetrit Laius 1 meeter K\u00f5rgus 0,7 meetrit\" \/>\n<meta property=\"og:url\" content=\"https:\/\/nordlinepaadid.ee\/et\/pood\/pontoonid\/klaasfiiber-ujuvpontoonid-12-meetrit-2\/\" \/>\n<meta property=\"og:site_name\" content=\"NORDLINE s\u00f5udepaadid ja mootorpaadid. Klaasfiiber materjalist.\" \/>\n<meta property=\"article:publisher\" content=\"https:\/\/www.facebook.com\/nordlineboats\" \/>\n<meta property=\"article:modified_time\" content=\"2025-05-27T13:18:54+00:00\" \/>\n<meta property=\"og:image\" content=\"https:\/\/nordlinepaadid.ee\/wp-content\/uploads\/2017\/10\/Pontoonid12m.jpg\" \/>\n\t<meta property=\"og:image:width\" content=\"1280\" \/>\n\t<meta property=\"og:image:height\" content=\"960\" \/>\n\t<meta property=\"og:image:type\" content=\"image\/jpeg\" \/>\n<meta name=\"twitter:card\" content=\"summary_large_image\" \/>\n<script type=\"application\/ld+json\" class=\"yoast-schema-graph\">{\"@context\":\"https:\\\/\\\/schema.org\",\"@graph\":[{\"@type\":\"WebPage\",\"@id\":\"https:\\\/\\\/nordlinepaadid.ee\\\/et\\\/pood\\\/pontoonid\\\/klaasfiiber-ujuvpontoonid-12-meetrit-2\\\/\",\"url\":\"https:\\\/\\\/nordlinepaadid.ee\\\/et\\\/pood\\\/pontoonid\\\/klaasfiiber-ujuvpontoonid-12-meetrit-2\\\/\",\"name\":\"Klaasfiiber ujuvpontoonid 12 meetrit - NORDLINE s\u00f5udepaadid ja mootorpaadid. Klaasfiiber materjalist.\",\"isPartOf\":{\"@id\":\"https:\\\/\\\/nordlinepaadid.ee\\\/et\\\/#website\"},\"primaryImageOfPage\":{\"@id\":\"https:\\\/\\\/nordlinepaadid.ee\\\/et\\\/pood\\\/pontoonid\\\/klaasfiiber-ujuvpontoonid-12-meetrit-2\\\/#primaryimage\"},\"image\":{\"@id\":\"https:\\\/\\\/nordlinepaadid.ee\\\/et\\\/pood\\\/pontoonid\\\/klaasfiiber-ujuvpontoonid-12-meetrit-2\\\/#primaryimage\"},\"thumbnailUrl\":\"https:\\\/\\\/nordlinepaadid.ee\\\/wp-content\\\/uploads\\\/2017\\\/10\\\/Pontoonid12m.jpg\",\"datePublished\":\"2017-10-17T12:56:01+00:00\",\"dateModified\":\"2025-05-27T13:18:54+00:00\",\"breadcrumb\":{\"@id\":\"https:\\\/\\\/nordlinepaadid.ee\\\/et\\\/pood\\\/pontoonid\\\/klaasfiiber-ujuvpontoonid-12-meetrit-2\\\/#breadcrumb\"},\"inLanguage\":\"et\",\"potentialAction\":[{\"@type\":\"ReadAction\",\"target\":[\"https:\\\/\\\/nordlinepaadid.ee\\\/et\\\/pood\\\/pontoonid\\\/klaasfiiber-ujuvpontoonid-12-meetrit-2\\\/\"]}]},{\"@type\":\"ImageObject\",\"inLanguage\":\"et\",\"@id\":\"https:\\\/\\\/nordlinepaadid.ee\\\/et\\\/pood\\\/pontoonid\\\/klaasfiiber-ujuvpontoonid-12-meetrit-2\\\/#primaryimage\",\"url\":\"https:\\\/\\\/nordlinepaadid.ee\\\/wp-content\\\/uploads\\\/2017\\\/10\\\/Pontoonid12m.jpg\",\"contentUrl\":\"https:\\\/\\\/nordlinepaadid.ee\\\/wp-content\\\/uploads\\\/2017\\\/10\\\/Pontoonid12m.jpg\",\"width\":1280,\"height\":960,\"caption\":\"Pontoonid 12m\"},{\"@type\":\"BreadcrumbList\",\"@id\":\"https:\\\/\\\/nordlinepaadid.ee\\\/et\\\/pood\\\/pontoonid\\\/klaasfiiber-ujuvpontoonid-12-meetrit-2\\\/#breadcrumb\",\"itemListElement\":[{\"@type\":\"ListItem\",\"position\":1,\"name\":\"Home\",\"item\":\"https:\\\/\\\/nordlinepaadid.ee\\\/et\\\/\"},{\"@type\":\"ListItem\",\"position\":2,\"name\":\"Pood\",\"item\":\"https:\\\/\\\/nordlinepaadid.ee\\\/et\\\/pood\\\/\"},{\"@type\":\"ListItem\",\"position\":3,\"name\":\"Klaasfiiber ujuvpontoonid 12 meetrit\"}]},{\"@type\":\"WebSite\",\"@id\":\"https:\\\/\\\/nordlinepaadid.ee\\\/et\\\/#website\",\"url\":\"https:\\\/\\\/nordlinepaadid.ee\\\/et\\\/\",\"name\":\"NORDLINE s\u00f5udepaadid ja mootorpaadid. Klaasfiiber materjalist.\",\"description\":\"\",\"publisher\":{\"@id\":\"https:\\\/\\\/nordlinepaadid.ee\\\/et\\\/#organization\"},\"potentialAction\":[{\"@type\":\"SearchAction\",\"target\":{\"@type\":\"EntryPoint\",\"urlTemplate\":\"https:\\\/\\\/nordlinepaadid.ee\\\/et\\\/?s={search_term_string}\"},\"query-input\":{\"@type\":\"PropertyValueSpecification\",\"valueRequired\":true,\"valueName\":\"search_term_string\"}}],\"inLanguage\":\"et\"},{\"@type\":\"Organization\",\"@id\":\"https:\\\/\\\/nordlinepaadid.ee\\\/et\\\/#organization\",\"name\":\"Nordlineboats\",\"url\":\"https:\\\/\\\/nordlinepaadid.ee\\\/et\\\/\",\"logo\":{\"@type\":\"ImageObject\",\"inLanguage\":\"et\",\"@id\":\"https:\\\/\\\/nordlinepaadid.ee\\\/et\\\/#\\\/schema\\\/logo\\\/image\\\/\",\"url\":\"https:\\\/\\\/nordlinepaadid.ee\\\/wp-content\\\/uploads\\\/2023\\\/01\\\/fulllogo_transparent_nobuffer-e1672750475494.png\",\"contentUrl\":\"https:\\\/\\\/nordlinepaadid.ee\\\/wp-content\\\/uploads\\\/2023\\\/01\\\/fulllogo_transparent_nobuffer-e1672750475494.png\",\"width\":150,\"height\":119,\"caption\":\"Nordlineboats\"},\"image\":{\"@id\":\"https:\\\/\\\/nordlinepaadid.ee\\\/et\\\/#\\\/schema\\\/logo\\\/image\\\/\"},\"sameAs\":[\"https:\\\/\\\/www.facebook.com\\\/nordlineboats\",\"https:\\\/\\\/www.youtube.com\\\/channel\\\/UCbgF0fy02y3QkFnujaLTaCA\"]}]}<\/script>\n<!-- \/ Yoast SEO plugin. -->","yoast_head_json":{"title":"Klaasfiiber ujuvpontoonid 12 meetrit - NORDLINE s\u00f5udepaadid ja mootorpaadid. Klaasfiiber materjalist.","robots":{"index":"index","follow":"follow","max-snippet":"max-snippet:-1","max-image-preview":"max-image-preview:large","max-video-preview":"max-video-preview:-1"},"canonical":"https:\/\/nordlinepaadid.ee\/et\/pood\/pontoonid\/klaasfiiber-ujuvpontoonid-12-meetrit-2\/","og_locale":"et_EE","og_type":"article","og_title":"Klaasfiiber ujuvpontoonid 12 meetrit - NORDLINE s\u00f5udepaadid ja mootorpaadid. Klaasfiiber materjalist.","og_description":"Klaasfiiber ujuvpontoonid 12 meetri Valmistatud klaasfiibrist. Sisaldab 3 vaheseina uppumatuse tagamiseks. Konstrueeritud arvesse v\u00f5ttes paatide s\u00f5iduomadusi, et tagada v\u00f5imalikult hea liikumine. Pontoone v\u00f5ib kasutada \u00fcksteise j\u00e4rel v\u00f5i paralleelselt kombineerituna, vastavalt sellele kui suurt kandv\u00f5imet on tarvis. Pikkus 12 meetrit Laius 1 meeter K\u00f5rgus 0,7 meetrit","og_url":"https:\/\/nordlinepaadid.ee\/et\/pood\/pontoonid\/klaasfiiber-ujuvpontoonid-12-meetrit-2\/","og_site_name":"NORDLINE s\u00f5udepaadid ja mootorpaadid. Klaasfiiber materjalist.","article_publisher":"https:\/\/www.facebook.com\/nordlineboats","article_modified_time":"2025-05-27T13:18:54+00:00","og_image":[{"width":1280,"height":960,"url":"https:\/\/nordlinepaadid.ee\/wp-content\/uploads\/2017\/10\/Pontoonid12m.jpg","type":"image\/jpeg"}],"twitter_card":"summary_large_image","schema":{"@context":"https:\/\/schema.org","@graph":[{"@type":"WebPage","@id":"https:\/\/nordlinepaadid.ee\/et\/pood\/pontoonid\/klaasfiiber-ujuvpontoonid-12-meetrit-2\/","url":"https:\/\/nordlinepaadid.ee\/et\/pood\/pontoonid\/klaasfiiber-ujuvpontoonid-12-meetrit-2\/","name":"Klaasfiiber ujuvpontoonid 12 meetrit - NORDLINE s\u00f5udepaadid ja mootorpaadid. Klaasfiiber materjalist.","isPartOf":{"@id":"https:\/\/nordlinepaadid.ee\/et\/#website"},"primaryImageOfPage":{"@id":"https:\/\/nordlinepaadid.ee\/et\/pood\/pontoonid\/klaasfiiber-ujuvpontoonid-12-meetrit-2\/#primaryimage"},"image":{"@id":"https:\/\/nordlinepaadid.ee\/et\/pood\/pontoonid\/klaasfiiber-ujuvpontoonid-12-meetrit-2\/#primaryimage"},"thumbnailUrl":"https:\/\/nordlinepaadid.ee\/wp-content\/uploads\/2017\/10\/Pontoonid12m.jpg","datePublished":"2017-10-17T12:56:01+00:00","dateModified":"2025-05-27T13:18:54+00:00","breadcrumb":{"@id":"https:\/\/nordlinepaadid.ee\/et\/pood\/pontoonid\/klaasfiiber-ujuvpontoonid-12-meetrit-2\/#breadcrumb"},"inLanguage":"et","potentialAction":[{"@type":"ReadAction","target":["https:\/\/nordlinepaadid.ee\/et\/pood\/pontoonid\/klaasfiiber-ujuvpontoonid-12-meetrit-2\/"]}]},{"@type":"ImageObject","inLanguage":"et","@id":"https:\/\/nordlinepaadid.ee\/et\/pood\/pontoonid\/klaasfiiber-ujuvpontoonid-12-meetrit-2\/#primaryimage","url":"https:\/\/nordlinepaadid.ee\/wp-content\/uploads\/2017\/10\/Pontoonid12m.jpg","contentUrl":"https:\/\/nordlinepaadid.ee\/wp-content\/uploads\/2017\/10\/Pontoonid12m.jpg","width":1280,"height":960,"caption":"Pontoonid 12m"},{"@type":"BreadcrumbList","@id":"https:\/\/nordlinepaadid.ee\/et\/pood\/pontoonid\/klaasfiiber-ujuvpontoonid-12-meetrit-2\/#breadcrumb","itemListElement":[{"@type":"ListItem","position":1,"name":"Home","item":"https:\/\/nordlinepaadid.ee\/et\/"},{"@type":"ListItem","position":2,"name":"Pood","item":"https:\/\/nordlinepaadid.ee\/et\/pood\/"},{"@type":"ListItem","position":3,"name":"Klaasfiiber ujuvpontoonid 12 meetrit"}]},{"@type":"WebSite","@id":"https:\/\/nordlinepaadid.ee\/et\/#website","url":"https:\/\/nordlinepaadid.ee\/et\/","name":"NORDLINE s\u00f5udepaadid ja mootorpaadid. Klaasfiiber materjalist.","description":"","publisher":{"@id":"https:\/\/nordlinepaadid.ee\/et\/#organization"},"potentialAction":[{"@type":"SearchAction","target":{"@type":"EntryPoint","urlTemplate":"https:\/\/nordlinepaadid.ee\/et\/?s={search_term_string}"},"query-input":{"@type":"PropertyValueSpecification","valueRequired":true,"valueName":"search_term_string"}}],"inLanguage":"et"},{"@type":"Organization","@id":"https:\/\/nordlinepaadid.ee\/et\/#organization","name":"Nordlineboats","url":"https:\/\/nordlinepaadid.ee\/et\/","logo":{"@type":"ImageObject","inLanguage":"et","@id":"https:\/\/nordlinepaadid.ee\/et\/#\/schema\/logo\/image\/","url":"https:\/\/nordlinepaadid.ee\/wp-content\/uploads\/2023\/01\/fulllogo_transparent_nobuffer-e1672750475494.png","contentUrl":"https:\/\/nordlinepaadid.ee\/wp-content\/uploads\/2023\/01\/fulllogo_transparent_nobuffer-e1672750475494.png","width":150,"height":119,"caption":"Nordlineboats"},"image":{"@id":"https:\/\/nordlinepaadid.ee\/et\/#\/schema\/logo\/image\/"},"sameAs":["https:\/\/www.facebook.com\/nordlineboats","https:\/\/www.youtube.com\/channel\/UCbgF0fy02y3QkFnujaLTaCA"]}]}},"taxonomy_info":{"product_cat":[{"value":27,"label":"PONTOONID"}]},"featured_image_src_large":["https:\/\/nordlinepaadid.ee\/wp-content\/uploads\/2017\/10\/Pontoonid12m-1024x768.jpg",1024,768,true],"author_info":[],"comment_info":"","_links":{"self":[{"href":"https:\/\/nordlinepaadid.ee\/et\/wp-json\/wp\/v2\/product\/2009","targetHints":{"allow":["GET"]}}],"collection":[{"href":"https:\/\/nordlinepaadid.ee\/et\/wp-json\/wp\/v2\/product"}],"about":[{"href":"https:\/\/nordlinepaadid.ee\/et\/wp-json\/wp\/v2\/types\/product"}],"wp:featuredmedia":[{"embeddable":true,"href":"https:\/\/nordlinepaadid.ee\/et\/wp-json\/wp\/v2\/media\/2010"}],"wp:attachment":[{"href":"https:\/\/nordlinepaadid.ee\/et\/wp-json\/wp\/v2\/media?parent=2009"}],"wp:term":[{"taxonomy":"product_brand","embeddable":true,"href":"https:\/\/nordlinepaadid.ee\/et\/wp-json\/wp\/v2\/product_brand?post=2009"},{"taxonomy":"product_cat","embeddable":true,"href":"https:\/\/nordlinepaadid.ee\/et\/wp-json\/wp\/v2\/product_cat?post=2009"},{"taxonomy":"product_tag","embeddable":true,"href":"https:\/\/nordlinepaadid.ee\/et\/wp-json\/wp\/v2\/product_tag?post=2009"}],"curies":[{"name":"wp","href":"https:\/\/api.w.org\/{rel}","templated":true}]}}