{"id":2088,"date":"2017-11-22T13:01:24","date_gmt":"2017-11-22T11:01:24","guid":{"rendered":"https:\/\/nordlinepaadid.ee\/?post_type=product&#038;p=2088"},"modified":"2026-03-24T08:20:06","modified_gmt":"2026-03-24T06:20:06","slug":"kumblustunn-deluxe","status":"publish","type":"product","link":"https:\/\/nordlinepaadid.ee\/et\/pood\/kumblustunnid\/kumblustunn-deluxe\/","title":{"rendered":"K\u00fcmblust\u00fcnn Deluxe"},"content":{"rendered":"<h1>K\u00fcmblust\u00fcnn Deluxe<\/h1>\n<p>K\u00fcmblust\u00fcnn Deluxe on kvaliteetsetest klaasfiiber materjalidest ja mahukas k\u00fcmblust\u00fcnn. K\u00fcmblust\u00fcnn on v\u00e4ga ergonoomilise ehitusega ning \u00fclimalt mugav. Spetsiaalselt mugava istumise jaoks v\u00e4ljat\u00f6\u00f6tatud disain. V\u00f5imalik on valida erinevate v\u00e4rvide vahel, kaasa arvatud struktuurne 3D kuldse v\u00f5i h\u00f5bedase teraga v\u00e4rvid.<\/p>\n<h1>Komplektsus<\/h1>\n<p>Komplekti kuulub klaasfiibrist sisu ja puidust \u00fcmbris. \u00dclej\u00e4\u00e4nud lisaseadmed saate valida alamjaotusest <strong><a href=\"https:\/\/nordlinepaadid.ee\/et\/tootekategooria\/kumblustunnid\/kumblustunni-lisaseadmed\/\" target=\"_blank\" rel=\"noopener\">K\u00dcMBLUST\u00dcNNI LISAD.<\/a> \u00a0<\/strong>Hinna sisse ei kuulu lisaseadmete paigaldus ja komplekteerimine. Komplekteerimise hind vastavalt seadmete hulgale 200-350EUR. Samas on neid v\u00f5imalik ise lihtsalt paigaldada.<\/p>\n<h2><strong>Klaasfiibrist sisu<\/strong><\/h2>\n<p>Klaasfiibrist sisu on v\u00e4ga tugev ja pika elueaga. T\u00fcnn on valmistatud 4-6 kihilisest materjalist ja peab h\u00e4sti vastu l\u00f6\u00f6kidele ja p\u00f5rutustele. Klaasfiibri pind on absoluutselt veekindel ja vastupidav p\u00e4iksele. Kasutatud on ultraviolett kiirgusele eriti vastupidavat pinnakatet. Pinda on v\u00e4ga kerge puhtana hoida ja pesta. Pind s\u00e4ilib pikka aega l\u00e4ikivana ja tuhmudes on seda v\u00f5imalik poleerida suurema l\u00e4ike saamiseks. Klaasfiibri sisse on v\u00e4ga lihtne paigaldada lisaseadmeid nagu led tuled ja mullis\u00fcsteem.<\/p>\n<h2><strong>V\u00e4rvivalik<\/strong><\/h2>\n<p>V\u00e4rvivalik on vastavalt soovile <a href=\"http:\/\/www.ralcolors.com\">RAL v\u00e4rvikaardi<\/a> j\u00e4rgi. M\u00f5ningate toonide puhul v\u00f5ib hind erineda standardsest hinnast. Standardselt saadaval tumehallid, hallid, helehallid, sinised.<\/p>\n<h2><strong>Paigaldamine<\/strong><\/h2>\n<p>K\u00fcmblust\u00fcnn on hea paigaldada tasasele pinnale. Maapind tuleks katta kruusa v\u00f5i killustikuga, et saavutada \u00fchtlane pind ja tagada puitkonstruktsiooni isoleeritus pinnasest. Pinnase reguleerimiseks v\u00f5ib kasutada n\u00e4iteks silikaatkive. Paljud lisad ei pruugi kohe \u00fchendatud olla ja tuleb paigaldada vastavalt vajadusele.<\/p>\n<div class=\"pooleks\">\n<p>&nbsp;<\/p>\n<\/div>\n","protected":false},"excerpt":{"rendered":"<p>Suurim saadaolev k\u00fcmblust\u00fcnn! Laius 2,2 meetrit.<br \/>\nPuidust \u00fcmbris<br \/>\nNB! K\u00f5ik piltidel ei pruugi sisalduda komplektis. Loe kirjeldust.<\/p>\n","protected":false},"featured_media":57163,"template":"","meta":{"_kad_blocks_custom_css":"","_kad_blocks_head_custom_js":"","_kad_blocks_body_custom_js":"","_kad_blocks_footer_custom_js":"","_kad_post_transparent":"default","_kad_post_title":"","_kad_post_layout":"default","_kad_post_sidebar_id":"","_kad_post_content_style":"default","_kad_post_vertical_padding":"default","_kad_post_feature":"","_kad_post_feature_position":"","_kad_post_header":false,"_kad_post_footer":false,"_kad_post_classname":""},"product_brand":[],"product_cat":[29],"product_tag":[],"class_list":{"0":"post-2088","1":"product","2":"type-product","3":"status-publish","4":"has-post-thumbnail","6":"product_cat-kumblustunnid","7":"product_shipping_class-kaup-mis-ei-mahu-euroalusele","8":"tm-has-options","10":"first","11":"instock","12":"sale","13":"taxable","14":"shipping-taxable","15":"purchasable","16":"product-type-simple","17":"entry","18":"content-bg","19":"loop-entry"},"yoast_head":"<!-- This site is optimized with the Yoast SEO plugin v27.3 - https:\/\/yoast.com\/product\/yoast-seo-wordpress\/ -->\n<title>K\u00dcMBLUST\u00dcNN DELUXE 2,2 meetrit<\/title>\n<meta name=\"description\" content=\"K\u00fcmblust\u00fcnn deluxe on ainulaadse disainiga mugav ja efektse v\u00e4rvistruktuuriga k\u00fcmblust\u00fcnn. V\u00f5imalik varustada automaatse soojuspumbaga.\" \/>\n<meta name=\"robots\" content=\"index, follow, max-snippet:-1, max-image-preview:large, max-video-preview:-1\" \/>\n<link rel=\"canonical\" href=\"https:\/\/nordlinepaadid.ee\/et\/pood\/kumblustunnid\/kumblustunn-deluxe\/\" \/>\n<meta property=\"og:locale\" content=\"et_EE\" \/>\n<meta property=\"og:type\" content=\"article\" \/>\n<meta property=\"og:title\" content=\"K\u00dcMBLUST\u00dcNN DELUXE 2,2 meetrit\" \/>\n<meta property=\"og:description\" content=\"K\u00fcmblust\u00fcnn deluxe on ainulaadse disainiga mugav ja efektse v\u00e4rvistruktuuriga k\u00fcmblust\u00fcnn. V\u00f5imalik varustada automaatse soojuspumbaga.\" \/>\n<meta property=\"og:url\" content=\"https:\/\/nordlinepaadid.ee\/et\/pood\/kumblustunnid\/kumblustunn-deluxe\/\" \/>\n<meta property=\"og:site_name\" content=\"NORDLINE s\u00f5udepaadid ja mootorpaadid. Klaasfiiber materjalist.\" \/>\n<meta property=\"article:publisher\" content=\"https:\/\/www.facebook.com\/nordlineboats\" \/>\n<meta property=\"article:modified_time\" content=\"2026-03-24T06:20:06+00:00\" \/>\n<meta property=\"og:image\" content=\"https:\/\/nordlinepaadid.ee\/wp-content\/uploads\/2017\/11\/Kumblustunn-nordline-deluxe-scaled.jpg\" \/>\n\t<meta property=\"og:image:width\" content=\"2560\" \/>\n\t<meta property=\"og:image:height\" content=\"1920\" \/>\n\t<meta property=\"og:image:type\" content=\"image\/jpeg\" \/>\n<meta name=\"twitter:card\" content=\"summary_large_image\" \/>\n<meta name=\"twitter:label1\" content=\"Est. reading time\" \/>\n\t<meta name=\"twitter:data1\" content=\"2 minutit\" \/>\n<script type=\"application\/ld+json\" class=\"yoast-schema-graph\">{\"@context\":\"https:\\\/\\\/schema.org\",\"@graph\":[{\"@type\":\"WebPage\",\"@id\":\"https:\\\/\\\/nordlinepaadid.ee\\\/et\\\/pood\\\/kumblustunnid\\\/kumblustunn-deluxe\\\/\",\"url\":\"https:\\\/\\\/nordlinepaadid.ee\\\/et\\\/pood\\\/kumblustunnid\\\/kumblustunn-deluxe\\\/\",\"name\":\"K\u00dcMBLUST\u00dcNN DELUXE 2,2 meetrit\",\"isPartOf\":{\"@id\":\"https:\\\/\\\/nordlinepaadid.ee\\\/et\\\/#website\"},\"primaryImageOfPage\":{\"@id\":\"https:\\\/\\\/nordlinepaadid.ee\\\/et\\\/pood\\\/kumblustunnid\\\/kumblustunn-deluxe\\\/#primaryimage\"},\"image\":{\"@id\":\"https:\\\/\\\/nordlinepaadid.ee\\\/et\\\/pood\\\/kumblustunnid\\\/kumblustunn-deluxe\\\/#primaryimage\"},\"thumbnailUrl\":\"https:\\\/\\\/nordlinepaadid.ee\\\/wp-content\\\/uploads\\\/2017\\\/11\\\/Kumblustunn-nordline-deluxe-scaled.jpg\",\"datePublished\":\"2017-11-22T11:01:24+00:00\",\"dateModified\":\"2026-03-24T06:20:06+00:00\",\"description\":\"K\u00fcmblust\u00fcnn deluxe on ainulaadse disainiga mugav ja efektse v\u00e4rvistruktuuriga k\u00fcmblust\u00fcnn. V\u00f5imalik varustada automaatse soojuspumbaga.\",\"breadcrumb\":{\"@id\":\"https:\\\/\\\/nordlinepaadid.ee\\\/et\\\/pood\\\/kumblustunnid\\\/kumblustunn-deluxe\\\/#breadcrumb\"},\"inLanguage\":\"et\",\"potentialAction\":[{\"@type\":\"ReadAction\",\"target\":[\"https:\\\/\\\/nordlinepaadid.ee\\\/et\\\/pood\\\/kumblustunnid\\\/kumblustunn-deluxe\\\/\"]}]},{\"@type\":\"ImageObject\",\"inLanguage\":\"et\",\"@id\":\"https:\\\/\\\/nordlinepaadid.ee\\\/et\\\/pood\\\/kumblustunnid\\\/kumblustunn-deluxe\\\/#primaryimage\",\"url\":\"https:\\\/\\\/nordlinepaadid.ee\\\/wp-content\\\/uploads\\\/2017\\\/11\\\/Kumblustunn-nordline-deluxe-scaled.jpg\",\"contentUrl\":\"https:\\\/\\\/nordlinepaadid.ee\\\/wp-content\\\/uploads\\\/2017\\\/11\\\/Kumblustunn-nordline-deluxe-scaled.jpg\",\"width\":2560,\"height\":1920,\"caption\":\"K\u00fcmblust\u00fcnn nordline deluxe\"},{\"@type\":\"BreadcrumbList\",\"@id\":\"https:\\\/\\\/nordlinepaadid.ee\\\/et\\\/pood\\\/kumblustunnid\\\/kumblustunn-deluxe\\\/#breadcrumb\",\"itemListElement\":[{\"@type\":\"ListItem\",\"position\":1,\"name\":\"Home\",\"item\":\"https:\\\/\\\/nordlinepaadid.ee\\\/et\\\/\"},{\"@type\":\"ListItem\",\"position\":2,\"name\":\"Pood\",\"item\":\"https:\\\/\\\/nordlinepaadid.ee\\\/et\\\/pood\\\/\"},{\"@type\":\"ListItem\",\"position\":3,\"name\":\"K\u00fcmblust\u00fcnn Deluxe\"}]},{\"@type\":\"WebSite\",\"@id\":\"https:\\\/\\\/nordlinepaadid.ee\\\/et\\\/#website\",\"url\":\"https:\\\/\\\/nordlinepaadid.ee\\\/et\\\/\",\"name\":\"NORDLINE s\u00f5udepaadid ja mootorpaadid. Klaasfiiber materjalist.\",\"description\":\"\",\"publisher\":{\"@id\":\"https:\\\/\\\/nordlinepaadid.ee\\\/et\\\/#organization\"},\"potentialAction\":[{\"@type\":\"SearchAction\",\"target\":{\"@type\":\"EntryPoint\",\"urlTemplate\":\"https:\\\/\\\/nordlinepaadid.ee\\\/et\\\/?s={search_term_string}\"},\"query-input\":{\"@type\":\"PropertyValueSpecification\",\"valueRequired\":true,\"valueName\":\"search_term_string\"}}],\"inLanguage\":\"et\"},{\"@type\":\"Organization\",\"@id\":\"https:\\\/\\\/nordlinepaadid.ee\\\/et\\\/#organization\",\"name\":\"Nordlineboats\",\"url\":\"https:\\\/\\\/nordlinepaadid.ee\\\/et\\\/\",\"logo\":{\"@type\":\"ImageObject\",\"inLanguage\":\"et\",\"@id\":\"https:\\\/\\\/nordlinepaadid.ee\\\/et\\\/#\\\/schema\\\/logo\\\/image\\\/\",\"url\":\"https:\\\/\\\/nordlinepaadid.ee\\\/wp-content\\\/uploads\\\/2023\\\/01\\\/fulllogo_transparent_nobuffer-e1672750475494.png\",\"contentUrl\":\"https:\\\/\\\/nordlinepaadid.ee\\\/wp-content\\\/uploads\\\/2023\\\/01\\\/fulllogo_transparent_nobuffer-e1672750475494.png\",\"width\":150,\"height\":119,\"caption\":\"Nordlineboats\"},\"image\":{\"@id\":\"https:\\\/\\\/nordlinepaadid.ee\\\/et\\\/#\\\/schema\\\/logo\\\/image\\\/\"},\"sameAs\":[\"https:\\\/\\\/www.facebook.com\\\/nordlineboats\",\"https:\\\/\\\/www.youtube.com\\\/channel\\\/UCbgF0fy02y3QkFnujaLTaCA\"]}]}<\/script>\n<!-- \/ Yoast SEO plugin. -->","yoast_head_json":{"title":"K\u00dcMBLUST\u00dcNN DELUXE 2,2 meetrit","description":"K\u00fcmblust\u00fcnn deluxe on ainulaadse disainiga mugav ja efektse v\u00e4rvistruktuuriga k\u00fcmblust\u00fcnn. V\u00f5imalik varustada automaatse soojuspumbaga.","robots":{"index":"index","follow":"follow","max-snippet":"max-snippet:-1","max-image-preview":"max-image-preview:large","max-video-preview":"max-video-preview:-1"},"canonical":"https:\/\/nordlinepaadid.ee\/et\/pood\/kumblustunnid\/kumblustunn-deluxe\/","og_locale":"et_EE","og_type":"article","og_title":"K\u00dcMBLUST\u00dcNN DELUXE 2,2 meetrit","og_description":"K\u00fcmblust\u00fcnn deluxe on ainulaadse disainiga mugav ja efektse v\u00e4rvistruktuuriga k\u00fcmblust\u00fcnn. V\u00f5imalik varustada automaatse soojuspumbaga.","og_url":"https:\/\/nordlinepaadid.ee\/et\/pood\/kumblustunnid\/kumblustunn-deluxe\/","og_site_name":"NORDLINE s\u00f5udepaadid ja mootorpaadid. Klaasfiiber materjalist.","article_publisher":"https:\/\/www.facebook.com\/nordlineboats","article_modified_time":"2026-03-24T06:20:06+00:00","og_image":[{"width":2560,"height":1920,"url":"https:\/\/nordlinepaadid.ee\/wp-content\/uploads\/2017\/11\/Kumblustunn-nordline-deluxe-scaled.jpg","type":"image\/jpeg"}],"twitter_card":"summary_large_image","twitter_misc":{"Est. reading time":"2 minutit"},"schema":{"@context":"https:\/\/schema.org","@graph":[{"@type":"WebPage","@id":"https:\/\/nordlinepaadid.ee\/et\/pood\/kumblustunnid\/kumblustunn-deluxe\/","url":"https:\/\/nordlinepaadid.ee\/et\/pood\/kumblustunnid\/kumblustunn-deluxe\/","name":"K\u00dcMBLUST\u00dcNN DELUXE 2,2 meetrit","isPartOf":{"@id":"https:\/\/nordlinepaadid.ee\/et\/#website"},"primaryImageOfPage":{"@id":"https:\/\/nordlinepaadid.ee\/et\/pood\/kumblustunnid\/kumblustunn-deluxe\/#primaryimage"},"image":{"@id":"https:\/\/nordlinepaadid.ee\/et\/pood\/kumblustunnid\/kumblustunn-deluxe\/#primaryimage"},"thumbnailUrl":"https:\/\/nordlinepaadid.ee\/wp-content\/uploads\/2017\/11\/Kumblustunn-nordline-deluxe-scaled.jpg","datePublished":"2017-11-22T11:01:24+00:00","dateModified":"2026-03-24T06:20:06+00:00","description":"K\u00fcmblust\u00fcnn deluxe on ainulaadse disainiga mugav ja efektse v\u00e4rvistruktuuriga k\u00fcmblust\u00fcnn. V\u00f5imalik varustada automaatse soojuspumbaga.","breadcrumb":{"@id":"https:\/\/nordlinepaadid.ee\/et\/pood\/kumblustunnid\/kumblustunn-deluxe\/#breadcrumb"},"inLanguage":"et","potentialAction":[{"@type":"ReadAction","target":["https:\/\/nordlinepaadid.ee\/et\/pood\/kumblustunnid\/kumblustunn-deluxe\/"]}]},{"@type":"ImageObject","inLanguage":"et","@id":"https:\/\/nordlinepaadid.ee\/et\/pood\/kumblustunnid\/kumblustunn-deluxe\/#primaryimage","url":"https:\/\/nordlinepaadid.ee\/wp-content\/uploads\/2017\/11\/Kumblustunn-nordline-deluxe-scaled.jpg","contentUrl":"https:\/\/nordlinepaadid.ee\/wp-content\/uploads\/2017\/11\/Kumblustunn-nordline-deluxe-scaled.jpg","width":2560,"height":1920,"caption":"K\u00fcmblust\u00fcnn nordline deluxe"},{"@type":"BreadcrumbList","@id":"https:\/\/nordlinepaadid.ee\/et\/pood\/kumblustunnid\/kumblustunn-deluxe\/#breadcrumb","itemListElement":[{"@type":"ListItem","position":1,"name":"Home","item":"https:\/\/nordlinepaadid.ee\/et\/"},{"@type":"ListItem","position":2,"name":"Pood","item":"https:\/\/nordlinepaadid.ee\/et\/pood\/"},{"@type":"ListItem","position":3,"name":"K\u00fcmblust\u00fcnn Deluxe"}]},{"@type":"WebSite","@id":"https:\/\/nordlinepaadid.ee\/et\/#website","url":"https:\/\/nordlinepaadid.ee\/et\/","name":"NORDLINE s\u00f5udepaadid ja mootorpaadid. Klaasfiiber materjalist.","description":"","publisher":{"@id":"https:\/\/nordlinepaadid.ee\/et\/#organization"},"potentialAction":[{"@type":"SearchAction","target":{"@type":"EntryPoint","urlTemplate":"https:\/\/nordlinepaadid.ee\/et\/?s={search_term_string}"},"query-input":{"@type":"PropertyValueSpecification","valueRequired":true,"valueName":"search_term_string"}}],"inLanguage":"et"},{"@type":"Organization","@id":"https:\/\/nordlinepaadid.ee\/et\/#organization","name":"Nordlineboats","url":"https:\/\/nordlinepaadid.ee\/et\/","logo":{"@type":"ImageObject","inLanguage":"et","@id":"https:\/\/nordlinepaadid.ee\/et\/#\/schema\/logo\/image\/","url":"https:\/\/nordlinepaadid.ee\/wp-content\/uploads\/2023\/01\/fulllogo_transparent_nobuffer-e1672750475494.png","contentUrl":"https:\/\/nordlinepaadid.ee\/wp-content\/uploads\/2023\/01\/fulllogo_transparent_nobuffer-e1672750475494.png","width":150,"height":119,"caption":"Nordlineboats"},"image":{"@id":"https:\/\/nordlinepaadid.ee\/et\/#\/schema\/logo\/image\/"},"sameAs":["https:\/\/www.facebook.com\/nordlineboats","https:\/\/www.youtube.com\/channel\/UCbgF0fy02y3QkFnujaLTaCA"]}]}},"taxonomy_info":{"product_cat":[{"value":29,"label":"K\u00dcMBLUST\u00dcNNID"}]},"featured_image_src_large":["https:\/\/nordlinepaadid.ee\/wp-content\/uploads\/2017\/11\/Kumblustunn-nordline-deluxe-1024x768.jpg",1024,768,true],"author_info":[],"comment_info":"","_links":{"self":[{"href":"https:\/\/nordlinepaadid.ee\/et\/wp-json\/wp\/v2\/product\/2088","targetHints":{"allow":["GET"]}}],"collection":[{"href":"https:\/\/nordlinepaadid.ee\/et\/wp-json\/wp\/v2\/product"}],"about":[{"href":"https:\/\/nordlinepaadid.ee\/et\/wp-json\/wp\/v2\/types\/product"}],"wp:featuredmedia":[{"embeddable":true,"href":"https:\/\/nordlinepaadid.ee\/et\/wp-json\/wp\/v2\/media\/57163"}],"wp:attachment":[{"href":"https:\/\/nordlinepaadid.ee\/et\/wp-json\/wp\/v2\/media?parent=2088"}],"wp:term":[{"taxonomy":"product_brand","embeddable":true,"href":"https:\/\/nordlinepaadid.ee\/et\/wp-json\/wp\/v2\/product_brand?post=2088"},{"taxonomy":"product_cat","embeddable":true,"href":"https:\/\/nordlinepaadid.ee\/et\/wp-json\/wp\/v2\/product_cat?post=2088"},{"taxonomy":"product_tag","embeddable":true,"href":"https:\/\/nordlinepaadid.ee\/et\/wp-json\/wp\/v2\/product_tag?post=2088"}],"curies":[{"name":"wp","href":"https:\/\/api.w.org\/{rel}","templated":true}]}}