{"id":21806,"date":"2026-04-07T03:13:11","date_gmt":"2026-04-07T00:13:11","guid":{"rendered":"https:\/\/nordlinepaadid.ee\/pood\/floating-rope-with-bag-yellow-8-mm-20-m\/"},"modified":"2026-04-08T22:03:57","modified_gmt":"2026-04-08T19:03:57","slug":"viskeliin-m-o-b-20-m","status":"publish","type":"product","link":"https:\/\/nordlinepaadid.ee\/et\/pood\/paastevahendid\/muu-paastevarustus\/viskeliin-m-o-b-20-m\/","title":{"rendered":"VISKELIIN, M.O.B, 20 m"},"content":{"rendered":"<p>Life-Link Mini on v\u00e4ikseim MOB komplekt valikus. Viskeliini m\u00f5lemas otsas on plastikust pehmendusega pleisitud aas mille abil saavad nii p\u00e4\u00e4stja kui ka p\u00e4\u00e4stetav liinist mugavalt ja kindlalt kinni hoida. Liini l\u00e4bim\u00f5\u00f5t: 8 mm, pikkus: 20 m.<\/p>\n<p>&#13;<\/p>\n<p><iframe loading=\"lazy\" allowfullscreen=\"\" frameborder=\"0\" height=\"360\" src=\"\/\/www.youtube.com\/embed\/zn-_vKEyBdI\" width=\"640\"><\/iframe><\/p>\n<p>&#13;<\/p>\n","protected":false},"excerpt":{"rendered":"<p>Life-Link Mini on v\u00e4ikseim MOB komplekt valikus. Viskeliini m\u00f5lemas otsas on plastikust pehmendusega pleisitud aas mille abil saavad nii p\u00e4\u00e4stja kui ka p\u00e4\u00e4stetav liinist mugavalt ja kindlalt kinni hoida. Liini l\u00e4bim\u00f5\u00f5t: 8 mm, pikkus: 20 m. &#13; &#13;<\/p>\n","protected":false},"featured_media":21807,"template":"","meta":{"_kad_blocks_custom_css":"","_kad_blocks_head_custom_js":"","_kad_blocks_body_custom_js":"","_kad_blocks_footer_custom_js":"","_kad_post_transparent":"","_kad_post_title":"","_kad_post_layout":"","_kad_post_sidebar_id":"","_kad_post_content_style":"","_kad_post_vertical_padding":"","_kad_post_feature":"","_kad_post_feature_position":"","_kad_post_header":false,"_kad_post_footer":false,"_kad_post_classname":""},"product_brand":[],"product_cat":[275,230],"product_tag":[],"class_list":{"0":"post-21806","1":"product","2":"type-product","3":"status-publish","4":"has-post-thumbnail","6":"product_cat-muu-paastevarustus","7":"product_cat-paastevahendid","8":"product_shipping_class-pakiautomaati-mahtuv-kaup","9":"pa_producer-lalizas","10":"pa_unit-pcs","11":"tm-no-options","13":"first","14":"instock","15":"taxable","16":"shipping-taxable","17":"purchasable","18":"product-type-simple","19":"entry","20":"content-bg","21":"loop-entry"},"yoast_head":"<!-- This site is optimized with the Yoast SEO plugin v27.3 - https:\/\/yoast.com\/product\/yoast-seo-wordpress\/ -->\n<title>VISKELIIN, M.O.B, 20 m - NORDLINE s\u00f5udepaadid ja mootorpaadid. Klaasfiiber materjalist.<\/title>\n<meta name=\"robots\" content=\"index, follow, max-snippet:-1, max-image-preview:large, max-video-preview:-1\" \/>\n<link rel=\"canonical\" href=\"https:\/\/nordlinepaadid.ee\/et\/pood\/paastevahendid\/muu-paastevarustus\/viskeliin-m-o-b-20-m\/\" \/>\n<meta property=\"og:locale\" content=\"et_EE\" \/>\n<meta property=\"og:type\" content=\"article\" \/>\n<meta property=\"og:title\" content=\"VISKELIIN, M.O.B, 20 m - NORDLINE s\u00f5udepaadid ja mootorpaadid. Klaasfiiber materjalist.\" \/>\n<meta property=\"og:description\" content=\"Life-Link Mini on v\u00e4ikseim MOB komplekt valikus. Viskeliini m\u00f5lemas otsas on plastikust pehmendusega pleisitud aas mille abil saavad nii p\u00e4\u00e4stja kui ka p\u00e4\u00e4stetav liinist mugavalt ja kindlalt kinni hoida. Liini l\u00e4bim\u00f5\u00f5t: 8 mm, pikkus: 20 m. &#013; &#013;\" \/>\n<meta property=\"og:url\" content=\"https:\/\/nordlinepaadid.ee\/et\/pood\/paastevahendid\/muu-paastevarustus\/viskeliin-m-o-b-20-m\/\" \/>\n<meta property=\"og:site_name\" content=\"NORDLINE s\u00f5udepaadid ja mootorpaadid. Klaasfiiber materjalist.\" \/>\n<meta property=\"article:publisher\" content=\"https:\/\/www.facebook.com\/nordlineboats\" \/>\n<meta property=\"article:modified_time\" content=\"2026-04-08T19:03:57+00:00\" \/>\n<meta property=\"og:image\" content=\"https:\/\/nordlinepaadid.ee\/wp-content\/uploads\/2023\/03\/4566_L71682.jpg\" \/>\n\t<meta property=\"og:image:width\" content=\"800\" \/>\n\t<meta property=\"og:image:height\" content=\"800\" \/>\n\t<meta property=\"og:image:type\" content=\"image\/jpeg\" \/>\n<meta name=\"twitter:card\" content=\"summary_large_image\" \/>\n<script type=\"application\/ld+json\" class=\"yoast-schema-graph\">{\"@context\":\"https:\\\/\\\/schema.org\",\"@graph\":[{\"@type\":\"WebPage\",\"@id\":\"https:\\\/\\\/nordlinepaadid.ee\\\/et\\\/pood\\\/paastevahendid\\\/muu-paastevarustus\\\/viskeliin-m-o-b-20-m\\\/\",\"url\":\"https:\\\/\\\/nordlinepaadid.ee\\\/et\\\/pood\\\/paastevahendid\\\/muu-paastevarustus\\\/viskeliin-m-o-b-20-m\\\/\",\"name\":\"VISKELIIN, M.O.B, 20 m - NORDLINE s\u00f5udepaadid ja mootorpaadid. Klaasfiiber materjalist.\",\"isPartOf\":{\"@id\":\"https:\\\/\\\/nordlinepaadid.ee\\\/et\\\/#website\"},\"primaryImageOfPage\":{\"@id\":\"https:\\\/\\\/nordlinepaadid.ee\\\/et\\\/pood\\\/paastevahendid\\\/muu-paastevarustus\\\/viskeliin-m-o-b-20-m\\\/#primaryimage\"},\"image\":{\"@id\":\"https:\\\/\\\/nordlinepaadid.ee\\\/et\\\/pood\\\/paastevahendid\\\/muu-paastevarustus\\\/viskeliin-m-o-b-20-m\\\/#primaryimage\"},\"thumbnailUrl\":\"https:\\\/\\\/nordlinepaadid.ee\\\/wp-content\\\/uploads\\\/2023\\\/03\\\/4566_L71682.jpg\",\"datePublished\":\"2026-04-07T00:13:11+00:00\",\"dateModified\":\"2026-04-08T19:03:57+00:00\",\"breadcrumb\":{\"@id\":\"https:\\\/\\\/nordlinepaadid.ee\\\/et\\\/pood\\\/paastevahendid\\\/muu-paastevarustus\\\/viskeliin-m-o-b-20-m\\\/#breadcrumb\"},\"inLanguage\":\"et\",\"potentialAction\":[{\"@type\":\"ReadAction\",\"target\":[\"https:\\\/\\\/nordlinepaadid.ee\\\/et\\\/pood\\\/paastevahendid\\\/muu-paastevarustus\\\/viskeliin-m-o-b-20-m\\\/\"]}]},{\"@type\":\"ImageObject\",\"inLanguage\":\"et\",\"@id\":\"https:\\\/\\\/nordlinepaadid.ee\\\/et\\\/pood\\\/paastevahendid\\\/muu-paastevarustus\\\/viskeliin-m-o-b-20-m\\\/#primaryimage\",\"url\":\"https:\\\/\\\/nordlinepaadid.ee\\\/wp-content\\\/uploads\\\/2023\\\/03\\\/4566_L71682.jpg\",\"contentUrl\":\"https:\\\/\\\/nordlinepaadid.ee\\\/wp-content\\\/uploads\\\/2023\\\/03\\\/4566_L71682.jpg\",\"width\":800,\"height\":800},{\"@type\":\"BreadcrumbList\",\"@id\":\"https:\\\/\\\/nordlinepaadid.ee\\\/et\\\/pood\\\/paastevahendid\\\/muu-paastevarustus\\\/viskeliin-m-o-b-20-m\\\/#breadcrumb\",\"itemListElement\":[{\"@type\":\"ListItem\",\"position\":1,\"name\":\"Home\",\"item\":\"https:\\\/\\\/nordlinepaadid.ee\\\/et\\\/\"},{\"@type\":\"ListItem\",\"position\":2,\"name\":\"Pood\",\"item\":\"https:\\\/\\\/nordlinepaadid.ee\\\/et\\\/pood\\\/\"},{\"@type\":\"ListItem\",\"position\":3,\"name\":\"VISKELIIN, M.O.B, 20 m\"}]},{\"@type\":\"WebSite\",\"@id\":\"https:\\\/\\\/nordlinepaadid.ee\\\/et\\\/#website\",\"url\":\"https:\\\/\\\/nordlinepaadid.ee\\\/et\\\/\",\"name\":\"NORDLINE s\u00f5udepaadid ja mootorpaadid. Klaasfiiber materjalist.\",\"description\":\"\",\"publisher\":{\"@id\":\"https:\\\/\\\/nordlinepaadid.ee\\\/et\\\/#organization\"},\"potentialAction\":[{\"@type\":\"SearchAction\",\"target\":{\"@type\":\"EntryPoint\",\"urlTemplate\":\"https:\\\/\\\/nordlinepaadid.ee\\\/et\\\/?s={search_term_string}\"},\"query-input\":{\"@type\":\"PropertyValueSpecification\",\"valueRequired\":true,\"valueName\":\"search_term_string\"}}],\"inLanguage\":\"et\"},{\"@type\":\"Organization\",\"@id\":\"https:\\\/\\\/nordlinepaadid.ee\\\/et\\\/#organization\",\"name\":\"Nordlineboats\",\"url\":\"https:\\\/\\\/nordlinepaadid.ee\\\/et\\\/\",\"logo\":{\"@type\":\"ImageObject\",\"inLanguage\":\"et\",\"@id\":\"https:\\\/\\\/nordlinepaadid.ee\\\/et\\\/#\\\/schema\\\/logo\\\/image\\\/\",\"url\":\"https:\\\/\\\/nordlinepaadid.ee\\\/wp-content\\\/uploads\\\/2023\\\/01\\\/fulllogo_transparent_nobuffer-e1672750475494.png\",\"contentUrl\":\"https:\\\/\\\/nordlinepaadid.ee\\\/wp-content\\\/uploads\\\/2023\\\/01\\\/fulllogo_transparent_nobuffer-e1672750475494.png\",\"width\":150,\"height\":119,\"caption\":\"Nordlineboats\"},\"image\":{\"@id\":\"https:\\\/\\\/nordlinepaadid.ee\\\/et\\\/#\\\/schema\\\/logo\\\/image\\\/\"},\"sameAs\":[\"https:\\\/\\\/www.facebook.com\\\/nordlineboats\",\"https:\\\/\\\/www.youtube.com\\\/channel\\\/UCbgF0fy02y3QkFnujaLTaCA\"]}]}<\/script>\n<!-- \/ Yoast SEO plugin. -->","yoast_head_json":{"title":"VISKELIIN, M.O.B, 20 m - NORDLINE s\u00f5udepaadid ja mootorpaadid. Klaasfiiber materjalist.","robots":{"index":"index","follow":"follow","max-snippet":"max-snippet:-1","max-image-preview":"max-image-preview:large","max-video-preview":"max-video-preview:-1"},"canonical":"https:\/\/nordlinepaadid.ee\/et\/pood\/paastevahendid\/muu-paastevarustus\/viskeliin-m-o-b-20-m\/","og_locale":"et_EE","og_type":"article","og_title":"VISKELIIN, M.O.B, 20 m - NORDLINE s\u00f5udepaadid ja mootorpaadid. Klaasfiiber materjalist.","og_description":"Life-Link Mini on v\u00e4ikseim MOB komplekt valikus. Viskeliini m\u00f5lemas otsas on plastikust pehmendusega pleisitud aas mille abil saavad nii p\u00e4\u00e4stja kui ka p\u00e4\u00e4stetav liinist mugavalt ja kindlalt kinni hoida. Liini l\u00e4bim\u00f5\u00f5t: 8 mm, pikkus: 20 m. &#13; &#13;","og_url":"https:\/\/nordlinepaadid.ee\/et\/pood\/paastevahendid\/muu-paastevarustus\/viskeliin-m-o-b-20-m\/","og_site_name":"NORDLINE s\u00f5udepaadid ja mootorpaadid. Klaasfiiber materjalist.","article_publisher":"https:\/\/www.facebook.com\/nordlineboats","article_modified_time":"2026-04-08T19:03:57+00:00","og_image":[{"width":800,"height":800,"url":"https:\/\/nordlinepaadid.ee\/wp-content\/uploads\/2023\/03\/4566_L71682.jpg","type":"image\/jpeg"}],"twitter_card":"summary_large_image","schema":{"@context":"https:\/\/schema.org","@graph":[{"@type":"WebPage","@id":"https:\/\/nordlinepaadid.ee\/et\/pood\/paastevahendid\/muu-paastevarustus\/viskeliin-m-o-b-20-m\/","url":"https:\/\/nordlinepaadid.ee\/et\/pood\/paastevahendid\/muu-paastevarustus\/viskeliin-m-o-b-20-m\/","name":"VISKELIIN, M.O.B, 20 m - NORDLINE s\u00f5udepaadid ja mootorpaadid. Klaasfiiber materjalist.","isPartOf":{"@id":"https:\/\/nordlinepaadid.ee\/et\/#website"},"primaryImageOfPage":{"@id":"https:\/\/nordlinepaadid.ee\/et\/pood\/paastevahendid\/muu-paastevarustus\/viskeliin-m-o-b-20-m\/#primaryimage"},"image":{"@id":"https:\/\/nordlinepaadid.ee\/et\/pood\/paastevahendid\/muu-paastevarustus\/viskeliin-m-o-b-20-m\/#primaryimage"},"thumbnailUrl":"https:\/\/nordlinepaadid.ee\/wp-content\/uploads\/2023\/03\/4566_L71682.jpg","datePublished":"2026-04-07T00:13:11+00:00","dateModified":"2026-04-08T19:03:57+00:00","breadcrumb":{"@id":"https:\/\/nordlinepaadid.ee\/et\/pood\/paastevahendid\/muu-paastevarustus\/viskeliin-m-o-b-20-m\/#breadcrumb"},"inLanguage":"et","potentialAction":[{"@type":"ReadAction","target":["https:\/\/nordlinepaadid.ee\/et\/pood\/paastevahendid\/muu-paastevarustus\/viskeliin-m-o-b-20-m\/"]}]},{"@type":"ImageObject","inLanguage":"et","@id":"https:\/\/nordlinepaadid.ee\/et\/pood\/paastevahendid\/muu-paastevarustus\/viskeliin-m-o-b-20-m\/#primaryimage","url":"https:\/\/nordlinepaadid.ee\/wp-content\/uploads\/2023\/03\/4566_L71682.jpg","contentUrl":"https:\/\/nordlinepaadid.ee\/wp-content\/uploads\/2023\/03\/4566_L71682.jpg","width":800,"height":800},{"@type":"BreadcrumbList","@id":"https:\/\/nordlinepaadid.ee\/et\/pood\/paastevahendid\/muu-paastevarustus\/viskeliin-m-o-b-20-m\/#breadcrumb","itemListElement":[{"@type":"ListItem","position":1,"name":"Home","item":"https:\/\/nordlinepaadid.ee\/et\/"},{"@type":"ListItem","position":2,"name":"Pood","item":"https:\/\/nordlinepaadid.ee\/et\/pood\/"},{"@type":"ListItem","position":3,"name":"VISKELIIN, M.O.B, 20 m"}]},{"@type":"WebSite","@id":"https:\/\/nordlinepaadid.ee\/et\/#website","url":"https:\/\/nordlinepaadid.ee\/et\/","name":"NORDLINE s\u00f5udepaadid ja mootorpaadid. Klaasfiiber materjalist.","description":"","publisher":{"@id":"https:\/\/nordlinepaadid.ee\/et\/#organization"},"potentialAction":[{"@type":"SearchAction","target":{"@type":"EntryPoint","urlTemplate":"https:\/\/nordlinepaadid.ee\/et\/?s={search_term_string}"},"query-input":{"@type":"PropertyValueSpecification","valueRequired":true,"valueName":"search_term_string"}}],"inLanguage":"et"},{"@type":"Organization","@id":"https:\/\/nordlinepaadid.ee\/et\/#organization","name":"Nordlineboats","url":"https:\/\/nordlinepaadid.ee\/et\/","logo":{"@type":"ImageObject","inLanguage":"et","@id":"https:\/\/nordlinepaadid.ee\/et\/#\/schema\/logo\/image\/","url":"https:\/\/nordlinepaadid.ee\/wp-content\/uploads\/2023\/01\/fulllogo_transparent_nobuffer-e1672750475494.png","contentUrl":"https:\/\/nordlinepaadid.ee\/wp-content\/uploads\/2023\/01\/fulllogo_transparent_nobuffer-e1672750475494.png","width":150,"height":119,"caption":"Nordlineboats"},"image":{"@id":"https:\/\/nordlinepaadid.ee\/et\/#\/schema\/logo\/image\/"},"sameAs":["https:\/\/www.facebook.com\/nordlineboats","https:\/\/www.youtube.com\/channel\/UCbgF0fy02y3QkFnujaLTaCA"]}]}},"taxonomy_info":{"product_cat":[{"value":275,"label":"Muu p\u00e4\u00e4ste- ja ohutusvarustus"},{"value":230,"label":"P\u00c4\u00c4STEVAHENDID"}],"pa_producer":[{"value":444,"label":"Lalizas"}],"pa_unit":[{"value":416,"label":"pcs"}]},"featured_image_src_large":["https:\/\/nordlinepaadid.ee\/wp-content\/uploads\/2023\/03\/4566_L71682.jpg",800,800,false],"author_info":[],"comment_info":"","_links":{"self":[{"href":"https:\/\/nordlinepaadid.ee\/et\/wp-json\/wp\/v2\/product\/21806","targetHints":{"allow":["GET"]}}],"collection":[{"href":"https:\/\/nordlinepaadid.ee\/et\/wp-json\/wp\/v2\/product"}],"about":[{"href":"https:\/\/nordlinepaadid.ee\/et\/wp-json\/wp\/v2\/types\/product"}],"wp:featuredmedia":[{"embeddable":true,"href":"https:\/\/nordlinepaadid.ee\/et\/wp-json\/wp\/v2\/media\/21807"}],"wp:attachment":[{"href":"https:\/\/nordlinepaadid.ee\/et\/wp-json\/wp\/v2\/media?parent=21806"}],"wp:term":[{"taxonomy":"product_brand","embeddable":true,"href":"https:\/\/nordlinepaadid.ee\/et\/wp-json\/wp\/v2\/product_brand?post=21806"},{"taxonomy":"product_cat","embeddable":true,"href":"https:\/\/nordlinepaadid.ee\/et\/wp-json\/wp\/v2\/product_cat?post=21806"},{"taxonomy":"product_tag","embeddable":true,"href":"https:\/\/nordlinepaadid.ee\/et\/wp-json\/wp\/v2\/product_tag?post=21806"}],"curies":[{"name":"wp","href":"https:\/\/api.w.org\/{rel}","templated":true}]}}