{"id":21844,"date":"2026-04-07T03:13:17","date_gmt":"2026-04-07T00:13:17","guid":{"rendered":"https:\/\/nordlinepaadid.ee\/pood\/self-adhesive-letter-for-inflatable-20-cm-letter-u\/"},"modified":"2026-04-08T00:04:39","modified_gmt":"2026-04-07T21:04:39","slug":"isekleepuv-taht-kummipaadile-20-cm-taht-u","status":"publish","type":"product","link":"https:\/\/nordlinepaadid.ee\/et\/pood\/ru-boat-care-and-maintenance\/ru-self-adhesive-letters-and-tags-striping-tapes\/isekleepuv-taht-kummipaadile-20-cm-taht-u\/","title":{"rendered":"ISEKLEEPUV T\u00c4HT KUMMIPAADILE, 20 cm, T\u00e4ht U"},"content":{"rendered":"<p>Plastikust valmistatud kleebitavad t\u00e4hed ja numbrid paadi t\u00e4histamiseks. Tulenevalt oma paindlikest omadustest sobivad kummipaatidele. Mereveekindel liim. T\u00e4he k\u00f5rgus: 20 cm. Saadaval kogu eesti t\u00e4hestik ja numbrid 0-9.<\/p>\n","protected":false},"excerpt":{"rendered":"<p>Plastikust valmistatud kleebitavad t\u00e4hed ja numbrid paadi t\u00e4histamiseks. Tulenevalt oma paindlikest omadustest sobivad kummipaatidele. Mereveekindel liim. T\u00e4he k\u00f5rgus: 20 cm. Saadaval kogu eesti t\u00e4hestik ja numbrid 0-9.<\/p>\n","protected":false},"featured_media":16310,"template":"","meta":{"_kad_blocks_custom_css":"","_kad_blocks_head_custom_js":"","_kad_blocks_body_custom_js":"","_kad_blocks_footer_custom_js":"","_kad_post_transparent":"","_kad_post_title":"","_kad_post_layout":"","_kad_post_sidebar_id":"","_kad_post_content_style":"","_kad_post_vertical_padding":"","_kad_post_feature":"","_kad_post_feature_position":"","_kad_post_header":false,"_kad_post_footer":false,"_kad_post_classname":""},"product_brand":[],"product_cat":[297,284,846],"product_tag":[],"class_list":{"0":"post-21844","1":"product","2":"type-product","3":"status-publish","4":"has-post-thumbnail","6":"product_cat-isekleepuvad-tahed-ja-sildid-dekoratiivteibid","7":"product_cat-paadihooldusvahendid","8":"product_cat-ru-self-adhesive-letters-and-tags-striping-tapes","9":"product_shipping_class-pakiautomaati-mahtuv-kaup","10":"pa_color-must","11":"pa_producer-osculati","12":"pa_unit-pcs","13":"tm-no-options","15":"first","16":"onbackorder","17":"taxable","18":"shipping-taxable","19":"purchasable","20":"product-type-simple","21":"entry","22":"content-bg","23":"loop-entry"},"yoast_head":"<!-- This site is optimized with the Yoast SEO plugin v27.3 - https:\/\/yoast.com\/product\/yoast-seo-wordpress\/ -->\n<title>ISEKLEEPUV T\u00c4HT KUMMIPAADILE, 20 cm, T\u00e4ht U - NORDLINE s\u00f5udepaadid ja mootorpaadid. Klaasfiiber materjalist.<\/title>\n<meta name=\"robots\" content=\"index, follow, max-snippet:-1, max-image-preview:large, max-video-preview:-1\" \/>\n<link rel=\"canonical\" href=\"https:\/\/nordlinepaadid.ee\/et\/pood\/ru-boat-care-and-maintenance\/ru-self-adhesive-letters-and-tags-striping-tapes\/isekleepuv-taht-kummipaadile-20-cm-taht-u\/\" \/>\n<meta property=\"og:locale\" content=\"et_EE\" \/>\n<meta property=\"og:type\" content=\"article\" \/>\n<meta property=\"og:title\" content=\"ISEKLEEPUV T\u00c4HT KUMMIPAADILE, 20 cm, T\u00e4ht U - NORDLINE s\u00f5udepaadid ja mootorpaadid. Klaasfiiber materjalist.\" \/>\n<meta property=\"og:description\" content=\"Plastikust valmistatud kleebitavad t\u00e4hed ja numbrid paadi t\u00e4histamiseks. Tulenevalt oma paindlikest omadustest sobivad kummipaatidele. Mereveekindel liim. T\u00e4he k\u00f5rgus: 20 cm. Saadaval kogu eesti t\u00e4hestik ja numbrid 0-9.\" \/>\n<meta property=\"og:url\" content=\"https:\/\/nordlinepaadid.ee\/et\/pood\/ru-boat-care-and-maintenance\/ru-self-adhesive-letters-and-tags-striping-tapes\/isekleepuv-taht-kummipaadile-20-cm-taht-u\/\" \/>\n<meta property=\"og:site_name\" content=\"NORDLINE s\u00f5udepaadid ja mootorpaadid. Klaasfiiber materjalist.\" \/>\n<meta property=\"article:publisher\" content=\"https:\/\/www.facebook.com\/nordlineboats\" \/>\n<meta property=\"article:modified_time\" content=\"2026-04-07T21:04:39+00:00\" \/>\n<meta property=\"og:image\" content=\"https:\/\/nordlinepaadid.ee\/wp-content\/uploads\/2023\/03\/4632_U.jpg\" \/>\n\t<meta property=\"og:image:width\" content=\"752\" \/>\n\t<meta property=\"og:image:height\" content=\"693\" \/>\n\t<meta property=\"og:image:type\" content=\"image\/jpeg\" \/>\n<meta name=\"twitter:card\" content=\"summary_large_image\" \/>\n<script type=\"application\/ld+json\" class=\"yoast-schema-graph\">{\"@context\":\"https:\\\/\\\/schema.org\",\"@graph\":[{\"@type\":\"WebPage\",\"@id\":\"https:\\\/\\\/nordlinepaadid.ee\\\/et\\\/pood\\\/ru-boat-care-and-maintenance\\\/ru-self-adhesive-letters-and-tags-striping-tapes\\\/isekleepuv-taht-kummipaadile-20-cm-taht-u\\\/\",\"url\":\"https:\\\/\\\/nordlinepaadid.ee\\\/et\\\/pood\\\/ru-boat-care-and-maintenance\\\/ru-self-adhesive-letters-and-tags-striping-tapes\\\/isekleepuv-taht-kummipaadile-20-cm-taht-u\\\/\",\"name\":\"ISEKLEEPUV T\u00c4HT KUMMIPAADILE, 20 cm, T\u00e4ht U - NORDLINE s\u00f5udepaadid ja mootorpaadid. Klaasfiiber materjalist.\",\"isPartOf\":{\"@id\":\"https:\\\/\\\/nordlinepaadid.ee\\\/et\\\/#website\"},\"primaryImageOfPage\":{\"@id\":\"https:\\\/\\\/nordlinepaadid.ee\\\/et\\\/pood\\\/ru-boat-care-and-maintenance\\\/ru-self-adhesive-letters-and-tags-striping-tapes\\\/isekleepuv-taht-kummipaadile-20-cm-taht-u\\\/#primaryimage\"},\"image\":{\"@id\":\"https:\\\/\\\/nordlinepaadid.ee\\\/et\\\/pood\\\/ru-boat-care-and-maintenance\\\/ru-self-adhesive-letters-and-tags-striping-tapes\\\/isekleepuv-taht-kummipaadile-20-cm-taht-u\\\/#primaryimage\"},\"thumbnailUrl\":\"https:\\\/\\\/nordlinepaadid.ee\\\/wp-content\\\/uploads\\\/2023\\\/03\\\/4632_U.jpg\",\"datePublished\":\"2026-04-07T00:13:17+00:00\",\"dateModified\":\"2026-04-07T21:04:39+00:00\",\"breadcrumb\":{\"@id\":\"https:\\\/\\\/nordlinepaadid.ee\\\/et\\\/pood\\\/ru-boat-care-and-maintenance\\\/ru-self-adhesive-letters-and-tags-striping-tapes\\\/isekleepuv-taht-kummipaadile-20-cm-taht-u\\\/#breadcrumb\"},\"inLanguage\":\"et\",\"potentialAction\":[{\"@type\":\"ReadAction\",\"target\":[\"https:\\\/\\\/nordlinepaadid.ee\\\/et\\\/pood\\\/ru-boat-care-and-maintenance\\\/ru-self-adhesive-letters-and-tags-striping-tapes\\\/isekleepuv-taht-kummipaadile-20-cm-taht-u\\\/\"]}]},{\"@type\":\"ImageObject\",\"inLanguage\":\"et\",\"@id\":\"https:\\\/\\\/nordlinepaadid.ee\\\/et\\\/pood\\\/ru-boat-care-and-maintenance\\\/ru-self-adhesive-letters-and-tags-striping-tapes\\\/isekleepuv-taht-kummipaadile-20-cm-taht-u\\\/#primaryimage\",\"url\":\"https:\\\/\\\/nordlinepaadid.ee\\\/wp-content\\\/uploads\\\/2023\\\/03\\\/4632_U.jpg\",\"contentUrl\":\"https:\\\/\\\/nordlinepaadid.ee\\\/wp-content\\\/uploads\\\/2023\\\/03\\\/4632_U.jpg\",\"width\":752,\"height\":693},{\"@type\":\"BreadcrumbList\",\"@id\":\"https:\\\/\\\/nordlinepaadid.ee\\\/et\\\/pood\\\/ru-boat-care-and-maintenance\\\/ru-self-adhesive-letters-and-tags-striping-tapes\\\/isekleepuv-taht-kummipaadile-20-cm-taht-u\\\/#breadcrumb\",\"itemListElement\":[{\"@type\":\"ListItem\",\"position\":1,\"name\":\"Home\",\"item\":\"https:\\\/\\\/nordlinepaadid.ee\\\/et\\\/\"},{\"@type\":\"ListItem\",\"position\":2,\"name\":\"Pood\",\"item\":\"https:\\\/\\\/nordlinepaadid.ee\\\/et\\\/pood\\\/\"},{\"@type\":\"ListItem\",\"position\":3,\"name\":\"ISEKLEEPUV T\u00c4HT KUMMIPAADILE, 20 cm, T\u00e4ht U\"}]},{\"@type\":\"WebSite\",\"@id\":\"https:\\\/\\\/nordlinepaadid.ee\\\/et\\\/#website\",\"url\":\"https:\\\/\\\/nordlinepaadid.ee\\\/et\\\/\",\"name\":\"NORDLINE s\u00f5udepaadid ja mootorpaadid. Klaasfiiber materjalist.\",\"description\":\"\",\"publisher\":{\"@id\":\"https:\\\/\\\/nordlinepaadid.ee\\\/et\\\/#organization\"},\"potentialAction\":[{\"@type\":\"SearchAction\",\"target\":{\"@type\":\"EntryPoint\",\"urlTemplate\":\"https:\\\/\\\/nordlinepaadid.ee\\\/et\\\/?s={search_term_string}\"},\"query-input\":{\"@type\":\"PropertyValueSpecification\",\"valueRequired\":true,\"valueName\":\"search_term_string\"}}],\"inLanguage\":\"et\"},{\"@type\":\"Organization\",\"@id\":\"https:\\\/\\\/nordlinepaadid.ee\\\/et\\\/#organization\",\"name\":\"Nordlineboats\",\"url\":\"https:\\\/\\\/nordlinepaadid.ee\\\/et\\\/\",\"logo\":{\"@type\":\"ImageObject\",\"inLanguage\":\"et\",\"@id\":\"https:\\\/\\\/nordlinepaadid.ee\\\/et\\\/#\\\/schema\\\/logo\\\/image\\\/\",\"url\":\"https:\\\/\\\/nordlinepaadid.ee\\\/wp-content\\\/uploads\\\/2023\\\/01\\\/fulllogo_transparent_nobuffer-e1672750475494.png\",\"contentUrl\":\"https:\\\/\\\/nordlinepaadid.ee\\\/wp-content\\\/uploads\\\/2023\\\/01\\\/fulllogo_transparent_nobuffer-e1672750475494.png\",\"width\":150,\"height\":119,\"caption\":\"Nordlineboats\"},\"image\":{\"@id\":\"https:\\\/\\\/nordlinepaadid.ee\\\/et\\\/#\\\/schema\\\/logo\\\/image\\\/\"},\"sameAs\":[\"https:\\\/\\\/www.facebook.com\\\/nordlineboats\",\"https:\\\/\\\/www.youtube.com\\\/channel\\\/UCbgF0fy02y3QkFnujaLTaCA\"]}]}<\/script>\n<!-- \/ Yoast SEO plugin. -->","yoast_head_json":{"title":"ISEKLEEPUV T\u00c4HT KUMMIPAADILE, 20 cm, T\u00e4ht U - NORDLINE s\u00f5udepaadid ja mootorpaadid. Klaasfiiber materjalist.","robots":{"index":"index","follow":"follow","max-snippet":"max-snippet:-1","max-image-preview":"max-image-preview:large","max-video-preview":"max-video-preview:-1"},"canonical":"https:\/\/nordlinepaadid.ee\/et\/pood\/ru-boat-care-and-maintenance\/ru-self-adhesive-letters-and-tags-striping-tapes\/isekleepuv-taht-kummipaadile-20-cm-taht-u\/","og_locale":"et_EE","og_type":"article","og_title":"ISEKLEEPUV T\u00c4HT KUMMIPAADILE, 20 cm, T\u00e4ht U - NORDLINE s\u00f5udepaadid ja mootorpaadid. Klaasfiiber materjalist.","og_description":"Plastikust valmistatud kleebitavad t\u00e4hed ja numbrid paadi t\u00e4histamiseks. Tulenevalt oma paindlikest omadustest sobivad kummipaatidele. Mereveekindel liim. T\u00e4he k\u00f5rgus: 20 cm. Saadaval kogu eesti t\u00e4hestik ja numbrid 0-9.","og_url":"https:\/\/nordlinepaadid.ee\/et\/pood\/ru-boat-care-and-maintenance\/ru-self-adhesive-letters-and-tags-striping-tapes\/isekleepuv-taht-kummipaadile-20-cm-taht-u\/","og_site_name":"NORDLINE s\u00f5udepaadid ja mootorpaadid. Klaasfiiber materjalist.","article_publisher":"https:\/\/www.facebook.com\/nordlineboats","article_modified_time":"2026-04-07T21:04:39+00:00","og_image":[{"width":752,"height":693,"url":"https:\/\/nordlinepaadid.ee\/wp-content\/uploads\/2023\/03\/4632_U.jpg","type":"image\/jpeg"}],"twitter_card":"summary_large_image","schema":{"@context":"https:\/\/schema.org","@graph":[{"@type":"WebPage","@id":"https:\/\/nordlinepaadid.ee\/et\/pood\/ru-boat-care-and-maintenance\/ru-self-adhesive-letters-and-tags-striping-tapes\/isekleepuv-taht-kummipaadile-20-cm-taht-u\/","url":"https:\/\/nordlinepaadid.ee\/et\/pood\/ru-boat-care-and-maintenance\/ru-self-adhesive-letters-and-tags-striping-tapes\/isekleepuv-taht-kummipaadile-20-cm-taht-u\/","name":"ISEKLEEPUV T\u00c4HT KUMMIPAADILE, 20 cm, T\u00e4ht U - NORDLINE s\u00f5udepaadid ja mootorpaadid. Klaasfiiber materjalist.","isPartOf":{"@id":"https:\/\/nordlinepaadid.ee\/et\/#website"},"primaryImageOfPage":{"@id":"https:\/\/nordlinepaadid.ee\/et\/pood\/ru-boat-care-and-maintenance\/ru-self-adhesive-letters-and-tags-striping-tapes\/isekleepuv-taht-kummipaadile-20-cm-taht-u\/#primaryimage"},"image":{"@id":"https:\/\/nordlinepaadid.ee\/et\/pood\/ru-boat-care-and-maintenance\/ru-self-adhesive-letters-and-tags-striping-tapes\/isekleepuv-taht-kummipaadile-20-cm-taht-u\/#primaryimage"},"thumbnailUrl":"https:\/\/nordlinepaadid.ee\/wp-content\/uploads\/2023\/03\/4632_U.jpg","datePublished":"2026-04-07T00:13:17+00:00","dateModified":"2026-04-07T21:04:39+00:00","breadcrumb":{"@id":"https:\/\/nordlinepaadid.ee\/et\/pood\/ru-boat-care-and-maintenance\/ru-self-adhesive-letters-and-tags-striping-tapes\/isekleepuv-taht-kummipaadile-20-cm-taht-u\/#breadcrumb"},"inLanguage":"et","potentialAction":[{"@type":"ReadAction","target":["https:\/\/nordlinepaadid.ee\/et\/pood\/ru-boat-care-and-maintenance\/ru-self-adhesive-letters-and-tags-striping-tapes\/isekleepuv-taht-kummipaadile-20-cm-taht-u\/"]}]},{"@type":"ImageObject","inLanguage":"et","@id":"https:\/\/nordlinepaadid.ee\/et\/pood\/ru-boat-care-and-maintenance\/ru-self-adhesive-letters-and-tags-striping-tapes\/isekleepuv-taht-kummipaadile-20-cm-taht-u\/#primaryimage","url":"https:\/\/nordlinepaadid.ee\/wp-content\/uploads\/2023\/03\/4632_U.jpg","contentUrl":"https:\/\/nordlinepaadid.ee\/wp-content\/uploads\/2023\/03\/4632_U.jpg","width":752,"height":693},{"@type":"BreadcrumbList","@id":"https:\/\/nordlinepaadid.ee\/et\/pood\/ru-boat-care-and-maintenance\/ru-self-adhesive-letters-and-tags-striping-tapes\/isekleepuv-taht-kummipaadile-20-cm-taht-u\/#breadcrumb","itemListElement":[{"@type":"ListItem","position":1,"name":"Home","item":"https:\/\/nordlinepaadid.ee\/et\/"},{"@type":"ListItem","position":2,"name":"Pood","item":"https:\/\/nordlinepaadid.ee\/et\/pood\/"},{"@type":"ListItem","position":3,"name":"ISEKLEEPUV T\u00c4HT KUMMIPAADILE, 20 cm, T\u00e4ht U"}]},{"@type":"WebSite","@id":"https:\/\/nordlinepaadid.ee\/et\/#website","url":"https:\/\/nordlinepaadid.ee\/et\/","name":"NORDLINE s\u00f5udepaadid ja mootorpaadid. Klaasfiiber materjalist.","description":"","publisher":{"@id":"https:\/\/nordlinepaadid.ee\/et\/#organization"},"potentialAction":[{"@type":"SearchAction","target":{"@type":"EntryPoint","urlTemplate":"https:\/\/nordlinepaadid.ee\/et\/?s={search_term_string}"},"query-input":{"@type":"PropertyValueSpecification","valueRequired":true,"valueName":"search_term_string"}}],"inLanguage":"et"},{"@type":"Organization","@id":"https:\/\/nordlinepaadid.ee\/et\/#organization","name":"Nordlineboats","url":"https:\/\/nordlinepaadid.ee\/et\/","logo":{"@type":"ImageObject","inLanguage":"et","@id":"https:\/\/nordlinepaadid.ee\/et\/#\/schema\/logo\/image\/","url":"https:\/\/nordlinepaadid.ee\/wp-content\/uploads\/2023\/01\/fulllogo_transparent_nobuffer-e1672750475494.png","contentUrl":"https:\/\/nordlinepaadid.ee\/wp-content\/uploads\/2023\/01\/fulllogo_transparent_nobuffer-e1672750475494.png","width":150,"height":119,"caption":"Nordlineboats"},"image":{"@id":"https:\/\/nordlinepaadid.ee\/et\/#\/schema\/logo\/image\/"},"sameAs":["https:\/\/www.facebook.com\/nordlineboats","https:\/\/www.youtube.com\/channel\/UCbgF0fy02y3QkFnujaLTaCA"]}]}},"taxonomy_info":{"product_cat":[{"value":297,"label":"Isekleepuvad t\u00e4hed ja sildid, Dekoratiivteibid"},{"value":284,"label":"PAADIHOOLDUSVAHENDID"},{"value":846,"label":"\u0411\u0443\u043a\u0432\u044b, \u043d\u0430\u0434\u043f\u0438\u0441\u0438 \u0438 \u0434\u0435\u043a\u043e\u0440\u0430\u0442\u0438\u0432\u043d\u0430\u044f \u043b\u0435\u043d\u0442\u0430"}],"pa_color":[{"value":684,"label":"Must"}],"pa_producer":[{"value":417,"label":"Osculati"}],"pa_unit":[{"value":416,"label":"pcs"}]},"featured_image_src_large":["https:\/\/nordlinepaadid.ee\/wp-content\/uploads\/2023\/03\/4632_U.jpg",752,693,false],"author_info":[],"comment_info":"","_links":{"self":[{"href":"https:\/\/nordlinepaadid.ee\/et\/wp-json\/wp\/v2\/product\/21844","targetHints":{"allow":["GET"]}}],"collection":[{"href":"https:\/\/nordlinepaadid.ee\/et\/wp-json\/wp\/v2\/product"}],"about":[{"href":"https:\/\/nordlinepaadid.ee\/et\/wp-json\/wp\/v2\/types\/product"}],"wp:featuredmedia":[{"embeddable":true,"href":"https:\/\/nordlinepaadid.ee\/et\/wp-json\/wp\/v2\/media\/16310"}],"wp:attachment":[{"href":"https:\/\/nordlinepaadid.ee\/et\/wp-json\/wp\/v2\/media?parent=21844"}],"wp:term":[{"taxonomy":"product_brand","embeddable":true,"href":"https:\/\/nordlinepaadid.ee\/et\/wp-json\/wp\/v2\/product_brand?post=21844"},{"taxonomy":"product_cat","embeddable":true,"href":"https:\/\/nordlinepaadid.ee\/et\/wp-json\/wp\/v2\/product_cat?post=21844"},{"taxonomy":"product_tag","embeddable":true,"href":"https:\/\/nordlinepaadid.ee\/et\/wp-json\/wp\/v2\/product_tag?post=21844"}],"curies":[{"name":"wp","href":"https:\/\/api.w.org\/{rel}","templated":true}]}}