{"id":22165,"date":"2026-04-07T03:13:45","date_gmt":"2026-04-07T00:13:45","guid":{"rendered":"https:\/\/nordlinepaadid.ee\/pood\/led-integrated-switch-kit-lenco-12-24-v\/"},"modified":"2026-04-08T04:00:09","modified_gmt":"2026-04-08T01:00:09","slug":"led-juhtpaneel-lenco-12-24-v","status":"publish","type":"product","link":"https:\/\/nordlinepaadid.ee\/et\/pood\/varuosad-mootorpaatidele\/trimmiplaadid_hudrostabilisaatorid\/led-juhtpaneel-lenco-12-24-v\/","title":{"rendered":"LED JUHTPANEEL- LENCO 12\/24 V"},"content":{"rendered":"<p>LED juhtpaneel, 12 \/ 24 V, \u00fche mootoriga trimmiplaatide juhtimiseks. Hooldusvaba, integreeritud reljeefsete l\u00fcliti komplekt. Uus l\u00fclitite tehnoloogia parandab t\u00e4psust ja \u00fchendab endas hea funktsionaalsuse. Led m\u00e4rgutuled n\u00e4itavad t\u00e4pselt, mis asendis trimmiplaadid hetkel on. Taustavalgustuse reguleerimis v\u00f5imalus, fotosilm j\u00e4lgib hetke valguse taset ning reguleerib led valgustuse vastavalt v\u00e4lisvalgusele. Funktsionaalsus ja komplekt sisaldab: Lihtne, kiire, Plug &amp; Play paigaldus; Kohene reageerimine; Madala profiiliga disain; Veekindlad juhtl\u00fclitid, millesse on integreeritud ka juhtplokk + Plug &amp; Play &#8220;Deutsch&#8221; t\u00fc\u00fcpi \u00fchendused; Juhtmete pikkus 76,2 cm; 90 cm voolukaabel.<\/p>\n<p>&#13;<\/p>\n","protected":false},"excerpt":{"rendered":"<p>LED juhtpaneel, 12 \/ 24 V, \u00fche mootoriga trimmiplaatide juhtimiseks. Hooldusvaba, integreeritud reljeefsete l\u00fcliti komplekt. Uus l\u00fclitite tehnoloogia parandab t\u00e4psust ja \u00fchendab endas hea funktsionaalsuse. Led m\u00e4rgutuled n\u00e4itavad t\u00e4pselt, mis asendis trimmiplaadid hetkel on. Taustavalgustuse reguleerimis v\u00f5imalus, fotosilm j\u00e4lgib hetke valguse taset ning reguleerib led valgustuse vastavalt v\u00e4lisvalgusele. Funktsionaalsus ja komplekt sisaldab: Lihtne, kiire, Plug&#8230;<\/p>\n","protected":false},"featured_media":22166,"template":"","meta":{"_kad_blocks_custom_css":"","_kad_blocks_head_custom_js":"","_kad_blocks_body_custom_js":"","_kad_blocks_footer_custom_js":"","_kad_post_transparent":"","_kad_post_title":"","_kad_post_layout":"","_kad_post_sidebar_id":"","_kad_post_content_style":"","_kad_post_vertical_padding":"","_kad_post_feature":"","_kad_post_feature_position":"","_kad_post_header":false,"_kad_post_footer":false,"_kad_post_classname":""},"product_brand":[],"product_cat":[362,249],"product_tag":[],"class_list":{"0":"post-22165","1":"product","2":"type-product","3":"status-publish","4":"has-post-thumbnail","6":"product_cat-trimmiplaadid_hudrostabilisaatorid","7":"product_cat-varuosad-mootorpaatidele","8":"product_shipping_class-pakiautomaati-mahtuv-kaup","9":"pa_producer-lenco-marine","10":"pa_unit-kit","11":"tm-no-options","13":"first","14":"onbackorder","15":"taxable","16":"shipping-taxable","17":"purchasable","18":"product-type-simple","19":"entry","20":"content-bg","21":"loop-entry"},"yoast_head":"<!-- This site is optimized with the Yoast SEO plugin v27.3 - https:\/\/yoast.com\/product\/yoast-seo-wordpress\/ -->\n<title>LED JUHTPANEEL- LENCO 12\/24 V - NORDLINE s\u00f5udepaadid ja mootorpaadid. Klaasfiiber materjalist.<\/title>\n<meta name=\"robots\" content=\"index, follow, max-snippet:-1, max-image-preview:large, max-video-preview:-1\" \/>\n<link rel=\"canonical\" href=\"https:\/\/nordlinepaadid.ee\/et\/pood\/varuosad-mootorpaatidele\/trimmiplaadid_hudrostabilisaatorid\/led-juhtpaneel-lenco-12-24-v\/\" \/>\n<meta property=\"og:locale\" content=\"et_EE\" \/>\n<meta property=\"og:type\" content=\"article\" \/>\n<meta property=\"og:title\" content=\"LED JUHTPANEEL- LENCO 12\/24 V - NORDLINE s\u00f5udepaadid ja mootorpaadid. Klaasfiiber materjalist.\" \/>\n<meta property=\"og:description\" content=\"LED juhtpaneel, 12 \/ 24 V, \u00fche mootoriga trimmiplaatide juhtimiseks. Hooldusvaba, integreeritud reljeefsete l\u00fcliti komplekt. Uus l\u00fclitite tehnoloogia parandab t\u00e4psust ja \u00fchendab endas hea funktsionaalsuse. Led m\u00e4rgutuled n\u00e4itavad t\u00e4pselt, mis asendis trimmiplaadid hetkel on. Taustavalgustuse reguleerimis v\u00f5imalus, fotosilm j\u00e4lgib hetke valguse taset ning reguleerib led valgustuse vastavalt v\u00e4lisvalgusele. Funktsionaalsus ja komplekt sisaldab: Lihtne, kiire, Plug...\" \/>\n<meta property=\"og:url\" content=\"https:\/\/nordlinepaadid.ee\/et\/pood\/varuosad-mootorpaatidele\/trimmiplaadid_hudrostabilisaatorid\/led-juhtpaneel-lenco-12-24-v\/\" \/>\n<meta property=\"og:site_name\" content=\"NORDLINE s\u00f5udepaadid ja mootorpaadid. Klaasfiiber materjalist.\" \/>\n<meta property=\"article:publisher\" content=\"https:\/\/www.facebook.com\/nordlineboats\" \/>\n<meta property=\"article:modified_time\" content=\"2026-04-08T01:00:09+00:00\" \/>\n<meta property=\"og:image\" content=\"https:\/\/nordlinepaadid.ee\/wp-content\/uploads\/2023\/03\/4731_9519040762.jpg\" \/>\n\t<meta property=\"og:image:width\" content=\"595\" \/>\n\t<meta property=\"og:image:height\" content=\"600\" \/>\n\t<meta property=\"og:image:type\" content=\"image\/jpeg\" \/>\n<meta name=\"twitter:card\" content=\"summary_large_image\" \/>\n<script type=\"application\/ld+json\" class=\"yoast-schema-graph\">{\"@context\":\"https:\\\/\\\/schema.org\",\"@graph\":[{\"@type\":\"WebPage\",\"@id\":\"https:\\\/\\\/nordlinepaadid.ee\\\/et\\\/pood\\\/varuosad-mootorpaatidele\\\/trimmiplaadid_hudrostabilisaatorid\\\/led-juhtpaneel-lenco-12-24-v\\\/\",\"url\":\"https:\\\/\\\/nordlinepaadid.ee\\\/et\\\/pood\\\/varuosad-mootorpaatidele\\\/trimmiplaadid_hudrostabilisaatorid\\\/led-juhtpaneel-lenco-12-24-v\\\/\",\"name\":\"LED JUHTPANEEL- LENCO 12\\\/24 V - NORDLINE s\u00f5udepaadid ja mootorpaadid. Klaasfiiber materjalist.\",\"isPartOf\":{\"@id\":\"https:\\\/\\\/nordlinepaadid.ee\\\/et\\\/#website\"},\"primaryImageOfPage\":{\"@id\":\"https:\\\/\\\/nordlinepaadid.ee\\\/et\\\/pood\\\/varuosad-mootorpaatidele\\\/trimmiplaadid_hudrostabilisaatorid\\\/led-juhtpaneel-lenco-12-24-v\\\/#primaryimage\"},\"image\":{\"@id\":\"https:\\\/\\\/nordlinepaadid.ee\\\/et\\\/pood\\\/varuosad-mootorpaatidele\\\/trimmiplaadid_hudrostabilisaatorid\\\/led-juhtpaneel-lenco-12-24-v\\\/#primaryimage\"},\"thumbnailUrl\":\"https:\\\/\\\/nordlinepaadid.ee\\\/wp-content\\\/uploads\\\/2023\\\/03\\\/4731_9519040762.jpg\",\"datePublished\":\"2026-04-07T00:13:45+00:00\",\"dateModified\":\"2026-04-08T01:00:09+00:00\",\"breadcrumb\":{\"@id\":\"https:\\\/\\\/nordlinepaadid.ee\\\/et\\\/pood\\\/varuosad-mootorpaatidele\\\/trimmiplaadid_hudrostabilisaatorid\\\/led-juhtpaneel-lenco-12-24-v\\\/#breadcrumb\"},\"inLanguage\":\"et\",\"potentialAction\":[{\"@type\":\"ReadAction\",\"target\":[\"https:\\\/\\\/nordlinepaadid.ee\\\/et\\\/pood\\\/varuosad-mootorpaatidele\\\/trimmiplaadid_hudrostabilisaatorid\\\/led-juhtpaneel-lenco-12-24-v\\\/\"]}]},{\"@type\":\"ImageObject\",\"inLanguage\":\"et\",\"@id\":\"https:\\\/\\\/nordlinepaadid.ee\\\/et\\\/pood\\\/varuosad-mootorpaatidele\\\/trimmiplaadid_hudrostabilisaatorid\\\/led-juhtpaneel-lenco-12-24-v\\\/#primaryimage\",\"url\":\"https:\\\/\\\/nordlinepaadid.ee\\\/wp-content\\\/uploads\\\/2023\\\/03\\\/4731_9519040762.jpg\",\"contentUrl\":\"https:\\\/\\\/nordlinepaadid.ee\\\/wp-content\\\/uploads\\\/2023\\\/03\\\/4731_9519040762.jpg\",\"width\":595,\"height\":600},{\"@type\":\"BreadcrumbList\",\"@id\":\"https:\\\/\\\/nordlinepaadid.ee\\\/et\\\/pood\\\/varuosad-mootorpaatidele\\\/trimmiplaadid_hudrostabilisaatorid\\\/led-juhtpaneel-lenco-12-24-v\\\/#breadcrumb\",\"itemListElement\":[{\"@type\":\"ListItem\",\"position\":1,\"name\":\"Home\",\"item\":\"https:\\\/\\\/nordlinepaadid.ee\\\/et\\\/\"},{\"@type\":\"ListItem\",\"position\":2,\"name\":\"Pood\",\"item\":\"https:\\\/\\\/nordlinepaadid.ee\\\/et\\\/pood\\\/\"},{\"@type\":\"ListItem\",\"position\":3,\"name\":\"LED JUHTPANEEL- LENCO 12\\\/24 V\"}]},{\"@type\":\"WebSite\",\"@id\":\"https:\\\/\\\/nordlinepaadid.ee\\\/et\\\/#website\",\"url\":\"https:\\\/\\\/nordlinepaadid.ee\\\/et\\\/\",\"name\":\"NORDLINE s\u00f5udepaadid ja mootorpaadid. Klaasfiiber materjalist.\",\"description\":\"\",\"publisher\":{\"@id\":\"https:\\\/\\\/nordlinepaadid.ee\\\/et\\\/#organization\"},\"potentialAction\":[{\"@type\":\"SearchAction\",\"target\":{\"@type\":\"EntryPoint\",\"urlTemplate\":\"https:\\\/\\\/nordlinepaadid.ee\\\/et\\\/?s={search_term_string}\"},\"query-input\":{\"@type\":\"PropertyValueSpecification\",\"valueRequired\":true,\"valueName\":\"search_term_string\"}}],\"inLanguage\":\"et\"},{\"@type\":\"Organization\",\"@id\":\"https:\\\/\\\/nordlinepaadid.ee\\\/et\\\/#organization\",\"name\":\"Nordlineboats\",\"url\":\"https:\\\/\\\/nordlinepaadid.ee\\\/et\\\/\",\"logo\":{\"@type\":\"ImageObject\",\"inLanguage\":\"et\",\"@id\":\"https:\\\/\\\/nordlinepaadid.ee\\\/et\\\/#\\\/schema\\\/logo\\\/image\\\/\",\"url\":\"https:\\\/\\\/nordlinepaadid.ee\\\/wp-content\\\/uploads\\\/2023\\\/01\\\/fulllogo_transparent_nobuffer-e1672750475494.png\",\"contentUrl\":\"https:\\\/\\\/nordlinepaadid.ee\\\/wp-content\\\/uploads\\\/2023\\\/01\\\/fulllogo_transparent_nobuffer-e1672750475494.png\",\"width\":150,\"height\":119,\"caption\":\"Nordlineboats\"},\"image\":{\"@id\":\"https:\\\/\\\/nordlinepaadid.ee\\\/et\\\/#\\\/schema\\\/logo\\\/image\\\/\"},\"sameAs\":[\"https:\\\/\\\/www.facebook.com\\\/nordlineboats\",\"https:\\\/\\\/www.youtube.com\\\/channel\\\/UCbgF0fy02y3QkFnujaLTaCA\"]}]}<\/script>\n<!-- \/ Yoast SEO plugin. -->","yoast_head_json":{"title":"LED JUHTPANEEL- LENCO 12\/24 V - NORDLINE s\u00f5udepaadid ja mootorpaadid. Klaasfiiber materjalist.","robots":{"index":"index","follow":"follow","max-snippet":"max-snippet:-1","max-image-preview":"max-image-preview:large","max-video-preview":"max-video-preview:-1"},"canonical":"https:\/\/nordlinepaadid.ee\/et\/pood\/varuosad-mootorpaatidele\/trimmiplaadid_hudrostabilisaatorid\/led-juhtpaneel-lenco-12-24-v\/","og_locale":"et_EE","og_type":"article","og_title":"LED JUHTPANEEL- LENCO 12\/24 V - NORDLINE s\u00f5udepaadid ja mootorpaadid. Klaasfiiber materjalist.","og_description":"LED juhtpaneel, 12 \/ 24 V, \u00fche mootoriga trimmiplaatide juhtimiseks. Hooldusvaba, integreeritud reljeefsete l\u00fcliti komplekt. Uus l\u00fclitite tehnoloogia parandab t\u00e4psust ja \u00fchendab endas hea funktsionaalsuse. Led m\u00e4rgutuled n\u00e4itavad t\u00e4pselt, mis asendis trimmiplaadid hetkel on. Taustavalgustuse reguleerimis v\u00f5imalus, fotosilm j\u00e4lgib hetke valguse taset ning reguleerib led valgustuse vastavalt v\u00e4lisvalgusele. Funktsionaalsus ja komplekt sisaldab: Lihtne, kiire, Plug...","og_url":"https:\/\/nordlinepaadid.ee\/et\/pood\/varuosad-mootorpaatidele\/trimmiplaadid_hudrostabilisaatorid\/led-juhtpaneel-lenco-12-24-v\/","og_site_name":"NORDLINE s\u00f5udepaadid ja mootorpaadid. Klaasfiiber materjalist.","article_publisher":"https:\/\/www.facebook.com\/nordlineboats","article_modified_time":"2026-04-08T01:00:09+00:00","og_image":[{"width":595,"height":600,"url":"https:\/\/nordlinepaadid.ee\/wp-content\/uploads\/2023\/03\/4731_9519040762.jpg","type":"image\/jpeg"}],"twitter_card":"summary_large_image","schema":{"@context":"https:\/\/schema.org","@graph":[{"@type":"WebPage","@id":"https:\/\/nordlinepaadid.ee\/et\/pood\/varuosad-mootorpaatidele\/trimmiplaadid_hudrostabilisaatorid\/led-juhtpaneel-lenco-12-24-v\/","url":"https:\/\/nordlinepaadid.ee\/et\/pood\/varuosad-mootorpaatidele\/trimmiplaadid_hudrostabilisaatorid\/led-juhtpaneel-lenco-12-24-v\/","name":"LED JUHTPANEEL- LENCO 12\/24 V - NORDLINE s\u00f5udepaadid ja mootorpaadid. Klaasfiiber materjalist.","isPartOf":{"@id":"https:\/\/nordlinepaadid.ee\/et\/#website"},"primaryImageOfPage":{"@id":"https:\/\/nordlinepaadid.ee\/et\/pood\/varuosad-mootorpaatidele\/trimmiplaadid_hudrostabilisaatorid\/led-juhtpaneel-lenco-12-24-v\/#primaryimage"},"image":{"@id":"https:\/\/nordlinepaadid.ee\/et\/pood\/varuosad-mootorpaatidele\/trimmiplaadid_hudrostabilisaatorid\/led-juhtpaneel-lenco-12-24-v\/#primaryimage"},"thumbnailUrl":"https:\/\/nordlinepaadid.ee\/wp-content\/uploads\/2023\/03\/4731_9519040762.jpg","datePublished":"2026-04-07T00:13:45+00:00","dateModified":"2026-04-08T01:00:09+00:00","breadcrumb":{"@id":"https:\/\/nordlinepaadid.ee\/et\/pood\/varuosad-mootorpaatidele\/trimmiplaadid_hudrostabilisaatorid\/led-juhtpaneel-lenco-12-24-v\/#breadcrumb"},"inLanguage":"et","potentialAction":[{"@type":"ReadAction","target":["https:\/\/nordlinepaadid.ee\/et\/pood\/varuosad-mootorpaatidele\/trimmiplaadid_hudrostabilisaatorid\/led-juhtpaneel-lenco-12-24-v\/"]}]},{"@type":"ImageObject","inLanguage":"et","@id":"https:\/\/nordlinepaadid.ee\/et\/pood\/varuosad-mootorpaatidele\/trimmiplaadid_hudrostabilisaatorid\/led-juhtpaneel-lenco-12-24-v\/#primaryimage","url":"https:\/\/nordlinepaadid.ee\/wp-content\/uploads\/2023\/03\/4731_9519040762.jpg","contentUrl":"https:\/\/nordlinepaadid.ee\/wp-content\/uploads\/2023\/03\/4731_9519040762.jpg","width":595,"height":600},{"@type":"BreadcrumbList","@id":"https:\/\/nordlinepaadid.ee\/et\/pood\/varuosad-mootorpaatidele\/trimmiplaadid_hudrostabilisaatorid\/led-juhtpaneel-lenco-12-24-v\/#breadcrumb","itemListElement":[{"@type":"ListItem","position":1,"name":"Home","item":"https:\/\/nordlinepaadid.ee\/et\/"},{"@type":"ListItem","position":2,"name":"Pood","item":"https:\/\/nordlinepaadid.ee\/et\/pood\/"},{"@type":"ListItem","position":3,"name":"LED JUHTPANEEL- LENCO 12\/24 V"}]},{"@type":"WebSite","@id":"https:\/\/nordlinepaadid.ee\/et\/#website","url":"https:\/\/nordlinepaadid.ee\/et\/","name":"NORDLINE s\u00f5udepaadid ja mootorpaadid. Klaasfiiber materjalist.","description":"","publisher":{"@id":"https:\/\/nordlinepaadid.ee\/et\/#organization"},"potentialAction":[{"@type":"SearchAction","target":{"@type":"EntryPoint","urlTemplate":"https:\/\/nordlinepaadid.ee\/et\/?s={search_term_string}"},"query-input":{"@type":"PropertyValueSpecification","valueRequired":true,"valueName":"search_term_string"}}],"inLanguage":"et"},{"@type":"Organization","@id":"https:\/\/nordlinepaadid.ee\/et\/#organization","name":"Nordlineboats","url":"https:\/\/nordlinepaadid.ee\/et\/","logo":{"@type":"ImageObject","inLanguage":"et","@id":"https:\/\/nordlinepaadid.ee\/et\/#\/schema\/logo\/image\/","url":"https:\/\/nordlinepaadid.ee\/wp-content\/uploads\/2023\/01\/fulllogo_transparent_nobuffer-e1672750475494.png","contentUrl":"https:\/\/nordlinepaadid.ee\/wp-content\/uploads\/2023\/01\/fulllogo_transparent_nobuffer-e1672750475494.png","width":150,"height":119,"caption":"Nordlineboats"},"image":{"@id":"https:\/\/nordlinepaadid.ee\/et\/#\/schema\/logo\/image\/"},"sameAs":["https:\/\/www.facebook.com\/nordlineboats","https:\/\/www.youtube.com\/channel\/UCbgF0fy02y3QkFnujaLTaCA"]}]}},"taxonomy_info":{"product_cat":[{"value":362,"label":"Trimmiplaadid, H\u00fcdrostabilisaatorid"},{"value":249,"label":"VARUOSAD MOOTORPAATIDELE"}],"pa_producer":[{"value":545,"label":"Lenco Marine"}],"pa_unit":[{"value":441,"label":"kit"}]},"featured_image_src_large":["https:\/\/nordlinepaadid.ee\/wp-content\/uploads\/2023\/03\/4731_9519040762.jpg",595,600,false],"author_info":[],"comment_info":"","_links":{"self":[{"href":"https:\/\/nordlinepaadid.ee\/et\/wp-json\/wp\/v2\/product\/22165","targetHints":{"allow":["GET"]}}],"collection":[{"href":"https:\/\/nordlinepaadid.ee\/et\/wp-json\/wp\/v2\/product"}],"about":[{"href":"https:\/\/nordlinepaadid.ee\/et\/wp-json\/wp\/v2\/types\/product"}],"wp:featuredmedia":[{"embeddable":true,"href":"https:\/\/nordlinepaadid.ee\/et\/wp-json\/wp\/v2\/media\/22166"}],"wp:attachment":[{"href":"https:\/\/nordlinepaadid.ee\/et\/wp-json\/wp\/v2\/media?parent=22165"}],"wp:term":[{"taxonomy":"product_brand","embeddable":true,"href":"https:\/\/nordlinepaadid.ee\/et\/wp-json\/wp\/v2\/product_brand?post=22165"},{"taxonomy":"product_cat","embeddable":true,"href":"https:\/\/nordlinepaadid.ee\/et\/wp-json\/wp\/v2\/product_cat?post=22165"},{"taxonomy":"product_tag","embeddable":true,"href":"https:\/\/nordlinepaadid.ee\/et\/wp-json\/wp\/v2\/product_tag?post=22165"}],"curies":[{"name":"wp","href":"https:\/\/api.w.org\/{rel}","templated":true}]}}