{"id":22539,"date":"2026-04-07T03:15:09","date_gmt":"2026-04-07T00:15:09","guid":{"rendered":"https:\/\/nordlinepaadid.ee\/pood\/binoculars-focus-junior-6-x-21\/"},"modified":"2026-04-08T14:04:23","modified_gmt":"2026-04-08T11:04:23","slug":"binokkel-focus-junior-6-x-21","status":"publish","type":"product","link":"https:\/\/nordlinepaadid.ee\/et\/pood\/navigation-ru\/binoculars-ru\/binokkel-focus-junior-6-x-21\/","title":{"rendered":"BINOKKEL- FOCUS JUNIOR 6 x 21"},"content":{"rendered":"<p>Ideaalne binokkel noorele merehuvilisele. Spetsiaalne \u00fche hingega disain annab parima stabiilsuse. Silmadevahe 50-63 mm, sobib h\u00e4sti just lastele. Suure fookusrulliga on lihtne reguleerida teravust ja spetsiaalne optika kattekiht annab selge ja terava pildi. Kummist korpus ja spetsiaalsed \u00e4\u00e4rised ei lase binoklil kergelt k\u00e4est libiseda. Komplektis v\u00f6\u00f6kott ja kaelapael. Suurendus: 6 x; Objektiivi diameeter: 21 mm; Kate: C; Vaatenurk: 6,8 \u00b0; Vaatev\u00e4li: 1000 m- 120 m; Silma reljeef: 10 mm; Diopterv\u00e4\u00e4rtus: -3D ~+ 3D; L\u00e4him vaatekaugus: 3 m; Kaal: 180 grammi.<\/p>\n<p>&#13;<\/p>\n<p><iframe loading=\"lazy\" allowfullscreen=\"\" frameborder=\"0\" height=\"360\" src=\"\/\/www.youtube.com\/embed\/jz0T-Ei73Jw\" width=\"640\"><\/iframe><\/p>\n<p>&#13;<\/p>\n","protected":false},"excerpt":{"rendered":"<p>Ideaalne binokkel noorele merehuvilisele. Spetsiaalne \u00fche hingega disain annab parima stabiilsuse. Silmadevahe 50-63 mm, sobib h\u00e4sti just lastele. Suure fookusrulliga on lihtne reguleerida teravust ja spetsiaalne optika kattekiht annab selge ja terava pildi. Kummist korpus ja spetsiaalsed \u00e4\u00e4rised ei lase binoklil kergelt k\u00e4est libiseda. Komplektis v\u00f6\u00f6kott ja kaelapael. Suurendus: 6 x; Objektiivi diameeter: 21 mm;&#8230;<\/p>\n","protected":false},"featured_media":22540,"template":"","meta":{"_kad_blocks_custom_css":"","_kad_blocks_head_custom_js":"","_kad_blocks_body_custom_js":"","_kad_blocks_footer_custom_js":"","_kad_post_transparent":"","_kad_post_title":"","_kad_post_layout":"","_kad_post_sidebar_id":"","_kad_post_content_style":"","_kad_post_vertical_padding":"","_kad_post_feature":"","_kad_post_feature_position":"","_kad_post_header":false,"_kad_post_footer":false,"_kad_post_classname":""},"product_brand":[],"product_cat":[271,247,820],"product_tag":[],"class_list":{"0":"post-22539","1":"product","2":"type-product","3":"status-publish","4":"has-post-thumbnail","6":"product_cat-binoklid","7":"product_cat-navigatsiooni-vahendid","8":"product_cat-binoculars-ru","9":"product_shipping_class-pakiautomaati-mahtuv-kaup","10":"pa_color-must-oranz-roheline","11":"pa_unit-pcs","12":"tm-no-options","14":"first","15":"onbackorder","16":"taxable","17":"shipping-taxable","18":"purchasable","19":"product-type-simple","20":"entry","21":"content-bg","22":"loop-entry"},"yoast_head":"<!-- This site is optimized with the Yoast SEO plugin v27.3 - https:\/\/yoast.com\/product\/yoast-seo-wordpress\/ -->\n<title>BINOKKEL- FOCUS JUNIOR 6 x 21 - NORDLINE s\u00f5udepaadid ja mootorpaadid. Klaasfiiber materjalist.<\/title>\n<meta name=\"robots\" content=\"index, follow, max-snippet:-1, max-image-preview:large, max-video-preview:-1\" \/>\n<link rel=\"canonical\" href=\"https:\/\/nordlinepaadid.ee\/et\/pood\/navigation-ru\/binoculars-ru\/binokkel-focus-junior-6-x-21\/\" \/>\n<meta property=\"og:locale\" content=\"et_EE\" \/>\n<meta property=\"og:type\" content=\"article\" \/>\n<meta property=\"og:title\" content=\"BINOKKEL- FOCUS JUNIOR 6 x 21 - NORDLINE s\u00f5udepaadid ja mootorpaadid. Klaasfiiber materjalist.\" \/>\n<meta property=\"og:description\" content=\"Ideaalne binokkel noorele merehuvilisele. Spetsiaalne \u00fche hingega disain annab parima stabiilsuse. Silmadevahe 50-63 mm, sobib h\u00e4sti just lastele. Suure fookusrulliga on lihtne reguleerida teravust ja spetsiaalne optika kattekiht annab selge ja terava pildi. Kummist korpus ja spetsiaalsed \u00e4\u00e4rised ei lase binoklil kergelt k\u00e4est libiseda. Komplektis v\u00f6\u00f6kott ja kaelapael. Suurendus: 6 x; Objektiivi diameeter: 21 mm;...\" \/>\n<meta property=\"og:url\" content=\"https:\/\/nordlinepaadid.ee\/et\/pood\/navigation-ru\/binoculars-ru\/binokkel-focus-junior-6-x-21\/\" \/>\n<meta property=\"og:site_name\" content=\"NORDLINE s\u00f5udepaadid ja mootorpaadid. Klaasfiiber materjalist.\" \/>\n<meta property=\"article:publisher\" content=\"https:\/\/www.facebook.com\/nordlineboats\" \/>\n<meta property=\"article:modified_time\" content=\"2026-04-08T11:04:23+00:00\" \/>\n<meta property=\"og:image\" content=\"https:\/\/nordlinepaadid.ee\/wp-content\/uploads\/2023\/03\/4909_JUNIOR.jpg\" \/>\n\t<meta property=\"og:image:width\" content=\"550\" \/>\n\t<meta property=\"og:image:height\" content=\"553\" \/>\n\t<meta property=\"og:image:type\" content=\"image\/jpeg\" \/>\n<meta name=\"twitter:card\" content=\"summary_large_image\" \/>\n<script type=\"application\/ld+json\" class=\"yoast-schema-graph\">{\"@context\":\"https:\\\/\\\/schema.org\",\"@graph\":[{\"@type\":\"WebPage\",\"@id\":\"https:\\\/\\\/nordlinepaadid.ee\\\/et\\\/pood\\\/navigation-ru\\\/binoculars-ru\\\/binokkel-focus-junior-6-x-21\\\/\",\"url\":\"https:\\\/\\\/nordlinepaadid.ee\\\/et\\\/pood\\\/navigation-ru\\\/binoculars-ru\\\/binokkel-focus-junior-6-x-21\\\/\",\"name\":\"BINOKKEL- FOCUS JUNIOR 6 x 21 - NORDLINE s\u00f5udepaadid ja mootorpaadid. Klaasfiiber materjalist.\",\"isPartOf\":{\"@id\":\"https:\\\/\\\/nordlinepaadid.ee\\\/et\\\/#website\"},\"primaryImageOfPage\":{\"@id\":\"https:\\\/\\\/nordlinepaadid.ee\\\/et\\\/pood\\\/navigation-ru\\\/binoculars-ru\\\/binokkel-focus-junior-6-x-21\\\/#primaryimage\"},\"image\":{\"@id\":\"https:\\\/\\\/nordlinepaadid.ee\\\/et\\\/pood\\\/navigation-ru\\\/binoculars-ru\\\/binokkel-focus-junior-6-x-21\\\/#primaryimage\"},\"thumbnailUrl\":\"https:\\\/\\\/nordlinepaadid.ee\\\/wp-content\\\/uploads\\\/2023\\\/03\\\/4909_JUNIOR.jpg\",\"datePublished\":\"2026-04-07T00:15:09+00:00\",\"dateModified\":\"2026-04-08T11:04:23+00:00\",\"breadcrumb\":{\"@id\":\"https:\\\/\\\/nordlinepaadid.ee\\\/et\\\/pood\\\/navigation-ru\\\/binoculars-ru\\\/binokkel-focus-junior-6-x-21\\\/#breadcrumb\"},\"inLanguage\":\"et\",\"potentialAction\":[{\"@type\":\"ReadAction\",\"target\":[\"https:\\\/\\\/nordlinepaadid.ee\\\/et\\\/pood\\\/navigation-ru\\\/binoculars-ru\\\/binokkel-focus-junior-6-x-21\\\/\"]}]},{\"@type\":\"ImageObject\",\"inLanguage\":\"et\",\"@id\":\"https:\\\/\\\/nordlinepaadid.ee\\\/et\\\/pood\\\/navigation-ru\\\/binoculars-ru\\\/binokkel-focus-junior-6-x-21\\\/#primaryimage\",\"url\":\"https:\\\/\\\/nordlinepaadid.ee\\\/wp-content\\\/uploads\\\/2023\\\/03\\\/4909_JUNIOR.jpg\",\"contentUrl\":\"https:\\\/\\\/nordlinepaadid.ee\\\/wp-content\\\/uploads\\\/2023\\\/03\\\/4909_JUNIOR.jpg\",\"width\":550,\"height\":553},{\"@type\":\"BreadcrumbList\",\"@id\":\"https:\\\/\\\/nordlinepaadid.ee\\\/et\\\/pood\\\/navigation-ru\\\/binoculars-ru\\\/binokkel-focus-junior-6-x-21\\\/#breadcrumb\",\"itemListElement\":[{\"@type\":\"ListItem\",\"position\":1,\"name\":\"Home\",\"item\":\"https:\\\/\\\/nordlinepaadid.ee\\\/et\\\/\"},{\"@type\":\"ListItem\",\"position\":2,\"name\":\"Pood\",\"item\":\"https:\\\/\\\/nordlinepaadid.ee\\\/et\\\/pood\\\/\"},{\"@type\":\"ListItem\",\"position\":3,\"name\":\"BINOKKEL- FOCUS JUNIOR 6 x 21\"}]},{\"@type\":\"WebSite\",\"@id\":\"https:\\\/\\\/nordlinepaadid.ee\\\/et\\\/#website\",\"url\":\"https:\\\/\\\/nordlinepaadid.ee\\\/et\\\/\",\"name\":\"NORDLINE s\u00f5udepaadid ja mootorpaadid. Klaasfiiber materjalist.\",\"description\":\"\",\"publisher\":{\"@id\":\"https:\\\/\\\/nordlinepaadid.ee\\\/et\\\/#organization\"},\"potentialAction\":[{\"@type\":\"SearchAction\",\"target\":{\"@type\":\"EntryPoint\",\"urlTemplate\":\"https:\\\/\\\/nordlinepaadid.ee\\\/et\\\/?s={search_term_string}\"},\"query-input\":{\"@type\":\"PropertyValueSpecification\",\"valueRequired\":true,\"valueName\":\"search_term_string\"}}],\"inLanguage\":\"et\"},{\"@type\":\"Organization\",\"@id\":\"https:\\\/\\\/nordlinepaadid.ee\\\/et\\\/#organization\",\"name\":\"Nordlineboats\",\"url\":\"https:\\\/\\\/nordlinepaadid.ee\\\/et\\\/\",\"logo\":{\"@type\":\"ImageObject\",\"inLanguage\":\"et\",\"@id\":\"https:\\\/\\\/nordlinepaadid.ee\\\/et\\\/#\\\/schema\\\/logo\\\/image\\\/\",\"url\":\"https:\\\/\\\/nordlinepaadid.ee\\\/wp-content\\\/uploads\\\/2023\\\/01\\\/fulllogo_transparent_nobuffer-e1672750475494.png\",\"contentUrl\":\"https:\\\/\\\/nordlinepaadid.ee\\\/wp-content\\\/uploads\\\/2023\\\/01\\\/fulllogo_transparent_nobuffer-e1672750475494.png\",\"width\":150,\"height\":119,\"caption\":\"Nordlineboats\"},\"image\":{\"@id\":\"https:\\\/\\\/nordlinepaadid.ee\\\/et\\\/#\\\/schema\\\/logo\\\/image\\\/\"},\"sameAs\":[\"https:\\\/\\\/www.facebook.com\\\/nordlineboats\",\"https:\\\/\\\/www.youtube.com\\\/channel\\\/UCbgF0fy02y3QkFnujaLTaCA\"]}]}<\/script>\n<!-- \/ Yoast SEO plugin. -->","yoast_head_json":{"title":"BINOKKEL- FOCUS JUNIOR 6 x 21 - NORDLINE s\u00f5udepaadid ja mootorpaadid. Klaasfiiber materjalist.","robots":{"index":"index","follow":"follow","max-snippet":"max-snippet:-1","max-image-preview":"max-image-preview:large","max-video-preview":"max-video-preview:-1"},"canonical":"https:\/\/nordlinepaadid.ee\/et\/pood\/navigation-ru\/binoculars-ru\/binokkel-focus-junior-6-x-21\/","og_locale":"et_EE","og_type":"article","og_title":"BINOKKEL- FOCUS JUNIOR 6 x 21 - NORDLINE s\u00f5udepaadid ja mootorpaadid. Klaasfiiber materjalist.","og_description":"Ideaalne binokkel noorele merehuvilisele. Spetsiaalne \u00fche hingega disain annab parima stabiilsuse. Silmadevahe 50-63 mm, sobib h\u00e4sti just lastele. Suure fookusrulliga on lihtne reguleerida teravust ja spetsiaalne optika kattekiht annab selge ja terava pildi. Kummist korpus ja spetsiaalsed \u00e4\u00e4rised ei lase binoklil kergelt k\u00e4est libiseda. Komplektis v\u00f6\u00f6kott ja kaelapael. Suurendus: 6 x; Objektiivi diameeter: 21 mm;...","og_url":"https:\/\/nordlinepaadid.ee\/et\/pood\/navigation-ru\/binoculars-ru\/binokkel-focus-junior-6-x-21\/","og_site_name":"NORDLINE s\u00f5udepaadid ja mootorpaadid. Klaasfiiber materjalist.","article_publisher":"https:\/\/www.facebook.com\/nordlineboats","article_modified_time":"2026-04-08T11:04:23+00:00","og_image":[{"width":550,"height":553,"url":"https:\/\/nordlinepaadid.ee\/wp-content\/uploads\/2023\/03\/4909_JUNIOR.jpg","type":"image\/jpeg"}],"twitter_card":"summary_large_image","schema":{"@context":"https:\/\/schema.org","@graph":[{"@type":"WebPage","@id":"https:\/\/nordlinepaadid.ee\/et\/pood\/navigation-ru\/binoculars-ru\/binokkel-focus-junior-6-x-21\/","url":"https:\/\/nordlinepaadid.ee\/et\/pood\/navigation-ru\/binoculars-ru\/binokkel-focus-junior-6-x-21\/","name":"BINOKKEL- FOCUS JUNIOR 6 x 21 - NORDLINE s\u00f5udepaadid ja mootorpaadid. Klaasfiiber materjalist.","isPartOf":{"@id":"https:\/\/nordlinepaadid.ee\/et\/#website"},"primaryImageOfPage":{"@id":"https:\/\/nordlinepaadid.ee\/et\/pood\/navigation-ru\/binoculars-ru\/binokkel-focus-junior-6-x-21\/#primaryimage"},"image":{"@id":"https:\/\/nordlinepaadid.ee\/et\/pood\/navigation-ru\/binoculars-ru\/binokkel-focus-junior-6-x-21\/#primaryimage"},"thumbnailUrl":"https:\/\/nordlinepaadid.ee\/wp-content\/uploads\/2023\/03\/4909_JUNIOR.jpg","datePublished":"2026-04-07T00:15:09+00:00","dateModified":"2026-04-08T11:04:23+00:00","breadcrumb":{"@id":"https:\/\/nordlinepaadid.ee\/et\/pood\/navigation-ru\/binoculars-ru\/binokkel-focus-junior-6-x-21\/#breadcrumb"},"inLanguage":"et","potentialAction":[{"@type":"ReadAction","target":["https:\/\/nordlinepaadid.ee\/et\/pood\/navigation-ru\/binoculars-ru\/binokkel-focus-junior-6-x-21\/"]}]},{"@type":"ImageObject","inLanguage":"et","@id":"https:\/\/nordlinepaadid.ee\/et\/pood\/navigation-ru\/binoculars-ru\/binokkel-focus-junior-6-x-21\/#primaryimage","url":"https:\/\/nordlinepaadid.ee\/wp-content\/uploads\/2023\/03\/4909_JUNIOR.jpg","contentUrl":"https:\/\/nordlinepaadid.ee\/wp-content\/uploads\/2023\/03\/4909_JUNIOR.jpg","width":550,"height":553},{"@type":"BreadcrumbList","@id":"https:\/\/nordlinepaadid.ee\/et\/pood\/navigation-ru\/binoculars-ru\/binokkel-focus-junior-6-x-21\/#breadcrumb","itemListElement":[{"@type":"ListItem","position":1,"name":"Home","item":"https:\/\/nordlinepaadid.ee\/et\/"},{"@type":"ListItem","position":2,"name":"Pood","item":"https:\/\/nordlinepaadid.ee\/et\/pood\/"},{"@type":"ListItem","position":3,"name":"BINOKKEL- FOCUS JUNIOR 6 x 21"}]},{"@type":"WebSite","@id":"https:\/\/nordlinepaadid.ee\/et\/#website","url":"https:\/\/nordlinepaadid.ee\/et\/","name":"NORDLINE s\u00f5udepaadid ja mootorpaadid. Klaasfiiber materjalist.","description":"","publisher":{"@id":"https:\/\/nordlinepaadid.ee\/et\/#organization"},"potentialAction":[{"@type":"SearchAction","target":{"@type":"EntryPoint","urlTemplate":"https:\/\/nordlinepaadid.ee\/et\/?s={search_term_string}"},"query-input":{"@type":"PropertyValueSpecification","valueRequired":true,"valueName":"search_term_string"}}],"inLanguage":"et"},{"@type":"Organization","@id":"https:\/\/nordlinepaadid.ee\/et\/#organization","name":"Nordlineboats","url":"https:\/\/nordlinepaadid.ee\/et\/","logo":{"@type":"ImageObject","inLanguage":"et","@id":"https:\/\/nordlinepaadid.ee\/et\/#\/schema\/logo\/image\/","url":"https:\/\/nordlinepaadid.ee\/wp-content\/uploads\/2023\/01\/fulllogo_transparent_nobuffer-e1672750475494.png","contentUrl":"https:\/\/nordlinepaadid.ee\/wp-content\/uploads\/2023\/01\/fulllogo_transparent_nobuffer-e1672750475494.png","width":150,"height":119,"caption":"Nordlineboats"},"image":{"@id":"https:\/\/nordlinepaadid.ee\/et\/#\/schema\/logo\/image\/"},"sameAs":["https:\/\/www.facebook.com\/nordlineboats","https:\/\/www.youtube.com\/channel\/UCbgF0fy02y3QkFnujaLTaCA"]}]}},"taxonomy_info":{"product_cat":[{"value":271,"label":"Binoklid, Vaatlusseadmed"},{"value":247,"label":"NAVIGATSIOONIVAHENDID"},{"value":820,"label":"\u0411\u0438\u043d\u043e\u043a\u043b\u0438"}],"pa_color":[{"value":726,"label":"Must \/oranz \/roheline"}],"pa_unit":[{"value":416,"label":"pcs"}]},"featured_image_src_large":["https:\/\/nordlinepaadid.ee\/wp-content\/uploads\/2023\/03\/4909_JUNIOR.jpg",550,553,false],"author_info":[],"comment_info":"","_links":{"self":[{"href":"https:\/\/nordlinepaadid.ee\/et\/wp-json\/wp\/v2\/product\/22539","targetHints":{"allow":["GET"]}}],"collection":[{"href":"https:\/\/nordlinepaadid.ee\/et\/wp-json\/wp\/v2\/product"}],"about":[{"href":"https:\/\/nordlinepaadid.ee\/et\/wp-json\/wp\/v2\/types\/product"}],"wp:featuredmedia":[{"embeddable":true,"href":"https:\/\/nordlinepaadid.ee\/et\/wp-json\/wp\/v2\/media\/22540"}],"wp:attachment":[{"href":"https:\/\/nordlinepaadid.ee\/et\/wp-json\/wp\/v2\/media?parent=22539"}],"wp:term":[{"taxonomy":"product_brand","embeddable":true,"href":"https:\/\/nordlinepaadid.ee\/et\/wp-json\/wp\/v2\/product_brand?post=22539"},{"taxonomy":"product_cat","embeddable":true,"href":"https:\/\/nordlinepaadid.ee\/et\/wp-json\/wp\/v2\/product_cat?post=22539"},{"taxonomy":"product_tag","embeddable":true,"href":"https:\/\/nordlinepaadid.ee\/et\/wp-json\/wp\/v2\/product_tag?post=22539"}],"curies":[{"name":"wp","href":"https:\/\/api.w.org\/{rel}","templated":true}]}}