{"id":22778,"date":"2026-04-14T03:11:53","date_gmt":"2026-04-14T00:11:53","guid":{"rendered":"https:\/\/nordlinepaadid.ee\/pood\/charge-controllers-for-panels-10-a\/"},"modified":"2026-04-15T00:03:10","modified_gmt":"2026-04-14T21:03:10","slug":"laadimiskontroller-paikesepaneelile-10-a","status":"publish","type":"product","link":"https:\/\/nordlinepaadid.ee\/et\/pood\/ru-electrical-equipments\/solar-panels-ru\/laadimiskontroller-paikesepaneelile-10-a\/","title":{"rendered":"LAADIMISKONTROLLER P\u00c4IKESEPANEELILE, 10 A"},"content":{"rendered":"<p>PWM t\u00fc\u00fcpi laadimiskontroller mis on m\u00f5eldud kasutamiseks v\u00e4iksemate p\u00e4iksepaneelidega. Sobib nii tavaakudele kui ka geelakudele. Maksimaalne vool- 10 A; Pinge- 12 \/ 24 V; Maksimaalne paneelide arv- 4 x 20 W, 3 x 40 W, 2 x 65 W, 1 x 90 W v\u00f5i 1 x 130 W.<\/p>\n","protected":false},"excerpt":{"rendered":"<p>PWM t\u00fc\u00fcpi laadimiskontroller mis on m\u00f5eldud kasutamiseks v\u00e4iksemate p\u00e4iksepaneelidega. Sobib nii tavaakudele kui ka geelakudele. Maksimaalne vool- 10 A; Pinge- 12 \/ 24 V; Maksimaalne paneelide arv- 4 x 20 W, 3 x 40 W, 2 x 65 W, 1 x 90 W v\u00f5i 1 x 130 W.<\/p>\n","protected":false},"featured_media":22779,"template":"","meta":{"_kad_blocks_custom_css":"","_kad_blocks_head_custom_js":"","_kad_blocks_body_custom_js":"","_kad_blocks_footer_custom_js":"","_kad_post_transparent":"","_kad_post_title":"","_kad_post_layout":"","_kad_post_sidebar_id":"","_kad_post_content_style":"","_kad_post_vertical_padding":"","_kad_post_feature":"","_kad_post_feature_position":"","_kad_post_header":false,"_kad_post_footer":false,"_kad_post_classname":""},"product_brand":[],"product_cat":[239,374,923],"product_tag":[],"class_list":{"0":"post-22778","1":"product","2":"type-product","3":"status-publish","4":"has-post-thumbnail","6":"product_cat-electrical-equipments","7":"product_cat-paikesepaneelid","8":"product_cat-solar-panels-ru","9":"product_shipping_class-euroalusele-mahtuv-kaup","10":"pa_producer-enecom","11":"pa_unit-pcs","12":"tm-no-options","14":"first","15":"onbackorder","16":"taxable","17":"shipping-taxable","18":"purchasable","19":"product-type-simple","20":"entry","21":"content-bg","22":"loop-entry"},"yoast_head":"<!-- This site is optimized with the Yoast SEO plugin v27.3 - https:\/\/yoast.com\/product\/yoast-seo-wordpress\/ -->\n<title>LAADIMISKONTROLLER P\u00c4IKESEPANEELILE, 10 A - NORDLINE s\u00f5udepaadid ja mootorpaadid. Klaasfiiber materjalist.<\/title>\n<meta name=\"robots\" content=\"index, follow, max-snippet:-1, max-image-preview:large, max-video-preview:-1\" \/>\n<link rel=\"canonical\" href=\"https:\/\/nordlinepaadid.ee\/et\/pood\/ru-electrical-equipments\/solar-panels-ru\/laadimiskontroller-paikesepaneelile-10-a\/\" \/>\n<meta property=\"og:locale\" content=\"et_EE\" \/>\n<meta property=\"og:type\" content=\"article\" \/>\n<meta property=\"og:title\" content=\"LAADIMISKONTROLLER P\u00c4IKESEPANEELILE, 10 A - NORDLINE s\u00f5udepaadid ja mootorpaadid. Klaasfiiber materjalist.\" \/>\n<meta property=\"og:description\" content=\"PWM t\u00fc\u00fcpi laadimiskontroller mis on m\u00f5eldud kasutamiseks v\u00e4iksemate p\u00e4iksepaneelidega. Sobib nii tavaakudele kui ka geelakudele. Maksimaalne vool- 10 A; Pinge- 12 \/ 24 V; Maksimaalne paneelide arv- 4 x 20 W, 3 x 40 W, 2 x 65 W, 1 x 90 W v\u00f5i 1 x 130 W.\" \/>\n<meta property=\"og:url\" content=\"https:\/\/nordlinepaadid.ee\/et\/pood\/ru-electrical-equipments\/solar-panels-ru\/laadimiskontroller-paikesepaneelile-10-a\/\" \/>\n<meta property=\"og:site_name\" content=\"NORDLINE s\u00f5udepaadid ja mootorpaadid. Klaasfiiber materjalist.\" \/>\n<meta property=\"article:publisher\" content=\"https:\/\/www.facebook.com\/nordlineboats\" \/>\n<meta property=\"article:modified_time\" content=\"2026-04-14T21:03:10+00:00\" \/>\n<meta property=\"og:image\" content=\"https:\/\/nordlinepaadid.ee\/wp-content\/uploads\/2023\/03\/5046_EN_12.035.01.jpg\" \/>\n\t<meta property=\"og:image:width\" content=\"342\" \/>\n\t<meta property=\"og:image:height\" content=\"183\" \/>\n\t<meta property=\"og:image:type\" content=\"image\/jpeg\" \/>\n<meta name=\"twitter:card\" content=\"summary_large_image\" \/>\n<script type=\"application\/ld+json\" class=\"yoast-schema-graph\">{\"@context\":\"https:\\\/\\\/schema.org\",\"@graph\":[{\"@type\":\"WebPage\",\"@id\":\"https:\\\/\\\/nordlinepaadid.ee\\\/et\\\/pood\\\/ru-electrical-equipments\\\/solar-panels-ru\\\/laadimiskontroller-paikesepaneelile-10-a\\\/\",\"url\":\"https:\\\/\\\/nordlinepaadid.ee\\\/et\\\/pood\\\/ru-electrical-equipments\\\/solar-panels-ru\\\/laadimiskontroller-paikesepaneelile-10-a\\\/\",\"name\":\"LAADIMISKONTROLLER P\u00c4IKESEPANEELILE, 10 A - NORDLINE s\u00f5udepaadid ja mootorpaadid. Klaasfiiber materjalist.\",\"isPartOf\":{\"@id\":\"https:\\\/\\\/nordlinepaadid.ee\\\/et\\\/#website\"},\"primaryImageOfPage\":{\"@id\":\"https:\\\/\\\/nordlinepaadid.ee\\\/et\\\/pood\\\/ru-electrical-equipments\\\/solar-panels-ru\\\/laadimiskontroller-paikesepaneelile-10-a\\\/#primaryimage\"},\"image\":{\"@id\":\"https:\\\/\\\/nordlinepaadid.ee\\\/et\\\/pood\\\/ru-electrical-equipments\\\/solar-panels-ru\\\/laadimiskontroller-paikesepaneelile-10-a\\\/#primaryimage\"},\"thumbnailUrl\":\"https:\\\/\\\/nordlinepaadid.ee\\\/wp-content\\\/uploads\\\/2023\\\/03\\\/5046_EN_12.035.01.jpg\",\"datePublished\":\"2026-04-14T00:11:53+00:00\",\"dateModified\":\"2026-04-14T21:03:10+00:00\",\"breadcrumb\":{\"@id\":\"https:\\\/\\\/nordlinepaadid.ee\\\/et\\\/pood\\\/ru-electrical-equipments\\\/solar-panels-ru\\\/laadimiskontroller-paikesepaneelile-10-a\\\/#breadcrumb\"},\"inLanguage\":\"et\",\"potentialAction\":[{\"@type\":\"ReadAction\",\"target\":[\"https:\\\/\\\/nordlinepaadid.ee\\\/et\\\/pood\\\/ru-electrical-equipments\\\/solar-panels-ru\\\/laadimiskontroller-paikesepaneelile-10-a\\\/\"]}]},{\"@type\":\"ImageObject\",\"inLanguage\":\"et\",\"@id\":\"https:\\\/\\\/nordlinepaadid.ee\\\/et\\\/pood\\\/ru-electrical-equipments\\\/solar-panels-ru\\\/laadimiskontroller-paikesepaneelile-10-a\\\/#primaryimage\",\"url\":\"https:\\\/\\\/nordlinepaadid.ee\\\/wp-content\\\/uploads\\\/2023\\\/03\\\/5046_EN_12.035.01.jpg\",\"contentUrl\":\"https:\\\/\\\/nordlinepaadid.ee\\\/wp-content\\\/uploads\\\/2023\\\/03\\\/5046_EN_12.035.01.jpg\",\"width\":342,\"height\":183},{\"@type\":\"BreadcrumbList\",\"@id\":\"https:\\\/\\\/nordlinepaadid.ee\\\/et\\\/pood\\\/ru-electrical-equipments\\\/solar-panels-ru\\\/laadimiskontroller-paikesepaneelile-10-a\\\/#breadcrumb\",\"itemListElement\":[{\"@type\":\"ListItem\",\"position\":1,\"name\":\"Home\",\"item\":\"https:\\\/\\\/nordlinepaadid.ee\\\/et\\\/\"},{\"@type\":\"ListItem\",\"position\":2,\"name\":\"Pood\",\"item\":\"https:\\\/\\\/nordlinepaadid.ee\\\/et\\\/pood\\\/\"},{\"@type\":\"ListItem\",\"position\":3,\"name\":\"LAADIMISKONTROLLER P\u00c4IKESEPANEELILE, 10 A\"}]},{\"@type\":\"WebSite\",\"@id\":\"https:\\\/\\\/nordlinepaadid.ee\\\/et\\\/#website\",\"url\":\"https:\\\/\\\/nordlinepaadid.ee\\\/et\\\/\",\"name\":\"NORDLINE s\u00f5udepaadid ja mootorpaadid. Klaasfiiber materjalist.\",\"description\":\"\",\"publisher\":{\"@id\":\"https:\\\/\\\/nordlinepaadid.ee\\\/et\\\/#organization\"},\"potentialAction\":[{\"@type\":\"SearchAction\",\"target\":{\"@type\":\"EntryPoint\",\"urlTemplate\":\"https:\\\/\\\/nordlinepaadid.ee\\\/et\\\/?s={search_term_string}\"},\"query-input\":{\"@type\":\"PropertyValueSpecification\",\"valueRequired\":true,\"valueName\":\"search_term_string\"}}],\"inLanguage\":\"et\"},{\"@type\":\"Organization\",\"@id\":\"https:\\\/\\\/nordlinepaadid.ee\\\/et\\\/#organization\",\"name\":\"Nordlineboats\",\"url\":\"https:\\\/\\\/nordlinepaadid.ee\\\/et\\\/\",\"logo\":{\"@type\":\"ImageObject\",\"inLanguage\":\"et\",\"@id\":\"https:\\\/\\\/nordlinepaadid.ee\\\/et\\\/#\\\/schema\\\/logo\\\/image\\\/\",\"url\":\"https:\\\/\\\/nordlinepaadid.ee\\\/wp-content\\\/uploads\\\/2023\\\/01\\\/fulllogo_transparent_nobuffer-e1672750475494.png\",\"contentUrl\":\"https:\\\/\\\/nordlinepaadid.ee\\\/wp-content\\\/uploads\\\/2023\\\/01\\\/fulllogo_transparent_nobuffer-e1672750475494.png\",\"width\":150,\"height\":119,\"caption\":\"Nordlineboats\"},\"image\":{\"@id\":\"https:\\\/\\\/nordlinepaadid.ee\\\/et\\\/#\\\/schema\\\/logo\\\/image\\\/\"},\"sameAs\":[\"https:\\\/\\\/www.facebook.com\\\/nordlineboats\",\"https:\\\/\\\/www.youtube.com\\\/channel\\\/UCbgF0fy02y3QkFnujaLTaCA\"]}]}<\/script>\n<!-- \/ Yoast SEO plugin. -->","yoast_head_json":{"title":"LAADIMISKONTROLLER P\u00c4IKESEPANEELILE, 10 A - NORDLINE s\u00f5udepaadid ja mootorpaadid. Klaasfiiber materjalist.","robots":{"index":"index","follow":"follow","max-snippet":"max-snippet:-1","max-image-preview":"max-image-preview:large","max-video-preview":"max-video-preview:-1"},"canonical":"https:\/\/nordlinepaadid.ee\/et\/pood\/ru-electrical-equipments\/solar-panels-ru\/laadimiskontroller-paikesepaneelile-10-a\/","og_locale":"et_EE","og_type":"article","og_title":"LAADIMISKONTROLLER P\u00c4IKESEPANEELILE, 10 A - NORDLINE s\u00f5udepaadid ja mootorpaadid. Klaasfiiber materjalist.","og_description":"PWM t\u00fc\u00fcpi laadimiskontroller mis on m\u00f5eldud kasutamiseks v\u00e4iksemate p\u00e4iksepaneelidega. Sobib nii tavaakudele kui ka geelakudele. Maksimaalne vool- 10 A; Pinge- 12 \/ 24 V; Maksimaalne paneelide arv- 4 x 20 W, 3 x 40 W, 2 x 65 W, 1 x 90 W v\u00f5i 1 x 130 W.","og_url":"https:\/\/nordlinepaadid.ee\/et\/pood\/ru-electrical-equipments\/solar-panels-ru\/laadimiskontroller-paikesepaneelile-10-a\/","og_site_name":"NORDLINE s\u00f5udepaadid ja mootorpaadid. Klaasfiiber materjalist.","article_publisher":"https:\/\/www.facebook.com\/nordlineboats","article_modified_time":"2026-04-14T21:03:10+00:00","og_image":[{"width":342,"height":183,"url":"https:\/\/nordlinepaadid.ee\/wp-content\/uploads\/2023\/03\/5046_EN_12.035.01.jpg","type":"image\/jpeg"}],"twitter_card":"summary_large_image","schema":{"@context":"https:\/\/schema.org","@graph":[{"@type":"WebPage","@id":"https:\/\/nordlinepaadid.ee\/et\/pood\/ru-electrical-equipments\/solar-panels-ru\/laadimiskontroller-paikesepaneelile-10-a\/","url":"https:\/\/nordlinepaadid.ee\/et\/pood\/ru-electrical-equipments\/solar-panels-ru\/laadimiskontroller-paikesepaneelile-10-a\/","name":"LAADIMISKONTROLLER P\u00c4IKESEPANEELILE, 10 A - NORDLINE s\u00f5udepaadid ja mootorpaadid. Klaasfiiber materjalist.","isPartOf":{"@id":"https:\/\/nordlinepaadid.ee\/et\/#website"},"primaryImageOfPage":{"@id":"https:\/\/nordlinepaadid.ee\/et\/pood\/ru-electrical-equipments\/solar-panels-ru\/laadimiskontroller-paikesepaneelile-10-a\/#primaryimage"},"image":{"@id":"https:\/\/nordlinepaadid.ee\/et\/pood\/ru-electrical-equipments\/solar-panels-ru\/laadimiskontroller-paikesepaneelile-10-a\/#primaryimage"},"thumbnailUrl":"https:\/\/nordlinepaadid.ee\/wp-content\/uploads\/2023\/03\/5046_EN_12.035.01.jpg","datePublished":"2026-04-14T00:11:53+00:00","dateModified":"2026-04-14T21:03:10+00:00","breadcrumb":{"@id":"https:\/\/nordlinepaadid.ee\/et\/pood\/ru-electrical-equipments\/solar-panels-ru\/laadimiskontroller-paikesepaneelile-10-a\/#breadcrumb"},"inLanguage":"et","potentialAction":[{"@type":"ReadAction","target":["https:\/\/nordlinepaadid.ee\/et\/pood\/ru-electrical-equipments\/solar-panels-ru\/laadimiskontroller-paikesepaneelile-10-a\/"]}]},{"@type":"ImageObject","inLanguage":"et","@id":"https:\/\/nordlinepaadid.ee\/et\/pood\/ru-electrical-equipments\/solar-panels-ru\/laadimiskontroller-paikesepaneelile-10-a\/#primaryimage","url":"https:\/\/nordlinepaadid.ee\/wp-content\/uploads\/2023\/03\/5046_EN_12.035.01.jpg","contentUrl":"https:\/\/nordlinepaadid.ee\/wp-content\/uploads\/2023\/03\/5046_EN_12.035.01.jpg","width":342,"height":183},{"@type":"BreadcrumbList","@id":"https:\/\/nordlinepaadid.ee\/et\/pood\/ru-electrical-equipments\/solar-panels-ru\/laadimiskontroller-paikesepaneelile-10-a\/#breadcrumb","itemListElement":[{"@type":"ListItem","position":1,"name":"Home","item":"https:\/\/nordlinepaadid.ee\/et\/"},{"@type":"ListItem","position":2,"name":"Pood","item":"https:\/\/nordlinepaadid.ee\/et\/pood\/"},{"@type":"ListItem","position":3,"name":"LAADIMISKONTROLLER P\u00c4IKESEPANEELILE, 10 A"}]},{"@type":"WebSite","@id":"https:\/\/nordlinepaadid.ee\/et\/#website","url":"https:\/\/nordlinepaadid.ee\/et\/","name":"NORDLINE s\u00f5udepaadid ja mootorpaadid. Klaasfiiber materjalist.","description":"","publisher":{"@id":"https:\/\/nordlinepaadid.ee\/et\/#organization"},"potentialAction":[{"@type":"SearchAction","target":{"@type":"EntryPoint","urlTemplate":"https:\/\/nordlinepaadid.ee\/et\/?s={search_term_string}"},"query-input":{"@type":"PropertyValueSpecification","valueRequired":true,"valueName":"search_term_string"}}],"inLanguage":"et"},{"@type":"Organization","@id":"https:\/\/nordlinepaadid.ee\/et\/#organization","name":"Nordlineboats","url":"https:\/\/nordlinepaadid.ee\/et\/","logo":{"@type":"ImageObject","inLanguage":"et","@id":"https:\/\/nordlinepaadid.ee\/et\/#\/schema\/logo\/image\/","url":"https:\/\/nordlinepaadid.ee\/wp-content\/uploads\/2023\/01\/fulllogo_transparent_nobuffer-e1672750475494.png","contentUrl":"https:\/\/nordlinepaadid.ee\/wp-content\/uploads\/2023\/01\/fulllogo_transparent_nobuffer-e1672750475494.png","width":150,"height":119,"caption":"Nordlineboats"},"image":{"@id":"https:\/\/nordlinepaadid.ee\/et\/#\/schema\/logo\/image\/"},"sameAs":["https:\/\/www.facebook.com\/nordlineboats","https:\/\/www.youtube.com\/channel\/UCbgF0fy02y3QkFnujaLTaCA"]}]}},"taxonomy_info":{"product_cat":[{"value":239,"label":"ELEKTRITARVIKUD"},{"value":374,"label":"P\u00e4ikesepaneelid, Tuulegeneraatorid"},{"value":923,"label":"\u0421\u043e\u043b\u043d\u0435\u0447\u043d\u044b\u0435 \u043f\u0430\u043d\u0435\u043b\u0438, \u0412\u0435\u0442\u0440\u043e\u0433\u0435\u043d\u0435\u0440\u0430\u0442\u043e\u0440\u044b"}],"pa_producer":[{"value":555,"label":"Enecom"}],"pa_unit":[{"value":416,"label":"pcs"}]},"featured_image_src_large":["https:\/\/nordlinepaadid.ee\/wp-content\/uploads\/2023\/03\/5046_EN_12.035.01.jpg",342,183,false],"author_info":[],"comment_info":"","_links":{"self":[{"href":"https:\/\/nordlinepaadid.ee\/et\/wp-json\/wp\/v2\/product\/22778","targetHints":{"allow":["GET"]}}],"collection":[{"href":"https:\/\/nordlinepaadid.ee\/et\/wp-json\/wp\/v2\/product"}],"about":[{"href":"https:\/\/nordlinepaadid.ee\/et\/wp-json\/wp\/v2\/types\/product"}],"wp:featuredmedia":[{"embeddable":true,"href":"https:\/\/nordlinepaadid.ee\/et\/wp-json\/wp\/v2\/media\/22779"}],"wp:attachment":[{"href":"https:\/\/nordlinepaadid.ee\/et\/wp-json\/wp\/v2\/media?parent=22778"}],"wp:term":[{"taxonomy":"product_brand","embeddable":true,"href":"https:\/\/nordlinepaadid.ee\/et\/wp-json\/wp\/v2\/product_brand?post=22778"},{"taxonomy":"product_cat","embeddable":true,"href":"https:\/\/nordlinepaadid.ee\/et\/wp-json\/wp\/v2\/product_cat?post=22778"},{"taxonomy":"product_tag","embeddable":true,"href":"https:\/\/nordlinepaadid.ee\/et\/wp-json\/wp\/v2\/product_tag?post=22778"}],"curies":[{"name":"wp","href":"https:\/\/api.w.org\/{rel}","templated":true}]}}