{"id":22845,"date":"2026-04-07T03:15:23","date_gmt":"2026-04-07T00:15:23","guid":{"rendered":"https:\/\/nordlinepaadid.ee\/pood\/polyester-rope-elastic-8-mm-white\/"},"modified":"2026-04-08T00:01:27","modified_gmt":"2026-04-07T21:01:27","slug":"poluester-ots-veniv-8-mm-valge","status":"publish","type":"product","link":"https:\/\/nordlinepaadid.ee\/et\/pood\/ru-ropes-fenders-buoys\/ru-shock-cords-centipedes\/poluester-ots-veniv-8-mm-valge\/","title":{"rendered":"POL\u00dcESTER OTS, VENIV, 8 mm, VALGE"},"content":{"rendered":"<p>6 mm l\u00e4bim\u00f5\u00f5duga, venivast pol\u00fcestrist ots, kvaliteetne ja vastupidav, venivus: 160 %.<\/p>\n","protected":false},"excerpt":{"rendered":"<p>6 mm l\u00e4bim\u00f5\u00f5duga, venivast pol\u00fcestrist ots, kvaliteetne ja vastupidav, venivus: 160 %.<\/p>\n","protected":false},"featured_media":17970,"template":"","meta":{"_kad_blocks_custom_css":"","_kad_blocks_head_custom_js":"","_kad_blocks_body_custom_js":"","_kad_blocks_footer_custom_js":"","_kad_post_transparent":"","_kad_post_title":"","_kad_post_layout":"","_kad_post_sidebar_id":"","_kad_post_content_style":"","_kad_post_vertical_padding":"","_kad_post_feature":"","_kad_post_feature_position":"","_kad_post_header":false,"_kad_post_footer":false,"_kad_post_classname":""},"product_brand":[],"product_cat":[335,243,884],"product_tag":[],"class_list":{"0":"post-22845","1":"product","2":"type-product","3":"status-publish","4":"has-post-thumbnail","6":"product_cat-kummipaelad-kinnitusrihmad","7":"product_cat-ropes-fenders-buoys","8":"product_cat-ru-shock-cords-centipedes","9":"product_shipping_class-pakiautomaati-mahtuv-kaup","10":"pa_color-valge","11":"pa_unit-m","12":"tm-no-options","14":"first","15":"onbackorder","16":"taxable","17":"shipping-taxable","18":"purchasable","19":"product-type-simple","20":"entry","21":"content-bg","22":"loop-entry"},"yoast_head":"<!-- This site is optimized with the Yoast SEO plugin v27.3 - https:\/\/yoast.com\/product\/yoast-seo-wordpress\/ -->\n<title>POL\u00dcESTER OTS, VENIV, 8 mm, VALGE - NORDLINE s\u00f5udepaadid ja mootorpaadid. Klaasfiiber materjalist.<\/title>\n<meta name=\"robots\" content=\"index, follow, max-snippet:-1, max-image-preview:large, max-video-preview:-1\" \/>\n<link rel=\"canonical\" href=\"https:\/\/nordlinepaadid.ee\/et\/pood\/ru-ropes-fenders-buoys\/ru-shock-cords-centipedes\/poluester-ots-veniv-8-mm-valge\/\" \/>\n<meta property=\"og:locale\" content=\"et_EE\" \/>\n<meta property=\"og:type\" content=\"article\" \/>\n<meta property=\"og:title\" content=\"POL\u00dcESTER OTS, VENIV, 8 mm, VALGE - NORDLINE s\u00f5udepaadid ja mootorpaadid. Klaasfiiber materjalist.\" \/>\n<meta property=\"og:description\" content=\"6 mm l\u00e4bim\u00f5\u00f5duga, venivast pol\u00fcestrist ots, kvaliteetne ja vastupidav, venivus: 160 %.\" \/>\n<meta property=\"og:url\" content=\"https:\/\/nordlinepaadid.ee\/et\/pood\/ru-ropes-fenders-buoys\/ru-shock-cords-centipedes\/poluester-ots-veniv-8-mm-valge\/\" \/>\n<meta property=\"og:site_name\" content=\"NORDLINE s\u00f5udepaadid ja mootorpaadid. Klaasfiiber materjalist.\" \/>\n<meta property=\"article:publisher\" content=\"https:\/\/www.facebook.com\/nordlineboats\" \/>\n<meta property=\"article:modified_time\" content=\"2026-04-07T21:01:27+00:00\" \/>\n<meta property=\"og:image\" content=\"https:\/\/nordlinepaadid.ee\/wp-content\/uploads\/2023\/03\/1636_23-0506-1-180x180_0.jpg\" \/>\n\t<meta property=\"og:image:width\" content=\"180\" \/>\n\t<meta property=\"og:image:height\" content=\"180\" \/>\n\t<meta property=\"og:image:type\" content=\"image\/jpeg\" \/>\n<meta name=\"twitter:card\" content=\"summary_large_image\" \/>\n<script type=\"application\/ld+json\" class=\"yoast-schema-graph\">{\"@context\":\"https:\\\/\\\/schema.org\",\"@graph\":[{\"@type\":\"WebPage\",\"@id\":\"https:\\\/\\\/nordlinepaadid.ee\\\/et\\\/pood\\\/ru-ropes-fenders-buoys\\\/ru-shock-cords-centipedes\\\/poluester-ots-veniv-8-mm-valge\\\/\",\"url\":\"https:\\\/\\\/nordlinepaadid.ee\\\/et\\\/pood\\\/ru-ropes-fenders-buoys\\\/ru-shock-cords-centipedes\\\/poluester-ots-veniv-8-mm-valge\\\/\",\"name\":\"POL\u00dcESTER OTS, VENIV, 8 mm, VALGE - NORDLINE s\u00f5udepaadid ja mootorpaadid. Klaasfiiber materjalist.\",\"isPartOf\":{\"@id\":\"https:\\\/\\\/nordlinepaadid.ee\\\/et\\\/#website\"},\"primaryImageOfPage\":{\"@id\":\"https:\\\/\\\/nordlinepaadid.ee\\\/et\\\/pood\\\/ru-ropes-fenders-buoys\\\/ru-shock-cords-centipedes\\\/poluester-ots-veniv-8-mm-valge\\\/#primaryimage\"},\"image\":{\"@id\":\"https:\\\/\\\/nordlinepaadid.ee\\\/et\\\/pood\\\/ru-ropes-fenders-buoys\\\/ru-shock-cords-centipedes\\\/poluester-ots-veniv-8-mm-valge\\\/#primaryimage\"},\"thumbnailUrl\":\"https:\\\/\\\/nordlinepaadid.ee\\\/wp-content\\\/uploads\\\/2023\\\/03\\\/1636_23-0506-1-180x180_0.jpg\",\"datePublished\":\"2026-04-07T00:15:23+00:00\",\"dateModified\":\"2026-04-07T21:01:27+00:00\",\"breadcrumb\":{\"@id\":\"https:\\\/\\\/nordlinepaadid.ee\\\/et\\\/pood\\\/ru-ropes-fenders-buoys\\\/ru-shock-cords-centipedes\\\/poluester-ots-veniv-8-mm-valge\\\/#breadcrumb\"},\"inLanguage\":\"et\",\"potentialAction\":[{\"@type\":\"ReadAction\",\"target\":[\"https:\\\/\\\/nordlinepaadid.ee\\\/et\\\/pood\\\/ru-ropes-fenders-buoys\\\/ru-shock-cords-centipedes\\\/poluester-ots-veniv-8-mm-valge\\\/\"]}]},{\"@type\":\"ImageObject\",\"inLanguage\":\"et\",\"@id\":\"https:\\\/\\\/nordlinepaadid.ee\\\/et\\\/pood\\\/ru-ropes-fenders-buoys\\\/ru-shock-cords-centipedes\\\/poluester-ots-veniv-8-mm-valge\\\/#primaryimage\",\"url\":\"https:\\\/\\\/nordlinepaadid.ee\\\/wp-content\\\/uploads\\\/2023\\\/03\\\/1636_23-0506-1-180x180_0.jpg\",\"contentUrl\":\"https:\\\/\\\/nordlinepaadid.ee\\\/wp-content\\\/uploads\\\/2023\\\/03\\\/1636_23-0506-1-180x180_0.jpg\",\"width\":180,\"height\":180},{\"@type\":\"BreadcrumbList\",\"@id\":\"https:\\\/\\\/nordlinepaadid.ee\\\/et\\\/pood\\\/ru-ropes-fenders-buoys\\\/ru-shock-cords-centipedes\\\/poluester-ots-veniv-8-mm-valge\\\/#breadcrumb\",\"itemListElement\":[{\"@type\":\"ListItem\",\"position\":1,\"name\":\"Home\",\"item\":\"https:\\\/\\\/nordlinepaadid.ee\\\/et\\\/\"},{\"@type\":\"ListItem\",\"position\":2,\"name\":\"Pood\",\"item\":\"https:\\\/\\\/nordlinepaadid.ee\\\/et\\\/pood\\\/\"},{\"@type\":\"ListItem\",\"position\":3,\"name\":\"POL\u00dcESTER OTS, VENIV, 8 mm, VALGE\"}]},{\"@type\":\"WebSite\",\"@id\":\"https:\\\/\\\/nordlinepaadid.ee\\\/et\\\/#website\",\"url\":\"https:\\\/\\\/nordlinepaadid.ee\\\/et\\\/\",\"name\":\"NORDLINE s\u00f5udepaadid ja mootorpaadid. Klaasfiiber materjalist.\",\"description\":\"\",\"publisher\":{\"@id\":\"https:\\\/\\\/nordlinepaadid.ee\\\/et\\\/#organization\"},\"potentialAction\":[{\"@type\":\"SearchAction\",\"target\":{\"@type\":\"EntryPoint\",\"urlTemplate\":\"https:\\\/\\\/nordlinepaadid.ee\\\/et\\\/?s={search_term_string}\"},\"query-input\":{\"@type\":\"PropertyValueSpecification\",\"valueRequired\":true,\"valueName\":\"search_term_string\"}}],\"inLanguage\":\"et\"},{\"@type\":\"Organization\",\"@id\":\"https:\\\/\\\/nordlinepaadid.ee\\\/et\\\/#organization\",\"name\":\"Nordlineboats\",\"url\":\"https:\\\/\\\/nordlinepaadid.ee\\\/et\\\/\",\"logo\":{\"@type\":\"ImageObject\",\"inLanguage\":\"et\",\"@id\":\"https:\\\/\\\/nordlinepaadid.ee\\\/et\\\/#\\\/schema\\\/logo\\\/image\\\/\",\"url\":\"https:\\\/\\\/nordlinepaadid.ee\\\/wp-content\\\/uploads\\\/2023\\\/01\\\/fulllogo_transparent_nobuffer-e1672750475494.png\",\"contentUrl\":\"https:\\\/\\\/nordlinepaadid.ee\\\/wp-content\\\/uploads\\\/2023\\\/01\\\/fulllogo_transparent_nobuffer-e1672750475494.png\",\"width\":150,\"height\":119,\"caption\":\"Nordlineboats\"},\"image\":{\"@id\":\"https:\\\/\\\/nordlinepaadid.ee\\\/et\\\/#\\\/schema\\\/logo\\\/image\\\/\"},\"sameAs\":[\"https:\\\/\\\/www.facebook.com\\\/nordlineboats\",\"https:\\\/\\\/www.youtube.com\\\/channel\\\/UCbgF0fy02y3QkFnujaLTaCA\"]}]}<\/script>\n<!-- \/ Yoast SEO plugin. -->","yoast_head_json":{"title":"POL\u00dcESTER OTS, VENIV, 8 mm, VALGE - NORDLINE s\u00f5udepaadid ja mootorpaadid. Klaasfiiber materjalist.","robots":{"index":"index","follow":"follow","max-snippet":"max-snippet:-1","max-image-preview":"max-image-preview:large","max-video-preview":"max-video-preview:-1"},"canonical":"https:\/\/nordlinepaadid.ee\/et\/pood\/ru-ropes-fenders-buoys\/ru-shock-cords-centipedes\/poluester-ots-veniv-8-mm-valge\/","og_locale":"et_EE","og_type":"article","og_title":"POL\u00dcESTER OTS, VENIV, 8 mm, VALGE - NORDLINE s\u00f5udepaadid ja mootorpaadid. Klaasfiiber materjalist.","og_description":"6 mm l\u00e4bim\u00f5\u00f5duga, venivast pol\u00fcestrist ots, kvaliteetne ja vastupidav, venivus: 160 %.","og_url":"https:\/\/nordlinepaadid.ee\/et\/pood\/ru-ropes-fenders-buoys\/ru-shock-cords-centipedes\/poluester-ots-veniv-8-mm-valge\/","og_site_name":"NORDLINE s\u00f5udepaadid ja mootorpaadid. Klaasfiiber materjalist.","article_publisher":"https:\/\/www.facebook.com\/nordlineboats","article_modified_time":"2026-04-07T21:01:27+00:00","og_image":[{"width":180,"height":180,"url":"https:\/\/nordlinepaadid.ee\/wp-content\/uploads\/2023\/03\/1636_23-0506-1-180x180_0.jpg","type":"image\/jpeg"}],"twitter_card":"summary_large_image","schema":{"@context":"https:\/\/schema.org","@graph":[{"@type":"WebPage","@id":"https:\/\/nordlinepaadid.ee\/et\/pood\/ru-ropes-fenders-buoys\/ru-shock-cords-centipedes\/poluester-ots-veniv-8-mm-valge\/","url":"https:\/\/nordlinepaadid.ee\/et\/pood\/ru-ropes-fenders-buoys\/ru-shock-cords-centipedes\/poluester-ots-veniv-8-mm-valge\/","name":"POL\u00dcESTER OTS, VENIV, 8 mm, VALGE - NORDLINE s\u00f5udepaadid ja mootorpaadid. Klaasfiiber materjalist.","isPartOf":{"@id":"https:\/\/nordlinepaadid.ee\/et\/#website"},"primaryImageOfPage":{"@id":"https:\/\/nordlinepaadid.ee\/et\/pood\/ru-ropes-fenders-buoys\/ru-shock-cords-centipedes\/poluester-ots-veniv-8-mm-valge\/#primaryimage"},"image":{"@id":"https:\/\/nordlinepaadid.ee\/et\/pood\/ru-ropes-fenders-buoys\/ru-shock-cords-centipedes\/poluester-ots-veniv-8-mm-valge\/#primaryimage"},"thumbnailUrl":"https:\/\/nordlinepaadid.ee\/wp-content\/uploads\/2023\/03\/1636_23-0506-1-180x180_0.jpg","datePublished":"2026-04-07T00:15:23+00:00","dateModified":"2026-04-07T21:01:27+00:00","breadcrumb":{"@id":"https:\/\/nordlinepaadid.ee\/et\/pood\/ru-ropes-fenders-buoys\/ru-shock-cords-centipedes\/poluester-ots-veniv-8-mm-valge\/#breadcrumb"},"inLanguage":"et","potentialAction":[{"@type":"ReadAction","target":["https:\/\/nordlinepaadid.ee\/et\/pood\/ru-ropes-fenders-buoys\/ru-shock-cords-centipedes\/poluester-ots-veniv-8-mm-valge\/"]}]},{"@type":"ImageObject","inLanguage":"et","@id":"https:\/\/nordlinepaadid.ee\/et\/pood\/ru-ropes-fenders-buoys\/ru-shock-cords-centipedes\/poluester-ots-veniv-8-mm-valge\/#primaryimage","url":"https:\/\/nordlinepaadid.ee\/wp-content\/uploads\/2023\/03\/1636_23-0506-1-180x180_0.jpg","contentUrl":"https:\/\/nordlinepaadid.ee\/wp-content\/uploads\/2023\/03\/1636_23-0506-1-180x180_0.jpg","width":180,"height":180},{"@type":"BreadcrumbList","@id":"https:\/\/nordlinepaadid.ee\/et\/pood\/ru-ropes-fenders-buoys\/ru-shock-cords-centipedes\/poluester-ots-veniv-8-mm-valge\/#breadcrumb","itemListElement":[{"@type":"ListItem","position":1,"name":"Home","item":"https:\/\/nordlinepaadid.ee\/et\/"},{"@type":"ListItem","position":2,"name":"Pood","item":"https:\/\/nordlinepaadid.ee\/et\/pood\/"},{"@type":"ListItem","position":3,"name":"POL\u00dcESTER OTS, VENIV, 8 mm, VALGE"}]},{"@type":"WebSite","@id":"https:\/\/nordlinepaadid.ee\/et\/#website","url":"https:\/\/nordlinepaadid.ee\/et\/","name":"NORDLINE s\u00f5udepaadid ja mootorpaadid. Klaasfiiber materjalist.","description":"","publisher":{"@id":"https:\/\/nordlinepaadid.ee\/et\/#organization"},"potentialAction":[{"@type":"SearchAction","target":{"@type":"EntryPoint","urlTemplate":"https:\/\/nordlinepaadid.ee\/et\/?s={search_term_string}"},"query-input":{"@type":"PropertyValueSpecification","valueRequired":true,"valueName":"search_term_string"}}],"inLanguage":"et"},{"@type":"Organization","@id":"https:\/\/nordlinepaadid.ee\/et\/#organization","name":"Nordlineboats","url":"https:\/\/nordlinepaadid.ee\/et\/","logo":{"@type":"ImageObject","inLanguage":"et","@id":"https:\/\/nordlinepaadid.ee\/et\/#\/schema\/logo\/image\/","url":"https:\/\/nordlinepaadid.ee\/wp-content\/uploads\/2023\/01\/fulllogo_transparent_nobuffer-e1672750475494.png","contentUrl":"https:\/\/nordlinepaadid.ee\/wp-content\/uploads\/2023\/01\/fulllogo_transparent_nobuffer-e1672750475494.png","width":150,"height":119,"caption":"Nordlineboats"},"image":{"@id":"https:\/\/nordlinepaadid.ee\/et\/#\/schema\/logo\/image\/"},"sameAs":["https:\/\/www.facebook.com\/nordlineboats","https:\/\/www.youtube.com\/channel\/UCbgF0fy02y3QkFnujaLTaCA"]}]}},"taxonomy_info":{"product_cat":[{"value":335,"label":"Kummipaelad, Kinnitusrihmad"},{"value":243,"label":"OTSAD, LIINID, VENDRID, POID"},{"value":884,"label":"\u0420\u0435\u0437\u0438\u043d\u043e\u0432\u044b\u0435 \u0436\u0433\u0443\u0442\u044b \u0438 \u0448\u043d\u0443\u0440\u044b"}],"pa_color":[{"value":677,"label":"Valge"}],"pa_unit":[{"value":430,"label":"m"}]},"featured_image_src_large":["https:\/\/nordlinepaadid.ee\/wp-content\/uploads\/2023\/03\/1636_23-0506-1-180x180_0.jpg",180,180,false],"author_info":[],"comment_info":"","_links":{"self":[{"href":"https:\/\/nordlinepaadid.ee\/et\/wp-json\/wp\/v2\/product\/22845","targetHints":{"allow":["GET"]}}],"collection":[{"href":"https:\/\/nordlinepaadid.ee\/et\/wp-json\/wp\/v2\/product"}],"about":[{"href":"https:\/\/nordlinepaadid.ee\/et\/wp-json\/wp\/v2\/types\/product"}],"wp:featuredmedia":[{"embeddable":true,"href":"https:\/\/nordlinepaadid.ee\/et\/wp-json\/wp\/v2\/media\/17970"}],"wp:attachment":[{"href":"https:\/\/nordlinepaadid.ee\/et\/wp-json\/wp\/v2\/media?parent=22845"}],"wp:term":[{"taxonomy":"product_brand","embeddable":true,"href":"https:\/\/nordlinepaadid.ee\/et\/wp-json\/wp\/v2\/product_brand?post=22845"},{"taxonomy":"product_cat","embeddable":true,"href":"https:\/\/nordlinepaadid.ee\/et\/wp-json\/wp\/v2\/product_cat?post=22845"},{"taxonomy":"product_tag","embeddable":true,"href":"https:\/\/nordlinepaadid.ee\/et\/wp-json\/wp\/v2\/product_tag?post=22845"}],"curies":[{"name":"wp","href":"https:\/\/api.w.org\/{rel}","templated":true}]}}