{"id":22960,"date":"2026-04-07T03:15:33","date_gmt":"2026-04-07T00:15:33","guid":{"rendered":"https:\/\/nordlinepaadid.ee\/pood\/yamaha-20-60hp-11-3-8-x-12\/"},"modified":"2026-04-08T00:00:43","modified_gmt":"2026-04-07T21:00:43","slug":"soukruvi-yamaha-11-3-8-x-12","status":"publish","type":"product","link":"https:\/\/nordlinepaadid.ee\/et\/pood\/propellers\/propellers-yamaha-eng\/soukruvi-yamaha-11-3-8-x-12\/","title":{"rendered":"S\u00d5UKRUVI &#8211; YAMAHA, 11 3\/8&#8243; x 12&#8243;"},"content":{"rendered":"<p>Alumiinium sulamist valmistatud kvaliteetne Polaris s\u00f5ukruvi. Yamaha tootekood: 663-45952-02-EL; M\u00f5\u00f5dud: 11 3\/8 x 12&#8243; ; Materjal: Alumiinium; Labade arv: 3; \u00d8: 11 3\/8; Samm: 12&#8243;. Sobib Yamaha mootoritele v\u00f5imsusega 20-30 HP, F30 ja F40 mootorile.<\/p>\n<p>&#13;<\/p>\n","protected":false},"excerpt":{"rendered":"<p>Alumiinium sulamist valmistatud kvaliteetne Polaris s\u00f5ukruvi. Yamaha tootekood: 663-45952-02-EL; M\u00f5\u00f5dud: 11 3\/8 x 12&#8243; ; Materjal: Alumiinium; Labade arv: 3; \u00d8: 11 3\/8; Samm: 12&#8243;. Sobib Yamaha mootoritele v\u00f5imsusega 20-30 HP, F30 ja F40 mootorile. &#13;<\/p>\n","protected":false},"featured_media":48852,"template":"","meta":{"_kad_blocks_custom_css":"","_kad_blocks_head_custom_js":"","_kad_blocks_body_custom_js":"","_kad_blocks_footer_custom_js":"","_kad_post_transparent":"","_kad_post_title":"","_kad_post_layout":"","_kad_post_sidebar_id":"","_kad_post_content_style":"","_kad_post_vertical_padding":"","_kad_post_feature":"","_kad_post_feature_position":"","_kad_post_header":false,"_kad_post_footer":false,"_kad_post_classname":""},"product_brand":[],"product_cat":[365,371],"product_tag":[],"class_list":{"0":"post-22960","1":"product","2":"type-product","3":"status-publish","4":"has-post-thumbnail","6":"product_cat-propellers","7":"product_cat-propellers-yamaha-eng","8":"product_shipping_class-pakiautomaati-mahtuv-kaup","9":"pa_color-valge","10":"pa_unit-pcs","11":"tm-no-options","13":"first","14":"onbackorder","15":"taxable","16":"shipping-taxable","17":"purchasable","18":"product-type-simple","19":"entry","20":"content-bg","21":"loop-entry"},"yoast_head":"<!-- This site is optimized with the Yoast SEO plugin v27.3 - https:\/\/yoast.com\/product\/yoast-seo-wordpress\/ -->\n<title>S\u00d5UKRUVI - YAMAHA, 11 3\/8&quot; x 12&quot; - NORDLINE s\u00f5udepaadid ja mootorpaadid. Klaasfiiber materjalist.<\/title>\n<meta name=\"robots\" content=\"index, follow, max-snippet:-1, max-image-preview:large, max-video-preview:-1\" \/>\n<link rel=\"canonical\" href=\"https:\/\/nordlinepaadid.ee\/et\/pood\/propellers\/propellers-yamaha-eng\/soukruvi-yamaha-11-3-8-x-12\/\" \/>\n<meta property=\"og:locale\" content=\"et_EE\" \/>\n<meta property=\"og:type\" content=\"article\" \/>\n<meta property=\"og:title\" content=\"S\u00d5UKRUVI - YAMAHA, 11 3\/8&quot; x 12&quot; - NORDLINE s\u00f5udepaadid ja mootorpaadid. Klaasfiiber materjalist.\" \/>\n<meta property=\"og:description\" content=\"Alumiinium sulamist valmistatud kvaliteetne Polaris s\u00f5ukruvi. Yamaha tootekood: 663-45952-02-EL; M\u00f5\u00f5dud: 11 3\/8 x 12&#8243; ; Materjal: Alumiinium; Labade arv: 3; \u00d8: 11 3\/8; Samm: 12&#8243;. Sobib Yamaha mootoritele v\u00f5imsusega 20-30 HP, F30 ja F40 mootorile. &#013;\" \/>\n<meta property=\"og:url\" content=\"https:\/\/nordlinepaadid.ee\/et\/pood\/propellers\/propellers-yamaha-eng\/soukruvi-yamaha-11-3-8-x-12\/\" \/>\n<meta property=\"og:site_name\" content=\"NORDLINE s\u00f5udepaadid ja mootorpaadid. Klaasfiiber materjalist.\" \/>\n<meta property=\"article:publisher\" content=\"https:\/\/www.facebook.com\/nordlineboats\" \/>\n<meta property=\"article:modified_time\" content=\"2026-04-07T21:00:43+00:00\" \/>\n<meta property=\"og:image\" content=\"https:\/\/nordlinepaadid.ee\/wp-content\/uploads\/2025\/03\/11802_M13780802-1.jpg\" \/>\n\t<meta property=\"og:image:width\" content=\"406\" \/>\n\t<meta property=\"og:image:height\" content=\"429\" \/>\n\t<meta property=\"og:image:type\" content=\"image\/jpeg\" \/>\n<meta name=\"twitter:card\" content=\"summary_large_image\" \/>\n<script type=\"application\/ld+json\" class=\"yoast-schema-graph\">{\"@context\":\"https:\\\/\\\/schema.org\",\"@graph\":[{\"@type\":\"WebPage\",\"@id\":\"https:\\\/\\\/nordlinepaadid.ee\\\/et\\\/pood\\\/propellers\\\/propellers-yamaha-eng\\\/soukruvi-yamaha-11-3-8-x-12\\\/\",\"url\":\"https:\\\/\\\/nordlinepaadid.ee\\\/et\\\/pood\\\/propellers\\\/propellers-yamaha-eng\\\/soukruvi-yamaha-11-3-8-x-12\\\/\",\"name\":\"S\u00d5UKRUVI - YAMAHA, 11 3\\\/8\\\" x 12\\\" - NORDLINE s\u00f5udepaadid ja mootorpaadid. Klaasfiiber materjalist.\",\"isPartOf\":{\"@id\":\"https:\\\/\\\/nordlinepaadid.ee\\\/et\\\/#website\"},\"primaryImageOfPage\":{\"@id\":\"https:\\\/\\\/nordlinepaadid.ee\\\/et\\\/pood\\\/propellers\\\/propellers-yamaha-eng\\\/soukruvi-yamaha-11-3-8-x-12\\\/#primaryimage\"},\"image\":{\"@id\":\"https:\\\/\\\/nordlinepaadid.ee\\\/et\\\/pood\\\/propellers\\\/propellers-yamaha-eng\\\/soukruvi-yamaha-11-3-8-x-12\\\/#primaryimage\"},\"thumbnailUrl\":\"https:\\\/\\\/nordlinepaadid.ee\\\/wp-content\\\/uploads\\\/2025\\\/03\\\/11802_M13780802-1.jpg\",\"datePublished\":\"2026-04-07T00:15:33+00:00\",\"dateModified\":\"2026-04-07T21:00:43+00:00\",\"breadcrumb\":{\"@id\":\"https:\\\/\\\/nordlinepaadid.ee\\\/et\\\/pood\\\/propellers\\\/propellers-yamaha-eng\\\/soukruvi-yamaha-11-3-8-x-12\\\/#breadcrumb\"},\"inLanguage\":\"et\",\"potentialAction\":[{\"@type\":\"ReadAction\",\"target\":[\"https:\\\/\\\/nordlinepaadid.ee\\\/et\\\/pood\\\/propellers\\\/propellers-yamaha-eng\\\/soukruvi-yamaha-11-3-8-x-12\\\/\"]}]},{\"@type\":\"ImageObject\",\"inLanguage\":\"et\",\"@id\":\"https:\\\/\\\/nordlinepaadid.ee\\\/et\\\/pood\\\/propellers\\\/propellers-yamaha-eng\\\/soukruvi-yamaha-11-3-8-x-12\\\/#primaryimage\",\"url\":\"https:\\\/\\\/nordlinepaadid.ee\\\/wp-content\\\/uploads\\\/2025\\\/03\\\/11802_M13780802-1.jpg\",\"contentUrl\":\"https:\\\/\\\/nordlinepaadid.ee\\\/wp-content\\\/uploads\\\/2025\\\/03\\\/11802_M13780802-1.jpg\",\"width\":406,\"height\":429},{\"@type\":\"BreadcrumbList\",\"@id\":\"https:\\\/\\\/nordlinepaadid.ee\\\/et\\\/pood\\\/propellers\\\/propellers-yamaha-eng\\\/soukruvi-yamaha-11-3-8-x-12\\\/#breadcrumb\",\"itemListElement\":[{\"@type\":\"ListItem\",\"position\":1,\"name\":\"Home\",\"item\":\"https:\\\/\\\/nordlinepaadid.ee\\\/et\\\/\"},{\"@type\":\"ListItem\",\"position\":2,\"name\":\"Pood\",\"item\":\"https:\\\/\\\/nordlinepaadid.ee\\\/et\\\/pood\\\/\"},{\"@type\":\"ListItem\",\"position\":3,\"name\":\"S\u00d5UKRUVI &#8211; YAMAHA, 11 3\\\/8&#8243; x 12&#8243;\"}]},{\"@type\":\"WebSite\",\"@id\":\"https:\\\/\\\/nordlinepaadid.ee\\\/et\\\/#website\",\"url\":\"https:\\\/\\\/nordlinepaadid.ee\\\/et\\\/\",\"name\":\"NORDLINE s\u00f5udepaadid ja mootorpaadid. Klaasfiiber materjalist.\",\"description\":\"\",\"publisher\":{\"@id\":\"https:\\\/\\\/nordlinepaadid.ee\\\/et\\\/#organization\"},\"potentialAction\":[{\"@type\":\"SearchAction\",\"target\":{\"@type\":\"EntryPoint\",\"urlTemplate\":\"https:\\\/\\\/nordlinepaadid.ee\\\/et\\\/?s={search_term_string}\"},\"query-input\":{\"@type\":\"PropertyValueSpecification\",\"valueRequired\":true,\"valueName\":\"search_term_string\"}}],\"inLanguage\":\"et\"},{\"@type\":\"Organization\",\"@id\":\"https:\\\/\\\/nordlinepaadid.ee\\\/et\\\/#organization\",\"name\":\"Nordlineboats\",\"url\":\"https:\\\/\\\/nordlinepaadid.ee\\\/et\\\/\",\"logo\":{\"@type\":\"ImageObject\",\"inLanguage\":\"et\",\"@id\":\"https:\\\/\\\/nordlinepaadid.ee\\\/et\\\/#\\\/schema\\\/logo\\\/image\\\/\",\"url\":\"https:\\\/\\\/nordlinepaadid.ee\\\/wp-content\\\/uploads\\\/2023\\\/01\\\/fulllogo_transparent_nobuffer-e1672750475494.png\",\"contentUrl\":\"https:\\\/\\\/nordlinepaadid.ee\\\/wp-content\\\/uploads\\\/2023\\\/01\\\/fulllogo_transparent_nobuffer-e1672750475494.png\",\"width\":150,\"height\":119,\"caption\":\"Nordlineboats\"},\"image\":{\"@id\":\"https:\\\/\\\/nordlinepaadid.ee\\\/et\\\/#\\\/schema\\\/logo\\\/image\\\/\"},\"sameAs\":[\"https:\\\/\\\/www.facebook.com\\\/nordlineboats\",\"https:\\\/\\\/www.youtube.com\\\/channel\\\/UCbgF0fy02y3QkFnujaLTaCA\"]}]}<\/script>\n<!-- \/ Yoast SEO plugin. -->","yoast_head_json":{"title":"S\u00d5UKRUVI - YAMAHA, 11 3\/8\" x 12\" - NORDLINE s\u00f5udepaadid ja mootorpaadid. Klaasfiiber materjalist.","robots":{"index":"index","follow":"follow","max-snippet":"max-snippet:-1","max-image-preview":"max-image-preview:large","max-video-preview":"max-video-preview:-1"},"canonical":"https:\/\/nordlinepaadid.ee\/et\/pood\/propellers\/propellers-yamaha-eng\/soukruvi-yamaha-11-3-8-x-12\/","og_locale":"et_EE","og_type":"article","og_title":"S\u00d5UKRUVI - YAMAHA, 11 3\/8\" x 12\" - NORDLINE s\u00f5udepaadid ja mootorpaadid. Klaasfiiber materjalist.","og_description":"Alumiinium sulamist valmistatud kvaliteetne Polaris s\u00f5ukruvi. Yamaha tootekood: 663-45952-02-EL; M\u00f5\u00f5dud: 11 3\/8 x 12&#8243; ; Materjal: Alumiinium; Labade arv: 3; \u00d8: 11 3\/8; Samm: 12&#8243;. Sobib Yamaha mootoritele v\u00f5imsusega 20-30 HP, F30 ja F40 mootorile. &#13;","og_url":"https:\/\/nordlinepaadid.ee\/et\/pood\/propellers\/propellers-yamaha-eng\/soukruvi-yamaha-11-3-8-x-12\/","og_site_name":"NORDLINE s\u00f5udepaadid ja mootorpaadid. Klaasfiiber materjalist.","article_publisher":"https:\/\/www.facebook.com\/nordlineboats","article_modified_time":"2026-04-07T21:00:43+00:00","og_image":[{"width":406,"height":429,"url":"https:\/\/nordlinepaadid.ee\/wp-content\/uploads\/2025\/03\/11802_M13780802-1.jpg","type":"image\/jpeg"}],"twitter_card":"summary_large_image","schema":{"@context":"https:\/\/schema.org","@graph":[{"@type":"WebPage","@id":"https:\/\/nordlinepaadid.ee\/et\/pood\/propellers\/propellers-yamaha-eng\/soukruvi-yamaha-11-3-8-x-12\/","url":"https:\/\/nordlinepaadid.ee\/et\/pood\/propellers\/propellers-yamaha-eng\/soukruvi-yamaha-11-3-8-x-12\/","name":"S\u00d5UKRUVI - YAMAHA, 11 3\/8\" x 12\" - NORDLINE s\u00f5udepaadid ja mootorpaadid. Klaasfiiber materjalist.","isPartOf":{"@id":"https:\/\/nordlinepaadid.ee\/et\/#website"},"primaryImageOfPage":{"@id":"https:\/\/nordlinepaadid.ee\/et\/pood\/propellers\/propellers-yamaha-eng\/soukruvi-yamaha-11-3-8-x-12\/#primaryimage"},"image":{"@id":"https:\/\/nordlinepaadid.ee\/et\/pood\/propellers\/propellers-yamaha-eng\/soukruvi-yamaha-11-3-8-x-12\/#primaryimage"},"thumbnailUrl":"https:\/\/nordlinepaadid.ee\/wp-content\/uploads\/2025\/03\/11802_M13780802-1.jpg","datePublished":"2026-04-07T00:15:33+00:00","dateModified":"2026-04-07T21:00:43+00:00","breadcrumb":{"@id":"https:\/\/nordlinepaadid.ee\/et\/pood\/propellers\/propellers-yamaha-eng\/soukruvi-yamaha-11-3-8-x-12\/#breadcrumb"},"inLanguage":"et","potentialAction":[{"@type":"ReadAction","target":["https:\/\/nordlinepaadid.ee\/et\/pood\/propellers\/propellers-yamaha-eng\/soukruvi-yamaha-11-3-8-x-12\/"]}]},{"@type":"ImageObject","inLanguage":"et","@id":"https:\/\/nordlinepaadid.ee\/et\/pood\/propellers\/propellers-yamaha-eng\/soukruvi-yamaha-11-3-8-x-12\/#primaryimage","url":"https:\/\/nordlinepaadid.ee\/wp-content\/uploads\/2025\/03\/11802_M13780802-1.jpg","contentUrl":"https:\/\/nordlinepaadid.ee\/wp-content\/uploads\/2025\/03\/11802_M13780802-1.jpg","width":406,"height":429},{"@type":"BreadcrumbList","@id":"https:\/\/nordlinepaadid.ee\/et\/pood\/propellers\/propellers-yamaha-eng\/soukruvi-yamaha-11-3-8-x-12\/#breadcrumb","itemListElement":[{"@type":"ListItem","position":1,"name":"Home","item":"https:\/\/nordlinepaadid.ee\/et\/"},{"@type":"ListItem","position":2,"name":"Pood","item":"https:\/\/nordlinepaadid.ee\/et\/pood\/"},{"@type":"ListItem","position":3,"name":"S\u00d5UKRUVI &#8211; YAMAHA, 11 3\/8&#8243; x 12&#8243;"}]},{"@type":"WebSite","@id":"https:\/\/nordlinepaadid.ee\/et\/#website","url":"https:\/\/nordlinepaadid.ee\/et\/","name":"NORDLINE s\u00f5udepaadid ja mootorpaadid. Klaasfiiber materjalist.","description":"","publisher":{"@id":"https:\/\/nordlinepaadid.ee\/et\/#organization"},"potentialAction":[{"@type":"SearchAction","target":{"@type":"EntryPoint","urlTemplate":"https:\/\/nordlinepaadid.ee\/et\/?s={search_term_string}"},"query-input":{"@type":"PropertyValueSpecification","valueRequired":true,"valueName":"search_term_string"}}],"inLanguage":"et"},{"@type":"Organization","@id":"https:\/\/nordlinepaadid.ee\/et\/#organization","name":"Nordlineboats","url":"https:\/\/nordlinepaadid.ee\/et\/","logo":{"@type":"ImageObject","inLanguage":"et","@id":"https:\/\/nordlinepaadid.ee\/et\/#\/schema\/logo\/image\/","url":"https:\/\/nordlinepaadid.ee\/wp-content\/uploads\/2023\/01\/fulllogo_transparent_nobuffer-e1672750475494.png","contentUrl":"https:\/\/nordlinepaadid.ee\/wp-content\/uploads\/2023\/01\/fulllogo_transparent_nobuffer-e1672750475494.png","width":150,"height":119,"caption":"Nordlineboats"},"image":{"@id":"https:\/\/nordlinepaadid.ee\/et\/#\/schema\/logo\/image\/"},"sameAs":["https:\/\/www.facebook.com\/nordlineboats","https:\/\/www.youtube.com\/channel\/UCbgF0fy02y3QkFnujaLTaCA"]}]}},"taxonomy_info":{"product_cat":[{"value":365,"label":"S\u00d5UKRUVID"},{"value":371,"label":"S\u00f5ukruvid- Yamaha"}],"pa_color":[{"value":677,"label":"Valge"}],"pa_unit":[{"value":416,"label":"pcs"}]},"featured_image_src_large":["https:\/\/nordlinepaadid.ee\/wp-content\/uploads\/2025\/03\/11802_M13780802-1.jpg",406,429,false],"author_info":[],"comment_info":"","_links":{"self":[{"href":"https:\/\/nordlinepaadid.ee\/et\/wp-json\/wp\/v2\/product\/22960","targetHints":{"allow":["GET"]}}],"collection":[{"href":"https:\/\/nordlinepaadid.ee\/et\/wp-json\/wp\/v2\/product"}],"about":[{"href":"https:\/\/nordlinepaadid.ee\/et\/wp-json\/wp\/v2\/types\/product"}],"wp:featuredmedia":[{"embeddable":true,"href":"https:\/\/nordlinepaadid.ee\/et\/wp-json\/wp\/v2\/media\/48852"}],"wp:attachment":[{"href":"https:\/\/nordlinepaadid.ee\/et\/wp-json\/wp\/v2\/media?parent=22960"}],"wp:term":[{"taxonomy":"product_brand","embeddable":true,"href":"https:\/\/nordlinepaadid.ee\/et\/wp-json\/wp\/v2\/product_brand?post=22960"},{"taxonomy":"product_cat","embeddable":true,"href":"https:\/\/nordlinepaadid.ee\/et\/wp-json\/wp\/v2\/product_cat?post=22960"},{"taxonomy":"product_tag","embeddable":true,"href":"https:\/\/nordlinepaadid.ee\/et\/wp-json\/wp\/v2\/product_tag?post=22960"}],"curies":[{"name":"wp","href":"https:\/\/api.w.org\/{rel}","templated":true}]}}