{"id":23096,"date":"2026-04-14T03:12:27","date_gmt":"2026-04-14T00:12:27","guid":{"rendered":"https:\/\/nordlinepaadid.ee\/pood\/gloves-for-children-crewsaver-phase-2-short-finger-j4\/"},"modified":"2026-04-14T18:01:17","modified_gmt":"2026-04-14T15:01:17","slug":"purjetamiskindad-lastele-crewsaver-phase-2-j4","status":"publish","type":"product","link":"https:\/\/nordlinepaadid.ee\/et\/pood\/marine-clothing-and-shoes\/riided-ja-jalanoud-lastele\/purjetamiskindad-lastele-crewsaver-phase-2-j4\/","title":{"rendered":"PURJETAMISKINDAD LASTELE- CREWSAVER PHASE 2, J4"},"content":{"rendered":"<p>Crewsaver Phase 2 purjetamiskindad on valmistatud kvaliteetsest materjalist, tagades mugavuse ja kasutajas\u00f5bralikuse ka keerulistes tingimustes ja pika perioodi v\u00e4tel. Amara nahast tugevdused s\u00f5rmedel ja peopesal tagavad suurep\u00e4rase haarde. Neopreenist ja reguleeritav randmeosa. Sobilikud lastele vanuses 8-9 eluaastat.<\/p>\n<p>&#13;<\/p>\n","protected":false},"excerpt":{"rendered":"<p>Crewsaver Phase 2 purjetamiskindad on valmistatud kvaliteetsest materjalist, tagades mugavuse ja kasutajas\u00f5bralikuse ka keerulistes tingimustes ja pika perioodi v\u00e4tel. Amara nahast tugevdused s\u00f5rmedel ja peopesal tagavad suurep\u00e4rase haarde. Neopreenist ja reguleeritav randmeosa. Sobilikud lastele vanuses 8-9 eluaastat. &#13;<\/p>\n","protected":false},"featured_media":23097,"template":"","meta":{"_kad_blocks_custom_css":"","_kad_blocks_head_custom_js":"","_kad_blocks_body_custom_js":"","_kad_blocks_footer_custom_js":"","_kad_post_transparent":"","_kad_post_title":"","_kad_post_layout":"","_kad_post_sidebar_id":"","_kad_post_content_style":"","_kad_post_vertical_padding":"","_kad_post_feature":"","_kad_post_feature_position":"","_kad_post_header":false,"_kad_post_footer":false,"_kad_post_classname":""},"product_brand":[],"product_cat":[232,263],"product_tag":[],"class_list":{"0":"post-23096","1":"product","2":"type-product","3":"status-publish","4":"has-post-thumbnail","6":"product_cat-marine-clothing-and-shoes","7":"product_cat-riided-ja-jalanoud-lastele","8":"product_shipping_class-pakiautomaati-mahtuv-kaup","9":"pa_color-must","10":"pa_producer-crewsaver","11":"pa_unit-pair","12":"tm-no-options","14":"first","15":"onbackorder","16":"taxable","17":"shipping-taxable","18":"purchasable","19":"product-type-simple","20":"entry","21":"content-bg","22":"loop-entry"},"yoast_head":"<!-- This site is optimized with the Yoast SEO plugin v27.3 - https:\/\/yoast.com\/product\/yoast-seo-wordpress\/ -->\n<title>PURJETAMISKINDAD LASTELE- CREWSAVER PHASE 2, J4 - NORDLINE s\u00f5udepaadid ja mootorpaadid. Klaasfiiber materjalist.<\/title>\n<meta name=\"robots\" content=\"index, follow, max-snippet:-1, max-image-preview:large, max-video-preview:-1\" \/>\n<link rel=\"canonical\" href=\"https:\/\/nordlinepaadid.ee\/et\/pood\/marine-clothing-and-shoes\/riided-ja-jalanoud-lastele\/purjetamiskindad-lastele-crewsaver-phase-2-j4\/\" \/>\n<meta property=\"og:locale\" content=\"et_EE\" \/>\n<meta property=\"og:type\" content=\"article\" \/>\n<meta property=\"og:title\" content=\"PURJETAMISKINDAD LASTELE- CREWSAVER PHASE 2, J4 - NORDLINE s\u00f5udepaadid ja mootorpaadid. Klaasfiiber materjalist.\" \/>\n<meta property=\"og:description\" content=\"Crewsaver Phase 2 purjetamiskindad on valmistatud kvaliteetsest materjalist, tagades mugavuse ja kasutajas\u00f5bralikuse ka keerulistes tingimustes ja pika perioodi v\u00e4tel. Amara nahast tugevdused s\u00f5rmedel ja peopesal tagavad suurep\u00e4rase haarde. Neopreenist ja reguleeritav randmeosa. Sobilikud lastele vanuses 8-9 eluaastat. &#013;\" \/>\n<meta property=\"og:url\" content=\"https:\/\/nordlinepaadid.ee\/et\/pood\/marine-clothing-and-shoes\/riided-ja-jalanoud-lastele\/purjetamiskindad-lastele-crewsaver-phase-2-j4\/\" \/>\n<meta property=\"og:site_name\" content=\"NORDLINE s\u00f5udepaadid ja mootorpaadid. Klaasfiiber materjalist.\" \/>\n<meta property=\"article:publisher\" content=\"https:\/\/www.facebook.com\/nordlineboats\" \/>\n<meta property=\"article:modified_time\" content=\"2026-04-14T15:01:17+00:00\" \/>\n<meta property=\"og:image\" content=\"https:\/\/nordlinepaadid.ee\/wp-content\/uploads\/2023\/03\/4665_0002303_phase2-short-finger-glove.jpeg\" \/>\n\t<meta property=\"og:image:width\" content=\"980\" \/>\n\t<meta property=\"og:image:height\" content=\"1280\" \/>\n\t<meta property=\"og:image:type\" content=\"image\/jpeg\" \/>\n<meta name=\"twitter:card\" content=\"summary_large_image\" \/>\n<script type=\"application\/ld+json\" class=\"yoast-schema-graph\">{\"@context\":\"https:\\\/\\\/schema.org\",\"@graph\":[{\"@type\":\"WebPage\",\"@id\":\"https:\\\/\\\/nordlinepaadid.ee\\\/et\\\/pood\\\/marine-clothing-and-shoes\\\/riided-ja-jalanoud-lastele\\\/purjetamiskindad-lastele-crewsaver-phase-2-j4\\\/\",\"url\":\"https:\\\/\\\/nordlinepaadid.ee\\\/et\\\/pood\\\/marine-clothing-and-shoes\\\/riided-ja-jalanoud-lastele\\\/purjetamiskindad-lastele-crewsaver-phase-2-j4\\\/\",\"name\":\"PURJETAMISKINDAD LASTELE- CREWSAVER PHASE 2, J4 - NORDLINE s\u00f5udepaadid ja mootorpaadid. Klaasfiiber materjalist.\",\"isPartOf\":{\"@id\":\"https:\\\/\\\/nordlinepaadid.ee\\\/et\\\/#website\"},\"primaryImageOfPage\":{\"@id\":\"https:\\\/\\\/nordlinepaadid.ee\\\/et\\\/pood\\\/marine-clothing-and-shoes\\\/riided-ja-jalanoud-lastele\\\/purjetamiskindad-lastele-crewsaver-phase-2-j4\\\/#primaryimage\"},\"image\":{\"@id\":\"https:\\\/\\\/nordlinepaadid.ee\\\/et\\\/pood\\\/marine-clothing-and-shoes\\\/riided-ja-jalanoud-lastele\\\/purjetamiskindad-lastele-crewsaver-phase-2-j4\\\/#primaryimage\"},\"thumbnailUrl\":\"https:\\\/\\\/nordlinepaadid.ee\\\/wp-content\\\/uploads\\\/2023\\\/03\\\/4665_0002303_phase2-short-finger-glove.jpeg\",\"datePublished\":\"2026-04-14T00:12:27+00:00\",\"dateModified\":\"2026-04-14T15:01:17+00:00\",\"breadcrumb\":{\"@id\":\"https:\\\/\\\/nordlinepaadid.ee\\\/et\\\/pood\\\/marine-clothing-and-shoes\\\/riided-ja-jalanoud-lastele\\\/purjetamiskindad-lastele-crewsaver-phase-2-j4\\\/#breadcrumb\"},\"inLanguage\":\"et\",\"potentialAction\":[{\"@type\":\"ReadAction\",\"target\":[\"https:\\\/\\\/nordlinepaadid.ee\\\/et\\\/pood\\\/marine-clothing-and-shoes\\\/riided-ja-jalanoud-lastele\\\/purjetamiskindad-lastele-crewsaver-phase-2-j4\\\/\"]}]},{\"@type\":\"ImageObject\",\"inLanguage\":\"et\",\"@id\":\"https:\\\/\\\/nordlinepaadid.ee\\\/et\\\/pood\\\/marine-clothing-and-shoes\\\/riided-ja-jalanoud-lastele\\\/purjetamiskindad-lastele-crewsaver-phase-2-j4\\\/#primaryimage\",\"url\":\"https:\\\/\\\/nordlinepaadid.ee\\\/wp-content\\\/uploads\\\/2023\\\/03\\\/4665_0002303_phase2-short-finger-glove.jpeg\",\"contentUrl\":\"https:\\\/\\\/nordlinepaadid.ee\\\/wp-content\\\/uploads\\\/2023\\\/03\\\/4665_0002303_phase2-short-finger-glove.jpeg\",\"width\":980,\"height\":1280},{\"@type\":\"BreadcrumbList\",\"@id\":\"https:\\\/\\\/nordlinepaadid.ee\\\/et\\\/pood\\\/marine-clothing-and-shoes\\\/riided-ja-jalanoud-lastele\\\/purjetamiskindad-lastele-crewsaver-phase-2-j4\\\/#breadcrumb\",\"itemListElement\":[{\"@type\":\"ListItem\",\"position\":1,\"name\":\"Home\",\"item\":\"https:\\\/\\\/nordlinepaadid.ee\\\/et\\\/\"},{\"@type\":\"ListItem\",\"position\":2,\"name\":\"Pood\",\"item\":\"https:\\\/\\\/nordlinepaadid.ee\\\/et\\\/pood\\\/\"},{\"@type\":\"ListItem\",\"position\":3,\"name\":\"PURJETAMISKINDAD LASTELE- CREWSAVER PHASE 2, J4\"}]},{\"@type\":\"WebSite\",\"@id\":\"https:\\\/\\\/nordlinepaadid.ee\\\/et\\\/#website\",\"url\":\"https:\\\/\\\/nordlinepaadid.ee\\\/et\\\/\",\"name\":\"NORDLINE s\u00f5udepaadid ja mootorpaadid. Klaasfiiber materjalist.\",\"description\":\"\",\"publisher\":{\"@id\":\"https:\\\/\\\/nordlinepaadid.ee\\\/et\\\/#organization\"},\"potentialAction\":[{\"@type\":\"SearchAction\",\"target\":{\"@type\":\"EntryPoint\",\"urlTemplate\":\"https:\\\/\\\/nordlinepaadid.ee\\\/et\\\/?s={search_term_string}\"},\"query-input\":{\"@type\":\"PropertyValueSpecification\",\"valueRequired\":true,\"valueName\":\"search_term_string\"}}],\"inLanguage\":\"et\"},{\"@type\":\"Organization\",\"@id\":\"https:\\\/\\\/nordlinepaadid.ee\\\/et\\\/#organization\",\"name\":\"Nordlineboats\",\"url\":\"https:\\\/\\\/nordlinepaadid.ee\\\/et\\\/\",\"logo\":{\"@type\":\"ImageObject\",\"inLanguage\":\"et\",\"@id\":\"https:\\\/\\\/nordlinepaadid.ee\\\/et\\\/#\\\/schema\\\/logo\\\/image\\\/\",\"url\":\"https:\\\/\\\/nordlinepaadid.ee\\\/wp-content\\\/uploads\\\/2023\\\/01\\\/fulllogo_transparent_nobuffer-e1672750475494.png\",\"contentUrl\":\"https:\\\/\\\/nordlinepaadid.ee\\\/wp-content\\\/uploads\\\/2023\\\/01\\\/fulllogo_transparent_nobuffer-e1672750475494.png\",\"width\":150,\"height\":119,\"caption\":\"Nordlineboats\"},\"image\":{\"@id\":\"https:\\\/\\\/nordlinepaadid.ee\\\/et\\\/#\\\/schema\\\/logo\\\/image\\\/\"},\"sameAs\":[\"https:\\\/\\\/www.facebook.com\\\/nordlineboats\",\"https:\\\/\\\/www.youtube.com\\\/channel\\\/UCbgF0fy02y3QkFnujaLTaCA\"]}]}<\/script>\n<!-- \/ Yoast SEO plugin. -->","yoast_head_json":{"title":"PURJETAMISKINDAD LASTELE- CREWSAVER PHASE 2, J4 - NORDLINE s\u00f5udepaadid ja mootorpaadid. Klaasfiiber materjalist.","robots":{"index":"index","follow":"follow","max-snippet":"max-snippet:-1","max-image-preview":"max-image-preview:large","max-video-preview":"max-video-preview:-1"},"canonical":"https:\/\/nordlinepaadid.ee\/et\/pood\/marine-clothing-and-shoes\/riided-ja-jalanoud-lastele\/purjetamiskindad-lastele-crewsaver-phase-2-j4\/","og_locale":"et_EE","og_type":"article","og_title":"PURJETAMISKINDAD LASTELE- CREWSAVER PHASE 2, J4 - NORDLINE s\u00f5udepaadid ja mootorpaadid. Klaasfiiber materjalist.","og_description":"Crewsaver Phase 2 purjetamiskindad on valmistatud kvaliteetsest materjalist, tagades mugavuse ja kasutajas\u00f5bralikuse ka keerulistes tingimustes ja pika perioodi v\u00e4tel. Amara nahast tugevdused s\u00f5rmedel ja peopesal tagavad suurep\u00e4rase haarde. Neopreenist ja reguleeritav randmeosa. Sobilikud lastele vanuses 8-9 eluaastat. &#13;","og_url":"https:\/\/nordlinepaadid.ee\/et\/pood\/marine-clothing-and-shoes\/riided-ja-jalanoud-lastele\/purjetamiskindad-lastele-crewsaver-phase-2-j4\/","og_site_name":"NORDLINE s\u00f5udepaadid ja mootorpaadid. Klaasfiiber materjalist.","article_publisher":"https:\/\/www.facebook.com\/nordlineboats","article_modified_time":"2026-04-14T15:01:17+00:00","og_image":[{"width":980,"height":1280,"url":"https:\/\/nordlinepaadid.ee\/wp-content\/uploads\/2023\/03\/4665_0002303_phase2-short-finger-glove.jpeg","type":"image\/jpeg"}],"twitter_card":"summary_large_image","schema":{"@context":"https:\/\/schema.org","@graph":[{"@type":"WebPage","@id":"https:\/\/nordlinepaadid.ee\/et\/pood\/marine-clothing-and-shoes\/riided-ja-jalanoud-lastele\/purjetamiskindad-lastele-crewsaver-phase-2-j4\/","url":"https:\/\/nordlinepaadid.ee\/et\/pood\/marine-clothing-and-shoes\/riided-ja-jalanoud-lastele\/purjetamiskindad-lastele-crewsaver-phase-2-j4\/","name":"PURJETAMISKINDAD LASTELE- CREWSAVER PHASE 2, J4 - NORDLINE s\u00f5udepaadid ja mootorpaadid. Klaasfiiber materjalist.","isPartOf":{"@id":"https:\/\/nordlinepaadid.ee\/et\/#website"},"primaryImageOfPage":{"@id":"https:\/\/nordlinepaadid.ee\/et\/pood\/marine-clothing-and-shoes\/riided-ja-jalanoud-lastele\/purjetamiskindad-lastele-crewsaver-phase-2-j4\/#primaryimage"},"image":{"@id":"https:\/\/nordlinepaadid.ee\/et\/pood\/marine-clothing-and-shoes\/riided-ja-jalanoud-lastele\/purjetamiskindad-lastele-crewsaver-phase-2-j4\/#primaryimage"},"thumbnailUrl":"https:\/\/nordlinepaadid.ee\/wp-content\/uploads\/2023\/03\/4665_0002303_phase2-short-finger-glove.jpeg","datePublished":"2026-04-14T00:12:27+00:00","dateModified":"2026-04-14T15:01:17+00:00","breadcrumb":{"@id":"https:\/\/nordlinepaadid.ee\/et\/pood\/marine-clothing-and-shoes\/riided-ja-jalanoud-lastele\/purjetamiskindad-lastele-crewsaver-phase-2-j4\/#breadcrumb"},"inLanguage":"et","potentialAction":[{"@type":"ReadAction","target":["https:\/\/nordlinepaadid.ee\/et\/pood\/marine-clothing-and-shoes\/riided-ja-jalanoud-lastele\/purjetamiskindad-lastele-crewsaver-phase-2-j4\/"]}]},{"@type":"ImageObject","inLanguage":"et","@id":"https:\/\/nordlinepaadid.ee\/et\/pood\/marine-clothing-and-shoes\/riided-ja-jalanoud-lastele\/purjetamiskindad-lastele-crewsaver-phase-2-j4\/#primaryimage","url":"https:\/\/nordlinepaadid.ee\/wp-content\/uploads\/2023\/03\/4665_0002303_phase2-short-finger-glove.jpeg","contentUrl":"https:\/\/nordlinepaadid.ee\/wp-content\/uploads\/2023\/03\/4665_0002303_phase2-short-finger-glove.jpeg","width":980,"height":1280},{"@type":"BreadcrumbList","@id":"https:\/\/nordlinepaadid.ee\/et\/pood\/marine-clothing-and-shoes\/riided-ja-jalanoud-lastele\/purjetamiskindad-lastele-crewsaver-phase-2-j4\/#breadcrumb","itemListElement":[{"@type":"ListItem","position":1,"name":"Home","item":"https:\/\/nordlinepaadid.ee\/et\/"},{"@type":"ListItem","position":2,"name":"Pood","item":"https:\/\/nordlinepaadid.ee\/et\/pood\/"},{"@type":"ListItem","position":3,"name":"PURJETAMISKINDAD LASTELE- CREWSAVER PHASE 2, J4"}]},{"@type":"WebSite","@id":"https:\/\/nordlinepaadid.ee\/et\/#website","url":"https:\/\/nordlinepaadid.ee\/et\/","name":"NORDLINE s\u00f5udepaadid ja mootorpaadid. Klaasfiiber materjalist.","description":"","publisher":{"@id":"https:\/\/nordlinepaadid.ee\/et\/#organization"},"potentialAction":[{"@type":"SearchAction","target":{"@type":"EntryPoint","urlTemplate":"https:\/\/nordlinepaadid.ee\/et\/?s={search_term_string}"},"query-input":{"@type":"PropertyValueSpecification","valueRequired":true,"valueName":"search_term_string"}}],"inLanguage":"et"},{"@type":"Organization","@id":"https:\/\/nordlinepaadid.ee\/et\/#organization","name":"Nordlineboats","url":"https:\/\/nordlinepaadid.ee\/et\/","logo":{"@type":"ImageObject","inLanguage":"et","@id":"https:\/\/nordlinepaadid.ee\/et\/#\/schema\/logo\/image\/","url":"https:\/\/nordlinepaadid.ee\/wp-content\/uploads\/2023\/01\/fulllogo_transparent_nobuffer-e1672750475494.png","contentUrl":"https:\/\/nordlinepaadid.ee\/wp-content\/uploads\/2023\/01\/fulllogo_transparent_nobuffer-e1672750475494.png","width":150,"height":119,"caption":"Nordlineboats"},"image":{"@id":"https:\/\/nordlinepaadid.ee\/et\/#\/schema\/logo\/image\/"},"sameAs":["https:\/\/www.facebook.com\/nordlineboats","https:\/\/www.youtube.com\/channel\/UCbgF0fy02y3QkFnujaLTaCA"]}]}},"taxonomy_info":{"product_cat":[{"value":232,"label":"PURJETAMISRIIDED JA JALAN\u00d5UD"},{"value":263,"label":"Riided ja jalan\u00f5ud lastele"}],"pa_color":[{"value":684,"label":"Must"}],"pa_producer":[{"value":521,"label":"Crewsaver"}],"pa_unit":[{"value":423,"label":"pair"}]},"featured_image_src_large":["https:\/\/nordlinepaadid.ee\/wp-content\/uploads\/2023\/03\/4665_0002303_phase2-short-finger-glove-784x1024.jpeg",784,1024,true],"author_info":[],"comment_info":"","_links":{"self":[{"href":"https:\/\/nordlinepaadid.ee\/et\/wp-json\/wp\/v2\/product\/23096","targetHints":{"allow":["GET"]}}],"collection":[{"href":"https:\/\/nordlinepaadid.ee\/et\/wp-json\/wp\/v2\/product"}],"about":[{"href":"https:\/\/nordlinepaadid.ee\/et\/wp-json\/wp\/v2\/types\/product"}],"wp:featuredmedia":[{"embeddable":true,"href":"https:\/\/nordlinepaadid.ee\/et\/wp-json\/wp\/v2\/media\/23097"}],"wp:attachment":[{"href":"https:\/\/nordlinepaadid.ee\/et\/wp-json\/wp\/v2\/media?parent=23096"}],"wp:term":[{"taxonomy":"product_brand","embeddable":true,"href":"https:\/\/nordlinepaadid.ee\/et\/wp-json\/wp\/v2\/product_brand?post=23096"},{"taxonomy":"product_cat","embeddable":true,"href":"https:\/\/nordlinepaadid.ee\/et\/wp-json\/wp\/v2\/product_cat?post=23096"},{"taxonomy":"product_tag","embeddable":true,"href":"https:\/\/nordlinepaadid.ee\/et\/wp-json\/wp\/v2\/product_tag?post=23096"}],"curies":[{"name":"wp","href":"https:\/\/api.w.org\/{rel}","templated":true}]}}