{"id":23130,"date":"2026-04-07T03:15:44","date_gmt":"2026-04-07T00:15:44","guid":{"rendered":"https:\/\/nordlinepaadid.ee\/pood\/drysuit-crewsaver-atacama-pro-m\/"},"modified":"2026-04-08T10:03:21","modified_gmt":"2026-04-08T07:03:21","slug":"kuivulikond-crewsaver-atacama-pro-m","status":"publish","type":"product","link":"https:\/\/nordlinepaadid.ee\/et\/pood\/marine-clothing-and-shoes\/drysuits-fisherman-suits-flotation-suits\/kuivulikond-crewsaver-atacama-pro-m\/","title":{"rendered":"KUIV\u00dcLIKOND &#8211; CREWSAVER ATACAMA PRO, M"},"content":{"rendered":"<p style=\"text-align: justify;\">Crewsaver 2018 aasta mudel &#8211; kuiv\u00fclikond Atacama Pro. Uus ja t\u00e4iustatud kolmekihiline kangas on t\u00e4ielikult &#8220;hingav&#8221; ja 100 % veekindel ning \u00fclikond sobib kasutamiseks ka k\u00f5ige karmimates meretingimustes. 100 % veekindlad ja teibitud \u00f5mblused, veekindel Aquaseal t\u00f5mblukk, mis on paigaldatud selliselt, et \u00fclikonna saab selga panna ilma k\u00f5rvalise abita, Cordura tugevdused p\u00f5lvedel ja istmikuosas. Mugav Glideskin kaelamansett, lateks sokid. Komplekti kuulub ka alusfliis.<\/p>\n<p>&#13;<\/p>\n<p>&nbsp;<\/p>\n<p>&#13;<br \/>\n&#13;<\/p>\n<table border=\"1\" cellpadding=\"1\" cellspacing=\"1\" style=\"width:397px\">&#13;<\/p>\n<tbody>&#13;<\/p>\n<tr>&#13;<\/p>\n<td style=\"text-align:center\"><span style=\"color:#FF0000\"><strong>Suurus<\/strong><\/span><\/td>\n<p>&#13;<\/p>\n<td style=\"text-align:center\"><span style=\"color:#FF0000\"><strong>Rinna \u00fcmberm\u00f5\u00f5t<\/strong><\/span><\/td>\n<p>&#13;<\/p>\n<td style=\"text-align:center\"><span style=\"color:#FF0000\"><strong>Talje<\/strong><\/span><\/td>\n<p>&#13;<\/p>\n<td style=\"text-align:center\"><span style=\"color:#FF0000\"><strong>Sises\u00e4\u00e4r<\/strong><\/span><\/td>\n<p>&#13;<\/p>\n<td style=\"text-align:center\"><span style=\"color:#FF0000\"><strong>Pikkus<\/strong><\/span><\/td>\n<p>&#13;<br \/>\n\t\t<\/tr>\n<p>&#13;<\/p>\n<tr>&#13;<\/p>\n<td style=\"text-align:center\"><span style=\"color:#0000CD\"><strong>S<\/strong><\/span><\/td>\n<p>&#13;<\/p>\n<td style=\"text-align:center\"><strong>91 &#8211; 97 cm<\/strong><\/td>\n<p>&#13;<\/p>\n<td style=\"text-align:center\"><strong>71 &#8211; 79 cm<\/strong><\/td>\n<p>&#13;<\/p>\n<td style=\"text-align:center\"><strong>69 cm<\/strong><\/td>\n<p>&#13;<\/p>\n<td style=\"text-align:center\"><strong>163 &#8211; 170 cm<\/strong><\/td>\n<p>&#13;<br \/>\n\t\t<\/tr>\n<p>&#13;<\/p>\n<tr>&#13;<\/p>\n<td style=\"text-align:center\"><span style=\"color:#0000CD\"><strong>M<\/strong><\/span><\/td>\n<p>&#13;<\/p>\n<td style=\"text-align:center\"><strong>97 &#8211; 104 cm<\/strong><\/td>\n<p>&#13;<\/p>\n<td style=\"text-align:center\"><strong>79 &#8211; 86 cm<\/strong><\/td>\n<p>&#13;<\/p>\n<td style=\"text-align:center\"><strong>74 cm<\/strong><\/td>\n<p>&#13;<\/p>\n<td style=\"text-align:center\"><strong>170 &#8211; 178 cm<\/strong><\/td>\n<p>&#13;<br \/>\n\t\t<\/tr>\n<p>&#13;<\/p>\n<tr>&#13;<\/p>\n<td style=\"text-align:center\"><span style=\"color:#0000CD\"><strong>L<\/strong><\/span><\/td>\n<p>&#13;<\/p>\n<td style=\"text-align:center\"><strong>104 &#8211; 112 cm<\/strong><\/td>\n<p>&#13;<\/p>\n<td style=\"text-align:center\"><strong>86 &#8211; 94 cm<\/strong><\/td>\n<p>&#13;<\/p>\n<td style=\"text-align:center\"><strong>79 cm<\/strong><\/td>\n<p>&#13;<\/p>\n<td style=\"text-align:center\"><strong>178 &#8211; 185 cm<\/strong><\/td>\n<p>&#13;<br \/>\n\t\t<\/tr>\n<p>&#13;<\/p>\n<tr>&#13;<\/p>\n<td style=\"text-align:center\"><span style=\"color:#0000CD\"><strong>XL<\/strong><\/span><\/td>\n<p>&#13;<\/p>\n<td style=\"text-align:center\"><strong>112 &#8211; 119 cm<\/strong><\/td>\n<p>&#13;<\/p>\n<td style=\"text-align:center\"><strong>94 &#8211; 102 cm<\/strong><\/td>\n<p>&#13;<\/p>\n<td style=\"text-align:center\"><strong>84 cm<\/strong><\/td>\n<p>&#13;<\/p>\n<td style=\"text-align:center\"><strong>185 &#8211; 191 cm<\/strong><\/td>\n<p>&#13;<br \/>\n\t\t<\/tr>\n<p>&#13;<\/p>\n<tr>&#13;<\/p>\n<td style=\"text-align:center\"><span style=\"color:#0000CD\"><strong>XXL<\/strong><\/span><\/td>\n<p>&#13;<\/p>\n<td style=\"text-align:center\"><strong>119 . 127 cm<\/strong><\/td>\n<p>&#13;<\/p>\n<td style=\"text-align:center\"><strong>102 &#8211; 108 cm<\/strong><\/td>\n<p>&#13;<\/p>\n<td style=\"text-align:center\"><strong>89 cm<\/strong><\/td>\n<p>&#13;<\/p>\n<td style=\"text-align:center\"><strong>185 &#8211; 191 cm<\/strong><\/td>\n<p>&#13;<br \/>\n\t\t<\/tr>\n<p>&#13;<br \/>\n\t<\/tbody>\n<p>&#13;<br \/>\n<\/table>\n<p>&#13;<br \/>\n&#13;<\/p>\n<p>&nbsp;<\/p>\n<p>&#13;<br \/>\n&#13;<\/p>\n<p>&nbsp;<\/p>\n<p>&#13;<br \/>\n&#13;<\/p>\n<p>&nbsp;<\/p>\n<p>&#13;<\/p>\n","protected":false},"excerpt":{"rendered":"<p>Crewsaver 2018 aasta mudel &#8211; kuiv\u00fclikond Atacama Pro. Uus ja t\u00e4iustatud kolmekihiline kangas on t\u00e4ielikult &#8220;hingav&#8221; ja 100 % veekindel ning \u00fclikond sobib kasutamiseks ka k\u00f5ige karmimates meretingimustes. 100 % veekindlad ja teibitud \u00f5mblused, veekindel Aquaseal t\u00f5mblukk, mis on paigaldatud selliselt, et \u00fclikonna saab selga panna ilma k\u00f5rvalise abita, Cordura tugevdused p\u00f5lvedel ja istmikuosas. Mugav&#8230;<\/p>\n","protected":false},"featured_media":23122,"template":"","meta":{"_kad_blocks_custom_css":"","_kad_blocks_head_custom_js":"","_kad_blocks_body_custom_js":"","_kad_blocks_footer_custom_js":"","_kad_post_transparent":"","_kad_post_title":"","_kad_post_layout":"","_kad_post_sidebar_id":"","_kad_post_content_style":"","_kad_post_vertical_padding":"","_kad_post_feature":"","_kad_post_feature_position":"","_kad_post_header":false,"_kad_post_footer":false,"_kad_post_classname":""},"product_brand":[],"product_cat":[328,232],"product_tag":[],"class_list":{"0":"post-23130","1":"product","2":"type-product","3":"status-publish","4":"has-post-thumbnail","6":"product_cat-drysuits-fisherman-suits-flotation-suits","7":"product_cat-marine-clothing-and-shoes","8":"product_shipping_class-pakiautomaati-mahtuv-kaup","9":"pa_color-must","10":"pa_producer-crewsaver","11":"tm-no-options","13":"first","14":"onbackorder","15":"taxable","16":"shipping-taxable","17":"purchasable","18":"product-type-simple","19":"entry","20":"content-bg","21":"loop-entry"},"yoast_head":"<!-- This site is optimized with the Yoast SEO plugin v27.3 - https:\/\/yoast.com\/product\/yoast-seo-wordpress\/ -->\n<title>KUIV\u00dcLIKOND - CREWSAVER ATACAMA PRO, M - NORDLINE s\u00f5udepaadid ja mootorpaadid. Klaasfiiber materjalist.<\/title>\n<meta name=\"robots\" content=\"index, follow, max-snippet:-1, max-image-preview:large, max-video-preview:-1\" \/>\n<link rel=\"canonical\" href=\"https:\/\/nordlinepaadid.ee\/et\/pood\/marine-clothing-and-shoes\/drysuits-fisherman-suits-flotation-suits\/kuivulikond-crewsaver-atacama-pro-m\/\" \/>\n<meta property=\"og:locale\" content=\"et_EE\" \/>\n<meta property=\"og:type\" content=\"article\" \/>\n<meta property=\"og:title\" content=\"KUIV\u00dcLIKOND - CREWSAVER ATACAMA PRO, M - NORDLINE s\u00f5udepaadid ja mootorpaadid. Klaasfiiber materjalist.\" \/>\n<meta property=\"og:description\" content=\"Crewsaver 2018 aasta mudel &#8211; kuiv\u00fclikond Atacama Pro. Uus ja t\u00e4iustatud kolmekihiline kangas on t\u00e4ielikult &#8220;hingav&#8221; ja 100 % veekindel ning \u00fclikond sobib kasutamiseks ka k\u00f5ige karmimates meretingimustes. 100 % veekindlad ja teibitud \u00f5mblused, veekindel Aquaseal t\u00f5mblukk, mis on paigaldatud selliselt, et \u00fclikonna saab selga panna ilma k\u00f5rvalise abita, Cordura tugevdused p\u00f5lvedel ja istmikuosas. Mugav...\" \/>\n<meta property=\"og:url\" content=\"https:\/\/nordlinepaadid.ee\/et\/pood\/marine-clothing-and-shoes\/drysuits-fisherman-suits-flotation-suits\/kuivulikond-crewsaver-atacama-pro-m\/\" \/>\n<meta property=\"og:site_name\" content=\"NORDLINE s\u00f5udepaadid ja mootorpaadid. Klaasfiiber materjalist.\" \/>\n<meta property=\"article:publisher\" content=\"https:\/\/www.facebook.com\/nordlineboats\" \/>\n<meta property=\"article:modified_time\" content=\"2026-04-08T07:03:21+00:00\" \/>\n<meta property=\"og:image\" content=\"https:\/\/nordlinepaadid.ee\/wp-content\/uploads\/2023\/03\/5249_crewsaver_atacamaprofrontv2.jpg\" \/>\n\t<meta property=\"og:image:width\" content=\"1500\" \/>\n\t<meta property=\"og:image:height\" content=\"1500\" \/>\n\t<meta property=\"og:image:type\" content=\"image\/jpeg\" \/>\n<meta name=\"twitter:card\" content=\"summary_large_image\" \/>\n<meta name=\"twitter:label1\" content=\"Est. reading time\" \/>\n\t<meta name=\"twitter:data1\" content=\"1 minut\" \/>\n<script type=\"application\/ld+json\" class=\"yoast-schema-graph\">{\"@context\":\"https:\\\/\\\/schema.org\",\"@graph\":[{\"@type\":\"WebPage\",\"@id\":\"https:\\\/\\\/nordlinepaadid.ee\\\/et\\\/pood\\\/marine-clothing-and-shoes\\\/drysuits-fisherman-suits-flotation-suits\\\/kuivulikond-crewsaver-atacama-pro-m\\\/\",\"url\":\"https:\\\/\\\/nordlinepaadid.ee\\\/et\\\/pood\\\/marine-clothing-and-shoes\\\/drysuits-fisherman-suits-flotation-suits\\\/kuivulikond-crewsaver-atacama-pro-m\\\/\",\"name\":\"KUIV\u00dcLIKOND - CREWSAVER ATACAMA PRO, M - NORDLINE s\u00f5udepaadid ja mootorpaadid. Klaasfiiber materjalist.\",\"isPartOf\":{\"@id\":\"https:\\\/\\\/nordlinepaadid.ee\\\/et\\\/#website\"},\"primaryImageOfPage\":{\"@id\":\"https:\\\/\\\/nordlinepaadid.ee\\\/et\\\/pood\\\/marine-clothing-and-shoes\\\/drysuits-fisherman-suits-flotation-suits\\\/kuivulikond-crewsaver-atacama-pro-m\\\/#primaryimage\"},\"image\":{\"@id\":\"https:\\\/\\\/nordlinepaadid.ee\\\/et\\\/pood\\\/marine-clothing-and-shoes\\\/drysuits-fisherman-suits-flotation-suits\\\/kuivulikond-crewsaver-atacama-pro-m\\\/#primaryimage\"},\"thumbnailUrl\":\"https:\\\/\\\/nordlinepaadid.ee\\\/wp-content\\\/uploads\\\/2023\\\/03\\\/5249_crewsaver_atacamaprofrontv2.jpg\",\"datePublished\":\"2026-04-07T00:15:44+00:00\",\"dateModified\":\"2026-04-08T07:03:21+00:00\",\"breadcrumb\":{\"@id\":\"https:\\\/\\\/nordlinepaadid.ee\\\/et\\\/pood\\\/marine-clothing-and-shoes\\\/drysuits-fisherman-suits-flotation-suits\\\/kuivulikond-crewsaver-atacama-pro-m\\\/#breadcrumb\"},\"inLanguage\":\"et\",\"potentialAction\":[{\"@type\":\"ReadAction\",\"target\":[\"https:\\\/\\\/nordlinepaadid.ee\\\/et\\\/pood\\\/marine-clothing-and-shoes\\\/drysuits-fisherman-suits-flotation-suits\\\/kuivulikond-crewsaver-atacama-pro-m\\\/\"]}]},{\"@type\":\"ImageObject\",\"inLanguage\":\"et\",\"@id\":\"https:\\\/\\\/nordlinepaadid.ee\\\/et\\\/pood\\\/marine-clothing-and-shoes\\\/drysuits-fisherman-suits-flotation-suits\\\/kuivulikond-crewsaver-atacama-pro-m\\\/#primaryimage\",\"url\":\"https:\\\/\\\/nordlinepaadid.ee\\\/wp-content\\\/uploads\\\/2023\\\/03\\\/5249_crewsaver_atacamaprofrontv2.jpg\",\"contentUrl\":\"https:\\\/\\\/nordlinepaadid.ee\\\/wp-content\\\/uploads\\\/2023\\\/03\\\/5249_crewsaver_atacamaprofrontv2.jpg\",\"width\":1500,\"height\":1500},{\"@type\":\"BreadcrumbList\",\"@id\":\"https:\\\/\\\/nordlinepaadid.ee\\\/et\\\/pood\\\/marine-clothing-and-shoes\\\/drysuits-fisherman-suits-flotation-suits\\\/kuivulikond-crewsaver-atacama-pro-m\\\/#breadcrumb\",\"itemListElement\":[{\"@type\":\"ListItem\",\"position\":1,\"name\":\"Home\",\"item\":\"https:\\\/\\\/nordlinepaadid.ee\\\/et\\\/\"},{\"@type\":\"ListItem\",\"position\":2,\"name\":\"Pood\",\"item\":\"https:\\\/\\\/nordlinepaadid.ee\\\/et\\\/pood\\\/\"},{\"@type\":\"ListItem\",\"position\":3,\"name\":\"KUIV\u00dcLIKOND &#8211; CREWSAVER ATACAMA PRO, M\"}]},{\"@type\":\"WebSite\",\"@id\":\"https:\\\/\\\/nordlinepaadid.ee\\\/et\\\/#website\",\"url\":\"https:\\\/\\\/nordlinepaadid.ee\\\/et\\\/\",\"name\":\"NORDLINE s\u00f5udepaadid ja mootorpaadid. Klaasfiiber materjalist.\",\"description\":\"\",\"publisher\":{\"@id\":\"https:\\\/\\\/nordlinepaadid.ee\\\/et\\\/#organization\"},\"potentialAction\":[{\"@type\":\"SearchAction\",\"target\":{\"@type\":\"EntryPoint\",\"urlTemplate\":\"https:\\\/\\\/nordlinepaadid.ee\\\/et\\\/?s={search_term_string}\"},\"query-input\":{\"@type\":\"PropertyValueSpecification\",\"valueRequired\":true,\"valueName\":\"search_term_string\"}}],\"inLanguage\":\"et\"},{\"@type\":\"Organization\",\"@id\":\"https:\\\/\\\/nordlinepaadid.ee\\\/et\\\/#organization\",\"name\":\"Nordlineboats\",\"url\":\"https:\\\/\\\/nordlinepaadid.ee\\\/et\\\/\",\"logo\":{\"@type\":\"ImageObject\",\"inLanguage\":\"et\",\"@id\":\"https:\\\/\\\/nordlinepaadid.ee\\\/et\\\/#\\\/schema\\\/logo\\\/image\\\/\",\"url\":\"https:\\\/\\\/nordlinepaadid.ee\\\/wp-content\\\/uploads\\\/2023\\\/01\\\/fulllogo_transparent_nobuffer-e1672750475494.png\",\"contentUrl\":\"https:\\\/\\\/nordlinepaadid.ee\\\/wp-content\\\/uploads\\\/2023\\\/01\\\/fulllogo_transparent_nobuffer-e1672750475494.png\",\"width\":150,\"height\":119,\"caption\":\"Nordlineboats\"},\"image\":{\"@id\":\"https:\\\/\\\/nordlinepaadid.ee\\\/et\\\/#\\\/schema\\\/logo\\\/image\\\/\"},\"sameAs\":[\"https:\\\/\\\/www.facebook.com\\\/nordlineboats\",\"https:\\\/\\\/www.youtube.com\\\/channel\\\/UCbgF0fy02y3QkFnujaLTaCA\"]}]}<\/script>\n<!-- \/ Yoast SEO plugin. -->","yoast_head_json":{"title":"KUIV\u00dcLIKOND - CREWSAVER ATACAMA PRO, M - NORDLINE s\u00f5udepaadid ja mootorpaadid. Klaasfiiber materjalist.","robots":{"index":"index","follow":"follow","max-snippet":"max-snippet:-1","max-image-preview":"max-image-preview:large","max-video-preview":"max-video-preview:-1"},"canonical":"https:\/\/nordlinepaadid.ee\/et\/pood\/marine-clothing-and-shoes\/drysuits-fisherman-suits-flotation-suits\/kuivulikond-crewsaver-atacama-pro-m\/","og_locale":"et_EE","og_type":"article","og_title":"KUIV\u00dcLIKOND - CREWSAVER ATACAMA PRO, M - NORDLINE s\u00f5udepaadid ja mootorpaadid. Klaasfiiber materjalist.","og_description":"Crewsaver 2018 aasta mudel &#8211; kuiv\u00fclikond Atacama Pro. Uus ja t\u00e4iustatud kolmekihiline kangas on t\u00e4ielikult &#8220;hingav&#8221; ja 100 % veekindel ning \u00fclikond sobib kasutamiseks ka k\u00f5ige karmimates meretingimustes. 100 % veekindlad ja teibitud \u00f5mblused, veekindel Aquaseal t\u00f5mblukk, mis on paigaldatud selliselt, et \u00fclikonna saab selga panna ilma k\u00f5rvalise abita, Cordura tugevdused p\u00f5lvedel ja istmikuosas. Mugav...","og_url":"https:\/\/nordlinepaadid.ee\/et\/pood\/marine-clothing-and-shoes\/drysuits-fisherman-suits-flotation-suits\/kuivulikond-crewsaver-atacama-pro-m\/","og_site_name":"NORDLINE s\u00f5udepaadid ja mootorpaadid. Klaasfiiber materjalist.","article_publisher":"https:\/\/www.facebook.com\/nordlineboats","article_modified_time":"2026-04-08T07:03:21+00:00","og_image":[{"width":1500,"height":1500,"url":"https:\/\/nordlinepaadid.ee\/wp-content\/uploads\/2023\/03\/5249_crewsaver_atacamaprofrontv2.jpg","type":"image\/jpeg"}],"twitter_card":"summary_large_image","twitter_misc":{"Est. reading time":"1 minut"},"schema":{"@context":"https:\/\/schema.org","@graph":[{"@type":"WebPage","@id":"https:\/\/nordlinepaadid.ee\/et\/pood\/marine-clothing-and-shoes\/drysuits-fisherman-suits-flotation-suits\/kuivulikond-crewsaver-atacama-pro-m\/","url":"https:\/\/nordlinepaadid.ee\/et\/pood\/marine-clothing-and-shoes\/drysuits-fisherman-suits-flotation-suits\/kuivulikond-crewsaver-atacama-pro-m\/","name":"KUIV\u00dcLIKOND - CREWSAVER ATACAMA PRO, M - NORDLINE s\u00f5udepaadid ja mootorpaadid. Klaasfiiber materjalist.","isPartOf":{"@id":"https:\/\/nordlinepaadid.ee\/et\/#website"},"primaryImageOfPage":{"@id":"https:\/\/nordlinepaadid.ee\/et\/pood\/marine-clothing-and-shoes\/drysuits-fisherman-suits-flotation-suits\/kuivulikond-crewsaver-atacama-pro-m\/#primaryimage"},"image":{"@id":"https:\/\/nordlinepaadid.ee\/et\/pood\/marine-clothing-and-shoes\/drysuits-fisherman-suits-flotation-suits\/kuivulikond-crewsaver-atacama-pro-m\/#primaryimage"},"thumbnailUrl":"https:\/\/nordlinepaadid.ee\/wp-content\/uploads\/2023\/03\/5249_crewsaver_atacamaprofrontv2.jpg","datePublished":"2026-04-07T00:15:44+00:00","dateModified":"2026-04-08T07:03:21+00:00","breadcrumb":{"@id":"https:\/\/nordlinepaadid.ee\/et\/pood\/marine-clothing-and-shoes\/drysuits-fisherman-suits-flotation-suits\/kuivulikond-crewsaver-atacama-pro-m\/#breadcrumb"},"inLanguage":"et","potentialAction":[{"@type":"ReadAction","target":["https:\/\/nordlinepaadid.ee\/et\/pood\/marine-clothing-and-shoes\/drysuits-fisherman-suits-flotation-suits\/kuivulikond-crewsaver-atacama-pro-m\/"]}]},{"@type":"ImageObject","inLanguage":"et","@id":"https:\/\/nordlinepaadid.ee\/et\/pood\/marine-clothing-and-shoes\/drysuits-fisherman-suits-flotation-suits\/kuivulikond-crewsaver-atacama-pro-m\/#primaryimage","url":"https:\/\/nordlinepaadid.ee\/wp-content\/uploads\/2023\/03\/5249_crewsaver_atacamaprofrontv2.jpg","contentUrl":"https:\/\/nordlinepaadid.ee\/wp-content\/uploads\/2023\/03\/5249_crewsaver_atacamaprofrontv2.jpg","width":1500,"height":1500},{"@type":"BreadcrumbList","@id":"https:\/\/nordlinepaadid.ee\/et\/pood\/marine-clothing-and-shoes\/drysuits-fisherman-suits-flotation-suits\/kuivulikond-crewsaver-atacama-pro-m\/#breadcrumb","itemListElement":[{"@type":"ListItem","position":1,"name":"Home","item":"https:\/\/nordlinepaadid.ee\/et\/"},{"@type":"ListItem","position":2,"name":"Pood","item":"https:\/\/nordlinepaadid.ee\/et\/pood\/"},{"@type":"ListItem","position":3,"name":"KUIV\u00dcLIKOND &#8211; CREWSAVER ATACAMA PRO, M"}]},{"@type":"WebSite","@id":"https:\/\/nordlinepaadid.ee\/et\/#website","url":"https:\/\/nordlinepaadid.ee\/et\/","name":"NORDLINE s\u00f5udepaadid ja mootorpaadid. Klaasfiiber materjalist.","description":"","publisher":{"@id":"https:\/\/nordlinepaadid.ee\/et\/#organization"},"potentialAction":[{"@type":"SearchAction","target":{"@type":"EntryPoint","urlTemplate":"https:\/\/nordlinepaadid.ee\/et\/?s={search_term_string}"},"query-input":{"@type":"PropertyValueSpecification","valueRequired":true,"valueName":"search_term_string"}}],"inLanguage":"et"},{"@type":"Organization","@id":"https:\/\/nordlinepaadid.ee\/et\/#organization","name":"Nordlineboats","url":"https:\/\/nordlinepaadid.ee\/et\/","logo":{"@type":"ImageObject","inLanguage":"et","@id":"https:\/\/nordlinepaadid.ee\/et\/#\/schema\/logo\/image\/","url":"https:\/\/nordlinepaadid.ee\/wp-content\/uploads\/2023\/01\/fulllogo_transparent_nobuffer-e1672750475494.png","contentUrl":"https:\/\/nordlinepaadid.ee\/wp-content\/uploads\/2023\/01\/fulllogo_transparent_nobuffer-e1672750475494.png","width":150,"height":119,"caption":"Nordlineboats"},"image":{"@id":"https:\/\/nordlinepaadid.ee\/et\/#\/schema\/logo\/image\/"},"sameAs":["https:\/\/www.facebook.com\/nordlineboats","https:\/\/www.youtube.com\/channel\/UCbgF0fy02y3QkFnujaLTaCA"]}]}},"taxonomy_info":{"product_cat":[{"value":328,"label":"Kuiv\u00fclikonnad, Kombinesoonid, Kalamehe Riietus"},{"value":232,"label":"PURJETAMISRIIDED JA JALAN\u00d5UD"}],"pa_color":[{"value":684,"label":"Must"}],"pa_producer":[{"value":521,"label":"Crewsaver"}]},"featured_image_src_large":["https:\/\/nordlinepaadid.ee\/wp-content\/uploads\/2023\/03\/5249_crewsaver_atacamaprofrontv2-1024x1024.jpg",1024,1024,true],"author_info":[],"comment_info":"","_links":{"self":[{"href":"https:\/\/nordlinepaadid.ee\/et\/wp-json\/wp\/v2\/product\/23130","targetHints":{"allow":["GET"]}}],"collection":[{"href":"https:\/\/nordlinepaadid.ee\/et\/wp-json\/wp\/v2\/product"}],"about":[{"href":"https:\/\/nordlinepaadid.ee\/et\/wp-json\/wp\/v2\/types\/product"}],"wp:featuredmedia":[{"embeddable":true,"href":"https:\/\/nordlinepaadid.ee\/et\/wp-json\/wp\/v2\/media\/23122"}],"wp:attachment":[{"href":"https:\/\/nordlinepaadid.ee\/et\/wp-json\/wp\/v2\/media?parent=23130"}],"wp:term":[{"taxonomy":"product_brand","embeddable":true,"href":"https:\/\/nordlinepaadid.ee\/et\/wp-json\/wp\/v2\/product_brand?post=23130"},{"taxonomy":"product_cat","embeddable":true,"href":"https:\/\/nordlinepaadid.ee\/et\/wp-json\/wp\/v2\/product_cat?post=23130"},{"taxonomy":"product_tag","embeddable":true,"href":"https:\/\/nordlinepaadid.ee\/et\/wp-json\/wp\/v2\/product_tag?post=23130"}],"curies":[{"name":"wp","href":"https:\/\/api.w.org\/{rel}","templated":true}]}}