{"id":23352,"date":"2026-04-14T03:12:46","date_gmt":"2026-04-14T00:12:46","guid":{"rendered":"https:\/\/nordlinepaadid.ee\/pood\/spare-seal-kit-for-hand-pump-15-262-20\/"},"modified":"2026-04-14T16:00:14","modified_gmt":"2026-04-14T13:00:14","slug":"kasipumba-15-262-20-paranduskomplekt","status":"publish","type":"product","link":"https:\/\/nordlinepaadid.ee\/et\/pood\/ru-inflatable-boats-and-accessories\/ru-hand-pumps-foot-pumps-bailers\/kasipumba-15-262-20-paranduskomplekt\/","title":{"rendered":"K\u00c4SIPUMBA 15.262.20 PARANDUSKOMPLEKT"},"content":{"rendered":"<p>K\u00e4sipumba 15.262.20 paranduskomplekt.<\/p>\n","protected":false},"excerpt":{"rendered":"<p>K\u00e4sipumba 15.262.20 paranduskomplekt.<\/p>\n","protected":false},"featured_media":23353,"template":"","meta":{"_kad_blocks_custom_css":"","_kad_blocks_head_custom_js":"","_kad_blocks_body_custom_js":"","_kad_blocks_footer_custom_js":"","_kad_post_transparent":"","_kad_post_title":"","_kad_post_layout":"","_kad_post_sidebar_id":"","_kad_post_content_style":"","_kad_post_vertical_padding":"","_kad_post_feature":"","_kad_post_feature_position":"","_kad_post_header":false,"_kad_post_footer":false,"_kad_post_classname":""},"product_brand":[],"product_cat":[316,269,865],"product_tag":[],"class_list":{"0":"post-23352","1":"product","2":"type-product","3":"status-publish","4":"has-post-thumbnail","6":"product_cat-kasi-ja-jalgpumbad-hauskarid","7":"product_cat-pumbad-ja-sanitaartarvikud","8":"product_cat-ru-hand-pumps-foot-pumps-bailers","9":"product_shipping_class-pakiautomaati-mahtuv-kaup","10":"pa_unit-pcs","11":"tm-no-options","13":"first","14":"onbackorder","15":"taxable","16":"shipping-taxable","17":"purchasable","18":"product-type-simple","19":"entry","20":"content-bg","21":"loop-entry"},"yoast_head":"<!-- This site is optimized with the Yoast SEO plugin v27.3 - https:\/\/yoast.com\/product\/yoast-seo-wordpress\/ -->\n<title>K\u00c4SIPUMBA 15.262.20 PARANDUSKOMPLEKT - NORDLINE s\u00f5udepaadid ja mootorpaadid. Klaasfiiber materjalist.<\/title>\n<meta name=\"robots\" content=\"index, follow, max-snippet:-1, max-image-preview:large, max-video-preview:-1\" \/>\n<link rel=\"canonical\" href=\"https:\/\/nordlinepaadid.ee\/et\/pood\/ru-inflatable-boats-and-accessories\/ru-hand-pumps-foot-pumps-bailers\/kasipumba-15-262-20-paranduskomplekt\/\" \/>\n<meta property=\"og:locale\" content=\"et_EE\" \/>\n<meta property=\"og:type\" content=\"article\" \/>\n<meta property=\"og:title\" content=\"K\u00c4SIPUMBA 15.262.20 PARANDUSKOMPLEKT - NORDLINE s\u00f5udepaadid ja mootorpaadid. Klaasfiiber materjalist.\" \/>\n<meta property=\"og:description\" content=\"K\u00e4sipumba 15.262.20 paranduskomplekt.\" \/>\n<meta property=\"og:url\" content=\"https:\/\/nordlinepaadid.ee\/et\/pood\/ru-inflatable-boats-and-accessories\/ru-hand-pumps-foot-pumps-bailers\/kasipumba-15-262-20-paranduskomplekt\/\" \/>\n<meta property=\"og:site_name\" content=\"NORDLINE s\u00f5udepaadid ja mootorpaadid. Klaasfiiber materjalist.\" \/>\n<meta property=\"article:publisher\" content=\"https:\/\/www.facebook.com\/nordlineboats\" \/>\n<meta property=\"article:modified_time\" content=\"2026-04-14T13:00:14+00:00\" \/>\n<meta property=\"og:image\" content=\"https:\/\/nordlinepaadid.ee\/wp-content\/uploads\/2023\/03\/5393_15.262.20.jpg\" \/>\n\t<meta property=\"og:image:width\" content=\"486\" \/>\n\t<meta property=\"og:image:height\" content=\"503\" \/>\n\t<meta property=\"og:image:type\" content=\"image\/jpeg\" \/>\n<meta name=\"twitter:card\" content=\"summary_large_image\" \/>\n<script type=\"application\/ld+json\" class=\"yoast-schema-graph\">{\"@context\":\"https:\\\/\\\/schema.org\",\"@graph\":[{\"@type\":\"WebPage\",\"@id\":\"https:\\\/\\\/nordlinepaadid.ee\\\/et\\\/pood\\\/ru-inflatable-boats-and-accessories\\\/ru-hand-pumps-foot-pumps-bailers\\\/kasipumba-15-262-20-paranduskomplekt\\\/\",\"url\":\"https:\\\/\\\/nordlinepaadid.ee\\\/et\\\/pood\\\/ru-inflatable-boats-and-accessories\\\/ru-hand-pumps-foot-pumps-bailers\\\/kasipumba-15-262-20-paranduskomplekt\\\/\",\"name\":\"K\u00c4SIPUMBA 15.262.20 PARANDUSKOMPLEKT - NORDLINE s\u00f5udepaadid ja mootorpaadid. Klaasfiiber materjalist.\",\"isPartOf\":{\"@id\":\"https:\\\/\\\/nordlinepaadid.ee\\\/et\\\/#website\"},\"primaryImageOfPage\":{\"@id\":\"https:\\\/\\\/nordlinepaadid.ee\\\/et\\\/pood\\\/ru-inflatable-boats-and-accessories\\\/ru-hand-pumps-foot-pumps-bailers\\\/kasipumba-15-262-20-paranduskomplekt\\\/#primaryimage\"},\"image\":{\"@id\":\"https:\\\/\\\/nordlinepaadid.ee\\\/et\\\/pood\\\/ru-inflatable-boats-and-accessories\\\/ru-hand-pumps-foot-pumps-bailers\\\/kasipumba-15-262-20-paranduskomplekt\\\/#primaryimage\"},\"thumbnailUrl\":\"https:\\\/\\\/nordlinepaadid.ee\\\/wp-content\\\/uploads\\\/2023\\\/03\\\/5393_15.262.20.jpg\",\"datePublished\":\"2026-04-14T00:12:46+00:00\",\"dateModified\":\"2026-04-14T13:00:14+00:00\",\"breadcrumb\":{\"@id\":\"https:\\\/\\\/nordlinepaadid.ee\\\/et\\\/pood\\\/ru-inflatable-boats-and-accessories\\\/ru-hand-pumps-foot-pumps-bailers\\\/kasipumba-15-262-20-paranduskomplekt\\\/#breadcrumb\"},\"inLanguage\":\"et\",\"potentialAction\":[{\"@type\":\"ReadAction\",\"target\":[\"https:\\\/\\\/nordlinepaadid.ee\\\/et\\\/pood\\\/ru-inflatable-boats-and-accessories\\\/ru-hand-pumps-foot-pumps-bailers\\\/kasipumba-15-262-20-paranduskomplekt\\\/\"]}]},{\"@type\":\"ImageObject\",\"inLanguage\":\"et\",\"@id\":\"https:\\\/\\\/nordlinepaadid.ee\\\/et\\\/pood\\\/ru-inflatable-boats-and-accessories\\\/ru-hand-pumps-foot-pumps-bailers\\\/kasipumba-15-262-20-paranduskomplekt\\\/#primaryimage\",\"url\":\"https:\\\/\\\/nordlinepaadid.ee\\\/wp-content\\\/uploads\\\/2023\\\/03\\\/5393_15.262.20.jpg\",\"contentUrl\":\"https:\\\/\\\/nordlinepaadid.ee\\\/wp-content\\\/uploads\\\/2023\\\/03\\\/5393_15.262.20.jpg\",\"width\":486,\"height\":503},{\"@type\":\"BreadcrumbList\",\"@id\":\"https:\\\/\\\/nordlinepaadid.ee\\\/et\\\/pood\\\/ru-inflatable-boats-and-accessories\\\/ru-hand-pumps-foot-pumps-bailers\\\/kasipumba-15-262-20-paranduskomplekt\\\/#breadcrumb\",\"itemListElement\":[{\"@type\":\"ListItem\",\"position\":1,\"name\":\"Home\",\"item\":\"https:\\\/\\\/nordlinepaadid.ee\\\/et\\\/\"},{\"@type\":\"ListItem\",\"position\":2,\"name\":\"Pood\",\"item\":\"https:\\\/\\\/nordlinepaadid.ee\\\/et\\\/pood\\\/\"},{\"@type\":\"ListItem\",\"position\":3,\"name\":\"K\u00c4SIPUMBA 15.262.20 PARANDUSKOMPLEKT\"}]},{\"@type\":\"WebSite\",\"@id\":\"https:\\\/\\\/nordlinepaadid.ee\\\/et\\\/#website\",\"url\":\"https:\\\/\\\/nordlinepaadid.ee\\\/et\\\/\",\"name\":\"NORDLINE s\u00f5udepaadid ja mootorpaadid. Klaasfiiber materjalist.\",\"description\":\"\",\"publisher\":{\"@id\":\"https:\\\/\\\/nordlinepaadid.ee\\\/et\\\/#organization\"},\"potentialAction\":[{\"@type\":\"SearchAction\",\"target\":{\"@type\":\"EntryPoint\",\"urlTemplate\":\"https:\\\/\\\/nordlinepaadid.ee\\\/et\\\/?s={search_term_string}\"},\"query-input\":{\"@type\":\"PropertyValueSpecification\",\"valueRequired\":true,\"valueName\":\"search_term_string\"}}],\"inLanguage\":\"et\"},{\"@type\":\"Organization\",\"@id\":\"https:\\\/\\\/nordlinepaadid.ee\\\/et\\\/#organization\",\"name\":\"Nordlineboats\",\"url\":\"https:\\\/\\\/nordlinepaadid.ee\\\/et\\\/\",\"logo\":{\"@type\":\"ImageObject\",\"inLanguage\":\"et\",\"@id\":\"https:\\\/\\\/nordlinepaadid.ee\\\/et\\\/#\\\/schema\\\/logo\\\/image\\\/\",\"url\":\"https:\\\/\\\/nordlinepaadid.ee\\\/wp-content\\\/uploads\\\/2023\\\/01\\\/fulllogo_transparent_nobuffer-e1672750475494.png\",\"contentUrl\":\"https:\\\/\\\/nordlinepaadid.ee\\\/wp-content\\\/uploads\\\/2023\\\/01\\\/fulllogo_transparent_nobuffer-e1672750475494.png\",\"width\":150,\"height\":119,\"caption\":\"Nordlineboats\"},\"image\":{\"@id\":\"https:\\\/\\\/nordlinepaadid.ee\\\/et\\\/#\\\/schema\\\/logo\\\/image\\\/\"},\"sameAs\":[\"https:\\\/\\\/www.facebook.com\\\/nordlineboats\",\"https:\\\/\\\/www.youtube.com\\\/channel\\\/UCbgF0fy02y3QkFnujaLTaCA\"]}]}<\/script>\n<!-- \/ Yoast SEO plugin. -->","yoast_head_json":{"title":"K\u00c4SIPUMBA 15.262.20 PARANDUSKOMPLEKT - NORDLINE s\u00f5udepaadid ja mootorpaadid. Klaasfiiber materjalist.","robots":{"index":"index","follow":"follow","max-snippet":"max-snippet:-1","max-image-preview":"max-image-preview:large","max-video-preview":"max-video-preview:-1"},"canonical":"https:\/\/nordlinepaadid.ee\/et\/pood\/ru-inflatable-boats-and-accessories\/ru-hand-pumps-foot-pumps-bailers\/kasipumba-15-262-20-paranduskomplekt\/","og_locale":"et_EE","og_type":"article","og_title":"K\u00c4SIPUMBA 15.262.20 PARANDUSKOMPLEKT - NORDLINE s\u00f5udepaadid ja mootorpaadid. Klaasfiiber materjalist.","og_description":"K\u00e4sipumba 15.262.20 paranduskomplekt.","og_url":"https:\/\/nordlinepaadid.ee\/et\/pood\/ru-inflatable-boats-and-accessories\/ru-hand-pumps-foot-pumps-bailers\/kasipumba-15-262-20-paranduskomplekt\/","og_site_name":"NORDLINE s\u00f5udepaadid ja mootorpaadid. Klaasfiiber materjalist.","article_publisher":"https:\/\/www.facebook.com\/nordlineboats","article_modified_time":"2026-04-14T13:00:14+00:00","og_image":[{"width":486,"height":503,"url":"https:\/\/nordlinepaadid.ee\/wp-content\/uploads\/2023\/03\/5393_15.262.20.jpg","type":"image\/jpeg"}],"twitter_card":"summary_large_image","schema":{"@context":"https:\/\/schema.org","@graph":[{"@type":"WebPage","@id":"https:\/\/nordlinepaadid.ee\/et\/pood\/ru-inflatable-boats-and-accessories\/ru-hand-pumps-foot-pumps-bailers\/kasipumba-15-262-20-paranduskomplekt\/","url":"https:\/\/nordlinepaadid.ee\/et\/pood\/ru-inflatable-boats-and-accessories\/ru-hand-pumps-foot-pumps-bailers\/kasipumba-15-262-20-paranduskomplekt\/","name":"K\u00c4SIPUMBA 15.262.20 PARANDUSKOMPLEKT - NORDLINE s\u00f5udepaadid ja mootorpaadid. Klaasfiiber materjalist.","isPartOf":{"@id":"https:\/\/nordlinepaadid.ee\/et\/#website"},"primaryImageOfPage":{"@id":"https:\/\/nordlinepaadid.ee\/et\/pood\/ru-inflatable-boats-and-accessories\/ru-hand-pumps-foot-pumps-bailers\/kasipumba-15-262-20-paranduskomplekt\/#primaryimage"},"image":{"@id":"https:\/\/nordlinepaadid.ee\/et\/pood\/ru-inflatable-boats-and-accessories\/ru-hand-pumps-foot-pumps-bailers\/kasipumba-15-262-20-paranduskomplekt\/#primaryimage"},"thumbnailUrl":"https:\/\/nordlinepaadid.ee\/wp-content\/uploads\/2023\/03\/5393_15.262.20.jpg","datePublished":"2026-04-14T00:12:46+00:00","dateModified":"2026-04-14T13:00:14+00:00","breadcrumb":{"@id":"https:\/\/nordlinepaadid.ee\/et\/pood\/ru-inflatable-boats-and-accessories\/ru-hand-pumps-foot-pumps-bailers\/kasipumba-15-262-20-paranduskomplekt\/#breadcrumb"},"inLanguage":"et","potentialAction":[{"@type":"ReadAction","target":["https:\/\/nordlinepaadid.ee\/et\/pood\/ru-inflatable-boats-and-accessories\/ru-hand-pumps-foot-pumps-bailers\/kasipumba-15-262-20-paranduskomplekt\/"]}]},{"@type":"ImageObject","inLanguage":"et","@id":"https:\/\/nordlinepaadid.ee\/et\/pood\/ru-inflatable-boats-and-accessories\/ru-hand-pumps-foot-pumps-bailers\/kasipumba-15-262-20-paranduskomplekt\/#primaryimage","url":"https:\/\/nordlinepaadid.ee\/wp-content\/uploads\/2023\/03\/5393_15.262.20.jpg","contentUrl":"https:\/\/nordlinepaadid.ee\/wp-content\/uploads\/2023\/03\/5393_15.262.20.jpg","width":486,"height":503},{"@type":"BreadcrumbList","@id":"https:\/\/nordlinepaadid.ee\/et\/pood\/ru-inflatable-boats-and-accessories\/ru-hand-pumps-foot-pumps-bailers\/kasipumba-15-262-20-paranduskomplekt\/#breadcrumb","itemListElement":[{"@type":"ListItem","position":1,"name":"Home","item":"https:\/\/nordlinepaadid.ee\/et\/"},{"@type":"ListItem","position":2,"name":"Pood","item":"https:\/\/nordlinepaadid.ee\/et\/pood\/"},{"@type":"ListItem","position":3,"name":"K\u00c4SIPUMBA 15.262.20 PARANDUSKOMPLEKT"}]},{"@type":"WebSite","@id":"https:\/\/nordlinepaadid.ee\/et\/#website","url":"https:\/\/nordlinepaadid.ee\/et\/","name":"NORDLINE s\u00f5udepaadid ja mootorpaadid. Klaasfiiber materjalist.","description":"","publisher":{"@id":"https:\/\/nordlinepaadid.ee\/et\/#organization"},"potentialAction":[{"@type":"SearchAction","target":{"@type":"EntryPoint","urlTemplate":"https:\/\/nordlinepaadid.ee\/et\/?s={search_term_string}"},"query-input":{"@type":"PropertyValueSpecification","valueRequired":true,"valueName":"search_term_string"}}],"inLanguage":"et"},{"@type":"Organization","@id":"https:\/\/nordlinepaadid.ee\/et\/#organization","name":"Nordlineboats","url":"https:\/\/nordlinepaadid.ee\/et\/","logo":{"@type":"ImageObject","inLanguage":"et","@id":"https:\/\/nordlinepaadid.ee\/et\/#\/schema\/logo\/image\/","url":"https:\/\/nordlinepaadid.ee\/wp-content\/uploads\/2023\/01\/fulllogo_transparent_nobuffer-e1672750475494.png","contentUrl":"https:\/\/nordlinepaadid.ee\/wp-content\/uploads\/2023\/01\/fulllogo_transparent_nobuffer-e1672750475494.png","width":150,"height":119,"caption":"Nordlineboats"},"image":{"@id":"https:\/\/nordlinepaadid.ee\/et\/#\/schema\/logo\/image\/"},"sameAs":["https:\/\/www.facebook.com\/nordlineboats","https:\/\/www.youtube.com\/channel\/UCbgF0fy02y3QkFnujaLTaCA"]}]}},"taxonomy_info":{"product_cat":[{"value":316,"label":"K\u00e4si- ja jalgpumbad, Hauskarid"},{"value":269,"label":"PUMBAD JA SANITAARTARVIKUD"},{"value":865,"label":"\u0420\u0443\u0447\u043d\u044b\u0435 \u043f\u043e\u043c\u043f\u044b \u0438 \u043d\u0430\u0441\u043e\u0441\u044b"}],"pa_unit":[{"value":416,"label":"pcs"}]},"featured_image_src_large":["https:\/\/nordlinepaadid.ee\/wp-content\/uploads\/2023\/03\/5393_15.262.20.jpg",486,503,false],"author_info":[],"comment_info":"","_links":{"self":[{"href":"https:\/\/nordlinepaadid.ee\/et\/wp-json\/wp\/v2\/product\/23352","targetHints":{"allow":["GET"]}}],"collection":[{"href":"https:\/\/nordlinepaadid.ee\/et\/wp-json\/wp\/v2\/product"}],"about":[{"href":"https:\/\/nordlinepaadid.ee\/et\/wp-json\/wp\/v2\/types\/product"}],"wp:featuredmedia":[{"embeddable":true,"href":"https:\/\/nordlinepaadid.ee\/et\/wp-json\/wp\/v2\/media\/23353"}],"wp:attachment":[{"href":"https:\/\/nordlinepaadid.ee\/et\/wp-json\/wp\/v2\/media?parent=23352"}],"wp:term":[{"taxonomy":"product_brand","embeddable":true,"href":"https:\/\/nordlinepaadid.ee\/et\/wp-json\/wp\/v2\/product_brand?post=23352"},{"taxonomy":"product_cat","embeddable":true,"href":"https:\/\/nordlinepaadid.ee\/et\/wp-json\/wp\/v2\/product_cat?post=23352"},{"taxonomy":"product_tag","embeddable":true,"href":"https:\/\/nordlinepaadid.ee\/et\/wp-json\/wp\/v2\/product_tag?post=23352"}],"curies":[{"name":"wp","href":"https:\/\/api.w.org\/{rel}","templated":true}]}}