{"id":23446,"date":"2026-04-14T03:12:49","date_gmt":"2026-04-14T00:12:49","guid":{"rendered":"https:\/\/nordlinepaadid.ee\/pood\/air-heater-planar-9d-24-v\/"},"modified":"2026-04-14T18:04:31","modified_gmt":"2026-04-14T15:04:31","slug":"ohksoojendi-autoterm-planar-9d-12-24-v","status":"publish","type":"product","link":"https:\/\/nordlinepaadid.ee\/et\/pood\/heating-cooling-cooking\/air-heaters\/ohksoojendi-autoterm-planar-9d-12-24-v\/","title":{"rendered":"\u00d5HKSOOJENDI- AUTOTERM, PLANAR 9D, 12 -24 V"},"content":{"rendered":"<p>Planar 9D on k\u00f5ige uuem ja k\u00f5ige v\u00f5imsam \u00f5hksoojendi kogu Planar tooteseerias. Maksimaalse v\u00f5imsus: 8 kW. Suure j\u00f5udlusega k\u00fcttes\u00fcsteem, mis sobib paigaldamiseks vees\u00f5idukisse (kuni 48 jalga), veoautosse ja suvilasse. Planar 9D on sertifitseeritud ja testitud Euroopa sertifitseerimisb\u00fcroos UTAC ja vastab ECE 122 n\u00f5uetele. Planar k\u00fctteseadmete peamised eelised on stabiilne t\u00f6\u00f6 v\u00e4ga madalatel temperatuuridel, induktiivne (harjavaba) elektrimootor, mis on konstrueeritud katkematuks t\u00f6\u00f6ks 12 000 tunni jooksul, samuti v\u00e4ike k\u00fctusekulu ja m\u00f5istlik hind. Tehnilised omadused: k\u00fctusekulu, 0,42 &#8211; 1,00 l \/ h, nimiv\u00f5imsus: 180 W, k\u00fctus: diisel, nimipinge: 12 &#8211; 24 V, k\u00e4ivitamise \/ seiskamise re\u017eiim, kaugjuhtimispult. Seadme kogukaal: 18 kg, m\u00f5\u00f5tmed(pikkus \/ laius \/ k\u00f5rgus): 650 x 212 x 281 mm.<\/p>\n<p>&#13;<\/p>\n","protected":false},"excerpt":{"rendered":"<p>Planar 9D on k\u00f5ige uuem ja k\u00f5ige v\u00f5imsam \u00f5hksoojendi kogu Planar tooteseerias. Maksimaalse v\u00f5imsus: 8 kW. Suure j\u00f5udlusega k\u00fcttes\u00fcsteem, mis sobib paigaldamiseks vees\u00f5idukisse (kuni 48 jalga), veoautosse ja suvilasse. Planar 9D on sertifitseeritud ja testitud Euroopa sertifitseerimisb\u00fcroos UTAC ja vastab ECE 122 n\u00f5uetele. Planar k\u00fctteseadmete peamised eelised on stabiilne t\u00f6\u00f6 v\u00e4ga madalatel temperatuuridel, induktiivne (harjavaba)&#8230;<\/p>\n","protected":false},"featured_media":23447,"template":"","meta":{"_kad_blocks_custom_css":"","_kad_blocks_head_custom_js":"","_kad_blocks_body_custom_js":"","_kad_blocks_footer_custom_js":"","_kad_post_transparent":"","_kad_post_title":"","_kad_post_layout":"","_kad_post_sidebar_id":"","_kad_post_content_style":"","_kad_post_vertical_padding":"","_kad_post_feature":"","_kad_post_feature_position":"","_kad_post_header":false,"_kad_post_footer":false,"_kad_post_classname":""},"product_brand":[],"product_cat":[359,360],"product_tag":[],"class_list":{"0":"post-23446","1":"product","2":"type-product","3":"status-publish","4":"has-post-thumbnail","6":"product_cat-heating-cooling-cooking","7":"product_cat-air-heaters","8":"product_shipping_class-euroalusele-mahtuv-kaup","9":"pa_producer-autoterm","10":"pa_unit-pcs","11":"tm-no-options","13":"first","14":"onbackorder","15":"taxable","16":"shipping-taxable","17":"purchasable","18":"product-type-simple","19":"entry","20":"content-bg","21":"loop-entry"},"yoast_head":"<!-- This site is optimized with the Yoast SEO plugin v27.3 - https:\/\/yoast.com\/product\/yoast-seo-wordpress\/ -->\n<title>\u00d5HKSOOJENDI- AUTOTERM, PLANAR 9D, 12 -24 V - NORDLINE s\u00f5udepaadid ja mootorpaadid. Klaasfiiber materjalist.<\/title>\n<meta name=\"robots\" content=\"index, follow, max-snippet:-1, max-image-preview:large, max-video-preview:-1\" \/>\n<link rel=\"canonical\" href=\"https:\/\/nordlinepaadid.ee\/et\/pood\/heating-cooling-cooking\/air-heaters\/ohksoojendi-autoterm-planar-9d-12-24-v\/\" \/>\n<meta property=\"og:locale\" content=\"et_EE\" \/>\n<meta property=\"og:type\" content=\"article\" \/>\n<meta property=\"og:title\" content=\"\u00d5HKSOOJENDI- AUTOTERM, PLANAR 9D, 12 -24 V - NORDLINE s\u00f5udepaadid ja mootorpaadid. Klaasfiiber materjalist.\" \/>\n<meta property=\"og:description\" content=\"Planar 9D on k\u00f5ige uuem ja k\u00f5ige v\u00f5imsam \u00f5hksoojendi kogu Planar tooteseerias. Maksimaalse v\u00f5imsus: 8 kW. Suure j\u00f5udlusega k\u00fcttes\u00fcsteem, mis sobib paigaldamiseks vees\u00f5idukisse (kuni 48 jalga), veoautosse ja suvilasse. Planar 9D on sertifitseeritud ja testitud Euroopa sertifitseerimisb\u00fcroos UTAC ja vastab ECE 122 n\u00f5uetele. Planar k\u00fctteseadmete peamised eelised on stabiilne t\u00f6\u00f6 v\u00e4ga madalatel temperatuuridel, induktiivne (harjavaba)...\" \/>\n<meta property=\"og:url\" content=\"https:\/\/nordlinepaadid.ee\/et\/pood\/heating-cooling-cooking\/air-heaters\/ohksoojendi-autoterm-planar-9d-12-24-v\/\" \/>\n<meta property=\"og:site_name\" content=\"NORDLINE s\u00f5udepaadid ja mootorpaadid. Klaasfiiber materjalist.\" \/>\n<meta property=\"article:publisher\" content=\"https:\/\/www.facebook.com\/nordlineboats\" \/>\n<meta property=\"article:modified_time\" content=\"2026-04-14T15:04:31+00:00\" \/>\n<meta property=\"og:image\" content=\"https:\/\/nordlinepaadid.ee\/wp-content\/uploads\/2023\/03\/5468_PLANAR_9D.jpg\" \/>\n\t<meta property=\"og:image:width\" content=\"500\" \/>\n\t<meta property=\"og:image:height\" content=\"300\" \/>\n\t<meta property=\"og:image:type\" content=\"image\/jpeg\" \/>\n<meta name=\"twitter:card\" content=\"summary_large_image\" \/>\n<meta name=\"twitter:label1\" content=\"Est. reading time\" \/>\n\t<meta name=\"twitter:data1\" content=\"1 minut\" \/>\n<script type=\"application\/ld+json\" class=\"yoast-schema-graph\">{\"@context\":\"https:\\\/\\\/schema.org\",\"@graph\":[{\"@type\":\"WebPage\",\"@id\":\"https:\\\/\\\/nordlinepaadid.ee\\\/et\\\/pood\\\/heating-cooling-cooking\\\/air-heaters\\\/ohksoojendi-autoterm-planar-9d-12-24-v\\\/\",\"url\":\"https:\\\/\\\/nordlinepaadid.ee\\\/et\\\/pood\\\/heating-cooling-cooking\\\/air-heaters\\\/ohksoojendi-autoterm-planar-9d-12-24-v\\\/\",\"name\":\"\u00d5HKSOOJENDI- AUTOTERM, PLANAR 9D, 12 -24 V - NORDLINE s\u00f5udepaadid ja mootorpaadid. Klaasfiiber materjalist.\",\"isPartOf\":{\"@id\":\"https:\\\/\\\/nordlinepaadid.ee\\\/et\\\/#website\"},\"primaryImageOfPage\":{\"@id\":\"https:\\\/\\\/nordlinepaadid.ee\\\/et\\\/pood\\\/heating-cooling-cooking\\\/air-heaters\\\/ohksoojendi-autoterm-planar-9d-12-24-v\\\/#primaryimage\"},\"image\":{\"@id\":\"https:\\\/\\\/nordlinepaadid.ee\\\/et\\\/pood\\\/heating-cooling-cooking\\\/air-heaters\\\/ohksoojendi-autoterm-planar-9d-12-24-v\\\/#primaryimage\"},\"thumbnailUrl\":\"https:\\\/\\\/nordlinepaadid.ee\\\/wp-content\\\/uploads\\\/2023\\\/03\\\/5468_PLANAR_9D.jpg\",\"datePublished\":\"2026-04-14T00:12:49+00:00\",\"dateModified\":\"2026-04-14T15:04:31+00:00\",\"breadcrumb\":{\"@id\":\"https:\\\/\\\/nordlinepaadid.ee\\\/et\\\/pood\\\/heating-cooling-cooking\\\/air-heaters\\\/ohksoojendi-autoterm-planar-9d-12-24-v\\\/#breadcrumb\"},\"inLanguage\":\"et\",\"potentialAction\":[{\"@type\":\"ReadAction\",\"target\":[\"https:\\\/\\\/nordlinepaadid.ee\\\/et\\\/pood\\\/heating-cooling-cooking\\\/air-heaters\\\/ohksoojendi-autoterm-planar-9d-12-24-v\\\/\"]}]},{\"@type\":\"ImageObject\",\"inLanguage\":\"et\",\"@id\":\"https:\\\/\\\/nordlinepaadid.ee\\\/et\\\/pood\\\/heating-cooling-cooking\\\/air-heaters\\\/ohksoojendi-autoterm-planar-9d-12-24-v\\\/#primaryimage\",\"url\":\"https:\\\/\\\/nordlinepaadid.ee\\\/wp-content\\\/uploads\\\/2023\\\/03\\\/5468_PLANAR_9D.jpg\",\"contentUrl\":\"https:\\\/\\\/nordlinepaadid.ee\\\/wp-content\\\/uploads\\\/2023\\\/03\\\/5468_PLANAR_9D.jpg\",\"width\":500,\"height\":300},{\"@type\":\"BreadcrumbList\",\"@id\":\"https:\\\/\\\/nordlinepaadid.ee\\\/et\\\/pood\\\/heating-cooling-cooking\\\/air-heaters\\\/ohksoojendi-autoterm-planar-9d-12-24-v\\\/#breadcrumb\",\"itemListElement\":[{\"@type\":\"ListItem\",\"position\":1,\"name\":\"Home\",\"item\":\"https:\\\/\\\/nordlinepaadid.ee\\\/et\\\/\"},{\"@type\":\"ListItem\",\"position\":2,\"name\":\"Pood\",\"item\":\"https:\\\/\\\/nordlinepaadid.ee\\\/et\\\/pood\\\/\"},{\"@type\":\"ListItem\",\"position\":3,\"name\":\"\u00d5HKSOOJENDI- AUTOTERM, PLANAR 9D, 12 -24 V\"}]},{\"@type\":\"WebSite\",\"@id\":\"https:\\\/\\\/nordlinepaadid.ee\\\/et\\\/#website\",\"url\":\"https:\\\/\\\/nordlinepaadid.ee\\\/et\\\/\",\"name\":\"NORDLINE s\u00f5udepaadid ja mootorpaadid. Klaasfiiber materjalist.\",\"description\":\"\",\"publisher\":{\"@id\":\"https:\\\/\\\/nordlinepaadid.ee\\\/et\\\/#organization\"},\"potentialAction\":[{\"@type\":\"SearchAction\",\"target\":{\"@type\":\"EntryPoint\",\"urlTemplate\":\"https:\\\/\\\/nordlinepaadid.ee\\\/et\\\/?s={search_term_string}\"},\"query-input\":{\"@type\":\"PropertyValueSpecification\",\"valueRequired\":true,\"valueName\":\"search_term_string\"}}],\"inLanguage\":\"et\"},{\"@type\":\"Organization\",\"@id\":\"https:\\\/\\\/nordlinepaadid.ee\\\/et\\\/#organization\",\"name\":\"Nordlineboats\",\"url\":\"https:\\\/\\\/nordlinepaadid.ee\\\/et\\\/\",\"logo\":{\"@type\":\"ImageObject\",\"inLanguage\":\"et\",\"@id\":\"https:\\\/\\\/nordlinepaadid.ee\\\/et\\\/#\\\/schema\\\/logo\\\/image\\\/\",\"url\":\"https:\\\/\\\/nordlinepaadid.ee\\\/wp-content\\\/uploads\\\/2023\\\/01\\\/fulllogo_transparent_nobuffer-e1672750475494.png\",\"contentUrl\":\"https:\\\/\\\/nordlinepaadid.ee\\\/wp-content\\\/uploads\\\/2023\\\/01\\\/fulllogo_transparent_nobuffer-e1672750475494.png\",\"width\":150,\"height\":119,\"caption\":\"Nordlineboats\"},\"image\":{\"@id\":\"https:\\\/\\\/nordlinepaadid.ee\\\/et\\\/#\\\/schema\\\/logo\\\/image\\\/\"},\"sameAs\":[\"https:\\\/\\\/www.facebook.com\\\/nordlineboats\",\"https:\\\/\\\/www.youtube.com\\\/channel\\\/UCbgF0fy02y3QkFnujaLTaCA\"]}]}<\/script>\n<!-- \/ Yoast SEO plugin. -->","yoast_head_json":{"title":"\u00d5HKSOOJENDI- AUTOTERM, PLANAR 9D, 12 -24 V - NORDLINE s\u00f5udepaadid ja mootorpaadid. Klaasfiiber materjalist.","robots":{"index":"index","follow":"follow","max-snippet":"max-snippet:-1","max-image-preview":"max-image-preview:large","max-video-preview":"max-video-preview:-1"},"canonical":"https:\/\/nordlinepaadid.ee\/et\/pood\/heating-cooling-cooking\/air-heaters\/ohksoojendi-autoterm-planar-9d-12-24-v\/","og_locale":"et_EE","og_type":"article","og_title":"\u00d5HKSOOJENDI- AUTOTERM, PLANAR 9D, 12 -24 V - NORDLINE s\u00f5udepaadid ja mootorpaadid. Klaasfiiber materjalist.","og_description":"Planar 9D on k\u00f5ige uuem ja k\u00f5ige v\u00f5imsam \u00f5hksoojendi kogu Planar tooteseerias. Maksimaalse v\u00f5imsus: 8 kW. Suure j\u00f5udlusega k\u00fcttes\u00fcsteem, mis sobib paigaldamiseks vees\u00f5idukisse (kuni 48 jalga), veoautosse ja suvilasse. Planar 9D on sertifitseeritud ja testitud Euroopa sertifitseerimisb\u00fcroos UTAC ja vastab ECE 122 n\u00f5uetele. Planar k\u00fctteseadmete peamised eelised on stabiilne t\u00f6\u00f6 v\u00e4ga madalatel temperatuuridel, induktiivne (harjavaba)...","og_url":"https:\/\/nordlinepaadid.ee\/et\/pood\/heating-cooling-cooking\/air-heaters\/ohksoojendi-autoterm-planar-9d-12-24-v\/","og_site_name":"NORDLINE s\u00f5udepaadid ja mootorpaadid. Klaasfiiber materjalist.","article_publisher":"https:\/\/www.facebook.com\/nordlineboats","article_modified_time":"2026-04-14T15:04:31+00:00","og_image":[{"width":500,"height":300,"url":"https:\/\/nordlinepaadid.ee\/wp-content\/uploads\/2023\/03\/5468_PLANAR_9D.jpg","type":"image\/jpeg"}],"twitter_card":"summary_large_image","twitter_misc":{"Est. reading time":"1 minut"},"schema":{"@context":"https:\/\/schema.org","@graph":[{"@type":"WebPage","@id":"https:\/\/nordlinepaadid.ee\/et\/pood\/heating-cooling-cooking\/air-heaters\/ohksoojendi-autoterm-planar-9d-12-24-v\/","url":"https:\/\/nordlinepaadid.ee\/et\/pood\/heating-cooling-cooking\/air-heaters\/ohksoojendi-autoterm-planar-9d-12-24-v\/","name":"\u00d5HKSOOJENDI- AUTOTERM, PLANAR 9D, 12 -24 V - NORDLINE s\u00f5udepaadid ja mootorpaadid. Klaasfiiber materjalist.","isPartOf":{"@id":"https:\/\/nordlinepaadid.ee\/et\/#website"},"primaryImageOfPage":{"@id":"https:\/\/nordlinepaadid.ee\/et\/pood\/heating-cooling-cooking\/air-heaters\/ohksoojendi-autoterm-planar-9d-12-24-v\/#primaryimage"},"image":{"@id":"https:\/\/nordlinepaadid.ee\/et\/pood\/heating-cooling-cooking\/air-heaters\/ohksoojendi-autoterm-planar-9d-12-24-v\/#primaryimage"},"thumbnailUrl":"https:\/\/nordlinepaadid.ee\/wp-content\/uploads\/2023\/03\/5468_PLANAR_9D.jpg","datePublished":"2026-04-14T00:12:49+00:00","dateModified":"2026-04-14T15:04:31+00:00","breadcrumb":{"@id":"https:\/\/nordlinepaadid.ee\/et\/pood\/heating-cooling-cooking\/air-heaters\/ohksoojendi-autoterm-planar-9d-12-24-v\/#breadcrumb"},"inLanguage":"et","potentialAction":[{"@type":"ReadAction","target":["https:\/\/nordlinepaadid.ee\/et\/pood\/heating-cooling-cooking\/air-heaters\/ohksoojendi-autoterm-planar-9d-12-24-v\/"]}]},{"@type":"ImageObject","inLanguage":"et","@id":"https:\/\/nordlinepaadid.ee\/et\/pood\/heating-cooling-cooking\/air-heaters\/ohksoojendi-autoterm-planar-9d-12-24-v\/#primaryimage","url":"https:\/\/nordlinepaadid.ee\/wp-content\/uploads\/2023\/03\/5468_PLANAR_9D.jpg","contentUrl":"https:\/\/nordlinepaadid.ee\/wp-content\/uploads\/2023\/03\/5468_PLANAR_9D.jpg","width":500,"height":300},{"@type":"BreadcrumbList","@id":"https:\/\/nordlinepaadid.ee\/et\/pood\/heating-cooling-cooking\/air-heaters\/ohksoojendi-autoterm-planar-9d-12-24-v\/#breadcrumb","itemListElement":[{"@type":"ListItem","position":1,"name":"Home","item":"https:\/\/nordlinepaadid.ee\/et\/"},{"@type":"ListItem","position":2,"name":"Pood","item":"https:\/\/nordlinepaadid.ee\/et\/pood\/"},{"@type":"ListItem","position":3,"name":"\u00d5HKSOOJENDI- AUTOTERM, PLANAR 9D, 12 -24 V"}]},{"@type":"WebSite","@id":"https:\/\/nordlinepaadid.ee\/et\/#website","url":"https:\/\/nordlinepaadid.ee\/et\/","name":"NORDLINE s\u00f5udepaadid ja mootorpaadid. Klaasfiiber materjalist.","description":"","publisher":{"@id":"https:\/\/nordlinepaadid.ee\/et\/#organization"},"potentialAction":[{"@type":"SearchAction","target":{"@type":"EntryPoint","urlTemplate":"https:\/\/nordlinepaadid.ee\/et\/?s={search_term_string}"},"query-input":{"@type":"PropertyValueSpecification","valueRequired":true,"valueName":"search_term_string"}}],"inLanguage":"et"},{"@type":"Organization","@id":"https:\/\/nordlinepaadid.ee\/et\/#organization","name":"Nordlineboats","url":"https:\/\/nordlinepaadid.ee\/et\/","logo":{"@type":"ImageObject","inLanguage":"et","@id":"https:\/\/nordlinepaadid.ee\/et\/#\/schema\/logo\/image\/","url":"https:\/\/nordlinepaadid.ee\/wp-content\/uploads\/2023\/01\/fulllogo_transparent_nobuffer-e1672750475494.png","contentUrl":"https:\/\/nordlinepaadid.ee\/wp-content\/uploads\/2023\/01\/fulllogo_transparent_nobuffer-e1672750475494.png","width":150,"height":119,"caption":"Nordlineboats"},"image":{"@id":"https:\/\/nordlinepaadid.ee\/et\/#\/schema\/logo\/image\/"},"sameAs":["https:\/\/www.facebook.com\/nordlineboats","https:\/\/www.youtube.com\/channel\/UCbgF0fy02y3QkFnujaLTaCA"]}]}},"taxonomy_info":{"product_cat":[{"value":359,"label":"K\u00dcTTESEADMED, JAHUTUSSEADMED"},{"value":360,"label":"K\u00fcttes\u00fcsteemid"}],"pa_producer":[{"value":540,"label":"Autoterm"}],"pa_unit":[{"value":416,"label":"pcs"}]},"featured_image_src_large":["https:\/\/nordlinepaadid.ee\/wp-content\/uploads\/2023\/03\/5468_PLANAR_9D.jpg",500,300,false],"author_info":[],"comment_info":"","_links":{"self":[{"href":"https:\/\/nordlinepaadid.ee\/et\/wp-json\/wp\/v2\/product\/23446","targetHints":{"allow":["GET"]}}],"collection":[{"href":"https:\/\/nordlinepaadid.ee\/et\/wp-json\/wp\/v2\/product"}],"about":[{"href":"https:\/\/nordlinepaadid.ee\/et\/wp-json\/wp\/v2\/types\/product"}],"wp:featuredmedia":[{"embeddable":true,"href":"https:\/\/nordlinepaadid.ee\/et\/wp-json\/wp\/v2\/media\/23447"}],"wp:attachment":[{"href":"https:\/\/nordlinepaadid.ee\/et\/wp-json\/wp\/v2\/media?parent=23446"}],"wp:term":[{"taxonomy":"product_brand","embeddable":true,"href":"https:\/\/nordlinepaadid.ee\/et\/wp-json\/wp\/v2\/product_brand?post=23446"},{"taxonomy":"product_cat","embeddable":true,"href":"https:\/\/nordlinepaadid.ee\/et\/wp-json\/wp\/v2\/product_cat?post=23446"},{"taxonomy":"product_tag","embeddable":true,"href":"https:\/\/nordlinepaadid.ee\/et\/wp-json\/wp\/v2\/product_tag?post=23446"}],"curies":[{"name":"wp","href":"https:\/\/api.w.org\/{rel}","templated":true}]}}