{"id":23461,"date":"2026-04-14T03:12:51","date_gmt":"2026-04-14T00:12:51","guid":{"rendered":"https:\/\/nordlinepaadid.ee\/pood\/solar-panel-activesol-light-150-w\/"},"modified":"2026-04-14T22:04:34","modified_gmt":"2026-04-14T19:04:34","slug":"paikesepaneel-activesol-light-150-w","status":"publish","type":"product","link":"https:\/\/nordlinepaadid.ee\/et\/pood\/ru-electrical-equipments\/solar-panels-ru\/paikesepaneel-activesol-light-150-w\/","title":{"rendered":"P\u00c4IKESEPANEEL- ACTIVESOL LIGHT, 150 W"},"content":{"rendered":"<p>P\u00e4ikesepaneelilt toodetud energiat saab kasutada peaaegu k\u00f5igeks, n\u00e4iteks telefoni, arvuti v\u00f5i navigatsiooniseadme j\u00f5udluse tagamiseks. Fotogalvaanilist paneeli saab kasutada ka t\u00e4iendava energiaallikana, mille v\u00f5imsus on suurem kui 5 A. Activesol Light fotogalvaaniliste paneelide perekonda iseloomustab erakordne j\u00f5udlus ja v\u00e4ike kaal. 150 Wp paneel annab energiat keskmiselt 644 Wh p\u00e4evas. See energiakogus on piisav, et tagada nelja 7 W lambipirni t\u00f6\u00f6 \u00f6\u00f6p\u00e4eva v\u00e4ltel. V\u00f5i siis n\u00e4iteks televiisori vaatamiseks ligi 7 tundi. Paneeli genereeritud energiat saab kasutada ka k\u00fclmkapi v\u00f5i k\u00fclmutusseadme toiteks 5,5 tunni jooksul. Paneel on vastupidav ja talub t\u00e4ies osas survet kuni 100 kg. T\u00e4nu oma paindlikkusele saab Activesol Light paneeli paigaldada ka kergelt kumeratele pindadele. Paneeli esteetiline disain muudab Activesoli atraktiivseks seadmeks. Activesol p\u00e4ikesepaneel on reisis\u00f5bralik, energiat\u00f5hus ja veekindel kaaslane. M\u00f5\u00f5dud: 708 x 1555 mm, Paneeli paksus: 2 mm, Kaal: 2,45 kg.<\/p>\n<p>&#13;<\/p>\n","protected":false},"excerpt":{"rendered":"<p>P\u00e4ikesepaneelilt toodetud energiat saab kasutada peaaegu k\u00f5igeks, n\u00e4iteks telefoni, arvuti v\u00f5i navigatsiooniseadme j\u00f5udluse tagamiseks. Fotogalvaanilist paneeli saab kasutada ka t\u00e4iendava energiaallikana, mille v\u00f5imsus on suurem kui 5 A. Activesol Light fotogalvaaniliste paneelide perekonda iseloomustab erakordne j\u00f5udlus ja v\u00e4ike kaal. 150 Wp paneel annab energiat keskmiselt 644 Wh p\u00e4evas. See energiakogus on piisav, et tagada nelja&#8230;<\/p>\n","protected":false},"featured_media":23462,"template":"","meta":{"_kad_blocks_custom_css":"","_kad_blocks_head_custom_js":"","_kad_blocks_body_custom_js":"","_kad_blocks_footer_custom_js":"","_kad_post_transparent":"","_kad_post_title":"","_kad_post_layout":"","_kad_post_sidebar_id":"","_kad_post_content_style":"","_kad_post_vertical_padding":"","_kad_post_feature":"","_kad_post_feature_position":"","_kad_post_header":false,"_kad_post_footer":false,"_kad_post_classname":""},"product_brand":[],"product_cat":[239,374,923],"product_tag":[],"class_list":{"0":"post-23461","1":"product","2":"type-product","3":"status-publish","4":"has-post-thumbnail","6":"product_cat-electrical-equipments","7":"product_cat-paikesepaneelid","8":"product_cat-solar-panels-ru","9":"product_shipping_class-euroalusele-mahtuv-kaup","10":"pa_producer-activesol","11":"pa_unit-pcs","12":"tm-no-options","14":"first","15":"onbackorder","16":"sale","17":"taxable","18":"shipping-taxable","19":"purchasable","20":"product-type-simple","21":"entry","22":"content-bg","23":"loop-entry"},"yoast_head":"<!-- This site is optimized with the Yoast SEO plugin v27.3 - https:\/\/yoast.com\/product\/yoast-seo-wordpress\/ -->\n<title>P\u00c4IKESEPANEEL- ACTIVESOL LIGHT, 150 W - NORDLINE s\u00f5udepaadid ja mootorpaadid. Klaasfiiber materjalist.<\/title>\n<meta name=\"robots\" content=\"index, follow, max-snippet:-1, max-image-preview:large, max-video-preview:-1\" \/>\n<link rel=\"canonical\" href=\"https:\/\/nordlinepaadid.ee\/et\/pood\/ru-electrical-equipments\/solar-panels-ru\/paikesepaneel-activesol-light-150-w\/\" \/>\n<meta property=\"og:locale\" content=\"et_EE\" \/>\n<meta property=\"og:type\" content=\"article\" \/>\n<meta property=\"og:title\" content=\"P\u00c4IKESEPANEEL- ACTIVESOL LIGHT, 150 W - NORDLINE s\u00f5udepaadid ja mootorpaadid. Klaasfiiber materjalist.\" \/>\n<meta property=\"og:description\" content=\"P\u00e4ikesepaneelilt toodetud energiat saab kasutada peaaegu k\u00f5igeks, n\u00e4iteks telefoni, arvuti v\u00f5i navigatsiooniseadme j\u00f5udluse tagamiseks. Fotogalvaanilist paneeli saab kasutada ka t\u00e4iendava energiaallikana, mille v\u00f5imsus on suurem kui 5 A. Activesol Light fotogalvaaniliste paneelide perekonda iseloomustab erakordne j\u00f5udlus ja v\u00e4ike kaal. 150 Wp paneel annab energiat keskmiselt 644 Wh p\u00e4evas. See energiakogus on piisav, et tagada nelja...\" \/>\n<meta property=\"og:url\" content=\"https:\/\/nordlinepaadid.ee\/et\/pood\/ru-electrical-equipments\/solar-panels-ru\/paikesepaneel-activesol-light-150-w\/\" \/>\n<meta property=\"og:site_name\" content=\"NORDLINE s\u00f5udepaadid ja mootorpaadid. Klaasfiiber materjalist.\" \/>\n<meta property=\"article:publisher\" content=\"https:\/\/www.facebook.com\/nordlineboats\" \/>\n<meta property=\"article:modified_time\" content=\"2026-04-14T19:04:34+00:00\" \/>\n<meta property=\"og:image\" content=\"https:\/\/nordlinepaadid.ee\/wp-content\/uploads\/2023\/03\/5474_ActiveSol-Light-150-prosty.jpg\" \/>\n\t<meta property=\"og:image:width\" content=\"1000\" \/>\n\t<meta property=\"og:image:height\" content=\"1000\" \/>\n\t<meta property=\"og:image:type\" content=\"image\/jpeg\" \/>\n<meta name=\"twitter:card\" content=\"summary_large_image\" \/>\n<meta name=\"twitter:label1\" content=\"Est. reading time\" \/>\n\t<meta name=\"twitter:data1\" content=\"1 minut\" \/>\n<script type=\"application\/ld+json\" class=\"yoast-schema-graph\">{\"@context\":\"https:\\\/\\\/schema.org\",\"@graph\":[{\"@type\":\"WebPage\",\"@id\":\"https:\\\/\\\/nordlinepaadid.ee\\\/et\\\/pood\\\/ru-electrical-equipments\\\/solar-panels-ru\\\/paikesepaneel-activesol-light-150-w\\\/\",\"url\":\"https:\\\/\\\/nordlinepaadid.ee\\\/et\\\/pood\\\/ru-electrical-equipments\\\/solar-panels-ru\\\/paikesepaneel-activesol-light-150-w\\\/\",\"name\":\"P\u00c4IKESEPANEEL- ACTIVESOL LIGHT, 150 W - NORDLINE s\u00f5udepaadid ja mootorpaadid. Klaasfiiber materjalist.\",\"isPartOf\":{\"@id\":\"https:\\\/\\\/nordlinepaadid.ee\\\/et\\\/#website\"},\"primaryImageOfPage\":{\"@id\":\"https:\\\/\\\/nordlinepaadid.ee\\\/et\\\/pood\\\/ru-electrical-equipments\\\/solar-panels-ru\\\/paikesepaneel-activesol-light-150-w\\\/#primaryimage\"},\"image\":{\"@id\":\"https:\\\/\\\/nordlinepaadid.ee\\\/et\\\/pood\\\/ru-electrical-equipments\\\/solar-panels-ru\\\/paikesepaneel-activesol-light-150-w\\\/#primaryimage\"},\"thumbnailUrl\":\"https:\\\/\\\/nordlinepaadid.ee\\\/wp-content\\\/uploads\\\/2023\\\/03\\\/5474_ActiveSol-Light-150-prosty.jpg\",\"datePublished\":\"2026-04-14T00:12:51+00:00\",\"dateModified\":\"2026-04-14T19:04:34+00:00\",\"breadcrumb\":{\"@id\":\"https:\\\/\\\/nordlinepaadid.ee\\\/et\\\/pood\\\/ru-electrical-equipments\\\/solar-panels-ru\\\/paikesepaneel-activesol-light-150-w\\\/#breadcrumb\"},\"inLanguage\":\"et\",\"potentialAction\":[{\"@type\":\"ReadAction\",\"target\":[\"https:\\\/\\\/nordlinepaadid.ee\\\/et\\\/pood\\\/ru-electrical-equipments\\\/solar-panels-ru\\\/paikesepaneel-activesol-light-150-w\\\/\"]}]},{\"@type\":\"ImageObject\",\"inLanguage\":\"et\",\"@id\":\"https:\\\/\\\/nordlinepaadid.ee\\\/et\\\/pood\\\/ru-electrical-equipments\\\/solar-panels-ru\\\/paikesepaneel-activesol-light-150-w\\\/#primaryimage\",\"url\":\"https:\\\/\\\/nordlinepaadid.ee\\\/wp-content\\\/uploads\\\/2023\\\/03\\\/5474_ActiveSol-Light-150-prosty.jpg\",\"contentUrl\":\"https:\\\/\\\/nordlinepaadid.ee\\\/wp-content\\\/uploads\\\/2023\\\/03\\\/5474_ActiveSol-Light-150-prosty.jpg\",\"width\":1000,\"height\":1000},{\"@type\":\"BreadcrumbList\",\"@id\":\"https:\\\/\\\/nordlinepaadid.ee\\\/et\\\/pood\\\/ru-electrical-equipments\\\/solar-panels-ru\\\/paikesepaneel-activesol-light-150-w\\\/#breadcrumb\",\"itemListElement\":[{\"@type\":\"ListItem\",\"position\":1,\"name\":\"Home\",\"item\":\"https:\\\/\\\/nordlinepaadid.ee\\\/et\\\/\"},{\"@type\":\"ListItem\",\"position\":2,\"name\":\"Pood\",\"item\":\"https:\\\/\\\/nordlinepaadid.ee\\\/et\\\/pood\\\/\"},{\"@type\":\"ListItem\",\"position\":3,\"name\":\"P\u00c4IKESEPANEEL- ACTIVESOL LIGHT, 150 W\"}]},{\"@type\":\"WebSite\",\"@id\":\"https:\\\/\\\/nordlinepaadid.ee\\\/et\\\/#website\",\"url\":\"https:\\\/\\\/nordlinepaadid.ee\\\/et\\\/\",\"name\":\"NORDLINE s\u00f5udepaadid ja mootorpaadid. Klaasfiiber materjalist.\",\"description\":\"\",\"publisher\":{\"@id\":\"https:\\\/\\\/nordlinepaadid.ee\\\/et\\\/#organization\"},\"potentialAction\":[{\"@type\":\"SearchAction\",\"target\":{\"@type\":\"EntryPoint\",\"urlTemplate\":\"https:\\\/\\\/nordlinepaadid.ee\\\/et\\\/?s={search_term_string}\"},\"query-input\":{\"@type\":\"PropertyValueSpecification\",\"valueRequired\":true,\"valueName\":\"search_term_string\"}}],\"inLanguage\":\"et\"},{\"@type\":\"Organization\",\"@id\":\"https:\\\/\\\/nordlinepaadid.ee\\\/et\\\/#organization\",\"name\":\"Nordlineboats\",\"url\":\"https:\\\/\\\/nordlinepaadid.ee\\\/et\\\/\",\"logo\":{\"@type\":\"ImageObject\",\"inLanguage\":\"et\",\"@id\":\"https:\\\/\\\/nordlinepaadid.ee\\\/et\\\/#\\\/schema\\\/logo\\\/image\\\/\",\"url\":\"https:\\\/\\\/nordlinepaadid.ee\\\/wp-content\\\/uploads\\\/2023\\\/01\\\/fulllogo_transparent_nobuffer-e1672750475494.png\",\"contentUrl\":\"https:\\\/\\\/nordlinepaadid.ee\\\/wp-content\\\/uploads\\\/2023\\\/01\\\/fulllogo_transparent_nobuffer-e1672750475494.png\",\"width\":150,\"height\":119,\"caption\":\"Nordlineboats\"},\"image\":{\"@id\":\"https:\\\/\\\/nordlinepaadid.ee\\\/et\\\/#\\\/schema\\\/logo\\\/image\\\/\"},\"sameAs\":[\"https:\\\/\\\/www.facebook.com\\\/nordlineboats\",\"https:\\\/\\\/www.youtube.com\\\/channel\\\/UCbgF0fy02y3QkFnujaLTaCA\"]}]}<\/script>\n<!-- \/ Yoast SEO plugin. -->","yoast_head_json":{"title":"P\u00c4IKESEPANEEL- ACTIVESOL LIGHT, 150 W - NORDLINE s\u00f5udepaadid ja mootorpaadid. Klaasfiiber materjalist.","robots":{"index":"index","follow":"follow","max-snippet":"max-snippet:-1","max-image-preview":"max-image-preview:large","max-video-preview":"max-video-preview:-1"},"canonical":"https:\/\/nordlinepaadid.ee\/et\/pood\/ru-electrical-equipments\/solar-panels-ru\/paikesepaneel-activesol-light-150-w\/","og_locale":"et_EE","og_type":"article","og_title":"P\u00c4IKESEPANEEL- ACTIVESOL LIGHT, 150 W - NORDLINE s\u00f5udepaadid ja mootorpaadid. Klaasfiiber materjalist.","og_description":"P\u00e4ikesepaneelilt toodetud energiat saab kasutada peaaegu k\u00f5igeks, n\u00e4iteks telefoni, arvuti v\u00f5i navigatsiooniseadme j\u00f5udluse tagamiseks. Fotogalvaanilist paneeli saab kasutada ka t\u00e4iendava energiaallikana, mille v\u00f5imsus on suurem kui 5 A. Activesol Light fotogalvaaniliste paneelide perekonda iseloomustab erakordne j\u00f5udlus ja v\u00e4ike kaal. 150 Wp paneel annab energiat keskmiselt 644 Wh p\u00e4evas. See energiakogus on piisav, et tagada nelja...","og_url":"https:\/\/nordlinepaadid.ee\/et\/pood\/ru-electrical-equipments\/solar-panels-ru\/paikesepaneel-activesol-light-150-w\/","og_site_name":"NORDLINE s\u00f5udepaadid ja mootorpaadid. Klaasfiiber materjalist.","article_publisher":"https:\/\/www.facebook.com\/nordlineboats","article_modified_time":"2026-04-14T19:04:34+00:00","og_image":[{"width":1000,"height":1000,"url":"https:\/\/nordlinepaadid.ee\/wp-content\/uploads\/2023\/03\/5474_ActiveSol-Light-150-prosty.jpg","type":"image\/jpeg"}],"twitter_card":"summary_large_image","twitter_misc":{"Est. reading time":"1 minut"},"schema":{"@context":"https:\/\/schema.org","@graph":[{"@type":"WebPage","@id":"https:\/\/nordlinepaadid.ee\/et\/pood\/ru-electrical-equipments\/solar-panels-ru\/paikesepaneel-activesol-light-150-w\/","url":"https:\/\/nordlinepaadid.ee\/et\/pood\/ru-electrical-equipments\/solar-panels-ru\/paikesepaneel-activesol-light-150-w\/","name":"P\u00c4IKESEPANEEL- ACTIVESOL LIGHT, 150 W - NORDLINE s\u00f5udepaadid ja mootorpaadid. Klaasfiiber materjalist.","isPartOf":{"@id":"https:\/\/nordlinepaadid.ee\/et\/#website"},"primaryImageOfPage":{"@id":"https:\/\/nordlinepaadid.ee\/et\/pood\/ru-electrical-equipments\/solar-panels-ru\/paikesepaneel-activesol-light-150-w\/#primaryimage"},"image":{"@id":"https:\/\/nordlinepaadid.ee\/et\/pood\/ru-electrical-equipments\/solar-panels-ru\/paikesepaneel-activesol-light-150-w\/#primaryimage"},"thumbnailUrl":"https:\/\/nordlinepaadid.ee\/wp-content\/uploads\/2023\/03\/5474_ActiveSol-Light-150-prosty.jpg","datePublished":"2026-04-14T00:12:51+00:00","dateModified":"2026-04-14T19:04:34+00:00","breadcrumb":{"@id":"https:\/\/nordlinepaadid.ee\/et\/pood\/ru-electrical-equipments\/solar-panels-ru\/paikesepaneel-activesol-light-150-w\/#breadcrumb"},"inLanguage":"et","potentialAction":[{"@type":"ReadAction","target":["https:\/\/nordlinepaadid.ee\/et\/pood\/ru-electrical-equipments\/solar-panels-ru\/paikesepaneel-activesol-light-150-w\/"]}]},{"@type":"ImageObject","inLanguage":"et","@id":"https:\/\/nordlinepaadid.ee\/et\/pood\/ru-electrical-equipments\/solar-panels-ru\/paikesepaneel-activesol-light-150-w\/#primaryimage","url":"https:\/\/nordlinepaadid.ee\/wp-content\/uploads\/2023\/03\/5474_ActiveSol-Light-150-prosty.jpg","contentUrl":"https:\/\/nordlinepaadid.ee\/wp-content\/uploads\/2023\/03\/5474_ActiveSol-Light-150-prosty.jpg","width":1000,"height":1000},{"@type":"BreadcrumbList","@id":"https:\/\/nordlinepaadid.ee\/et\/pood\/ru-electrical-equipments\/solar-panels-ru\/paikesepaneel-activesol-light-150-w\/#breadcrumb","itemListElement":[{"@type":"ListItem","position":1,"name":"Home","item":"https:\/\/nordlinepaadid.ee\/et\/"},{"@type":"ListItem","position":2,"name":"Pood","item":"https:\/\/nordlinepaadid.ee\/et\/pood\/"},{"@type":"ListItem","position":3,"name":"P\u00c4IKESEPANEEL- ACTIVESOL LIGHT, 150 W"}]},{"@type":"WebSite","@id":"https:\/\/nordlinepaadid.ee\/et\/#website","url":"https:\/\/nordlinepaadid.ee\/et\/","name":"NORDLINE s\u00f5udepaadid ja mootorpaadid. Klaasfiiber materjalist.","description":"","publisher":{"@id":"https:\/\/nordlinepaadid.ee\/et\/#organization"},"potentialAction":[{"@type":"SearchAction","target":{"@type":"EntryPoint","urlTemplate":"https:\/\/nordlinepaadid.ee\/et\/?s={search_term_string}"},"query-input":{"@type":"PropertyValueSpecification","valueRequired":true,"valueName":"search_term_string"}}],"inLanguage":"et"},{"@type":"Organization","@id":"https:\/\/nordlinepaadid.ee\/et\/#organization","name":"Nordlineboats","url":"https:\/\/nordlinepaadid.ee\/et\/","logo":{"@type":"ImageObject","inLanguage":"et","@id":"https:\/\/nordlinepaadid.ee\/et\/#\/schema\/logo\/image\/","url":"https:\/\/nordlinepaadid.ee\/wp-content\/uploads\/2023\/01\/fulllogo_transparent_nobuffer-e1672750475494.png","contentUrl":"https:\/\/nordlinepaadid.ee\/wp-content\/uploads\/2023\/01\/fulllogo_transparent_nobuffer-e1672750475494.png","width":150,"height":119,"caption":"Nordlineboats"},"image":{"@id":"https:\/\/nordlinepaadid.ee\/et\/#\/schema\/logo\/image\/"},"sameAs":["https:\/\/www.facebook.com\/nordlineboats","https:\/\/www.youtube.com\/channel\/UCbgF0fy02y3QkFnujaLTaCA"]}]}},"taxonomy_info":{"product_cat":[{"value":239,"label":"ELEKTRITARVIKUD"},{"value":374,"label":"P\u00e4ikesepaneelid, Tuulegeneraatorid"},{"value":923,"label":"\u0421\u043e\u043b\u043d\u0435\u0447\u043d\u044b\u0435 \u043f\u0430\u043d\u0435\u043b\u0438, \u0412\u0435\u0442\u0440\u043e\u0433\u0435\u043d\u0435\u0440\u0430\u0442\u043e\u0440\u044b"}],"pa_producer":[{"value":566,"label":"ActiveSol"}],"pa_unit":[{"value":416,"label":"pcs"}]},"featured_image_src_large":["https:\/\/nordlinepaadid.ee\/wp-content\/uploads\/2023\/03\/5474_ActiveSol-Light-150-prosty.jpg",1000,1000,false],"author_info":[],"comment_info":"","_links":{"self":[{"href":"https:\/\/nordlinepaadid.ee\/et\/wp-json\/wp\/v2\/product\/23461","targetHints":{"allow":["GET"]}}],"collection":[{"href":"https:\/\/nordlinepaadid.ee\/et\/wp-json\/wp\/v2\/product"}],"about":[{"href":"https:\/\/nordlinepaadid.ee\/et\/wp-json\/wp\/v2\/types\/product"}],"wp:featuredmedia":[{"embeddable":true,"href":"https:\/\/nordlinepaadid.ee\/et\/wp-json\/wp\/v2\/media\/23462"}],"wp:attachment":[{"href":"https:\/\/nordlinepaadid.ee\/et\/wp-json\/wp\/v2\/media?parent=23461"}],"wp:term":[{"taxonomy":"product_brand","embeddable":true,"href":"https:\/\/nordlinepaadid.ee\/et\/wp-json\/wp\/v2\/product_brand?post=23461"},{"taxonomy":"product_cat","embeddable":true,"href":"https:\/\/nordlinepaadid.ee\/et\/wp-json\/wp\/v2\/product_cat?post=23461"},{"taxonomy":"product_tag","embeddable":true,"href":"https:\/\/nordlinepaadid.ee\/et\/wp-json\/wp\/v2\/product_tag?post=23461"}],"curies":[{"name":"wp","href":"https:\/\/api.w.org\/{rel}","templated":true}]}}