{"id":23476,"date":"2026-04-14T03:12:53","date_gmt":"2026-04-14T00:12:53","guid":{"rendered":"https:\/\/nordlinepaadid.ee\/pood\/victron-energy-bluesolar-mppt-charge-controller-12-24-v-15-a\/"},"modified":"2026-04-14T22:04:58","modified_gmt":"2026-04-14T19:04:58","slug":"victron-energy-bluesolar-mppt-laadimiskontroller-12-24-v-15-a","status":"publish","type":"product","link":"https:\/\/nordlinepaadid.ee\/et\/pood\/ru-electrical-equipments\/solar-panels-ru\/victron-energy-bluesolar-mppt-laadimiskontroller-12-24-v-15-a\/","title":{"rendered":"VICTRON ENERGY BLUESOLAR MPPT LAADIMISKONTROLLER 12\/24 V, 15 A"},"content":{"rendered":"<p>Victron Blue Solar Charge Controller 75\/15 toetab PV-sisendit, mille maksimaalne vooluahela pinge on 75 V ja maksimaalne v\u00e4ljundv\u00f5imsus on 15 A. Seade t\u00f6\u00f6tab 12 V ja 24 V akudel. Pinge ja voolu pideva j\u00e4lgimise abil tagab MPPT tehnoloogia, et paneelidest tulnud energia saaks v\u00f5imalikult efektiivselt \u00e4ra kasutatud. See tuleb k\u00f5ige rohkem esile siis, kui taevas on osaliselt pilves ja valguse intensiivsus muutub pidevalt. Sobib kasutamiseks paneelidega kuni 12 V 220 W ja 24 V 440 W. M\u00f5\u00f5tmed: 100 x 113 x 40 mm, Kaal: 500 grammi.<\/p>\n","protected":false},"excerpt":{"rendered":"<p>Victron Blue Solar Charge Controller 75\/15 toetab PV-sisendit, mille maksimaalne vooluahela pinge on 75 V ja maksimaalne v\u00e4ljundv\u00f5imsus on 15 A. Seade t\u00f6\u00f6tab 12 V ja 24 V akudel. Pinge ja voolu pideva j\u00e4lgimise abil tagab MPPT tehnoloogia, et paneelidest tulnud energia saaks v\u00f5imalikult efektiivselt \u00e4ra kasutatud. See tuleb k\u00f5ige rohkem esile siis, kui taevas&#8230;<\/p>\n","protected":false},"featured_media":23477,"template":"","meta":{"_kad_blocks_custom_css":"","_kad_blocks_head_custom_js":"","_kad_blocks_body_custom_js":"","_kad_blocks_footer_custom_js":"","_kad_post_transparent":"","_kad_post_title":"","_kad_post_layout":"","_kad_post_sidebar_id":"","_kad_post_content_style":"","_kad_post_vertical_padding":"","_kad_post_feature":"","_kad_post_feature_position":"","_kad_post_header":false,"_kad_post_footer":false,"_kad_post_classname":""},"product_brand":[],"product_cat":[239,374,923],"product_tag":[],"class_list":{"0":"post-23476","1":"product","2":"type-product","3":"status-publish","4":"has-post-thumbnail","6":"product_cat-electrical-equipments","7":"product_cat-paikesepaneelid","8":"product_cat-solar-panels-ru","9":"product_shipping_class-euroalusele-mahtuv-kaup","10":"pa_producer-activesol","11":"pa_unit-pcs","12":"tm-no-options","14":"first","15":"onbackorder","16":"taxable","17":"shipping-taxable","18":"purchasable","19":"product-type-simple","20":"entry","21":"content-bg","22":"loop-entry"},"yoast_head":"<!-- This site is optimized with the Yoast SEO plugin v27.3 - https:\/\/yoast.com\/product\/yoast-seo-wordpress\/ -->\n<title>VICTRON ENERGY BLUESOLAR MPPT LAADIMISKONTROLLER 12\/24 V, 15 A - NORDLINE s\u00f5udepaadid ja mootorpaadid. Klaasfiiber materjalist.<\/title>\n<meta name=\"robots\" content=\"index, follow, max-snippet:-1, max-image-preview:large, max-video-preview:-1\" \/>\n<link rel=\"canonical\" href=\"https:\/\/nordlinepaadid.ee\/et\/pood\/ru-electrical-equipments\/solar-panels-ru\/victron-energy-bluesolar-mppt-laadimiskontroller-12-24-v-15-a\/\" \/>\n<meta property=\"og:locale\" content=\"et_EE\" \/>\n<meta property=\"og:type\" content=\"article\" \/>\n<meta property=\"og:title\" content=\"VICTRON ENERGY BLUESOLAR MPPT LAADIMISKONTROLLER 12\/24 V, 15 A - NORDLINE s\u00f5udepaadid ja mootorpaadid. Klaasfiiber materjalist.\" \/>\n<meta property=\"og:description\" content=\"Victron Blue Solar Charge Controller 75\/15 toetab PV-sisendit, mille maksimaalne vooluahela pinge on 75 V ja maksimaalne v\u00e4ljundv\u00f5imsus on 15 A. Seade t\u00f6\u00f6tab 12 V ja 24 V akudel. Pinge ja voolu pideva j\u00e4lgimise abil tagab MPPT tehnoloogia, et paneelidest tulnud energia saaks v\u00f5imalikult efektiivselt \u00e4ra kasutatud. See tuleb k\u00f5ige rohkem esile siis, kui taevas...\" \/>\n<meta property=\"og:url\" content=\"https:\/\/nordlinepaadid.ee\/et\/pood\/ru-electrical-equipments\/solar-panels-ru\/victron-energy-bluesolar-mppt-laadimiskontroller-12-24-v-15-a\/\" \/>\n<meta property=\"og:site_name\" content=\"NORDLINE s\u00f5udepaadid ja mootorpaadid. Klaasfiiber materjalist.\" \/>\n<meta property=\"article:publisher\" content=\"https:\/\/www.facebook.com\/nordlineboats\" \/>\n<meta property=\"article:modified_time\" content=\"2026-04-14T19:04:58+00:00\" \/>\n<meta property=\"og:image\" content=\"https:\/\/nordlinepaadid.ee\/wp-content\/uploads\/2023\/03\/5480_Victron_BlueSolar_MPPT.jpg\" \/>\n\t<meta property=\"og:image:width\" content=\"550\" \/>\n\t<meta property=\"og:image:height\" content=\"489\" \/>\n\t<meta property=\"og:image:type\" content=\"image\/jpeg\" \/>\n<meta name=\"twitter:card\" content=\"summary_large_image\" \/>\n<script type=\"application\/ld+json\" class=\"yoast-schema-graph\">{\"@context\":\"https:\\\/\\\/schema.org\",\"@graph\":[{\"@type\":\"WebPage\",\"@id\":\"https:\\\/\\\/nordlinepaadid.ee\\\/et\\\/pood\\\/ru-electrical-equipments\\\/solar-panels-ru\\\/victron-energy-bluesolar-mppt-laadimiskontroller-12-24-v-15-a\\\/\",\"url\":\"https:\\\/\\\/nordlinepaadid.ee\\\/et\\\/pood\\\/ru-electrical-equipments\\\/solar-panels-ru\\\/victron-energy-bluesolar-mppt-laadimiskontroller-12-24-v-15-a\\\/\",\"name\":\"VICTRON ENERGY BLUESOLAR MPPT LAADIMISKONTROLLER 12\\\/24 V, 15 A - NORDLINE s\u00f5udepaadid ja mootorpaadid. Klaasfiiber materjalist.\",\"isPartOf\":{\"@id\":\"https:\\\/\\\/nordlinepaadid.ee\\\/et\\\/#website\"},\"primaryImageOfPage\":{\"@id\":\"https:\\\/\\\/nordlinepaadid.ee\\\/et\\\/pood\\\/ru-electrical-equipments\\\/solar-panels-ru\\\/victron-energy-bluesolar-mppt-laadimiskontroller-12-24-v-15-a\\\/#primaryimage\"},\"image\":{\"@id\":\"https:\\\/\\\/nordlinepaadid.ee\\\/et\\\/pood\\\/ru-electrical-equipments\\\/solar-panels-ru\\\/victron-energy-bluesolar-mppt-laadimiskontroller-12-24-v-15-a\\\/#primaryimage\"},\"thumbnailUrl\":\"https:\\\/\\\/nordlinepaadid.ee\\\/wp-content\\\/uploads\\\/2023\\\/03\\\/5480_Victron_BlueSolar_MPPT.jpg\",\"datePublished\":\"2026-04-14T00:12:53+00:00\",\"dateModified\":\"2026-04-14T19:04:58+00:00\",\"breadcrumb\":{\"@id\":\"https:\\\/\\\/nordlinepaadid.ee\\\/et\\\/pood\\\/ru-electrical-equipments\\\/solar-panels-ru\\\/victron-energy-bluesolar-mppt-laadimiskontroller-12-24-v-15-a\\\/#breadcrumb\"},\"inLanguage\":\"et\",\"potentialAction\":[{\"@type\":\"ReadAction\",\"target\":[\"https:\\\/\\\/nordlinepaadid.ee\\\/et\\\/pood\\\/ru-electrical-equipments\\\/solar-panels-ru\\\/victron-energy-bluesolar-mppt-laadimiskontroller-12-24-v-15-a\\\/\"]}]},{\"@type\":\"ImageObject\",\"inLanguage\":\"et\",\"@id\":\"https:\\\/\\\/nordlinepaadid.ee\\\/et\\\/pood\\\/ru-electrical-equipments\\\/solar-panels-ru\\\/victron-energy-bluesolar-mppt-laadimiskontroller-12-24-v-15-a\\\/#primaryimage\",\"url\":\"https:\\\/\\\/nordlinepaadid.ee\\\/wp-content\\\/uploads\\\/2023\\\/03\\\/5480_Victron_BlueSolar_MPPT.jpg\",\"contentUrl\":\"https:\\\/\\\/nordlinepaadid.ee\\\/wp-content\\\/uploads\\\/2023\\\/03\\\/5480_Victron_BlueSolar_MPPT.jpg\",\"width\":550,\"height\":489},{\"@type\":\"BreadcrumbList\",\"@id\":\"https:\\\/\\\/nordlinepaadid.ee\\\/et\\\/pood\\\/ru-electrical-equipments\\\/solar-panels-ru\\\/victron-energy-bluesolar-mppt-laadimiskontroller-12-24-v-15-a\\\/#breadcrumb\",\"itemListElement\":[{\"@type\":\"ListItem\",\"position\":1,\"name\":\"Home\",\"item\":\"https:\\\/\\\/nordlinepaadid.ee\\\/et\\\/\"},{\"@type\":\"ListItem\",\"position\":2,\"name\":\"Pood\",\"item\":\"https:\\\/\\\/nordlinepaadid.ee\\\/et\\\/pood\\\/\"},{\"@type\":\"ListItem\",\"position\":3,\"name\":\"VICTRON ENERGY BLUESOLAR MPPT LAADIMISKONTROLLER 12\\\/24 V, 15 A\"}]},{\"@type\":\"WebSite\",\"@id\":\"https:\\\/\\\/nordlinepaadid.ee\\\/et\\\/#website\",\"url\":\"https:\\\/\\\/nordlinepaadid.ee\\\/et\\\/\",\"name\":\"NORDLINE s\u00f5udepaadid ja mootorpaadid. Klaasfiiber materjalist.\",\"description\":\"\",\"publisher\":{\"@id\":\"https:\\\/\\\/nordlinepaadid.ee\\\/et\\\/#organization\"},\"potentialAction\":[{\"@type\":\"SearchAction\",\"target\":{\"@type\":\"EntryPoint\",\"urlTemplate\":\"https:\\\/\\\/nordlinepaadid.ee\\\/et\\\/?s={search_term_string}\"},\"query-input\":{\"@type\":\"PropertyValueSpecification\",\"valueRequired\":true,\"valueName\":\"search_term_string\"}}],\"inLanguage\":\"et\"},{\"@type\":\"Organization\",\"@id\":\"https:\\\/\\\/nordlinepaadid.ee\\\/et\\\/#organization\",\"name\":\"Nordlineboats\",\"url\":\"https:\\\/\\\/nordlinepaadid.ee\\\/et\\\/\",\"logo\":{\"@type\":\"ImageObject\",\"inLanguage\":\"et\",\"@id\":\"https:\\\/\\\/nordlinepaadid.ee\\\/et\\\/#\\\/schema\\\/logo\\\/image\\\/\",\"url\":\"https:\\\/\\\/nordlinepaadid.ee\\\/wp-content\\\/uploads\\\/2023\\\/01\\\/fulllogo_transparent_nobuffer-e1672750475494.png\",\"contentUrl\":\"https:\\\/\\\/nordlinepaadid.ee\\\/wp-content\\\/uploads\\\/2023\\\/01\\\/fulllogo_transparent_nobuffer-e1672750475494.png\",\"width\":150,\"height\":119,\"caption\":\"Nordlineboats\"},\"image\":{\"@id\":\"https:\\\/\\\/nordlinepaadid.ee\\\/et\\\/#\\\/schema\\\/logo\\\/image\\\/\"},\"sameAs\":[\"https:\\\/\\\/www.facebook.com\\\/nordlineboats\",\"https:\\\/\\\/www.youtube.com\\\/channel\\\/UCbgF0fy02y3QkFnujaLTaCA\"]}]}<\/script>\n<!-- \/ Yoast SEO plugin. -->","yoast_head_json":{"title":"VICTRON ENERGY BLUESOLAR MPPT LAADIMISKONTROLLER 12\/24 V, 15 A - NORDLINE s\u00f5udepaadid ja mootorpaadid. Klaasfiiber materjalist.","robots":{"index":"index","follow":"follow","max-snippet":"max-snippet:-1","max-image-preview":"max-image-preview:large","max-video-preview":"max-video-preview:-1"},"canonical":"https:\/\/nordlinepaadid.ee\/et\/pood\/ru-electrical-equipments\/solar-panels-ru\/victron-energy-bluesolar-mppt-laadimiskontroller-12-24-v-15-a\/","og_locale":"et_EE","og_type":"article","og_title":"VICTRON ENERGY BLUESOLAR MPPT LAADIMISKONTROLLER 12\/24 V, 15 A - NORDLINE s\u00f5udepaadid ja mootorpaadid. Klaasfiiber materjalist.","og_description":"Victron Blue Solar Charge Controller 75\/15 toetab PV-sisendit, mille maksimaalne vooluahela pinge on 75 V ja maksimaalne v\u00e4ljundv\u00f5imsus on 15 A. Seade t\u00f6\u00f6tab 12 V ja 24 V akudel. Pinge ja voolu pideva j\u00e4lgimise abil tagab MPPT tehnoloogia, et paneelidest tulnud energia saaks v\u00f5imalikult efektiivselt \u00e4ra kasutatud. See tuleb k\u00f5ige rohkem esile siis, kui taevas...","og_url":"https:\/\/nordlinepaadid.ee\/et\/pood\/ru-electrical-equipments\/solar-panels-ru\/victron-energy-bluesolar-mppt-laadimiskontroller-12-24-v-15-a\/","og_site_name":"NORDLINE s\u00f5udepaadid ja mootorpaadid. Klaasfiiber materjalist.","article_publisher":"https:\/\/www.facebook.com\/nordlineboats","article_modified_time":"2026-04-14T19:04:58+00:00","og_image":[{"width":550,"height":489,"url":"https:\/\/nordlinepaadid.ee\/wp-content\/uploads\/2023\/03\/5480_Victron_BlueSolar_MPPT.jpg","type":"image\/jpeg"}],"twitter_card":"summary_large_image","schema":{"@context":"https:\/\/schema.org","@graph":[{"@type":"WebPage","@id":"https:\/\/nordlinepaadid.ee\/et\/pood\/ru-electrical-equipments\/solar-panels-ru\/victron-energy-bluesolar-mppt-laadimiskontroller-12-24-v-15-a\/","url":"https:\/\/nordlinepaadid.ee\/et\/pood\/ru-electrical-equipments\/solar-panels-ru\/victron-energy-bluesolar-mppt-laadimiskontroller-12-24-v-15-a\/","name":"VICTRON ENERGY BLUESOLAR MPPT LAADIMISKONTROLLER 12\/24 V, 15 A - NORDLINE s\u00f5udepaadid ja mootorpaadid. Klaasfiiber materjalist.","isPartOf":{"@id":"https:\/\/nordlinepaadid.ee\/et\/#website"},"primaryImageOfPage":{"@id":"https:\/\/nordlinepaadid.ee\/et\/pood\/ru-electrical-equipments\/solar-panels-ru\/victron-energy-bluesolar-mppt-laadimiskontroller-12-24-v-15-a\/#primaryimage"},"image":{"@id":"https:\/\/nordlinepaadid.ee\/et\/pood\/ru-electrical-equipments\/solar-panels-ru\/victron-energy-bluesolar-mppt-laadimiskontroller-12-24-v-15-a\/#primaryimage"},"thumbnailUrl":"https:\/\/nordlinepaadid.ee\/wp-content\/uploads\/2023\/03\/5480_Victron_BlueSolar_MPPT.jpg","datePublished":"2026-04-14T00:12:53+00:00","dateModified":"2026-04-14T19:04:58+00:00","breadcrumb":{"@id":"https:\/\/nordlinepaadid.ee\/et\/pood\/ru-electrical-equipments\/solar-panels-ru\/victron-energy-bluesolar-mppt-laadimiskontroller-12-24-v-15-a\/#breadcrumb"},"inLanguage":"et","potentialAction":[{"@type":"ReadAction","target":["https:\/\/nordlinepaadid.ee\/et\/pood\/ru-electrical-equipments\/solar-panels-ru\/victron-energy-bluesolar-mppt-laadimiskontroller-12-24-v-15-a\/"]}]},{"@type":"ImageObject","inLanguage":"et","@id":"https:\/\/nordlinepaadid.ee\/et\/pood\/ru-electrical-equipments\/solar-panels-ru\/victron-energy-bluesolar-mppt-laadimiskontroller-12-24-v-15-a\/#primaryimage","url":"https:\/\/nordlinepaadid.ee\/wp-content\/uploads\/2023\/03\/5480_Victron_BlueSolar_MPPT.jpg","contentUrl":"https:\/\/nordlinepaadid.ee\/wp-content\/uploads\/2023\/03\/5480_Victron_BlueSolar_MPPT.jpg","width":550,"height":489},{"@type":"BreadcrumbList","@id":"https:\/\/nordlinepaadid.ee\/et\/pood\/ru-electrical-equipments\/solar-panels-ru\/victron-energy-bluesolar-mppt-laadimiskontroller-12-24-v-15-a\/#breadcrumb","itemListElement":[{"@type":"ListItem","position":1,"name":"Home","item":"https:\/\/nordlinepaadid.ee\/et\/"},{"@type":"ListItem","position":2,"name":"Pood","item":"https:\/\/nordlinepaadid.ee\/et\/pood\/"},{"@type":"ListItem","position":3,"name":"VICTRON ENERGY BLUESOLAR MPPT LAADIMISKONTROLLER 12\/24 V, 15 A"}]},{"@type":"WebSite","@id":"https:\/\/nordlinepaadid.ee\/et\/#website","url":"https:\/\/nordlinepaadid.ee\/et\/","name":"NORDLINE s\u00f5udepaadid ja mootorpaadid. Klaasfiiber materjalist.","description":"","publisher":{"@id":"https:\/\/nordlinepaadid.ee\/et\/#organization"},"potentialAction":[{"@type":"SearchAction","target":{"@type":"EntryPoint","urlTemplate":"https:\/\/nordlinepaadid.ee\/et\/?s={search_term_string}"},"query-input":{"@type":"PropertyValueSpecification","valueRequired":true,"valueName":"search_term_string"}}],"inLanguage":"et"},{"@type":"Organization","@id":"https:\/\/nordlinepaadid.ee\/et\/#organization","name":"Nordlineboats","url":"https:\/\/nordlinepaadid.ee\/et\/","logo":{"@type":"ImageObject","inLanguage":"et","@id":"https:\/\/nordlinepaadid.ee\/et\/#\/schema\/logo\/image\/","url":"https:\/\/nordlinepaadid.ee\/wp-content\/uploads\/2023\/01\/fulllogo_transparent_nobuffer-e1672750475494.png","contentUrl":"https:\/\/nordlinepaadid.ee\/wp-content\/uploads\/2023\/01\/fulllogo_transparent_nobuffer-e1672750475494.png","width":150,"height":119,"caption":"Nordlineboats"},"image":{"@id":"https:\/\/nordlinepaadid.ee\/et\/#\/schema\/logo\/image\/"},"sameAs":["https:\/\/www.facebook.com\/nordlineboats","https:\/\/www.youtube.com\/channel\/UCbgF0fy02y3QkFnujaLTaCA"]}]}},"taxonomy_info":{"product_cat":[{"value":239,"label":"ELEKTRITARVIKUD"},{"value":374,"label":"P\u00e4ikesepaneelid, Tuulegeneraatorid"},{"value":923,"label":"\u0421\u043e\u043b\u043d\u0435\u0447\u043d\u044b\u0435 \u043f\u0430\u043d\u0435\u043b\u0438, \u0412\u0435\u0442\u0440\u043e\u0433\u0435\u043d\u0435\u0440\u0430\u0442\u043e\u0440\u044b"}],"pa_producer":[{"value":566,"label":"ActiveSol"}],"pa_unit":[{"value":416,"label":"pcs"}]},"featured_image_src_large":["https:\/\/nordlinepaadid.ee\/wp-content\/uploads\/2023\/03\/5480_Victron_BlueSolar_MPPT.jpg",550,489,false],"author_info":[],"comment_info":"","_links":{"self":[{"href":"https:\/\/nordlinepaadid.ee\/et\/wp-json\/wp\/v2\/product\/23476","targetHints":{"allow":["GET"]}}],"collection":[{"href":"https:\/\/nordlinepaadid.ee\/et\/wp-json\/wp\/v2\/product"}],"about":[{"href":"https:\/\/nordlinepaadid.ee\/et\/wp-json\/wp\/v2\/types\/product"}],"wp:featuredmedia":[{"embeddable":true,"href":"https:\/\/nordlinepaadid.ee\/et\/wp-json\/wp\/v2\/media\/23477"}],"wp:attachment":[{"href":"https:\/\/nordlinepaadid.ee\/et\/wp-json\/wp\/v2\/media?parent=23476"}],"wp:term":[{"taxonomy":"product_brand","embeddable":true,"href":"https:\/\/nordlinepaadid.ee\/et\/wp-json\/wp\/v2\/product_brand?post=23476"},{"taxonomy":"product_cat","embeddable":true,"href":"https:\/\/nordlinepaadid.ee\/et\/wp-json\/wp\/v2\/product_cat?post=23476"},{"taxonomy":"product_tag","embeddable":true,"href":"https:\/\/nordlinepaadid.ee\/et\/wp-json\/wp\/v2\/product_tag?post=23476"}],"curies":[{"name":"wp","href":"https:\/\/api.w.org\/{rel}","templated":true}]}}