{"id":235,"date":"2017-10-05T13:45:08","date_gmt":"2017-10-05T10:45:08","guid":{"rendered":"https:\/\/nordlinepaadid.ee\/?post_type=product&#038;p=235"},"modified":"2026-04-08T00:03:15","modified_gmt":"2026-04-07T21:03:15","slug":"paadihaagis-4-57x1-60","status":"publish","type":"product","link":"https:\/\/nordlinepaadid.ee\/et\/pood\/haagised\/paadihaagised\/paadihaagis-4-57x1-60\/","title":{"rendered":"Paadihaagis 4.57&#215;1.60"},"content":{"rendered":"<h1>Paadihaagis 4.57&#215;1.60<\/h1>\n<p>\u00dclitugev ja vastupidav tsingitud keevisraam. Poritiibade jt. detailide valmistamisel on kasutatud uuendusliku Magnelis\u00ae kattega tsingitud lehtmetalli. Kiilurullid ja reguleeritavad k\u00fcljetoed lihtsustavad paadi fikseerimist ning tagavad \u00fchtlase toestuse. Haagist iseloomustab ennek\u00f5ike k\u00f5rgeim kvaliteet ja kasutajas\u00f5bralikus.<\/p>\n<table class=\"cat-product\" style=\"height: 135px;\" width=\"413\">\n<tbody>\n<tr>\n<td><b>Haagise m\u00f5\u00f5dud (m)<\/b><\/td>\n<td class=\"calc_field_2845 selected\">4.57&#215;1.60<\/td>\n<\/tr>\n<tr>\n<td><b>T\u00e4ismass<\/b><\/td>\n<td class=\"calc_field_2845 selected\">400 kg<\/td>\n<\/tr>\n<tr>\n<td><b>T\u00fchimass<\/b><\/td>\n<td class=\"calc_field_2845 selected\">150 kg<\/td>\n<\/tr>\n<tr>\n<td><b>Kandev\u00f5ime<\/b><\/td>\n<td class=\"calc_field_2845 selected\">250 kg<\/td>\n<\/tr>\n<tr>\n<td><b>Silla t\u00fc\u00fcp<\/b><\/td>\n<td class=\"calc_field_2845 selected\">torsioon<\/td>\n<\/tr>\n<tr>\n<td><\/td>\n<td class=\"calc_field_2845 selected\"><\/td>\n<\/tr>\n<\/tbody>\n<\/table>\n<h2>Standardvarustusse kuulub (on hinna sees):<\/h2>\n<ul class=\"check_list\">\n<li><span class=\"navi_attr_data_field\" data-code=\"drawbar_support_wheel\" data-decimals=\"2\" data-valueformat=\"|value|\">Tiisli tugiratas, t\u00e4iskumm rehviga<\/span><\/li>\n<li><span class=\"navi_attr_data_field\" data-code=\"eyelets\" data-decimals=\"2\" data-valueformat=\"|value|\">Sidumisaasad<\/span><\/li>\n<li><span class=\"navi_attr_data_field\" data-fixed_value=\"1\" data-code=\"adjustable_winch_stand\" data-decimals=\"2\" data-valueformat=\"Kaugus- ja k\u00f5rgusreguleeritav vintsipukk |value|\">Kaugus- ja k\u00f5rgusreguleeritav vintsipukk<\/span><\/li>\n<li><span class=\"navi_attr_data_field\" data-code=\"winch\" data-decimals=\"2\" data-valueformat=\"|value|\">Rihmaga vints 800 kg<\/span><\/li>\n<li><span class=\"navi_attr_data_field\" data-code=\"side_support\" data-decimals=\"2\" data-valueformat=\"|value|\">Seadistatavad k\u00fcljetoed<\/span><\/li>\n<li><span class=\"navi_attr_data_field\" data-code=\"keel_roller\" data-decimals=\"2\" data-valueformat=\"|value|\">2 kiilurulli (1 reguleeritav)<\/span><\/li>\n<li><span class=\"navi_attr_data_field\" data-code=\"front_fenders\" data-decimals=\"2\" data-valueformat=\"|value|\">Metallist pealseismist taluvad poritiivad<\/span><\/li>\n<li><span class=\"navi_attr_data_field\" data-code=\"extra_1\" data-decimals=\"2\" data-valueformat=\"|value|\">Tasakaalustatud rattad M+S rehvidega<\/span><\/li>\n<li><span class=\"navi_attr_data_field\" data-fixed_value=\"1\" data-code=\"watertight_hubs\" data-decimals=\"2\" data-valueformat=\"Veekindlad rummud |value|\">Veekindlad rummud<\/span><\/li>\n<\/ul>\n<p>Haagise registreerimise riigil\u00f5ivud vastavalt <a href=\"https:\/\/www.mnt.ee\/et\/ametist\/riigiloivud?number=357\" target=\"_blank\" rel=\"noopener noreferrer\">MNT hinnakirjale.<\/a><br \/>\nSoovi korral registreerime haagise Teie nimele ja toimetame soovitud aadressile.<\/p>\n<p><strong>Helista 50 55 152 v\u00f5i kirjuta meile. Pakume sulle parimaid mootoreid, parimate hindadega.<\/strong><\/p>\n<div class=\"pooleks\">\n<h3>V\u00f5ta \u00fchendust<\/h3>\n\n<div class=\"wpcf7 no-js\" id=\"wpcf7-f3217-o1\" lang=\"et\" dir=\"ltr\" data-wpcf7-id=\"3217\">\n<div class=\"screen-reader-response\"><p role=\"status\" aria-live=\"polite\" aria-atomic=\"true\"><\/p> <ul><\/ul><\/div>\n<form action=\"\/et\/wp-json\/wp\/v2\/product\/235#wpcf7-f3217-o1\" method=\"post\" class=\"wpcf7-form init\" aria-label=\"Contact form\" novalidate=\"novalidate\" data-status=\"init\">\n<fieldset class=\"hidden-fields-container\"><input type=\"hidden\" name=\"_wpcf7\" value=\"3217\" \/><input type=\"hidden\" name=\"_wpcf7_version\" value=\"6.1.5\" \/><input type=\"hidden\" name=\"_wpcf7_locale\" value=\"et\" \/><input type=\"hidden\" name=\"_wpcf7_unit_tag\" value=\"wpcf7-f3217-o1\" \/><input type=\"hidden\" name=\"_wpcf7_container_post\" value=\"0\" \/><input type=\"hidden\" name=\"_wpcf7_posted_data_hash\" value=\"\" \/>\n<\/fieldset>\n<p><label> Nimi (n\u00f5utav)<br \/>\n<span class=\"wpcf7-form-control-wrap\" data-name=\"your-name\"><input size=\"40\" maxlength=\"400\" class=\"wpcf7-form-control wpcf7-text wpcf7-validates-as-required\" aria-required=\"true\" aria-invalid=\"false\" value=\"\" type=\"text\" name=\"your-name\" \/><\/span> <\/label><br \/>\n<label> Email (n\u00f5utav)<br \/>\n<span class=\"wpcf7-form-control-wrap\" data-name=\"your-email\"><input size=\"40\" maxlength=\"400\" class=\"wpcf7-form-control wpcf7-email wpcf7-validates-as-required wpcf7-text wpcf7-validates-as-email\" aria-required=\"true\" aria-invalid=\"false\" value=\"\" type=\"email\" name=\"your-email\" \/><\/span> <\/label><br \/>\n<label> Telefon<br \/>\n<span class=\"wpcf7-form-control-wrap\" data-name=\"Telefon\"><input size=\"40\" maxlength=\"400\" class=\"wpcf7-form-control wpcf7-tel wpcf7-text wpcf7-validates-as-tel\" aria-invalid=\"false\" value=\"\" type=\"tel\" name=\"Telefon\" \/><\/span><\/label><br \/>\n<label> Teade<br \/>\n<span class=\"wpcf7-form-control-wrap\" data-name=\"your-message\"><textarea cols=\"40\" rows=\"10\" maxlength=\"2000\" class=\"wpcf7-form-control wpcf7-textarea\" aria-invalid=\"false\" name=\"your-message\"><\/textarea><\/span> <\/label>\n<\/p>\n<p><input class=\"wpcf7-form-control wpcf7-submit has-spinner\" type=\"submit\" value=\"Saada\" \/>\n<\/p><div class=\"wpcf7-response-output\" aria-hidden=\"true\"><\/div>\n<\/form>\n<\/div>\n\n<\/div>\n<div class=\"pooleks\">\n<p>&nbsp;<\/p>\n<\/div>\n","protected":false},"excerpt":{"rendered":"<p>Sobilik paatidele pikkusega kuni 4.3 m. Kuumtsingitud terasraam, spetsiaalsed pealseismist taluvad poritiivad ja veekindlad rummud. Kiilurullid ja reguleeritavad k\u00fcljetoed tagavad paadi \u00fchtlase toestuse.<\/p>\n","protected":false},"featured_media":53796,"template":"","meta":{"_kad_blocks_custom_css":"","_kad_blocks_head_custom_js":"","_kad_blocks_body_custom_js":"","_kad_blocks_footer_custom_js":"","_kad_post_transparent":"default","_kad_post_title":"","_kad_post_layout":"default","_kad_post_sidebar_id":"","_kad_post_content_style":"default","_kad_post_vertical_padding":"default","_kad_post_feature":"","_kad_post_feature_position":"","_kad_post_header":false,"_kad_post_footer":false,"_kad_post_classname":""},"product_brand":[],"product_cat":[22,162],"product_tag":[],"class_list":{"0":"post-235","1":"product","2":"type-product","3":"status-publish","4":"has-post-thumbnail","6":"product_cat-haagised","7":"product_cat-paadihaagised","8":"product_shipping_class-kaup-mis-ei-mahu-euroalusele","9":"tm-has-options","11":"first","12":"onbackorder","13":"sale","14":"taxable","15":"shipping-taxable","16":"purchasable","17":"product-type-simple","18":"entry","19":"content-bg","20":"loop-entry"},"yoast_head":"<!-- This site is optimized with the Yoast SEO plugin v27.3 - https:\/\/yoast.com\/product\/yoast-seo-wordpress\/ -->\n<title>PAADIHAAGIS - torsioon vedrustusega haagis<\/title>\n<meta name=\"description\" content=\"Paadihaagis on sobilik paatidele pikkusega kuni 4.3 m. Kuumtsingitud terasraam, spetsiaalsed pealseismist taluvad poritiivad.\" \/>\n<meta name=\"robots\" content=\"index, follow, max-snippet:-1, max-image-preview:large, max-video-preview:-1\" \/>\n<link rel=\"canonical\" href=\"https:\/\/nordlinepaadid.ee\/et\/pood\/haagised\/paadihaagised\/paadihaagis-4-57x1-60\/\" \/>\n<meta property=\"og:locale\" content=\"et_EE\" \/>\n<meta property=\"og:type\" content=\"article\" \/>\n<meta property=\"og:title\" content=\"PAADIHAAGIS - torsioon vedrustusega haagis\" \/>\n<meta property=\"og:description\" content=\"Paadihaagis on sobilik paatidele pikkusega kuni 4.3 m. Kuumtsingitud terasraam, spetsiaalsed pealseismist taluvad poritiivad.\" \/>\n<meta property=\"og:url\" content=\"https:\/\/nordlinepaadid.ee\/et\/pood\/haagised\/paadihaagised\/paadihaagis-4-57x1-60\/\" \/>\n<meta property=\"og:site_name\" content=\"NORDLINE s\u00f5udepaadid ja mootorpaadid. Klaasfiiber materjalist.\" \/>\n<meta property=\"article:publisher\" content=\"https:\/\/www.facebook.com\/nordlineboats\" \/>\n<meta property=\"article:modified_time\" content=\"2026-04-07T21:03:15+00:00\" \/>\n<meta property=\"og:image\" content=\"https:\/\/nordlinepaadid.ee\/wp-content\/uploads\/2017\/10\/soodne-paadihaagis-Respo-400V451T160.jpg\" \/>\n\t<meta property=\"og:image:width\" content=\"1920\" \/>\n\t<meta property=\"og:image:height\" content=\"1080\" \/>\n\t<meta property=\"og:image:type\" content=\"image\/jpeg\" \/>\n<meta name=\"twitter:card\" content=\"summary_large_image\" \/>\n<meta name=\"twitter:label1\" content=\"Est. reading time\" \/>\n\t<meta name=\"twitter:data1\" content=\"1 minut\" \/>\n<script type=\"application\/ld+json\" class=\"yoast-schema-graph\">{\"@context\":\"https:\\\/\\\/schema.org\",\"@graph\":[{\"@type\":\"WebPage\",\"@id\":\"https:\\\/\\\/nordlinepaadid.ee\\\/et\\\/pood\\\/haagised\\\/paadihaagised\\\/paadihaagis-4-57x1-60\\\/\",\"url\":\"https:\\\/\\\/nordlinepaadid.ee\\\/et\\\/pood\\\/haagised\\\/paadihaagised\\\/paadihaagis-4-57x1-60\\\/\",\"name\":\"PAADIHAAGIS - torsioon vedrustusega haagis\",\"isPartOf\":{\"@id\":\"https:\\\/\\\/nordlinepaadid.ee\\\/et\\\/#website\"},\"primaryImageOfPage\":{\"@id\":\"https:\\\/\\\/nordlinepaadid.ee\\\/et\\\/pood\\\/haagised\\\/paadihaagised\\\/paadihaagis-4-57x1-60\\\/#primaryimage\"},\"image\":{\"@id\":\"https:\\\/\\\/nordlinepaadid.ee\\\/et\\\/pood\\\/haagised\\\/paadihaagised\\\/paadihaagis-4-57x1-60\\\/#primaryimage\"},\"thumbnailUrl\":\"https:\\\/\\\/nordlinepaadid.ee\\\/wp-content\\\/uploads\\\/2017\\\/10\\\/soodne-paadihaagis-Respo-400V451T160.jpg\",\"datePublished\":\"2017-10-05T10:45:08+00:00\",\"dateModified\":\"2026-04-07T21:03:15+00:00\",\"description\":\"Paadihaagis on sobilik paatidele pikkusega kuni 4.3 m. Kuumtsingitud terasraam, spetsiaalsed pealseismist taluvad poritiivad.\",\"breadcrumb\":{\"@id\":\"https:\\\/\\\/nordlinepaadid.ee\\\/et\\\/pood\\\/haagised\\\/paadihaagised\\\/paadihaagis-4-57x1-60\\\/#breadcrumb\"},\"inLanguage\":\"et\",\"potentialAction\":[{\"@type\":\"ReadAction\",\"target\":[\"https:\\\/\\\/nordlinepaadid.ee\\\/et\\\/pood\\\/haagised\\\/paadihaagised\\\/paadihaagis-4-57x1-60\\\/\"]}]},{\"@type\":\"ImageObject\",\"inLanguage\":\"et\",\"@id\":\"https:\\\/\\\/nordlinepaadid.ee\\\/et\\\/pood\\\/haagised\\\/paadihaagised\\\/paadihaagis-4-57x1-60\\\/#primaryimage\",\"url\":\"https:\\\/\\\/nordlinepaadid.ee\\\/wp-content\\\/uploads\\\/2017\\\/10\\\/soodne-paadihaagis-Respo-400V451T160.jpg\",\"contentUrl\":\"https:\\\/\\\/nordlinepaadid.ee\\\/wp-content\\\/uploads\\\/2017\\\/10\\\/soodne-paadihaagis-Respo-400V451T160.jpg\",\"width\":1920,\"height\":1080,\"caption\":\"soodne paadihaagis Respo 400V451T160\"},{\"@type\":\"BreadcrumbList\",\"@id\":\"https:\\\/\\\/nordlinepaadid.ee\\\/et\\\/pood\\\/haagised\\\/paadihaagised\\\/paadihaagis-4-57x1-60\\\/#breadcrumb\",\"itemListElement\":[{\"@type\":\"ListItem\",\"position\":1,\"name\":\"Home\",\"item\":\"https:\\\/\\\/nordlinepaadid.ee\\\/et\\\/\"},{\"@type\":\"ListItem\",\"position\":2,\"name\":\"Pood\",\"item\":\"https:\\\/\\\/nordlinepaadid.ee\\\/et\\\/pood\\\/\"},{\"@type\":\"ListItem\",\"position\":3,\"name\":\"Paadihaagis 4.57&#215;1.60\"}]},{\"@type\":\"WebSite\",\"@id\":\"https:\\\/\\\/nordlinepaadid.ee\\\/et\\\/#website\",\"url\":\"https:\\\/\\\/nordlinepaadid.ee\\\/et\\\/\",\"name\":\"NORDLINE s\u00f5udepaadid ja mootorpaadid. Klaasfiiber materjalist.\",\"description\":\"\",\"publisher\":{\"@id\":\"https:\\\/\\\/nordlinepaadid.ee\\\/et\\\/#organization\"},\"potentialAction\":[{\"@type\":\"SearchAction\",\"target\":{\"@type\":\"EntryPoint\",\"urlTemplate\":\"https:\\\/\\\/nordlinepaadid.ee\\\/et\\\/?s={search_term_string}\"},\"query-input\":{\"@type\":\"PropertyValueSpecification\",\"valueRequired\":true,\"valueName\":\"search_term_string\"}}],\"inLanguage\":\"et\"},{\"@type\":\"Organization\",\"@id\":\"https:\\\/\\\/nordlinepaadid.ee\\\/et\\\/#organization\",\"name\":\"Nordlineboats\",\"url\":\"https:\\\/\\\/nordlinepaadid.ee\\\/et\\\/\",\"logo\":{\"@type\":\"ImageObject\",\"inLanguage\":\"et\",\"@id\":\"https:\\\/\\\/nordlinepaadid.ee\\\/et\\\/#\\\/schema\\\/logo\\\/image\\\/\",\"url\":\"https:\\\/\\\/nordlinepaadid.ee\\\/wp-content\\\/uploads\\\/2023\\\/01\\\/fulllogo_transparent_nobuffer-e1672750475494.png\",\"contentUrl\":\"https:\\\/\\\/nordlinepaadid.ee\\\/wp-content\\\/uploads\\\/2023\\\/01\\\/fulllogo_transparent_nobuffer-e1672750475494.png\",\"width\":150,\"height\":119,\"caption\":\"Nordlineboats\"},\"image\":{\"@id\":\"https:\\\/\\\/nordlinepaadid.ee\\\/et\\\/#\\\/schema\\\/logo\\\/image\\\/\"},\"sameAs\":[\"https:\\\/\\\/www.facebook.com\\\/nordlineboats\",\"https:\\\/\\\/www.youtube.com\\\/channel\\\/UCbgF0fy02y3QkFnujaLTaCA\"]}]}<\/script>\n<!-- \/ Yoast SEO plugin. -->","yoast_head_json":{"title":"PAADIHAAGIS - torsioon vedrustusega haagis","description":"Paadihaagis on sobilik paatidele pikkusega kuni 4.3 m. Kuumtsingitud terasraam, spetsiaalsed pealseismist taluvad poritiivad.","robots":{"index":"index","follow":"follow","max-snippet":"max-snippet:-1","max-image-preview":"max-image-preview:large","max-video-preview":"max-video-preview:-1"},"canonical":"https:\/\/nordlinepaadid.ee\/et\/pood\/haagised\/paadihaagised\/paadihaagis-4-57x1-60\/","og_locale":"et_EE","og_type":"article","og_title":"PAADIHAAGIS - torsioon vedrustusega haagis","og_description":"Paadihaagis on sobilik paatidele pikkusega kuni 4.3 m. Kuumtsingitud terasraam, spetsiaalsed pealseismist taluvad poritiivad.","og_url":"https:\/\/nordlinepaadid.ee\/et\/pood\/haagised\/paadihaagised\/paadihaagis-4-57x1-60\/","og_site_name":"NORDLINE s\u00f5udepaadid ja mootorpaadid. Klaasfiiber materjalist.","article_publisher":"https:\/\/www.facebook.com\/nordlineboats","article_modified_time":"2026-04-07T21:03:15+00:00","og_image":[{"width":1920,"height":1080,"url":"https:\/\/nordlinepaadid.ee\/wp-content\/uploads\/2017\/10\/soodne-paadihaagis-Respo-400V451T160.jpg","type":"image\/jpeg"}],"twitter_card":"summary_large_image","twitter_misc":{"Est. reading time":"1 minut"},"schema":{"@context":"https:\/\/schema.org","@graph":[{"@type":"WebPage","@id":"https:\/\/nordlinepaadid.ee\/et\/pood\/haagised\/paadihaagised\/paadihaagis-4-57x1-60\/","url":"https:\/\/nordlinepaadid.ee\/et\/pood\/haagised\/paadihaagised\/paadihaagis-4-57x1-60\/","name":"PAADIHAAGIS - torsioon vedrustusega haagis","isPartOf":{"@id":"https:\/\/nordlinepaadid.ee\/et\/#website"},"primaryImageOfPage":{"@id":"https:\/\/nordlinepaadid.ee\/et\/pood\/haagised\/paadihaagised\/paadihaagis-4-57x1-60\/#primaryimage"},"image":{"@id":"https:\/\/nordlinepaadid.ee\/et\/pood\/haagised\/paadihaagised\/paadihaagis-4-57x1-60\/#primaryimage"},"thumbnailUrl":"https:\/\/nordlinepaadid.ee\/wp-content\/uploads\/2017\/10\/soodne-paadihaagis-Respo-400V451T160.jpg","datePublished":"2017-10-05T10:45:08+00:00","dateModified":"2026-04-07T21:03:15+00:00","description":"Paadihaagis on sobilik paatidele pikkusega kuni 4.3 m. Kuumtsingitud terasraam, spetsiaalsed pealseismist taluvad poritiivad.","breadcrumb":{"@id":"https:\/\/nordlinepaadid.ee\/et\/pood\/haagised\/paadihaagised\/paadihaagis-4-57x1-60\/#breadcrumb"},"inLanguage":"et","potentialAction":[{"@type":"ReadAction","target":["https:\/\/nordlinepaadid.ee\/et\/pood\/haagised\/paadihaagised\/paadihaagis-4-57x1-60\/"]}]},{"@type":"ImageObject","inLanguage":"et","@id":"https:\/\/nordlinepaadid.ee\/et\/pood\/haagised\/paadihaagised\/paadihaagis-4-57x1-60\/#primaryimage","url":"https:\/\/nordlinepaadid.ee\/wp-content\/uploads\/2017\/10\/soodne-paadihaagis-Respo-400V451T160.jpg","contentUrl":"https:\/\/nordlinepaadid.ee\/wp-content\/uploads\/2017\/10\/soodne-paadihaagis-Respo-400V451T160.jpg","width":1920,"height":1080,"caption":"soodne paadihaagis Respo 400V451T160"},{"@type":"BreadcrumbList","@id":"https:\/\/nordlinepaadid.ee\/et\/pood\/haagised\/paadihaagised\/paadihaagis-4-57x1-60\/#breadcrumb","itemListElement":[{"@type":"ListItem","position":1,"name":"Home","item":"https:\/\/nordlinepaadid.ee\/et\/"},{"@type":"ListItem","position":2,"name":"Pood","item":"https:\/\/nordlinepaadid.ee\/et\/pood\/"},{"@type":"ListItem","position":3,"name":"Paadihaagis 4.57&#215;1.60"}]},{"@type":"WebSite","@id":"https:\/\/nordlinepaadid.ee\/et\/#website","url":"https:\/\/nordlinepaadid.ee\/et\/","name":"NORDLINE s\u00f5udepaadid ja mootorpaadid. Klaasfiiber materjalist.","description":"","publisher":{"@id":"https:\/\/nordlinepaadid.ee\/et\/#organization"},"potentialAction":[{"@type":"SearchAction","target":{"@type":"EntryPoint","urlTemplate":"https:\/\/nordlinepaadid.ee\/et\/?s={search_term_string}"},"query-input":{"@type":"PropertyValueSpecification","valueRequired":true,"valueName":"search_term_string"}}],"inLanguage":"et"},{"@type":"Organization","@id":"https:\/\/nordlinepaadid.ee\/et\/#organization","name":"Nordlineboats","url":"https:\/\/nordlinepaadid.ee\/et\/","logo":{"@type":"ImageObject","inLanguage":"et","@id":"https:\/\/nordlinepaadid.ee\/et\/#\/schema\/logo\/image\/","url":"https:\/\/nordlinepaadid.ee\/wp-content\/uploads\/2023\/01\/fulllogo_transparent_nobuffer-e1672750475494.png","contentUrl":"https:\/\/nordlinepaadid.ee\/wp-content\/uploads\/2023\/01\/fulllogo_transparent_nobuffer-e1672750475494.png","width":150,"height":119,"caption":"Nordlineboats"},"image":{"@id":"https:\/\/nordlinepaadid.ee\/et\/#\/schema\/logo\/image\/"},"sameAs":["https:\/\/www.facebook.com\/nordlineboats","https:\/\/www.youtube.com\/channel\/UCbgF0fy02y3QkFnujaLTaCA"]}]}},"taxonomy_info":{"product_cat":[{"value":22,"label":"HAAGISED"},{"value":162,"label":"Paadihaagised"}]},"featured_image_src_large":["https:\/\/nordlinepaadid.ee\/wp-content\/uploads\/2017\/10\/soodne-paadihaagis-Respo-400V451T160-1024x576.jpg",1024,576,true],"author_info":[],"comment_info":"","_links":{"self":[{"href":"https:\/\/nordlinepaadid.ee\/et\/wp-json\/wp\/v2\/product\/235","targetHints":{"allow":["GET"]}}],"collection":[{"href":"https:\/\/nordlinepaadid.ee\/et\/wp-json\/wp\/v2\/product"}],"about":[{"href":"https:\/\/nordlinepaadid.ee\/et\/wp-json\/wp\/v2\/types\/product"}],"wp:featuredmedia":[{"embeddable":true,"href":"https:\/\/nordlinepaadid.ee\/et\/wp-json\/wp\/v2\/media\/53796"}],"wp:attachment":[{"href":"https:\/\/nordlinepaadid.ee\/et\/wp-json\/wp\/v2\/media?parent=235"}],"wp:term":[{"taxonomy":"product_brand","embeddable":true,"href":"https:\/\/nordlinepaadid.ee\/et\/wp-json\/wp\/v2\/product_brand?post=235"},{"taxonomy":"product_cat","embeddable":true,"href":"https:\/\/nordlinepaadid.ee\/et\/wp-json\/wp\/v2\/product_cat?post=235"},{"taxonomy":"product_tag","embeddable":true,"href":"https:\/\/nordlinepaadid.ee\/et\/wp-json\/wp\/v2\/product_tag?post=235"}],"curies":[{"name":"wp","href":"https:\/\/api.w.org\/{rel}","templated":true}]}}