{"id":23512,"date":"2026-04-07T03:16:04","date_gmt":"2026-04-07T00:16:04","guid":{"rendered":"https:\/\/nordlinepaadid.ee\/pood\/clipper-distance-and-speed-system\/"},"modified":"2026-04-08T00:04:13","modified_gmt":"2026-04-07T21:04:13","slug":"clipper-distance-and-speed-susteem","status":"publish","type":"product","link":"https:\/\/nordlinepaadid.ee\/et\/pood\/mereelektroonika\/instrumendid\/clipper-distance-and-speed-susteem\/","title":{"rendered":"CLIPPER DISTANCE AND SPEED S\u00dcSTEEM"},"content":{"rendered":"<p>Clipper Speed And Distance System n\u00e4itab vees\u00f5iduki kiirust ja teekonna pikkust. Toode on kasutajas\u00f5bralik eelk\u00f5ige ekraanil kuvatavate suurte numbrite t\u00f5ttu. Komplekti kuulub andur, 7-meetrine kaabel ja kaks n\u00e4idikut. Tehnilised andmed: 40 mm k\u00f5rgused numbrid, Seadistatavad \u00fchikud, Keskmise s\u00f5idukiiruse n\u00e4it, NMEA 0183 v\u00e4ljund VHW &#038; VLW, Voolu tarbivus: 10 mA + 10 mA taustavalgus. Komplektis ka n\u00e4idiku kate.<\/p>\n","protected":false},"excerpt":{"rendered":"<p>Clipper Speed And Distance System n\u00e4itab vees\u00f5iduki kiirust ja teekonna pikkust. Toode on kasutajas\u00f5bralik eelk\u00f5ige ekraanil kuvatavate suurte numbrite t\u00f5ttu. Komplekti kuulub andur, 7-meetrine kaabel ja kaks n\u00e4idikut. Tehnilised andmed: 40 mm k\u00f5rgused numbrid, Seadistatavad \u00fchikud, Keskmise s\u00f5idukiiruse n\u00e4it, NMEA 0183 v\u00e4ljund VHW &#038; VLW, Voolu tarbivus: 10 mA + 10 mA taustavalgus. Komplektis ka&#8230;<\/p>\n","protected":false},"featured_media":23513,"template":"","meta":{"_kad_blocks_custom_css":"","_kad_blocks_head_custom_js":"","_kad_blocks_body_custom_js":"","_kad_blocks_footer_custom_js":"","_kad_post_transparent":"","_kad_post_title":"","_kad_post_layout":"","_kad_post_sidebar_id":"","_kad_post_content_style":"","_kad_post_vertical_padding":"","_kad_post_feature":"","_kad_post_feature_position":"","_kad_post_header":false,"_kad_post_footer":false,"_kad_post_classname":""},"product_brand":[],"product_cat":[337,352],"product_tag":[],"class_list":{"0":"post-23512","1":"product","2":"type-product","3":"status-publish","4":"has-post-thumbnail","6":"product_cat-instrumendid","7":"product_cat-mereelektroonika","8":"product_shipping_class-pakiautomaati-mahtuv-kaup","9":"pa_producer-nasa-marine","10":"pa_unit-pcs","11":"tm-no-options","13":"first","14":"onbackorder","15":"taxable","16":"shipping-taxable","17":"purchasable","18":"product-type-simple","19":"entry","20":"content-bg","21":"loop-entry"},"yoast_head":"<!-- This site is optimized with the Yoast SEO plugin v27.3 - https:\/\/yoast.com\/product\/yoast-seo-wordpress\/ -->\n<title>CLIPPER DISTANCE AND SPEED S\u00dcSTEEM - NORDLINE s\u00f5udepaadid ja mootorpaadid. Klaasfiiber materjalist.<\/title>\n<meta name=\"robots\" content=\"index, follow, max-snippet:-1, max-image-preview:large, max-video-preview:-1\" \/>\n<link rel=\"canonical\" href=\"https:\/\/nordlinepaadid.ee\/et\/pood\/mereelektroonika\/instrumendid\/clipper-distance-and-speed-susteem\/\" \/>\n<meta property=\"og:locale\" content=\"et_EE\" \/>\n<meta property=\"og:type\" content=\"article\" \/>\n<meta property=\"og:title\" content=\"CLIPPER DISTANCE AND SPEED S\u00dcSTEEM - NORDLINE s\u00f5udepaadid ja mootorpaadid. Klaasfiiber materjalist.\" \/>\n<meta property=\"og:description\" content=\"Clipper Speed And Distance System n\u00e4itab vees\u00f5iduki kiirust ja teekonna pikkust. Toode on kasutajas\u00f5bralik eelk\u00f5ige ekraanil kuvatavate suurte numbrite t\u00f5ttu. Komplekti kuulub andur, 7-meetrine kaabel ja kaks n\u00e4idikut. Tehnilised andmed: 40 mm k\u00f5rgused numbrid, Seadistatavad \u00fchikud, Keskmise s\u00f5idukiiruse n\u00e4it, NMEA 0183 v\u00e4ljund VHW &#038; VLW, Voolu tarbivus: 10 mA + 10 mA taustavalgus. Komplektis ka...\" \/>\n<meta property=\"og:url\" content=\"https:\/\/nordlinepaadid.ee\/et\/pood\/mereelektroonika\/instrumendid\/clipper-distance-and-speed-susteem\/\" \/>\n<meta property=\"og:site_name\" content=\"NORDLINE s\u00f5udepaadid ja mootorpaadid. Klaasfiiber materjalist.\" \/>\n<meta property=\"article:publisher\" content=\"https:\/\/www.facebook.com\/nordlineboats\" \/>\n<meta property=\"article:modified_time\" content=\"2026-04-07T21:04:13+00:00\" \/>\n<meta property=\"og:image\" content=\"https:\/\/nordlinepaadid.ee\/wp-content\/uploads\/2023\/03\/5492_Clipper-speed-and-distance.jpg\" \/>\n\t<meta property=\"og:image:width\" content=\"1200\" \/>\n\t<meta property=\"og:image:height\" content=\"1200\" \/>\n\t<meta property=\"og:image:type\" content=\"image\/jpeg\" \/>\n<meta name=\"twitter:card\" content=\"summary_large_image\" \/>\n<script type=\"application\/ld+json\" class=\"yoast-schema-graph\">{\"@context\":\"https:\\\/\\\/schema.org\",\"@graph\":[{\"@type\":\"WebPage\",\"@id\":\"https:\\\/\\\/nordlinepaadid.ee\\\/et\\\/pood\\\/mereelektroonika\\\/instrumendid\\\/clipper-distance-and-speed-susteem\\\/\",\"url\":\"https:\\\/\\\/nordlinepaadid.ee\\\/et\\\/pood\\\/mereelektroonika\\\/instrumendid\\\/clipper-distance-and-speed-susteem\\\/\",\"name\":\"CLIPPER DISTANCE AND SPEED S\u00dcSTEEM - NORDLINE s\u00f5udepaadid ja mootorpaadid. Klaasfiiber materjalist.\",\"isPartOf\":{\"@id\":\"https:\\\/\\\/nordlinepaadid.ee\\\/et\\\/#website\"},\"primaryImageOfPage\":{\"@id\":\"https:\\\/\\\/nordlinepaadid.ee\\\/et\\\/pood\\\/mereelektroonika\\\/instrumendid\\\/clipper-distance-and-speed-susteem\\\/#primaryimage\"},\"image\":{\"@id\":\"https:\\\/\\\/nordlinepaadid.ee\\\/et\\\/pood\\\/mereelektroonika\\\/instrumendid\\\/clipper-distance-and-speed-susteem\\\/#primaryimage\"},\"thumbnailUrl\":\"https:\\\/\\\/nordlinepaadid.ee\\\/wp-content\\\/uploads\\\/2023\\\/03\\\/5492_Clipper-speed-and-distance.jpg\",\"datePublished\":\"2026-04-07T00:16:04+00:00\",\"dateModified\":\"2026-04-07T21:04:13+00:00\",\"breadcrumb\":{\"@id\":\"https:\\\/\\\/nordlinepaadid.ee\\\/et\\\/pood\\\/mereelektroonika\\\/instrumendid\\\/clipper-distance-and-speed-susteem\\\/#breadcrumb\"},\"inLanguage\":\"et\",\"potentialAction\":[{\"@type\":\"ReadAction\",\"target\":[\"https:\\\/\\\/nordlinepaadid.ee\\\/et\\\/pood\\\/mereelektroonika\\\/instrumendid\\\/clipper-distance-and-speed-susteem\\\/\"]}]},{\"@type\":\"ImageObject\",\"inLanguage\":\"et\",\"@id\":\"https:\\\/\\\/nordlinepaadid.ee\\\/et\\\/pood\\\/mereelektroonika\\\/instrumendid\\\/clipper-distance-and-speed-susteem\\\/#primaryimage\",\"url\":\"https:\\\/\\\/nordlinepaadid.ee\\\/wp-content\\\/uploads\\\/2023\\\/03\\\/5492_Clipper-speed-and-distance.jpg\",\"contentUrl\":\"https:\\\/\\\/nordlinepaadid.ee\\\/wp-content\\\/uploads\\\/2023\\\/03\\\/5492_Clipper-speed-and-distance.jpg\",\"width\":1200,\"height\":1200},{\"@type\":\"BreadcrumbList\",\"@id\":\"https:\\\/\\\/nordlinepaadid.ee\\\/et\\\/pood\\\/mereelektroonika\\\/instrumendid\\\/clipper-distance-and-speed-susteem\\\/#breadcrumb\",\"itemListElement\":[{\"@type\":\"ListItem\",\"position\":1,\"name\":\"Home\",\"item\":\"https:\\\/\\\/nordlinepaadid.ee\\\/et\\\/\"},{\"@type\":\"ListItem\",\"position\":2,\"name\":\"Pood\",\"item\":\"https:\\\/\\\/nordlinepaadid.ee\\\/et\\\/pood\\\/\"},{\"@type\":\"ListItem\",\"position\":3,\"name\":\"CLIPPER DISTANCE AND SPEED S\u00dcSTEEM\"}]},{\"@type\":\"WebSite\",\"@id\":\"https:\\\/\\\/nordlinepaadid.ee\\\/et\\\/#website\",\"url\":\"https:\\\/\\\/nordlinepaadid.ee\\\/et\\\/\",\"name\":\"NORDLINE s\u00f5udepaadid ja mootorpaadid. Klaasfiiber materjalist.\",\"description\":\"\",\"publisher\":{\"@id\":\"https:\\\/\\\/nordlinepaadid.ee\\\/et\\\/#organization\"},\"potentialAction\":[{\"@type\":\"SearchAction\",\"target\":{\"@type\":\"EntryPoint\",\"urlTemplate\":\"https:\\\/\\\/nordlinepaadid.ee\\\/et\\\/?s={search_term_string}\"},\"query-input\":{\"@type\":\"PropertyValueSpecification\",\"valueRequired\":true,\"valueName\":\"search_term_string\"}}],\"inLanguage\":\"et\"},{\"@type\":\"Organization\",\"@id\":\"https:\\\/\\\/nordlinepaadid.ee\\\/et\\\/#organization\",\"name\":\"Nordlineboats\",\"url\":\"https:\\\/\\\/nordlinepaadid.ee\\\/et\\\/\",\"logo\":{\"@type\":\"ImageObject\",\"inLanguage\":\"et\",\"@id\":\"https:\\\/\\\/nordlinepaadid.ee\\\/et\\\/#\\\/schema\\\/logo\\\/image\\\/\",\"url\":\"https:\\\/\\\/nordlinepaadid.ee\\\/wp-content\\\/uploads\\\/2023\\\/01\\\/fulllogo_transparent_nobuffer-e1672750475494.png\",\"contentUrl\":\"https:\\\/\\\/nordlinepaadid.ee\\\/wp-content\\\/uploads\\\/2023\\\/01\\\/fulllogo_transparent_nobuffer-e1672750475494.png\",\"width\":150,\"height\":119,\"caption\":\"Nordlineboats\"},\"image\":{\"@id\":\"https:\\\/\\\/nordlinepaadid.ee\\\/et\\\/#\\\/schema\\\/logo\\\/image\\\/\"},\"sameAs\":[\"https:\\\/\\\/www.facebook.com\\\/nordlineboats\",\"https:\\\/\\\/www.youtube.com\\\/channel\\\/UCbgF0fy02y3QkFnujaLTaCA\"]}]}<\/script>\n<!-- \/ Yoast SEO plugin. -->","yoast_head_json":{"title":"CLIPPER DISTANCE AND SPEED S\u00dcSTEEM - NORDLINE s\u00f5udepaadid ja mootorpaadid. Klaasfiiber materjalist.","robots":{"index":"index","follow":"follow","max-snippet":"max-snippet:-1","max-image-preview":"max-image-preview:large","max-video-preview":"max-video-preview:-1"},"canonical":"https:\/\/nordlinepaadid.ee\/et\/pood\/mereelektroonika\/instrumendid\/clipper-distance-and-speed-susteem\/","og_locale":"et_EE","og_type":"article","og_title":"CLIPPER DISTANCE AND SPEED S\u00dcSTEEM - NORDLINE s\u00f5udepaadid ja mootorpaadid. Klaasfiiber materjalist.","og_description":"Clipper Speed And Distance System n\u00e4itab vees\u00f5iduki kiirust ja teekonna pikkust. Toode on kasutajas\u00f5bralik eelk\u00f5ige ekraanil kuvatavate suurte numbrite t\u00f5ttu. Komplekti kuulub andur, 7-meetrine kaabel ja kaks n\u00e4idikut. Tehnilised andmed: 40 mm k\u00f5rgused numbrid, Seadistatavad \u00fchikud, Keskmise s\u00f5idukiiruse n\u00e4it, NMEA 0183 v\u00e4ljund VHW &#038; VLW, Voolu tarbivus: 10 mA + 10 mA taustavalgus. Komplektis ka...","og_url":"https:\/\/nordlinepaadid.ee\/et\/pood\/mereelektroonika\/instrumendid\/clipper-distance-and-speed-susteem\/","og_site_name":"NORDLINE s\u00f5udepaadid ja mootorpaadid. Klaasfiiber materjalist.","article_publisher":"https:\/\/www.facebook.com\/nordlineboats","article_modified_time":"2026-04-07T21:04:13+00:00","og_image":[{"width":1200,"height":1200,"url":"https:\/\/nordlinepaadid.ee\/wp-content\/uploads\/2023\/03\/5492_Clipper-speed-and-distance.jpg","type":"image\/jpeg"}],"twitter_card":"summary_large_image","schema":{"@context":"https:\/\/schema.org","@graph":[{"@type":"WebPage","@id":"https:\/\/nordlinepaadid.ee\/et\/pood\/mereelektroonika\/instrumendid\/clipper-distance-and-speed-susteem\/","url":"https:\/\/nordlinepaadid.ee\/et\/pood\/mereelektroonika\/instrumendid\/clipper-distance-and-speed-susteem\/","name":"CLIPPER DISTANCE AND SPEED S\u00dcSTEEM - NORDLINE s\u00f5udepaadid ja mootorpaadid. Klaasfiiber materjalist.","isPartOf":{"@id":"https:\/\/nordlinepaadid.ee\/et\/#website"},"primaryImageOfPage":{"@id":"https:\/\/nordlinepaadid.ee\/et\/pood\/mereelektroonika\/instrumendid\/clipper-distance-and-speed-susteem\/#primaryimage"},"image":{"@id":"https:\/\/nordlinepaadid.ee\/et\/pood\/mereelektroonika\/instrumendid\/clipper-distance-and-speed-susteem\/#primaryimage"},"thumbnailUrl":"https:\/\/nordlinepaadid.ee\/wp-content\/uploads\/2023\/03\/5492_Clipper-speed-and-distance.jpg","datePublished":"2026-04-07T00:16:04+00:00","dateModified":"2026-04-07T21:04:13+00:00","breadcrumb":{"@id":"https:\/\/nordlinepaadid.ee\/et\/pood\/mereelektroonika\/instrumendid\/clipper-distance-and-speed-susteem\/#breadcrumb"},"inLanguage":"et","potentialAction":[{"@type":"ReadAction","target":["https:\/\/nordlinepaadid.ee\/et\/pood\/mereelektroonika\/instrumendid\/clipper-distance-and-speed-susteem\/"]}]},{"@type":"ImageObject","inLanguage":"et","@id":"https:\/\/nordlinepaadid.ee\/et\/pood\/mereelektroonika\/instrumendid\/clipper-distance-and-speed-susteem\/#primaryimage","url":"https:\/\/nordlinepaadid.ee\/wp-content\/uploads\/2023\/03\/5492_Clipper-speed-and-distance.jpg","contentUrl":"https:\/\/nordlinepaadid.ee\/wp-content\/uploads\/2023\/03\/5492_Clipper-speed-and-distance.jpg","width":1200,"height":1200},{"@type":"BreadcrumbList","@id":"https:\/\/nordlinepaadid.ee\/et\/pood\/mereelektroonika\/instrumendid\/clipper-distance-and-speed-susteem\/#breadcrumb","itemListElement":[{"@type":"ListItem","position":1,"name":"Home","item":"https:\/\/nordlinepaadid.ee\/et\/"},{"@type":"ListItem","position":2,"name":"Pood","item":"https:\/\/nordlinepaadid.ee\/et\/pood\/"},{"@type":"ListItem","position":3,"name":"CLIPPER DISTANCE AND SPEED S\u00dcSTEEM"}]},{"@type":"WebSite","@id":"https:\/\/nordlinepaadid.ee\/et\/#website","url":"https:\/\/nordlinepaadid.ee\/et\/","name":"NORDLINE s\u00f5udepaadid ja mootorpaadid. Klaasfiiber materjalist.","description":"","publisher":{"@id":"https:\/\/nordlinepaadid.ee\/et\/#organization"},"potentialAction":[{"@type":"SearchAction","target":{"@type":"EntryPoint","urlTemplate":"https:\/\/nordlinepaadid.ee\/et\/?s={search_term_string}"},"query-input":{"@type":"PropertyValueSpecification","valueRequired":true,"valueName":"search_term_string"}}],"inLanguage":"et"},{"@type":"Organization","@id":"https:\/\/nordlinepaadid.ee\/et\/#organization","name":"Nordlineboats","url":"https:\/\/nordlinepaadid.ee\/et\/","logo":{"@type":"ImageObject","inLanguage":"et","@id":"https:\/\/nordlinepaadid.ee\/et\/#\/schema\/logo\/image\/","url":"https:\/\/nordlinepaadid.ee\/wp-content\/uploads\/2023\/01\/fulllogo_transparent_nobuffer-e1672750475494.png","contentUrl":"https:\/\/nordlinepaadid.ee\/wp-content\/uploads\/2023\/01\/fulllogo_transparent_nobuffer-e1672750475494.png","width":150,"height":119,"caption":"Nordlineboats"},"image":{"@id":"https:\/\/nordlinepaadid.ee\/et\/#\/schema\/logo\/image\/"},"sameAs":["https:\/\/www.facebook.com\/nordlineboats","https:\/\/www.youtube.com\/channel\/UCbgF0fy02y3QkFnujaLTaCA"]}]}},"taxonomy_info":{"product_cat":[{"value":337,"label":"Instrumendid"},{"value":352,"label":"MEREELEKTROONIKA"}],"pa_producer":[{"value":570,"label":"NASA Marine"}],"pa_unit":[{"value":416,"label":"pcs"}]},"featured_image_src_large":["https:\/\/nordlinepaadid.ee\/wp-content\/uploads\/2023\/03\/5492_Clipper-speed-and-distance-1024x1024.jpg",1024,1024,true],"author_info":[],"comment_info":"","_links":{"self":[{"href":"https:\/\/nordlinepaadid.ee\/et\/wp-json\/wp\/v2\/product\/23512","targetHints":{"allow":["GET"]}}],"collection":[{"href":"https:\/\/nordlinepaadid.ee\/et\/wp-json\/wp\/v2\/product"}],"about":[{"href":"https:\/\/nordlinepaadid.ee\/et\/wp-json\/wp\/v2\/types\/product"}],"wp:featuredmedia":[{"embeddable":true,"href":"https:\/\/nordlinepaadid.ee\/et\/wp-json\/wp\/v2\/media\/23513"}],"wp:attachment":[{"href":"https:\/\/nordlinepaadid.ee\/et\/wp-json\/wp\/v2\/media?parent=23512"}],"wp:term":[{"taxonomy":"product_brand","embeddable":true,"href":"https:\/\/nordlinepaadid.ee\/et\/wp-json\/wp\/v2\/product_brand?post=23512"},{"taxonomy":"product_cat","embeddable":true,"href":"https:\/\/nordlinepaadid.ee\/et\/wp-json\/wp\/v2\/product_cat?post=23512"},{"taxonomy":"product_tag","embeddable":true,"href":"https:\/\/nordlinepaadid.ee\/et\/wp-json\/wp\/v2\/product_tag?post=23512"}],"curies":[{"name":"wp","href":"https:\/\/api.w.org\/{rel}","templated":true}]}}