{"id":23638,"date":"2026-04-07T03:16:12","date_gmt":"2026-04-07T00:16:12","guid":{"rendered":"https:\/\/nordlinepaadid.ee\/pood\/paint-removal-system-peelaway-marine\/"},"modified":"2026-04-08T02:01:12","modified_gmt":"2026-04-07T23:01:12","slug":"varvieemaldussusteem-peelaway-marine","status":"publish","type":"product","link":"https:\/\/nordlinepaadid.ee\/et\/pood\/paadi-ja-jahivarvid\/muud-varvid\/varvieemaldussusteem-peelaway-marine\/","title":{"rendered":"V\u00c4RVIEEMALDUSS\u00dcSTEEM- PEELAWAY MARINE"},"content":{"rendered":"<p>Peelaway Marine eemaldab m\u00fcrkv\u00e4rvi kihid \u00fche pealekandmisega. Inglismaal toodetud Peelaway Marine-t saab kasutada plastik-, puit-, metall-, ja betoonpindadel. Peelaway kasutamisega ei kahjustata paadi pinda liigse kraapimisega. Vee baasil p\u00f5hinev tootekoostis hoiab eemaldamissegu pikalt aktiivsena ega lase sel kuivada. Tootega tuleb kaasa ka spetsiaalne riie, mis aitab vahendil toimida ning seob eemaldatavast m\u00fcrkv\u00e4rvist v\u00f5i v\u00e4rvi\/laki j\u00e4\u00e4kidest tekkivad keskkonda reostavad ja tervist kahjustavad m\u00fcrgised ained. Lihtsasti kasutatav kumeratel, vertikaalsetel ja raskesti ligip\u00e4\u00e4setavatel pindadel. Pealekandmine k\u00e4ib pintsli, pahtlilabida v\u00f5i suuremate pindade puhul pihustiga. Sobilik kasutada ka kattev\u00e4rvide ja lakkide eemaldamiseks.<\/p>\n<p><iframe loading=\"lazy\" allowfullscreen=\"\" frameborder=\"0\" height=\"360\" src=\"\/\/www.youtube.com\/embed\/xJWnSSfDbx4\" width=\"640\"><\/iframe><\/p>\n<p>&#13;<\/p>\n","protected":false},"excerpt":{"rendered":"<p>Peelaway Marine eemaldab m\u00fcrkv\u00e4rvi kihid \u00fche pealekandmisega. Inglismaal toodetud Peelaway Marine-t saab kasutada plastik-, puit-, metall-, ja betoonpindadel. Peelaway kasutamisega ei kahjustata paadi pinda liigse kraapimisega. Vee baasil p\u00f5hinev tootekoostis hoiab eemaldamissegu pikalt aktiivsena ega lase sel kuivada. Tootega tuleb kaasa ka spetsiaalne riie, mis aitab vahendil toimida ning seob eemaldatavast m\u00fcrkv\u00e4rvist v\u00f5i v\u00e4rvi\/laki j\u00e4\u00e4kidest&#8230;<\/p>\n","protected":false},"featured_media":23639,"template":"","meta":{"_kad_blocks_custom_css":"","_kad_blocks_head_custom_js":"","_kad_blocks_body_custom_js":"","_kad_blocks_footer_custom_js":"","_kad_post_transparent":"","_kad_post_title":"","_kad_post_layout":"","_kad_post_sidebar_id":"","_kad_post_content_style":"","_kad_post_vertical_padding":"","_kad_post_feature":"","_kad_post_feature_position":"","_kad_post_header":false,"_kad_post_footer":false,"_kad_post_classname":""},"product_brand":[],"product_cat":[289,229],"product_tag":[],"class_list":{"0":"post-23638","1":"product","2":"type-product","3":"status-publish","4":"has-post-thumbnail","6":"product_cat-muud-varvid","7":"product_cat-paadi-ja-jahivarvid","8":"product_shipping_class-pakiautomaati-mahtuv-kaup","9":"pa_producer-teal-mackrill-ltd","10":"pa_unit-kg","11":"tm-no-options","13":"first","14":"onbackorder","15":"sale","16":"taxable","17":"shipping-taxable","18":"purchasable","19":"product-type-simple","20":"entry","21":"content-bg","22":"loop-entry"},"yoast_head":"<!-- This site is optimized with the Yoast SEO plugin v27.3 - https:\/\/yoast.com\/product\/yoast-seo-wordpress\/ -->\n<title>V\u00c4RVIEEMALDUSS\u00dcSTEEM- PEELAWAY MARINE - NORDLINE s\u00f5udepaadid ja mootorpaadid. Klaasfiiber materjalist.<\/title>\n<meta name=\"robots\" content=\"index, follow, max-snippet:-1, max-image-preview:large, max-video-preview:-1\" \/>\n<link rel=\"canonical\" href=\"https:\/\/nordlinepaadid.ee\/et\/pood\/paadi-ja-jahivarvid\/muud-varvid\/varvieemaldussusteem-peelaway-marine\/\" \/>\n<meta property=\"og:locale\" content=\"et_EE\" \/>\n<meta property=\"og:type\" content=\"article\" \/>\n<meta property=\"og:title\" content=\"V\u00c4RVIEEMALDUSS\u00dcSTEEM- PEELAWAY MARINE - NORDLINE s\u00f5udepaadid ja mootorpaadid. Klaasfiiber materjalist.\" \/>\n<meta property=\"og:description\" content=\"Peelaway Marine eemaldab m\u00fcrkv\u00e4rvi kihid \u00fche pealekandmisega. Inglismaal toodetud Peelaway Marine-t saab kasutada plastik-, puit-, metall-, ja betoonpindadel. Peelaway kasutamisega ei kahjustata paadi pinda liigse kraapimisega. Vee baasil p\u00f5hinev tootekoostis hoiab eemaldamissegu pikalt aktiivsena ega lase sel kuivada. Tootega tuleb kaasa ka spetsiaalne riie, mis aitab vahendil toimida ning seob eemaldatavast m\u00fcrkv\u00e4rvist v\u00f5i v\u00e4rvi\/laki j\u00e4\u00e4kidest...\" \/>\n<meta property=\"og:url\" content=\"https:\/\/nordlinepaadid.ee\/et\/pood\/paadi-ja-jahivarvid\/muud-varvid\/varvieemaldussusteem-peelaway-marine\/\" \/>\n<meta property=\"og:site_name\" content=\"NORDLINE s\u00f5udepaadid ja mootorpaadid. Klaasfiiber materjalist.\" \/>\n<meta property=\"article:publisher\" content=\"https:\/\/www.facebook.com\/nordlineboats\" \/>\n<meta property=\"article:modified_time\" content=\"2026-04-07T23:01:12+00:00\" \/>\n<meta property=\"og:image\" content=\"https:\/\/nordlinepaadid.ee\/wp-content\/uploads\/2023\/03\/5572_peelaway-marine-antifoul-remover-7838-p.jpg\" \/>\n\t<meta property=\"og:image:width\" content=\"999\" \/>\n\t<meta property=\"og:image:height\" content=\"999\" \/>\n\t<meta property=\"og:image:type\" content=\"image\/jpeg\" \/>\n<meta name=\"twitter:card\" content=\"summary_large_image\" \/>\n<meta name=\"twitter:label1\" content=\"Est. reading time\" \/>\n\t<meta name=\"twitter:data1\" content=\"1 minut\" \/>\n<script type=\"application\/ld+json\" class=\"yoast-schema-graph\">{\"@context\":\"https:\\\/\\\/schema.org\",\"@graph\":[{\"@type\":\"WebPage\",\"@id\":\"https:\\\/\\\/nordlinepaadid.ee\\\/et\\\/pood\\\/paadi-ja-jahivarvid\\\/muud-varvid\\\/varvieemaldussusteem-peelaway-marine\\\/\",\"url\":\"https:\\\/\\\/nordlinepaadid.ee\\\/et\\\/pood\\\/paadi-ja-jahivarvid\\\/muud-varvid\\\/varvieemaldussusteem-peelaway-marine\\\/\",\"name\":\"V\u00c4RVIEEMALDUSS\u00dcSTEEM- PEELAWAY MARINE - NORDLINE s\u00f5udepaadid ja mootorpaadid. Klaasfiiber materjalist.\",\"isPartOf\":{\"@id\":\"https:\\\/\\\/nordlinepaadid.ee\\\/et\\\/#website\"},\"primaryImageOfPage\":{\"@id\":\"https:\\\/\\\/nordlinepaadid.ee\\\/et\\\/pood\\\/paadi-ja-jahivarvid\\\/muud-varvid\\\/varvieemaldussusteem-peelaway-marine\\\/#primaryimage\"},\"image\":{\"@id\":\"https:\\\/\\\/nordlinepaadid.ee\\\/et\\\/pood\\\/paadi-ja-jahivarvid\\\/muud-varvid\\\/varvieemaldussusteem-peelaway-marine\\\/#primaryimage\"},\"thumbnailUrl\":\"https:\\\/\\\/nordlinepaadid.ee\\\/wp-content\\\/uploads\\\/2023\\\/03\\\/5572_peelaway-marine-antifoul-remover-7838-p.jpg\",\"datePublished\":\"2026-04-07T00:16:12+00:00\",\"dateModified\":\"2026-04-07T23:01:12+00:00\",\"breadcrumb\":{\"@id\":\"https:\\\/\\\/nordlinepaadid.ee\\\/et\\\/pood\\\/paadi-ja-jahivarvid\\\/muud-varvid\\\/varvieemaldussusteem-peelaway-marine\\\/#breadcrumb\"},\"inLanguage\":\"et\",\"potentialAction\":[{\"@type\":\"ReadAction\",\"target\":[\"https:\\\/\\\/nordlinepaadid.ee\\\/et\\\/pood\\\/paadi-ja-jahivarvid\\\/muud-varvid\\\/varvieemaldussusteem-peelaway-marine\\\/\"]}]},{\"@type\":\"ImageObject\",\"inLanguage\":\"et\",\"@id\":\"https:\\\/\\\/nordlinepaadid.ee\\\/et\\\/pood\\\/paadi-ja-jahivarvid\\\/muud-varvid\\\/varvieemaldussusteem-peelaway-marine\\\/#primaryimage\",\"url\":\"https:\\\/\\\/nordlinepaadid.ee\\\/wp-content\\\/uploads\\\/2023\\\/03\\\/5572_peelaway-marine-antifoul-remover-7838-p.jpg\",\"contentUrl\":\"https:\\\/\\\/nordlinepaadid.ee\\\/wp-content\\\/uploads\\\/2023\\\/03\\\/5572_peelaway-marine-antifoul-remover-7838-p.jpg\",\"width\":999,\"height\":999},{\"@type\":\"BreadcrumbList\",\"@id\":\"https:\\\/\\\/nordlinepaadid.ee\\\/et\\\/pood\\\/paadi-ja-jahivarvid\\\/muud-varvid\\\/varvieemaldussusteem-peelaway-marine\\\/#breadcrumb\",\"itemListElement\":[{\"@type\":\"ListItem\",\"position\":1,\"name\":\"Home\",\"item\":\"https:\\\/\\\/nordlinepaadid.ee\\\/et\\\/\"},{\"@type\":\"ListItem\",\"position\":2,\"name\":\"Pood\",\"item\":\"https:\\\/\\\/nordlinepaadid.ee\\\/et\\\/pood\\\/\"},{\"@type\":\"ListItem\",\"position\":3,\"name\":\"V\u00c4RVIEEMALDUSS\u00dcSTEEM- PEELAWAY MARINE\"}]},{\"@type\":\"WebSite\",\"@id\":\"https:\\\/\\\/nordlinepaadid.ee\\\/et\\\/#website\",\"url\":\"https:\\\/\\\/nordlinepaadid.ee\\\/et\\\/\",\"name\":\"NORDLINE s\u00f5udepaadid ja mootorpaadid. Klaasfiiber materjalist.\",\"description\":\"\",\"publisher\":{\"@id\":\"https:\\\/\\\/nordlinepaadid.ee\\\/et\\\/#organization\"},\"potentialAction\":[{\"@type\":\"SearchAction\",\"target\":{\"@type\":\"EntryPoint\",\"urlTemplate\":\"https:\\\/\\\/nordlinepaadid.ee\\\/et\\\/?s={search_term_string}\"},\"query-input\":{\"@type\":\"PropertyValueSpecification\",\"valueRequired\":true,\"valueName\":\"search_term_string\"}}],\"inLanguage\":\"et\"},{\"@type\":\"Organization\",\"@id\":\"https:\\\/\\\/nordlinepaadid.ee\\\/et\\\/#organization\",\"name\":\"Nordlineboats\",\"url\":\"https:\\\/\\\/nordlinepaadid.ee\\\/et\\\/\",\"logo\":{\"@type\":\"ImageObject\",\"inLanguage\":\"et\",\"@id\":\"https:\\\/\\\/nordlinepaadid.ee\\\/et\\\/#\\\/schema\\\/logo\\\/image\\\/\",\"url\":\"https:\\\/\\\/nordlinepaadid.ee\\\/wp-content\\\/uploads\\\/2023\\\/01\\\/fulllogo_transparent_nobuffer-e1672750475494.png\",\"contentUrl\":\"https:\\\/\\\/nordlinepaadid.ee\\\/wp-content\\\/uploads\\\/2023\\\/01\\\/fulllogo_transparent_nobuffer-e1672750475494.png\",\"width\":150,\"height\":119,\"caption\":\"Nordlineboats\"},\"image\":{\"@id\":\"https:\\\/\\\/nordlinepaadid.ee\\\/et\\\/#\\\/schema\\\/logo\\\/image\\\/\"},\"sameAs\":[\"https:\\\/\\\/www.facebook.com\\\/nordlineboats\",\"https:\\\/\\\/www.youtube.com\\\/channel\\\/UCbgF0fy02y3QkFnujaLTaCA\"]}]}<\/script>\n<!-- \/ Yoast SEO plugin. -->","yoast_head_json":{"title":"V\u00c4RVIEEMALDUSS\u00dcSTEEM- PEELAWAY MARINE - NORDLINE s\u00f5udepaadid ja mootorpaadid. Klaasfiiber materjalist.","robots":{"index":"index","follow":"follow","max-snippet":"max-snippet:-1","max-image-preview":"max-image-preview:large","max-video-preview":"max-video-preview:-1"},"canonical":"https:\/\/nordlinepaadid.ee\/et\/pood\/paadi-ja-jahivarvid\/muud-varvid\/varvieemaldussusteem-peelaway-marine\/","og_locale":"et_EE","og_type":"article","og_title":"V\u00c4RVIEEMALDUSS\u00dcSTEEM- PEELAWAY MARINE - NORDLINE s\u00f5udepaadid ja mootorpaadid. Klaasfiiber materjalist.","og_description":"Peelaway Marine eemaldab m\u00fcrkv\u00e4rvi kihid \u00fche pealekandmisega. Inglismaal toodetud Peelaway Marine-t saab kasutada plastik-, puit-, metall-, ja betoonpindadel. Peelaway kasutamisega ei kahjustata paadi pinda liigse kraapimisega. Vee baasil p\u00f5hinev tootekoostis hoiab eemaldamissegu pikalt aktiivsena ega lase sel kuivada. Tootega tuleb kaasa ka spetsiaalne riie, mis aitab vahendil toimida ning seob eemaldatavast m\u00fcrkv\u00e4rvist v\u00f5i v\u00e4rvi\/laki j\u00e4\u00e4kidest...","og_url":"https:\/\/nordlinepaadid.ee\/et\/pood\/paadi-ja-jahivarvid\/muud-varvid\/varvieemaldussusteem-peelaway-marine\/","og_site_name":"NORDLINE s\u00f5udepaadid ja mootorpaadid. Klaasfiiber materjalist.","article_publisher":"https:\/\/www.facebook.com\/nordlineboats","article_modified_time":"2026-04-07T23:01:12+00:00","og_image":[{"width":999,"height":999,"url":"https:\/\/nordlinepaadid.ee\/wp-content\/uploads\/2023\/03\/5572_peelaway-marine-antifoul-remover-7838-p.jpg","type":"image\/jpeg"}],"twitter_card":"summary_large_image","twitter_misc":{"Est. reading time":"1 minut"},"schema":{"@context":"https:\/\/schema.org","@graph":[{"@type":"WebPage","@id":"https:\/\/nordlinepaadid.ee\/et\/pood\/paadi-ja-jahivarvid\/muud-varvid\/varvieemaldussusteem-peelaway-marine\/","url":"https:\/\/nordlinepaadid.ee\/et\/pood\/paadi-ja-jahivarvid\/muud-varvid\/varvieemaldussusteem-peelaway-marine\/","name":"V\u00c4RVIEEMALDUSS\u00dcSTEEM- PEELAWAY MARINE - NORDLINE s\u00f5udepaadid ja mootorpaadid. Klaasfiiber materjalist.","isPartOf":{"@id":"https:\/\/nordlinepaadid.ee\/et\/#website"},"primaryImageOfPage":{"@id":"https:\/\/nordlinepaadid.ee\/et\/pood\/paadi-ja-jahivarvid\/muud-varvid\/varvieemaldussusteem-peelaway-marine\/#primaryimage"},"image":{"@id":"https:\/\/nordlinepaadid.ee\/et\/pood\/paadi-ja-jahivarvid\/muud-varvid\/varvieemaldussusteem-peelaway-marine\/#primaryimage"},"thumbnailUrl":"https:\/\/nordlinepaadid.ee\/wp-content\/uploads\/2023\/03\/5572_peelaway-marine-antifoul-remover-7838-p.jpg","datePublished":"2026-04-07T00:16:12+00:00","dateModified":"2026-04-07T23:01:12+00:00","breadcrumb":{"@id":"https:\/\/nordlinepaadid.ee\/et\/pood\/paadi-ja-jahivarvid\/muud-varvid\/varvieemaldussusteem-peelaway-marine\/#breadcrumb"},"inLanguage":"et","potentialAction":[{"@type":"ReadAction","target":["https:\/\/nordlinepaadid.ee\/et\/pood\/paadi-ja-jahivarvid\/muud-varvid\/varvieemaldussusteem-peelaway-marine\/"]}]},{"@type":"ImageObject","inLanguage":"et","@id":"https:\/\/nordlinepaadid.ee\/et\/pood\/paadi-ja-jahivarvid\/muud-varvid\/varvieemaldussusteem-peelaway-marine\/#primaryimage","url":"https:\/\/nordlinepaadid.ee\/wp-content\/uploads\/2023\/03\/5572_peelaway-marine-antifoul-remover-7838-p.jpg","contentUrl":"https:\/\/nordlinepaadid.ee\/wp-content\/uploads\/2023\/03\/5572_peelaway-marine-antifoul-remover-7838-p.jpg","width":999,"height":999},{"@type":"BreadcrumbList","@id":"https:\/\/nordlinepaadid.ee\/et\/pood\/paadi-ja-jahivarvid\/muud-varvid\/varvieemaldussusteem-peelaway-marine\/#breadcrumb","itemListElement":[{"@type":"ListItem","position":1,"name":"Home","item":"https:\/\/nordlinepaadid.ee\/et\/"},{"@type":"ListItem","position":2,"name":"Pood","item":"https:\/\/nordlinepaadid.ee\/et\/pood\/"},{"@type":"ListItem","position":3,"name":"V\u00c4RVIEEMALDUSS\u00dcSTEEM- PEELAWAY MARINE"}]},{"@type":"WebSite","@id":"https:\/\/nordlinepaadid.ee\/et\/#website","url":"https:\/\/nordlinepaadid.ee\/et\/","name":"NORDLINE s\u00f5udepaadid ja mootorpaadid. Klaasfiiber materjalist.","description":"","publisher":{"@id":"https:\/\/nordlinepaadid.ee\/et\/#organization"},"potentialAction":[{"@type":"SearchAction","target":{"@type":"EntryPoint","urlTemplate":"https:\/\/nordlinepaadid.ee\/et\/?s={search_term_string}"},"query-input":{"@type":"PropertyValueSpecification","valueRequired":true,"valueName":"search_term_string"}}],"inLanguage":"et"},{"@type":"Organization","@id":"https:\/\/nordlinepaadid.ee\/et\/#organization","name":"Nordlineboats","url":"https:\/\/nordlinepaadid.ee\/et\/","logo":{"@type":"ImageObject","inLanguage":"et","@id":"https:\/\/nordlinepaadid.ee\/et\/#\/schema\/logo\/image\/","url":"https:\/\/nordlinepaadid.ee\/wp-content\/uploads\/2023\/01\/fulllogo_transparent_nobuffer-e1672750475494.png","contentUrl":"https:\/\/nordlinepaadid.ee\/wp-content\/uploads\/2023\/01\/fulllogo_transparent_nobuffer-e1672750475494.png","width":150,"height":119,"caption":"Nordlineboats"},"image":{"@id":"https:\/\/nordlinepaadid.ee\/et\/#\/schema\/logo\/image\/"},"sameAs":["https:\/\/www.facebook.com\/nordlineboats","https:\/\/www.youtube.com\/channel\/UCbgF0fy02y3QkFnujaLTaCA"]}]}},"taxonomy_info":{"product_cat":[{"value":289,"label":"Muud v\u00e4rvid, Spetsiaaltooted"},{"value":229,"label":"PAADI- JA JAHIV\u00c4RVID"}],"pa_producer":[{"value":478,"label":"Teal &amp; Mackrill Ltd."}],"pa_unit":[{"value":573,"label":"kg"}]},"featured_image_src_large":["https:\/\/nordlinepaadid.ee\/wp-content\/uploads\/2023\/03\/5572_peelaway-marine-antifoul-remover-7838-p.jpg",999,999,false],"author_info":[],"comment_info":"","_links":{"self":[{"href":"https:\/\/nordlinepaadid.ee\/et\/wp-json\/wp\/v2\/product\/23638","targetHints":{"allow":["GET"]}}],"collection":[{"href":"https:\/\/nordlinepaadid.ee\/et\/wp-json\/wp\/v2\/product"}],"about":[{"href":"https:\/\/nordlinepaadid.ee\/et\/wp-json\/wp\/v2\/types\/product"}],"wp:featuredmedia":[{"embeddable":true,"href":"https:\/\/nordlinepaadid.ee\/et\/wp-json\/wp\/v2\/media\/23639"}],"wp:attachment":[{"href":"https:\/\/nordlinepaadid.ee\/et\/wp-json\/wp\/v2\/media?parent=23638"}],"wp:term":[{"taxonomy":"product_brand","embeddable":true,"href":"https:\/\/nordlinepaadid.ee\/et\/wp-json\/wp\/v2\/product_brand?post=23638"},{"taxonomy":"product_cat","embeddable":true,"href":"https:\/\/nordlinepaadid.ee\/et\/wp-json\/wp\/v2\/product_cat?post=23638"},{"taxonomy":"product_tag","embeddable":true,"href":"https:\/\/nordlinepaadid.ee\/et\/wp-json\/wp\/v2\/product_tag?post=23638"}],"curies":[{"name":"wp","href":"https:\/\/api.w.org\/{rel}","templated":true}]}}