{"id":23747,"date":"2026-04-14T03:13:12","date_gmt":"2026-04-14T00:13:12","guid":{"rendered":"https:\/\/nordlinepaadid.ee\/pood\/waterfroof-grease-bardahl-cap-horn-400-gr\/"},"modified":"2026-04-14T12:04:33","modified_gmt":"2026-04-14T09:04:33","slug":"veekindel-maare-bardahl-cap-horn-400-g","status":"publish","type":"product","link":"https:\/\/nordlinepaadid.ee\/et\/pood\/paadihooldusvahendid\/oils-greases\/veekindel-maare-bardahl-cap-horn-400-g\/","title":{"rendered":"VEEKINDEL M\u00c4\u00c4RE- BARDAHL CAP HORN, 400 g"},"content":{"rendered":"<p>Bardahl Cap Horn m\u00e4\u00e4rde koostis baseerub kaltsium seebil, k\u00f5rgrafineeritud mineraal\u00f5lil ja pol\u00fcmeeril, mis on spetsiaalselt v\u00e4lja t\u00f6\u00f6tatud mereveega kokkupuutuvate materjalide ja detailide kaitseks ning m\u00e4\u00e4rimiseks. M\u00e4\u00e4rde vastupidavus mereveele tagab nii laagrite, avatud hammasratastele, kui ka trossidele suurep\u00e4rase m\u00e4\u00e4rduvuse isegi rasketes ilmastikuoludes. Suurep\u00e4rane vastupidavus vee v\u00e4ljauhte suhtes. Nakkub h\u00e4sti metalliga ja ja tagab hea isolatsiooni. Kuluvuse kaitse ja vastupidavus suurtele koormustele. Vastab NATO tehnilistele n\u00f5uetele antud valdkonnas (460 G \/ Navy 7420B GAI (Grease Joints Immersed)).<\/p>\n","protected":false},"excerpt":{"rendered":"<p>Bardahl Cap Horn m\u00e4\u00e4rde koostis baseerub kaltsium seebil, k\u00f5rgrafineeritud mineraal\u00f5lil ja pol\u00fcmeeril, mis on spetsiaalselt v\u00e4lja t\u00f6\u00f6tatud mereveega kokkupuutuvate materjalide ja detailide kaitseks ning m\u00e4\u00e4rimiseks. M\u00e4\u00e4rde vastupidavus mereveele tagab nii laagrite, avatud hammasratastele, kui ka trossidele suurep\u00e4rase m\u00e4\u00e4rduvuse isegi rasketes ilmastikuoludes. Suurep\u00e4rane vastupidavus vee v\u00e4ljauhte suhtes. Nakkub h\u00e4sti metalliga ja ja tagab hea isolatsiooni. Kuluvuse&#8230;<\/p>\n","protected":false},"featured_media":23748,"template":"","meta":{"_kad_blocks_custom_css":"","_kad_blocks_head_custom_js":"","_kad_blocks_body_custom_js":"","_kad_blocks_footer_custom_js":"","_kad_post_transparent":"","_kad_post_title":"","_kad_post_layout":"","_kad_post_sidebar_id":"","_kad_post_content_style":"","_kad_post_vertical_padding":"","_kad_post_feature":"","_kad_post_feature_position":"","_kad_post_header":false,"_kad_post_footer":false,"_kad_post_classname":""},"product_brand":[],"product_cat":[286,284],"product_tag":[],"class_list":{"0":"post-23747","1":"product","2":"type-product","3":"status-publish","4":"has-post-thumbnail","6":"product_cat-oils-greases","7":"product_cat-paadihooldusvahendid","8":"product_shipping_class-pakiautomaati-mahtuv-kaup","9":"pa_producer-bardahl","10":"tm-no-options","12":"first","13":"onbackorder","14":"taxable","15":"shipping-taxable","16":"purchasable","17":"product-type-simple","18":"entry","19":"content-bg","20":"loop-entry"},"yoast_head":"<!-- This site is optimized with the Yoast SEO plugin v27.3 - https:\/\/yoast.com\/product\/yoast-seo-wordpress\/ -->\n<title>VEEKINDEL M\u00c4\u00c4RE- BARDAHL CAP HORN, 400 g - NORDLINE s\u00f5udepaadid ja mootorpaadid. Klaasfiiber materjalist.<\/title>\n<meta name=\"robots\" content=\"index, follow, max-snippet:-1, max-image-preview:large, max-video-preview:-1\" \/>\n<link rel=\"canonical\" href=\"https:\/\/nordlinepaadid.ee\/et\/pood\/paadihooldusvahendid\/oils-greases\/veekindel-maare-bardahl-cap-horn-400-g\/\" \/>\n<meta property=\"og:locale\" content=\"et_EE\" \/>\n<meta property=\"og:type\" content=\"article\" \/>\n<meta property=\"og:title\" content=\"VEEKINDEL M\u00c4\u00c4RE- BARDAHL CAP HORN, 400 g - NORDLINE s\u00f5udepaadid ja mootorpaadid. Klaasfiiber materjalist.\" \/>\n<meta property=\"og:description\" content=\"Bardahl Cap Horn m\u00e4\u00e4rde koostis baseerub kaltsium seebil, k\u00f5rgrafineeritud mineraal\u00f5lil ja pol\u00fcmeeril, mis on spetsiaalselt v\u00e4lja t\u00f6\u00f6tatud mereveega kokkupuutuvate materjalide ja detailide kaitseks ning m\u00e4\u00e4rimiseks. M\u00e4\u00e4rde vastupidavus mereveele tagab nii laagrite, avatud hammasratastele, kui ka trossidele suurep\u00e4rase m\u00e4\u00e4rduvuse isegi rasketes ilmastikuoludes. Suurep\u00e4rane vastupidavus vee v\u00e4ljauhte suhtes. Nakkub h\u00e4sti metalliga ja ja tagab hea isolatsiooni. Kuluvuse...\" \/>\n<meta property=\"og:url\" content=\"https:\/\/nordlinepaadid.ee\/et\/pood\/paadihooldusvahendid\/oils-greases\/veekindel-maare-bardahl-cap-horn-400-g\/\" \/>\n<meta property=\"og:site_name\" content=\"NORDLINE s\u00f5udepaadid ja mootorpaadid. Klaasfiiber materjalist.\" \/>\n<meta property=\"article:publisher\" content=\"https:\/\/www.facebook.com\/nordlineboats\" \/>\n<meta property=\"article:modified_time\" content=\"2026-04-14T09:04:33+00:00\" \/>\n<meta property=\"og:image\" content=\"https:\/\/nordlinepaadid.ee\/wp-content\/uploads\/2023\/03\/5623_cap_corn.jpg\" \/>\n\t<meta property=\"og:image:width\" content=\"243\" \/>\n\t<meta property=\"og:image:height\" content=\"640\" \/>\n\t<meta property=\"og:image:type\" content=\"image\/jpeg\" \/>\n<meta name=\"twitter:card\" content=\"summary_large_image\" \/>\n<script type=\"application\/ld+json\" class=\"yoast-schema-graph\">{\"@context\":\"https:\\\/\\\/schema.org\",\"@graph\":[{\"@type\":\"WebPage\",\"@id\":\"https:\\\/\\\/nordlinepaadid.ee\\\/et\\\/pood\\\/paadihooldusvahendid\\\/oils-greases\\\/veekindel-maare-bardahl-cap-horn-400-g\\\/\",\"url\":\"https:\\\/\\\/nordlinepaadid.ee\\\/et\\\/pood\\\/paadihooldusvahendid\\\/oils-greases\\\/veekindel-maare-bardahl-cap-horn-400-g\\\/\",\"name\":\"VEEKINDEL M\u00c4\u00c4RE- BARDAHL CAP HORN, 400 g - NORDLINE s\u00f5udepaadid ja mootorpaadid. Klaasfiiber materjalist.\",\"isPartOf\":{\"@id\":\"https:\\\/\\\/nordlinepaadid.ee\\\/et\\\/#website\"},\"primaryImageOfPage\":{\"@id\":\"https:\\\/\\\/nordlinepaadid.ee\\\/et\\\/pood\\\/paadihooldusvahendid\\\/oils-greases\\\/veekindel-maare-bardahl-cap-horn-400-g\\\/#primaryimage\"},\"image\":{\"@id\":\"https:\\\/\\\/nordlinepaadid.ee\\\/et\\\/pood\\\/paadihooldusvahendid\\\/oils-greases\\\/veekindel-maare-bardahl-cap-horn-400-g\\\/#primaryimage\"},\"thumbnailUrl\":\"https:\\\/\\\/nordlinepaadid.ee\\\/wp-content\\\/uploads\\\/2023\\\/03\\\/5623_cap_corn.jpg\",\"datePublished\":\"2026-04-14T00:13:12+00:00\",\"dateModified\":\"2026-04-14T09:04:33+00:00\",\"breadcrumb\":{\"@id\":\"https:\\\/\\\/nordlinepaadid.ee\\\/et\\\/pood\\\/paadihooldusvahendid\\\/oils-greases\\\/veekindel-maare-bardahl-cap-horn-400-g\\\/#breadcrumb\"},\"inLanguage\":\"et\",\"potentialAction\":[{\"@type\":\"ReadAction\",\"target\":[\"https:\\\/\\\/nordlinepaadid.ee\\\/et\\\/pood\\\/paadihooldusvahendid\\\/oils-greases\\\/veekindel-maare-bardahl-cap-horn-400-g\\\/\"]}]},{\"@type\":\"ImageObject\",\"inLanguage\":\"et\",\"@id\":\"https:\\\/\\\/nordlinepaadid.ee\\\/et\\\/pood\\\/paadihooldusvahendid\\\/oils-greases\\\/veekindel-maare-bardahl-cap-horn-400-g\\\/#primaryimage\",\"url\":\"https:\\\/\\\/nordlinepaadid.ee\\\/wp-content\\\/uploads\\\/2023\\\/03\\\/5623_cap_corn.jpg\",\"contentUrl\":\"https:\\\/\\\/nordlinepaadid.ee\\\/wp-content\\\/uploads\\\/2023\\\/03\\\/5623_cap_corn.jpg\",\"width\":243,\"height\":640},{\"@type\":\"BreadcrumbList\",\"@id\":\"https:\\\/\\\/nordlinepaadid.ee\\\/et\\\/pood\\\/paadihooldusvahendid\\\/oils-greases\\\/veekindel-maare-bardahl-cap-horn-400-g\\\/#breadcrumb\",\"itemListElement\":[{\"@type\":\"ListItem\",\"position\":1,\"name\":\"Home\",\"item\":\"https:\\\/\\\/nordlinepaadid.ee\\\/et\\\/\"},{\"@type\":\"ListItem\",\"position\":2,\"name\":\"Pood\",\"item\":\"https:\\\/\\\/nordlinepaadid.ee\\\/et\\\/pood\\\/\"},{\"@type\":\"ListItem\",\"position\":3,\"name\":\"VEEKINDEL M\u00c4\u00c4RE- BARDAHL CAP HORN, 400 g\"}]},{\"@type\":\"WebSite\",\"@id\":\"https:\\\/\\\/nordlinepaadid.ee\\\/et\\\/#website\",\"url\":\"https:\\\/\\\/nordlinepaadid.ee\\\/et\\\/\",\"name\":\"NORDLINE s\u00f5udepaadid ja mootorpaadid. Klaasfiiber materjalist.\",\"description\":\"\",\"publisher\":{\"@id\":\"https:\\\/\\\/nordlinepaadid.ee\\\/et\\\/#organization\"},\"potentialAction\":[{\"@type\":\"SearchAction\",\"target\":{\"@type\":\"EntryPoint\",\"urlTemplate\":\"https:\\\/\\\/nordlinepaadid.ee\\\/et\\\/?s={search_term_string}\"},\"query-input\":{\"@type\":\"PropertyValueSpecification\",\"valueRequired\":true,\"valueName\":\"search_term_string\"}}],\"inLanguage\":\"et\"},{\"@type\":\"Organization\",\"@id\":\"https:\\\/\\\/nordlinepaadid.ee\\\/et\\\/#organization\",\"name\":\"Nordlineboats\",\"url\":\"https:\\\/\\\/nordlinepaadid.ee\\\/et\\\/\",\"logo\":{\"@type\":\"ImageObject\",\"inLanguage\":\"et\",\"@id\":\"https:\\\/\\\/nordlinepaadid.ee\\\/et\\\/#\\\/schema\\\/logo\\\/image\\\/\",\"url\":\"https:\\\/\\\/nordlinepaadid.ee\\\/wp-content\\\/uploads\\\/2023\\\/01\\\/fulllogo_transparent_nobuffer-e1672750475494.png\",\"contentUrl\":\"https:\\\/\\\/nordlinepaadid.ee\\\/wp-content\\\/uploads\\\/2023\\\/01\\\/fulllogo_transparent_nobuffer-e1672750475494.png\",\"width\":150,\"height\":119,\"caption\":\"Nordlineboats\"},\"image\":{\"@id\":\"https:\\\/\\\/nordlinepaadid.ee\\\/et\\\/#\\\/schema\\\/logo\\\/image\\\/\"},\"sameAs\":[\"https:\\\/\\\/www.facebook.com\\\/nordlineboats\",\"https:\\\/\\\/www.youtube.com\\\/channel\\\/UCbgF0fy02y3QkFnujaLTaCA\"]}]}<\/script>\n<!-- \/ Yoast SEO plugin. -->","yoast_head_json":{"title":"VEEKINDEL M\u00c4\u00c4RE- BARDAHL CAP HORN, 400 g - NORDLINE s\u00f5udepaadid ja mootorpaadid. Klaasfiiber materjalist.","robots":{"index":"index","follow":"follow","max-snippet":"max-snippet:-1","max-image-preview":"max-image-preview:large","max-video-preview":"max-video-preview:-1"},"canonical":"https:\/\/nordlinepaadid.ee\/et\/pood\/paadihooldusvahendid\/oils-greases\/veekindel-maare-bardahl-cap-horn-400-g\/","og_locale":"et_EE","og_type":"article","og_title":"VEEKINDEL M\u00c4\u00c4RE- BARDAHL CAP HORN, 400 g - NORDLINE s\u00f5udepaadid ja mootorpaadid. Klaasfiiber materjalist.","og_description":"Bardahl Cap Horn m\u00e4\u00e4rde koostis baseerub kaltsium seebil, k\u00f5rgrafineeritud mineraal\u00f5lil ja pol\u00fcmeeril, mis on spetsiaalselt v\u00e4lja t\u00f6\u00f6tatud mereveega kokkupuutuvate materjalide ja detailide kaitseks ning m\u00e4\u00e4rimiseks. M\u00e4\u00e4rde vastupidavus mereveele tagab nii laagrite, avatud hammasratastele, kui ka trossidele suurep\u00e4rase m\u00e4\u00e4rduvuse isegi rasketes ilmastikuoludes. Suurep\u00e4rane vastupidavus vee v\u00e4ljauhte suhtes. Nakkub h\u00e4sti metalliga ja ja tagab hea isolatsiooni. Kuluvuse...","og_url":"https:\/\/nordlinepaadid.ee\/et\/pood\/paadihooldusvahendid\/oils-greases\/veekindel-maare-bardahl-cap-horn-400-g\/","og_site_name":"NORDLINE s\u00f5udepaadid ja mootorpaadid. Klaasfiiber materjalist.","article_publisher":"https:\/\/www.facebook.com\/nordlineboats","article_modified_time":"2026-04-14T09:04:33+00:00","og_image":[{"width":243,"height":640,"url":"https:\/\/nordlinepaadid.ee\/wp-content\/uploads\/2023\/03\/5623_cap_corn.jpg","type":"image\/jpeg"}],"twitter_card":"summary_large_image","schema":{"@context":"https:\/\/schema.org","@graph":[{"@type":"WebPage","@id":"https:\/\/nordlinepaadid.ee\/et\/pood\/paadihooldusvahendid\/oils-greases\/veekindel-maare-bardahl-cap-horn-400-g\/","url":"https:\/\/nordlinepaadid.ee\/et\/pood\/paadihooldusvahendid\/oils-greases\/veekindel-maare-bardahl-cap-horn-400-g\/","name":"VEEKINDEL M\u00c4\u00c4RE- BARDAHL CAP HORN, 400 g - NORDLINE s\u00f5udepaadid ja mootorpaadid. Klaasfiiber materjalist.","isPartOf":{"@id":"https:\/\/nordlinepaadid.ee\/et\/#website"},"primaryImageOfPage":{"@id":"https:\/\/nordlinepaadid.ee\/et\/pood\/paadihooldusvahendid\/oils-greases\/veekindel-maare-bardahl-cap-horn-400-g\/#primaryimage"},"image":{"@id":"https:\/\/nordlinepaadid.ee\/et\/pood\/paadihooldusvahendid\/oils-greases\/veekindel-maare-bardahl-cap-horn-400-g\/#primaryimage"},"thumbnailUrl":"https:\/\/nordlinepaadid.ee\/wp-content\/uploads\/2023\/03\/5623_cap_corn.jpg","datePublished":"2026-04-14T00:13:12+00:00","dateModified":"2026-04-14T09:04:33+00:00","breadcrumb":{"@id":"https:\/\/nordlinepaadid.ee\/et\/pood\/paadihooldusvahendid\/oils-greases\/veekindel-maare-bardahl-cap-horn-400-g\/#breadcrumb"},"inLanguage":"et","potentialAction":[{"@type":"ReadAction","target":["https:\/\/nordlinepaadid.ee\/et\/pood\/paadihooldusvahendid\/oils-greases\/veekindel-maare-bardahl-cap-horn-400-g\/"]}]},{"@type":"ImageObject","inLanguage":"et","@id":"https:\/\/nordlinepaadid.ee\/et\/pood\/paadihooldusvahendid\/oils-greases\/veekindel-maare-bardahl-cap-horn-400-g\/#primaryimage","url":"https:\/\/nordlinepaadid.ee\/wp-content\/uploads\/2023\/03\/5623_cap_corn.jpg","contentUrl":"https:\/\/nordlinepaadid.ee\/wp-content\/uploads\/2023\/03\/5623_cap_corn.jpg","width":243,"height":640},{"@type":"BreadcrumbList","@id":"https:\/\/nordlinepaadid.ee\/et\/pood\/paadihooldusvahendid\/oils-greases\/veekindel-maare-bardahl-cap-horn-400-g\/#breadcrumb","itemListElement":[{"@type":"ListItem","position":1,"name":"Home","item":"https:\/\/nordlinepaadid.ee\/et\/"},{"@type":"ListItem","position":2,"name":"Pood","item":"https:\/\/nordlinepaadid.ee\/et\/pood\/"},{"@type":"ListItem","position":3,"name":"VEEKINDEL M\u00c4\u00c4RE- BARDAHL CAP HORN, 400 g"}]},{"@type":"WebSite","@id":"https:\/\/nordlinepaadid.ee\/et\/#website","url":"https:\/\/nordlinepaadid.ee\/et\/","name":"NORDLINE s\u00f5udepaadid ja mootorpaadid. Klaasfiiber materjalist.","description":"","publisher":{"@id":"https:\/\/nordlinepaadid.ee\/et\/#organization"},"potentialAction":[{"@type":"SearchAction","target":{"@type":"EntryPoint","urlTemplate":"https:\/\/nordlinepaadid.ee\/et\/?s={search_term_string}"},"query-input":{"@type":"PropertyValueSpecification","valueRequired":true,"valueName":"search_term_string"}}],"inLanguage":"et"},{"@type":"Organization","@id":"https:\/\/nordlinepaadid.ee\/et\/#organization","name":"Nordlineboats","url":"https:\/\/nordlinepaadid.ee\/et\/","logo":{"@type":"ImageObject","inLanguage":"et","@id":"https:\/\/nordlinepaadid.ee\/et\/#\/schema\/logo\/image\/","url":"https:\/\/nordlinepaadid.ee\/wp-content\/uploads\/2023\/01\/fulllogo_transparent_nobuffer-e1672750475494.png","contentUrl":"https:\/\/nordlinepaadid.ee\/wp-content\/uploads\/2023\/01\/fulllogo_transparent_nobuffer-e1672750475494.png","width":150,"height":119,"caption":"Nordlineboats"},"image":{"@id":"https:\/\/nordlinepaadid.ee\/et\/#\/schema\/logo\/image\/"},"sameAs":["https:\/\/www.facebook.com\/nordlineboats","https:\/\/www.youtube.com\/channel\/UCbgF0fy02y3QkFnujaLTaCA"]}]}},"taxonomy_info":{"product_cat":[{"value":286,"label":"\u00d5lid, M\u00e4\u00e4rded"},{"value":284,"label":"PAADIHOOLDUSVAHENDID"}],"pa_producer":[{"value":575,"label":"Bardahl"}]},"featured_image_src_large":["https:\/\/nordlinepaadid.ee\/wp-content\/uploads\/2023\/03\/5623_cap_corn.jpg",243,640,false],"author_info":[],"comment_info":"","_links":{"self":[{"href":"https:\/\/nordlinepaadid.ee\/et\/wp-json\/wp\/v2\/product\/23747","targetHints":{"allow":["GET"]}}],"collection":[{"href":"https:\/\/nordlinepaadid.ee\/et\/wp-json\/wp\/v2\/product"}],"about":[{"href":"https:\/\/nordlinepaadid.ee\/et\/wp-json\/wp\/v2\/types\/product"}],"wp:featuredmedia":[{"embeddable":true,"href":"https:\/\/nordlinepaadid.ee\/et\/wp-json\/wp\/v2\/media\/23748"}],"wp:attachment":[{"href":"https:\/\/nordlinepaadid.ee\/et\/wp-json\/wp\/v2\/media?parent=23747"}],"wp:term":[{"taxonomy":"product_brand","embeddable":true,"href":"https:\/\/nordlinepaadid.ee\/et\/wp-json\/wp\/v2\/product_brand?post=23747"},{"taxonomy":"product_cat","embeddable":true,"href":"https:\/\/nordlinepaadid.ee\/et\/wp-json\/wp\/v2\/product_cat?post=23747"},{"taxonomy":"product_tag","embeddable":true,"href":"https:\/\/nordlinepaadid.ee\/et\/wp-json\/wp\/v2\/product_tag?post=23747"}],"curies":[{"name":"wp","href":"https:\/\/api.w.org\/{rel}","templated":true}]}}