{"id":24871,"date":"2026-04-07T03:17:14","date_gmt":"2026-04-07T00:17:14","guid":{"rendered":"https:\/\/nordlinepaadid.ee\/pood\/boatcare-sharkbite-barnacle-remover-05-l\/"},"modified":"2026-04-08T14:01:01","modified_gmt":"2026-04-08T11:01:01","slug":"nuivahkide-eemaldusvahend-sharkbite-barnacle-remover-05-l","status":"publish","type":"product","link":"https:\/\/nordlinepaadid.ee\/et\/pood\/paadihooldusvahendid\/boat-care-and-cleaning\/nuivahkide-eemaldusvahend-sharkbite-barnacle-remover-05-l\/","title":{"rendered":"NUIV\u00c4HKIDE EEMALDUSVAHEND &#8211; SHARKBITE BARNACLE REMOVER, 0,5 l"},"content":{"rendered":"<p>Sharkbite Barnacle Remover on \u00fclitugev vahend, mis sobilik mootorijala, kere, trimmilabade ja s\u00f5ukruvi puhastamiseks nuiv\u00e4hkidest. T\u00f5hus ja v\u00f5imas lubja lahusti muudab nuiv\u00e4hkide eemaldamise lihtsaks, samas kahjustamata k\u00f5rvalolevaid pindu. Toodet v\u00f5ib kasutada ka lakitud v\u00f5i v\u00e4rvitud pindadel, alumiiniumil, terasel, geelkattel, klaaskiud pindadel, Sharkbite ei sisalda soolhapet ega ole k\u00fclmatundlik. Biolagunev toode. 500 ml pihustiga pudel.<\/p>\n<p>&#13;<\/p>\n<p><iframe loading=\"lazy\" allowfullscreen=\"\" frameborder=\"0\" height=\"360\" src=\"\/\/www.youtube.com\/embed\/y-KpBFvP0io\" width=\"640\"><\/iframe><\/p>\n<p>&#13;<\/p>\n","protected":false},"excerpt":{"rendered":"<p>Sharkbite Barnacle Remover on \u00fclitugev vahend, mis sobilik mootorijala, kere, trimmilabade ja s\u00f5ukruvi puhastamiseks nuiv\u00e4hkidest. T\u00f5hus ja v\u00f5imas lubja lahusti muudab nuiv\u00e4hkide eemaldamise lihtsaks, samas kahjustamata k\u00f5rvalolevaid pindu. Toodet v\u00f5ib kasutada ka lakitud v\u00f5i v\u00e4rvitud pindadel, alumiiniumil, terasel, geelkattel, klaaskiud pindadel, Sharkbite ei sisalda soolhapet ega ole k\u00fclmatundlik. Biolagunev toode. 500 ml pihustiga pudel. &#13;&#8230;<\/p>\n","protected":false},"featured_media":24872,"template":"","meta":{"_kad_blocks_custom_css":"","_kad_blocks_head_custom_js":"","_kad_blocks_body_custom_js":"","_kad_blocks_footer_custom_js":"","_kad_post_transparent":"","_kad_post_title":"","_kad_post_layout":"","_kad_post_sidebar_id":"","_kad_post_content_style":"","_kad_post_vertical_padding":"","_kad_post_feature":"","_kad_post_feature_position":"","_kad_post_header":false,"_kad_post_footer":false,"_kad_post_classname":""},"product_brand":[],"product_cat":[284,285],"product_tag":[],"class_list":{"0":"post-24871","1":"product","2":"type-product","3":"status-publish","4":"has-post-thumbnail","6":"product_cat-paadihooldusvahendid","7":"product_cat-boat-care-and-cleaning","8":"product_shipping_class-pakiautomaati-mahtuv-kaup","9":"pa_unit-l","10":"tm-no-options","12":"first","13":"onbackorder","14":"sale","15":"taxable","16":"shipping-taxable","17":"purchasable","18":"product-type-simple","19":"entry","20":"content-bg","21":"loop-entry"},"yoast_head":"<!-- This site is optimized with the Yoast SEO plugin v27.3 - https:\/\/yoast.com\/product\/yoast-seo-wordpress\/ -->\n<title>NUIV\u00c4HKIDE EEMALDUSVAHEND - SHARKBITE BARNACLE REMOVER, 0,5 l - NORDLINE s\u00f5udepaadid ja mootorpaadid. Klaasfiiber materjalist.<\/title>\n<meta name=\"robots\" content=\"index, follow, max-snippet:-1, max-image-preview:large, max-video-preview:-1\" \/>\n<link rel=\"canonical\" href=\"https:\/\/nordlinepaadid.ee\/et\/pood\/paadihooldusvahendid\/boat-care-and-cleaning\/nuivahkide-eemaldusvahend-sharkbite-barnacle-remover-05-l\/\" \/>\n<meta property=\"og:locale\" content=\"et_EE\" \/>\n<meta property=\"og:type\" content=\"article\" \/>\n<meta property=\"og:title\" content=\"NUIV\u00c4HKIDE EEMALDUSVAHEND - SHARKBITE BARNACLE REMOVER, 0,5 l - NORDLINE s\u00f5udepaadid ja mootorpaadid. Klaasfiiber materjalist.\" \/>\n<meta property=\"og:description\" content=\"Sharkbite Barnacle Remover on \u00fclitugev vahend, mis sobilik mootorijala, kere, trimmilabade ja s\u00f5ukruvi puhastamiseks nuiv\u00e4hkidest. T\u00f5hus ja v\u00f5imas lubja lahusti muudab nuiv\u00e4hkide eemaldamise lihtsaks, samas kahjustamata k\u00f5rvalolevaid pindu. Toodet v\u00f5ib kasutada ka lakitud v\u00f5i v\u00e4rvitud pindadel, alumiiniumil, terasel, geelkattel, klaaskiud pindadel, Sharkbite ei sisalda soolhapet ega ole k\u00fclmatundlik. Biolagunev toode. 500 ml pihustiga pudel. &#013;...\" \/>\n<meta property=\"og:url\" content=\"https:\/\/nordlinepaadid.ee\/et\/pood\/paadihooldusvahendid\/boat-care-and-cleaning\/nuivahkide-eemaldusvahend-sharkbite-barnacle-remover-05-l\/\" \/>\n<meta property=\"og:site_name\" content=\"NORDLINE s\u00f5udepaadid ja mootorpaadid. Klaasfiiber materjalist.\" \/>\n<meta property=\"article:publisher\" content=\"https:\/\/www.facebook.com\/nordlineboats\" \/>\n<meta property=\"article:modified_time\" content=\"2026-04-08T11:01:01+00:00\" \/>\n<meta property=\"og:image\" content=\"https:\/\/nordlinepaadid.ee\/wp-content\/uploads\/2023\/03\/6285_br-2017-scaled.jpg\" \/>\n\t<meta property=\"og:image:width\" content=\"1665\" \/>\n\t<meta property=\"og:image:height\" content=\"2560\" \/>\n\t<meta property=\"og:image:type\" content=\"image\/jpeg\" \/>\n<meta name=\"twitter:card\" content=\"summary_large_image\" \/>\n<script type=\"application\/ld+json\" class=\"yoast-schema-graph\">{\"@context\":\"https:\\\/\\\/schema.org\",\"@graph\":[{\"@type\":\"WebPage\",\"@id\":\"https:\\\/\\\/nordlinepaadid.ee\\\/et\\\/pood\\\/paadihooldusvahendid\\\/boat-care-and-cleaning\\\/nuivahkide-eemaldusvahend-sharkbite-barnacle-remover-05-l\\\/\",\"url\":\"https:\\\/\\\/nordlinepaadid.ee\\\/et\\\/pood\\\/paadihooldusvahendid\\\/boat-care-and-cleaning\\\/nuivahkide-eemaldusvahend-sharkbite-barnacle-remover-05-l\\\/\",\"name\":\"NUIV\u00c4HKIDE EEMALDUSVAHEND - SHARKBITE BARNACLE REMOVER, 0,5 l - NORDLINE s\u00f5udepaadid ja mootorpaadid. Klaasfiiber materjalist.\",\"isPartOf\":{\"@id\":\"https:\\\/\\\/nordlinepaadid.ee\\\/et\\\/#website\"},\"primaryImageOfPage\":{\"@id\":\"https:\\\/\\\/nordlinepaadid.ee\\\/et\\\/pood\\\/paadihooldusvahendid\\\/boat-care-and-cleaning\\\/nuivahkide-eemaldusvahend-sharkbite-barnacle-remover-05-l\\\/#primaryimage\"},\"image\":{\"@id\":\"https:\\\/\\\/nordlinepaadid.ee\\\/et\\\/pood\\\/paadihooldusvahendid\\\/boat-care-and-cleaning\\\/nuivahkide-eemaldusvahend-sharkbite-barnacle-remover-05-l\\\/#primaryimage\"},\"thumbnailUrl\":\"https:\\\/\\\/nordlinepaadid.ee\\\/wp-content\\\/uploads\\\/2023\\\/03\\\/6285_br-2017-scaled.jpg\",\"datePublished\":\"2026-04-07T00:17:14+00:00\",\"dateModified\":\"2026-04-08T11:01:01+00:00\",\"breadcrumb\":{\"@id\":\"https:\\\/\\\/nordlinepaadid.ee\\\/et\\\/pood\\\/paadihooldusvahendid\\\/boat-care-and-cleaning\\\/nuivahkide-eemaldusvahend-sharkbite-barnacle-remover-05-l\\\/#breadcrumb\"},\"inLanguage\":\"et\",\"potentialAction\":[{\"@type\":\"ReadAction\",\"target\":[\"https:\\\/\\\/nordlinepaadid.ee\\\/et\\\/pood\\\/paadihooldusvahendid\\\/boat-care-and-cleaning\\\/nuivahkide-eemaldusvahend-sharkbite-barnacle-remover-05-l\\\/\"]}]},{\"@type\":\"ImageObject\",\"inLanguage\":\"et\",\"@id\":\"https:\\\/\\\/nordlinepaadid.ee\\\/et\\\/pood\\\/paadihooldusvahendid\\\/boat-care-and-cleaning\\\/nuivahkide-eemaldusvahend-sharkbite-barnacle-remover-05-l\\\/#primaryimage\",\"url\":\"https:\\\/\\\/nordlinepaadid.ee\\\/wp-content\\\/uploads\\\/2023\\\/03\\\/6285_br-2017-scaled.jpg\",\"contentUrl\":\"https:\\\/\\\/nordlinepaadid.ee\\\/wp-content\\\/uploads\\\/2023\\\/03\\\/6285_br-2017-scaled.jpg\",\"width\":1665,\"height\":2560},{\"@type\":\"BreadcrumbList\",\"@id\":\"https:\\\/\\\/nordlinepaadid.ee\\\/et\\\/pood\\\/paadihooldusvahendid\\\/boat-care-and-cleaning\\\/nuivahkide-eemaldusvahend-sharkbite-barnacle-remover-05-l\\\/#breadcrumb\",\"itemListElement\":[{\"@type\":\"ListItem\",\"position\":1,\"name\":\"Home\",\"item\":\"https:\\\/\\\/nordlinepaadid.ee\\\/et\\\/\"},{\"@type\":\"ListItem\",\"position\":2,\"name\":\"Pood\",\"item\":\"https:\\\/\\\/nordlinepaadid.ee\\\/et\\\/pood\\\/\"},{\"@type\":\"ListItem\",\"position\":3,\"name\":\"NUIV\u00c4HKIDE EEMALDUSVAHEND &#8211; SHARKBITE BARNACLE REMOVER, 0,5 l\"}]},{\"@type\":\"WebSite\",\"@id\":\"https:\\\/\\\/nordlinepaadid.ee\\\/et\\\/#website\",\"url\":\"https:\\\/\\\/nordlinepaadid.ee\\\/et\\\/\",\"name\":\"NORDLINE s\u00f5udepaadid ja mootorpaadid. Klaasfiiber materjalist.\",\"description\":\"\",\"publisher\":{\"@id\":\"https:\\\/\\\/nordlinepaadid.ee\\\/et\\\/#organization\"},\"potentialAction\":[{\"@type\":\"SearchAction\",\"target\":{\"@type\":\"EntryPoint\",\"urlTemplate\":\"https:\\\/\\\/nordlinepaadid.ee\\\/et\\\/?s={search_term_string}\"},\"query-input\":{\"@type\":\"PropertyValueSpecification\",\"valueRequired\":true,\"valueName\":\"search_term_string\"}}],\"inLanguage\":\"et\"},{\"@type\":\"Organization\",\"@id\":\"https:\\\/\\\/nordlinepaadid.ee\\\/et\\\/#organization\",\"name\":\"Nordlineboats\",\"url\":\"https:\\\/\\\/nordlinepaadid.ee\\\/et\\\/\",\"logo\":{\"@type\":\"ImageObject\",\"inLanguage\":\"et\",\"@id\":\"https:\\\/\\\/nordlinepaadid.ee\\\/et\\\/#\\\/schema\\\/logo\\\/image\\\/\",\"url\":\"https:\\\/\\\/nordlinepaadid.ee\\\/wp-content\\\/uploads\\\/2023\\\/01\\\/fulllogo_transparent_nobuffer-e1672750475494.png\",\"contentUrl\":\"https:\\\/\\\/nordlinepaadid.ee\\\/wp-content\\\/uploads\\\/2023\\\/01\\\/fulllogo_transparent_nobuffer-e1672750475494.png\",\"width\":150,\"height\":119,\"caption\":\"Nordlineboats\"},\"image\":{\"@id\":\"https:\\\/\\\/nordlinepaadid.ee\\\/et\\\/#\\\/schema\\\/logo\\\/image\\\/\"},\"sameAs\":[\"https:\\\/\\\/www.facebook.com\\\/nordlineboats\",\"https:\\\/\\\/www.youtube.com\\\/channel\\\/UCbgF0fy02y3QkFnujaLTaCA\"]}]}<\/script>\n<!-- \/ Yoast SEO plugin. -->","yoast_head_json":{"title":"NUIV\u00c4HKIDE EEMALDUSVAHEND - SHARKBITE BARNACLE REMOVER, 0,5 l - NORDLINE s\u00f5udepaadid ja mootorpaadid. Klaasfiiber materjalist.","robots":{"index":"index","follow":"follow","max-snippet":"max-snippet:-1","max-image-preview":"max-image-preview:large","max-video-preview":"max-video-preview:-1"},"canonical":"https:\/\/nordlinepaadid.ee\/et\/pood\/paadihooldusvahendid\/boat-care-and-cleaning\/nuivahkide-eemaldusvahend-sharkbite-barnacle-remover-05-l\/","og_locale":"et_EE","og_type":"article","og_title":"NUIV\u00c4HKIDE EEMALDUSVAHEND - SHARKBITE BARNACLE REMOVER, 0,5 l - NORDLINE s\u00f5udepaadid ja mootorpaadid. Klaasfiiber materjalist.","og_description":"Sharkbite Barnacle Remover on \u00fclitugev vahend, mis sobilik mootorijala, kere, trimmilabade ja s\u00f5ukruvi puhastamiseks nuiv\u00e4hkidest. T\u00f5hus ja v\u00f5imas lubja lahusti muudab nuiv\u00e4hkide eemaldamise lihtsaks, samas kahjustamata k\u00f5rvalolevaid pindu. Toodet v\u00f5ib kasutada ka lakitud v\u00f5i v\u00e4rvitud pindadel, alumiiniumil, terasel, geelkattel, klaaskiud pindadel, Sharkbite ei sisalda soolhapet ega ole k\u00fclmatundlik. Biolagunev toode. 500 ml pihustiga pudel. &#13;...","og_url":"https:\/\/nordlinepaadid.ee\/et\/pood\/paadihooldusvahendid\/boat-care-and-cleaning\/nuivahkide-eemaldusvahend-sharkbite-barnacle-remover-05-l\/","og_site_name":"NORDLINE s\u00f5udepaadid ja mootorpaadid. Klaasfiiber materjalist.","article_publisher":"https:\/\/www.facebook.com\/nordlineboats","article_modified_time":"2026-04-08T11:01:01+00:00","og_image":[{"width":1665,"height":2560,"url":"https:\/\/nordlinepaadid.ee\/wp-content\/uploads\/2023\/03\/6285_br-2017-scaled.jpg","type":"image\/jpeg"}],"twitter_card":"summary_large_image","schema":{"@context":"https:\/\/schema.org","@graph":[{"@type":"WebPage","@id":"https:\/\/nordlinepaadid.ee\/et\/pood\/paadihooldusvahendid\/boat-care-and-cleaning\/nuivahkide-eemaldusvahend-sharkbite-barnacle-remover-05-l\/","url":"https:\/\/nordlinepaadid.ee\/et\/pood\/paadihooldusvahendid\/boat-care-and-cleaning\/nuivahkide-eemaldusvahend-sharkbite-barnacle-remover-05-l\/","name":"NUIV\u00c4HKIDE EEMALDUSVAHEND - SHARKBITE BARNACLE REMOVER, 0,5 l - NORDLINE s\u00f5udepaadid ja mootorpaadid. Klaasfiiber materjalist.","isPartOf":{"@id":"https:\/\/nordlinepaadid.ee\/et\/#website"},"primaryImageOfPage":{"@id":"https:\/\/nordlinepaadid.ee\/et\/pood\/paadihooldusvahendid\/boat-care-and-cleaning\/nuivahkide-eemaldusvahend-sharkbite-barnacle-remover-05-l\/#primaryimage"},"image":{"@id":"https:\/\/nordlinepaadid.ee\/et\/pood\/paadihooldusvahendid\/boat-care-and-cleaning\/nuivahkide-eemaldusvahend-sharkbite-barnacle-remover-05-l\/#primaryimage"},"thumbnailUrl":"https:\/\/nordlinepaadid.ee\/wp-content\/uploads\/2023\/03\/6285_br-2017-scaled.jpg","datePublished":"2026-04-07T00:17:14+00:00","dateModified":"2026-04-08T11:01:01+00:00","breadcrumb":{"@id":"https:\/\/nordlinepaadid.ee\/et\/pood\/paadihooldusvahendid\/boat-care-and-cleaning\/nuivahkide-eemaldusvahend-sharkbite-barnacle-remover-05-l\/#breadcrumb"},"inLanguage":"et","potentialAction":[{"@type":"ReadAction","target":["https:\/\/nordlinepaadid.ee\/et\/pood\/paadihooldusvahendid\/boat-care-and-cleaning\/nuivahkide-eemaldusvahend-sharkbite-barnacle-remover-05-l\/"]}]},{"@type":"ImageObject","inLanguage":"et","@id":"https:\/\/nordlinepaadid.ee\/et\/pood\/paadihooldusvahendid\/boat-care-and-cleaning\/nuivahkide-eemaldusvahend-sharkbite-barnacle-remover-05-l\/#primaryimage","url":"https:\/\/nordlinepaadid.ee\/wp-content\/uploads\/2023\/03\/6285_br-2017-scaled.jpg","contentUrl":"https:\/\/nordlinepaadid.ee\/wp-content\/uploads\/2023\/03\/6285_br-2017-scaled.jpg","width":1665,"height":2560},{"@type":"BreadcrumbList","@id":"https:\/\/nordlinepaadid.ee\/et\/pood\/paadihooldusvahendid\/boat-care-and-cleaning\/nuivahkide-eemaldusvahend-sharkbite-barnacle-remover-05-l\/#breadcrumb","itemListElement":[{"@type":"ListItem","position":1,"name":"Home","item":"https:\/\/nordlinepaadid.ee\/et\/"},{"@type":"ListItem","position":2,"name":"Pood","item":"https:\/\/nordlinepaadid.ee\/et\/pood\/"},{"@type":"ListItem","position":3,"name":"NUIV\u00c4HKIDE EEMALDUSVAHEND &#8211; SHARKBITE BARNACLE REMOVER, 0,5 l"}]},{"@type":"WebSite","@id":"https:\/\/nordlinepaadid.ee\/et\/#website","url":"https:\/\/nordlinepaadid.ee\/et\/","name":"NORDLINE s\u00f5udepaadid ja mootorpaadid. Klaasfiiber materjalist.","description":"","publisher":{"@id":"https:\/\/nordlinepaadid.ee\/et\/#organization"},"potentialAction":[{"@type":"SearchAction","target":{"@type":"EntryPoint","urlTemplate":"https:\/\/nordlinepaadid.ee\/et\/?s={search_term_string}"},"query-input":{"@type":"PropertyValueSpecification","valueRequired":true,"valueName":"search_term_string"}}],"inLanguage":"et"},{"@type":"Organization","@id":"https:\/\/nordlinepaadid.ee\/et\/#organization","name":"Nordlineboats","url":"https:\/\/nordlinepaadid.ee\/et\/","logo":{"@type":"ImageObject","inLanguage":"et","@id":"https:\/\/nordlinepaadid.ee\/et\/#\/schema\/logo\/image\/","url":"https:\/\/nordlinepaadid.ee\/wp-content\/uploads\/2023\/01\/fulllogo_transparent_nobuffer-e1672750475494.png","contentUrl":"https:\/\/nordlinepaadid.ee\/wp-content\/uploads\/2023\/01\/fulllogo_transparent_nobuffer-e1672750475494.png","width":150,"height":119,"caption":"Nordlineboats"},"image":{"@id":"https:\/\/nordlinepaadid.ee\/et\/#\/schema\/logo\/image\/"},"sameAs":["https:\/\/www.facebook.com\/nordlineboats","https:\/\/www.youtube.com\/channel\/UCbgF0fy02y3QkFnujaLTaCA"]}]}},"taxonomy_info":{"product_cat":[{"value":284,"label":"PAADIHOOLDUSVAHENDID"},{"value":285,"label":"Puhastus- ja hooldusvahendid"}],"pa_unit":[{"value":468,"label":"l"}]},"featured_image_src_large":["https:\/\/nordlinepaadid.ee\/wp-content\/uploads\/2023\/03\/6285_br-2017-666x1024.jpg",666,1024,true],"author_info":[],"comment_info":"","_links":{"self":[{"href":"https:\/\/nordlinepaadid.ee\/et\/wp-json\/wp\/v2\/product\/24871","targetHints":{"allow":["GET"]}}],"collection":[{"href":"https:\/\/nordlinepaadid.ee\/et\/wp-json\/wp\/v2\/product"}],"about":[{"href":"https:\/\/nordlinepaadid.ee\/et\/wp-json\/wp\/v2\/types\/product"}],"wp:featuredmedia":[{"embeddable":true,"href":"https:\/\/nordlinepaadid.ee\/et\/wp-json\/wp\/v2\/media\/24872"}],"wp:attachment":[{"href":"https:\/\/nordlinepaadid.ee\/et\/wp-json\/wp\/v2\/media?parent=24871"}],"wp:term":[{"taxonomy":"product_brand","embeddable":true,"href":"https:\/\/nordlinepaadid.ee\/et\/wp-json\/wp\/v2\/product_brand?post=24871"},{"taxonomy":"product_cat","embeddable":true,"href":"https:\/\/nordlinepaadid.ee\/et\/wp-json\/wp\/v2\/product_cat?post=24871"},{"taxonomy":"product_tag","embeddable":true,"href":"https:\/\/nordlinepaadid.ee\/et\/wp-json\/wp\/v2\/product_tag?post=24871"}],"curies":[{"name":"wp","href":"https:\/\/api.w.org\/{rel}","templated":true}]}}