{"id":25006,"date":"2026-04-07T03:17:22","date_gmt":"2026-04-07T00:17:22","guid":{"rendered":"https:\/\/nordlinepaadid.ee\/pood\/nano-boatcare-nasiol-metalshine\/"},"modified":"2026-04-08T22:04:56","modified_gmt":"2026-04-08T19:04:56","slug":"nano-hooldusvahend-nasiol-metalshine","status":"publish","type":"product","link":"https:\/\/nordlinepaadid.ee\/et\/pood\/paadihooldusvahendid\/nano-hooldusvahend-nasiol-metalshine\/","title":{"rendered":"NANO HOOLDUSVAHEND- NASIOL METALSHINE"},"content":{"rendered":"<p>Nanosprei Metalshine kaitseb sinu vees\u00f5iduki metallpindu UV-kiirte, soolase vee ja muude raskete plekkide eest, andes pindadele lihtsa puhastatvuse ja l\u00e4ikiva s\u00e4ra.<\/p>\n<p>&#13;<\/p>\n<p><strong><span style=\"font-size:12px\">KASUTAMINE: <\/span><\/strong><\/p>\n<p>&#13;<br \/>\n&#13;<\/p>\n<p>&nbsp;<\/p>\n<p>&#13;<br \/>\n&#13;<\/p>\n<p><span style=\"font-size:12px\">T\u00f6\u00f6tle pinda varjulises kohas ja v\u00e4ldi p\u00e4ikesevalgust. <\/span><\/p>\n<p>&#13;<br \/>\n&#13;<\/p>\n<p><span style=\"font-size:12px\">Pind peaks olema puhas igasugusest tolmust, veest, vahast, porist, \u00f5list, rasvast jne. <\/span><\/p>\n<p>&#13;<br \/>\n&#13;<\/p>\n<p><span style=\"font-size:12px\">Pihusta umbes 60 korda \u00fchele ruutmeetrile. <\/span><\/p>\n<p>&#13;<br \/>\n&#13;<\/p>\n<p><span style=\"font-size:12px\">P\u00fchi pind \u00fcle koheselt kuiva mikrofiibrist lapiga. <\/span><\/p>\n<p>&#13;<br \/>\n&#13;<\/p>\n<p>&nbsp;<\/p>\n<p>&#13;<br \/>\n&#13;<\/p>\n<p><span style=\"font-size:12px\">Kogus 50 ml <\/span><\/p>\n<p>&#13;<br \/>\n&#13;<\/p>\n<p><span style=\"font-size:12px\">T\u00f6\u00f6deltavate pindade t\u00fc\u00fcp: Vees\u00f5idukite metall pinnad <\/span><\/p>\n<p>&#13;<br \/>\n&#13;<\/p>\n<p><span style=\"font-size:12px\">Toote m\u00f5ju kestvus: kuni 1 aasta <\/span><\/p>\n<p>&#13;<br \/>\n&#13;<\/p>\n<p><span style=\"font-size:12px\">Kulu: 5 ml \/ m2 <\/span><\/p>\n<p>&#13;<br \/>\n&#13;<\/p>\n<p><span style=\"font-size:12px\">Kaitsekihi paksus: 200-300 nm <\/span><\/p>\n<p>&#13;<br \/>\n&#13;<\/p>\n<p><span style=\"font-size:12px\">Vett t\u00f5rjuv <\/span><\/p>\n<p>&#13;<br \/>\n&#13;<\/p>\n<p><span style=\"font-size:12px\">\u00d5li t\u00f5rjuv <\/span><\/p>\n<p>&#13;<br \/>\n&#13;<\/p>\n<p><span style=\"font-size:12px\">Vastupidavus temperatuurile: 275\u00b0 C <\/span><\/p>\n<p>&#13;<br \/>\n&#13;<\/p>\n<p><span style=\"font-size:12px\">Vastupidavus kemikaalidele: 12&gt;pH&gt;1 <\/span><\/p>\n<p>&#13;<br \/>\n&#13;<\/p>\n<p><span style=\"font-size:12px\">S\u00e4ilib 1 aasta avamata pudelis ja 1 n\u00e4dal avatud pudelis <\/span><\/p>\n<p>&#13;<br \/>\n&#13;<\/p>\n<p><span style=\"font-size:12px\">Hoiustamistingimused: -3\u00b0C kuni +30\u00b0C <\/span><\/p>\n<p>&#13;<br \/>\n&#13;<\/p>\n<p><span style=\"font-size:12px\">Kuivamisaeg: 24 h<\/span><\/p>\n<p>&#13;<br \/>\n&#13;<\/p>\n<p>&nbsp;<\/p>\n<p>&#13;<br \/>\n&#13;<\/p>\n<p><iframe loading=\"lazy\" allowfullscreen=\"\" frameborder=\"0\" height=\"360\" src=\"\/\/www.youtube.com\/embed\/qH22cYt3KD8\" width=\"640\"><\/iframe><\/p>\n<p>&#13;<\/p>\n","protected":false},"excerpt":{"rendered":"<p>Nanosprei Metalshine kaitseb sinu vees\u00f5iduki metallpindu UV-kiirte, soolase vee ja muude raskete plekkide eest, andes pindadele lihtsa puhastatvuse ja l\u00e4ikiva s\u00e4ra. &#13; KASUTAMINE: &#13; &#13; &nbsp; &#13; &#13; T\u00f6\u00f6tle pinda varjulises kohas ja v\u00e4ldi p\u00e4ikesevalgust. &#13; &#13; Pind peaks olema puhas igasugusest tolmust, veest, vahast, porist, \u00f5list, rasvast jne. &#13; &#13; Pihusta umbes 60 korda&#8230;<\/p>\n","protected":false},"featured_media":25007,"template":"","meta":{"_kad_blocks_custom_css":"","_kad_blocks_head_custom_js":"","_kad_blocks_body_custom_js":"","_kad_blocks_footer_custom_js":"","_kad_post_transparent":"","_kad_post_title":"","_kad_post_layout":"","_kad_post_sidebar_id":"","_kad_post_content_style":"","_kad_post_vertical_padding":"","_kad_post_feature":"","_kad_post_feature_position":"","_kad_post_header":false,"_kad_post_footer":false,"_kad_post_classname":""},"product_brand":[],"product_cat":[354,284],"product_tag":[],"class_list":{"0":"post-25006","1":"product","2":"type-product","3":"status-publish","4":"has-post-thumbnail","6":"product_cat-outlet","7":"product_cat-paadihooldusvahendid","8":"product_shipping_class-pakiautomaati-mahtuv-kaup","9":"pa_producer-nasiol","10":"pa_unit-ml","11":"tm-no-options","13":"first","14":"onbackorder","15":"sale","16":"taxable","17":"shipping-taxable","18":"purchasable","19":"product-type-simple","20":"entry","21":"content-bg","22":"loop-entry"},"yoast_head":"<!-- This site is optimized with the Yoast SEO plugin v27.3 - https:\/\/yoast.com\/product\/yoast-seo-wordpress\/ -->\n<title>NANO HOOLDUSVAHEND- NASIOL METALSHINE - NORDLINE s\u00f5udepaadid ja mootorpaadid. Klaasfiiber materjalist.<\/title>\n<meta name=\"robots\" content=\"index, follow, max-snippet:-1, max-image-preview:large, max-video-preview:-1\" \/>\n<link rel=\"canonical\" href=\"https:\/\/nordlinepaadid.ee\/et\/pood\/paadihooldusvahendid\/nano-hooldusvahend-nasiol-metalshine\/\" \/>\n<meta property=\"og:locale\" content=\"et_EE\" \/>\n<meta property=\"og:type\" content=\"article\" \/>\n<meta property=\"og:title\" content=\"NANO HOOLDUSVAHEND- NASIOL METALSHINE - NORDLINE s\u00f5udepaadid ja mootorpaadid. Klaasfiiber materjalist.\" \/>\n<meta property=\"og:description\" content=\"Nanosprei Metalshine kaitseb sinu vees\u00f5iduki metallpindu UV-kiirte, soolase vee ja muude raskete plekkide eest, andes pindadele lihtsa puhastatvuse ja l\u00e4ikiva s\u00e4ra. &#013; KASUTAMINE: &#013; &#013; &nbsp; &#013; &#013; T\u00f6\u00f6tle pinda varjulises kohas ja v\u00e4ldi p\u00e4ikesevalgust. &#013; &#013; Pind peaks olema puhas igasugusest tolmust, veest, vahast, porist, \u00f5list, rasvast jne. &#013; &#013; Pihusta umbes 60 korda...\" \/>\n<meta property=\"og:url\" content=\"https:\/\/nordlinepaadid.ee\/et\/pood\/paadihooldusvahendid\/nano-hooldusvahend-nasiol-metalshine\/\" \/>\n<meta property=\"og:site_name\" content=\"NORDLINE s\u00f5udepaadid ja mootorpaadid. Klaasfiiber materjalist.\" \/>\n<meta property=\"article:publisher\" content=\"https:\/\/www.facebook.com\/nordlineboats\" \/>\n<meta property=\"article:modified_time\" content=\"2026-04-08T19:04:56+00:00\" \/>\n<meta property=\"og:image\" content=\"https:\/\/nordlinepaadid.ee\/wp-content\/uploads\/2023\/03\/6447_DSC0005_800x.jpg\" \/>\n\t<meta property=\"og:image:width\" content=\"800\" \/>\n\t<meta property=\"og:image:height\" content=\"1204\" \/>\n\t<meta property=\"og:image:type\" content=\"image\/jpeg\" \/>\n<meta name=\"twitter:card\" content=\"summary_large_image\" \/>\n<meta name=\"twitter:label1\" content=\"Est. reading time\" \/>\n\t<meta name=\"twitter:data1\" content=\"1 minut\" \/>\n<script type=\"application\/ld+json\" class=\"yoast-schema-graph\">{\"@context\":\"https:\\\/\\\/schema.org\",\"@graph\":[{\"@type\":\"WebPage\",\"@id\":\"https:\\\/\\\/nordlinepaadid.ee\\\/et\\\/pood\\\/paadihooldusvahendid\\\/nano-hooldusvahend-nasiol-metalshine\\\/\",\"url\":\"https:\\\/\\\/nordlinepaadid.ee\\\/et\\\/pood\\\/paadihooldusvahendid\\\/nano-hooldusvahend-nasiol-metalshine\\\/\",\"name\":\"NANO HOOLDUSVAHEND- NASIOL METALSHINE - NORDLINE s\u00f5udepaadid ja mootorpaadid. Klaasfiiber materjalist.\",\"isPartOf\":{\"@id\":\"https:\\\/\\\/nordlinepaadid.ee\\\/et\\\/#website\"},\"primaryImageOfPage\":{\"@id\":\"https:\\\/\\\/nordlinepaadid.ee\\\/et\\\/pood\\\/paadihooldusvahendid\\\/nano-hooldusvahend-nasiol-metalshine\\\/#primaryimage\"},\"image\":{\"@id\":\"https:\\\/\\\/nordlinepaadid.ee\\\/et\\\/pood\\\/paadihooldusvahendid\\\/nano-hooldusvahend-nasiol-metalshine\\\/#primaryimage\"},\"thumbnailUrl\":\"https:\\\/\\\/nordlinepaadid.ee\\\/wp-content\\\/uploads\\\/2023\\\/03\\\/6447_DSC0005_800x.jpg\",\"datePublished\":\"2026-04-07T00:17:22+00:00\",\"dateModified\":\"2026-04-08T19:04:56+00:00\",\"breadcrumb\":{\"@id\":\"https:\\\/\\\/nordlinepaadid.ee\\\/et\\\/pood\\\/paadihooldusvahendid\\\/nano-hooldusvahend-nasiol-metalshine\\\/#breadcrumb\"},\"inLanguage\":\"et\",\"potentialAction\":[{\"@type\":\"ReadAction\",\"target\":[\"https:\\\/\\\/nordlinepaadid.ee\\\/et\\\/pood\\\/paadihooldusvahendid\\\/nano-hooldusvahend-nasiol-metalshine\\\/\"]}]},{\"@type\":\"ImageObject\",\"inLanguage\":\"et\",\"@id\":\"https:\\\/\\\/nordlinepaadid.ee\\\/et\\\/pood\\\/paadihooldusvahendid\\\/nano-hooldusvahend-nasiol-metalshine\\\/#primaryimage\",\"url\":\"https:\\\/\\\/nordlinepaadid.ee\\\/wp-content\\\/uploads\\\/2023\\\/03\\\/6447_DSC0005_800x.jpg\",\"contentUrl\":\"https:\\\/\\\/nordlinepaadid.ee\\\/wp-content\\\/uploads\\\/2023\\\/03\\\/6447_DSC0005_800x.jpg\",\"width\":800,\"height\":1204},{\"@type\":\"BreadcrumbList\",\"@id\":\"https:\\\/\\\/nordlinepaadid.ee\\\/et\\\/pood\\\/paadihooldusvahendid\\\/nano-hooldusvahend-nasiol-metalshine\\\/#breadcrumb\",\"itemListElement\":[{\"@type\":\"ListItem\",\"position\":1,\"name\":\"Home\",\"item\":\"https:\\\/\\\/nordlinepaadid.ee\\\/et\\\/\"},{\"@type\":\"ListItem\",\"position\":2,\"name\":\"Pood\",\"item\":\"https:\\\/\\\/nordlinepaadid.ee\\\/et\\\/pood\\\/\"},{\"@type\":\"ListItem\",\"position\":3,\"name\":\"NANO HOOLDUSVAHEND- NASIOL METALSHINE\"}]},{\"@type\":\"WebSite\",\"@id\":\"https:\\\/\\\/nordlinepaadid.ee\\\/et\\\/#website\",\"url\":\"https:\\\/\\\/nordlinepaadid.ee\\\/et\\\/\",\"name\":\"NORDLINE s\u00f5udepaadid ja mootorpaadid. Klaasfiiber materjalist.\",\"description\":\"\",\"publisher\":{\"@id\":\"https:\\\/\\\/nordlinepaadid.ee\\\/et\\\/#organization\"},\"potentialAction\":[{\"@type\":\"SearchAction\",\"target\":{\"@type\":\"EntryPoint\",\"urlTemplate\":\"https:\\\/\\\/nordlinepaadid.ee\\\/et\\\/?s={search_term_string}\"},\"query-input\":{\"@type\":\"PropertyValueSpecification\",\"valueRequired\":true,\"valueName\":\"search_term_string\"}}],\"inLanguage\":\"et\"},{\"@type\":\"Organization\",\"@id\":\"https:\\\/\\\/nordlinepaadid.ee\\\/et\\\/#organization\",\"name\":\"Nordlineboats\",\"url\":\"https:\\\/\\\/nordlinepaadid.ee\\\/et\\\/\",\"logo\":{\"@type\":\"ImageObject\",\"inLanguage\":\"et\",\"@id\":\"https:\\\/\\\/nordlinepaadid.ee\\\/et\\\/#\\\/schema\\\/logo\\\/image\\\/\",\"url\":\"https:\\\/\\\/nordlinepaadid.ee\\\/wp-content\\\/uploads\\\/2023\\\/01\\\/fulllogo_transparent_nobuffer-e1672750475494.png\",\"contentUrl\":\"https:\\\/\\\/nordlinepaadid.ee\\\/wp-content\\\/uploads\\\/2023\\\/01\\\/fulllogo_transparent_nobuffer-e1672750475494.png\",\"width\":150,\"height\":119,\"caption\":\"Nordlineboats\"},\"image\":{\"@id\":\"https:\\\/\\\/nordlinepaadid.ee\\\/et\\\/#\\\/schema\\\/logo\\\/image\\\/\"},\"sameAs\":[\"https:\\\/\\\/www.facebook.com\\\/nordlineboats\",\"https:\\\/\\\/www.youtube.com\\\/channel\\\/UCbgF0fy02y3QkFnujaLTaCA\"]}]}<\/script>\n<!-- \/ Yoast SEO plugin. -->","yoast_head_json":{"title":"NANO HOOLDUSVAHEND- NASIOL METALSHINE - NORDLINE s\u00f5udepaadid ja mootorpaadid. Klaasfiiber materjalist.","robots":{"index":"index","follow":"follow","max-snippet":"max-snippet:-1","max-image-preview":"max-image-preview:large","max-video-preview":"max-video-preview:-1"},"canonical":"https:\/\/nordlinepaadid.ee\/et\/pood\/paadihooldusvahendid\/nano-hooldusvahend-nasiol-metalshine\/","og_locale":"et_EE","og_type":"article","og_title":"NANO HOOLDUSVAHEND- NASIOL METALSHINE - NORDLINE s\u00f5udepaadid ja mootorpaadid. Klaasfiiber materjalist.","og_description":"Nanosprei Metalshine kaitseb sinu vees\u00f5iduki metallpindu UV-kiirte, soolase vee ja muude raskete plekkide eest, andes pindadele lihtsa puhastatvuse ja l\u00e4ikiva s\u00e4ra. &#13; KASUTAMINE: &#13; &#13; &nbsp; &#13; &#13; T\u00f6\u00f6tle pinda varjulises kohas ja v\u00e4ldi p\u00e4ikesevalgust. &#13; &#13; Pind peaks olema puhas igasugusest tolmust, veest, vahast, porist, \u00f5list, rasvast jne. &#13; &#13; Pihusta umbes 60 korda...","og_url":"https:\/\/nordlinepaadid.ee\/et\/pood\/paadihooldusvahendid\/nano-hooldusvahend-nasiol-metalshine\/","og_site_name":"NORDLINE s\u00f5udepaadid ja mootorpaadid. Klaasfiiber materjalist.","article_publisher":"https:\/\/www.facebook.com\/nordlineboats","article_modified_time":"2026-04-08T19:04:56+00:00","og_image":[{"width":800,"height":1204,"url":"https:\/\/nordlinepaadid.ee\/wp-content\/uploads\/2023\/03\/6447_DSC0005_800x.jpg","type":"image\/jpeg"}],"twitter_card":"summary_large_image","twitter_misc":{"Est. reading time":"1 minut"},"schema":{"@context":"https:\/\/schema.org","@graph":[{"@type":"WebPage","@id":"https:\/\/nordlinepaadid.ee\/et\/pood\/paadihooldusvahendid\/nano-hooldusvahend-nasiol-metalshine\/","url":"https:\/\/nordlinepaadid.ee\/et\/pood\/paadihooldusvahendid\/nano-hooldusvahend-nasiol-metalshine\/","name":"NANO HOOLDUSVAHEND- NASIOL METALSHINE - NORDLINE s\u00f5udepaadid ja mootorpaadid. Klaasfiiber materjalist.","isPartOf":{"@id":"https:\/\/nordlinepaadid.ee\/et\/#website"},"primaryImageOfPage":{"@id":"https:\/\/nordlinepaadid.ee\/et\/pood\/paadihooldusvahendid\/nano-hooldusvahend-nasiol-metalshine\/#primaryimage"},"image":{"@id":"https:\/\/nordlinepaadid.ee\/et\/pood\/paadihooldusvahendid\/nano-hooldusvahend-nasiol-metalshine\/#primaryimage"},"thumbnailUrl":"https:\/\/nordlinepaadid.ee\/wp-content\/uploads\/2023\/03\/6447_DSC0005_800x.jpg","datePublished":"2026-04-07T00:17:22+00:00","dateModified":"2026-04-08T19:04:56+00:00","breadcrumb":{"@id":"https:\/\/nordlinepaadid.ee\/et\/pood\/paadihooldusvahendid\/nano-hooldusvahend-nasiol-metalshine\/#breadcrumb"},"inLanguage":"et","potentialAction":[{"@type":"ReadAction","target":["https:\/\/nordlinepaadid.ee\/et\/pood\/paadihooldusvahendid\/nano-hooldusvahend-nasiol-metalshine\/"]}]},{"@type":"ImageObject","inLanguage":"et","@id":"https:\/\/nordlinepaadid.ee\/et\/pood\/paadihooldusvahendid\/nano-hooldusvahend-nasiol-metalshine\/#primaryimage","url":"https:\/\/nordlinepaadid.ee\/wp-content\/uploads\/2023\/03\/6447_DSC0005_800x.jpg","contentUrl":"https:\/\/nordlinepaadid.ee\/wp-content\/uploads\/2023\/03\/6447_DSC0005_800x.jpg","width":800,"height":1204},{"@type":"BreadcrumbList","@id":"https:\/\/nordlinepaadid.ee\/et\/pood\/paadihooldusvahendid\/nano-hooldusvahend-nasiol-metalshine\/#breadcrumb","itemListElement":[{"@type":"ListItem","position":1,"name":"Home","item":"https:\/\/nordlinepaadid.ee\/et\/"},{"@type":"ListItem","position":2,"name":"Pood","item":"https:\/\/nordlinepaadid.ee\/et\/pood\/"},{"@type":"ListItem","position":3,"name":"NANO HOOLDUSVAHEND- NASIOL METALSHINE"}]},{"@type":"WebSite","@id":"https:\/\/nordlinepaadid.ee\/et\/#website","url":"https:\/\/nordlinepaadid.ee\/et\/","name":"NORDLINE s\u00f5udepaadid ja mootorpaadid. Klaasfiiber materjalist.","description":"","publisher":{"@id":"https:\/\/nordlinepaadid.ee\/et\/#organization"},"potentialAction":[{"@type":"SearchAction","target":{"@type":"EntryPoint","urlTemplate":"https:\/\/nordlinepaadid.ee\/et\/?s={search_term_string}"},"query-input":{"@type":"PropertyValueSpecification","valueRequired":true,"valueName":"search_term_string"}}],"inLanguage":"et"},{"@type":"Organization","@id":"https:\/\/nordlinepaadid.ee\/et\/#organization","name":"Nordlineboats","url":"https:\/\/nordlinepaadid.ee\/et\/","logo":{"@type":"ImageObject","inLanguage":"et","@id":"https:\/\/nordlinepaadid.ee\/et\/#\/schema\/logo\/image\/","url":"https:\/\/nordlinepaadid.ee\/wp-content\/uploads\/2023\/01\/fulllogo_transparent_nobuffer-e1672750475494.png","contentUrl":"https:\/\/nordlinepaadid.ee\/wp-content\/uploads\/2023\/01\/fulllogo_transparent_nobuffer-e1672750475494.png","width":150,"height":119,"caption":"Nordlineboats"},"image":{"@id":"https:\/\/nordlinepaadid.ee\/et\/#\/schema\/logo\/image\/"},"sameAs":["https:\/\/www.facebook.com\/nordlineboats","https:\/\/www.youtube.com\/channel\/UCbgF0fy02y3QkFnujaLTaCA"]}]}},"taxonomy_info":{"product_cat":[{"value":354,"label":"L\u00d5PUM\u00dc\u00dcK \/ OUTLET"},{"value":284,"label":"PAADIHOOLDUSVAHENDID"}],"pa_producer":[{"value":589,"label":"Nasiol"}],"pa_unit":[{"value":433,"label":"ml"}]},"featured_image_src_large":["https:\/\/nordlinepaadid.ee\/wp-content\/uploads\/2023\/03\/6447_DSC0005_800x-680x1024.jpg",680,1024,true],"author_info":[],"comment_info":"","_links":{"self":[{"href":"https:\/\/nordlinepaadid.ee\/et\/wp-json\/wp\/v2\/product\/25006","targetHints":{"allow":["GET"]}}],"collection":[{"href":"https:\/\/nordlinepaadid.ee\/et\/wp-json\/wp\/v2\/product"}],"about":[{"href":"https:\/\/nordlinepaadid.ee\/et\/wp-json\/wp\/v2\/types\/product"}],"wp:featuredmedia":[{"embeddable":true,"href":"https:\/\/nordlinepaadid.ee\/et\/wp-json\/wp\/v2\/media\/25007"}],"wp:attachment":[{"href":"https:\/\/nordlinepaadid.ee\/et\/wp-json\/wp\/v2\/media?parent=25006"}],"wp:term":[{"taxonomy":"product_brand","embeddable":true,"href":"https:\/\/nordlinepaadid.ee\/et\/wp-json\/wp\/v2\/product_brand?post=25006"},{"taxonomy":"product_cat","embeddable":true,"href":"https:\/\/nordlinepaadid.ee\/et\/wp-json\/wp\/v2\/product_cat?post=25006"},{"taxonomy":"product_tag","embeddable":true,"href":"https:\/\/nordlinepaadid.ee\/et\/wp-json\/wp\/v2\/product_tag?post=25006"}],"curies":[{"name":"wp","href":"https:\/\/api.w.org\/{rel}","templated":true}]}}