{"id":25751,"date":"2026-04-07T03:18:02","date_gmt":"2026-04-07T00:18:02","guid":{"rendered":"https:\/\/nordlinepaadid.ee\/pood\/boatcare-autosol-boat-metal-polish-75-ml\/"},"modified":"2026-04-08T00:01:02","modified_gmt":"2026-04-07T21:01:02","slug":"poleerimisvahend-autosol-boat-metal-polish-75-ml","status":"publish","type":"product","link":"https:\/\/nordlinepaadid.ee\/et\/pood\/paadihooldusvahendid\/boat-care-and-cleaning\/poleerimisvahend-autosol-boat-metal-polish-75-ml\/","title":{"rendered":"POLEERIMISVAHEND- AUTOSOL, BOAT METAL POLISH, 75 ml"},"content":{"rendered":"<p>AUTOSOL\u00ae METAL POLISH poleerimisvahend k\u00f5ikidele metallosadele: kroom, messing, vask, nikkel, roostevaba teras jne. AUTOSOL\u00ae METAL POLISH puhastab, poleerib, kaitseb ja eemaldab rooste.&nbsp; AUTOSOL\u00ae METAL POLISH -ga v\u00f5ib poleerida paatide metall osasid. AUTOSOL\u00ae METAL POLISH annab s\u00e4rava l\u00e4ike ja kestva ilmastikukaitse. AUTOSOL\u00ae METAL POLISH kantakse \u00f5hukeselt peale ja poleeritakse pehme lapiga. AUTOSOL\u00ae METAL POLISH on m\u00f5eldud poleerimiseks; autod, veoautod, mootorrattad, jalgrattad, lambid, k\u00fc\u00fcnlajalad, muusikainstrumendid, kellad, metallm\u00f6\u00f6bel, vormid jne. AUTOSOL\u00ae METAL POLISH&#8217;i ei soovitata kasutada dekoratiivsete esemete kuld- v\u00f5i h\u00f5bepinnale. Koostisosad: 15 &#8211; 30 % alifaatseid s\u00fcsivesinikke; 5 &#8211; 15 % seepi; &lt; 5 % anioonilisi pindaktiivsed ained, aromaatsed s\u00fcsivesinikud. Hoida lastele k\u00e4ttesaamatus kohas.<\/p>\n<p>&#13;<\/p>\n<p><iframe loading=\"lazy\" allowfullscreen=\"\" frameborder=\"0\" height=\"360\" src=\"\/\/www.youtube.com\/embed\/c_dDy5CCYb0\" width=\"640\"><\/iframe><\/p>\n<p>&#13;<\/p>\n","protected":false},"excerpt":{"rendered":"<p>AUTOSOL\u00ae METAL POLISH poleerimisvahend k\u00f5ikidele metallosadele: kroom, messing, vask, nikkel, roostevaba teras jne. AUTOSOL\u00ae METAL POLISH puhastab, poleerib, kaitseb ja eemaldab rooste.&nbsp; AUTOSOL\u00ae METAL POLISH -ga v\u00f5ib poleerida paatide metall osasid. AUTOSOL\u00ae METAL POLISH annab s\u00e4rava l\u00e4ike ja kestva ilmastikukaitse. AUTOSOL\u00ae METAL POLISH kantakse \u00f5hukeselt peale ja poleeritakse pehme lapiga. AUTOSOL\u00ae METAL POLISH on m\u00f5eldud&#8230;<\/p>\n","protected":false},"featured_media":25752,"template":"","meta":{"_kad_blocks_custom_css":"","_kad_blocks_head_custom_js":"","_kad_blocks_body_custom_js":"","_kad_blocks_footer_custom_js":"","_kad_post_transparent":"","_kad_post_title":"","_kad_post_layout":"","_kad_post_sidebar_id":"","_kad_post_content_style":"","_kad_post_vertical_padding":"","_kad_post_feature":"","_kad_post_feature_position":"","_kad_post_header":false,"_kad_post_footer":false,"_kad_post_classname":""},"product_brand":[],"product_cat":[284,285],"product_tag":[],"class_list":{"0":"post-25751","1":"product","2":"type-product","3":"status-publish","4":"has-post-thumbnail","6":"product_cat-paadihooldusvahendid","7":"product_cat-boat-care-and-cleaning","8":"product_shipping_class-pakiautomaati-mahtuv-kaup","9":"pa_producer-dursol","10":"pa_unit-ml","11":"tm-no-options","13":"first","14":"onbackorder","15":"sale","16":"taxable","17":"shipping-taxable","18":"purchasable","19":"product-type-simple","20":"entry","21":"content-bg","22":"loop-entry"},"yoast_head":"<!-- This site is optimized with the Yoast SEO plugin v27.3 - https:\/\/yoast.com\/product\/yoast-seo-wordpress\/ -->\n<title>POLEERIMISVAHEND- AUTOSOL, BOAT METAL POLISH, 75 ml - NORDLINE s\u00f5udepaadid ja mootorpaadid. Klaasfiiber materjalist.<\/title>\n<meta name=\"robots\" content=\"index, follow, max-snippet:-1, max-image-preview:large, max-video-preview:-1\" \/>\n<link rel=\"canonical\" href=\"https:\/\/nordlinepaadid.ee\/et\/pood\/paadihooldusvahendid\/boat-care-and-cleaning\/poleerimisvahend-autosol-boat-metal-polish-75-ml\/\" \/>\n<meta property=\"og:locale\" content=\"et_EE\" \/>\n<meta property=\"og:type\" content=\"article\" \/>\n<meta property=\"og:title\" content=\"POLEERIMISVAHEND- AUTOSOL, BOAT METAL POLISH, 75 ml - NORDLINE s\u00f5udepaadid ja mootorpaadid. Klaasfiiber materjalist.\" \/>\n<meta property=\"og:description\" content=\"AUTOSOL\u00ae METAL POLISH poleerimisvahend k\u00f5ikidele metallosadele: kroom, messing, vask, nikkel, roostevaba teras jne. AUTOSOL\u00ae METAL POLISH puhastab, poleerib, kaitseb ja eemaldab rooste.&nbsp; AUTOSOL\u00ae METAL POLISH -ga v\u00f5ib poleerida paatide metall osasid. AUTOSOL\u00ae METAL POLISH annab s\u00e4rava l\u00e4ike ja kestva ilmastikukaitse. AUTOSOL\u00ae METAL POLISH kantakse \u00f5hukeselt peale ja poleeritakse pehme lapiga. AUTOSOL\u00ae METAL POLISH on m\u00f5eldud...\" \/>\n<meta property=\"og:url\" content=\"https:\/\/nordlinepaadid.ee\/et\/pood\/paadihooldusvahendid\/boat-care-and-cleaning\/poleerimisvahend-autosol-boat-metal-polish-75-ml\/\" \/>\n<meta property=\"og:site_name\" content=\"NORDLINE s\u00f5udepaadid ja mootorpaadid. Klaasfiiber materjalist.\" \/>\n<meta property=\"article:publisher\" content=\"https:\/\/www.facebook.com\/nordlineboats\" \/>\n<meta property=\"article:modified_time\" content=\"2026-04-07T21:01:02+00:00\" \/>\n<meta property=\"og:image\" content=\"https:\/\/nordlinepaadid.ee\/wp-content\/uploads\/2023\/03\/7147_01-001190-Marine_Metal_Polish-Tube_75ml-Shop_480x480.jpg\" \/>\n\t<meta property=\"og:image:width\" content=\"480\" \/>\n\t<meta property=\"og:image:height\" content=\"480\" \/>\n\t<meta property=\"og:image:type\" content=\"image\/jpeg\" \/>\n<meta name=\"twitter:card\" content=\"summary_large_image\" \/>\n<meta name=\"twitter:label1\" content=\"Est. reading time\" \/>\n\t<meta name=\"twitter:data1\" content=\"1 minut\" \/>\n<script type=\"application\/ld+json\" class=\"yoast-schema-graph\">{\"@context\":\"https:\\\/\\\/schema.org\",\"@graph\":[{\"@type\":\"WebPage\",\"@id\":\"https:\\\/\\\/nordlinepaadid.ee\\\/et\\\/pood\\\/paadihooldusvahendid\\\/boat-care-and-cleaning\\\/poleerimisvahend-autosol-boat-metal-polish-75-ml\\\/\",\"url\":\"https:\\\/\\\/nordlinepaadid.ee\\\/et\\\/pood\\\/paadihooldusvahendid\\\/boat-care-and-cleaning\\\/poleerimisvahend-autosol-boat-metal-polish-75-ml\\\/\",\"name\":\"POLEERIMISVAHEND- AUTOSOL, BOAT METAL POLISH, 75 ml - NORDLINE s\u00f5udepaadid ja mootorpaadid. Klaasfiiber materjalist.\",\"isPartOf\":{\"@id\":\"https:\\\/\\\/nordlinepaadid.ee\\\/et\\\/#website\"},\"primaryImageOfPage\":{\"@id\":\"https:\\\/\\\/nordlinepaadid.ee\\\/et\\\/pood\\\/paadihooldusvahendid\\\/boat-care-and-cleaning\\\/poleerimisvahend-autosol-boat-metal-polish-75-ml\\\/#primaryimage\"},\"image\":{\"@id\":\"https:\\\/\\\/nordlinepaadid.ee\\\/et\\\/pood\\\/paadihooldusvahendid\\\/boat-care-and-cleaning\\\/poleerimisvahend-autosol-boat-metal-polish-75-ml\\\/#primaryimage\"},\"thumbnailUrl\":\"https:\\\/\\\/nordlinepaadid.ee\\\/wp-content\\\/uploads\\\/2023\\\/03\\\/7147_01-001190-Marine_Metal_Polish-Tube_75ml-Shop_480x480.jpg\",\"datePublished\":\"2026-04-07T00:18:02+00:00\",\"dateModified\":\"2026-04-07T21:01:02+00:00\",\"breadcrumb\":{\"@id\":\"https:\\\/\\\/nordlinepaadid.ee\\\/et\\\/pood\\\/paadihooldusvahendid\\\/boat-care-and-cleaning\\\/poleerimisvahend-autosol-boat-metal-polish-75-ml\\\/#breadcrumb\"},\"inLanguage\":\"et\",\"potentialAction\":[{\"@type\":\"ReadAction\",\"target\":[\"https:\\\/\\\/nordlinepaadid.ee\\\/et\\\/pood\\\/paadihooldusvahendid\\\/boat-care-and-cleaning\\\/poleerimisvahend-autosol-boat-metal-polish-75-ml\\\/\"]}]},{\"@type\":\"ImageObject\",\"inLanguage\":\"et\",\"@id\":\"https:\\\/\\\/nordlinepaadid.ee\\\/et\\\/pood\\\/paadihooldusvahendid\\\/boat-care-and-cleaning\\\/poleerimisvahend-autosol-boat-metal-polish-75-ml\\\/#primaryimage\",\"url\":\"https:\\\/\\\/nordlinepaadid.ee\\\/wp-content\\\/uploads\\\/2023\\\/03\\\/7147_01-001190-Marine_Metal_Polish-Tube_75ml-Shop_480x480.jpg\",\"contentUrl\":\"https:\\\/\\\/nordlinepaadid.ee\\\/wp-content\\\/uploads\\\/2023\\\/03\\\/7147_01-001190-Marine_Metal_Polish-Tube_75ml-Shop_480x480.jpg\",\"width\":480,\"height\":480},{\"@type\":\"BreadcrumbList\",\"@id\":\"https:\\\/\\\/nordlinepaadid.ee\\\/et\\\/pood\\\/paadihooldusvahendid\\\/boat-care-and-cleaning\\\/poleerimisvahend-autosol-boat-metal-polish-75-ml\\\/#breadcrumb\",\"itemListElement\":[{\"@type\":\"ListItem\",\"position\":1,\"name\":\"Home\",\"item\":\"https:\\\/\\\/nordlinepaadid.ee\\\/et\\\/\"},{\"@type\":\"ListItem\",\"position\":2,\"name\":\"Pood\",\"item\":\"https:\\\/\\\/nordlinepaadid.ee\\\/et\\\/pood\\\/\"},{\"@type\":\"ListItem\",\"position\":3,\"name\":\"POLEERIMISVAHEND- AUTOSOL, BOAT METAL POLISH, 75 ml\"}]},{\"@type\":\"WebSite\",\"@id\":\"https:\\\/\\\/nordlinepaadid.ee\\\/et\\\/#website\",\"url\":\"https:\\\/\\\/nordlinepaadid.ee\\\/et\\\/\",\"name\":\"NORDLINE s\u00f5udepaadid ja mootorpaadid. Klaasfiiber materjalist.\",\"description\":\"\",\"publisher\":{\"@id\":\"https:\\\/\\\/nordlinepaadid.ee\\\/et\\\/#organization\"},\"potentialAction\":[{\"@type\":\"SearchAction\",\"target\":{\"@type\":\"EntryPoint\",\"urlTemplate\":\"https:\\\/\\\/nordlinepaadid.ee\\\/et\\\/?s={search_term_string}\"},\"query-input\":{\"@type\":\"PropertyValueSpecification\",\"valueRequired\":true,\"valueName\":\"search_term_string\"}}],\"inLanguage\":\"et\"},{\"@type\":\"Organization\",\"@id\":\"https:\\\/\\\/nordlinepaadid.ee\\\/et\\\/#organization\",\"name\":\"Nordlineboats\",\"url\":\"https:\\\/\\\/nordlinepaadid.ee\\\/et\\\/\",\"logo\":{\"@type\":\"ImageObject\",\"inLanguage\":\"et\",\"@id\":\"https:\\\/\\\/nordlinepaadid.ee\\\/et\\\/#\\\/schema\\\/logo\\\/image\\\/\",\"url\":\"https:\\\/\\\/nordlinepaadid.ee\\\/wp-content\\\/uploads\\\/2023\\\/01\\\/fulllogo_transparent_nobuffer-e1672750475494.png\",\"contentUrl\":\"https:\\\/\\\/nordlinepaadid.ee\\\/wp-content\\\/uploads\\\/2023\\\/01\\\/fulllogo_transparent_nobuffer-e1672750475494.png\",\"width\":150,\"height\":119,\"caption\":\"Nordlineboats\"},\"image\":{\"@id\":\"https:\\\/\\\/nordlinepaadid.ee\\\/et\\\/#\\\/schema\\\/logo\\\/image\\\/\"},\"sameAs\":[\"https:\\\/\\\/www.facebook.com\\\/nordlineboats\",\"https:\\\/\\\/www.youtube.com\\\/channel\\\/UCbgF0fy02y3QkFnujaLTaCA\"]}]}<\/script>\n<!-- \/ Yoast SEO plugin. -->","yoast_head_json":{"title":"POLEERIMISVAHEND- AUTOSOL, BOAT METAL POLISH, 75 ml - NORDLINE s\u00f5udepaadid ja mootorpaadid. Klaasfiiber materjalist.","robots":{"index":"index","follow":"follow","max-snippet":"max-snippet:-1","max-image-preview":"max-image-preview:large","max-video-preview":"max-video-preview:-1"},"canonical":"https:\/\/nordlinepaadid.ee\/et\/pood\/paadihooldusvahendid\/boat-care-and-cleaning\/poleerimisvahend-autosol-boat-metal-polish-75-ml\/","og_locale":"et_EE","og_type":"article","og_title":"POLEERIMISVAHEND- AUTOSOL, BOAT METAL POLISH, 75 ml - NORDLINE s\u00f5udepaadid ja mootorpaadid. Klaasfiiber materjalist.","og_description":"AUTOSOL\u00ae METAL POLISH poleerimisvahend k\u00f5ikidele metallosadele: kroom, messing, vask, nikkel, roostevaba teras jne. AUTOSOL\u00ae METAL POLISH puhastab, poleerib, kaitseb ja eemaldab rooste.&nbsp; AUTOSOL\u00ae METAL POLISH -ga v\u00f5ib poleerida paatide metall osasid. AUTOSOL\u00ae METAL POLISH annab s\u00e4rava l\u00e4ike ja kestva ilmastikukaitse. AUTOSOL\u00ae METAL POLISH kantakse \u00f5hukeselt peale ja poleeritakse pehme lapiga. AUTOSOL\u00ae METAL POLISH on m\u00f5eldud...","og_url":"https:\/\/nordlinepaadid.ee\/et\/pood\/paadihooldusvahendid\/boat-care-and-cleaning\/poleerimisvahend-autosol-boat-metal-polish-75-ml\/","og_site_name":"NORDLINE s\u00f5udepaadid ja mootorpaadid. Klaasfiiber materjalist.","article_publisher":"https:\/\/www.facebook.com\/nordlineboats","article_modified_time":"2026-04-07T21:01:02+00:00","og_image":[{"width":480,"height":480,"url":"https:\/\/nordlinepaadid.ee\/wp-content\/uploads\/2023\/03\/7147_01-001190-Marine_Metal_Polish-Tube_75ml-Shop_480x480.jpg","type":"image\/jpeg"}],"twitter_card":"summary_large_image","twitter_misc":{"Est. reading time":"1 minut"},"schema":{"@context":"https:\/\/schema.org","@graph":[{"@type":"WebPage","@id":"https:\/\/nordlinepaadid.ee\/et\/pood\/paadihooldusvahendid\/boat-care-and-cleaning\/poleerimisvahend-autosol-boat-metal-polish-75-ml\/","url":"https:\/\/nordlinepaadid.ee\/et\/pood\/paadihooldusvahendid\/boat-care-and-cleaning\/poleerimisvahend-autosol-boat-metal-polish-75-ml\/","name":"POLEERIMISVAHEND- AUTOSOL, BOAT METAL POLISH, 75 ml - NORDLINE s\u00f5udepaadid ja mootorpaadid. Klaasfiiber materjalist.","isPartOf":{"@id":"https:\/\/nordlinepaadid.ee\/et\/#website"},"primaryImageOfPage":{"@id":"https:\/\/nordlinepaadid.ee\/et\/pood\/paadihooldusvahendid\/boat-care-and-cleaning\/poleerimisvahend-autosol-boat-metal-polish-75-ml\/#primaryimage"},"image":{"@id":"https:\/\/nordlinepaadid.ee\/et\/pood\/paadihooldusvahendid\/boat-care-and-cleaning\/poleerimisvahend-autosol-boat-metal-polish-75-ml\/#primaryimage"},"thumbnailUrl":"https:\/\/nordlinepaadid.ee\/wp-content\/uploads\/2023\/03\/7147_01-001190-Marine_Metal_Polish-Tube_75ml-Shop_480x480.jpg","datePublished":"2026-04-07T00:18:02+00:00","dateModified":"2026-04-07T21:01:02+00:00","breadcrumb":{"@id":"https:\/\/nordlinepaadid.ee\/et\/pood\/paadihooldusvahendid\/boat-care-and-cleaning\/poleerimisvahend-autosol-boat-metal-polish-75-ml\/#breadcrumb"},"inLanguage":"et","potentialAction":[{"@type":"ReadAction","target":["https:\/\/nordlinepaadid.ee\/et\/pood\/paadihooldusvahendid\/boat-care-and-cleaning\/poleerimisvahend-autosol-boat-metal-polish-75-ml\/"]}]},{"@type":"ImageObject","inLanguage":"et","@id":"https:\/\/nordlinepaadid.ee\/et\/pood\/paadihooldusvahendid\/boat-care-and-cleaning\/poleerimisvahend-autosol-boat-metal-polish-75-ml\/#primaryimage","url":"https:\/\/nordlinepaadid.ee\/wp-content\/uploads\/2023\/03\/7147_01-001190-Marine_Metal_Polish-Tube_75ml-Shop_480x480.jpg","contentUrl":"https:\/\/nordlinepaadid.ee\/wp-content\/uploads\/2023\/03\/7147_01-001190-Marine_Metal_Polish-Tube_75ml-Shop_480x480.jpg","width":480,"height":480},{"@type":"BreadcrumbList","@id":"https:\/\/nordlinepaadid.ee\/et\/pood\/paadihooldusvahendid\/boat-care-and-cleaning\/poleerimisvahend-autosol-boat-metal-polish-75-ml\/#breadcrumb","itemListElement":[{"@type":"ListItem","position":1,"name":"Home","item":"https:\/\/nordlinepaadid.ee\/et\/"},{"@type":"ListItem","position":2,"name":"Pood","item":"https:\/\/nordlinepaadid.ee\/et\/pood\/"},{"@type":"ListItem","position":3,"name":"POLEERIMISVAHEND- AUTOSOL, BOAT METAL POLISH, 75 ml"}]},{"@type":"WebSite","@id":"https:\/\/nordlinepaadid.ee\/et\/#website","url":"https:\/\/nordlinepaadid.ee\/et\/","name":"NORDLINE s\u00f5udepaadid ja mootorpaadid. Klaasfiiber materjalist.","description":"","publisher":{"@id":"https:\/\/nordlinepaadid.ee\/et\/#organization"},"potentialAction":[{"@type":"SearchAction","target":{"@type":"EntryPoint","urlTemplate":"https:\/\/nordlinepaadid.ee\/et\/?s={search_term_string}"},"query-input":{"@type":"PropertyValueSpecification","valueRequired":true,"valueName":"search_term_string"}}],"inLanguage":"et"},{"@type":"Organization","@id":"https:\/\/nordlinepaadid.ee\/et\/#organization","name":"Nordlineboats","url":"https:\/\/nordlinepaadid.ee\/et\/","logo":{"@type":"ImageObject","inLanguage":"et","@id":"https:\/\/nordlinepaadid.ee\/et\/#\/schema\/logo\/image\/","url":"https:\/\/nordlinepaadid.ee\/wp-content\/uploads\/2023\/01\/fulllogo_transparent_nobuffer-e1672750475494.png","contentUrl":"https:\/\/nordlinepaadid.ee\/wp-content\/uploads\/2023\/01\/fulllogo_transparent_nobuffer-e1672750475494.png","width":150,"height":119,"caption":"Nordlineboats"},"image":{"@id":"https:\/\/nordlinepaadid.ee\/et\/#\/schema\/logo\/image\/"},"sameAs":["https:\/\/www.facebook.com\/nordlineboats","https:\/\/www.youtube.com\/channel\/UCbgF0fy02y3QkFnujaLTaCA"]}]}},"taxonomy_info":{"product_cat":[{"value":284,"label":"PAADIHOOLDUSVAHENDID"},{"value":285,"label":"Puhastus- ja hooldusvahendid"}],"pa_producer":[{"value":520,"label":"Dursol"}],"pa_unit":[{"value":433,"label":"ml"}]},"featured_image_src_large":["https:\/\/nordlinepaadid.ee\/wp-content\/uploads\/2023\/03\/7147_01-001190-Marine_Metal_Polish-Tube_75ml-Shop_480x480.jpg",480,480,false],"author_info":[],"comment_info":"","_links":{"self":[{"href":"https:\/\/nordlinepaadid.ee\/et\/wp-json\/wp\/v2\/product\/25751","targetHints":{"allow":["GET"]}}],"collection":[{"href":"https:\/\/nordlinepaadid.ee\/et\/wp-json\/wp\/v2\/product"}],"about":[{"href":"https:\/\/nordlinepaadid.ee\/et\/wp-json\/wp\/v2\/types\/product"}],"wp:featuredmedia":[{"embeddable":true,"href":"https:\/\/nordlinepaadid.ee\/et\/wp-json\/wp\/v2\/media\/25752"}],"wp:attachment":[{"href":"https:\/\/nordlinepaadid.ee\/et\/wp-json\/wp\/v2\/media?parent=25751"}],"wp:term":[{"taxonomy":"product_brand","embeddable":true,"href":"https:\/\/nordlinepaadid.ee\/et\/wp-json\/wp\/v2\/product_brand?post=25751"},{"taxonomy":"product_cat","embeddable":true,"href":"https:\/\/nordlinepaadid.ee\/et\/wp-json\/wp\/v2\/product_cat?post=25751"},{"taxonomy":"product_tag","embeddable":true,"href":"https:\/\/nordlinepaadid.ee\/et\/wp-json\/wp\/v2\/product_tag?post=25751"}],"curies":[{"name":"wp","href":"https:\/\/api.w.org\/{rel}","templated":true}]}}