{"id":25754,"date":"2026-04-07T03:18:03","date_gmt":"2026-04-07T00:18:03","guid":{"rendered":"https:\/\/nordlinepaadid.ee\/pood\/boatcare-autosol-boat-rubbing-cleaner-500-ml\/"},"modified":"2026-04-08T16:05:31","modified_gmt":"2026-04-08T13:05:31","slug":"puhastusvahend-autosol-boat-rubbing-cleaner-500-ml","status":"publish","type":"product","link":"https:\/\/nordlinepaadid.ee\/et\/pood\/paadihooldusvahendid\/boat-care-and-cleaning\/puhastusvahend-autosol-boat-rubbing-cleaner-500-ml\/","title":{"rendered":"PUHASTUSVAHEND- AUTOSOL, BOAT RUBBING CLEANER, 500 ml"},"content":{"rendered":"<p>AUTOSOL\u00ae PAADI PUHASTUSVAHEND Paatide geelcoat- ja v\u00e4rvi s\u00fcgavpuhastamiseks ja poleerimiseks. Sobib nii masinaga kui ka k\u00e4sitsi poleerimiseks. P\u00e4rast t\u00f6\u00f6tlemist soovitame kaitsta pinda AUTOSOL\u00ae MARINE BOAT WAXiga. Kasutamine: loksutage pudelit korralikult. T\u00f6\u00f6tage osade kaupa. Kandke puhastusvahend puhtale ja kuivale v\u00e4rvile v\u00f5i geelcoatpinnale. Poleerige k\u00e4sitsi ringikujuliste liigutustega v\u00f5i poleerimismasinaga risti, kuni kriimustused, rooste, pritsmed ja matid kohad on eemaldatud. Koostisosad: 1: 5 &#8211; 15 % alifaatilisi s\u00fcsivesinikke. &lt; 5 % mitteioonilisi pindaktiivseid aineid. Bensisotiasolinoon, naatriump\u00fcritioon, 2-Bromo-2-Nitropropaan-1,3-Diol. Hoida lastele k\u00e4ttesaamatus kohas. Mitte kasutada ereda p\u00e4ikese k\u00e4es v\u00f5i kuumal pinnal. Mitte s\u00e4ilitada k\u00fclmakraadides.<\/p>\n<p>&#13;<\/p>\n<p><iframe loading=\"lazy\" allowfullscreen=\"\" frameborder=\"0\" height=\"360\" src=\"\/\/www.youtube.com\/embed\/c_dDy5CCYb0\" width=\"640\"><\/iframe><\/p>\n<p>&#13;<\/p>\n","protected":false},"excerpt":{"rendered":"<p>AUTOSOL\u00ae PAADI PUHASTUSVAHEND Paatide geelcoat- ja v\u00e4rvi s\u00fcgavpuhastamiseks ja poleerimiseks. Sobib nii masinaga kui ka k\u00e4sitsi poleerimiseks. P\u00e4rast t\u00f6\u00f6tlemist soovitame kaitsta pinda AUTOSOL\u00ae MARINE BOAT WAXiga. Kasutamine: loksutage pudelit korralikult. T\u00f6\u00f6tage osade kaupa. Kandke puhastusvahend puhtale ja kuivale v\u00e4rvile v\u00f5i geelcoatpinnale. Poleerige k\u00e4sitsi ringikujuliste liigutustega v\u00f5i poleerimismasinaga risti, kuni kriimustused, rooste, pritsmed ja matid kohad&#8230;<\/p>\n","protected":false},"featured_media":25755,"template":"","meta":{"_kad_blocks_custom_css":"","_kad_blocks_head_custom_js":"","_kad_blocks_body_custom_js":"","_kad_blocks_footer_custom_js":"","_kad_post_transparent":"","_kad_post_title":"","_kad_post_layout":"","_kad_post_sidebar_id":"","_kad_post_content_style":"","_kad_post_vertical_padding":"","_kad_post_feature":"","_kad_post_feature_position":"","_kad_post_header":false,"_kad_post_footer":false,"_kad_post_classname":""},"product_brand":[],"product_cat":[284,285],"product_tag":[],"class_list":{"0":"post-25754","1":"product","2":"type-product","3":"status-publish","4":"has-post-thumbnail","6":"product_cat-paadihooldusvahendid","7":"product_cat-boat-care-and-cleaning","8":"product_shipping_class-pakiautomaati-mahtuv-kaup","9":"pa_producer-dursol","10":"pa_unit-ml","11":"tm-no-options","13":"first","14":"onbackorder","15":"taxable","16":"shipping-taxable","17":"purchasable","18":"product-type-simple","19":"entry","20":"content-bg","21":"loop-entry"},"yoast_head":"<!-- This site is optimized with the Yoast SEO plugin v27.3 - https:\/\/yoast.com\/product\/yoast-seo-wordpress\/ -->\n<title>PUHASTUSVAHEND- AUTOSOL, BOAT RUBBING CLEANER, 500 ml - NORDLINE s\u00f5udepaadid ja mootorpaadid. Klaasfiiber materjalist.<\/title>\n<meta name=\"robots\" content=\"index, follow, max-snippet:-1, max-image-preview:large, max-video-preview:-1\" \/>\n<link rel=\"canonical\" href=\"https:\/\/nordlinepaadid.ee\/et\/pood\/paadihooldusvahendid\/boat-care-and-cleaning\/puhastusvahend-autosol-boat-rubbing-cleaner-500-ml\/\" \/>\n<meta property=\"og:locale\" content=\"et_EE\" \/>\n<meta property=\"og:type\" content=\"article\" \/>\n<meta property=\"og:title\" content=\"PUHASTUSVAHEND- AUTOSOL, BOAT RUBBING CLEANER, 500 ml - NORDLINE s\u00f5udepaadid ja mootorpaadid. Klaasfiiber materjalist.\" \/>\n<meta property=\"og:description\" content=\"AUTOSOL\u00ae PAADI PUHASTUSVAHEND Paatide geelcoat- ja v\u00e4rvi s\u00fcgavpuhastamiseks ja poleerimiseks. Sobib nii masinaga kui ka k\u00e4sitsi poleerimiseks. P\u00e4rast t\u00f6\u00f6tlemist soovitame kaitsta pinda AUTOSOL\u00ae MARINE BOAT WAXiga. Kasutamine: loksutage pudelit korralikult. T\u00f6\u00f6tage osade kaupa. Kandke puhastusvahend puhtale ja kuivale v\u00e4rvile v\u00f5i geelcoatpinnale. Poleerige k\u00e4sitsi ringikujuliste liigutustega v\u00f5i poleerimismasinaga risti, kuni kriimustused, rooste, pritsmed ja matid kohad...\" \/>\n<meta property=\"og:url\" content=\"https:\/\/nordlinepaadid.ee\/et\/pood\/paadihooldusvahendid\/boat-care-and-cleaning\/puhastusvahend-autosol-boat-rubbing-cleaner-500-ml\/\" \/>\n<meta property=\"og:site_name\" content=\"NORDLINE s\u00f5udepaadid ja mootorpaadid. Klaasfiiber materjalist.\" \/>\n<meta property=\"article:publisher\" content=\"https:\/\/www.facebook.com\/nordlineboats\" \/>\n<meta property=\"article:modified_time\" content=\"2026-04-08T13:05:31+00:00\" \/>\n<meta property=\"og:image\" content=\"https:\/\/nordlinepaadid.ee\/wp-content\/uploads\/2023\/03\/7150_Produktfoto-11-015310-Boots_Reiniger-Flasche_500ml-Shop_480x480.jpg\" \/>\n\t<meta property=\"og:image:width\" content=\"480\" \/>\n\t<meta property=\"og:image:height\" content=\"480\" \/>\n\t<meta property=\"og:image:type\" content=\"image\/jpeg\" \/>\n<meta name=\"twitter:card\" content=\"summary_large_image\" \/>\n<meta name=\"twitter:label1\" content=\"Est. reading time\" \/>\n\t<meta name=\"twitter:data1\" content=\"1 minut\" \/>\n<script type=\"application\/ld+json\" class=\"yoast-schema-graph\">{\"@context\":\"https:\\\/\\\/schema.org\",\"@graph\":[{\"@type\":\"WebPage\",\"@id\":\"https:\\\/\\\/nordlinepaadid.ee\\\/et\\\/pood\\\/paadihooldusvahendid\\\/boat-care-and-cleaning\\\/puhastusvahend-autosol-boat-rubbing-cleaner-500-ml\\\/\",\"url\":\"https:\\\/\\\/nordlinepaadid.ee\\\/et\\\/pood\\\/paadihooldusvahendid\\\/boat-care-and-cleaning\\\/puhastusvahend-autosol-boat-rubbing-cleaner-500-ml\\\/\",\"name\":\"PUHASTUSVAHEND- AUTOSOL, BOAT RUBBING CLEANER, 500 ml - NORDLINE s\u00f5udepaadid ja mootorpaadid. Klaasfiiber materjalist.\",\"isPartOf\":{\"@id\":\"https:\\\/\\\/nordlinepaadid.ee\\\/et\\\/#website\"},\"primaryImageOfPage\":{\"@id\":\"https:\\\/\\\/nordlinepaadid.ee\\\/et\\\/pood\\\/paadihooldusvahendid\\\/boat-care-and-cleaning\\\/puhastusvahend-autosol-boat-rubbing-cleaner-500-ml\\\/#primaryimage\"},\"image\":{\"@id\":\"https:\\\/\\\/nordlinepaadid.ee\\\/et\\\/pood\\\/paadihooldusvahendid\\\/boat-care-and-cleaning\\\/puhastusvahend-autosol-boat-rubbing-cleaner-500-ml\\\/#primaryimage\"},\"thumbnailUrl\":\"https:\\\/\\\/nordlinepaadid.ee\\\/wp-content\\\/uploads\\\/2023\\\/03\\\/7150_Produktfoto-11-015310-Boots_Reiniger-Flasche_500ml-Shop_480x480.jpg\",\"datePublished\":\"2026-04-07T00:18:03+00:00\",\"dateModified\":\"2026-04-08T13:05:31+00:00\",\"breadcrumb\":{\"@id\":\"https:\\\/\\\/nordlinepaadid.ee\\\/et\\\/pood\\\/paadihooldusvahendid\\\/boat-care-and-cleaning\\\/puhastusvahend-autosol-boat-rubbing-cleaner-500-ml\\\/#breadcrumb\"},\"inLanguage\":\"et\",\"potentialAction\":[{\"@type\":\"ReadAction\",\"target\":[\"https:\\\/\\\/nordlinepaadid.ee\\\/et\\\/pood\\\/paadihooldusvahendid\\\/boat-care-and-cleaning\\\/puhastusvahend-autosol-boat-rubbing-cleaner-500-ml\\\/\"]}]},{\"@type\":\"ImageObject\",\"inLanguage\":\"et\",\"@id\":\"https:\\\/\\\/nordlinepaadid.ee\\\/et\\\/pood\\\/paadihooldusvahendid\\\/boat-care-and-cleaning\\\/puhastusvahend-autosol-boat-rubbing-cleaner-500-ml\\\/#primaryimage\",\"url\":\"https:\\\/\\\/nordlinepaadid.ee\\\/wp-content\\\/uploads\\\/2023\\\/03\\\/7150_Produktfoto-11-015310-Boots_Reiniger-Flasche_500ml-Shop_480x480.jpg\",\"contentUrl\":\"https:\\\/\\\/nordlinepaadid.ee\\\/wp-content\\\/uploads\\\/2023\\\/03\\\/7150_Produktfoto-11-015310-Boots_Reiniger-Flasche_500ml-Shop_480x480.jpg\",\"width\":480,\"height\":480},{\"@type\":\"BreadcrumbList\",\"@id\":\"https:\\\/\\\/nordlinepaadid.ee\\\/et\\\/pood\\\/paadihooldusvahendid\\\/boat-care-and-cleaning\\\/puhastusvahend-autosol-boat-rubbing-cleaner-500-ml\\\/#breadcrumb\",\"itemListElement\":[{\"@type\":\"ListItem\",\"position\":1,\"name\":\"Home\",\"item\":\"https:\\\/\\\/nordlinepaadid.ee\\\/et\\\/\"},{\"@type\":\"ListItem\",\"position\":2,\"name\":\"Pood\",\"item\":\"https:\\\/\\\/nordlinepaadid.ee\\\/et\\\/pood\\\/\"},{\"@type\":\"ListItem\",\"position\":3,\"name\":\"PUHASTUSVAHEND- AUTOSOL, BOAT RUBBING CLEANER, 500 ml\"}]},{\"@type\":\"WebSite\",\"@id\":\"https:\\\/\\\/nordlinepaadid.ee\\\/et\\\/#website\",\"url\":\"https:\\\/\\\/nordlinepaadid.ee\\\/et\\\/\",\"name\":\"NORDLINE s\u00f5udepaadid ja mootorpaadid. Klaasfiiber materjalist.\",\"description\":\"\",\"publisher\":{\"@id\":\"https:\\\/\\\/nordlinepaadid.ee\\\/et\\\/#organization\"},\"potentialAction\":[{\"@type\":\"SearchAction\",\"target\":{\"@type\":\"EntryPoint\",\"urlTemplate\":\"https:\\\/\\\/nordlinepaadid.ee\\\/et\\\/?s={search_term_string}\"},\"query-input\":{\"@type\":\"PropertyValueSpecification\",\"valueRequired\":true,\"valueName\":\"search_term_string\"}}],\"inLanguage\":\"et\"},{\"@type\":\"Organization\",\"@id\":\"https:\\\/\\\/nordlinepaadid.ee\\\/et\\\/#organization\",\"name\":\"Nordlineboats\",\"url\":\"https:\\\/\\\/nordlinepaadid.ee\\\/et\\\/\",\"logo\":{\"@type\":\"ImageObject\",\"inLanguage\":\"et\",\"@id\":\"https:\\\/\\\/nordlinepaadid.ee\\\/et\\\/#\\\/schema\\\/logo\\\/image\\\/\",\"url\":\"https:\\\/\\\/nordlinepaadid.ee\\\/wp-content\\\/uploads\\\/2023\\\/01\\\/fulllogo_transparent_nobuffer-e1672750475494.png\",\"contentUrl\":\"https:\\\/\\\/nordlinepaadid.ee\\\/wp-content\\\/uploads\\\/2023\\\/01\\\/fulllogo_transparent_nobuffer-e1672750475494.png\",\"width\":150,\"height\":119,\"caption\":\"Nordlineboats\"},\"image\":{\"@id\":\"https:\\\/\\\/nordlinepaadid.ee\\\/et\\\/#\\\/schema\\\/logo\\\/image\\\/\"},\"sameAs\":[\"https:\\\/\\\/www.facebook.com\\\/nordlineboats\",\"https:\\\/\\\/www.youtube.com\\\/channel\\\/UCbgF0fy02y3QkFnujaLTaCA\"]}]}<\/script>\n<!-- \/ Yoast SEO plugin. -->","yoast_head_json":{"title":"PUHASTUSVAHEND- AUTOSOL, BOAT RUBBING CLEANER, 500 ml - NORDLINE s\u00f5udepaadid ja mootorpaadid. Klaasfiiber materjalist.","robots":{"index":"index","follow":"follow","max-snippet":"max-snippet:-1","max-image-preview":"max-image-preview:large","max-video-preview":"max-video-preview:-1"},"canonical":"https:\/\/nordlinepaadid.ee\/et\/pood\/paadihooldusvahendid\/boat-care-and-cleaning\/puhastusvahend-autosol-boat-rubbing-cleaner-500-ml\/","og_locale":"et_EE","og_type":"article","og_title":"PUHASTUSVAHEND- AUTOSOL, BOAT RUBBING CLEANER, 500 ml - NORDLINE s\u00f5udepaadid ja mootorpaadid. Klaasfiiber materjalist.","og_description":"AUTOSOL\u00ae PAADI PUHASTUSVAHEND Paatide geelcoat- ja v\u00e4rvi s\u00fcgavpuhastamiseks ja poleerimiseks. Sobib nii masinaga kui ka k\u00e4sitsi poleerimiseks. P\u00e4rast t\u00f6\u00f6tlemist soovitame kaitsta pinda AUTOSOL\u00ae MARINE BOAT WAXiga. Kasutamine: loksutage pudelit korralikult. T\u00f6\u00f6tage osade kaupa. Kandke puhastusvahend puhtale ja kuivale v\u00e4rvile v\u00f5i geelcoatpinnale. Poleerige k\u00e4sitsi ringikujuliste liigutustega v\u00f5i poleerimismasinaga risti, kuni kriimustused, rooste, pritsmed ja matid kohad...","og_url":"https:\/\/nordlinepaadid.ee\/et\/pood\/paadihooldusvahendid\/boat-care-and-cleaning\/puhastusvahend-autosol-boat-rubbing-cleaner-500-ml\/","og_site_name":"NORDLINE s\u00f5udepaadid ja mootorpaadid. Klaasfiiber materjalist.","article_publisher":"https:\/\/www.facebook.com\/nordlineboats","article_modified_time":"2026-04-08T13:05:31+00:00","og_image":[{"width":480,"height":480,"url":"https:\/\/nordlinepaadid.ee\/wp-content\/uploads\/2023\/03\/7150_Produktfoto-11-015310-Boots_Reiniger-Flasche_500ml-Shop_480x480.jpg","type":"image\/jpeg"}],"twitter_card":"summary_large_image","twitter_misc":{"Est. reading time":"1 minut"},"schema":{"@context":"https:\/\/schema.org","@graph":[{"@type":"WebPage","@id":"https:\/\/nordlinepaadid.ee\/et\/pood\/paadihooldusvahendid\/boat-care-and-cleaning\/puhastusvahend-autosol-boat-rubbing-cleaner-500-ml\/","url":"https:\/\/nordlinepaadid.ee\/et\/pood\/paadihooldusvahendid\/boat-care-and-cleaning\/puhastusvahend-autosol-boat-rubbing-cleaner-500-ml\/","name":"PUHASTUSVAHEND- AUTOSOL, BOAT RUBBING CLEANER, 500 ml - NORDLINE s\u00f5udepaadid ja mootorpaadid. Klaasfiiber materjalist.","isPartOf":{"@id":"https:\/\/nordlinepaadid.ee\/et\/#website"},"primaryImageOfPage":{"@id":"https:\/\/nordlinepaadid.ee\/et\/pood\/paadihooldusvahendid\/boat-care-and-cleaning\/puhastusvahend-autosol-boat-rubbing-cleaner-500-ml\/#primaryimage"},"image":{"@id":"https:\/\/nordlinepaadid.ee\/et\/pood\/paadihooldusvahendid\/boat-care-and-cleaning\/puhastusvahend-autosol-boat-rubbing-cleaner-500-ml\/#primaryimage"},"thumbnailUrl":"https:\/\/nordlinepaadid.ee\/wp-content\/uploads\/2023\/03\/7150_Produktfoto-11-015310-Boots_Reiniger-Flasche_500ml-Shop_480x480.jpg","datePublished":"2026-04-07T00:18:03+00:00","dateModified":"2026-04-08T13:05:31+00:00","breadcrumb":{"@id":"https:\/\/nordlinepaadid.ee\/et\/pood\/paadihooldusvahendid\/boat-care-and-cleaning\/puhastusvahend-autosol-boat-rubbing-cleaner-500-ml\/#breadcrumb"},"inLanguage":"et","potentialAction":[{"@type":"ReadAction","target":["https:\/\/nordlinepaadid.ee\/et\/pood\/paadihooldusvahendid\/boat-care-and-cleaning\/puhastusvahend-autosol-boat-rubbing-cleaner-500-ml\/"]}]},{"@type":"ImageObject","inLanguage":"et","@id":"https:\/\/nordlinepaadid.ee\/et\/pood\/paadihooldusvahendid\/boat-care-and-cleaning\/puhastusvahend-autosol-boat-rubbing-cleaner-500-ml\/#primaryimage","url":"https:\/\/nordlinepaadid.ee\/wp-content\/uploads\/2023\/03\/7150_Produktfoto-11-015310-Boots_Reiniger-Flasche_500ml-Shop_480x480.jpg","contentUrl":"https:\/\/nordlinepaadid.ee\/wp-content\/uploads\/2023\/03\/7150_Produktfoto-11-015310-Boots_Reiniger-Flasche_500ml-Shop_480x480.jpg","width":480,"height":480},{"@type":"BreadcrumbList","@id":"https:\/\/nordlinepaadid.ee\/et\/pood\/paadihooldusvahendid\/boat-care-and-cleaning\/puhastusvahend-autosol-boat-rubbing-cleaner-500-ml\/#breadcrumb","itemListElement":[{"@type":"ListItem","position":1,"name":"Home","item":"https:\/\/nordlinepaadid.ee\/et\/"},{"@type":"ListItem","position":2,"name":"Pood","item":"https:\/\/nordlinepaadid.ee\/et\/pood\/"},{"@type":"ListItem","position":3,"name":"PUHASTUSVAHEND- AUTOSOL, BOAT RUBBING CLEANER, 500 ml"}]},{"@type":"WebSite","@id":"https:\/\/nordlinepaadid.ee\/et\/#website","url":"https:\/\/nordlinepaadid.ee\/et\/","name":"NORDLINE s\u00f5udepaadid ja mootorpaadid. Klaasfiiber materjalist.","description":"","publisher":{"@id":"https:\/\/nordlinepaadid.ee\/et\/#organization"},"potentialAction":[{"@type":"SearchAction","target":{"@type":"EntryPoint","urlTemplate":"https:\/\/nordlinepaadid.ee\/et\/?s={search_term_string}"},"query-input":{"@type":"PropertyValueSpecification","valueRequired":true,"valueName":"search_term_string"}}],"inLanguage":"et"},{"@type":"Organization","@id":"https:\/\/nordlinepaadid.ee\/et\/#organization","name":"Nordlineboats","url":"https:\/\/nordlinepaadid.ee\/et\/","logo":{"@type":"ImageObject","inLanguage":"et","@id":"https:\/\/nordlinepaadid.ee\/et\/#\/schema\/logo\/image\/","url":"https:\/\/nordlinepaadid.ee\/wp-content\/uploads\/2023\/01\/fulllogo_transparent_nobuffer-e1672750475494.png","contentUrl":"https:\/\/nordlinepaadid.ee\/wp-content\/uploads\/2023\/01\/fulllogo_transparent_nobuffer-e1672750475494.png","width":150,"height":119,"caption":"Nordlineboats"},"image":{"@id":"https:\/\/nordlinepaadid.ee\/et\/#\/schema\/logo\/image\/"},"sameAs":["https:\/\/www.facebook.com\/nordlineboats","https:\/\/www.youtube.com\/channel\/UCbgF0fy02y3QkFnujaLTaCA"]}]}},"taxonomy_info":{"product_cat":[{"value":284,"label":"PAADIHOOLDUSVAHENDID"},{"value":285,"label":"Puhastus- ja hooldusvahendid"}],"pa_producer":[{"value":520,"label":"Dursol"}],"pa_unit":[{"value":433,"label":"ml"}]},"featured_image_src_large":["https:\/\/nordlinepaadid.ee\/wp-content\/uploads\/2023\/03\/7150_Produktfoto-11-015310-Boots_Reiniger-Flasche_500ml-Shop_480x480.jpg",480,480,false],"author_info":[],"comment_info":"","_links":{"self":[{"href":"https:\/\/nordlinepaadid.ee\/et\/wp-json\/wp\/v2\/product\/25754","targetHints":{"allow":["GET"]}}],"collection":[{"href":"https:\/\/nordlinepaadid.ee\/et\/wp-json\/wp\/v2\/product"}],"about":[{"href":"https:\/\/nordlinepaadid.ee\/et\/wp-json\/wp\/v2\/types\/product"}],"wp:featuredmedia":[{"embeddable":true,"href":"https:\/\/nordlinepaadid.ee\/et\/wp-json\/wp\/v2\/media\/25755"}],"wp:attachment":[{"href":"https:\/\/nordlinepaadid.ee\/et\/wp-json\/wp\/v2\/media?parent=25754"}],"wp:term":[{"taxonomy":"product_brand","embeddable":true,"href":"https:\/\/nordlinepaadid.ee\/et\/wp-json\/wp\/v2\/product_brand?post=25754"},{"taxonomy":"product_cat","embeddable":true,"href":"https:\/\/nordlinepaadid.ee\/et\/wp-json\/wp\/v2\/product_cat?post=25754"},{"taxonomy":"product_tag","embeddable":true,"href":"https:\/\/nordlinepaadid.ee\/et\/wp-json\/wp\/v2\/product_tag?post=25754"}],"curies":[{"name":"wp","href":"https:\/\/api.w.org\/{rel}","templated":true}]}}