{"id":25854,"date":"2026-04-07T03:18:09","date_gmt":"2026-04-07T00:18:09","guid":{"rendered":"https:\/\/nordlinepaadid.ee\/pood\/air-heater-wallas-22gb-12-v\/"},"modified":"2026-04-08T12:00:18","modified_gmt":"2026-04-08T09:00:18","slug":"ohksoojendi-wallas-22gb-12-v","status":"publish","type":"product","link":"https:\/\/nordlinepaadid.ee\/et\/pood\/heating-cooling-cooking\/air-heaters\/ohksoojendi-wallas-22gb-12-v\/","title":{"rendered":"\u00d5HKSOOJENDI- WALLAS 22GB, 12 V"},"content":{"rendered":"<p>V\u00f5imas 2.2 kW k\u00fctteseade keskkonnast hoolivale kliendile ! Uue 22GB k\u00fctteseadmega saab paadi kiiremini soojaks, s\u00e4\u00e4stes energiat ja k\u00fctust t\u00e4nu l\u00fchemale k\u00fctteajale. Uus, v\u00f5imsam harjavaba mootor annab k\u00fctteseadmele suurema efektiivsuse ja aitab paremini niiskust juhtida. Liigutab rohkem \u00f5hku, parandades ventilatsiooni ja v\u00e4rske \u00f5hu voolu.22GB on uue tehnoloogia voolup\u00f5letiga ja sellele on seadistatud uusim tarkvara. See on m\u00f5eldud kasutamiseks nii t\u00e4nap\u00e4evaste auto- ja paadidiiselitega (EN590) kui ka tuleviku taastuvenergia (HVO 15940) ning segatud (B10 EN 16734, B20 \/ B30 EN 16709) bio-diiselk\u00fctustega. Uue p\u00f5leti heitmed on \u00fclimadalad, sealhulgas v\u00e4ga madalad CO2 ja NOx tasemed. Seadme ehitusel on kasutatud korrosioonikindlaid materjale, mis tagab selle vastupidavuse ja t\u00f6\u00f6kindluse. 0,7\u20131,2 A energiatarve v\u00f5imaldab teil hoida oma paadi soojas isegi v\u00e4ikese aku mahutavuse korral. Seadme m\u00fcraitase on \u00e4\u00e4rmiselt madal, tootja v\u00f5rdleb tekkivat helit sosistamisega raamatukogus. Seadme keskmine k\u00fctusekulu: 0.1 &#8211; 0.25 l\/t. Soojendab 51 &#8211; 79 m\u00b3\/t. K\u00f5ikidele Wallas toodetele kehtib 2 + 1-aastane tootjapoolne garantii.<\/p>\n<p>&#13;<\/p>\n<p><iframe loading=\"lazy\" allowfullscreen=\"\" frameborder=\"0\" height=\"360\" src=\"\/\/www.youtube.com\/embed\/IhJWv3S73xw\" width=\"640\"><\/iframe><\/p>\n<p>&#13;<\/p>\n","protected":false},"excerpt":{"rendered":"<p>V\u00f5imas 2.2 kW k\u00fctteseade keskkonnast hoolivale kliendile ! Uue 22GB k\u00fctteseadmega saab paadi kiiremini soojaks, s\u00e4\u00e4stes energiat ja k\u00fctust t\u00e4nu l\u00fchemale k\u00fctteajale. Uus, v\u00f5imsam harjavaba mootor annab k\u00fctteseadmele suurema efektiivsuse ja aitab paremini niiskust juhtida. Liigutab rohkem \u00f5hku, parandades ventilatsiooni ja v\u00e4rske \u00f5hu voolu.22GB on uue tehnoloogia voolup\u00f5letiga ja sellele on seadistatud uusim tarkvara. See&#8230;<\/p>\n","protected":false},"featured_media":25855,"template":"","meta":{"_kad_blocks_custom_css":"","_kad_blocks_head_custom_js":"","_kad_blocks_body_custom_js":"","_kad_blocks_footer_custom_js":"","_kad_post_transparent":"","_kad_post_title":"","_kad_post_layout":"","_kad_post_sidebar_id":"","_kad_post_content_style":"","_kad_post_vertical_padding":"","_kad_post_feature":"","_kad_post_feature_position":"","_kad_post_header":false,"_kad_post_footer":false,"_kad_post_classname":""},"product_brand":[],"product_cat":[359,360],"product_tag":[],"class_list":{"0":"post-25854","1":"product","2":"type-product","3":"status-publish","4":"has-post-thumbnail","6":"product_cat-heating-cooling-cooking","7":"product_cat-air-heaters","8":"product_shipping_class-euroalusele-mahtuv-kaup","9":"pa_producer-wallas-marin","10":"pa_unit-pcs","11":"tm-no-options","13":"first","14":"onbackorder","15":"taxable","16":"shipping-taxable","17":"purchasable","18":"product-type-simple","19":"entry","20":"content-bg","21":"loop-entry"},"yoast_head":"<!-- This site is optimized with the Yoast SEO plugin v27.3 - https:\/\/yoast.com\/product\/yoast-seo-wordpress\/ -->\n<title>\u00d5HKSOOJENDI- WALLAS 22GB, 12 V - NORDLINE s\u00f5udepaadid ja mootorpaadid. Klaasfiiber materjalist.<\/title>\n<meta name=\"robots\" content=\"index, follow, max-snippet:-1, max-image-preview:large, max-video-preview:-1\" \/>\n<link rel=\"canonical\" href=\"https:\/\/nordlinepaadid.ee\/et\/pood\/heating-cooling-cooking\/air-heaters\/ohksoojendi-wallas-22gb-12-v\/\" \/>\n<meta property=\"og:locale\" content=\"et_EE\" \/>\n<meta property=\"og:type\" content=\"article\" \/>\n<meta property=\"og:title\" content=\"\u00d5HKSOOJENDI- WALLAS 22GB, 12 V - NORDLINE s\u00f5udepaadid ja mootorpaadid. Klaasfiiber materjalist.\" \/>\n<meta property=\"og:description\" content=\"V\u00f5imas 2.2 kW k\u00fctteseade keskkonnast hoolivale kliendile ! Uue 22GB k\u00fctteseadmega saab paadi kiiremini soojaks, s\u00e4\u00e4stes energiat ja k\u00fctust t\u00e4nu l\u00fchemale k\u00fctteajale. Uus, v\u00f5imsam harjavaba mootor annab k\u00fctteseadmele suurema efektiivsuse ja aitab paremini niiskust juhtida. Liigutab rohkem \u00f5hku, parandades ventilatsiooni ja v\u00e4rske \u00f5hu voolu.22GB on uue tehnoloogia voolup\u00f5letiga ja sellele on seadistatud uusim tarkvara. See...\" \/>\n<meta property=\"og:url\" content=\"https:\/\/nordlinepaadid.ee\/et\/pood\/heating-cooling-cooking\/air-heaters\/ohksoojendi-wallas-22gb-12-v\/\" \/>\n<meta property=\"og:site_name\" content=\"NORDLINE s\u00f5udepaadid ja mootorpaadid. Klaasfiiber materjalist.\" \/>\n<meta property=\"article:publisher\" content=\"https:\/\/www.facebook.com\/nordlineboats\" \/>\n<meta property=\"article:modified_time\" content=\"2026-04-08T09:00:18+00:00\" \/>\n<meta property=\"og:image\" content=\"https:\/\/nordlinepaadid.ee\/wp-content\/uploads\/2023\/03\/7191_22gb.jpg\" \/>\n\t<meta property=\"og:image:width\" content=\"440\" \/>\n\t<meta property=\"og:image:height\" content=\"336\" \/>\n\t<meta property=\"og:image:type\" content=\"image\/jpeg\" \/>\n<meta name=\"twitter:card\" content=\"summary_large_image\" \/>\n<meta name=\"twitter:label1\" content=\"Est. reading time\" \/>\n\t<meta name=\"twitter:data1\" content=\"1 minut\" \/>\n<script type=\"application\/ld+json\" class=\"yoast-schema-graph\">{\"@context\":\"https:\\\/\\\/schema.org\",\"@graph\":[{\"@type\":\"WebPage\",\"@id\":\"https:\\\/\\\/nordlinepaadid.ee\\\/et\\\/pood\\\/heating-cooling-cooking\\\/air-heaters\\\/ohksoojendi-wallas-22gb-12-v\\\/\",\"url\":\"https:\\\/\\\/nordlinepaadid.ee\\\/et\\\/pood\\\/heating-cooling-cooking\\\/air-heaters\\\/ohksoojendi-wallas-22gb-12-v\\\/\",\"name\":\"\u00d5HKSOOJENDI- WALLAS 22GB, 12 V - NORDLINE s\u00f5udepaadid ja mootorpaadid. Klaasfiiber materjalist.\",\"isPartOf\":{\"@id\":\"https:\\\/\\\/nordlinepaadid.ee\\\/et\\\/#website\"},\"primaryImageOfPage\":{\"@id\":\"https:\\\/\\\/nordlinepaadid.ee\\\/et\\\/pood\\\/heating-cooling-cooking\\\/air-heaters\\\/ohksoojendi-wallas-22gb-12-v\\\/#primaryimage\"},\"image\":{\"@id\":\"https:\\\/\\\/nordlinepaadid.ee\\\/et\\\/pood\\\/heating-cooling-cooking\\\/air-heaters\\\/ohksoojendi-wallas-22gb-12-v\\\/#primaryimage\"},\"thumbnailUrl\":\"https:\\\/\\\/nordlinepaadid.ee\\\/wp-content\\\/uploads\\\/2023\\\/03\\\/7191_22gb.jpg\",\"datePublished\":\"2026-04-07T00:18:09+00:00\",\"dateModified\":\"2026-04-08T09:00:18+00:00\",\"breadcrumb\":{\"@id\":\"https:\\\/\\\/nordlinepaadid.ee\\\/et\\\/pood\\\/heating-cooling-cooking\\\/air-heaters\\\/ohksoojendi-wallas-22gb-12-v\\\/#breadcrumb\"},\"inLanguage\":\"et\",\"potentialAction\":[{\"@type\":\"ReadAction\",\"target\":[\"https:\\\/\\\/nordlinepaadid.ee\\\/et\\\/pood\\\/heating-cooling-cooking\\\/air-heaters\\\/ohksoojendi-wallas-22gb-12-v\\\/\"]}]},{\"@type\":\"ImageObject\",\"inLanguage\":\"et\",\"@id\":\"https:\\\/\\\/nordlinepaadid.ee\\\/et\\\/pood\\\/heating-cooling-cooking\\\/air-heaters\\\/ohksoojendi-wallas-22gb-12-v\\\/#primaryimage\",\"url\":\"https:\\\/\\\/nordlinepaadid.ee\\\/wp-content\\\/uploads\\\/2023\\\/03\\\/7191_22gb.jpg\",\"contentUrl\":\"https:\\\/\\\/nordlinepaadid.ee\\\/wp-content\\\/uploads\\\/2023\\\/03\\\/7191_22gb.jpg\",\"width\":440,\"height\":336},{\"@type\":\"BreadcrumbList\",\"@id\":\"https:\\\/\\\/nordlinepaadid.ee\\\/et\\\/pood\\\/heating-cooling-cooking\\\/air-heaters\\\/ohksoojendi-wallas-22gb-12-v\\\/#breadcrumb\",\"itemListElement\":[{\"@type\":\"ListItem\",\"position\":1,\"name\":\"Home\",\"item\":\"https:\\\/\\\/nordlinepaadid.ee\\\/et\\\/\"},{\"@type\":\"ListItem\",\"position\":2,\"name\":\"Pood\",\"item\":\"https:\\\/\\\/nordlinepaadid.ee\\\/et\\\/pood\\\/\"},{\"@type\":\"ListItem\",\"position\":3,\"name\":\"\u00d5HKSOOJENDI- WALLAS 22GB, 12 V\"}]},{\"@type\":\"WebSite\",\"@id\":\"https:\\\/\\\/nordlinepaadid.ee\\\/et\\\/#website\",\"url\":\"https:\\\/\\\/nordlinepaadid.ee\\\/et\\\/\",\"name\":\"NORDLINE s\u00f5udepaadid ja mootorpaadid. Klaasfiiber materjalist.\",\"description\":\"\",\"publisher\":{\"@id\":\"https:\\\/\\\/nordlinepaadid.ee\\\/et\\\/#organization\"},\"potentialAction\":[{\"@type\":\"SearchAction\",\"target\":{\"@type\":\"EntryPoint\",\"urlTemplate\":\"https:\\\/\\\/nordlinepaadid.ee\\\/et\\\/?s={search_term_string}\"},\"query-input\":{\"@type\":\"PropertyValueSpecification\",\"valueRequired\":true,\"valueName\":\"search_term_string\"}}],\"inLanguage\":\"et\"},{\"@type\":\"Organization\",\"@id\":\"https:\\\/\\\/nordlinepaadid.ee\\\/et\\\/#organization\",\"name\":\"Nordlineboats\",\"url\":\"https:\\\/\\\/nordlinepaadid.ee\\\/et\\\/\",\"logo\":{\"@type\":\"ImageObject\",\"inLanguage\":\"et\",\"@id\":\"https:\\\/\\\/nordlinepaadid.ee\\\/et\\\/#\\\/schema\\\/logo\\\/image\\\/\",\"url\":\"https:\\\/\\\/nordlinepaadid.ee\\\/wp-content\\\/uploads\\\/2023\\\/01\\\/fulllogo_transparent_nobuffer-e1672750475494.png\",\"contentUrl\":\"https:\\\/\\\/nordlinepaadid.ee\\\/wp-content\\\/uploads\\\/2023\\\/01\\\/fulllogo_transparent_nobuffer-e1672750475494.png\",\"width\":150,\"height\":119,\"caption\":\"Nordlineboats\"},\"image\":{\"@id\":\"https:\\\/\\\/nordlinepaadid.ee\\\/et\\\/#\\\/schema\\\/logo\\\/image\\\/\"},\"sameAs\":[\"https:\\\/\\\/www.facebook.com\\\/nordlineboats\",\"https:\\\/\\\/www.youtube.com\\\/channel\\\/UCbgF0fy02y3QkFnujaLTaCA\"]}]}<\/script>\n<!-- \/ Yoast SEO plugin. -->","yoast_head_json":{"title":"\u00d5HKSOOJENDI- WALLAS 22GB, 12 V - NORDLINE s\u00f5udepaadid ja mootorpaadid. Klaasfiiber materjalist.","robots":{"index":"index","follow":"follow","max-snippet":"max-snippet:-1","max-image-preview":"max-image-preview:large","max-video-preview":"max-video-preview:-1"},"canonical":"https:\/\/nordlinepaadid.ee\/et\/pood\/heating-cooling-cooking\/air-heaters\/ohksoojendi-wallas-22gb-12-v\/","og_locale":"et_EE","og_type":"article","og_title":"\u00d5HKSOOJENDI- WALLAS 22GB, 12 V - NORDLINE s\u00f5udepaadid ja mootorpaadid. Klaasfiiber materjalist.","og_description":"V\u00f5imas 2.2 kW k\u00fctteseade keskkonnast hoolivale kliendile ! Uue 22GB k\u00fctteseadmega saab paadi kiiremini soojaks, s\u00e4\u00e4stes energiat ja k\u00fctust t\u00e4nu l\u00fchemale k\u00fctteajale. Uus, v\u00f5imsam harjavaba mootor annab k\u00fctteseadmele suurema efektiivsuse ja aitab paremini niiskust juhtida. Liigutab rohkem \u00f5hku, parandades ventilatsiooni ja v\u00e4rske \u00f5hu voolu.22GB on uue tehnoloogia voolup\u00f5letiga ja sellele on seadistatud uusim tarkvara. See...","og_url":"https:\/\/nordlinepaadid.ee\/et\/pood\/heating-cooling-cooking\/air-heaters\/ohksoojendi-wallas-22gb-12-v\/","og_site_name":"NORDLINE s\u00f5udepaadid ja mootorpaadid. Klaasfiiber materjalist.","article_publisher":"https:\/\/www.facebook.com\/nordlineboats","article_modified_time":"2026-04-08T09:00:18+00:00","og_image":[{"width":440,"height":336,"url":"https:\/\/nordlinepaadid.ee\/wp-content\/uploads\/2023\/03\/7191_22gb.jpg","type":"image\/jpeg"}],"twitter_card":"summary_large_image","twitter_misc":{"Est. reading time":"1 minut"},"schema":{"@context":"https:\/\/schema.org","@graph":[{"@type":"WebPage","@id":"https:\/\/nordlinepaadid.ee\/et\/pood\/heating-cooling-cooking\/air-heaters\/ohksoojendi-wallas-22gb-12-v\/","url":"https:\/\/nordlinepaadid.ee\/et\/pood\/heating-cooling-cooking\/air-heaters\/ohksoojendi-wallas-22gb-12-v\/","name":"\u00d5HKSOOJENDI- WALLAS 22GB, 12 V - NORDLINE s\u00f5udepaadid ja mootorpaadid. Klaasfiiber materjalist.","isPartOf":{"@id":"https:\/\/nordlinepaadid.ee\/et\/#website"},"primaryImageOfPage":{"@id":"https:\/\/nordlinepaadid.ee\/et\/pood\/heating-cooling-cooking\/air-heaters\/ohksoojendi-wallas-22gb-12-v\/#primaryimage"},"image":{"@id":"https:\/\/nordlinepaadid.ee\/et\/pood\/heating-cooling-cooking\/air-heaters\/ohksoojendi-wallas-22gb-12-v\/#primaryimage"},"thumbnailUrl":"https:\/\/nordlinepaadid.ee\/wp-content\/uploads\/2023\/03\/7191_22gb.jpg","datePublished":"2026-04-07T00:18:09+00:00","dateModified":"2026-04-08T09:00:18+00:00","breadcrumb":{"@id":"https:\/\/nordlinepaadid.ee\/et\/pood\/heating-cooling-cooking\/air-heaters\/ohksoojendi-wallas-22gb-12-v\/#breadcrumb"},"inLanguage":"et","potentialAction":[{"@type":"ReadAction","target":["https:\/\/nordlinepaadid.ee\/et\/pood\/heating-cooling-cooking\/air-heaters\/ohksoojendi-wallas-22gb-12-v\/"]}]},{"@type":"ImageObject","inLanguage":"et","@id":"https:\/\/nordlinepaadid.ee\/et\/pood\/heating-cooling-cooking\/air-heaters\/ohksoojendi-wallas-22gb-12-v\/#primaryimage","url":"https:\/\/nordlinepaadid.ee\/wp-content\/uploads\/2023\/03\/7191_22gb.jpg","contentUrl":"https:\/\/nordlinepaadid.ee\/wp-content\/uploads\/2023\/03\/7191_22gb.jpg","width":440,"height":336},{"@type":"BreadcrumbList","@id":"https:\/\/nordlinepaadid.ee\/et\/pood\/heating-cooling-cooking\/air-heaters\/ohksoojendi-wallas-22gb-12-v\/#breadcrumb","itemListElement":[{"@type":"ListItem","position":1,"name":"Home","item":"https:\/\/nordlinepaadid.ee\/et\/"},{"@type":"ListItem","position":2,"name":"Pood","item":"https:\/\/nordlinepaadid.ee\/et\/pood\/"},{"@type":"ListItem","position":3,"name":"\u00d5HKSOOJENDI- WALLAS 22GB, 12 V"}]},{"@type":"WebSite","@id":"https:\/\/nordlinepaadid.ee\/et\/#website","url":"https:\/\/nordlinepaadid.ee\/et\/","name":"NORDLINE s\u00f5udepaadid ja mootorpaadid. Klaasfiiber materjalist.","description":"","publisher":{"@id":"https:\/\/nordlinepaadid.ee\/et\/#organization"},"potentialAction":[{"@type":"SearchAction","target":{"@type":"EntryPoint","urlTemplate":"https:\/\/nordlinepaadid.ee\/et\/?s={search_term_string}"},"query-input":{"@type":"PropertyValueSpecification","valueRequired":true,"valueName":"search_term_string"}}],"inLanguage":"et"},{"@type":"Organization","@id":"https:\/\/nordlinepaadid.ee\/et\/#organization","name":"Nordlineboats","url":"https:\/\/nordlinepaadid.ee\/et\/","logo":{"@type":"ImageObject","inLanguage":"et","@id":"https:\/\/nordlinepaadid.ee\/et\/#\/schema\/logo\/image\/","url":"https:\/\/nordlinepaadid.ee\/wp-content\/uploads\/2023\/01\/fulllogo_transparent_nobuffer-e1672750475494.png","contentUrl":"https:\/\/nordlinepaadid.ee\/wp-content\/uploads\/2023\/01\/fulllogo_transparent_nobuffer-e1672750475494.png","width":150,"height":119,"caption":"Nordlineboats"},"image":{"@id":"https:\/\/nordlinepaadid.ee\/et\/#\/schema\/logo\/image\/"},"sameAs":["https:\/\/www.facebook.com\/nordlineboats","https:\/\/www.youtube.com\/channel\/UCbgF0fy02y3QkFnujaLTaCA"]}]}},"taxonomy_info":{"product_cat":[{"value":359,"label":"K\u00dcTTESEADMED, JAHUTUSSEADMED"},{"value":360,"label":"K\u00fcttes\u00fcsteemid"}],"pa_producer":[{"value":608,"label":"Wallas-Marin"}],"pa_unit":[{"value":416,"label":"pcs"}]},"featured_image_src_large":["https:\/\/nordlinepaadid.ee\/wp-content\/uploads\/2023\/03\/7191_22gb.jpg",440,336,false],"author_info":[],"comment_info":"","_links":{"self":[{"href":"https:\/\/nordlinepaadid.ee\/et\/wp-json\/wp\/v2\/product\/25854","targetHints":{"allow":["GET"]}}],"collection":[{"href":"https:\/\/nordlinepaadid.ee\/et\/wp-json\/wp\/v2\/product"}],"about":[{"href":"https:\/\/nordlinepaadid.ee\/et\/wp-json\/wp\/v2\/types\/product"}],"wp:featuredmedia":[{"embeddable":true,"href":"https:\/\/nordlinepaadid.ee\/et\/wp-json\/wp\/v2\/media\/25855"}],"wp:attachment":[{"href":"https:\/\/nordlinepaadid.ee\/et\/wp-json\/wp\/v2\/media?parent=25854"}],"wp:term":[{"taxonomy":"product_brand","embeddable":true,"href":"https:\/\/nordlinepaadid.ee\/et\/wp-json\/wp\/v2\/product_brand?post=25854"},{"taxonomy":"product_cat","embeddable":true,"href":"https:\/\/nordlinepaadid.ee\/et\/wp-json\/wp\/v2\/product_cat?post=25854"},{"taxonomy":"product_tag","embeddable":true,"href":"https:\/\/nordlinepaadid.ee\/et\/wp-json\/wp\/v2\/product_tag?post=25854"}],"curies":[{"name":"wp","href":"https:\/\/api.w.org\/{rel}","templated":true}]}}