{"id":25925,"date":"2026-04-07T03:18:13","date_gmt":"2026-04-07T00:18:13","guid":{"rendered":"https:\/\/nordlinepaadid.ee\/pood\/convection-marine-oven-stove-wallas-87d-12-v\/"},"modified":"2026-04-08T18:05:02","modified_gmt":"2026-04-08T15:05:02","slug":"konvektsioonahi-pliit-wallas-87d-12-v","status":"publish","type":"product","link":"https:\/\/nordlinepaadid.ee\/et\/pood\/heating-cooling-cooking\/kulmikud-boilerid-pliidid\/konvektsioonahi-pliit-wallas-87d-12-v\/","title":{"rendered":"KONVEKTSIOONAHI + PLIIT- WALLAS 87D, 12 V"},"content":{"rendered":"<p>T\u00f5eliselt ainulaadne ja vajalik kombinatsioon \u2013 keraamiline pliit ja konvektsioonahi, Wallas 87D. Ahi ja pliit soojeneb spetsiaalse \u201cno-flame\u201d diiselp\u00f5leti abil ja ahjuventilaator jaotab kuuma \u00f5hu \u00fchtlaselt ahjus laiali, mis tagab suurep\u00e4rase ja \u00fchtlase k\u00fcpsetamistulemuse. Suurep\u00e4rane seade- samal ajal kui ahi k\u00fcpsetab kooki, valmib pliidil s\u00f6\u00f6k. Wallas 87D saab kinnitada rippmehhanismiga, mis peab vastu ka k\u00f5ige keerulistemas meretingimustes. Ahi on valmistatud tugevast roostevabast terasest ja pliit kvaliteetsest anodeeritud alumiiniumist. Juhtpaneelid on eelinstalleeritud ja neid on lihtne kasutada. Lisaks on ahjul sisevalgustus. Wallase diiselk\u00fctusel t\u00f6\u00f6tavad seadmed v\u00f5tavad p\u00f5lemiseks vajaliku \u00f5hu laeva salongist ja heitgaasi juhib salongist v\u00e4lja &#8211; see funktsioon aitab tekitada salongi v\u00e4rsket \u00f5hku, samal ajal kuivatades salongi tekkivat niiskust, mis omakorda v\u00e4hendab hallituse tekke v\u00f5imalust. Pliiti on v\u00f5imalik lisaseadme abil (Wallas 270) kasutada ka k\u00fctteseadmena. Diiselk\u00fctusel t\u00f6\u00f6tav seade v\u00e4listab vajaduse hoida paadis ohtlikke propaani- v\u00f5i gaasiballoone. Diiselmootoriga laevadel on k\u00fctuse p\u00f5himahutist ahju jaoks diislik\u00fctuse v\u00f5tmine v\u00e4ga mugav, samuti on pakkuda bensiinimootoriga laevadele eraldi diiselmahutid. K\u00f5igile Wallas toodetele kehtib 2 + 1 aastane tootjapoolne garantii. K\u00fctus: diisel. V\u00f5imsus: Ahi- 1000 \u2013 2500 W; Pliit: 900 \u2013 1900 W. Keskmine k\u00fctusekulu: 0,09 \u2013 0,44 l\/t. Kesmine voolutarbimine: 1,06 \u2013 2,66 A.<\/p>\n<p>&#13;<\/p>\n","protected":false},"excerpt":{"rendered":"<p>T\u00f5eliselt ainulaadne ja vajalik kombinatsioon \u2013 keraamiline pliit ja konvektsioonahi, Wallas 87D. Ahi ja pliit soojeneb spetsiaalse \u201cno-flame\u201d diiselp\u00f5leti abil ja ahjuventilaator jaotab kuuma \u00f5hu \u00fchtlaselt ahjus laiali, mis tagab suurep\u00e4rase ja \u00fchtlase k\u00fcpsetamistulemuse. Suurep\u00e4rane seade- samal ajal kui ahi k\u00fcpsetab kooki, valmib pliidil s\u00f6\u00f6k. Wallas 87D saab kinnitada rippmehhanismiga, mis peab vastu ka k\u00f5ige&#8230;<\/p>\n","protected":false},"featured_media":25926,"template":"","meta":{"_kad_blocks_custom_css":"","_kad_blocks_head_custom_js":"","_kad_blocks_body_custom_js":"","_kad_blocks_footer_custom_js":"","_kad_post_transparent":"","_kad_post_title":"","_kad_post_layout":"","_kad_post_sidebar_id":"","_kad_post_content_style":"","_kad_post_vertical_padding":"","_kad_post_feature":"","_kad_post_feature_position":"","_kad_post_header":false,"_kad_post_footer":false,"_kad_post_classname":""},"product_brand":[],"product_cat":[356,359],"product_tag":[],"class_list":{"0":"post-25925","1":"product","2":"type-product","3":"status-publish","4":"has-post-thumbnail","6":"product_cat-kulmikud-boilerid-pliidid","7":"product_cat-heating-cooling-cooking","8":"product_shipping_class-euroalusele-mahtuv-kaup","9":"pa_producer-wallas-marin","10":"pa_unit-pcs","11":"tm-no-options","13":"first","14":"onbackorder","15":"taxable","16":"shipping-taxable","17":"purchasable","18":"product-type-simple","19":"entry","20":"content-bg","21":"loop-entry"},"yoast_head":"<!-- This site is optimized with the Yoast SEO plugin v27.3 - https:\/\/yoast.com\/product\/yoast-seo-wordpress\/ -->\n<title>KONVEKTSIOONAHI + PLIIT- WALLAS 87D, 12 V - NORDLINE s\u00f5udepaadid ja mootorpaadid. Klaasfiiber materjalist.<\/title>\n<meta name=\"robots\" content=\"index, follow, max-snippet:-1, max-image-preview:large, max-video-preview:-1\" \/>\n<link rel=\"canonical\" href=\"https:\/\/nordlinepaadid.ee\/et\/pood\/heating-cooling-cooking\/kulmikud-boilerid-pliidid\/konvektsioonahi-pliit-wallas-87d-12-v\/\" \/>\n<meta property=\"og:locale\" content=\"et_EE\" \/>\n<meta property=\"og:type\" content=\"article\" \/>\n<meta property=\"og:title\" content=\"KONVEKTSIOONAHI + PLIIT- WALLAS 87D, 12 V - NORDLINE s\u00f5udepaadid ja mootorpaadid. Klaasfiiber materjalist.\" \/>\n<meta property=\"og:description\" content=\"T\u00f5eliselt ainulaadne ja vajalik kombinatsioon \u2013 keraamiline pliit ja konvektsioonahi, Wallas 87D. Ahi ja pliit soojeneb spetsiaalse \u201cno-flame\u201d diiselp\u00f5leti abil ja ahjuventilaator jaotab kuuma \u00f5hu \u00fchtlaselt ahjus laiali, mis tagab suurep\u00e4rase ja \u00fchtlase k\u00fcpsetamistulemuse. Suurep\u00e4rane seade- samal ajal kui ahi k\u00fcpsetab kooki, valmib pliidil s\u00f6\u00f6k. Wallas 87D saab kinnitada rippmehhanismiga, mis peab vastu ka k\u00f5ige...\" \/>\n<meta property=\"og:url\" content=\"https:\/\/nordlinepaadid.ee\/et\/pood\/heating-cooling-cooking\/kulmikud-boilerid-pliidid\/konvektsioonahi-pliit-wallas-87d-12-v\/\" \/>\n<meta property=\"og:site_name\" content=\"NORDLINE s\u00f5udepaadid ja mootorpaadid. Klaasfiiber materjalist.\" \/>\n<meta property=\"article:publisher\" content=\"https:\/\/www.facebook.com\/nordlineboats\" \/>\n<meta property=\"article:modified_time\" content=\"2026-04-08T15:05:02+00:00\" \/>\n<meta property=\"og:image\" content=\"https:\/\/nordlinepaadid.ee\/wp-content\/uploads\/2023\/03\/7232_87d.jpg\" \/>\n\t<meta property=\"og:image:width\" content=\"364\" \/>\n\t<meta property=\"og:image:height\" content=\"398\" \/>\n\t<meta property=\"og:image:type\" content=\"image\/jpeg\" \/>\n<meta name=\"twitter:card\" content=\"summary_large_image\" \/>\n<meta name=\"twitter:label1\" content=\"Est. reading time\" \/>\n\t<meta name=\"twitter:data1\" content=\"1 minut\" \/>\n<script type=\"application\/ld+json\" class=\"yoast-schema-graph\">{\"@context\":\"https:\\\/\\\/schema.org\",\"@graph\":[{\"@type\":\"WebPage\",\"@id\":\"https:\\\/\\\/nordlinepaadid.ee\\\/et\\\/pood\\\/heating-cooling-cooking\\\/kulmikud-boilerid-pliidid\\\/konvektsioonahi-pliit-wallas-87d-12-v\\\/\",\"url\":\"https:\\\/\\\/nordlinepaadid.ee\\\/et\\\/pood\\\/heating-cooling-cooking\\\/kulmikud-boilerid-pliidid\\\/konvektsioonahi-pliit-wallas-87d-12-v\\\/\",\"name\":\"KONVEKTSIOONAHI + PLIIT- WALLAS 87D, 12 V - NORDLINE s\u00f5udepaadid ja mootorpaadid. Klaasfiiber materjalist.\",\"isPartOf\":{\"@id\":\"https:\\\/\\\/nordlinepaadid.ee\\\/et\\\/#website\"},\"primaryImageOfPage\":{\"@id\":\"https:\\\/\\\/nordlinepaadid.ee\\\/et\\\/pood\\\/heating-cooling-cooking\\\/kulmikud-boilerid-pliidid\\\/konvektsioonahi-pliit-wallas-87d-12-v\\\/#primaryimage\"},\"image\":{\"@id\":\"https:\\\/\\\/nordlinepaadid.ee\\\/et\\\/pood\\\/heating-cooling-cooking\\\/kulmikud-boilerid-pliidid\\\/konvektsioonahi-pliit-wallas-87d-12-v\\\/#primaryimage\"},\"thumbnailUrl\":\"https:\\\/\\\/nordlinepaadid.ee\\\/wp-content\\\/uploads\\\/2023\\\/03\\\/7232_87d.jpg\",\"datePublished\":\"2026-04-07T00:18:13+00:00\",\"dateModified\":\"2026-04-08T15:05:02+00:00\",\"breadcrumb\":{\"@id\":\"https:\\\/\\\/nordlinepaadid.ee\\\/et\\\/pood\\\/heating-cooling-cooking\\\/kulmikud-boilerid-pliidid\\\/konvektsioonahi-pliit-wallas-87d-12-v\\\/#breadcrumb\"},\"inLanguage\":\"et\",\"potentialAction\":[{\"@type\":\"ReadAction\",\"target\":[\"https:\\\/\\\/nordlinepaadid.ee\\\/et\\\/pood\\\/heating-cooling-cooking\\\/kulmikud-boilerid-pliidid\\\/konvektsioonahi-pliit-wallas-87d-12-v\\\/\"]}]},{\"@type\":\"ImageObject\",\"inLanguage\":\"et\",\"@id\":\"https:\\\/\\\/nordlinepaadid.ee\\\/et\\\/pood\\\/heating-cooling-cooking\\\/kulmikud-boilerid-pliidid\\\/konvektsioonahi-pliit-wallas-87d-12-v\\\/#primaryimage\",\"url\":\"https:\\\/\\\/nordlinepaadid.ee\\\/wp-content\\\/uploads\\\/2023\\\/03\\\/7232_87d.jpg\",\"contentUrl\":\"https:\\\/\\\/nordlinepaadid.ee\\\/wp-content\\\/uploads\\\/2023\\\/03\\\/7232_87d.jpg\",\"width\":364,\"height\":398},{\"@type\":\"BreadcrumbList\",\"@id\":\"https:\\\/\\\/nordlinepaadid.ee\\\/et\\\/pood\\\/heating-cooling-cooking\\\/kulmikud-boilerid-pliidid\\\/konvektsioonahi-pliit-wallas-87d-12-v\\\/#breadcrumb\",\"itemListElement\":[{\"@type\":\"ListItem\",\"position\":1,\"name\":\"Home\",\"item\":\"https:\\\/\\\/nordlinepaadid.ee\\\/et\\\/\"},{\"@type\":\"ListItem\",\"position\":2,\"name\":\"Pood\",\"item\":\"https:\\\/\\\/nordlinepaadid.ee\\\/et\\\/pood\\\/\"},{\"@type\":\"ListItem\",\"position\":3,\"name\":\"KONVEKTSIOONAHI + PLIIT- WALLAS 87D, 12 V\"}]},{\"@type\":\"WebSite\",\"@id\":\"https:\\\/\\\/nordlinepaadid.ee\\\/et\\\/#website\",\"url\":\"https:\\\/\\\/nordlinepaadid.ee\\\/et\\\/\",\"name\":\"NORDLINE s\u00f5udepaadid ja mootorpaadid. Klaasfiiber materjalist.\",\"description\":\"\",\"publisher\":{\"@id\":\"https:\\\/\\\/nordlinepaadid.ee\\\/et\\\/#organization\"},\"potentialAction\":[{\"@type\":\"SearchAction\",\"target\":{\"@type\":\"EntryPoint\",\"urlTemplate\":\"https:\\\/\\\/nordlinepaadid.ee\\\/et\\\/?s={search_term_string}\"},\"query-input\":{\"@type\":\"PropertyValueSpecification\",\"valueRequired\":true,\"valueName\":\"search_term_string\"}}],\"inLanguage\":\"et\"},{\"@type\":\"Organization\",\"@id\":\"https:\\\/\\\/nordlinepaadid.ee\\\/et\\\/#organization\",\"name\":\"Nordlineboats\",\"url\":\"https:\\\/\\\/nordlinepaadid.ee\\\/et\\\/\",\"logo\":{\"@type\":\"ImageObject\",\"inLanguage\":\"et\",\"@id\":\"https:\\\/\\\/nordlinepaadid.ee\\\/et\\\/#\\\/schema\\\/logo\\\/image\\\/\",\"url\":\"https:\\\/\\\/nordlinepaadid.ee\\\/wp-content\\\/uploads\\\/2023\\\/01\\\/fulllogo_transparent_nobuffer-e1672750475494.png\",\"contentUrl\":\"https:\\\/\\\/nordlinepaadid.ee\\\/wp-content\\\/uploads\\\/2023\\\/01\\\/fulllogo_transparent_nobuffer-e1672750475494.png\",\"width\":150,\"height\":119,\"caption\":\"Nordlineboats\"},\"image\":{\"@id\":\"https:\\\/\\\/nordlinepaadid.ee\\\/et\\\/#\\\/schema\\\/logo\\\/image\\\/\"},\"sameAs\":[\"https:\\\/\\\/www.facebook.com\\\/nordlineboats\",\"https:\\\/\\\/www.youtube.com\\\/channel\\\/UCbgF0fy02y3QkFnujaLTaCA\"]}]}<\/script>\n<!-- \/ Yoast SEO plugin. -->","yoast_head_json":{"title":"KONVEKTSIOONAHI + PLIIT- WALLAS 87D, 12 V - NORDLINE s\u00f5udepaadid ja mootorpaadid. Klaasfiiber materjalist.","robots":{"index":"index","follow":"follow","max-snippet":"max-snippet:-1","max-image-preview":"max-image-preview:large","max-video-preview":"max-video-preview:-1"},"canonical":"https:\/\/nordlinepaadid.ee\/et\/pood\/heating-cooling-cooking\/kulmikud-boilerid-pliidid\/konvektsioonahi-pliit-wallas-87d-12-v\/","og_locale":"et_EE","og_type":"article","og_title":"KONVEKTSIOONAHI + PLIIT- WALLAS 87D, 12 V - NORDLINE s\u00f5udepaadid ja mootorpaadid. Klaasfiiber materjalist.","og_description":"T\u00f5eliselt ainulaadne ja vajalik kombinatsioon \u2013 keraamiline pliit ja konvektsioonahi, Wallas 87D. Ahi ja pliit soojeneb spetsiaalse \u201cno-flame\u201d diiselp\u00f5leti abil ja ahjuventilaator jaotab kuuma \u00f5hu \u00fchtlaselt ahjus laiali, mis tagab suurep\u00e4rase ja \u00fchtlase k\u00fcpsetamistulemuse. Suurep\u00e4rane seade- samal ajal kui ahi k\u00fcpsetab kooki, valmib pliidil s\u00f6\u00f6k. Wallas 87D saab kinnitada rippmehhanismiga, mis peab vastu ka k\u00f5ige...","og_url":"https:\/\/nordlinepaadid.ee\/et\/pood\/heating-cooling-cooking\/kulmikud-boilerid-pliidid\/konvektsioonahi-pliit-wallas-87d-12-v\/","og_site_name":"NORDLINE s\u00f5udepaadid ja mootorpaadid. Klaasfiiber materjalist.","article_publisher":"https:\/\/www.facebook.com\/nordlineboats","article_modified_time":"2026-04-08T15:05:02+00:00","og_image":[{"width":364,"height":398,"url":"https:\/\/nordlinepaadid.ee\/wp-content\/uploads\/2023\/03\/7232_87d.jpg","type":"image\/jpeg"}],"twitter_card":"summary_large_image","twitter_misc":{"Est. reading time":"1 minut"},"schema":{"@context":"https:\/\/schema.org","@graph":[{"@type":"WebPage","@id":"https:\/\/nordlinepaadid.ee\/et\/pood\/heating-cooling-cooking\/kulmikud-boilerid-pliidid\/konvektsioonahi-pliit-wallas-87d-12-v\/","url":"https:\/\/nordlinepaadid.ee\/et\/pood\/heating-cooling-cooking\/kulmikud-boilerid-pliidid\/konvektsioonahi-pliit-wallas-87d-12-v\/","name":"KONVEKTSIOONAHI + PLIIT- WALLAS 87D, 12 V - NORDLINE s\u00f5udepaadid ja mootorpaadid. Klaasfiiber materjalist.","isPartOf":{"@id":"https:\/\/nordlinepaadid.ee\/et\/#website"},"primaryImageOfPage":{"@id":"https:\/\/nordlinepaadid.ee\/et\/pood\/heating-cooling-cooking\/kulmikud-boilerid-pliidid\/konvektsioonahi-pliit-wallas-87d-12-v\/#primaryimage"},"image":{"@id":"https:\/\/nordlinepaadid.ee\/et\/pood\/heating-cooling-cooking\/kulmikud-boilerid-pliidid\/konvektsioonahi-pliit-wallas-87d-12-v\/#primaryimage"},"thumbnailUrl":"https:\/\/nordlinepaadid.ee\/wp-content\/uploads\/2023\/03\/7232_87d.jpg","datePublished":"2026-04-07T00:18:13+00:00","dateModified":"2026-04-08T15:05:02+00:00","breadcrumb":{"@id":"https:\/\/nordlinepaadid.ee\/et\/pood\/heating-cooling-cooking\/kulmikud-boilerid-pliidid\/konvektsioonahi-pliit-wallas-87d-12-v\/#breadcrumb"},"inLanguage":"et","potentialAction":[{"@type":"ReadAction","target":["https:\/\/nordlinepaadid.ee\/et\/pood\/heating-cooling-cooking\/kulmikud-boilerid-pliidid\/konvektsioonahi-pliit-wallas-87d-12-v\/"]}]},{"@type":"ImageObject","inLanguage":"et","@id":"https:\/\/nordlinepaadid.ee\/et\/pood\/heating-cooling-cooking\/kulmikud-boilerid-pliidid\/konvektsioonahi-pliit-wallas-87d-12-v\/#primaryimage","url":"https:\/\/nordlinepaadid.ee\/wp-content\/uploads\/2023\/03\/7232_87d.jpg","contentUrl":"https:\/\/nordlinepaadid.ee\/wp-content\/uploads\/2023\/03\/7232_87d.jpg","width":364,"height":398},{"@type":"BreadcrumbList","@id":"https:\/\/nordlinepaadid.ee\/et\/pood\/heating-cooling-cooking\/kulmikud-boilerid-pliidid\/konvektsioonahi-pliit-wallas-87d-12-v\/#breadcrumb","itemListElement":[{"@type":"ListItem","position":1,"name":"Home","item":"https:\/\/nordlinepaadid.ee\/et\/"},{"@type":"ListItem","position":2,"name":"Pood","item":"https:\/\/nordlinepaadid.ee\/et\/pood\/"},{"@type":"ListItem","position":3,"name":"KONVEKTSIOONAHI + PLIIT- WALLAS 87D, 12 V"}]},{"@type":"WebSite","@id":"https:\/\/nordlinepaadid.ee\/et\/#website","url":"https:\/\/nordlinepaadid.ee\/et\/","name":"NORDLINE s\u00f5udepaadid ja mootorpaadid. Klaasfiiber materjalist.","description":"","publisher":{"@id":"https:\/\/nordlinepaadid.ee\/et\/#organization"},"potentialAction":[{"@type":"SearchAction","target":{"@type":"EntryPoint","urlTemplate":"https:\/\/nordlinepaadid.ee\/et\/?s={search_term_string}"},"query-input":{"@type":"PropertyValueSpecification","valueRequired":true,"valueName":"search_term_string"}}],"inLanguage":"et"},{"@type":"Organization","@id":"https:\/\/nordlinepaadid.ee\/et\/#organization","name":"Nordlineboats","url":"https:\/\/nordlinepaadid.ee\/et\/","logo":{"@type":"ImageObject","inLanguage":"et","@id":"https:\/\/nordlinepaadid.ee\/et\/#\/schema\/logo\/image\/","url":"https:\/\/nordlinepaadid.ee\/wp-content\/uploads\/2023\/01\/fulllogo_transparent_nobuffer-e1672750475494.png","contentUrl":"https:\/\/nordlinepaadid.ee\/wp-content\/uploads\/2023\/01\/fulllogo_transparent_nobuffer-e1672750475494.png","width":150,"height":119,"caption":"Nordlineboats"},"image":{"@id":"https:\/\/nordlinepaadid.ee\/et\/#\/schema\/logo\/image\/"},"sameAs":["https:\/\/www.facebook.com\/nordlineboats","https:\/\/www.youtube.com\/channel\/UCbgF0fy02y3QkFnujaLTaCA"]}]}},"taxonomy_info":{"product_cat":[{"value":356,"label":"K\u00fclmikud, Boilerid, Pliidid"},{"value":359,"label":"K\u00dcTTESEADMED, JAHUTUSSEADMED"}],"pa_producer":[{"value":608,"label":"Wallas-Marin"}],"pa_unit":[{"value":416,"label":"pcs"}]},"featured_image_src_large":["https:\/\/nordlinepaadid.ee\/wp-content\/uploads\/2023\/03\/7232_87d.jpg",364,398,false],"author_info":[],"comment_info":"","_links":{"self":[{"href":"https:\/\/nordlinepaadid.ee\/et\/wp-json\/wp\/v2\/product\/25925","targetHints":{"allow":["GET"]}}],"collection":[{"href":"https:\/\/nordlinepaadid.ee\/et\/wp-json\/wp\/v2\/product"}],"about":[{"href":"https:\/\/nordlinepaadid.ee\/et\/wp-json\/wp\/v2\/types\/product"}],"wp:featuredmedia":[{"embeddable":true,"href":"https:\/\/nordlinepaadid.ee\/et\/wp-json\/wp\/v2\/media\/25926"}],"wp:attachment":[{"href":"https:\/\/nordlinepaadid.ee\/et\/wp-json\/wp\/v2\/media?parent=25925"}],"wp:term":[{"taxonomy":"product_brand","embeddable":true,"href":"https:\/\/nordlinepaadid.ee\/et\/wp-json\/wp\/v2\/product_brand?post=25925"},{"taxonomy":"product_cat","embeddable":true,"href":"https:\/\/nordlinepaadid.ee\/et\/wp-json\/wp\/v2\/product_cat?post=25925"},{"taxonomy":"product_tag","embeddable":true,"href":"https:\/\/nordlinepaadid.ee\/et\/wp-json\/wp\/v2\/product_tag?post=25925"}],"curies":[{"name":"wp","href":"https:\/\/api.w.org\/{rel}","templated":true}]}}