{"id":26119,"date":"2026-04-14T03:16:34","date_gmt":"2026-04-14T00:16:34","guid":{"rendered":"https:\/\/nordlinepaadid.ee\/pood\/water-container-5-l\/"},"modified":"2026-04-15T00:03:10","modified_gmt":"2026-04-14T21:03:10","slug":"kraaniga-veepaak-5-l","status":"publish","type":"product","link":"https:\/\/nordlinepaadid.ee\/et\/pood\/pumbad-ja-sanitaartarvikud\/water-tanks\/kraaniga-veepaak-5-l\/","title":{"rendered":"KRAANIGA VEEPAAK, 5 L"},"content":{"rendered":"<p>Kraaniga veemahuti on valmistatud spetsiaalselt toidu jaoks m\u00f5eldud plastikust ja on ohutu kasutada joogivee v\u00f5i muu joogiks m\u00f5eldud vedeliku tarbimiseks. T\u00e4nu mahuti kaanele ei p\u00e4\u00e4se herilased vms putukad joogi sisse. Mahutil on lai \u201csuu\u201d, mis muudab selle puhastamise lihtsaks. K\u00e4epidemega saab mahutit h\u00f5lpsasti kaasas kanda. Mahutavus: 5 l. M\u00f5\u00f5tmed: 25 x 17,5 x 23,5 cm.<\/p>\n<p>&#13;<\/p>\n","protected":false},"excerpt":{"rendered":"<p>Kraaniga veemahuti on valmistatud spetsiaalselt toidu jaoks m\u00f5eldud plastikust ja on ohutu kasutada joogivee v\u00f5i muu joogiks m\u00f5eldud vedeliku tarbimiseks. T\u00e4nu mahuti kaanele ei p\u00e4\u00e4se herilased vms putukad joogi sisse. Mahutil on lai \u201csuu\u201d, mis muudab selle puhastamise lihtsaks. K\u00e4epidemega saab mahutit h\u00f5lpsasti kaasas kanda. Mahutavus: 5 l. M\u00f5\u00f5tmed: 25 x 17,5 x 23,5 cm&#8230;.<\/p>\n","protected":false},"featured_media":26120,"template":"","meta":{"_kad_blocks_custom_css":"","_kad_blocks_head_custom_js":"","_kad_blocks_body_custom_js":"","_kad_blocks_footer_custom_js":"","_kad_post_transparent":"","_kad_post_title":"","_kad_post_layout":"","_kad_post_sidebar_id":"","_kad_post_content_style":"","_kad_post_vertical_padding":"","_kad_post_feature":"","_kad_post_feature_position":"","_kad_post_header":false,"_kad_post_footer":false,"_kad_post_classname":""},"product_brand":[],"product_cat":[269,385],"product_tag":[],"class_list":{"0":"post-26119","1":"product","2":"type-product","3":"status-publish","4":"has-post-thumbnail","6":"product_cat-pumbad-ja-sanitaartarvikud","7":"product_cat-water-tanks","8":"product_shipping_class-euroalusele-mahtuv-kaup","9":"pa_color-valge","10":"pa_producer-plastex","11":"pa_unit-pcs","12":"tm-no-options","14":"first","15":"onbackorder","16":"taxable","17":"shipping-taxable","18":"purchasable","19":"product-type-simple","20":"entry","21":"content-bg","22":"loop-entry"},"yoast_head":"<!-- This site is optimized with the Yoast SEO plugin v27.3 - https:\/\/yoast.com\/product\/yoast-seo-wordpress\/ -->\n<title>KRAANIGA VEEPAAK, 5 L - NORDLINE s\u00f5udepaadid ja mootorpaadid. Klaasfiiber materjalist.<\/title>\n<meta name=\"robots\" content=\"index, follow, max-snippet:-1, max-image-preview:large, max-video-preview:-1\" \/>\n<link rel=\"canonical\" href=\"https:\/\/nordlinepaadid.ee\/et\/pood\/pumbad-ja-sanitaartarvikud\/water-tanks\/kraaniga-veepaak-5-l\/\" \/>\n<meta property=\"og:locale\" content=\"et_EE\" \/>\n<meta property=\"og:type\" content=\"article\" \/>\n<meta property=\"og:title\" content=\"KRAANIGA VEEPAAK, 5 L - NORDLINE s\u00f5udepaadid ja mootorpaadid. Klaasfiiber materjalist.\" \/>\n<meta property=\"og:description\" content=\"Kraaniga veemahuti on valmistatud spetsiaalselt toidu jaoks m\u00f5eldud plastikust ja on ohutu kasutada joogivee v\u00f5i muu joogiks m\u00f5eldud vedeliku tarbimiseks. T\u00e4nu mahuti kaanele ei p\u00e4\u00e4se herilased vms putukad joogi sisse. Mahutil on lai \u201csuu\u201d, mis muudab selle puhastamise lihtsaks. K\u00e4epidemega saab mahutit h\u00f5lpsasti kaasas kanda. Mahutavus: 5 l. M\u00f5\u00f5tmed: 25 x 17,5 x 23,5 cm....\" \/>\n<meta property=\"og:url\" content=\"https:\/\/nordlinepaadid.ee\/et\/pood\/pumbad-ja-sanitaartarvikud\/water-tanks\/kraaniga-veepaak-5-l\/\" \/>\n<meta property=\"og:site_name\" content=\"NORDLINE s\u00f5udepaadid ja mootorpaadid. Klaasfiiber materjalist.\" \/>\n<meta property=\"article:publisher\" content=\"https:\/\/www.facebook.com\/nordlineboats\" \/>\n<meta property=\"article:modified_time\" content=\"2026-04-14T21:03:10+00:00\" \/>\n<meta property=\"og:image\" content=\"https:\/\/nordlinepaadid.ee\/wp-content\/uploads\/2023\/03\/7349_7270h_netti.jpg\" \/>\n\t<meta property=\"og:image:width\" content=\"1500\" \/>\n\t<meta property=\"og:image:height\" content=\"1500\" \/>\n\t<meta property=\"og:image:type\" content=\"image\/jpeg\" \/>\n<meta name=\"twitter:card\" content=\"summary_large_image\" \/>\n<script type=\"application\/ld+json\" class=\"yoast-schema-graph\">{\"@context\":\"https:\\\/\\\/schema.org\",\"@graph\":[{\"@type\":\"WebPage\",\"@id\":\"https:\\\/\\\/nordlinepaadid.ee\\\/et\\\/pood\\\/pumbad-ja-sanitaartarvikud\\\/water-tanks\\\/kraaniga-veepaak-5-l\\\/\",\"url\":\"https:\\\/\\\/nordlinepaadid.ee\\\/et\\\/pood\\\/pumbad-ja-sanitaartarvikud\\\/water-tanks\\\/kraaniga-veepaak-5-l\\\/\",\"name\":\"KRAANIGA VEEPAAK, 5 L - NORDLINE s\u00f5udepaadid ja mootorpaadid. Klaasfiiber materjalist.\",\"isPartOf\":{\"@id\":\"https:\\\/\\\/nordlinepaadid.ee\\\/et\\\/#website\"},\"primaryImageOfPage\":{\"@id\":\"https:\\\/\\\/nordlinepaadid.ee\\\/et\\\/pood\\\/pumbad-ja-sanitaartarvikud\\\/water-tanks\\\/kraaniga-veepaak-5-l\\\/#primaryimage\"},\"image\":{\"@id\":\"https:\\\/\\\/nordlinepaadid.ee\\\/et\\\/pood\\\/pumbad-ja-sanitaartarvikud\\\/water-tanks\\\/kraaniga-veepaak-5-l\\\/#primaryimage\"},\"thumbnailUrl\":\"https:\\\/\\\/nordlinepaadid.ee\\\/wp-content\\\/uploads\\\/2023\\\/03\\\/7349_7270h_netti.jpg\",\"datePublished\":\"2026-04-14T00:16:34+00:00\",\"dateModified\":\"2026-04-14T21:03:10+00:00\",\"breadcrumb\":{\"@id\":\"https:\\\/\\\/nordlinepaadid.ee\\\/et\\\/pood\\\/pumbad-ja-sanitaartarvikud\\\/water-tanks\\\/kraaniga-veepaak-5-l\\\/#breadcrumb\"},\"inLanguage\":\"et\",\"potentialAction\":[{\"@type\":\"ReadAction\",\"target\":[\"https:\\\/\\\/nordlinepaadid.ee\\\/et\\\/pood\\\/pumbad-ja-sanitaartarvikud\\\/water-tanks\\\/kraaniga-veepaak-5-l\\\/\"]}]},{\"@type\":\"ImageObject\",\"inLanguage\":\"et\",\"@id\":\"https:\\\/\\\/nordlinepaadid.ee\\\/et\\\/pood\\\/pumbad-ja-sanitaartarvikud\\\/water-tanks\\\/kraaniga-veepaak-5-l\\\/#primaryimage\",\"url\":\"https:\\\/\\\/nordlinepaadid.ee\\\/wp-content\\\/uploads\\\/2023\\\/03\\\/7349_7270h_netti.jpg\",\"contentUrl\":\"https:\\\/\\\/nordlinepaadid.ee\\\/wp-content\\\/uploads\\\/2023\\\/03\\\/7349_7270h_netti.jpg\",\"width\":1500,\"height\":1500},{\"@type\":\"BreadcrumbList\",\"@id\":\"https:\\\/\\\/nordlinepaadid.ee\\\/et\\\/pood\\\/pumbad-ja-sanitaartarvikud\\\/water-tanks\\\/kraaniga-veepaak-5-l\\\/#breadcrumb\",\"itemListElement\":[{\"@type\":\"ListItem\",\"position\":1,\"name\":\"Home\",\"item\":\"https:\\\/\\\/nordlinepaadid.ee\\\/et\\\/\"},{\"@type\":\"ListItem\",\"position\":2,\"name\":\"Pood\",\"item\":\"https:\\\/\\\/nordlinepaadid.ee\\\/et\\\/pood\\\/\"},{\"@type\":\"ListItem\",\"position\":3,\"name\":\"KRAANIGA VEEPAAK, 5 L\"}]},{\"@type\":\"WebSite\",\"@id\":\"https:\\\/\\\/nordlinepaadid.ee\\\/et\\\/#website\",\"url\":\"https:\\\/\\\/nordlinepaadid.ee\\\/et\\\/\",\"name\":\"NORDLINE s\u00f5udepaadid ja mootorpaadid. Klaasfiiber materjalist.\",\"description\":\"\",\"publisher\":{\"@id\":\"https:\\\/\\\/nordlinepaadid.ee\\\/et\\\/#organization\"},\"potentialAction\":[{\"@type\":\"SearchAction\",\"target\":{\"@type\":\"EntryPoint\",\"urlTemplate\":\"https:\\\/\\\/nordlinepaadid.ee\\\/et\\\/?s={search_term_string}\"},\"query-input\":{\"@type\":\"PropertyValueSpecification\",\"valueRequired\":true,\"valueName\":\"search_term_string\"}}],\"inLanguage\":\"et\"},{\"@type\":\"Organization\",\"@id\":\"https:\\\/\\\/nordlinepaadid.ee\\\/et\\\/#organization\",\"name\":\"Nordlineboats\",\"url\":\"https:\\\/\\\/nordlinepaadid.ee\\\/et\\\/\",\"logo\":{\"@type\":\"ImageObject\",\"inLanguage\":\"et\",\"@id\":\"https:\\\/\\\/nordlinepaadid.ee\\\/et\\\/#\\\/schema\\\/logo\\\/image\\\/\",\"url\":\"https:\\\/\\\/nordlinepaadid.ee\\\/wp-content\\\/uploads\\\/2023\\\/01\\\/fulllogo_transparent_nobuffer-e1672750475494.png\",\"contentUrl\":\"https:\\\/\\\/nordlinepaadid.ee\\\/wp-content\\\/uploads\\\/2023\\\/01\\\/fulllogo_transparent_nobuffer-e1672750475494.png\",\"width\":150,\"height\":119,\"caption\":\"Nordlineboats\"},\"image\":{\"@id\":\"https:\\\/\\\/nordlinepaadid.ee\\\/et\\\/#\\\/schema\\\/logo\\\/image\\\/\"},\"sameAs\":[\"https:\\\/\\\/www.facebook.com\\\/nordlineboats\",\"https:\\\/\\\/www.youtube.com\\\/channel\\\/UCbgF0fy02y3QkFnujaLTaCA\"]}]}<\/script>\n<!-- \/ Yoast SEO plugin. -->","yoast_head_json":{"title":"KRAANIGA VEEPAAK, 5 L - NORDLINE s\u00f5udepaadid ja mootorpaadid. Klaasfiiber materjalist.","robots":{"index":"index","follow":"follow","max-snippet":"max-snippet:-1","max-image-preview":"max-image-preview:large","max-video-preview":"max-video-preview:-1"},"canonical":"https:\/\/nordlinepaadid.ee\/et\/pood\/pumbad-ja-sanitaartarvikud\/water-tanks\/kraaniga-veepaak-5-l\/","og_locale":"et_EE","og_type":"article","og_title":"KRAANIGA VEEPAAK, 5 L - NORDLINE s\u00f5udepaadid ja mootorpaadid. Klaasfiiber materjalist.","og_description":"Kraaniga veemahuti on valmistatud spetsiaalselt toidu jaoks m\u00f5eldud plastikust ja on ohutu kasutada joogivee v\u00f5i muu joogiks m\u00f5eldud vedeliku tarbimiseks. T\u00e4nu mahuti kaanele ei p\u00e4\u00e4se herilased vms putukad joogi sisse. Mahutil on lai \u201csuu\u201d, mis muudab selle puhastamise lihtsaks. K\u00e4epidemega saab mahutit h\u00f5lpsasti kaasas kanda. Mahutavus: 5 l. M\u00f5\u00f5tmed: 25 x 17,5 x 23,5 cm....","og_url":"https:\/\/nordlinepaadid.ee\/et\/pood\/pumbad-ja-sanitaartarvikud\/water-tanks\/kraaniga-veepaak-5-l\/","og_site_name":"NORDLINE s\u00f5udepaadid ja mootorpaadid. Klaasfiiber materjalist.","article_publisher":"https:\/\/www.facebook.com\/nordlineboats","article_modified_time":"2026-04-14T21:03:10+00:00","og_image":[{"width":1500,"height":1500,"url":"https:\/\/nordlinepaadid.ee\/wp-content\/uploads\/2023\/03\/7349_7270h_netti.jpg","type":"image\/jpeg"}],"twitter_card":"summary_large_image","schema":{"@context":"https:\/\/schema.org","@graph":[{"@type":"WebPage","@id":"https:\/\/nordlinepaadid.ee\/et\/pood\/pumbad-ja-sanitaartarvikud\/water-tanks\/kraaniga-veepaak-5-l\/","url":"https:\/\/nordlinepaadid.ee\/et\/pood\/pumbad-ja-sanitaartarvikud\/water-tanks\/kraaniga-veepaak-5-l\/","name":"KRAANIGA VEEPAAK, 5 L - NORDLINE s\u00f5udepaadid ja mootorpaadid. Klaasfiiber materjalist.","isPartOf":{"@id":"https:\/\/nordlinepaadid.ee\/et\/#website"},"primaryImageOfPage":{"@id":"https:\/\/nordlinepaadid.ee\/et\/pood\/pumbad-ja-sanitaartarvikud\/water-tanks\/kraaniga-veepaak-5-l\/#primaryimage"},"image":{"@id":"https:\/\/nordlinepaadid.ee\/et\/pood\/pumbad-ja-sanitaartarvikud\/water-tanks\/kraaniga-veepaak-5-l\/#primaryimage"},"thumbnailUrl":"https:\/\/nordlinepaadid.ee\/wp-content\/uploads\/2023\/03\/7349_7270h_netti.jpg","datePublished":"2026-04-14T00:16:34+00:00","dateModified":"2026-04-14T21:03:10+00:00","breadcrumb":{"@id":"https:\/\/nordlinepaadid.ee\/et\/pood\/pumbad-ja-sanitaartarvikud\/water-tanks\/kraaniga-veepaak-5-l\/#breadcrumb"},"inLanguage":"et","potentialAction":[{"@type":"ReadAction","target":["https:\/\/nordlinepaadid.ee\/et\/pood\/pumbad-ja-sanitaartarvikud\/water-tanks\/kraaniga-veepaak-5-l\/"]}]},{"@type":"ImageObject","inLanguage":"et","@id":"https:\/\/nordlinepaadid.ee\/et\/pood\/pumbad-ja-sanitaartarvikud\/water-tanks\/kraaniga-veepaak-5-l\/#primaryimage","url":"https:\/\/nordlinepaadid.ee\/wp-content\/uploads\/2023\/03\/7349_7270h_netti.jpg","contentUrl":"https:\/\/nordlinepaadid.ee\/wp-content\/uploads\/2023\/03\/7349_7270h_netti.jpg","width":1500,"height":1500},{"@type":"BreadcrumbList","@id":"https:\/\/nordlinepaadid.ee\/et\/pood\/pumbad-ja-sanitaartarvikud\/water-tanks\/kraaniga-veepaak-5-l\/#breadcrumb","itemListElement":[{"@type":"ListItem","position":1,"name":"Home","item":"https:\/\/nordlinepaadid.ee\/et\/"},{"@type":"ListItem","position":2,"name":"Pood","item":"https:\/\/nordlinepaadid.ee\/et\/pood\/"},{"@type":"ListItem","position":3,"name":"KRAANIGA VEEPAAK, 5 L"}]},{"@type":"WebSite","@id":"https:\/\/nordlinepaadid.ee\/et\/#website","url":"https:\/\/nordlinepaadid.ee\/et\/","name":"NORDLINE s\u00f5udepaadid ja mootorpaadid. Klaasfiiber materjalist.","description":"","publisher":{"@id":"https:\/\/nordlinepaadid.ee\/et\/#organization"},"potentialAction":[{"@type":"SearchAction","target":{"@type":"EntryPoint","urlTemplate":"https:\/\/nordlinepaadid.ee\/et\/?s={search_term_string}"},"query-input":{"@type":"PropertyValueSpecification","valueRequired":true,"valueName":"search_term_string"}}],"inLanguage":"et"},{"@type":"Organization","@id":"https:\/\/nordlinepaadid.ee\/et\/#organization","name":"Nordlineboats","url":"https:\/\/nordlinepaadid.ee\/et\/","logo":{"@type":"ImageObject","inLanguage":"et","@id":"https:\/\/nordlinepaadid.ee\/et\/#\/schema\/logo\/image\/","url":"https:\/\/nordlinepaadid.ee\/wp-content\/uploads\/2023\/01\/fulllogo_transparent_nobuffer-e1672750475494.png","contentUrl":"https:\/\/nordlinepaadid.ee\/wp-content\/uploads\/2023\/01\/fulllogo_transparent_nobuffer-e1672750475494.png","width":150,"height":119,"caption":"Nordlineboats"},"image":{"@id":"https:\/\/nordlinepaadid.ee\/et\/#\/schema\/logo\/image\/"},"sameAs":["https:\/\/www.facebook.com\/nordlineboats","https:\/\/www.youtube.com\/channel\/UCbgF0fy02y3QkFnujaLTaCA"]}]}},"taxonomy_info":{"product_cat":[{"value":269,"label":"PUMBAD JA SANITAARTARVIKUD"},{"value":385,"label":"Veepaagid"}],"pa_color":[{"value":677,"label":"Valge"}],"pa_producer":[{"value":613,"label":"Plastex"}],"pa_unit":[{"value":416,"label":"pcs"}]},"featured_image_src_large":["https:\/\/nordlinepaadid.ee\/wp-content\/uploads\/2023\/03\/7349_7270h_netti-1024x1024.jpg",1024,1024,true],"author_info":[],"comment_info":"","_links":{"self":[{"href":"https:\/\/nordlinepaadid.ee\/et\/wp-json\/wp\/v2\/product\/26119","targetHints":{"allow":["GET"]}}],"collection":[{"href":"https:\/\/nordlinepaadid.ee\/et\/wp-json\/wp\/v2\/product"}],"about":[{"href":"https:\/\/nordlinepaadid.ee\/et\/wp-json\/wp\/v2\/types\/product"}],"wp:featuredmedia":[{"embeddable":true,"href":"https:\/\/nordlinepaadid.ee\/et\/wp-json\/wp\/v2\/media\/26120"}],"wp:attachment":[{"href":"https:\/\/nordlinepaadid.ee\/et\/wp-json\/wp\/v2\/media?parent=26119"}],"wp:term":[{"taxonomy":"product_brand","embeddable":true,"href":"https:\/\/nordlinepaadid.ee\/et\/wp-json\/wp\/v2\/product_brand?post=26119"},{"taxonomy":"product_cat","embeddable":true,"href":"https:\/\/nordlinepaadid.ee\/et\/wp-json\/wp\/v2\/product_cat?post=26119"},{"taxonomy":"product_tag","embeddable":true,"href":"https:\/\/nordlinepaadid.ee\/et\/wp-json\/wp\/v2\/product_tag?post=26119"}],"curies":[{"name":"wp","href":"https:\/\/api.w.org\/{rel}","templated":true}]}}