{"id":26145,"date":"2026-04-07T03:18:28","date_gmt":"2026-04-07T00:18:28","guid":{"rendered":"https:\/\/nordlinepaadid.ee\/pood\/sirocco-folding-boat-seat-blue-white\/"},"modified":"2026-04-08T18:00:53","modified_gmt":"2026-04-08T15:00:53","slug":"kokkupandava-seljatoega-iste-sirocco-sinine-valge","status":"publish","type":"product","link":"https:\/\/nordlinepaadid.ee\/et\/pood\/cabin-interior\/tables-seats\/kokkupandava-seljatoega-iste-sirocco-sinine-valge\/","title":{"rendered":"KOKKUPANDAVA SELJATOEGA ISTE- SIROCCO, SININE\/VALGE"},"content":{"rendered":"<p>Ergonoomiliselt disainitud kokkuk\u00e4iv paaditool, mis \u00fchendab omavahel stiili ja suurep\u00e4rase kasutusmugavuse. Pehmendusega lai istumisalus ja seljatugi t\u00f6\u00f6tavad koos kui meeskond, pakkudes kehale istumise ajal suurep\u00e4rast tuge. UV kindel kangas. Ergonoomiline alusraam. Kontuuriga pehmendus. M\u00f5\u00f5tmed: K\u00f5rgus &#8211; 554 mm, Laius &#8211; 463 mm, S\u00fcgavus &#8211; 509 mm.<\/p>\n<p>&nbsp;<\/p>\n<p>&#13;<br \/>\n&#13;<\/p>\n<p><a href=\"https:\/\/www.promarinetrade.com\/parima_hinna_garantii\"><img decoding=\"async\" alt=\"\" src=\"\/bw_client_files\/promarine\/public\/img\/Image\/PARIM_HIND_-_NEW.png\" style=\"float:left; height:270px; width:270px\" \/><\/a><\/p>\n<p>&#13;<\/p>\n","protected":false},"excerpt":{"rendered":"<p>Ergonoomiliselt disainitud kokkuk\u00e4iv paaditool, mis \u00fchendab omavahel stiili ja suurep\u00e4rase kasutusmugavuse. Pehmendusega lai istumisalus ja seljatugi t\u00f6\u00f6tavad koos kui meeskond, pakkudes kehale istumise ajal suurep\u00e4rast tuge. UV kindel kangas. Ergonoomiline alusraam. Kontuuriga pehmendus. M\u00f5\u00f5tmed: K\u00f5rgus &#8211; 554 mm, Laius &#8211; 463 mm, S\u00fcgavus &#8211; 509 mm. &nbsp; &#13; &#13; &#13;<\/p>\n","protected":false},"featured_media":26146,"template":"","meta":{"_kad_blocks_custom_css":"","_kad_blocks_head_custom_js":"","_kad_blocks_body_custom_js":"","_kad_blocks_footer_custom_js":"","_kad_post_transparent":"","_kad_post_title":"","_kad_post_layout":"","_kad_post_sidebar_id":"","_kad_post_content_style":"","_kad_post_vertical_padding":"","_kad_post_feature":"","_kad_post_feature_position":"","_kad_post_header":false,"_kad_post_footer":false,"_kad_post_classname":""},"product_brand":[],"product_cat":[290,291],"product_tag":[],"class_list":{"0":"post-26145","1":"product","2":"type-product","3":"status-publish","4":"has-post-thumbnail","6":"product_cat-cabin-interior","7":"product_cat-tables-seats","8":"product_shipping_class-pakiautomaati-mahtuv-kaup","9":"pa_color-sinine-valge-2","10":"pa_producer-oceansouth","11":"pa_unit-pcs","12":"tm-no-options","14":"first","15":"onbackorder","16":"taxable","17":"shipping-taxable","18":"purchasable","19":"product-type-simple","20":"entry","21":"content-bg","22":"loop-entry"},"yoast_head":"<!-- This site is optimized with the Yoast SEO plugin v27.3 - https:\/\/yoast.com\/product\/yoast-seo-wordpress\/ -->\n<title>KOKKUPANDAVA SELJATOEGA ISTE- SIROCCO, SININE\/VALGE - NORDLINE s\u00f5udepaadid ja mootorpaadid. Klaasfiiber materjalist.<\/title>\n<meta name=\"robots\" content=\"index, follow, max-snippet:-1, max-image-preview:large, max-video-preview:-1\" \/>\n<link rel=\"canonical\" href=\"https:\/\/nordlinepaadid.ee\/et\/pood\/cabin-interior\/tables-seats\/kokkupandava-seljatoega-iste-sirocco-sinine-valge\/\" \/>\n<meta property=\"og:locale\" content=\"et_EE\" \/>\n<meta property=\"og:type\" content=\"article\" \/>\n<meta property=\"og:title\" content=\"KOKKUPANDAVA SELJATOEGA ISTE- SIROCCO, SININE\/VALGE - NORDLINE s\u00f5udepaadid ja mootorpaadid. Klaasfiiber materjalist.\" \/>\n<meta property=\"og:description\" content=\"Ergonoomiliselt disainitud kokkuk\u00e4iv paaditool, mis \u00fchendab omavahel stiili ja suurep\u00e4rase kasutusmugavuse. Pehmendusega lai istumisalus ja seljatugi t\u00f6\u00f6tavad koos kui meeskond, pakkudes kehale istumise ajal suurep\u00e4rast tuge. UV kindel kangas. Ergonoomiline alusraam. Kontuuriga pehmendus. M\u00f5\u00f5tmed: K\u00f5rgus &#8211; 554 mm, Laius &#8211; 463 mm, S\u00fcgavus &#8211; 509 mm. &nbsp; &#013; &#013; &#013;\" \/>\n<meta property=\"og:url\" content=\"https:\/\/nordlinepaadid.ee\/et\/pood\/cabin-interior\/tables-seats\/kokkupandava-seljatoega-iste-sirocco-sinine-valge\/\" \/>\n<meta property=\"og:site_name\" content=\"NORDLINE s\u00f5udepaadid ja mootorpaadid. Klaasfiiber materjalist.\" \/>\n<meta property=\"article:publisher\" content=\"https:\/\/www.facebook.com\/nordlineboats\" \/>\n<meta property=\"article:modified_time\" content=\"2026-04-08T15:00:53+00:00\" \/>\n<meta property=\"og:image\" content=\"https:\/\/nordlinepaadid.ee\/wp-content\/uploads\/2023\/03\/7360_Sir4BW-600x600-1.jpg\" \/>\n\t<meta property=\"og:image:width\" content=\"600\" \/>\n\t<meta property=\"og:image:height\" content=\"600\" \/>\n\t<meta property=\"og:image:type\" content=\"image\/jpeg\" \/>\n<meta name=\"twitter:card\" content=\"summary_large_image\" \/>\n<script type=\"application\/ld+json\" class=\"yoast-schema-graph\">{\"@context\":\"https:\\\/\\\/schema.org\",\"@graph\":[{\"@type\":\"WebPage\",\"@id\":\"https:\\\/\\\/nordlinepaadid.ee\\\/et\\\/pood\\\/cabin-interior\\\/tables-seats\\\/kokkupandava-seljatoega-iste-sirocco-sinine-valge\\\/\",\"url\":\"https:\\\/\\\/nordlinepaadid.ee\\\/et\\\/pood\\\/cabin-interior\\\/tables-seats\\\/kokkupandava-seljatoega-iste-sirocco-sinine-valge\\\/\",\"name\":\"KOKKUPANDAVA SELJATOEGA ISTE- SIROCCO, SININE\\\/VALGE - NORDLINE s\u00f5udepaadid ja mootorpaadid. Klaasfiiber materjalist.\",\"isPartOf\":{\"@id\":\"https:\\\/\\\/nordlinepaadid.ee\\\/et\\\/#website\"},\"primaryImageOfPage\":{\"@id\":\"https:\\\/\\\/nordlinepaadid.ee\\\/et\\\/pood\\\/cabin-interior\\\/tables-seats\\\/kokkupandava-seljatoega-iste-sirocco-sinine-valge\\\/#primaryimage\"},\"image\":{\"@id\":\"https:\\\/\\\/nordlinepaadid.ee\\\/et\\\/pood\\\/cabin-interior\\\/tables-seats\\\/kokkupandava-seljatoega-iste-sirocco-sinine-valge\\\/#primaryimage\"},\"thumbnailUrl\":\"https:\\\/\\\/nordlinepaadid.ee\\\/wp-content\\\/uploads\\\/2023\\\/03\\\/7360_Sir4BW-600x600-1.jpg\",\"datePublished\":\"2026-04-07T00:18:28+00:00\",\"dateModified\":\"2026-04-08T15:00:53+00:00\",\"breadcrumb\":{\"@id\":\"https:\\\/\\\/nordlinepaadid.ee\\\/et\\\/pood\\\/cabin-interior\\\/tables-seats\\\/kokkupandava-seljatoega-iste-sirocco-sinine-valge\\\/#breadcrumb\"},\"inLanguage\":\"et\",\"potentialAction\":[{\"@type\":\"ReadAction\",\"target\":[\"https:\\\/\\\/nordlinepaadid.ee\\\/et\\\/pood\\\/cabin-interior\\\/tables-seats\\\/kokkupandava-seljatoega-iste-sirocco-sinine-valge\\\/\"]}]},{\"@type\":\"ImageObject\",\"inLanguage\":\"et\",\"@id\":\"https:\\\/\\\/nordlinepaadid.ee\\\/et\\\/pood\\\/cabin-interior\\\/tables-seats\\\/kokkupandava-seljatoega-iste-sirocco-sinine-valge\\\/#primaryimage\",\"url\":\"https:\\\/\\\/nordlinepaadid.ee\\\/wp-content\\\/uploads\\\/2023\\\/03\\\/7360_Sir4BW-600x600-1.jpg\",\"contentUrl\":\"https:\\\/\\\/nordlinepaadid.ee\\\/wp-content\\\/uploads\\\/2023\\\/03\\\/7360_Sir4BW-600x600-1.jpg\",\"width\":600,\"height\":600},{\"@type\":\"BreadcrumbList\",\"@id\":\"https:\\\/\\\/nordlinepaadid.ee\\\/et\\\/pood\\\/cabin-interior\\\/tables-seats\\\/kokkupandava-seljatoega-iste-sirocco-sinine-valge\\\/#breadcrumb\",\"itemListElement\":[{\"@type\":\"ListItem\",\"position\":1,\"name\":\"Home\",\"item\":\"https:\\\/\\\/nordlinepaadid.ee\\\/et\\\/\"},{\"@type\":\"ListItem\",\"position\":2,\"name\":\"Pood\",\"item\":\"https:\\\/\\\/nordlinepaadid.ee\\\/et\\\/pood\\\/\"},{\"@type\":\"ListItem\",\"position\":3,\"name\":\"KOKKUPANDAVA SELJATOEGA ISTE- SIROCCO, SININE\\\/VALGE\"}]},{\"@type\":\"WebSite\",\"@id\":\"https:\\\/\\\/nordlinepaadid.ee\\\/et\\\/#website\",\"url\":\"https:\\\/\\\/nordlinepaadid.ee\\\/et\\\/\",\"name\":\"NORDLINE s\u00f5udepaadid ja mootorpaadid. Klaasfiiber materjalist.\",\"description\":\"\",\"publisher\":{\"@id\":\"https:\\\/\\\/nordlinepaadid.ee\\\/et\\\/#organization\"},\"potentialAction\":[{\"@type\":\"SearchAction\",\"target\":{\"@type\":\"EntryPoint\",\"urlTemplate\":\"https:\\\/\\\/nordlinepaadid.ee\\\/et\\\/?s={search_term_string}\"},\"query-input\":{\"@type\":\"PropertyValueSpecification\",\"valueRequired\":true,\"valueName\":\"search_term_string\"}}],\"inLanguage\":\"et\"},{\"@type\":\"Organization\",\"@id\":\"https:\\\/\\\/nordlinepaadid.ee\\\/et\\\/#organization\",\"name\":\"Nordlineboats\",\"url\":\"https:\\\/\\\/nordlinepaadid.ee\\\/et\\\/\",\"logo\":{\"@type\":\"ImageObject\",\"inLanguage\":\"et\",\"@id\":\"https:\\\/\\\/nordlinepaadid.ee\\\/et\\\/#\\\/schema\\\/logo\\\/image\\\/\",\"url\":\"https:\\\/\\\/nordlinepaadid.ee\\\/wp-content\\\/uploads\\\/2023\\\/01\\\/fulllogo_transparent_nobuffer-e1672750475494.png\",\"contentUrl\":\"https:\\\/\\\/nordlinepaadid.ee\\\/wp-content\\\/uploads\\\/2023\\\/01\\\/fulllogo_transparent_nobuffer-e1672750475494.png\",\"width\":150,\"height\":119,\"caption\":\"Nordlineboats\"},\"image\":{\"@id\":\"https:\\\/\\\/nordlinepaadid.ee\\\/et\\\/#\\\/schema\\\/logo\\\/image\\\/\"},\"sameAs\":[\"https:\\\/\\\/www.facebook.com\\\/nordlineboats\",\"https:\\\/\\\/www.youtube.com\\\/channel\\\/UCbgF0fy02y3QkFnujaLTaCA\"]}]}<\/script>\n<!-- \/ Yoast SEO plugin. -->","yoast_head_json":{"title":"KOKKUPANDAVA SELJATOEGA ISTE- SIROCCO, SININE\/VALGE - NORDLINE s\u00f5udepaadid ja mootorpaadid. Klaasfiiber materjalist.","robots":{"index":"index","follow":"follow","max-snippet":"max-snippet:-1","max-image-preview":"max-image-preview:large","max-video-preview":"max-video-preview:-1"},"canonical":"https:\/\/nordlinepaadid.ee\/et\/pood\/cabin-interior\/tables-seats\/kokkupandava-seljatoega-iste-sirocco-sinine-valge\/","og_locale":"et_EE","og_type":"article","og_title":"KOKKUPANDAVA SELJATOEGA ISTE- SIROCCO, SININE\/VALGE - NORDLINE s\u00f5udepaadid ja mootorpaadid. Klaasfiiber materjalist.","og_description":"Ergonoomiliselt disainitud kokkuk\u00e4iv paaditool, mis \u00fchendab omavahel stiili ja suurep\u00e4rase kasutusmugavuse. Pehmendusega lai istumisalus ja seljatugi t\u00f6\u00f6tavad koos kui meeskond, pakkudes kehale istumise ajal suurep\u00e4rast tuge. UV kindel kangas. Ergonoomiline alusraam. Kontuuriga pehmendus. M\u00f5\u00f5tmed: K\u00f5rgus &#8211; 554 mm, Laius &#8211; 463 mm, S\u00fcgavus &#8211; 509 mm. &nbsp; &#13; &#13; &#13;","og_url":"https:\/\/nordlinepaadid.ee\/et\/pood\/cabin-interior\/tables-seats\/kokkupandava-seljatoega-iste-sirocco-sinine-valge\/","og_site_name":"NORDLINE s\u00f5udepaadid ja mootorpaadid. Klaasfiiber materjalist.","article_publisher":"https:\/\/www.facebook.com\/nordlineboats","article_modified_time":"2026-04-08T15:00:53+00:00","og_image":[{"width":600,"height":600,"url":"https:\/\/nordlinepaadid.ee\/wp-content\/uploads\/2023\/03\/7360_Sir4BW-600x600-1.jpg","type":"image\/jpeg"}],"twitter_card":"summary_large_image","schema":{"@context":"https:\/\/schema.org","@graph":[{"@type":"WebPage","@id":"https:\/\/nordlinepaadid.ee\/et\/pood\/cabin-interior\/tables-seats\/kokkupandava-seljatoega-iste-sirocco-sinine-valge\/","url":"https:\/\/nordlinepaadid.ee\/et\/pood\/cabin-interior\/tables-seats\/kokkupandava-seljatoega-iste-sirocco-sinine-valge\/","name":"KOKKUPANDAVA SELJATOEGA ISTE- SIROCCO, SININE\/VALGE - NORDLINE s\u00f5udepaadid ja mootorpaadid. Klaasfiiber materjalist.","isPartOf":{"@id":"https:\/\/nordlinepaadid.ee\/et\/#website"},"primaryImageOfPage":{"@id":"https:\/\/nordlinepaadid.ee\/et\/pood\/cabin-interior\/tables-seats\/kokkupandava-seljatoega-iste-sirocco-sinine-valge\/#primaryimage"},"image":{"@id":"https:\/\/nordlinepaadid.ee\/et\/pood\/cabin-interior\/tables-seats\/kokkupandava-seljatoega-iste-sirocco-sinine-valge\/#primaryimage"},"thumbnailUrl":"https:\/\/nordlinepaadid.ee\/wp-content\/uploads\/2023\/03\/7360_Sir4BW-600x600-1.jpg","datePublished":"2026-04-07T00:18:28+00:00","dateModified":"2026-04-08T15:00:53+00:00","breadcrumb":{"@id":"https:\/\/nordlinepaadid.ee\/et\/pood\/cabin-interior\/tables-seats\/kokkupandava-seljatoega-iste-sirocco-sinine-valge\/#breadcrumb"},"inLanguage":"et","potentialAction":[{"@type":"ReadAction","target":["https:\/\/nordlinepaadid.ee\/et\/pood\/cabin-interior\/tables-seats\/kokkupandava-seljatoega-iste-sirocco-sinine-valge\/"]}]},{"@type":"ImageObject","inLanguage":"et","@id":"https:\/\/nordlinepaadid.ee\/et\/pood\/cabin-interior\/tables-seats\/kokkupandava-seljatoega-iste-sirocco-sinine-valge\/#primaryimage","url":"https:\/\/nordlinepaadid.ee\/wp-content\/uploads\/2023\/03\/7360_Sir4BW-600x600-1.jpg","contentUrl":"https:\/\/nordlinepaadid.ee\/wp-content\/uploads\/2023\/03\/7360_Sir4BW-600x600-1.jpg","width":600,"height":600},{"@type":"BreadcrumbList","@id":"https:\/\/nordlinepaadid.ee\/et\/pood\/cabin-interior\/tables-seats\/kokkupandava-seljatoega-iste-sirocco-sinine-valge\/#breadcrumb","itemListElement":[{"@type":"ListItem","position":1,"name":"Home","item":"https:\/\/nordlinepaadid.ee\/et\/"},{"@type":"ListItem","position":2,"name":"Pood","item":"https:\/\/nordlinepaadid.ee\/et\/pood\/"},{"@type":"ListItem","position":3,"name":"KOKKUPANDAVA SELJATOEGA ISTE- SIROCCO, SININE\/VALGE"}]},{"@type":"WebSite","@id":"https:\/\/nordlinepaadid.ee\/et\/#website","url":"https:\/\/nordlinepaadid.ee\/et\/","name":"NORDLINE s\u00f5udepaadid ja mootorpaadid. Klaasfiiber materjalist.","description":"","publisher":{"@id":"https:\/\/nordlinepaadid.ee\/et\/#organization"},"potentialAction":[{"@type":"SearchAction","target":{"@type":"EntryPoint","urlTemplate":"https:\/\/nordlinepaadid.ee\/et\/?s={search_term_string}"},"query-input":{"@type":"PropertyValueSpecification","valueRequired":true,"valueName":"search_term_string"}}],"inLanguage":"et"},{"@type":"Organization","@id":"https:\/\/nordlinepaadid.ee\/et\/#organization","name":"Nordlineboats","url":"https:\/\/nordlinepaadid.ee\/et\/","logo":{"@type":"ImageObject","inLanguage":"et","@id":"https:\/\/nordlinepaadid.ee\/et\/#\/schema\/logo\/image\/","url":"https:\/\/nordlinepaadid.ee\/wp-content\/uploads\/2023\/01\/fulllogo_transparent_nobuffer-e1672750475494.png","contentUrl":"https:\/\/nordlinepaadid.ee\/wp-content\/uploads\/2023\/01\/fulllogo_transparent_nobuffer-e1672750475494.png","width":150,"height":119,"caption":"Nordlineboats"},"image":{"@id":"https:\/\/nordlinepaadid.ee\/et\/#\/schema\/logo\/image\/"},"sameAs":["https:\/\/www.facebook.com\/nordlineboats","https:\/\/www.youtube.com\/channel\/UCbgF0fy02y3QkFnujaLTaCA"]}]}},"taxonomy_info":{"product_cat":[{"value":290,"label":"KAJUTISISUSTUS JA INTERJ\u00d6\u00d6R"},{"value":291,"label":"Toolid, Lauad, Lauajalad"}],"pa_color":[{"value":1143,"label":"Sinine\/Valge"}],"pa_producer":[{"value":561,"label":"Oceansouth"}],"pa_unit":[{"value":416,"label":"pcs"}]},"featured_image_src_large":["https:\/\/nordlinepaadid.ee\/wp-content\/uploads\/2023\/03\/7360_Sir4BW-600x600-1.jpg",600,600,false],"author_info":[],"comment_info":"","_links":{"self":[{"href":"https:\/\/nordlinepaadid.ee\/et\/wp-json\/wp\/v2\/product\/26145","targetHints":{"allow":["GET"]}}],"collection":[{"href":"https:\/\/nordlinepaadid.ee\/et\/wp-json\/wp\/v2\/product"}],"about":[{"href":"https:\/\/nordlinepaadid.ee\/et\/wp-json\/wp\/v2\/types\/product"}],"wp:featuredmedia":[{"embeddable":true,"href":"https:\/\/nordlinepaadid.ee\/et\/wp-json\/wp\/v2\/media\/26146"}],"wp:attachment":[{"href":"https:\/\/nordlinepaadid.ee\/et\/wp-json\/wp\/v2\/media?parent=26145"}],"wp:term":[{"taxonomy":"product_brand","embeddable":true,"href":"https:\/\/nordlinepaadid.ee\/et\/wp-json\/wp\/v2\/product_brand?post=26145"},{"taxonomy":"product_cat","embeddable":true,"href":"https:\/\/nordlinepaadid.ee\/et\/wp-json\/wp\/v2\/product_cat?post=26145"},{"taxonomy":"product_tag","embeddable":true,"href":"https:\/\/nordlinepaadid.ee\/et\/wp-json\/wp\/v2\/product_tag?post=26145"}],"curies":[{"name":"wp","href":"https:\/\/api.w.org\/{rel}","templated":true}]}}