{"id":26208,"date":"2026-04-14T03:16:36","date_gmt":"2026-04-14T00:16:36","guid":{"rendered":"https:\/\/nordlinepaadid.ee\/pood\/liferaft-for-4-persons-leisure-raft-bag\/"},"modified":"2026-04-14T14:05:42","modified_gmt":"2026-04-14T11:05:42","slug":"paasteparv-4-le-inimesele-leisure-raft-kandekott","status":"publish","type":"product","link":"https:\/\/nordlinepaadid.ee\/et\/pood\/ru-safety\/ru-liferafts-liferings\/paasteparv-4-le-inimesele-leisure-raft-kandekott\/","title":{"rendered":"P\u00c4\u00c4STEPARV 4-le INIMESELE, LEISURE-RAFT, KANDEKOTT"},"content":{"rendered":"<p>Kvaliteetne Leisure-Raft p\u00e4\u00e4steparv neile, kes ei vaja t\u00e4isfunktsionaalset p\u00e4\u00e4steparve. See on v\u00e4ikseim, kergeim ja odavaim p\u00e4\u00e4steparv turul. Kerge kaaluga p\u00e4\u00e4steparve kompaktne suurus teeb selle hoiustamise v\u00e4iksemates ruumides lihtsamaks. Parvel on veega aktiveeruv tuli. M\u00f5eldud kasutamiseks 4-le inimesele ja pakitud kandekotti. Kandekoti m\u00f5\u00f5tmed: 410 x 330 x 150 mm. Parve m\u00f5\u00f5tmed: 2004 x 2004 x 1170 mm. Kaal: 9.1 kg.<\/p>\n<p>&#13;<\/p>\n<p><iframe loading=\"lazy\" allowfullscreen=\"\" frameborder=\"0\" height=\"360\" src=\"\/\/www.youtube.com\/embed\/2XvA-z-gZss?rel=0\" width=\"640\"><\/iframe><\/p>\n<p>&#13;<\/p>\n","protected":false},"excerpt":{"rendered":"<p>Kvaliteetne Leisure-Raft p\u00e4\u00e4steparv neile, kes ei vaja t\u00e4isfunktsionaalset p\u00e4\u00e4steparve. See on v\u00e4ikseim, kergeim ja odavaim p\u00e4\u00e4steparv turul. Kerge kaaluga p\u00e4\u00e4steparve kompaktne suurus teeb selle hoiustamise v\u00e4iksemates ruumides lihtsamaks. Parvel on veega aktiveeruv tuli. M\u00f5eldud kasutamiseks 4-le inimesele ja pakitud kandekotti. Kandekoti m\u00f5\u00f5tmed: 410 x 330 x 150 mm. Parve m\u00f5\u00f5tmed: 2004 x 2004 x 1170&#8230;<\/p>\n","protected":false},"featured_media":26204,"template":"","meta":{"_kad_blocks_custom_css":"","_kad_blocks_head_custom_js":"","_kad_blocks_body_custom_js":"","_kad_blocks_footer_custom_js":"","_kad_post_transparent":"","_kad_post_title":"","_kad_post_layout":"","_kad_post_sidebar_id":"","_kad_post_content_style":"","_kad_post_vertical_padding":"","_kad_post_feature":"","_kad_post_feature_position":"","_kad_post_header":false,"_kad_post_footer":false,"_kad_post_classname":""},"product_brand":[],"product_cat":[235,230,784],"product_tag":[],"class_list":{"0":"post-26208","1":"product","2":"type-product","3":"status-publish","4":"has-post-thumbnail","6":"product_cat-paasteparved-paasterongad","7":"product_cat-paastevahendid","8":"product_cat-ru-liferafts-liferings","9":"product_shipping_class-euroalusele-mahtuv-kaup","10":"pa_color-kollane-oranz-2","11":"pa_producer-lalizas","12":"pa_unit-pcs","13":"tm-no-options","15":"first","16":"onbackorder","17":"taxable","18":"shipping-taxable","19":"purchasable","20":"product-type-simple","21":"entry","22":"content-bg","23":"loop-entry"},"yoast_head":"<!-- This site is optimized with the Yoast SEO plugin v27.3 - https:\/\/yoast.com\/product\/yoast-seo-wordpress\/ -->\n<title>P\u00c4\u00c4STEPARV 4-le INIMESELE, LEISURE-RAFT, KANDEKOTT - NORDLINE s\u00f5udepaadid ja mootorpaadid. Klaasfiiber materjalist.<\/title>\n<meta name=\"robots\" content=\"index, follow, max-snippet:-1, max-image-preview:large, max-video-preview:-1\" \/>\n<link rel=\"canonical\" href=\"https:\/\/nordlinepaadid.ee\/et\/pood\/ru-safety\/ru-liferafts-liferings\/paasteparv-4-le-inimesele-leisure-raft-kandekott\/\" \/>\n<meta property=\"og:locale\" content=\"et_EE\" \/>\n<meta property=\"og:type\" content=\"article\" \/>\n<meta property=\"og:title\" content=\"P\u00c4\u00c4STEPARV 4-le INIMESELE, LEISURE-RAFT, KANDEKOTT - NORDLINE s\u00f5udepaadid ja mootorpaadid. Klaasfiiber materjalist.\" \/>\n<meta property=\"og:description\" content=\"Kvaliteetne Leisure-Raft p\u00e4\u00e4steparv neile, kes ei vaja t\u00e4isfunktsionaalset p\u00e4\u00e4steparve. See on v\u00e4ikseim, kergeim ja odavaim p\u00e4\u00e4steparv turul. Kerge kaaluga p\u00e4\u00e4steparve kompaktne suurus teeb selle hoiustamise v\u00e4iksemates ruumides lihtsamaks. Parvel on veega aktiveeruv tuli. M\u00f5eldud kasutamiseks 4-le inimesele ja pakitud kandekotti. Kandekoti m\u00f5\u00f5tmed: 410 x 330 x 150 mm. Parve m\u00f5\u00f5tmed: 2004 x 2004 x 1170...\" \/>\n<meta property=\"og:url\" content=\"https:\/\/nordlinepaadid.ee\/et\/pood\/ru-safety\/ru-liferafts-liferings\/paasteparv-4-le-inimesele-leisure-raft-kandekott\/\" \/>\n<meta property=\"og:site_name\" content=\"NORDLINE s\u00f5udepaadid ja mootorpaadid. Klaasfiiber materjalist.\" \/>\n<meta property=\"article:publisher\" content=\"https:\/\/www.facebook.com\/nordlineboats\" \/>\n<meta property=\"article:modified_time\" content=\"2026-04-14T11:05:42+00:00\" \/>\n<meta property=\"og:image\" content=\"https:\/\/nordlinepaadid.ee\/wp-content\/uploads\/2023\/03\/7384_4127.jpg\" \/>\n\t<meta property=\"og:image:width\" content=\"800\" \/>\n\t<meta property=\"og:image:height\" content=\"800\" \/>\n\t<meta property=\"og:image:type\" content=\"image\/jpeg\" \/>\n<meta name=\"twitter:card\" content=\"summary_large_image\" \/>\n<script type=\"application\/ld+json\" class=\"yoast-schema-graph\">{\"@context\":\"https:\\\/\\\/schema.org\",\"@graph\":[{\"@type\":\"WebPage\",\"@id\":\"https:\\\/\\\/nordlinepaadid.ee\\\/et\\\/pood\\\/ru-safety\\\/ru-liferafts-liferings\\\/paasteparv-4-le-inimesele-leisure-raft-kandekott\\\/\",\"url\":\"https:\\\/\\\/nordlinepaadid.ee\\\/et\\\/pood\\\/ru-safety\\\/ru-liferafts-liferings\\\/paasteparv-4-le-inimesele-leisure-raft-kandekott\\\/\",\"name\":\"P\u00c4\u00c4STEPARV 4-le INIMESELE, LEISURE-RAFT, KANDEKOTT - NORDLINE s\u00f5udepaadid ja mootorpaadid. Klaasfiiber materjalist.\",\"isPartOf\":{\"@id\":\"https:\\\/\\\/nordlinepaadid.ee\\\/et\\\/#website\"},\"primaryImageOfPage\":{\"@id\":\"https:\\\/\\\/nordlinepaadid.ee\\\/et\\\/pood\\\/ru-safety\\\/ru-liferafts-liferings\\\/paasteparv-4-le-inimesele-leisure-raft-kandekott\\\/#primaryimage\"},\"image\":{\"@id\":\"https:\\\/\\\/nordlinepaadid.ee\\\/et\\\/pood\\\/ru-safety\\\/ru-liferafts-liferings\\\/paasteparv-4-le-inimesele-leisure-raft-kandekott\\\/#primaryimage\"},\"thumbnailUrl\":\"https:\\\/\\\/nordlinepaadid.ee\\\/wp-content\\\/uploads\\\/2023\\\/03\\\/7384_4127.jpg\",\"datePublished\":\"2026-04-14T00:16:36+00:00\",\"dateModified\":\"2026-04-14T11:05:42+00:00\",\"breadcrumb\":{\"@id\":\"https:\\\/\\\/nordlinepaadid.ee\\\/et\\\/pood\\\/ru-safety\\\/ru-liferafts-liferings\\\/paasteparv-4-le-inimesele-leisure-raft-kandekott\\\/#breadcrumb\"},\"inLanguage\":\"et\",\"potentialAction\":[{\"@type\":\"ReadAction\",\"target\":[\"https:\\\/\\\/nordlinepaadid.ee\\\/et\\\/pood\\\/ru-safety\\\/ru-liferafts-liferings\\\/paasteparv-4-le-inimesele-leisure-raft-kandekott\\\/\"]}]},{\"@type\":\"ImageObject\",\"inLanguage\":\"et\",\"@id\":\"https:\\\/\\\/nordlinepaadid.ee\\\/et\\\/pood\\\/ru-safety\\\/ru-liferafts-liferings\\\/paasteparv-4-le-inimesele-leisure-raft-kandekott\\\/#primaryimage\",\"url\":\"https:\\\/\\\/nordlinepaadid.ee\\\/wp-content\\\/uploads\\\/2023\\\/03\\\/7384_4127.jpg\",\"contentUrl\":\"https:\\\/\\\/nordlinepaadid.ee\\\/wp-content\\\/uploads\\\/2023\\\/03\\\/7384_4127.jpg\",\"width\":800,\"height\":800},{\"@type\":\"BreadcrumbList\",\"@id\":\"https:\\\/\\\/nordlinepaadid.ee\\\/et\\\/pood\\\/ru-safety\\\/ru-liferafts-liferings\\\/paasteparv-4-le-inimesele-leisure-raft-kandekott\\\/#breadcrumb\",\"itemListElement\":[{\"@type\":\"ListItem\",\"position\":1,\"name\":\"Home\",\"item\":\"https:\\\/\\\/nordlinepaadid.ee\\\/et\\\/\"},{\"@type\":\"ListItem\",\"position\":2,\"name\":\"Pood\",\"item\":\"https:\\\/\\\/nordlinepaadid.ee\\\/et\\\/pood\\\/\"},{\"@type\":\"ListItem\",\"position\":3,\"name\":\"P\u00c4\u00c4STEPARV 4-le INIMESELE, LEISURE-RAFT, KANDEKOTT\"}]},{\"@type\":\"WebSite\",\"@id\":\"https:\\\/\\\/nordlinepaadid.ee\\\/et\\\/#website\",\"url\":\"https:\\\/\\\/nordlinepaadid.ee\\\/et\\\/\",\"name\":\"NORDLINE s\u00f5udepaadid ja mootorpaadid. Klaasfiiber materjalist.\",\"description\":\"\",\"publisher\":{\"@id\":\"https:\\\/\\\/nordlinepaadid.ee\\\/et\\\/#organization\"},\"potentialAction\":[{\"@type\":\"SearchAction\",\"target\":{\"@type\":\"EntryPoint\",\"urlTemplate\":\"https:\\\/\\\/nordlinepaadid.ee\\\/et\\\/?s={search_term_string}\"},\"query-input\":{\"@type\":\"PropertyValueSpecification\",\"valueRequired\":true,\"valueName\":\"search_term_string\"}}],\"inLanguage\":\"et\"},{\"@type\":\"Organization\",\"@id\":\"https:\\\/\\\/nordlinepaadid.ee\\\/et\\\/#organization\",\"name\":\"Nordlineboats\",\"url\":\"https:\\\/\\\/nordlinepaadid.ee\\\/et\\\/\",\"logo\":{\"@type\":\"ImageObject\",\"inLanguage\":\"et\",\"@id\":\"https:\\\/\\\/nordlinepaadid.ee\\\/et\\\/#\\\/schema\\\/logo\\\/image\\\/\",\"url\":\"https:\\\/\\\/nordlinepaadid.ee\\\/wp-content\\\/uploads\\\/2023\\\/01\\\/fulllogo_transparent_nobuffer-e1672750475494.png\",\"contentUrl\":\"https:\\\/\\\/nordlinepaadid.ee\\\/wp-content\\\/uploads\\\/2023\\\/01\\\/fulllogo_transparent_nobuffer-e1672750475494.png\",\"width\":150,\"height\":119,\"caption\":\"Nordlineboats\"},\"image\":{\"@id\":\"https:\\\/\\\/nordlinepaadid.ee\\\/et\\\/#\\\/schema\\\/logo\\\/image\\\/\"},\"sameAs\":[\"https:\\\/\\\/www.facebook.com\\\/nordlineboats\",\"https:\\\/\\\/www.youtube.com\\\/channel\\\/UCbgF0fy02y3QkFnujaLTaCA\"]}]}<\/script>\n<!-- \/ Yoast SEO plugin. -->","yoast_head_json":{"title":"P\u00c4\u00c4STEPARV 4-le INIMESELE, LEISURE-RAFT, KANDEKOTT - NORDLINE s\u00f5udepaadid ja mootorpaadid. Klaasfiiber materjalist.","robots":{"index":"index","follow":"follow","max-snippet":"max-snippet:-1","max-image-preview":"max-image-preview:large","max-video-preview":"max-video-preview:-1"},"canonical":"https:\/\/nordlinepaadid.ee\/et\/pood\/ru-safety\/ru-liferafts-liferings\/paasteparv-4-le-inimesele-leisure-raft-kandekott\/","og_locale":"et_EE","og_type":"article","og_title":"P\u00c4\u00c4STEPARV 4-le INIMESELE, LEISURE-RAFT, KANDEKOTT - NORDLINE s\u00f5udepaadid ja mootorpaadid. Klaasfiiber materjalist.","og_description":"Kvaliteetne Leisure-Raft p\u00e4\u00e4steparv neile, kes ei vaja t\u00e4isfunktsionaalset p\u00e4\u00e4steparve. See on v\u00e4ikseim, kergeim ja odavaim p\u00e4\u00e4steparv turul. Kerge kaaluga p\u00e4\u00e4steparve kompaktne suurus teeb selle hoiustamise v\u00e4iksemates ruumides lihtsamaks. Parvel on veega aktiveeruv tuli. M\u00f5eldud kasutamiseks 4-le inimesele ja pakitud kandekotti. Kandekoti m\u00f5\u00f5tmed: 410 x 330 x 150 mm. Parve m\u00f5\u00f5tmed: 2004 x 2004 x 1170...","og_url":"https:\/\/nordlinepaadid.ee\/et\/pood\/ru-safety\/ru-liferafts-liferings\/paasteparv-4-le-inimesele-leisure-raft-kandekott\/","og_site_name":"NORDLINE s\u00f5udepaadid ja mootorpaadid. Klaasfiiber materjalist.","article_publisher":"https:\/\/www.facebook.com\/nordlineboats","article_modified_time":"2026-04-14T11:05:42+00:00","og_image":[{"width":800,"height":800,"url":"https:\/\/nordlinepaadid.ee\/wp-content\/uploads\/2023\/03\/7384_4127.jpg","type":"image\/jpeg"}],"twitter_card":"summary_large_image","schema":{"@context":"https:\/\/schema.org","@graph":[{"@type":"WebPage","@id":"https:\/\/nordlinepaadid.ee\/et\/pood\/ru-safety\/ru-liferafts-liferings\/paasteparv-4-le-inimesele-leisure-raft-kandekott\/","url":"https:\/\/nordlinepaadid.ee\/et\/pood\/ru-safety\/ru-liferafts-liferings\/paasteparv-4-le-inimesele-leisure-raft-kandekott\/","name":"P\u00c4\u00c4STEPARV 4-le INIMESELE, LEISURE-RAFT, KANDEKOTT - NORDLINE s\u00f5udepaadid ja mootorpaadid. Klaasfiiber materjalist.","isPartOf":{"@id":"https:\/\/nordlinepaadid.ee\/et\/#website"},"primaryImageOfPage":{"@id":"https:\/\/nordlinepaadid.ee\/et\/pood\/ru-safety\/ru-liferafts-liferings\/paasteparv-4-le-inimesele-leisure-raft-kandekott\/#primaryimage"},"image":{"@id":"https:\/\/nordlinepaadid.ee\/et\/pood\/ru-safety\/ru-liferafts-liferings\/paasteparv-4-le-inimesele-leisure-raft-kandekott\/#primaryimage"},"thumbnailUrl":"https:\/\/nordlinepaadid.ee\/wp-content\/uploads\/2023\/03\/7384_4127.jpg","datePublished":"2026-04-14T00:16:36+00:00","dateModified":"2026-04-14T11:05:42+00:00","breadcrumb":{"@id":"https:\/\/nordlinepaadid.ee\/et\/pood\/ru-safety\/ru-liferafts-liferings\/paasteparv-4-le-inimesele-leisure-raft-kandekott\/#breadcrumb"},"inLanguage":"et","potentialAction":[{"@type":"ReadAction","target":["https:\/\/nordlinepaadid.ee\/et\/pood\/ru-safety\/ru-liferafts-liferings\/paasteparv-4-le-inimesele-leisure-raft-kandekott\/"]}]},{"@type":"ImageObject","inLanguage":"et","@id":"https:\/\/nordlinepaadid.ee\/et\/pood\/ru-safety\/ru-liferafts-liferings\/paasteparv-4-le-inimesele-leisure-raft-kandekott\/#primaryimage","url":"https:\/\/nordlinepaadid.ee\/wp-content\/uploads\/2023\/03\/7384_4127.jpg","contentUrl":"https:\/\/nordlinepaadid.ee\/wp-content\/uploads\/2023\/03\/7384_4127.jpg","width":800,"height":800},{"@type":"BreadcrumbList","@id":"https:\/\/nordlinepaadid.ee\/et\/pood\/ru-safety\/ru-liferafts-liferings\/paasteparv-4-le-inimesele-leisure-raft-kandekott\/#breadcrumb","itemListElement":[{"@type":"ListItem","position":1,"name":"Home","item":"https:\/\/nordlinepaadid.ee\/et\/"},{"@type":"ListItem","position":2,"name":"Pood","item":"https:\/\/nordlinepaadid.ee\/et\/pood\/"},{"@type":"ListItem","position":3,"name":"P\u00c4\u00c4STEPARV 4-le INIMESELE, LEISURE-RAFT, KANDEKOTT"}]},{"@type":"WebSite","@id":"https:\/\/nordlinepaadid.ee\/et\/#website","url":"https:\/\/nordlinepaadid.ee\/et\/","name":"NORDLINE s\u00f5udepaadid ja mootorpaadid. Klaasfiiber materjalist.","description":"","publisher":{"@id":"https:\/\/nordlinepaadid.ee\/et\/#organization"},"potentialAction":[{"@type":"SearchAction","target":{"@type":"EntryPoint","urlTemplate":"https:\/\/nordlinepaadid.ee\/et\/?s={search_term_string}"},"query-input":{"@type":"PropertyValueSpecification","valueRequired":true,"valueName":"search_term_string"}}],"inLanguage":"et"},{"@type":"Organization","@id":"https:\/\/nordlinepaadid.ee\/et\/#organization","name":"Nordlineboats","url":"https:\/\/nordlinepaadid.ee\/et\/","logo":{"@type":"ImageObject","inLanguage":"et","@id":"https:\/\/nordlinepaadid.ee\/et\/#\/schema\/logo\/image\/","url":"https:\/\/nordlinepaadid.ee\/wp-content\/uploads\/2023\/01\/fulllogo_transparent_nobuffer-e1672750475494.png","contentUrl":"https:\/\/nordlinepaadid.ee\/wp-content\/uploads\/2023\/01\/fulllogo_transparent_nobuffer-e1672750475494.png","width":150,"height":119,"caption":"Nordlineboats"},"image":{"@id":"https:\/\/nordlinepaadid.ee\/et\/#\/schema\/logo\/image\/"},"sameAs":["https:\/\/www.facebook.com\/nordlineboats","https:\/\/www.youtube.com\/channel\/UCbgF0fy02y3QkFnujaLTaCA"]}]}},"taxonomy_info":{"product_cat":[{"value":235,"label":"P\u00e4\u00e4steparved, P\u00e4\u00e4ster\u00f5ngad"},{"value":230,"label":"P\u00c4\u00c4STEVAHENDID"},{"value":784,"label":"\u0421\u043f\u0430\u0441\u0430\u0442\u0435\u043b\u044c\u043d\u044b\u0435 \u041f\u043b\u043e\u0442\u044b, \u041a\u0440\u0443\u0433\u0438"}],"pa_color":[{"value":1166,"label":"Kollane\/Oran\u017e"}],"pa_producer":[{"value":444,"label":"Lalizas"}],"pa_unit":[{"value":416,"label":"pcs"}]},"featured_image_src_large":["https:\/\/nordlinepaadid.ee\/wp-content\/uploads\/2023\/03\/7384_4127.jpg",800,800,false],"author_info":[],"comment_info":"","_links":{"self":[{"href":"https:\/\/nordlinepaadid.ee\/et\/wp-json\/wp\/v2\/product\/26208","targetHints":{"allow":["GET"]}}],"collection":[{"href":"https:\/\/nordlinepaadid.ee\/et\/wp-json\/wp\/v2\/product"}],"about":[{"href":"https:\/\/nordlinepaadid.ee\/et\/wp-json\/wp\/v2\/types\/product"}],"wp:featuredmedia":[{"embeddable":true,"href":"https:\/\/nordlinepaadid.ee\/et\/wp-json\/wp\/v2\/media\/26204"}],"wp:attachment":[{"href":"https:\/\/nordlinepaadid.ee\/et\/wp-json\/wp\/v2\/media?parent=26208"}],"wp:term":[{"taxonomy":"product_brand","embeddable":true,"href":"https:\/\/nordlinepaadid.ee\/et\/wp-json\/wp\/v2\/product_brand?post=26208"},{"taxonomy":"product_cat","embeddable":true,"href":"https:\/\/nordlinepaadid.ee\/et\/wp-json\/wp\/v2\/product_cat?post=26208"},{"taxonomy":"product_tag","embeddable":true,"href":"https:\/\/nordlinepaadid.ee\/et\/wp-json\/wp\/v2\/product_tag?post=26208"}],"curies":[{"name":"wp","href":"https:\/\/api.w.org\/{rel}","templated":true}]}}