{"id":26264,"date":"2026-04-07T03:18:32","date_gmt":"2026-04-07T00:18:32","guid":{"rendered":"https:\/\/nordlinepaadid.ee\/pood\/primer-teamac-high-perfomance-marine-undercoat-primer-grey-1-l\/"},"modified":"2026-04-08T06:01:23","modified_gmt":"2026-04-08T03:01:23","slug":"kruntvarv-teamac-high-perfomance-marine-undercoat-primer-hall-1-l","status":"publish","type":"product","link":"https:\/\/nordlinepaadid.ee\/et\/pood\/paadi-ja-jahivarvid\/primers\/kruntvarv-teamac-high-perfomance-marine-undercoat-primer-hall-1-l\/","title":{"rendered":"KRUNTV\u00c4RV- TEAMAC HIGH PERFOMANCE MARINE UNDERCOAT PRIMER, HALL, 1 l"},"content":{"rendered":"<p>Teamac k\u00f5rgekvaliteediline kahekomponentne epoksiidkrunt, mis pikendab teie paadi eluiga. Sobib jahtidele-, mootorpaatidele- ja puitpaatidele. Samuti sobilik ka erinevatele merekonstruktsioonidele. Sobib alusmaterjalidele nagu puit, GRP, teras ja alumiinium. High Performance Marine Primer kruntv\u00e4rvi saab katta nii Teamac kahekomponentsete viimistlusv\u00e4rvidega nagu Teamac Marine High Performance Gloss, kui ka erinevate Teamac m\u00fcrkv\u00e4rvide ning lakkide aluskihina. kattuvus: 12 m2\/l.<\/p>\n<p>&#13;<\/p>\n<p><iframe loading=\"lazy\" allowfullscreen=\"\" frameborder=\"0\" height=\"360\" src=\"\/\/www.youtube.com\/embed\/r9AVaettsT8\" width=\"640\"><\/iframe><\/p>\n<p>&#13;<\/p>\n","protected":false},"excerpt":{"rendered":"<p>Teamac k\u00f5rgekvaliteediline kahekomponentne epoksiidkrunt, mis pikendab teie paadi eluiga. Sobib jahtidele-, mootorpaatidele- ja puitpaatidele. Samuti sobilik ka erinevatele merekonstruktsioonidele. Sobib alusmaterjalidele nagu puit, GRP, teras ja alumiinium. High Performance Marine Primer kruntv\u00e4rvi saab katta nii Teamac kahekomponentsete viimistlusv\u00e4rvidega nagu Teamac Marine High Performance Gloss, kui ka erinevate Teamac m\u00fcrkv\u00e4rvide ning lakkide aluskihina. kattuvus: 12 m2\/l&#8230;.<\/p>\n","protected":false},"featured_media":26265,"template":"","meta":{"_kad_blocks_custom_css":"","_kad_blocks_head_custom_js":"","_kad_blocks_body_custom_js":"","_kad_blocks_footer_custom_js":"","_kad_post_transparent":"","_kad_post_title":"","_kad_post_layout":"","_kad_post_sidebar_id":"","_kad_post_content_style":"","_kad_post_vertical_padding":"","_kad_post_feature":"","_kad_post_feature_position":"","_kad_post_header":false,"_kad_post_footer":false,"_kad_post_classname":""},"product_brand":[],"product_cat":[233,229],"product_tag":[],"class_list":{"0":"post-26264","1":"product","2":"type-product","3":"status-publish","4":"has-post-thumbnail","6":"product_cat-primers","7":"product_cat-paadi-ja-jahivarvid","8":"product_shipping_class-pakiautomaati-mahtuv-kaup","9":"pa_color-hall","10":"pa_producer-teal-mackrill-ltd","11":"pa_unit-l","12":"tm-no-options","14":"first","15":"instock","16":"taxable","17":"shipping-taxable","18":"purchasable","19":"product-type-simple","20":"entry","21":"content-bg","22":"loop-entry"},"yoast_head":"<!-- This site is optimized with the Yoast SEO plugin v27.3 - https:\/\/yoast.com\/product\/yoast-seo-wordpress\/ -->\n<title>KRUNTV\u00c4RV- TEAMAC HIGH PERFOMANCE MARINE UNDERCOAT PRIMER, HALL, 1 l - NORDLINE s\u00f5udepaadid ja mootorpaadid. Klaasfiiber materjalist.<\/title>\n<meta name=\"robots\" content=\"index, follow, max-snippet:-1, max-image-preview:large, max-video-preview:-1\" \/>\n<link rel=\"canonical\" href=\"https:\/\/nordlinepaadid.ee\/et\/pood\/paadi-ja-jahivarvid\/primers\/kruntvarv-teamac-high-perfomance-marine-undercoat-primer-hall-1-l\/\" \/>\n<meta property=\"og:locale\" content=\"et_EE\" \/>\n<meta property=\"og:type\" content=\"article\" \/>\n<meta property=\"og:title\" content=\"KRUNTV\u00c4RV- TEAMAC HIGH PERFOMANCE MARINE UNDERCOAT PRIMER, HALL, 1 l - NORDLINE s\u00f5udepaadid ja mootorpaadid. Klaasfiiber materjalist.\" \/>\n<meta property=\"og:description\" content=\"Teamac k\u00f5rgekvaliteediline kahekomponentne epoksiidkrunt, mis pikendab teie paadi eluiga. Sobib jahtidele-, mootorpaatidele- ja puitpaatidele. Samuti sobilik ka erinevatele merekonstruktsioonidele. Sobib alusmaterjalidele nagu puit, GRP, teras ja alumiinium. High Performance Marine Primer kruntv\u00e4rvi saab katta nii Teamac kahekomponentsete viimistlusv\u00e4rvidega nagu Teamac Marine High Performance Gloss, kui ka erinevate Teamac m\u00fcrkv\u00e4rvide ning lakkide aluskihina. kattuvus: 12 m2\/l....\" \/>\n<meta property=\"og:url\" content=\"https:\/\/nordlinepaadid.ee\/et\/pood\/paadi-ja-jahivarvid\/primers\/kruntvarv-teamac-high-perfomance-marine-undercoat-primer-hall-1-l\/\" \/>\n<meta property=\"og:site_name\" content=\"NORDLINE s\u00f5udepaadid ja mootorpaadid. Klaasfiiber materjalist.\" \/>\n<meta property=\"article:publisher\" content=\"https:\/\/www.facebook.com\/nordlineboats\" \/>\n<meta property=\"article:modified_time\" content=\"2026-04-08T03:01:23+00:00\" \/>\n<meta property=\"og:image\" content=\"https:\/\/nordlinepaadid.ee\/wp-content\/uploads\/2023\/03\/7411_HIGH_PER_MARINE_PRIMER_GROUP_SM.jpg\" \/>\n\t<meta property=\"og:image:width\" content=\"2070\" \/>\n\t<meta property=\"og:image:height\" content=\"1932\" \/>\n\t<meta property=\"og:image:type\" content=\"image\/jpeg\" \/>\n<meta name=\"twitter:card\" content=\"summary_large_image\" \/>\n<script type=\"application\/ld+json\" class=\"yoast-schema-graph\">{\"@context\":\"https:\\\/\\\/schema.org\",\"@graph\":[{\"@type\":\"WebPage\",\"@id\":\"https:\\\/\\\/nordlinepaadid.ee\\\/et\\\/pood\\\/paadi-ja-jahivarvid\\\/primers\\\/kruntvarv-teamac-high-perfomance-marine-undercoat-primer-hall-1-l\\\/\",\"url\":\"https:\\\/\\\/nordlinepaadid.ee\\\/et\\\/pood\\\/paadi-ja-jahivarvid\\\/primers\\\/kruntvarv-teamac-high-perfomance-marine-undercoat-primer-hall-1-l\\\/\",\"name\":\"KRUNTV\u00c4RV- TEAMAC HIGH PERFOMANCE MARINE UNDERCOAT PRIMER, HALL, 1 l - NORDLINE s\u00f5udepaadid ja mootorpaadid. Klaasfiiber materjalist.\",\"isPartOf\":{\"@id\":\"https:\\\/\\\/nordlinepaadid.ee\\\/et\\\/#website\"},\"primaryImageOfPage\":{\"@id\":\"https:\\\/\\\/nordlinepaadid.ee\\\/et\\\/pood\\\/paadi-ja-jahivarvid\\\/primers\\\/kruntvarv-teamac-high-perfomance-marine-undercoat-primer-hall-1-l\\\/#primaryimage\"},\"image\":{\"@id\":\"https:\\\/\\\/nordlinepaadid.ee\\\/et\\\/pood\\\/paadi-ja-jahivarvid\\\/primers\\\/kruntvarv-teamac-high-perfomance-marine-undercoat-primer-hall-1-l\\\/#primaryimage\"},\"thumbnailUrl\":\"https:\\\/\\\/nordlinepaadid.ee\\\/wp-content\\\/uploads\\\/2023\\\/03\\\/7411_HIGH_PER_MARINE_PRIMER_GROUP_SM.jpg\",\"datePublished\":\"2026-04-07T00:18:32+00:00\",\"dateModified\":\"2026-04-08T03:01:23+00:00\",\"breadcrumb\":{\"@id\":\"https:\\\/\\\/nordlinepaadid.ee\\\/et\\\/pood\\\/paadi-ja-jahivarvid\\\/primers\\\/kruntvarv-teamac-high-perfomance-marine-undercoat-primer-hall-1-l\\\/#breadcrumb\"},\"inLanguage\":\"et\",\"potentialAction\":[{\"@type\":\"ReadAction\",\"target\":[\"https:\\\/\\\/nordlinepaadid.ee\\\/et\\\/pood\\\/paadi-ja-jahivarvid\\\/primers\\\/kruntvarv-teamac-high-perfomance-marine-undercoat-primer-hall-1-l\\\/\"]}]},{\"@type\":\"ImageObject\",\"inLanguage\":\"et\",\"@id\":\"https:\\\/\\\/nordlinepaadid.ee\\\/et\\\/pood\\\/paadi-ja-jahivarvid\\\/primers\\\/kruntvarv-teamac-high-perfomance-marine-undercoat-primer-hall-1-l\\\/#primaryimage\",\"url\":\"https:\\\/\\\/nordlinepaadid.ee\\\/wp-content\\\/uploads\\\/2023\\\/03\\\/7411_HIGH_PER_MARINE_PRIMER_GROUP_SM.jpg\",\"contentUrl\":\"https:\\\/\\\/nordlinepaadid.ee\\\/wp-content\\\/uploads\\\/2023\\\/03\\\/7411_HIGH_PER_MARINE_PRIMER_GROUP_SM.jpg\",\"width\":2070,\"height\":1932},{\"@type\":\"BreadcrumbList\",\"@id\":\"https:\\\/\\\/nordlinepaadid.ee\\\/et\\\/pood\\\/paadi-ja-jahivarvid\\\/primers\\\/kruntvarv-teamac-high-perfomance-marine-undercoat-primer-hall-1-l\\\/#breadcrumb\",\"itemListElement\":[{\"@type\":\"ListItem\",\"position\":1,\"name\":\"Home\",\"item\":\"https:\\\/\\\/nordlinepaadid.ee\\\/et\\\/\"},{\"@type\":\"ListItem\",\"position\":2,\"name\":\"Pood\",\"item\":\"https:\\\/\\\/nordlinepaadid.ee\\\/et\\\/pood\\\/\"},{\"@type\":\"ListItem\",\"position\":3,\"name\":\"KRUNTV\u00c4RV- TEAMAC HIGH PERFOMANCE MARINE UNDERCOAT PRIMER, HALL, 1 l\"}]},{\"@type\":\"WebSite\",\"@id\":\"https:\\\/\\\/nordlinepaadid.ee\\\/et\\\/#website\",\"url\":\"https:\\\/\\\/nordlinepaadid.ee\\\/et\\\/\",\"name\":\"NORDLINE s\u00f5udepaadid ja mootorpaadid. Klaasfiiber materjalist.\",\"description\":\"\",\"publisher\":{\"@id\":\"https:\\\/\\\/nordlinepaadid.ee\\\/et\\\/#organization\"},\"potentialAction\":[{\"@type\":\"SearchAction\",\"target\":{\"@type\":\"EntryPoint\",\"urlTemplate\":\"https:\\\/\\\/nordlinepaadid.ee\\\/et\\\/?s={search_term_string}\"},\"query-input\":{\"@type\":\"PropertyValueSpecification\",\"valueRequired\":true,\"valueName\":\"search_term_string\"}}],\"inLanguage\":\"et\"},{\"@type\":\"Organization\",\"@id\":\"https:\\\/\\\/nordlinepaadid.ee\\\/et\\\/#organization\",\"name\":\"Nordlineboats\",\"url\":\"https:\\\/\\\/nordlinepaadid.ee\\\/et\\\/\",\"logo\":{\"@type\":\"ImageObject\",\"inLanguage\":\"et\",\"@id\":\"https:\\\/\\\/nordlinepaadid.ee\\\/et\\\/#\\\/schema\\\/logo\\\/image\\\/\",\"url\":\"https:\\\/\\\/nordlinepaadid.ee\\\/wp-content\\\/uploads\\\/2023\\\/01\\\/fulllogo_transparent_nobuffer-e1672750475494.png\",\"contentUrl\":\"https:\\\/\\\/nordlinepaadid.ee\\\/wp-content\\\/uploads\\\/2023\\\/01\\\/fulllogo_transparent_nobuffer-e1672750475494.png\",\"width\":150,\"height\":119,\"caption\":\"Nordlineboats\"},\"image\":{\"@id\":\"https:\\\/\\\/nordlinepaadid.ee\\\/et\\\/#\\\/schema\\\/logo\\\/image\\\/\"},\"sameAs\":[\"https:\\\/\\\/www.facebook.com\\\/nordlineboats\",\"https:\\\/\\\/www.youtube.com\\\/channel\\\/UCbgF0fy02y3QkFnujaLTaCA\"]}]}<\/script>\n<!-- \/ Yoast SEO plugin. -->","yoast_head_json":{"title":"KRUNTV\u00c4RV- TEAMAC HIGH PERFOMANCE MARINE UNDERCOAT PRIMER, HALL, 1 l - NORDLINE s\u00f5udepaadid ja mootorpaadid. Klaasfiiber materjalist.","robots":{"index":"index","follow":"follow","max-snippet":"max-snippet:-1","max-image-preview":"max-image-preview:large","max-video-preview":"max-video-preview:-1"},"canonical":"https:\/\/nordlinepaadid.ee\/et\/pood\/paadi-ja-jahivarvid\/primers\/kruntvarv-teamac-high-perfomance-marine-undercoat-primer-hall-1-l\/","og_locale":"et_EE","og_type":"article","og_title":"KRUNTV\u00c4RV- TEAMAC HIGH PERFOMANCE MARINE UNDERCOAT PRIMER, HALL, 1 l - NORDLINE s\u00f5udepaadid ja mootorpaadid. Klaasfiiber materjalist.","og_description":"Teamac k\u00f5rgekvaliteediline kahekomponentne epoksiidkrunt, mis pikendab teie paadi eluiga. Sobib jahtidele-, mootorpaatidele- ja puitpaatidele. Samuti sobilik ka erinevatele merekonstruktsioonidele. Sobib alusmaterjalidele nagu puit, GRP, teras ja alumiinium. High Performance Marine Primer kruntv\u00e4rvi saab katta nii Teamac kahekomponentsete viimistlusv\u00e4rvidega nagu Teamac Marine High Performance Gloss, kui ka erinevate Teamac m\u00fcrkv\u00e4rvide ning lakkide aluskihina. kattuvus: 12 m2\/l....","og_url":"https:\/\/nordlinepaadid.ee\/et\/pood\/paadi-ja-jahivarvid\/primers\/kruntvarv-teamac-high-perfomance-marine-undercoat-primer-hall-1-l\/","og_site_name":"NORDLINE s\u00f5udepaadid ja mootorpaadid. Klaasfiiber materjalist.","article_publisher":"https:\/\/www.facebook.com\/nordlineboats","article_modified_time":"2026-04-08T03:01:23+00:00","og_image":[{"width":2070,"height":1932,"url":"https:\/\/nordlinepaadid.ee\/wp-content\/uploads\/2023\/03\/7411_HIGH_PER_MARINE_PRIMER_GROUP_SM.jpg","type":"image\/jpeg"}],"twitter_card":"summary_large_image","schema":{"@context":"https:\/\/schema.org","@graph":[{"@type":"WebPage","@id":"https:\/\/nordlinepaadid.ee\/et\/pood\/paadi-ja-jahivarvid\/primers\/kruntvarv-teamac-high-perfomance-marine-undercoat-primer-hall-1-l\/","url":"https:\/\/nordlinepaadid.ee\/et\/pood\/paadi-ja-jahivarvid\/primers\/kruntvarv-teamac-high-perfomance-marine-undercoat-primer-hall-1-l\/","name":"KRUNTV\u00c4RV- TEAMAC HIGH PERFOMANCE MARINE UNDERCOAT PRIMER, HALL, 1 l - NORDLINE s\u00f5udepaadid ja mootorpaadid. Klaasfiiber materjalist.","isPartOf":{"@id":"https:\/\/nordlinepaadid.ee\/et\/#website"},"primaryImageOfPage":{"@id":"https:\/\/nordlinepaadid.ee\/et\/pood\/paadi-ja-jahivarvid\/primers\/kruntvarv-teamac-high-perfomance-marine-undercoat-primer-hall-1-l\/#primaryimage"},"image":{"@id":"https:\/\/nordlinepaadid.ee\/et\/pood\/paadi-ja-jahivarvid\/primers\/kruntvarv-teamac-high-perfomance-marine-undercoat-primer-hall-1-l\/#primaryimage"},"thumbnailUrl":"https:\/\/nordlinepaadid.ee\/wp-content\/uploads\/2023\/03\/7411_HIGH_PER_MARINE_PRIMER_GROUP_SM.jpg","datePublished":"2026-04-07T00:18:32+00:00","dateModified":"2026-04-08T03:01:23+00:00","breadcrumb":{"@id":"https:\/\/nordlinepaadid.ee\/et\/pood\/paadi-ja-jahivarvid\/primers\/kruntvarv-teamac-high-perfomance-marine-undercoat-primer-hall-1-l\/#breadcrumb"},"inLanguage":"et","potentialAction":[{"@type":"ReadAction","target":["https:\/\/nordlinepaadid.ee\/et\/pood\/paadi-ja-jahivarvid\/primers\/kruntvarv-teamac-high-perfomance-marine-undercoat-primer-hall-1-l\/"]}]},{"@type":"ImageObject","inLanguage":"et","@id":"https:\/\/nordlinepaadid.ee\/et\/pood\/paadi-ja-jahivarvid\/primers\/kruntvarv-teamac-high-perfomance-marine-undercoat-primer-hall-1-l\/#primaryimage","url":"https:\/\/nordlinepaadid.ee\/wp-content\/uploads\/2023\/03\/7411_HIGH_PER_MARINE_PRIMER_GROUP_SM.jpg","contentUrl":"https:\/\/nordlinepaadid.ee\/wp-content\/uploads\/2023\/03\/7411_HIGH_PER_MARINE_PRIMER_GROUP_SM.jpg","width":2070,"height":1932},{"@type":"BreadcrumbList","@id":"https:\/\/nordlinepaadid.ee\/et\/pood\/paadi-ja-jahivarvid\/primers\/kruntvarv-teamac-high-perfomance-marine-undercoat-primer-hall-1-l\/#breadcrumb","itemListElement":[{"@type":"ListItem","position":1,"name":"Home","item":"https:\/\/nordlinepaadid.ee\/et\/"},{"@type":"ListItem","position":2,"name":"Pood","item":"https:\/\/nordlinepaadid.ee\/et\/pood\/"},{"@type":"ListItem","position":3,"name":"KRUNTV\u00c4RV- TEAMAC HIGH PERFOMANCE MARINE UNDERCOAT PRIMER, HALL, 1 l"}]},{"@type":"WebSite","@id":"https:\/\/nordlinepaadid.ee\/et\/#website","url":"https:\/\/nordlinepaadid.ee\/et\/","name":"NORDLINE s\u00f5udepaadid ja mootorpaadid. Klaasfiiber materjalist.","description":"","publisher":{"@id":"https:\/\/nordlinepaadid.ee\/et\/#organization"},"potentialAction":[{"@type":"SearchAction","target":{"@type":"EntryPoint","urlTemplate":"https:\/\/nordlinepaadid.ee\/et\/?s={search_term_string}"},"query-input":{"@type":"PropertyValueSpecification","valueRequired":true,"valueName":"search_term_string"}}],"inLanguage":"et"},{"@type":"Organization","@id":"https:\/\/nordlinepaadid.ee\/et\/#organization","name":"Nordlineboats","url":"https:\/\/nordlinepaadid.ee\/et\/","logo":{"@type":"ImageObject","inLanguage":"et","@id":"https:\/\/nordlinepaadid.ee\/et\/#\/schema\/logo\/image\/","url":"https:\/\/nordlinepaadid.ee\/wp-content\/uploads\/2023\/01\/fulllogo_transparent_nobuffer-e1672750475494.png","contentUrl":"https:\/\/nordlinepaadid.ee\/wp-content\/uploads\/2023\/01\/fulllogo_transparent_nobuffer-e1672750475494.png","width":150,"height":119,"caption":"Nordlineboats"},"image":{"@id":"https:\/\/nordlinepaadid.ee\/et\/#\/schema\/logo\/image\/"},"sameAs":["https:\/\/www.facebook.com\/nordlineboats","https:\/\/www.youtube.com\/channel\/UCbgF0fy02y3QkFnujaLTaCA"]}]}},"taxonomy_info":{"product_cat":[{"value":233,"label":"Kruntv\u00e4rvid"},{"value":229,"label":"PAADI- JA JAHIV\u00c4RVID"}],"pa_color":[{"value":675,"label":"Hall"}],"pa_producer":[{"value":478,"label":"Teal &amp; Mackrill Ltd."}],"pa_unit":[{"value":468,"label":"l"}]},"featured_image_src_large":["https:\/\/nordlinepaadid.ee\/wp-content\/uploads\/2023\/03\/7411_HIGH_PER_MARINE_PRIMER_GROUP_SM-1024x956.jpg",1024,956,true],"author_info":[],"comment_info":"","_links":{"self":[{"href":"https:\/\/nordlinepaadid.ee\/et\/wp-json\/wp\/v2\/product\/26264","targetHints":{"allow":["GET"]}}],"collection":[{"href":"https:\/\/nordlinepaadid.ee\/et\/wp-json\/wp\/v2\/product"}],"about":[{"href":"https:\/\/nordlinepaadid.ee\/et\/wp-json\/wp\/v2\/types\/product"}],"wp:featuredmedia":[{"embeddable":true,"href":"https:\/\/nordlinepaadid.ee\/et\/wp-json\/wp\/v2\/media\/26265"}],"wp:attachment":[{"href":"https:\/\/nordlinepaadid.ee\/et\/wp-json\/wp\/v2\/media?parent=26264"}],"wp:term":[{"taxonomy":"product_brand","embeddable":true,"href":"https:\/\/nordlinepaadid.ee\/et\/wp-json\/wp\/v2\/product_brand?post=26264"},{"taxonomy":"product_cat","embeddable":true,"href":"https:\/\/nordlinepaadid.ee\/et\/wp-json\/wp\/v2\/product_cat?post=26264"},{"taxonomy":"product_tag","embeddable":true,"href":"https:\/\/nordlinepaadid.ee\/et\/wp-json\/wp\/v2\/product_tag?post=26264"}],"curies":[{"name":"wp","href":"https:\/\/api.w.org\/{rel}","templated":true}]}}